{"id":1592,"date":"2023-01-27T23:24:17","date_gmt":"2023-01-28T05:24:17","guid":{"rendered":"https:\/\/omnesbands.international\/?page_id=1592"},"modified":"2023-01-28T11:44:49","modified_gmt":"2023-01-28T17:44:49","slug":"damian-molina-beneyto-2","status":"publish","type":"page","link":"https:\/\/www.omnesbands.international\/de\/damian-molina-beneyto-2\/","title":{"rendered":"Damian Molina Beneyto"},"content":{"rendered":"<div class=\"wp-block-uagb-container uagb-block-ecdb5dfc alignfull uagb-is-root-container\"><div class=\"uagb-container-inner-blocks-wrap\">\n<div class=\"wp-block-uagb-advanced-heading uagb-block-99e8c84e\"><h1 class=\"uagb-heading-text\">Damian Molina Beneyto<\/h1><\/div>\n<\/div><\/div>\n\n\n\n<div class=\"wp-block-uagb-container uagb-block-fc663b89 alignfull uagb-is-root-container\"><div class=\"uagb-container-inner-blocks-wrap\">\n<div class=\"wp-block-uagb-container uagb-block-9938d031 alignfull uagb-is-root-container\"><div class=\"uagb-container-inner-blocks-wrap\">\n<p>Dami\u00e1n Molina Beneyto wurde am 19. September 1970 als Sohn von Agust\u00ed Molina Molina (von Beruf Mechaniker) und Amparo Beneyto Gisbert (in jungen Jahren Weberin und eine gro\u00dfartige Mutter und Hausfrau) geboren.<\/p>\n<p>Ohne jegliche musikalische Tradition zu Hause fragte er seine Eltern im Alter von 7 Jahren, dass er Musik studieren wolle, was die Eltern \u00fcberraschte, aber sie z\u00f6gerten zu keinem Zeitpunkt, die Illusion ihres Sohnes zu unterst\u00fctzen, der bald den richtigen Weg einschlug die Hand von Antonio Calatayud Va\u00f1\u00f3, sowohl in der Musiktheorie als auch in der Klarinette<\/p>\n<p>Bereits im Alter von neun Jahren nahm er an den Proben der Uni\u00f3n Musical de Boca-rent teil, der er seit Februar 1980 offiziell angeh\u00f6rt, und gab am 31. M\u00e4rz 1980 sein erstes Konzert mit der Klarinette.<\/p>\n<p>Im September 1980 begann er sein Studium am Musikkonservatorium \u201eJos\u00e9 Melchor Gomis\u201c in Ontinyent und baute seine Ausbildung an den Konservatorien \u201eMestre Vert\u201c in Carcaixent, \u201eJ. Rodrigo\u201c aus Valencia, \u201eTeresa Bayona\u201c aus Saragossa und \u201eOscar Espl\u00e1\u201c aus Alicante.<\/p>\n<p>Im Sommer 1986 begann er seine Ausbildung zum Dirigenten und besuchte den Internationalen Chordirigentenkurs in Lleida, eine Erfahrung, die er bis 1991 wiederholte.<\/p>\n<p>Im September 1986 \u00fcbernahm er die Leitung des Gemeindekerns von Bocairent, eine Facette, die er mehr als ein Jahrzehnt lang weiterentwickeln sollte, und erreichte ein hohes Interpretationsniveau, das in Bocairent und den umliegenden St\u00e4dten anerkannt war.<\/p>\n<p>Gleichzeitig erlangte er an der Polytechnischen Universit\u00e4t Valencia den Titel eines Industrie- und Technikingenieurs in der Fachrichtung Elektrotechnik, wo er auch andere Kurse im Zusammenhang mit elektrischen Schaltanlagen belegte.<\/p>\n<p>1993 begann er eine Ausbildung zum Banddirigenten und besuchte Kurse und Seminare, in denen er sein Studium der P\u00e4dagogik, Klarinette, Orchesterleitung und Komposition fortsetzte. Seine Lehrer waren von hohem nationalen und internationalen Ansehen: Laszlo Heltay, Alain Langree, Stanislav Krousovsky, Ana Luc\u00eda Roza, Maravillas D\u00edaz, Jan Cober, Jos\u00e9 Rafael Pascual, Jos\u00e9 Vte. Herrera, Emilio Molina, Eugen Corporon usw. Sie waren unter anderem diejenigen, die seine Ausbildung seit mehr als zwei Jahrzehnten intellektuell und als eine f\u00fcr alle offene Person erg\u00e4nzten, die bereit war, an neuen Projekten, Studien und musikalischen Experimenten aller Art zu arbeiten und mitzuwirken.<\/p>\n<p>BIS HEUTE DURCHGEF\u00dcHRTE UND ENTWICKELTE AKTIVIT\u00c4TEN:<\/p>\n<p>Lehrer:<\/p>\n<p>Von 1986 bis 1989 war er Klarinettenlehrer an der Akademie der Uni\u00f3n Musical Association in Boca-rent<br \/>Musiktheorielehrer am Ontinyent-Konservatorium, Erweiterung in Bocairent, w\u00e4hrend der Kurse 1989-1990 und 1990-1991<br \/>Professor f\u00fcr Klarinette und Musiksprache an der regionalen Musikschule Valle de Albaida vom Studienjahr 1991-1992 bis <br \/>l 2001-2002, mit Ausnahme des Studienjahres 1995-1996, f\u00fcr die Ableistung des Milit\u00e4rdienstes.<br \/>ESO-Lehrer mit Spezialisierung auf Musik am CC La Milagrosa de Ontinyent in den Kursen 1996-97 und 1997-98.<\/p>\n<p>Als Komponist hat er verschiedene Preise bei Kompositionswettbewerben gewonnen: Hervorzuheben sind drei erste Preise, einer in Benidorm im Jahr 1999 und ein weiterer in Muro de Alcoi im Jahr 2009 mit dem Werk f\u00fcr das Symphonieorchester \u201eDodecaedro Sonoro\u201c und ein weiterer k\u00fcrzlich (2011), einberufen von der \u201eCESM\u201c (Spanische Konf\u00f6deration der Musikvereine), mit dem symphonischen Werk \u201eONIROS\u201c.<\/p>\n<p>Er war Chefdirigent des polyphonen Chors \u201eCiutat d&#039;Alcira\u201c, der \u201eAssociaci\u00f3 Musical El Verger\u201c und der \u201eGrup Tardor\u201c (Gruppe von Stimmen sowie Puls- und Pua-Instrumenten). Seit 2000 ist er Chefdirigent der \u201eUni\u00f3n Musical Xeraco\u201c und seit 2012 der \u201eSocietat Instructiva Uni\u00f3 Musical de Xeresa\u201c.<\/p>\n<p>Im Bereich Musikunterricht war er als Musiktheorie- und Trompetenlehrer an der Musikschule Xeraco, als Musiktheorielehrer an der Musikschule Alf\u00e1s del Pi und als Harmonie-, Kontrapunkt- und Analyselehrer am professionellen Konservatorium \u201eDistricte Mar\u00edtim\u201c t\u00e4tig das Grau de Gandia und die h\u00f6heren Musikkonservatorien von Valencia, Castell\u00f3n und Alicante. Derzeit und seit 2006 ist er Oppositionsprofessor am st\u00e4dtischen Berufskonservatorium \u201eJos\u00e9 P\u00e9rez Barcel\u00f3\u201c in Benidorm.<\/p>\n\n\n<div class=\"woocommerce columns-4\"><ul class=\"products columns-4\">\n<li class=\"desktop-align-left tablet-align-left mobile-align-left ast-product-gallery-layout-horizontal-slider product type-product post-1041 status-publish first instock product_cat-musica-de-calle product_tag-damian-molina-beneyto has-post-thumbnail downloadable virtual taxable purchasable product-type-simple\">\n\t<a href=\"https:\/\/www.omnesbands.international\/de\/produkt\/almogaver-consteta\/\" class=\"woocommerce-LoopProduct-link woocommerce-loop-product__link\"><img loading=\"lazy\" decoding=\"async\" width=\"300\" height=\"300\" src=\"https:\/\/www.omnesbands.international\/wp-content\/uploads\/2023\/01\/Almogavar-300x300.jpg\" class=\"attachment-woocommerce_thumbnail size-woocommerce_thumbnail\" alt=\"Almog\u00e1var Consteta\" srcset=\"https:\/\/www.omnesbands.international\/wp-content\/uploads\/2023\/01\/Almogavar-300x300.jpg 300w, https:\/\/www.omnesbands.international\/wp-content\/uploads\/2023\/01\/Almogavar-150x150.jpg 150w, https:\/\/www.omnesbands.international\/wp-content\/uploads\/2023\/01\/Almogavar-100x100.jpg 100w\" sizes=\"auto, (max-width: 300px) 100vw, 300px\" \/><h2 class=\"woocommerce-loop-product__title\">Almog\u00e1var Consteta<\/h2>\n\t<span class=\"price\"><span class=\"woocommerce-Price-amount amount\"><bdi><span class=\"woocommerce-Price-currencySymbol\">&#36;<\/span>25.00<\/bdi><\/span><\/span>\n<\/a><a href=\"\/de\/wp-json\/wp\/v2\/pages\/1592?add-to-cart=1041\" aria-describedby=\"woocommerce_loop_add_to_cart_link_describedby_1041\" data-quantity=\"1\" class=\"button product_type_simple add_to_cart_button ajax_add_to_cart\" data-product_id=\"1041\" data-product_sku=\"ALMO-CAL-ESP-22\" aria-label=\"Zum Warenkorb hinzuf\u00fcgen: \u201eAlmog\u00e1var Consteta\u201c\" rel=\"nofollow\" data-success_message=\"\u201eAlmog\u00e1var Consteta\u201c wurde deinem Warenkorb hinzugef\u00fcgt\" role=\"button\" data-no-translation=\"\" data-trp-gettext=\"\" data-no-translation-aria-label=\"\" data-no-translation-data-success_message=\"\">In den Warenkorb<\/a>\t<span id=\"woocommerce_loop_add_to_cart_link_describedby_1041\" class=\"screen-reader-text\">\n\t\t\t<\/span>\n<\/li>\n<li class=\"desktop-align-left tablet-align-left mobile-align-left ast-product-gallery-layout-horizontal-slider product type-product post-1194 status-publish instock product_cat-musica-de-calle product_tag-damian-molina-beneyto has-post-thumbnail downloadable virtual taxable purchasable product-type-simple\">\n\t<a href=\"https:\/\/www.omnesbands.international\/de\/produkt\/ignacio-capita-zuau\/\" class=\"woocommerce-LoopProduct-link woocommerce-loop-product__link\"><img loading=\"lazy\" decoding=\"async\" width=\"300\" height=\"300\" src=\"https:\/\/www.omnesbands.international\/wp-content\/uploads\/2023\/01\/Ignacio-Capita-Zuau-1-300x300.jpg\" class=\"attachment-woocommerce_thumbnail size-woocommerce_thumbnail\" alt=\"Ignacio Capit\u00e1 Zuau\" srcset=\"https:\/\/www.omnesbands.international\/wp-content\/uploads\/2023\/01\/Ignacio-Capita-Zuau-1-300x300.jpg 300w, https:\/\/www.omnesbands.international\/wp-content\/uploads\/2023\/01\/Ignacio-Capita-Zuau-1-150x150.jpg 150w, https:\/\/www.omnesbands.international\/wp-content\/uploads\/2023\/01\/Ignacio-Capita-Zuau-1-11x12.jpg 11w, https:\/\/www.omnesbands.international\/wp-content\/uploads\/2023\/01\/Ignacio-Capita-Zuau-1-100x100.jpg 100w\" sizes=\"auto, (max-width: 300px) 100vw, 300px\" \/><h2 class=\"woocommerce-loop-product__title\">Ignacio Capita Zuau<\/h2>\n\t<span class=\"price\"><span class=\"woocommerce-Price-amount amount\"><bdi><span class=\"woocommerce-Price-currencySymbol\">&#36;<\/span>25.00<\/bdi><\/span><\/span>\n<\/a><a href=\"\/de\/wp-json\/wp\/v2\/pages\/1592?add-to-cart=1194\" aria-describedby=\"woocommerce_loop_add_to_cart_link_describedby_1194\" data-quantity=\"1\" class=\"button product_type_simple add_to_cart_button ajax_add_to_cart\" data-product_id=\"1194\" data-product_sku=\"IGN-CAL-ESP-22\" aria-label=\"Zum Warenkorb hinzuf\u00fcgen: \u201eIgnacio Capit\u00e1 Zuau\u201c\" rel=\"nofollow\" data-success_message=\"\u201eIgnacio Capit\u00e1 Zuau\u201c wurde deinem Warenkorb hinzugef\u00fcgt\" role=\"button\" data-no-translation=\"\" data-trp-gettext=\"\" data-no-translation-aria-label=\"\" data-no-translation-data-success_message=\"\">In den Warenkorb<\/a>\t<span id=\"woocommerce_loop_add_to_cart_link_describedby_1194\" class=\"screen-reader-text\">\n\t\t\t<\/span>\n<\/li>\n<li class=\"desktop-align-left tablet-align-left mobile-align-left ast-product-gallery-layout-horizontal-slider product type-product post-1221 status-publish instock product_cat-musica-de-calle product_tag-damian-molina-beneyto has-post-thumbnail downloadable virtual taxable purchasable product-type-simple\">\n\t<a href=\"https:\/\/www.omnesbands.international\/de\/produkt\/marmotes\/\" class=\"woocommerce-LoopProduct-link woocommerce-loop-product__link\"><img loading=\"lazy\" decoding=\"async\" width=\"300\" height=\"300\" src=\"https:\/\/www.omnesbands.international\/wp-content\/uploads\/2023\/01\/Marmotes-1-300x300.jpg\" class=\"attachment-woocommerce_thumbnail size-woocommerce_thumbnail\" alt=\"Marmotes\" srcset=\"https:\/\/www.omnesbands.international\/wp-content\/uploads\/2023\/01\/Marmotes-1-300x300.jpg 300w, https:\/\/www.omnesbands.international\/wp-content\/uploads\/2023\/01\/Marmotes-1-150x150.jpg 150w, https:\/\/www.omnesbands.international\/wp-content\/uploads\/2023\/01\/Marmotes-1-100x100.jpg 100w\" sizes=\"auto, (max-width: 300px) 100vw, 300px\" \/><h2 class=\"woocommerce-loop-product__title\">Murmeltiere<\/h2>\n\t<span class=\"price\"><span class=\"woocommerce-Price-amount amount\"><bdi><span class=\"woocommerce-Price-currencySymbol\">&#36;<\/span>25.00<\/bdi><\/span><\/span>\n<\/a><a href=\"\/de\/wp-json\/wp\/v2\/pages\/1592?add-to-cart=1221\" aria-describedby=\"woocommerce_loop_add_to_cart_link_describedby_1221\" data-quantity=\"1\" class=\"button product_type_simple add_to_cart_button ajax_add_to_cart\" data-product_id=\"1221\" data-product_sku=\"MAR-CAL-ESP-22\" aria-label=\"Zum Warenkorb hinzuf\u00fcgen: \u201eMarmotes\u201c\" rel=\"nofollow\" data-success_message=\"\u201eMarmotes\u201c wurde deinem Warenkorb hinzugef\u00fcgt\" role=\"button\" data-no-translation=\"\" data-trp-gettext=\"\" data-no-translation-aria-label=\"\" data-no-translation-data-success_message=\"\">In den Warenkorb<\/a>\t<span id=\"woocommerce_loop_add_to_cart_link_describedby_1221\" class=\"screen-reader-text\">\n\t\t\t<\/span>\n<\/li>\n<\/ul>\n<\/div>\n<\/div><\/div>\n<\/div><\/div>","protected":false},"excerpt":{"rendered":"<p>Dami\u00e1n Molina Beneyto Dami\u00e1n Molina Beneyto, nace el 19 de septiembre de 1970, hijo de Agust\u00ed Molina Molina (mec\u00e1nico de profesi\u00f3n) y Amparo Beneyto Gisbert (tejedora de joven, y magn\u00edfica madre y due\u00f1a de casa). Sin ninguna tradici\u00f3n musical en casa, a la edad de 7 a\u00f1os pidi\u00f3 a sus padres que quer\u00eda estudiar m\u00fasica, [&hellip;]<\/p>\n","protected":false},"author":4,"featured_media":0,"parent":0,"menu_order":0,"comment_status":"closed","ping_status":"closed","template":"","meta":{"_acf_changed":false,"_uag_custom_page_level_css":"","site-sidebar-layout":"default","site-content-layout":"","ast-site-content-layout":"default","site-content-style":"default","site-sidebar-style":"default","ast-global-header-display":"","ast-banner-title-visibility":"","ast-main-header-display":"","ast-hfb-above-header-display":"","ast-hfb-below-header-display":"","ast-hfb-mobile-header-display":"","site-post-title":"disabled","ast-breadcrumbs-content":"","ast-featured-img":"","footer-sml-layout":"","ast-disable-related-posts":"","theme-transparent-header-meta":"","adv-header-id-meta":"","stick-header-meta":"","header-above-stick-meta":"","header-main-stick-meta":"","header-below-stick-meta":"","astra-migrate-meta-layouts":"default","ast-page-background-enabled":"default","ast-page-background-meta":{"desktop":{"background-color":"","background-image":"","background-repeat":"repeat","background-position":"center center","background-size":"auto","background-attachment":"scroll","background-type":"","background-media":"","overlay-type":"","overlay-color":"","overlay-opacity":"","overlay-gradient":""},"tablet":{"background-color":"","background-image":"","background-repeat":"repeat","background-position":"center center","background-size":"auto","background-attachment":"scroll","background-type":"","background-media":"","overlay-type":"","overlay-color":"","overlay-opacity":"","overlay-gradient":""},"mobile":{"background-color":"","background-image":"","background-repeat":"repeat","background-position":"center center","background-size":"auto","background-attachment":"scroll","background-type":"","background-media":"","overlay-type":"","overlay-color":"","overlay-opacity":"","overlay-gradient":""}},"ast-content-background-meta":{"desktop":{"background-color":"var(--ast-global-color-5)","background-image":"","background-repeat":"repeat","background-position":"center center","background-size":"auto","background-attachment":"scroll","background-type":"","background-media":"","overlay-type":"","overlay-color":"","overlay-opacity":"","overlay-gradient":""},"tablet":{"background-color":"var(--ast-global-color-5)","background-image":"","background-repeat":"repeat","background-position":"center center","background-size":"auto","background-attachment":"scroll","background-type":"","background-media":"","overlay-type":"","overlay-color":"","overlay-opacity":"","overlay-gradient":""},"mobile":{"background-color":"var(--ast-global-color-5)","background-image":"","background-repeat":"repeat","background-position":"center center","background-size":"auto","background-attachment":"scroll","background-type":"","background-media":"","overlay-type":"","overlay-color":"","overlay-opacity":"","overlay-gradient":""}},"footnotes":""},"class_list":["post-1592","page","type-page","status-publish","hentry"],"acf":[],"yoast_head":"<!-- This site is optimized with the Yoast SEO Premium plugin v22.4 (Yoast SEO v27.4) - https:\/\/yoast.com\/product\/yoast-seo-premium-wordpress\/ -->\n<title>Dami\u00e1n Molina Beneyto -<\/title>\n<meta name=\"robots\" content=\"index, follow, max-snippet:-1, max-image-preview:large, max-video-preview:-1\" \/>\n<link rel=\"canonical\" href=\"https:\/\/www.omnesbands.international\/de\/damian-molina-beneyto-2\/\" \/>\n<meta property=\"og:locale\" content=\"de_DE\" \/>\n<meta property=\"og:type\" content=\"article\" \/>\n<meta property=\"og:title\" content=\"Dami\u00e1n Molina Beneyto\" \/>\n<meta property=\"og:description\" content=\"Dami\u00e1n Molina Beneyto Dami\u00e1n Molina Beneyto, nace el 19 de septiembre de 1970, hijo de Agust\u00ed Molina Molina (mec\u00e1nico de profesi\u00f3n) y Amparo Beneyto Gisbert (tejedora de joven, y magn\u00edfica madre y due\u00f1a de casa). Sin ninguna tradici\u00f3n musical en casa, a la edad de 7 a\u00f1os pidi\u00f3 a sus padres que quer\u00eda estudiar m\u00fasica, [&hellip;]\" \/>\n<meta property=\"og:url\" content=\"https:\/\/www.omnesbands.international\/de\/damian-molina-beneyto-2\/\" \/>\n<meta property=\"article:modified_time\" content=\"2023-01-28T17:44:49+00:00\" \/>\n<meta property=\"og:image\" content=\"https:\/\/www.omnesbands.international\/wp-content\/uploads\/2023\/01\/music-sheet-music-snowdrop-7107045.jpg\" \/>\n\t<meta property=\"og:image:width\" content=\"1280\" \/>\n\t<meta property=\"og:image:height\" content=\"742\" \/>\n\t<meta property=\"og:image:type\" content=\"image\/jpeg\" \/>\n<meta name=\"twitter:card\" content=\"summary_large_image\" \/>\n<meta name=\"twitter:label1\" content=\"Gesch\u00e4tzte Lesezeit\" \/>\n\t<meta name=\"twitter:data1\" content=\"3\u00a0Minuten\" \/>\n<script type=\"application\/ld+json\" class=\"yoast-schema-graph\">{\"@context\":\"https:\\\/\\\/schema.org\",\"@graph\":[{\"@type\":\"WebPage\",\"@id\":\"https:\\\/\\\/www.omnesbands.international\\\/en\\\/damian-molina-beneyto-2\\\/\",\"url\":\"https:\\\/\\\/www.omnesbands.international\\\/en\\\/damian-molina-beneyto-2\\\/\",\"name\":\"Dami\u00e1n Molina Beneyto -\",\"isPartOf\":{\"@id\":\"https:\\\/\\\/www.omnesbands.international\\\/#website\"},\"datePublished\":\"2023-01-28T05:24:17+00:00\",\"dateModified\":\"2023-01-28T17:44:49+00:00\",\"breadcrumb\":{\"@id\":\"https:\\\/\\\/www.omnesbands.international\\\/en\\\/damian-molina-beneyto-2\\\/#breadcrumb\"},\"inLanguage\":\"de\",\"potentialAction\":[{\"@type\":\"ReadAction\",\"target\":[\"https:\\\/\\\/www.omnesbands.international\\\/en\\\/damian-molina-beneyto-2\\\/\"]}]},{\"@type\":\"BreadcrumbList\",\"@id\":\"https:\\\/\\\/www.omnesbands.international\\\/en\\\/damian-molina-beneyto-2\\\/#breadcrumb\",\"itemListElement\":[{\"@type\":\"ListItem\",\"position\":1,\"name\":\"Portada\",\"item\":\"https:\\\/\\\/www.omnesbands.international\\\/\"},{\"@type\":\"ListItem\",\"position\":2,\"name\":\"Dami\u00e1n Molina Beneyto\"}]},{\"@type\":\"WebSite\",\"@id\":\"https:\\\/\\\/www.omnesbands.international\\\/#website\",\"url\":\"https:\\\/\\\/www.omnesbands.international\\\/\",\"name\":\"OMNESBANDS International\",\"description\":\"Partituras Originales de autores y compositores independientes\",\"publisher\":{\"@id\":\"https:\\\/\\\/www.omnesbands.international\\\/#organization\"},\"potentialAction\":[{\"@type\":\"SearchAction\",\"target\":{\"@type\":\"EntryPoint\",\"urlTemplate\":\"https:\\\/\\\/www.omnesbands.international\\\/?s={search_term_string}\"},\"query-input\":{\"@type\":\"PropertyValueSpecification\",\"valueRequired\":true,\"valueName\":\"search_term_string\"}}],\"inLanguage\":\"de\"},{\"@type\":\"Organization\",\"@id\":\"https:\\\/\\\/www.omnesbands.international\\\/#organization\",\"name\":\"Indra Consultores Internacionales\",\"alternateName\":\"Omnesbands\",\"url\":\"https:\\\/\\\/www.omnesbands.international\\\/\",\"logo\":{\"@type\":\"ImageObject\",\"inLanguage\":\"de\",\"@id\":\"https:\\\/\\\/www.omnesbands.international\\\/#\\\/schema\\\/logo\\\/image\\\/\",\"url\":\"https:\\\/\\\/omnesbands.international\\\/wp-content\\\/uploads\\\/2023\\\/06\\\/Logo-Nuevo-.png\",\"contentUrl\":\"https:\\\/\\\/omnesbands.international\\\/wp-content\\\/uploads\\\/2023\\\/06\\\/Logo-Nuevo-.png\",\"width\":394,\"height\":212,\"caption\":\"Indra Consultores Internacionales\"},\"image\":{\"@id\":\"https:\\\/\\\/www.omnesbands.international\\\/#\\\/schema\\\/logo\\\/image\\\/\"}}]}<\/script>\n<!-- \/ Yoast SEO Premium plugin. -->","yoast_head_json":{"title":"Dami\u00e1n Molina Beneyto -","robots":{"index":"index","follow":"follow","max-snippet":"max-snippet:-1","max-image-preview":"max-image-preview:large","max-video-preview":"max-video-preview:-1"},"canonical":"https:\/\/www.omnesbands.international\/de\/damian-molina-beneyto-2\/","og_locale":"de_DE","og_type":"article","og_title":"Dami\u00e1n Molina Beneyto","og_description":"Dami\u00e1n Molina Beneyto Dami\u00e1n Molina Beneyto, nace el 19 de septiembre de 1970, hijo de Agust\u00ed Molina Molina (mec\u00e1nico de profesi\u00f3n) y Amparo Beneyto Gisbert (tejedora de joven, y magn\u00edfica madre y due\u00f1a de casa). Sin ninguna tradici\u00f3n musical en casa, a la edad de 7 a\u00f1os pidi\u00f3 a sus padres que quer\u00eda estudiar m\u00fasica, [&hellip;]","og_url":"https:\/\/www.omnesbands.international\/de\/damian-molina-beneyto-2\/","article_modified_time":"2023-01-28T17:44:49+00:00","og_image":[{"width":1280,"height":742,"url":"https:\/\/www.omnesbands.international\/wp-content\/uploads\/2023\/01\/music-sheet-music-snowdrop-7107045.jpg","type":"image\/jpeg"}],"twitter_card":"summary_large_image","twitter_misc":{"Gesch\u00e4tzte Lesezeit":"3\u00a0Minuten"},"schema":{"@context":"https:\/\/schema.org","@graph":[{"@type":"WebPage","@id":"https:\/\/www.omnesbands.international\/en\/damian-molina-beneyto-2\/","url":"https:\/\/www.omnesbands.international\/en\/damian-molina-beneyto-2\/","name":"Dami\u00e1n Molina Beneyto -","isPartOf":{"@id":"https:\/\/www.omnesbands.international\/#website"},"datePublished":"2023-01-28T05:24:17+00:00","dateModified":"2023-01-28T17:44:49+00:00","breadcrumb":{"@id":"https:\/\/www.omnesbands.international\/en\/damian-molina-beneyto-2\/#breadcrumb"},"inLanguage":"de","potentialAction":[{"@type":"ReadAction","target":["https:\/\/www.omnesbands.international\/en\/damian-molina-beneyto-2\/"]}]},{"@type":"BreadcrumbList","@id":"https:\/\/www.omnesbands.international\/en\/damian-molina-beneyto-2\/#breadcrumb","itemListElement":[{"@type":"ListItem","position":1,"name":"Portada","item":"https:\/\/www.omnesbands.international\/"},{"@type":"ListItem","position":2,"name":"Dami\u00e1n Molina Beneyto"}]},{"@type":"WebSite","@id":"https:\/\/www.omnesbands.international\/#website","url":"https:\/\/www.omnesbands.international\/","name":"OMNESBANDS International","description":"Original-Noten von unabh\u00e4ngigen Autoren und Komponisten","publisher":{"@id":"https:\/\/www.omnesbands.international\/#organization"},"potentialAction":[{"@type":"SearchAction","target":{"@type":"EntryPoint","urlTemplate":"https:\/\/www.omnesbands.international\/?s={search_term_string}"},"query-input":{"@type":"PropertyValueSpecification","valueRequired":true,"valueName":"search_term_string"}}],"inLanguage":"de"},{"@type":"Organization","@id":"https:\/\/www.omnesbands.international\/#organization","name":"Indra Internationale Berater","alternateName":"Omnesbands","url":"https:\/\/www.omnesbands.international\/","logo":{"@type":"ImageObject","inLanguage":"de","@id":"https:\/\/www.omnesbands.international\/#\/schema\/logo\/image\/","url":"https:\/\/omnesbands.international\/wp-content\/uploads\/2023\/06\/Logo-Nuevo-.png","contentUrl":"https:\/\/omnesbands.international\/wp-content\/uploads\/2023\/06\/Logo-Nuevo-.png","width":394,"height":212,"caption":"Indra Consultores Internacionales"},"image":{"@id":"https:\/\/www.omnesbands.international\/#\/schema\/logo\/image\/"}}]}},"uagb_featured_image_src":{"full":false,"thumbnail":false,"medium":false,"medium_large":false,"large":false,"1536x1536":false,"2048x2048":false,"trp-custom-language-flag":false,"gg_gallery_thumbnail":false,"woocommerce_thumbnail":false,"woocommerce_single":false,"woocommerce_gallery_thumbnail":false},"uagb_author_info":{"display_name":"Melvin R. Portillo A:","author_link":"https:\/\/www.omnesbands.international\/de\/author\/portand\/"},"uagb_comment_info":0,"uagb_excerpt":"Dami\u00e1n Molina Beneyto Dami\u00e1n Molina Beneyto, nace el 19 de septiembre de 1970, hijo de Agust\u00ed Molina Molina (mec\u00e1nico de profesi\u00f3n) y Amparo Beneyto Gisbert (tejedora de joven, y magn\u00edfica madre y due\u00f1a de casa). Sin ninguna tradici\u00f3n musical en casa, a la edad de 7 a\u00f1os pidi\u00f3 a sus padres que quer\u00eda estudiar m\u00fasica,&hellip;","_links":{"self":[{"href":"https:\/\/www.omnesbands.international\/de\/wp-json\/wp\/v2\/pages\/1592","targetHints":{"allow":["GET"]}}],"collection":[{"href":"https:\/\/www.omnesbands.international\/de\/wp-json\/wp\/v2\/pages"}],"about":[{"href":"https:\/\/www.omnesbands.international\/de\/wp-json\/wp\/v2\/types\/page"}],"author":[{"embeddable":true,"href":"https:\/\/www.omnesbands.international\/de\/wp-json\/wp\/v2\/users\/4"}],"replies":[{"embeddable":true,"href":"https:\/\/www.omnesbands.international\/de\/wp-json\/wp\/v2\/comments?post=1592"}],"version-history":[{"count":4,"href":"https:\/\/www.omnesbands.international\/de\/wp-json\/wp\/v2\/pages\/1592\/revisions"}],"predecessor-version":[{"id":1609,"href":"https:\/\/www.omnesbands.international\/de\/wp-json\/wp\/v2\/pages\/1592\/revisions\/1609"}],"wp:attachment":[{"href":"https:\/\/www.omnesbands.international\/de\/wp-json\/wp\/v2\/media?parent=1592"}],"curies":[{"name":"wp","href":"https:\/\/api.w.org\/{rel}","templated":true}]}}