{"id":1619,"date":"2023-01-28T14:21:06","date_gmt":"2023-01-28T20:21:06","guid":{"rendered":"https:\/\/omnesbands.international\/?page_id=1619"},"modified":"2023-01-28T14:23:10","modified_gmt":"2023-01-28T20:23:10","slug":"antoni-alburquerque-2","status":"publish","type":"page","link":"https:\/\/www.omnesbands.international\/de\/antoni-alburquerque-2\/","title":{"rendered":"Antoni Albuquerque"},"content":{"rendered":"<div class=\"wp-block-uagb-container uagb-block-3cc32af1 alignfull uagb-is-root-container\"><div class=\"uagb-container-inner-blocks-wrap\">\n<div class=\"wp-block-uagb-advanced-heading uagb-block-48376a3e\"><h1 class=\"uagb-heading-text\"><strong>Antoni Albuquerque<\/strong><\/h1><\/div>\n<\/div><\/div>\n\n\n\n<div class=\"wp-block-uagb-container uagb-block-f9ec0031 alignfull uagb-is-root-container\"><div class=\"uagb-container-inner-blocks-wrap\">\n<div class=\"wp-block-uagb-container uagb-block-4fb4e6f4 alignfull uagb-is-root-container\"><div class=\"uagb-container-inner-blocks-wrap\">\n<p>Er wurde 1969 in Sant Carles de la R\u00e0pita geboren. Im Alter von dreizehn Jahren begann er sein Musikstudium an der Musikschule der Rapitenca Musical Group Band mit den Schwerpunkten Musiksprache und Horn, Studien, die er sp\u00e4ter an den Konservatorien von Tortosa erweiterte , Valencia und Barcelona, wo er Horn, Harmonie, Kontrapunkt, Fuge, Komposition-Instrumentierung und Orchesterdirigieren studierte und in den jeweiligen Fachgebieten verschiedene Preise und ehrenvolle Erw\u00e4hnungen erhielt. Er studiert au\u00dferdem spezialisiertes Banddirigieren unter anderem bei den Lehrern Joaquim Amela, Jos\u00e9 Rafael Pascual Vilaplana, Lu\u00eds Sanjaime, Enrique Garc\u00eda Asensio, Ferrer Ferran und Johan de Meij.<\/p>\n<p>Als Hornist hat er mit den wichtigsten katalanischen Orchestern wie dem OCB, dem Orchester Gran Teatre del Liceu, dem Valles Symphony Orchestra, dem Empord\u00e0 Chamber Orchestra sowie dem Elberg Chamber Orchestra (Schweiz) und dem Chamber Orchestra zusammengearbeitet aus Moskau, mit dem er als Solist auftrat und au\u00dferdem Gr\u00fcndungsmitglied verschiedener Kammermusikgruppen war.<\/p>\n<p>Seit 1997 ist er Leiter der Musikkapelle der Rapitenca Musical Group, eine Position, die er mit einer Lehrt\u00e4tigkeit an einer weiterf\u00fchrenden Schule an der Xaloc-Schule in Barcelona sowie einer kooperativen Professur f\u00fcr Waldhorn am Konservatorium verbindet der Schulen. Municipales de Barcelona, Hornlehrer am Konservatorium Vila-seca, Metal-Lehrer und Instrumentalensemble an der Aula de M\u00fasica 7 in Barcelona.<\/p>\n<p>Als Banddirektor wurde er eingeladen, verschiedene Formationen im Bundesstaat sowie in Frankreich, Deutschland und Portugal zu leiten. Er ist Gr\u00fcndungsdirektor des Symphonieorchesters der katalanischen F\u00f6deration der Musikgesellschaften, eine Position, die er bis heute innehat, mit der er zusammen mit Maestro Ferrer Ferran die Weltpremiere der Symphonie Nr. 3 \u201eEl Gaudir del Geni\u201c vorbereitete. von Ferrer Ferran.<\/p>\n<p>Seine Bedenken hinsichtlich Musik und ihrer Anwendung in der Bildung haben ihn dazu veranlasst, einen Master in Musiktherapie zu machen. Er hat Kammer-, Cobla- und Orchestermusik komponiert, aber vor allem in der Bandmusik spielt er seine St\u00e4rken aus, indem er Ouvert\u00fcren, Sardanas, Pasodobles und unz\u00e4hlige Arrangements von Kompositionen komponiert, die von Sant Carles de la R\u00e0pita inspiriert sind. Seit 2004 werden seine Kompositionen und Musikarrangements f\u00fcr Blasorchester im valencianischen Verlag Omnes Band ver\u00f6ffentlicht. Derzeit arbeitet er auch mit dem katalanischen Verlag Periferia zusammen, wo er seine p\u00e4dagogischen Werke ver\u00f6ffentlicht, die sich an Musikstudenten richten, die in den verschiedenen Zentren studieren, in denen er seine p\u00e4dagogische Arbeit aus\u00fcbt.<\/p>\n\n\n<div class=\"woocommerce columns-4\"><ul class=\"products columns-4\">\n<li class=\"desktop-align-left tablet-align-left mobile-align-left ast-product-gallery-layout-horizontal-slider product type-product post-1103 status-publish first instock product_cat-pasodobles product_tag-antoni-alburquerque has-post-thumbnail downloadable virtual taxable purchasable product-type-simple\">\n\t<a href=\"https:\/\/www.omnesbands.international\/de\/produkt\/alfonso-navarro\/\" class=\"woocommerce-LoopProduct-link woocommerce-loop-product__link\"><img loading=\"lazy\" decoding=\"async\" width=\"300\" height=\"300\" src=\"https:\/\/www.omnesbands.international\/wp-content\/uploads\/2023\/01\/Alfonso-Navarro-1-300x300.jpg\" class=\"attachment-woocommerce_thumbnail size-woocommerce_thumbnail\" alt=\"Alfonso Navarro\" srcset=\"https:\/\/www.omnesbands.international\/wp-content\/uploads\/2023\/01\/Alfonso-Navarro-1-300x300.jpg 300w, https:\/\/www.omnesbands.international\/wp-content\/uploads\/2023\/01\/Alfonso-Navarro-1-150x150.jpg 150w, https:\/\/www.omnesbands.international\/wp-content\/uploads\/2023\/01\/Alfonso-Navarro-1-12x12.jpg 12w, https:\/\/www.omnesbands.international\/wp-content\/uploads\/2023\/01\/Alfonso-Navarro-1-100x100.jpg 100w\" sizes=\"auto, (max-width: 300px) 100vw, 300px\" \/><h2 class=\"woocommerce-loop-product__title\">Alfonso Navarro<\/h2>\n\t<span class=\"price\"><span class=\"woocommerce-Price-amount amount\"><bdi><span class=\"woocommerce-Price-currencySymbol\">&#36;<\/span>25.00<\/bdi><\/span><\/span>\n<\/a><a href=\"\/de\/wp-json\/wp\/v2\/pages\/1619?add-to-cart=1103\" aria-describedby=\"woocommerce_loop_add_to_cart_link_describedby_1103\" data-quantity=\"1\" class=\"button product_type_simple add_to_cart_button ajax_add_to_cart\" data-product_id=\"1103\" data-product_sku=\"ALF-PAS-ESP-22\" aria-label=\"Zum Warenkorb hinzuf\u00fcgen: \u201eAlfonso Navarro\u201c\" rel=\"nofollow\" data-success_message=\"\u201eAlfonso Navarro\u201c wurde deinem Warenkorb hinzugef\u00fcgt\" role=\"button\" data-no-translation=\"\" data-trp-gettext=\"\" data-no-translation-aria-label=\"\" data-no-translation-data-success_message=\"\">In den Warenkorb<\/a>\t<span id=\"woocommerce_loop_add_to_cart_link_describedby_1103\" class=\"screen-reader-text\">\n\t\t\t<\/span>\n<\/li>\n<li class=\"desktop-align-left tablet-align-left mobile-align-left ast-product-gallery-layout-horizontal-slider product type-product post-1345 status-publish instock product_cat-pasodobles product_tag-antoni-alburquerque has-post-thumbnail downloadable virtual taxable purchasable product-type-simple\">\n\t<a href=\"https:\/\/www.omnesbands.international\/de\/produkt\/lo-tio-ximo\/\" class=\"woocommerce-LoopProduct-link woocommerce-loop-product__link\"><img loading=\"lazy\" decoding=\"async\" width=\"300\" height=\"300\" src=\"https:\/\/www.omnesbands.international\/wp-content\/uploads\/2023\/01\/Lo-Tio-Ximo-300x300.jpg\" class=\"attachment-woocommerce_thumbnail size-woocommerce_thumbnail\" alt=\"Lo T\u00edo Ximo\" srcset=\"https:\/\/www.omnesbands.international\/wp-content\/uploads\/2023\/01\/Lo-Tio-Ximo-300x300.jpg 300w, https:\/\/www.omnesbands.international\/wp-content\/uploads\/2023\/01\/Lo-Tio-Ximo-150x150.jpg 150w, https:\/\/www.omnesbands.international\/wp-content\/uploads\/2023\/01\/Lo-Tio-Ximo-100x100.jpg 100w\" sizes=\"auto, (max-width: 300px) 100vw, 300px\" \/><h2 class=\"woocommerce-loop-product__title\">Onkel Ximo<\/h2>\n\t<span class=\"price\"><span class=\"woocommerce-Price-amount amount\"><bdi><span class=\"woocommerce-Price-currencySymbol\">&#36;<\/span>25.00<\/bdi><\/span><\/span>\n<\/a><a href=\"\/de\/wp-json\/wp\/v2\/pages\/1619?add-to-cart=1345\" aria-describedby=\"woocommerce_loop_add_to_cart_link_describedby_1345\" data-quantity=\"1\" class=\"button product_type_simple add_to_cart_button ajax_add_to_cart\" data-product_id=\"1345\" data-product_sku=\"LO-PAS-ESP-22\" aria-label=\"Zum Warenkorb hinzuf\u00fcgen: \u201eLo T\u00edo Ximo\u201c\" rel=\"nofollow\" data-success_message=\"\u201eLo T\u00edo Ximo\u201c wurde deinem Warenkorb hinzugef\u00fcgt\" role=\"button\" data-no-translation=\"\" data-trp-gettext=\"\" data-no-translation-aria-label=\"\" data-no-translation-data-success_message=\"\">In den Warenkorb<\/a>\t<span id=\"woocommerce_loop_add_to_cart_link_describedby_1345\" class=\"screen-reader-text\">\n\t\t\t<\/span>\n<\/li>\n<\/ul>\n<\/div>\n<\/div><\/div>\n<\/div><\/div>","protected":false},"excerpt":{"rendered":"<p>Antoni Alburquerque Nace en Sant Carles de la R\u00e0pita en el 1969. A la edad de trece a\u00f1os inicia sus estudios musicales en la escuela de m\u00fasica de la Banda de la Agrupaci\u00f3n Musical Rapitenca en la especialidad de lenguaje musical y Trompa, estudios que m\u00e1s tarde ampliar\u00e1 en los conservatorios de Tortosa, Valencia y [&hellip;]<\/p>\n","protected":false},"author":4,"featured_media":0,"parent":0,"menu_order":0,"comment_status":"closed","ping_status":"closed","template":"","meta":{"_acf_changed":false,"_uag_custom_page_level_css":"","site-sidebar-layout":"default","site-content-layout":"","ast-site-content-layout":"default","site-content-style":"default","site-sidebar-style":"default","ast-global-header-display":"","ast-banner-title-visibility":"","ast-main-header-display":"","ast-hfb-above-header-display":"","ast-hfb-below-header-display":"","ast-hfb-mobile-header-display":"","site-post-title":"disabled","ast-breadcrumbs-content":"","ast-featured-img":"","footer-sml-layout":"","ast-disable-related-posts":"","theme-transparent-header-meta":"","adv-header-id-meta":"","stick-header-meta":"","header-above-stick-meta":"","header-main-stick-meta":"","header-below-stick-meta":"","astra-migrate-meta-layouts":"default","ast-page-background-enabled":"default","ast-page-background-meta":{"desktop":{"background-color":"","background-image":"","background-repeat":"repeat","background-position":"center center","background-size":"auto","background-attachment":"scroll","background-type":"","background-media":"","overlay-type":"","overlay-color":"","overlay-opacity":"","overlay-gradient":""},"tablet":{"background-color":"","background-image":"","background-repeat":"repeat","background-position":"center center","background-size":"auto","background-attachment":"scroll","background-type":"","background-media":"","overlay-type":"","overlay-color":"","overlay-opacity":"","overlay-gradient":""},"mobile":{"background-color":"","background-image":"","background-repeat":"repeat","background-position":"center center","background-size":"auto","background-attachment":"scroll","background-type":"","background-media":"","overlay-type":"","overlay-color":"","overlay-opacity":"","overlay-gradient":""}},"ast-content-background-meta":{"desktop":{"background-color":"var(--ast-global-color-5)","background-image":"","background-repeat":"repeat","background-position":"center center","background-size":"auto","background-attachment":"scroll","background-type":"","background-media":"","overlay-type":"","overlay-color":"","overlay-opacity":"","overlay-gradient":""},"tablet":{"background-color":"var(--ast-global-color-5)","background-image":"","background-repeat":"repeat","background-position":"center center","background-size":"auto","background-attachment":"scroll","background-type":"","background-media":"","overlay-type":"","overlay-color":"","overlay-opacity":"","overlay-gradient":""},"mobile":{"background-color":"var(--ast-global-color-5)","background-image":"","background-repeat":"repeat","background-position":"center center","background-size":"auto","background-attachment":"scroll","background-type":"","background-media":"","overlay-type":"","overlay-color":"","overlay-opacity":"","overlay-gradient":""}},"footnotes":""},"class_list":["post-1619","page","type-page","status-publish","hentry"],"acf":[],"yoast_head":"<!-- This site is optimized with the Yoast SEO Premium plugin v22.4 (Yoast SEO v27.4) - https:\/\/yoast.com\/product\/yoast-seo-premium-wordpress\/ -->\n<title>Antoni Alburquerque -<\/title>\n<meta name=\"robots\" content=\"index, follow, max-snippet:-1, max-image-preview:large, max-video-preview:-1\" \/>\n<link rel=\"canonical\" href=\"https:\/\/www.omnesbands.international\/de\/antoni-alburquerque-2\/\" \/>\n<meta property=\"og:locale\" content=\"de_DE\" \/>\n<meta property=\"og:type\" content=\"article\" \/>\n<meta property=\"og:title\" content=\"Antoni Alburquerque\" \/>\n<meta property=\"og:description\" content=\"Antoni Alburquerque Nace en Sant Carles de la R\u00e0pita en el 1969. A la edad de trece a\u00f1os inicia sus estudios musicales en la escuela de m\u00fasica de la Banda de la Agrupaci\u00f3n Musical Rapitenca en la especialidad de lenguaje musical y Trompa, estudios que m\u00e1s tarde ampliar\u00e1 en los conservatorios de Tortosa, Valencia y [&hellip;]\" \/>\n<meta property=\"og:url\" content=\"https:\/\/www.omnesbands.international\/de\/antoni-alburquerque-2\/\" \/>\n<meta property=\"article:modified_time\" content=\"2023-01-28T20:23:10+00:00\" \/>\n<meta property=\"og:image\" content=\"https:\/\/www.omnesbands.international\/wp-content\/uploads\/2023\/01\/music-sheet-music-snowdrop-7107045.jpg\" \/>\n\t<meta property=\"og:image:width\" content=\"1280\" \/>\n\t<meta property=\"og:image:height\" content=\"742\" \/>\n\t<meta property=\"og:image:type\" content=\"image\/jpeg\" \/>\n<meta name=\"twitter:card\" content=\"summary_large_image\" \/>\n<meta name=\"twitter:label1\" content=\"Gesch\u00e4tzte Lesezeit\" \/>\n\t<meta name=\"twitter:data1\" content=\"2\u00a0Minuten\" \/>\n<script type=\"application\/ld+json\" class=\"yoast-schema-graph\">{\"@context\":\"https:\\\/\\\/schema.org\",\"@graph\":[{\"@type\":\"WebPage\",\"@id\":\"https:\\\/\\\/www.omnesbands.international\\\/antoni-alburquerque-2\\\/\",\"url\":\"https:\\\/\\\/www.omnesbands.international\\\/antoni-alburquerque-2\\\/\",\"name\":\"Antoni Alburquerque -\",\"isPartOf\":{\"@id\":\"https:\\\/\\\/www.omnesbands.international\\\/#website\"},\"datePublished\":\"2023-01-28T20:21:06+00:00\",\"dateModified\":\"2023-01-28T20:23:10+00:00\",\"breadcrumb\":{\"@id\":\"https:\\\/\\\/www.omnesbands.international\\\/antoni-alburquerque-2\\\/#breadcrumb\"},\"inLanguage\":\"de\",\"potentialAction\":[{\"@type\":\"ReadAction\",\"target\":[\"https:\\\/\\\/www.omnesbands.international\\\/antoni-alburquerque-2\\\/\"]}]},{\"@type\":\"BreadcrumbList\",\"@id\":\"https:\\\/\\\/www.omnesbands.international\\\/antoni-alburquerque-2\\\/#breadcrumb\",\"itemListElement\":[{\"@type\":\"ListItem\",\"position\":1,\"name\":\"Portada\",\"item\":\"https:\\\/\\\/www.omnesbands.international\\\/\"},{\"@type\":\"ListItem\",\"position\":2,\"name\":\"Antoni Alburquerque\"}]},{\"@type\":\"WebSite\",\"@id\":\"https:\\\/\\\/www.omnesbands.international\\\/#website\",\"url\":\"https:\\\/\\\/www.omnesbands.international\\\/\",\"name\":\"OMNESBANDS International\",\"description\":\"Partituras Originales de autores y compositores independientes\",\"publisher\":{\"@id\":\"https:\\\/\\\/www.omnesbands.international\\\/#organization\"},\"potentialAction\":[{\"@type\":\"SearchAction\",\"target\":{\"@type\":\"EntryPoint\",\"urlTemplate\":\"https:\\\/\\\/www.omnesbands.international\\\/?s={search_term_string}\"},\"query-input\":{\"@type\":\"PropertyValueSpecification\",\"valueRequired\":true,\"valueName\":\"search_term_string\"}}],\"inLanguage\":\"de\"},{\"@type\":\"Organization\",\"@id\":\"https:\\\/\\\/www.omnesbands.international\\\/#organization\",\"name\":\"Indra Consultores Internacionales\",\"alternateName\":\"Omnesbands\",\"url\":\"https:\\\/\\\/www.omnesbands.international\\\/\",\"logo\":{\"@type\":\"ImageObject\",\"inLanguage\":\"de\",\"@id\":\"https:\\\/\\\/www.omnesbands.international\\\/#\\\/schema\\\/logo\\\/image\\\/\",\"url\":\"https:\\\/\\\/omnesbands.international\\\/wp-content\\\/uploads\\\/2023\\\/06\\\/Logo-Nuevo-.png\",\"contentUrl\":\"https:\\\/\\\/omnesbands.international\\\/wp-content\\\/uploads\\\/2023\\\/06\\\/Logo-Nuevo-.png\",\"width\":394,\"height\":212,\"caption\":\"Indra Consultores Internacionales\"},\"image\":{\"@id\":\"https:\\\/\\\/www.omnesbands.international\\\/#\\\/schema\\\/logo\\\/image\\\/\"}}]}<\/script>\n<!-- \/ Yoast SEO Premium plugin. -->","yoast_head_json":{"title":"Antoni Alburquerque -","robots":{"index":"index","follow":"follow","max-snippet":"max-snippet:-1","max-image-preview":"max-image-preview:large","max-video-preview":"max-video-preview:-1"},"canonical":"https:\/\/www.omnesbands.international\/de\/antoni-alburquerque-2\/","og_locale":"de_DE","og_type":"article","og_title":"Antoni Alburquerque","og_description":"Antoni Alburquerque Nace en Sant Carles de la R\u00e0pita en el 1969. A la edad de trece a\u00f1os inicia sus estudios musicales en la escuela de m\u00fasica de la Banda de la Agrupaci\u00f3n Musical Rapitenca en la especialidad de lenguaje musical y Trompa, estudios que m\u00e1s tarde ampliar\u00e1 en los conservatorios de Tortosa, Valencia y [&hellip;]","og_url":"https:\/\/www.omnesbands.international\/de\/antoni-alburquerque-2\/","article_modified_time":"2023-01-28T20:23:10+00:00","og_image":[{"width":1280,"height":742,"url":"https:\/\/www.omnesbands.international\/wp-content\/uploads\/2023\/01\/music-sheet-music-snowdrop-7107045.jpg","type":"image\/jpeg"}],"twitter_card":"summary_large_image","twitter_misc":{"Gesch\u00e4tzte Lesezeit":"2\u00a0Minuten"},"schema":{"@context":"https:\/\/schema.org","@graph":[{"@type":"WebPage","@id":"https:\/\/www.omnesbands.international\/antoni-alburquerque-2\/","url":"https:\/\/www.omnesbands.international\/antoni-alburquerque-2\/","name":"Antoni Alburquerque -","isPartOf":{"@id":"https:\/\/www.omnesbands.international\/#website"},"datePublished":"2023-01-28T20:21:06+00:00","dateModified":"2023-01-28T20:23:10+00:00","breadcrumb":{"@id":"https:\/\/www.omnesbands.international\/antoni-alburquerque-2\/#breadcrumb"},"inLanguage":"de","potentialAction":[{"@type":"ReadAction","target":["https:\/\/www.omnesbands.international\/antoni-alburquerque-2\/"]}]},{"@type":"BreadcrumbList","@id":"https:\/\/www.omnesbands.international\/antoni-alburquerque-2\/#breadcrumb","itemListElement":[{"@type":"ListItem","position":1,"name":"Portada","item":"https:\/\/www.omnesbands.international\/"},{"@type":"ListItem","position":2,"name":"Antoni Alburquerque"}]},{"@type":"WebSite","@id":"https:\/\/www.omnesbands.international\/#website","url":"https:\/\/www.omnesbands.international\/","name":"OMNESBANDS International","description":"Original-Noten von unabh\u00e4ngigen Autoren und Komponisten","publisher":{"@id":"https:\/\/www.omnesbands.international\/#organization"},"potentialAction":[{"@type":"SearchAction","target":{"@type":"EntryPoint","urlTemplate":"https:\/\/www.omnesbands.international\/?s={search_term_string}"},"query-input":{"@type":"PropertyValueSpecification","valueRequired":true,"valueName":"search_term_string"}}],"inLanguage":"de"},{"@type":"Organization","@id":"https:\/\/www.omnesbands.international\/#organization","name":"Indra Internationale Berater","alternateName":"Omnesbands","url":"https:\/\/www.omnesbands.international\/","logo":{"@type":"ImageObject","inLanguage":"de","@id":"https:\/\/www.omnesbands.international\/#\/schema\/logo\/image\/","url":"https:\/\/omnesbands.international\/wp-content\/uploads\/2023\/06\/Logo-Nuevo-.png","contentUrl":"https:\/\/omnesbands.international\/wp-content\/uploads\/2023\/06\/Logo-Nuevo-.png","width":394,"height":212,"caption":"Indra Consultores Internacionales"},"image":{"@id":"https:\/\/www.omnesbands.international\/#\/schema\/logo\/image\/"}}]}},"uagb_featured_image_src":{"full":false,"thumbnail":false,"medium":false,"medium_large":false,"large":false,"1536x1536":false,"2048x2048":false,"trp-custom-language-flag":false,"gg_gallery_thumbnail":false,"woocommerce_thumbnail":false,"woocommerce_single":false,"woocommerce_gallery_thumbnail":false},"uagb_author_info":{"display_name":"Melvin R. Portillo A:","author_link":"https:\/\/www.omnesbands.international\/de\/author\/portand\/"},"uagb_comment_info":0,"uagb_excerpt":"Antoni Alburquerque Nace en Sant Carles de la R\u00e0pita en el 1969. A la edad de trece a\u00f1os inicia sus estudios musicales en la escuela de m\u00fasica de la Banda de la Agrupaci\u00f3n Musical Rapitenca en la especialidad de lenguaje musical y Trompa, estudios que m\u00e1s tarde ampliar\u00e1 en los conservatorios de Tortosa, Valencia y&hellip;","_links":{"self":[{"href":"https:\/\/www.omnesbands.international\/de\/wp-json\/wp\/v2\/pages\/1619","targetHints":{"allow":["GET"]}}],"collection":[{"href":"https:\/\/www.omnesbands.international\/de\/wp-json\/wp\/v2\/pages"}],"about":[{"href":"https:\/\/www.omnesbands.international\/de\/wp-json\/wp\/v2\/types\/page"}],"author":[{"embeddable":true,"href":"https:\/\/www.omnesbands.international\/de\/wp-json\/wp\/v2\/users\/4"}],"replies":[{"embeddable":true,"href":"https:\/\/www.omnesbands.international\/de\/wp-json\/wp\/v2\/comments?post=1619"}],"version-history":[{"count":3,"href":"https:\/\/www.omnesbands.international\/de\/wp-json\/wp\/v2\/pages\/1619\/revisions"}],"predecessor-version":[{"id":1623,"href":"https:\/\/www.omnesbands.international\/de\/wp-json\/wp\/v2\/pages\/1619\/revisions\/1623"}],"wp:attachment":[{"href":"https:\/\/www.omnesbands.international\/de\/wp-json\/wp\/v2\/media?parent=1619"}],"curies":[{"name":"wp","href":"https:\/\/api.w.org\/{rel}","templated":true}]}}