{"id":1645,"date":"2023-01-28T15:23:09","date_gmt":"2023-01-28T21:23:09","guid":{"rendered":"https:\/\/omnesbands.international\/?page_id=1645"},"modified":"2023-01-28T15:24:49","modified_gmt":"2023-01-28T21:24:49","slug":"fernando-espi-cremades-2","status":"publish","type":"page","link":"https:\/\/www.omnesbands.international\/de\/fernando-espi-cremades-2\/","title":{"rendered":"FERNANDO ESPI CREMADES"},"content":{"rendered":"<div class=\"wp-block-uagb-container uagb-block-32ea0cdb alignfull uagb-is-root-container\"><div class=\"uagb-container-inner-blocks-wrap\">\n<div class=\"wp-block-uagb-advanced-heading uagb-block-dc288f9a\"><h1 class=\"uagb-heading-text\"><strong>FERNANDO ESPI CREMADES<\/strong><\/h1><\/div>\n<\/div><\/div>\n\n\n\n<div class=\"wp-block-uagb-container uagb-block-6b0e30a9 alignfull uagb-is-root-container\"><div class=\"uagb-container-inner-blocks-wrap\">\n<div class=\"wp-block-uagb-container uagb-block-469b4239\">\n<p><span style=\"font-size: 1rem; color: inherit; background-color: var(--ast-global-color-5);\">Fernando Esp\u00ed ist derzeit einer der besten spanischen Gitarristen. Er erhielt den au\u00dfergew\u00f6hnlichen End of Degree Award vom internationalen Maestro D. Jos\u00e9 Tom\u00e1s am Superior Conservatory \u201eOscar Espl\u00e1\u201c in Alicante, wo er derzeit Gitarre unterrichtet. Er hat eine Fachbezeichnung f\u00fcr Alte Musik mit Zupfinstrumenten und einen Abschluss in Geschichte und Musikwissenschaften. Er absolvierte ein Aufbaustudium bei Arnaldur Arnalson in Barcelona und wurde bei nationalen und internationalen Wettbewerben von anerkanntem Prestige ausgezeichnet, darunter der dritte Preis und der Sonderpreis f\u00fcr die beste Interpretation spanischer Musik im XVI. Internationaler Gitarrenwettbewerb der Guerrero Foundation. Er kombiniert diese Arbeit mit Meisterklassen bei Kursen und Festivals, der k\u00fcnstlerischen Leitung des Ciutat de Xixona International Guitar Festival, der Aufnahme von Alben, die in Fachzeitschriften die besten Kritiken erhalten haben, und der Gr\u00fcndung seines eigenen Plattenlabels 8&quot;. Die Fachpresse z\u00e4hlt ihn \u201ezu den derzeit brillantesten Interpreten der sechs Saiten\u201c (Scherzo). Fernando Esp\u00ed spielt Royal Classics-Saiten.<br \/>os, leitet weiterf\u00fchrende Studien bei Do\u00f1a Pilar Constancio Portol\u00e9s (Solistin Fl\u00f6te des Madrid Symphony Orchestra und Principal Orchestra des Teatro Real). Als Lehrer hat er als Professor f\u00fcr sein Fachgebiet und f\u00fcr Musiksprache an verschiedenen Musikschulen wie der SAM La Filarm\u00f3nica de Callosa de Segura (Alicante), der St\u00e4dtischen Musik- und Tanzschule Daganzo de Arriba (Madrid), der\u00a0<\/span>Municipal de M\u00fasica de Serracines (Madrid), entwickelt es derzeit an der MUSIBAITE School of Music and Dance (Ajalvir; Madrid).<\/p>\n<p>Im Studienjahr 2011\/2012 schloss er mit Erhalt aller Akkreditierungszertifikate das Banddirigieren-Studium an der Regionalschule von La Vall d&#039;Albaida (Valencia) unter der Anleitung von Maestros Jos\u00e9 Rafael Pascual Vilaplana (Banddirigieren) und Ram\u00f3n Garc\u00eda ab i Soler (Instrumentation, Orchestrierung, Komposition und Musikinformatik), Tom\u00e1s Gilbert (Analyse), Joan Alborch Ma\u00f1ana (H\u00f6rp\u00e4dagogik). Im Rahmen dieses Studiums erhielt er zusammen mit den ordentlichen Professoren verschiedene Meisterkurse bei Regisseuren und Komponisten der nationalen und internationalen Bandszene; wie unter anderem Jos\u00e9 Miguel Fay\u00f3s-Jord\u00e1n, Andr\u00e9s Valero, Luis Serrano Alarc\u00f3n.<br \/>Er hat auch Bandkompositionsstudien am selben Ort unter der Anleitung von Ram\u00f3n Garc\u00eda i Soler entwickelt.<br \/>Auf dem Gebiet der Fl\u00f6te trat er bei verschiedenen Gelegenheiten als Gastsolist auf, wobei er seine Auftritte als Solist mit der Band der SAM La Filarm\u00f3nica de Callosa de Segura hervorhob. Er hat unter anderem an Schulungen von Joaqu\u00edn Geric\u00f3 Trilla und Juan Francisco Cayuelas Grao teilgenommen.<\/p>\n<\/div>\n<\/div><\/div>\n\n\n<div class=\"woocommerce columns-4\"><ul class=\"products columns-4\">\n<li class=\"desktop-align-left tablet-align-left mobile-align-left ast-product-gallery-layout-horizontal-slider product type-product post-957 status-publish first instock product_cat-sinfonicas product_tag-fernando-espi-cremades has-post-thumbnail downloadable virtual taxable purchasable product-type-simple\">\n\t<a href=\"https:\/\/www.omnesbands.international\/de\/produkt\/cordes-al-vent\/\" class=\"woocommerce-LoopProduct-link woocommerce-loop-product__link\"><img loading=\"lazy\" decoding=\"async\" width=\"300\" height=\"300\" src=\"https:\/\/www.omnesbands.international\/wp-content\/uploads\/2023\/01\/Cordes-al-Vent-300x300.jpg\" class=\"attachment-woocommerce_thumbnail size-woocommerce_thumbnail\" alt=\"Cordes al vent\" srcset=\"https:\/\/www.omnesbands.international\/wp-content\/uploads\/2023\/01\/Cordes-al-Vent-300x300.jpg 300w, https:\/\/www.omnesbands.international\/wp-content\/uploads\/2023\/01\/Cordes-al-Vent-150x150.jpg 150w, https:\/\/www.omnesbands.international\/wp-content\/uploads\/2023\/01\/Cordes-al-Vent-100x100.jpg 100w\" sizes=\"auto, (max-width: 300px) 100vw, 300px\" \/><h2 class=\"woocommerce-loop-product__title\">Schn\u00fcre zum entl\u00fcften<\/h2>\n\t<span class=\"price\"><span class=\"woocommerce-Price-amount amount\"><bdi><span class=\"woocommerce-Price-currencySymbol\">&#36;<\/span>30.00<\/bdi><\/span><\/span>\n<\/a><a href=\"\/de\/wp-json\/wp\/v2\/pages\/1645?add-to-cart=957\" aria-describedby=\"woocommerce_loop_add_to_cart_link_describedby_957\" data-quantity=\"1\" class=\"button product_type_simple add_to_cart_button ajax_add_to_cart\" data-product_id=\"957\" data-product_sku=\"COR-SIN-ESP-22\" aria-label=\"Zum Warenkorb hinzuf\u00fcgen: \u201eCordes al vent\u201c\" rel=\"nofollow\" data-success_message=\"\u201eCordes al vent\u201c wurde deinem Warenkorb hinzugef\u00fcgt\" role=\"button\" data-no-translation=\"\" data-trp-gettext=\"\" data-no-translation-aria-label=\"\" data-no-translation-data-success_message=\"\">In den Warenkorb<\/a>\t<span id=\"woocommerce_loop_add_to_cart_link_describedby_957\" class=\"screen-reader-text\">\n\t\t\t<\/span>\n<\/li>\n<\/ul>\n<\/div>","protected":false},"excerpt":{"rendered":"<p>FERNANDO ESP\u00cd CREMADES Fernando Esp\u00ed es uno de los mejores guitarristas espa\u00f1oles del momento. Obtuvo el Premio extraordinario Fin de Carrera del maestro internacional D. Jos\u00e9 Tom\u00e1s en el Conservatorio Superior \u00abOscar Espl\u00e1\u00bb de Alicante donde actualmente ejerce la docencia como catedr\u00e1tico de guitarra. Posee el t\u00edtulo profesional de la especialidad de m\u00fasica antigua con [&hellip;]<\/p>\n","protected":false},"author":4,"featured_media":0,"parent":0,"menu_order":0,"comment_status":"closed","ping_status":"closed","template":"","meta":{"_acf_changed":false,"_uag_custom_page_level_css":"","site-sidebar-layout":"default","site-content-layout":"","ast-site-content-layout":"default","site-content-style":"default","site-sidebar-style":"default","ast-global-header-display":"","ast-banner-title-visibility":"","ast-main-header-display":"","ast-hfb-above-header-display":"","ast-hfb-below-header-display":"","ast-hfb-mobile-header-display":"","site-post-title":"disabled","ast-breadcrumbs-content":"","ast-featured-img":"","footer-sml-layout":"","ast-disable-related-posts":"","theme-transparent-header-meta":"","adv-header-id-meta":"","stick-header-meta":"","header-above-stick-meta":"","header-main-stick-meta":"","header-below-stick-meta":"","astra-migrate-meta-layouts":"default","ast-page-background-enabled":"default","ast-page-background-meta":{"desktop":{"background-color":"","background-image":"","background-repeat":"repeat","background-position":"center center","background-size":"auto","background-attachment":"scroll","background-type":"","background-media":"","overlay-type":"","overlay-color":"","overlay-opacity":"","overlay-gradient":""},"tablet":{"background-color":"","background-image":"","background-repeat":"repeat","background-position":"center center","background-size":"auto","background-attachment":"scroll","background-type":"","background-media":"","overlay-type":"","overlay-color":"","overlay-opacity":"","overlay-gradient":""},"mobile":{"background-color":"","background-image":"","background-repeat":"repeat","background-position":"center center","background-size":"auto","background-attachment":"scroll","background-type":"","background-media":"","overlay-type":"","overlay-color":"","overlay-opacity":"","overlay-gradient":""}},"ast-content-background-meta":{"desktop":{"background-color":"var(--ast-global-color-5)","background-image":"","background-repeat":"repeat","background-position":"center center","background-size":"auto","background-attachment":"scroll","background-type":"","background-media":"","overlay-type":"","overlay-color":"","overlay-opacity":"","overlay-gradient":""},"tablet":{"background-color":"var(--ast-global-color-5)","background-image":"","background-repeat":"repeat","background-position":"center center","background-size":"auto","background-attachment":"scroll","background-type":"","background-media":"","overlay-type":"","overlay-color":"","overlay-opacity":"","overlay-gradient":""},"mobile":{"background-color":"var(--ast-global-color-5)","background-image":"","background-repeat":"repeat","background-position":"center center","background-size":"auto","background-attachment":"scroll","background-type":"","background-media":"","overlay-type":"","overlay-color":"","overlay-opacity":"","overlay-gradient":""}},"footnotes":""},"class_list":["post-1645","page","type-page","status-publish","hentry"],"acf":[],"yoast_head":"<!-- This site is optimized with the Yoast SEO Premium plugin v22.4 (Yoast SEO v27.4) - https:\/\/yoast.com\/product\/yoast-seo-premium-wordpress\/ -->\n<title>FERNANDO ESP\u00cd CREMADES -<\/title>\n<meta name=\"robots\" content=\"index, follow, max-snippet:-1, max-image-preview:large, max-video-preview:-1\" \/>\n<link rel=\"canonical\" href=\"https:\/\/www.omnesbands.international\/de\/fernando-espi-cremades-2\/\" \/>\n<meta property=\"og:locale\" content=\"de_DE\" \/>\n<meta property=\"og:type\" content=\"article\" \/>\n<meta property=\"og:title\" content=\"FERNANDO ESP\u00cd CREMADES\" \/>\n<meta property=\"og:description\" content=\"FERNANDO ESP\u00cd CREMADES Fernando Esp\u00ed es uno de los mejores guitarristas espa\u00f1oles del momento. Obtuvo el Premio extraordinario Fin de Carrera del maestro internacional D. Jos\u00e9 Tom\u00e1s en el Conservatorio Superior \u00abOscar Espl\u00e1\u00bb de Alicante donde actualmente ejerce la docencia como catedr\u00e1tico de guitarra. Posee el t\u00edtulo profesional de la especialidad de m\u00fasica antigua con [&hellip;]\" \/>\n<meta property=\"og:url\" content=\"https:\/\/www.omnesbands.international\/de\/fernando-espi-cremades-2\/\" \/>\n<meta property=\"article:modified_time\" content=\"2023-01-28T21:24:49+00:00\" \/>\n<meta property=\"og:image\" content=\"https:\/\/www.omnesbands.international\/wp-content\/uploads\/2023\/01\/music-sheet-music-snowdrop-7107045.jpg\" \/>\n\t<meta property=\"og:image:width\" content=\"1280\" \/>\n\t<meta property=\"og:image:height\" content=\"742\" \/>\n\t<meta property=\"og:image:type\" content=\"image\/jpeg\" \/>\n<meta name=\"twitter:card\" content=\"summary_large_image\" \/>\n<meta name=\"twitter:label1\" content=\"Gesch\u00e4tzte Lesezeit\" \/>\n\t<meta name=\"twitter:data1\" content=\"2\u00a0Minuten\" \/>\n<script type=\"application\/ld+json\" class=\"yoast-schema-graph\">{\"@context\":\"https:\\\/\\\/schema.org\",\"@graph\":[{\"@type\":\"WebPage\",\"@id\":\"https:\\\/\\\/www.omnesbands.international\\\/de\\\/fernando-espi-cremades-2\\\/\",\"url\":\"https:\\\/\\\/www.omnesbands.international\\\/de\\\/fernando-espi-cremades-2\\\/\",\"name\":\"FERNANDO ESP\u00cd CREMADES -\",\"isPartOf\":{\"@id\":\"https:\\\/\\\/www.omnesbands.international\\\/#website\"},\"datePublished\":\"2023-01-28T21:23:09+00:00\",\"dateModified\":\"2023-01-28T21:24:49+00:00\",\"breadcrumb\":{\"@id\":\"https:\\\/\\\/www.omnesbands.international\\\/de\\\/fernando-espi-cremades-2\\\/#breadcrumb\"},\"inLanguage\":\"de\",\"potentialAction\":[{\"@type\":\"ReadAction\",\"target\":[\"https:\\\/\\\/www.omnesbands.international\\\/de\\\/fernando-espi-cremades-2\\\/\"]}]},{\"@type\":\"BreadcrumbList\",\"@id\":\"https:\\\/\\\/www.omnesbands.international\\\/de\\\/fernando-espi-cremades-2\\\/#breadcrumb\",\"itemListElement\":[{\"@type\":\"ListItem\",\"position\":1,\"name\":\"Portada\",\"item\":\"https:\\\/\\\/www.omnesbands.international\\\/\"},{\"@type\":\"ListItem\",\"position\":2,\"name\":\"FERNANDO ESP\u00cd CREMADES\"}]},{\"@type\":\"WebSite\",\"@id\":\"https:\\\/\\\/www.omnesbands.international\\\/#website\",\"url\":\"https:\\\/\\\/www.omnesbands.international\\\/\",\"name\":\"OMNESBANDS International\",\"description\":\"Partituras Originales de autores y compositores independientes\",\"publisher\":{\"@id\":\"https:\\\/\\\/www.omnesbands.international\\\/#organization\"},\"potentialAction\":[{\"@type\":\"SearchAction\",\"target\":{\"@type\":\"EntryPoint\",\"urlTemplate\":\"https:\\\/\\\/www.omnesbands.international\\\/?s={search_term_string}\"},\"query-input\":{\"@type\":\"PropertyValueSpecification\",\"valueRequired\":true,\"valueName\":\"search_term_string\"}}],\"inLanguage\":\"de\"},{\"@type\":\"Organization\",\"@id\":\"https:\\\/\\\/www.omnesbands.international\\\/#organization\",\"name\":\"Indra Consultores Internacionales\",\"alternateName\":\"Omnesbands\",\"url\":\"https:\\\/\\\/www.omnesbands.international\\\/\",\"logo\":{\"@type\":\"ImageObject\",\"inLanguage\":\"de\",\"@id\":\"https:\\\/\\\/www.omnesbands.international\\\/#\\\/schema\\\/logo\\\/image\\\/\",\"url\":\"https:\\\/\\\/omnesbands.international\\\/wp-content\\\/uploads\\\/2023\\\/06\\\/Logo-Nuevo-.png\",\"contentUrl\":\"https:\\\/\\\/omnesbands.international\\\/wp-content\\\/uploads\\\/2023\\\/06\\\/Logo-Nuevo-.png\",\"width\":394,\"height\":212,\"caption\":\"Indra Consultores Internacionales\"},\"image\":{\"@id\":\"https:\\\/\\\/www.omnesbands.international\\\/#\\\/schema\\\/logo\\\/image\\\/\"}}]}<\/script>\n<!-- \/ Yoast SEO Premium plugin. -->","yoast_head_json":{"title":"FERNANDO ESP\u00cd CREMADES -","robots":{"index":"index","follow":"follow","max-snippet":"max-snippet:-1","max-image-preview":"max-image-preview:large","max-video-preview":"max-video-preview:-1"},"canonical":"https:\/\/www.omnesbands.international\/de\/fernando-espi-cremades-2\/","og_locale":"de_DE","og_type":"article","og_title":"FERNANDO ESP\u00cd CREMADES","og_description":"FERNANDO ESP\u00cd CREMADES Fernando Esp\u00ed es uno de los mejores guitarristas espa\u00f1oles del momento. Obtuvo el Premio extraordinario Fin de Carrera del maestro internacional D. Jos\u00e9 Tom\u00e1s en el Conservatorio Superior \u00abOscar Espl\u00e1\u00bb de Alicante donde actualmente ejerce la docencia como catedr\u00e1tico de guitarra. Posee el t\u00edtulo profesional de la especialidad de m\u00fasica antigua con [&hellip;]","og_url":"https:\/\/www.omnesbands.international\/de\/fernando-espi-cremades-2\/","article_modified_time":"2023-01-28T21:24:49+00:00","og_image":[{"width":1280,"height":742,"url":"https:\/\/www.omnesbands.international\/wp-content\/uploads\/2023\/01\/music-sheet-music-snowdrop-7107045.jpg","type":"image\/jpeg"}],"twitter_card":"summary_large_image","twitter_misc":{"Gesch\u00e4tzte Lesezeit":"2\u00a0Minuten"},"schema":{"@context":"https:\/\/schema.org","@graph":[{"@type":"WebPage","@id":"https:\/\/www.omnesbands.international\/de\/fernando-espi-cremades-2\/","url":"https:\/\/www.omnesbands.international\/de\/fernando-espi-cremades-2\/","name":"FERNANDO ESP\u00cd CREMADES -","isPartOf":{"@id":"https:\/\/www.omnesbands.international\/#website"},"datePublished":"2023-01-28T21:23:09+00:00","dateModified":"2023-01-28T21:24:49+00:00","breadcrumb":{"@id":"https:\/\/www.omnesbands.international\/de\/fernando-espi-cremades-2\/#breadcrumb"},"inLanguage":"de","potentialAction":[{"@type":"ReadAction","target":["https:\/\/www.omnesbands.international\/de\/fernando-espi-cremades-2\/"]}]},{"@type":"BreadcrumbList","@id":"https:\/\/www.omnesbands.international\/de\/fernando-espi-cremades-2\/#breadcrumb","itemListElement":[{"@type":"ListItem","position":1,"name":"Portada","item":"https:\/\/www.omnesbands.international\/"},{"@type":"ListItem","position":2,"name":"FERNANDO ESP\u00cd CREMADES"}]},{"@type":"WebSite","@id":"https:\/\/www.omnesbands.international\/#website","url":"https:\/\/www.omnesbands.international\/","name":"OMNESBANDS International","description":"Original-Noten von unabh\u00e4ngigen Autoren und Komponisten","publisher":{"@id":"https:\/\/www.omnesbands.international\/#organization"},"potentialAction":[{"@type":"SearchAction","target":{"@type":"EntryPoint","urlTemplate":"https:\/\/www.omnesbands.international\/?s={search_term_string}"},"query-input":{"@type":"PropertyValueSpecification","valueRequired":true,"valueName":"search_term_string"}}],"inLanguage":"de"},{"@type":"Organization","@id":"https:\/\/www.omnesbands.international\/#organization","name":"Indra Internationale Berater","alternateName":"Omnesbands","url":"https:\/\/www.omnesbands.international\/","logo":{"@type":"ImageObject","inLanguage":"de","@id":"https:\/\/www.omnesbands.international\/#\/schema\/logo\/image\/","url":"https:\/\/omnesbands.international\/wp-content\/uploads\/2023\/06\/Logo-Nuevo-.png","contentUrl":"https:\/\/omnesbands.international\/wp-content\/uploads\/2023\/06\/Logo-Nuevo-.png","width":394,"height":212,"caption":"Indra Consultores Internacionales"},"image":{"@id":"https:\/\/www.omnesbands.international\/#\/schema\/logo\/image\/"}}]}},"uagb_featured_image_src":{"full":false,"thumbnail":false,"medium":false,"medium_large":false,"large":false,"1536x1536":false,"2048x2048":false,"trp-custom-language-flag":false,"gg_gallery_thumbnail":false,"woocommerce_thumbnail":false,"woocommerce_single":false,"woocommerce_gallery_thumbnail":false},"uagb_author_info":{"display_name":"Melvin R. Portillo A:","author_link":"https:\/\/www.omnesbands.international\/de\/author\/portand\/"},"uagb_comment_info":0,"uagb_excerpt":"FERNANDO ESP\u00cd CREMADES Fernando Esp\u00ed es uno de los mejores guitarristas espa\u00f1oles del momento. Obtuvo el Premio extraordinario Fin de Carrera del maestro internacional D. Jos\u00e9 Tom\u00e1s en el Conservatorio Superior \u00abOscar Espl\u00e1\u00bb de Alicante donde actualmente ejerce la docencia como catedr\u00e1tico de guitarra. Posee el t\u00edtulo profesional de la especialidad de m\u00fasica antigua con&hellip;","_links":{"self":[{"href":"https:\/\/www.omnesbands.international\/de\/wp-json\/wp\/v2\/pages\/1645","targetHints":{"allow":["GET"]}}],"collection":[{"href":"https:\/\/www.omnesbands.international\/de\/wp-json\/wp\/v2\/pages"}],"about":[{"href":"https:\/\/www.omnesbands.international\/de\/wp-json\/wp\/v2\/types\/page"}],"author":[{"embeddable":true,"href":"https:\/\/www.omnesbands.international\/de\/wp-json\/wp\/v2\/users\/4"}],"replies":[{"embeddable":true,"href":"https:\/\/www.omnesbands.international\/de\/wp-json\/wp\/v2\/comments?post=1645"}],"version-history":[{"count":2,"href":"https:\/\/www.omnesbands.international\/de\/wp-json\/wp\/v2\/pages\/1645\/revisions"}],"predecessor-version":[{"id":1648,"href":"https:\/\/www.omnesbands.international\/de\/wp-json\/wp\/v2\/pages\/1645\/revisions\/1648"}],"wp:attachment":[{"href":"https:\/\/www.omnesbands.international\/de\/wp-json\/wp\/v2\/media?parent=1645"}],"curies":[{"name":"wp","href":"https:\/\/api.w.org\/{rel}","templated":true}]}}