{"id":1649,"date":"2023-01-28T15:47:48","date_gmt":"2023-01-28T21:47:48","guid":{"rendered":"https:\/\/omnesbands.international\/?page_id=1649"},"modified":"2023-01-28T15:47:50","modified_gmt":"2023-01-28T21:47:50","slug":"ferran-sanchis-gandia-2","status":"publish","type":"page","link":"https:\/\/www.omnesbands.international\/de\/ferran-sanchis-gandia-2\/","title":{"rendered":"FERRAN SANCHIS GANDIA"},"content":{"rendered":"<div class=\"wp-block-uagb-container uagb-block-5deeb3f5 alignfull uagb-is-root-container\"><div class=\"uagb-container-inner-blocks-wrap\">\n<div class=\"wp-block-uagb-advanced-heading uagb-block-d38152a1\"><h1 class=\"uagb-heading-text\"><strong>FERRAN SANCHIS GANDIA<\/strong><\/h1><\/div>\n<\/div><\/div>\n\n\n\n<div class=\"wp-block-uagb-container uagb-block-4f4993f8 alignfull uagb-is-root-container\"><div class=\"uagb-container-inner-blocks-wrap\">\n<div class=\"wp-block-uagb-container uagb-block-9da3aa46\">\n<p>Ferran Sanchis Gandia, geboren in Ontinyent (Valencia), hat am Berufskonservatorium \u201eMelcior Gomis\u201c von Ontinyent die Fachrichtung Saxophon studiert und einen h\u00f6heren Abschluss am H\u00f6heren Konservatorium f\u00fcr Musik \u201eJoaqu\u00edn Rodrigo\u201c in Valencia in der Fachrichtung erworben Komposition, zus\u00e4tzlich zur Erlangung des Diploms in Wirtschaftswissenschaften an der Universit\u00e4t Valencia. Er nahm an Dirigierkursen beim kubanischen Lehrer Norman Milan\u00e9s teil, bei dem er auch Komposition und Harmonielehre studierte, beim Lehrer Jose Rafael Pascual Vilaplana an der Vall d&#039;Albaida Regional School und bei Alex Schillings am ISEB (European Bandist Institute). Trient (Italien).<\/p>\n<p>Im akademischen Jahr 2014\u20132015 erhielt er ein Stipendium zur Fortsetzung seines Kompositionsstudiums an der \u201eFranz-Liszt-Musikakademie\u201c in Budapest (Ungarn) bei Maestro Gyula Fekete. Dar\u00fcber hinaus wurde er vom ungarischen Bildungsministerium und dem \u201e Franz-Liszt-Akademie f\u00fcr Musik\u201c zu Ehren von J\u00f3zsef S\u00e1ri; einer der bedeutendsten lebenden ungarischen Komponisten.<\/p>\n<p>Er leitete die Young Band der Ontinyent Musical Group, die Young Band der Alfarras\u00ed Musical Instruction, die Atzeneta Musical Union von Albaida und die Dol\u00e7aines- und Tabales-Gruppe \u201eEl Regall\u201c von Ontinyent, mit der er den 2. Preis in der III Villa de Altea Dulzainas und Percussion Group Contest, die Musikgesellschaft \u201eSan Francisco de Paula\u201c von Bolbaite, mit der sie den 3. Preis beim XXXIII Provincial Music Band Contest gewann, die Agres Musical Union, die Musical Union von Aielo de Malferit, die Uni\u00f3n Musical Santa Cecilia de Sedav\u00ed und der Uni\u00f3n Musical Benicadell de Castell\u00f3 de Rugat, mit denen er im August den 1. Preis beim V Festival Music Contest und den 3. Preis beim X National Film Music Band Contest \u201eCity of Cullera\u201c gewann.<\/p>\n<\/div>\n<\/div><\/div>\n\n\n<div class=\"woocommerce columns-4\"><ul class=\"products columns-4\">\n<li class=\"desktop-align-left tablet-align-left mobile-align-left ast-product-gallery-layout-horizontal-slider product type-product post-1065 status-publish first instock product_cat-musica-de-calle product_tag-ferran-sanchis-gandia has-post-thumbnail downloadable virtual taxable purchasable product-type-simple\">\n\t<a href=\"https:\/\/www.omnesbands.international\/de\/produkt\/arrels\/\" class=\"woocommerce-LoopProduct-link woocommerce-loop-product__link\"><img loading=\"lazy\" decoding=\"async\" width=\"300\" height=\"300\" src=\"https:\/\/www.omnesbands.international\/wp-content\/uploads\/2023\/01\/Arrels-300x300.jpg\" class=\"attachment-woocommerce_thumbnail size-woocommerce_thumbnail\" alt=\"Arrels\" srcset=\"https:\/\/www.omnesbands.international\/wp-content\/uploads\/2023\/01\/Arrels-300x300.jpg 300w, https:\/\/www.omnesbands.international\/wp-content\/uploads\/2023\/01\/Arrels-150x150.jpg 150w, https:\/\/www.omnesbands.international\/wp-content\/uploads\/2023\/01\/Arrels-100x100.jpg 100w\" sizes=\"auto, (max-width: 300px) 100vw, 300px\" \/><h2 class=\"woocommerce-loop-product__title\">Arrel<\/h2>\n\t<span class=\"price\"><span class=\"woocommerce-Price-amount amount\"><bdi><span class=\"woocommerce-Price-currencySymbol\">&#36;<\/span>25.00<\/bdi><\/span><\/span>\n<\/a><a href=\"\/de\/wp-json\/wp\/v2\/pages\/1649?add-to-cart=1065\" aria-describedby=\"woocommerce_loop_add_to_cart_link_describedby_1065\" data-quantity=\"1\" class=\"button product_type_simple add_to_cart_button ajax_add_to_cart\" data-product_id=\"1065\" data-product_sku=\"ARR-CAL-ESP-22\" aria-label=\"Zum Warenkorb hinzuf\u00fcgen: \u201eArrels\u201c\" rel=\"nofollow\" data-success_message=\"\u201eArrels\u201c wurde deinem Warenkorb hinzugef\u00fcgt\" role=\"button\" data-no-translation=\"\" data-trp-gettext=\"\" data-no-translation-aria-label=\"\" data-no-translation-data-success_message=\"\">In den Warenkorb<\/a>\t<span id=\"woocommerce_loop_add_to_cart_link_describedby_1065\" class=\"screen-reader-text\">\n\t\t\t<\/span>\n<\/li>\n<\/ul>\n<\/div>","protected":false},"excerpt":{"rendered":"<p>FERRAN SANCHIS GANDIA Ferran Sanchis Gandia nacido en Ontinyent (Valencia) ha estudiado en el Conservatorio Profesional \u201cMelcior Gomis\u201d de Ontinyent con la especialidad de Saxof\u00f3n, y es Titulado Superior en el Conservatorio Superior de M\u00fasica \u201cJoaqu\u00edn Rodrigo\u201d en Valencia en la especialidad de Composici\u00f3n, adem\u00e1s de obtener la Diplomatura de Ciencias Empresariales en la Universidad [&hellip;]<\/p>\n","protected":false},"author":4,"featured_media":0,"parent":0,"menu_order":0,"comment_status":"closed","ping_status":"closed","template":"","meta":{"_acf_changed":false,"_uag_custom_page_level_css":"","site-sidebar-layout":"default","site-content-layout":"","ast-site-content-layout":"default","site-content-style":"default","site-sidebar-style":"default","ast-global-header-display":"","ast-banner-title-visibility":"","ast-main-header-display":"","ast-hfb-above-header-display":"","ast-hfb-below-header-display":"","ast-hfb-mobile-header-display":"","site-post-title":"disabled","ast-breadcrumbs-content":"","ast-featured-img":"","footer-sml-layout":"","ast-disable-related-posts":"","theme-transparent-header-meta":"","adv-header-id-meta":"","stick-header-meta":"","header-above-stick-meta":"","header-main-stick-meta":"","header-below-stick-meta":"","astra-migrate-meta-layouts":"default","ast-page-background-enabled":"default","ast-page-background-meta":{"desktop":{"background-color":"","background-image":"","background-repeat":"repeat","background-position":"center center","background-size":"auto","background-attachment":"scroll","background-type":"","background-media":"","overlay-type":"","overlay-color":"","overlay-opacity":"","overlay-gradient":""},"tablet":{"background-color":"","background-image":"","background-repeat":"repeat","background-position":"center center","background-size":"auto","background-attachment":"scroll","background-type":"","background-media":"","overlay-type":"","overlay-color":"","overlay-opacity":"","overlay-gradient":""},"mobile":{"background-color":"","background-image":"","background-repeat":"repeat","background-position":"center center","background-size":"auto","background-attachment":"scroll","background-type":"","background-media":"","overlay-type":"","overlay-color":"","overlay-opacity":"","overlay-gradient":""}},"ast-content-background-meta":{"desktop":{"background-color":"var(--ast-global-color-5)","background-image":"","background-repeat":"repeat","background-position":"center center","background-size":"auto","background-attachment":"scroll","background-type":"","background-media":"","overlay-type":"","overlay-color":"","overlay-opacity":"","overlay-gradient":""},"tablet":{"background-color":"var(--ast-global-color-5)","background-image":"","background-repeat":"repeat","background-position":"center center","background-size":"auto","background-attachment":"scroll","background-type":"","background-media":"","overlay-type":"","overlay-color":"","overlay-opacity":"","overlay-gradient":""},"mobile":{"background-color":"var(--ast-global-color-5)","background-image":"","background-repeat":"repeat","background-position":"center center","background-size":"auto","background-attachment":"scroll","background-type":"","background-media":"","overlay-type":"","overlay-color":"","overlay-opacity":"","overlay-gradient":""}},"footnotes":""},"class_list":["post-1649","page","type-page","status-publish","hentry"],"acf":[],"yoast_head":"<!-- This site is optimized with the Yoast SEO Premium plugin v22.4 (Yoast SEO v27.4) - https:\/\/yoast.com\/product\/yoast-seo-premium-wordpress\/ -->\n<title>FERRAN SANCHIS GANDIA -<\/title>\n<meta name=\"robots\" content=\"index, follow, max-snippet:-1, max-image-preview:large, max-video-preview:-1\" \/>\n<link rel=\"canonical\" href=\"https:\/\/www.omnesbands.international\/de\/ferran-sanchis-gandia-2\/\" \/>\n<meta property=\"og:locale\" content=\"de_DE\" \/>\n<meta property=\"og:type\" content=\"article\" \/>\n<meta property=\"og:title\" content=\"FERRAN SANCHIS GANDIA\" \/>\n<meta property=\"og:description\" content=\"FERRAN SANCHIS GANDIA Ferran Sanchis Gandia nacido en Ontinyent (Valencia) ha estudiado en el Conservatorio Profesional \u201cMelcior Gomis\u201d de Ontinyent con la especialidad de Saxof\u00f3n, y es Titulado Superior en el Conservatorio Superior de M\u00fasica \u201cJoaqu\u00edn Rodrigo\u201d en Valencia en la especialidad de Composici\u00f3n, adem\u00e1s de obtener la Diplomatura de Ciencias Empresariales en la Universidad [&hellip;]\" \/>\n<meta property=\"og:url\" content=\"https:\/\/www.omnesbands.international\/de\/ferran-sanchis-gandia-2\/\" \/>\n<meta property=\"article:modified_time\" content=\"2023-01-28T21:47:50+00:00\" \/>\n<meta property=\"og:image\" content=\"https:\/\/www.omnesbands.international\/wp-content\/uploads\/2023\/01\/music-sheet-music-snowdrop-7107045.jpg\" \/>\n\t<meta property=\"og:image:width\" content=\"1280\" \/>\n\t<meta property=\"og:image:height\" content=\"742\" \/>\n\t<meta property=\"og:image:type\" content=\"image\/jpeg\" \/>\n<meta name=\"twitter:card\" content=\"summary_large_image\" \/>\n<meta name=\"twitter:label1\" content=\"Gesch\u00e4tzte Lesezeit\" \/>\n\t<meta name=\"twitter:data1\" content=\"2\u00a0Minuten\" \/>\n<script type=\"application\/ld+json\" class=\"yoast-schema-graph\">{\"@context\":\"https:\\\/\\\/schema.org\",\"@graph\":[{\"@type\":\"WebPage\",\"@id\":\"https:\\\/\\\/www.omnesbands.international\\\/ferran-sanchis-gandia-2\\\/\",\"url\":\"https:\\\/\\\/www.omnesbands.international\\\/ferran-sanchis-gandia-2\\\/\",\"name\":\"FERRAN SANCHIS GANDIA -\",\"isPartOf\":{\"@id\":\"https:\\\/\\\/www.omnesbands.international\\\/#website\"},\"datePublished\":\"2023-01-28T21:47:48+00:00\",\"dateModified\":\"2023-01-28T21:47:50+00:00\",\"breadcrumb\":{\"@id\":\"https:\\\/\\\/www.omnesbands.international\\\/ferran-sanchis-gandia-2\\\/#breadcrumb\"},\"inLanguage\":\"de\",\"potentialAction\":[{\"@type\":\"ReadAction\",\"target\":[\"https:\\\/\\\/www.omnesbands.international\\\/ferran-sanchis-gandia-2\\\/\"]}]},{\"@type\":\"BreadcrumbList\",\"@id\":\"https:\\\/\\\/www.omnesbands.international\\\/ferran-sanchis-gandia-2\\\/#breadcrumb\",\"itemListElement\":[{\"@type\":\"ListItem\",\"position\":1,\"name\":\"Portada\",\"item\":\"https:\\\/\\\/www.omnesbands.international\\\/\"},{\"@type\":\"ListItem\",\"position\":2,\"name\":\"FERRAN SANCHIS GANDIA\"}]},{\"@type\":\"WebSite\",\"@id\":\"https:\\\/\\\/www.omnesbands.international\\\/#website\",\"url\":\"https:\\\/\\\/www.omnesbands.international\\\/\",\"name\":\"OMNESBANDS International\",\"description\":\"Partituras Originales de autores y compositores independientes\",\"publisher\":{\"@id\":\"https:\\\/\\\/www.omnesbands.international\\\/#organization\"},\"potentialAction\":[{\"@type\":\"SearchAction\",\"target\":{\"@type\":\"EntryPoint\",\"urlTemplate\":\"https:\\\/\\\/www.omnesbands.international\\\/?s={search_term_string}\"},\"query-input\":{\"@type\":\"PropertyValueSpecification\",\"valueRequired\":true,\"valueName\":\"search_term_string\"}}],\"inLanguage\":\"de\"},{\"@type\":\"Organization\",\"@id\":\"https:\\\/\\\/www.omnesbands.international\\\/#organization\",\"name\":\"Indra Consultores Internacionales\",\"alternateName\":\"Omnesbands\",\"url\":\"https:\\\/\\\/www.omnesbands.international\\\/\",\"logo\":{\"@type\":\"ImageObject\",\"inLanguage\":\"de\",\"@id\":\"https:\\\/\\\/www.omnesbands.international\\\/#\\\/schema\\\/logo\\\/image\\\/\",\"url\":\"https:\\\/\\\/omnesbands.international\\\/wp-content\\\/uploads\\\/2023\\\/06\\\/Logo-Nuevo-.png\",\"contentUrl\":\"https:\\\/\\\/omnesbands.international\\\/wp-content\\\/uploads\\\/2023\\\/06\\\/Logo-Nuevo-.png\",\"width\":394,\"height\":212,\"caption\":\"Indra Consultores Internacionales\"},\"image\":{\"@id\":\"https:\\\/\\\/www.omnesbands.international\\\/#\\\/schema\\\/logo\\\/image\\\/\"}}]}<\/script>\n<!-- \/ Yoast SEO Premium plugin. -->","yoast_head_json":{"title":"FERRAN SANCHIS GANDIA -","robots":{"index":"index","follow":"follow","max-snippet":"max-snippet:-1","max-image-preview":"max-image-preview:large","max-video-preview":"max-video-preview:-1"},"canonical":"https:\/\/www.omnesbands.international\/de\/ferran-sanchis-gandia-2\/","og_locale":"de_DE","og_type":"article","og_title":"FERRAN SANCHIS GANDIA","og_description":"FERRAN SANCHIS GANDIA Ferran Sanchis Gandia nacido en Ontinyent (Valencia) ha estudiado en el Conservatorio Profesional \u201cMelcior Gomis\u201d de Ontinyent con la especialidad de Saxof\u00f3n, y es Titulado Superior en el Conservatorio Superior de M\u00fasica \u201cJoaqu\u00edn Rodrigo\u201d en Valencia en la especialidad de Composici\u00f3n, adem\u00e1s de obtener la Diplomatura de Ciencias Empresariales en la Universidad [&hellip;]","og_url":"https:\/\/www.omnesbands.international\/de\/ferran-sanchis-gandia-2\/","article_modified_time":"2023-01-28T21:47:50+00:00","og_image":[{"width":1280,"height":742,"url":"https:\/\/www.omnesbands.international\/wp-content\/uploads\/2023\/01\/music-sheet-music-snowdrop-7107045.jpg","type":"image\/jpeg"}],"twitter_card":"summary_large_image","twitter_misc":{"Gesch\u00e4tzte Lesezeit":"2\u00a0Minuten"},"schema":{"@context":"https:\/\/schema.org","@graph":[{"@type":"WebPage","@id":"https:\/\/www.omnesbands.international\/ferran-sanchis-gandia-2\/","url":"https:\/\/www.omnesbands.international\/ferran-sanchis-gandia-2\/","name":"FERRAN SANCHIS GANDIA -","isPartOf":{"@id":"https:\/\/www.omnesbands.international\/#website"},"datePublished":"2023-01-28T21:47:48+00:00","dateModified":"2023-01-28T21:47:50+00:00","breadcrumb":{"@id":"https:\/\/www.omnesbands.international\/ferran-sanchis-gandia-2\/#breadcrumb"},"inLanguage":"de","potentialAction":[{"@type":"ReadAction","target":["https:\/\/www.omnesbands.international\/ferran-sanchis-gandia-2\/"]}]},{"@type":"BreadcrumbList","@id":"https:\/\/www.omnesbands.international\/ferran-sanchis-gandia-2\/#breadcrumb","itemListElement":[{"@type":"ListItem","position":1,"name":"Portada","item":"https:\/\/www.omnesbands.international\/"},{"@type":"ListItem","position":2,"name":"FERRAN SANCHIS GANDIA"}]},{"@type":"WebSite","@id":"https:\/\/www.omnesbands.international\/#website","url":"https:\/\/www.omnesbands.international\/","name":"OMNESBANDS International","description":"Original-Noten von unabh\u00e4ngigen Autoren und Komponisten","publisher":{"@id":"https:\/\/www.omnesbands.international\/#organization"},"potentialAction":[{"@type":"SearchAction","target":{"@type":"EntryPoint","urlTemplate":"https:\/\/www.omnesbands.international\/?s={search_term_string}"},"query-input":{"@type":"PropertyValueSpecification","valueRequired":true,"valueName":"search_term_string"}}],"inLanguage":"de"},{"@type":"Organization","@id":"https:\/\/www.omnesbands.international\/#organization","name":"Indra Internationale Berater","alternateName":"Omnesbands","url":"https:\/\/www.omnesbands.international\/","logo":{"@type":"ImageObject","inLanguage":"de","@id":"https:\/\/www.omnesbands.international\/#\/schema\/logo\/image\/","url":"https:\/\/omnesbands.international\/wp-content\/uploads\/2023\/06\/Logo-Nuevo-.png","contentUrl":"https:\/\/omnesbands.international\/wp-content\/uploads\/2023\/06\/Logo-Nuevo-.png","width":394,"height":212,"caption":"Indra Consultores Internacionales"},"image":{"@id":"https:\/\/www.omnesbands.international\/#\/schema\/logo\/image\/"}}]}},"uagb_featured_image_src":{"full":false,"thumbnail":false,"medium":false,"medium_large":false,"large":false,"1536x1536":false,"2048x2048":false,"trp-custom-language-flag":false,"gg_gallery_thumbnail":false,"woocommerce_thumbnail":false,"woocommerce_single":false,"woocommerce_gallery_thumbnail":false},"uagb_author_info":{"display_name":"Melvin R. Portillo A:","author_link":"https:\/\/www.omnesbands.international\/de\/author\/portand\/"},"uagb_comment_info":0,"uagb_excerpt":"FERRAN SANCHIS GANDIA Ferran Sanchis Gandia nacido en Ontinyent (Valencia) ha estudiado en el Conservatorio Profesional \u201cMelcior Gomis\u201d de Ontinyent con la especialidad de Saxof\u00f3n, y es Titulado Superior en el Conservatorio Superior de M\u00fasica \u201cJoaqu\u00edn Rodrigo\u201d en Valencia en la especialidad de Composici\u00f3n, adem\u00e1s de obtener la Diplomatura de Ciencias Empresariales en la Universidad&hellip;","_links":{"self":[{"href":"https:\/\/www.omnesbands.international\/de\/wp-json\/wp\/v2\/pages\/1649","targetHints":{"allow":["GET"]}}],"collection":[{"href":"https:\/\/www.omnesbands.international\/de\/wp-json\/wp\/v2\/pages"}],"about":[{"href":"https:\/\/www.omnesbands.international\/de\/wp-json\/wp\/v2\/types\/page"}],"author":[{"embeddable":true,"href":"https:\/\/www.omnesbands.international\/de\/wp-json\/wp\/v2\/users\/4"}],"replies":[{"embeddable":true,"href":"https:\/\/www.omnesbands.international\/de\/wp-json\/wp\/v2\/comments?post=1649"}],"version-history":[{"count":1,"href":"https:\/\/www.omnesbands.international\/de\/wp-json\/wp\/v2\/pages\/1649\/revisions"}],"predecessor-version":[{"id":1650,"href":"https:\/\/www.omnesbands.international\/de\/wp-json\/wp\/v2\/pages\/1649\/revisions\/1650"}],"wp:attachment":[{"href":"https:\/\/www.omnesbands.international\/de\/wp-json\/wp\/v2\/media?parent=1649"}],"curies":[{"name":"wp","href":"https:\/\/api.w.org\/{rel}","templated":true}]}}