{"id":1651,"date":"2023-01-28T15:50:52","date_gmt":"2023-01-28T21:50:52","guid":{"rendered":"https:\/\/omnesbands.international\/?page_id=1651"},"modified":"2023-01-28T15:53:38","modified_gmt":"2023-01-28T21:53:38","slug":"francesc-cerda-alibana","status":"publish","type":"page","link":"https:\/\/www.omnesbands.international\/de\/francesc-cerda-alibana\/","title":{"rendered":"FRANCESC CERD\u00c1 ALIBA\u00d1A"},"content":{"rendered":"<div class=\"wp-block-uagb-container uagb-block-9689c300 alignfull uagb-is-root-container\"><div class=\"uagb-container-inner-blocks-wrap\">\n<div class=\"wp-block-uagb-advanced-heading uagb-block-f68b379e\"><h1 class=\"uagb-heading-text\"><strong>FRANCESC CERD\u00c1 ALIBA\u00d1A<\/strong><\/h1><\/div>\n<\/div><\/div>\n\n\n\n<div class=\"wp-block-uagb-container uagb-block-f5c02d00 alignfull uagb-is-root-container\"><div class=\"uagb-container-inner-blocks-wrap\">\n<div class=\"wp-block-uagb-container uagb-block-e79ac3d9\">\n<p><span style=\"font-size: 1rem; color: inherit; background-color: var(--ast-global-color-5);\">Er wurde am 27. Mai 1960 in L&#039;Olleria (Valencia) geboren. Er begann seine musikalische Karriere in der Band der Musikgesellschaft \u201eSanta Cecilia\u201c seiner Heimatstadt mit dem Requinto als Instrument. Sp\u00e4ter arbeitete er dort Klarinettengruppe. Schlagzeug, Keyboards und wurde dessen stellvertretender Direktor. sowie Leiter der jungen Band (1989-931). Die Ankunft von Liberto Benet als Leiter der Band (1980) motivierte seine Weiterentwicklung als Komponist und er hatte seinen ersten Erfolg mit der Hymne des L&#039;Olleria Festivals. Sp\u00e4ter wurde er widmete sich mit Vorliebe der Musik f\u00fcr das Mauren- und Christenfest. <br>Nach Abschluss seines Musikp\u00e4dagogikstudiums unterrichtete er Musiktheorie und Klarinettenunterricht an verschiedenen Musikschulen in Pedreguer und Bellus. l&#039;011eria, Er war zwischen iggrt und 2002 Musikp\u00e4dagoge an mehreren Schulen in Katalonien. Im Schuljahr 2002-2003 \u00fcbte er diese Funktion in seiner Heimatstadt aus <br>Im Jahr 2004 wurde in l&#039;011eria der Francesc Cerd\u00e1 Festival-Musikwettbewerb und -Wettbewerb in Anerkennung seiner Arbeit f\u00fcr die Musik und das Feiern seiner Stadt ins Leben gerufen.<br>begann sein Kompositionsstudium an der \u201eFranz-Liszt-Musikakademie\u201c in Budapest (Ungarn) bei Maestro Gyula Fekete und wurde au\u00dferdem vom ungarischen Bildungsministerium und der \u201eFranz-Liszt-Musikakademie\u201c ausgew\u00e4hlt, um J\u00f3zsef Sari zu w\u00fcrdigen; einer der bedeutendsten lebenden ungarischen Komponisten.<\/span><\/p>\n<p>Er leitete die Young Band der Ontinyent Musical Group, die Young Band der Alfarras\u00ed Musical Instruction, die Atzeneta Musical Union von Albaida und die Dol\u00e7aines- und Tabales-Gruppe \u201eEl Regall\u201c von Ontinyent, mit der er den 2. Preis in der III Villa de Altea Dulzainas und Percussion Group Contest, die Musikgesellschaft \u201eSan Francisco de Paula\u201c von Bolbaite, mit der sie den 3. Preis beim XXXIII Provincial Music Band Contest gewann, die Agres Musical Union, die Musical Union von Aielo de Malferit, die Uni\u00f3n Musical Santa Cecilia de Sedav\u00ed und der Uni\u00f3n Musical Benicadell de Castell\u00f3 de Rugat, mit denen er im August den 1. Preis beim V Festival Music Contest und den 3. Preis beim X National Film Music Band Contest \u201eCity of Cullera\u201c gewann.<\/p>\n<\/div>\n<\/div><\/div>\n\n\n<div class=\"woocommerce columns-4\"><\/div>","protected":false},"excerpt":{"rendered":"<p>FRANCESC CERD\u00c1 ALIBA\u00d1A Nace en L\u00b4Olleria (Valencia) el 27 de mayo de 1960. Se inici\u00f3 en la m\u00fasica en la banda de la Sociedad Musical -Santa Cecilia&#8217; de su localidad natal, con el requinto como instrumento Despu\u00e9s ocupo en la misma formaci\u00f3n del clarinete. la percusi\u00f3n, los teclados y lleg\u00f3 a ser su subdirector. as\u00ed [&hellip;]<\/p>\n","protected":false},"author":4,"featured_media":0,"parent":0,"menu_order":0,"comment_status":"closed","ping_status":"closed","template":"","meta":{"_acf_changed":false,"_uag_custom_page_level_css":"","site-sidebar-layout":"default","site-content-layout":"","ast-site-content-layout":"default","site-content-style":"default","site-sidebar-style":"default","ast-global-header-display":"","ast-banner-title-visibility":"","ast-main-header-display":"","ast-hfb-above-header-display":"","ast-hfb-below-header-display":"","ast-hfb-mobile-header-display":"","site-post-title":"disabled","ast-breadcrumbs-content":"","ast-featured-img":"","footer-sml-layout":"","ast-disable-related-posts":"","theme-transparent-header-meta":"","adv-header-id-meta":"","stick-header-meta":"","header-above-stick-meta":"","header-main-stick-meta":"","header-below-stick-meta":"","astra-migrate-meta-layouts":"default","ast-page-background-enabled":"default","ast-page-background-meta":{"desktop":{"background-color":"","background-image":"","background-repeat":"repeat","background-position":"center center","background-size":"auto","background-attachment":"scroll","background-type":"","background-media":"","overlay-type":"","overlay-color":"","overlay-opacity":"","overlay-gradient":""},"tablet":{"background-color":"","background-image":"","background-repeat":"repeat","background-position":"center center","background-size":"auto","background-attachment":"scroll","background-type":"","background-media":"","overlay-type":"","overlay-color":"","overlay-opacity":"","overlay-gradient":""},"mobile":{"background-color":"","background-image":"","background-repeat":"repeat","background-position":"center center","background-size":"auto","background-attachment":"scroll","background-type":"","background-media":"","overlay-type":"","overlay-color":"","overlay-opacity":"","overlay-gradient":""}},"ast-content-background-meta":{"desktop":{"background-color":"var(--ast-global-color-5)","background-image":"","background-repeat":"repeat","background-position":"center center","background-size":"auto","background-attachment":"scroll","background-type":"","background-media":"","overlay-type":"","overlay-color":"","overlay-opacity":"","overlay-gradient":""},"tablet":{"background-color":"var(--ast-global-color-5)","background-image":"","background-repeat":"repeat","background-position":"center center","background-size":"auto","background-attachment":"scroll","background-type":"","background-media":"","overlay-type":"","overlay-color":"","overlay-opacity":"","overlay-gradient":""},"mobile":{"background-color":"var(--ast-global-color-5)","background-image":"","background-repeat":"repeat","background-position":"center center","background-size":"auto","background-attachment":"scroll","background-type":"","background-media":"","overlay-type":"","overlay-color":"","overlay-opacity":"","overlay-gradient":""}},"footnotes":""},"class_list":["post-1651","page","type-page","status-publish","hentry"],"acf":[],"yoast_head":"<!-- This site is optimized with the Yoast SEO Premium plugin v22.4 (Yoast SEO v27.4) - https:\/\/yoast.com\/product\/yoast-seo-premium-wordpress\/ -->\n<title>FRANCESC CERD\u00c1 ALIBA\u00d1A -<\/title>\n<meta name=\"robots\" content=\"index, follow, max-snippet:-1, max-image-preview:large, max-video-preview:-1\" \/>\n<link rel=\"canonical\" href=\"https:\/\/www.omnesbands.international\/de\/francesc-cerda-alibana\/\" \/>\n<meta property=\"og:locale\" content=\"de_DE\" \/>\n<meta property=\"og:type\" content=\"article\" \/>\n<meta property=\"og:title\" content=\"FRANCESC CERD\u00c1 ALIBA\u00d1A\" \/>\n<meta property=\"og:description\" content=\"FRANCESC CERD\u00c1 ALIBA\u00d1A Nace en L\u00b4Olleria (Valencia) el 27 de mayo de 1960. Se inici\u00f3 en la m\u00fasica en la banda de la Sociedad Musical -Santa Cecilia&#8217; de su localidad natal, con el requinto como instrumento Despu\u00e9s ocupo en la misma formaci\u00f3n del clarinete. la percusi\u00f3n, los teclados y lleg\u00f3 a ser su subdirector. as\u00ed [&hellip;]\" \/>\n<meta property=\"og:url\" content=\"https:\/\/www.omnesbands.international\/de\/francesc-cerda-alibana\/\" \/>\n<meta property=\"article:modified_time\" content=\"2023-01-28T21:53:38+00:00\" \/>\n<meta property=\"og:image\" content=\"https:\/\/www.omnesbands.international\/wp-content\/uploads\/2023\/01\/music-sheet-music-snowdrop-7107045.jpg\" \/>\n\t<meta property=\"og:image:width\" content=\"1280\" \/>\n\t<meta property=\"og:image:height\" content=\"742\" \/>\n\t<meta property=\"og:image:type\" content=\"image\/jpeg\" \/>\n<meta name=\"twitter:card\" content=\"summary_large_image\" \/>\n<meta name=\"twitter:label1\" content=\"Gesch\u00e4tzte Lesezeit\" \/>\n\t<meta name=\"twitter:data1\" content=\"2\u00a0Minuten\" \/>\n<script type=\"application\/ld+json\" class=\"yoast-schema-graph\">{\"@context\":\"https:\\\/\\\/schema.org\",\"@graph\":[{\"@type\":\"WebPage\",\"@id\":\"https:\\\/\\\/www.omnesbands.international\\\/en\\\/francesc-cerda-alibana\\\/\",\"url\":\"https:\\\/\\\/www.omnesbands.international\\\/en\\\/francesc-cerda-alibana\\\/\",\"name\":\"FRANCESC CERD\u00c1 ALIBA\u00d1A -\",\"isPartOf\":{\"@id\":\"https:\\\/\\\/www.omnesbands.international\\\/#website\"},\"datePublished\":\"2023-01-28T21:50:52+00:00\",\"dateModified\":\"2023-01-28T21:53:38+00:00\",\"breadcrumb\":{\"@id\":\"https:\\\/\\\/www.omnesbands.international\\\/en\\\/francesc-cerda-alibana\\\/#breadcrumb\"},\"inLanguage\":\"de\",\"potentialAction\":[{\"@type\":\"ReadAction\",\"target\":[\"https:\\\/\\\/www.omnesbands.international\\\/en\\\/francesc-cerda-alibana\\\/\"]}]},{\"@type\":\"BreadcrumbList\",\"@id\":\"https:\\\/\\\/www.omnesbands.international\\\/en\\\/francesc-cerda-alibana\\\/#breadcrumb\",\"itemListElement\":[{\"@type\":\"ListItem\",\"position\":1,\"name\":\"Portada\",\"item\":\"https:\\\/\\\/www.omnesbands.international\\\/\"},{\"@type\":\"ListItem\",\"position\":2,\"name\":\"FRANCESC CERD\u00c1 ALIBA\u00d1A\"}]},{\"@type\":\"WebSite\",\"@id\":\"https:\\\/\\\/www.omnesbands.international\\\/#website\",\"url\":\"https:\\\/\\\/www.omnesbands.international\\\/\",\"name\":\"OMNESBANDS International\",\"description\":\"Partituras Originales de autores y compositores independientes\",\"publisher\":{\"@id\":\"https:\\\/\\\/www.omnesbands.international\\\/#organization\"},\"potentialAction\":[{\"@type\":\"SearchAction\",\"target\":{\"@type\":\"EntryPoint\",\"urlTemplate\":\"https:\\\/\\\/www.omnesbands.international\\\/?s={search_term_string}\"},\"query-input\":{\"@type\":\"PropertyValueSpecification\",\"valueRequired\":true,\"valueName\":\"search_term_string\"}}],\"inLanguage\":\"de\"},{\"@type\":\"Organization\",\"@id\":\"https:\\\/\\\/www.omnesbands.international\\\/#organization\",\"name\":\"Indra Consultores Internacionales\",\"alternateName\":\"Omnesbands\",\"url\":\"https:\\\/\\\/www.omnesbands.international\\\/\",\"logo\":{\"@type\":\"ImageObject\",\"inLanguage\":\"de\",\"@id\":\"https:\\\/\\\/www.omnesbands.international\\\/#\\\/schema\\\/logo\\\/image\\\/\",\"url\":\"https:\\\/\\\/omnesbands.international\\\/wp-content\\\/uploads\\\/2023\\\/06\\\/Logo-Nuevo-.png\",\"contentUrl\":\"https:\\\/\\\/omnesbands.international\\\/wp-content\\\/uploads\\\/2023\\\/06\\\/Logo-Nuevo-.png\",\"width\":394,\"height\":212,\"caption\":\"Indra Consultores Internacionales\"},\"image\":{\"@id\":\"https:\\\/\\\/www.omnesbands.international\\\/#\\\/schema\\\/logo\\\/image\\\/\"}}]}<\/script>\n<!-- \/ Yoast SEO Premium plugin. -->","yoast_head_json":{"title":"FRANCESC CERD\u00c1 ALIBA\u00d1A -","robots":{"index":"index","follow":"follow","max-snippet":"max-snippet:-1","max-image-preview":"max-image-preview:large","max-video-preview":"max-video-preview:-1"},"canonical":"https:\/\/www.omnesbands.international\/de\/francesc-cerda-alibana\/","og_locale":"de_DE","og_type":"article","og_title":"FRANCESC CERD\u00c1 ALIBA\u00d1A","og_description":"FRANCESC CERD\u00c1 ALIBA\u00d1A Nace en L\u00b4Olleria (Valencia) el 27 de mayo de 1960. Se inici\u00f3 en la m\u00fasica en la banda de la Sociedad Musical -Santa Cecilia&#8217; de su localidad natal, con el requinto como instrumento Despu\u00e9s ocupo en la misma formaci\u00f3n del clarinete. la percusi\u00f3n, los teclados y lleg\u00f3 a ser su subdirector. as\u00ed [&hellip;]","og_url":"https:\/\/www.omnesbands.international\/de\/francesc-cerda-alibana\/","article_modified_time":"2023-01-28T21:53:38+00:00","og_image":[{"width":1280,"height":742,"url":"https:\/\/www.omnesbands.international\/wp-content\/uploads\/2023\/01\/music-sheet-music-snowdrop-7107045.jpg","type":"image\/jpeg"}],"twitter_card":"summary_large_image","twitter_misc":{"Gesch\u00e4tzte Lesezeit":"2\u00a0Minuten"},"schema":{"@context":"https:\/\/schema.org","@graph":[{"@type":"WebPage","@id":"https:\/\/www.omnesbands.international\/en\/francesc-cerda-alibana\/","url":"https:\/\/www.omnesbands.international\/en\/francesc-cerda-alibana\/","name":"FRANCESC CERD\u00c1 ALIBA\u00d1A -","isPartOf":{"@id":"https:\/\/www.omnesbands.international\/#website"},"datePublished":"2023-01-28T21:50:52+00:00","dateModified":"2023-01-28T21:53:38+00:00","breadcrumb":{"@id":"https:\/\/www.omnesbands.international\/en\/francesc-cerda-alibana\/#breadcrumb"},"inLanguage":"de","potentialAction":[{"@type":"ReadAction","target":["https:\/\/www.omnesbands.international\/en\/francesc-cerda-alibana\/"]}]},{"@type":"BreadcrumbList","@id":"https:\/\/www.omnesbands.international\/en\/francesc-cerda-alibana\/#breadcrumb","itemListElement":[{"@type":"ListItem","position":1,"name":"Portada","item":"https:\/\/www.omnesbands.international\/"},{"@type":"ListItem","position":2,"name":"FRANCESC CERD\u00c1 ALIBA\u00d1A"}]},{"@type":"WebSite","@id":"https:\/\/www.omnesbands.international\/#website","url":"https:\/\/www.omnesbands.international\/","name":"OMNESBANDS International","description":"Original-Noten von unabh\u00e4ngigen Autoren und Komponisten","publisher":{"@id":"https:\/\/www.omnesbands.international\/#organization"},"potentialAction":[{"@type":"SearchAction","target":{"@type":"EntryPoint","urlTemplate":"https:\/\/www.omnesbands.international\/?s={search_term_string}"},"query-input":{"@type":"PropertyValueSpecification","valueRequired":true,"valueName":"search_term_string"}}],"inLanguage":"de"},{"@type":"Organization","@id":"https:\/\/www.omnesbands.international\/#organization","name":"Indra Internationale Berater","alternateName":"Omnesbands","url":"https:\/\/www.omnesbands.international\/","logo":{"@type":"ImageObject","inLanguage":"de","@id":"https:\/\/www.omnesbands.international\/#\/schema\/logo\/image\/","url":"https:\/\/omnesbands.international\/wp-content\/uploads\/2023\/06\/Logo-Nuevo-.png","contentUrl":"https:\/\/omnesbands.international\/wp-content\/uploads\/2023\/06\/Logo-Nuevo-.png","width":394,"height":212,"caption":"Indra Consultores Internacionales"},"image":{"@id":"https:\/\/www.omnesbands.international\/#\/schema\/logo\/image\/"}}]}},"uagb_featured_image_src":{"full":false,"thumbnail":false,"medium":false,"medium_large":false,"large":false,"1536x1536":false,"2048x2048":false,"trp-custom-language-flag":false,"gg_gallery_thumbnail":false,"woocommerce_thumbnail":false,"woocommerce_single":false,"woocommerce_gallery_thumbnail":false},"uagb_author_info":{"display_name":"Melvin R. Portillo A:","author_link":"https:\/\/www.omnesbands.international\/de\/author\/portand\/"},"uagb_comment_info":0,"uagb_excerpt":"FRANCESC CERD\u00c1 ALIBA\u00d1A Nace en L\u00b4Olleria (Valencia) el 27 de mayo de 1960. Se inici\u00f3 en la m\u00fasica en la banda de la Sociedad Musical -Santa Cecilia&#8217; de su localidad natal, con el requinto como instrumento Despu\u00e9s ocupo en la misma formaci\u00f3n del clarinete. la percusi\u00f3n, los teclados y lleg\u00f3 a ser su subdirector. as\u00ed&hellip;","_links":{"self":[{"href":"https:\/\/www.omnesbands.international\/de\/wp-json\/wp\/v2\/pages\/1651","targetHints":{"allow":["GET"]}}],"collection":[{"href":"https:\/\/www.omnesbands.international\/de\/wp-json\/wp\/v2\/pages"}],"about":[{"href":"https:\/\/www.omnesbands.international\/de\/wp-json\/wp\/v2\/types\/page"}],"author":[{"embeddable":true,"href":"https:\/\/www.omnesbands.international\/de\/wp-json\/wp\/v2\/users\/4"}],"replies":[{"embeddable":true,"href":"https:\/\/www.omnesbands.international\/de\/wp-json\/wp\/v2\/comments?post=1651"}],"version-history":[{"count":3,"href":"https:\/\/www.omnesbands.international\/de\/wp-json\/wp\/v2\/pages\/1651\/revisions"}],"predecessor-version":[{"id":1655,"href":"https:\/\/www.omnesbands.international\/de\/wp-json\/wp\/v2\/pages\/1651\/revisions\/1655"}],"wp:attachment":[{"href":"https:\/\/www.omnesbands.international\/de\/wp-json\/wp\/v2\/media?parent=1651"}],"curies":[{"name":"wp","href":"https:\/\/api.w.org\/{rel}","templated":true}]}}