{"id":1661,"date":"2023-01-28T16:08:19","date_gmt":"2023-01-28T22:08:19","guid":{"rendered":"https:\/\/omnesbands.international\/?page_id=1661"},"modified":"2023-01-28T16:10:43","modified_gmt":"2023-01-28T22:10:43","slug":"joaquin-grau-murcia-2","status":"publish","type":"page","link":"https:\/\/www.omnesbands.international\/de\/joaquin-grau-murcia-2\/","title":{"rendered":"JOAQU\u00cdN GRAU MURCIA"},"content":{"rendered":"<div class=\"wp-block-uagb-container uagb-block-e2ccd81f alignfull uagb-is-root-container\"><div class=\"uagb-container-inner-blocks-wrap\">\n<div class=\"wp-block-uagb-advanced-heading uagb-block-076412b3\"><h1 class=\"uagb-heading-text\"><strong>JOAQU\u00cdN GRAU MURCIA<\/strong><\/h1><\/div>\n<\/div><\/div>\n\n\n\n<div class=\"wp-block-uagb-container uagb-block-815740df alignfull uagb-is-root-container\"><div class=\"uagb-container-inner-blocks-wrap\">\n<div class=\"wp-block-uagb-container uagb-block-688fb24f\">\n<p>Joaqu\u00edn Grau Murcia, geb\u00fcrtig aus Bigastro (Alicante). Professor f\u00fcr Solfeggio und Musiktheorie, Seniorprofessor f\u00fcr Euphonium, Komposition und Instrumentierung sowie Orchesterleitung am K\u00f6niglichen Musikkonservatorium von Madrid und Seniorprofessor f\u00fcr Musikp\u00e4dagogik am Musikkonservatorium von Murcia.<\/p>\n<p>Seit 1989 geh\u00f6rt er dem Corps of Music Directors des Verteidigungsministeriums an. Er war Musikdirektor der Milit\u00e4rregierung von La Coru\u00f1a und der Allgemeinen Milit\u00e4rakademie von Saragossa. Derzeit ist er Kommandeur und Direktor der Musikeinheit des Tercio de Levante der Marineinfanterie mit Sitz in Cartagena.<br \/>Als Gastdirigent dirigierte er: das St\u00e4dtische Symphonieorchester von Alicante, das St\u00e4dtische Orchester von Albacete, das von La Coru\u00f1a, das Klassische Orchester von La Coru\u00f1a, das Kammerorchester \u201eCiudad de Cartagena\u201c usw.<\/p>\n<p>In seiner Lehrt\u00e4tigkeit war er Musikprofessor f\u00fcr BUP und Lehrer f\u00fcr Kontrapunkt und Instrumentalensemble.<br \/>Autor mehrerer Kompositionen, von denen einige in Wettbewerben und Wettbewerben ausgezeichnet wurden: 1. Zweiter Preis beim \u201eNationalen Kompositionswettbewerb Aula General Casta\u00f1os\u201c in Sevilla (1994) 2. 1. Preis beim \u201eII. Stierkampf-Musikkompositionswettbewerb Pasodobles\u201c des Provinzrates Provinzial von Alicante (2005) 3. 2. Preis und lobende Erw\u00e4hnung beim Kompositionswettbewerb \u201eX Processional Marches\u201c von San Fernando \u2013 C\u00e1diz (2005)<\/p>\n<p>Jurymitglied bei verschiedenen Wettbewerben und Wettbewerben sowohl f\u00fcr Komposition als auch f\u00fcr Interpretation.<br \/>Er ist im Besitz von zwei Marine-Verdienstkreuzen. Er ist Ritter des k\u00f6niglichen und milit\u00e4rischen Ordens von San Hermenegildo in seinen drei Kategorien (Kreuz, Komturei und Plakette). Ehrenbruder der San Pedro Ap\u00f3stol-Gruppe der Kalifornischen Bruderschaft von Cartagena und Goldabzeichen der Paso Blanco-Bruderschaft von H\u00faercal-Overa (Almer\u00eda).<\/p>\n<\/div>\n<\/div><\/div>\n\n\n<div class=\"woocommerce columns-4\"><ul class=\"products columns-4\">\n<li class=\"desktop-align-left tablet-align-left mobile-align-left ast-product-gallery-layout-horizontal-slider product type-product post-931 status-publish first instock product_cat-pasodobles product_tag-joaquin-grau-murcia has-post-thumbnail downloadable taxable shipping-taxable purchasable product-type-simple\">\n\t<a href=\"https:\/\/www.omnesbands.international\/de\/produkt\/chumbe-toro\/\" class=\"woocommerce-LoopProduct-link woocommerce-loop-product__link\"><img loading=\"lazy\" decoding=\"async\" width=\"300\" height=\"300\" src=\"https:\/\/www.omnesbands.international\/wp-content\/uploads\/2023\/01\/chumbe-toro-300x300.jpg\" class=\"attachment-woocommerce_thumbnail size-woocommerce_thumbnail\" alt=\"Chumbe Toro\" srcset=\"https:\/\/www.omnesbands.international\/wp-content\/uploads\/2023\/01\/chumbe-toro-300x300.jpg 300w, https:\/\/www.omnesbands.international\/wp-content\/uploads\/2023\/01\/chumbe-toro-150x150.jpg 150w, https:\/\/www.omnesbands.international\/wp-content\/uploads\/2023\/01\/chumbe-toro-100x100.jpg 100w\" sizes=\"auto, (max-width: 300px) 100vw, 300px\" \/><h2 class=\"woocommerce-loop-product__title\">Chumbe Toro<\/h2>\n\t<span class=\"price\"><span class=\"woocommerce-Price-amount amount\"><bdi><span class=\"woocommerce-Price-currencySymbol\">&#36;<\/span>30.00<\/bdi><\/span><\/span>\n<\/a><a href=\"\/de\/wp-json\/wp\/v2\/pages\/1661?add-to-cart=931\" aria-describedby=\"woocommerce_loop_add_to_cart_link_describedby_931\" data-quantity=\"1\" class=\"button product_type_simple add_to_cart_button ajax_add_to_cart\" data-product_id=\"931\" data-product_sku=\"CHU-PAS-ESP-22\" aria-label=\"Zum Warenkorb hinzuf\u00fcgen: \u201eChumbe Toro\u201c\" rel=\"nofollow\" data-success_message=\"\u201eChumbe Toro\u201c wurde deinem Warenkorb hinzugef\u00fcgt\" role=\"button\" data-no-translation=\"\" data-trp-gettext=\"\" data-no-translation-aria-label=\"\" data-no-translation-data-success_message=\"\">In den Warenkorb<\/a>\t<span id=\"woocommerce_loop_add_to_cart_link_describedby_931\" class=\"screen-reader-text\">\n\t\t\t<\/span>\n<\/li>\n<\/ul>\n<\/div>","protected":false},"excerpt":{"rendered":"<p>JOAQU\u00cdN GRAU MURCIA Joaqu\u00edn Grau Murcia, natural de Bigastro (Alicante). Profesor de Solfeo y Teor\u00eda de la M\u00fasica, Profesor Superior de Bombardino, Composici\u00f3n e Instrumentaci\u00f3n y direcci\u00f3n de Orquesta por el Real Conservatorio Superior de M\u00fasica de Madrid y Profesor Superior de Pedagog\u00eda Musical por el Conservatorio Superior de M\u00fasica de Murcia. Pertenece desde el [&hellip;]<\/p>\n","protected":false},"author":4,"featured_media":0,"parent":0,"menu_order":0,"comment_status":"closed","ping_status":"closed","template":"","meta":{"_acf_changed":false,"_uag_custom_page_level_css":"","site-sidebar-layout":"default","site-content-layout":"","ast-site-content-layout":"default","site-content-style":"default","site-sidebar-style":"default","ast-global-header-display":"","ast-banner-title-visibility":"","ast-main-header-display":"","ast-hfb-above-header-display":"","ast-hfb-below-header-display":"","ast-hfb-mobile-header-display":"","site-post-title":"disabled","ast-breadcrumbs-content":"","ast-featured-img":"","footer-sml-layout":"","ast-disable-related-posts":"","theme-transparent-header-meta":"","adv-header-id-meta":"","stick-header-meta":"","header-above-stick-meta":"","header-main-stick-meta":"","header-below-stick-meta":"","astra-migrate-meta-layouts":"default","ast-page-background-enabled":"default","ast-page-background-meta":{"desktop":{"background-color":"","background-image":"","background-repeat":"repeat","background-position":"center center","background-size":"auto","background-attachment":"scroll","background-type":"","background-media":"","overlay-type":"","overlay-color":"","overlay-opacity":"","overlay-gradient":""},"tablet":{"background-color":"","background-image":"","background-repeat":"repeat","background-position":"center center","background-size":"auto","background-attachment":"scroll","background-type":"","background-media":"","overlay-type":"","overlay-color":"","overlay-opacity":"","overlay-gradient":""},"mobile":{"background-color":"","background-image":"","background-repeat":"repeat","background-position":"center center","background-size":"auto","background-attachment":"scroll","background-type":"","background-media":"","overlay-type":"","overlay-color":"","overlay-opacity":"","overlay-gradient":""}},"ast-content-background-meta":{"desktop":{"background-color":"var(--ast-global-color-5)","background-image":"","background-repeat":"repeat","background-position":"center center","background-size":"auto","background-attachment":"scroll","background-type":"","background-media":"","overlay-type":"","overlay-color":"","overlay-opacity":"","overlay-gradient":""},"tablet":{"background-color":"var(--ast-global-color-5)","background-image":"","background-repeat":"repeat","background-position":"center center","background-size":"auto","background-attachment":"scroll","background-type":"","background-media":"","overlay-type":"","overlay-color":"","overlay-opacity":"","overlay-gradient":""},"mobile":{"background-color":"var(--ast-global-color-5)","background-image":"","background-repeat":"repeat","background-position":"center center","background-size":"auto","background-attachment":"scroll","background-type":"","background-media":"","overlay-type":"","overlay-color":"","overlay-opacity":"","overlay-gradient":""}},"footnotes":""},"class_list":["post-1661","page","type-page","status-publish","hentry"],"acf":[],"yoast_head":"<!-- This site is optimized with the Yoast SEO Premium plugin v22.4 (Yoast SEO v27.4) - https:\/\/yoast.com\/product\/yoast-seo-premium-wordpress\/ -->\n<title>JOAQU\u00cdN GRAU MURCIA -<\/title>\n<meta name=\"robots\" content=\"index, follow, max-snippet:-1, max-image-preview:large, max-video-preview:-1\" \/>\n<link rel=\"canonical\" href=\"https:\/\/www.omnesbands.international\/de\/joaquin-grau-murcia-2\/\" \/>\n<meta property=\"og:locale\" content=\"de_DE\" \/>\n<meta property=\"og:type\" content=\"article\" \/>\n<meta property=\"og:title\" content=\"JOAQU\u00cdN GRAU MURCIA\" \/>\n<meta property=\"og:description\" content=\"JOAQU\u00cdN GRAU MURCIA Joaqu\u00edn Grau Murcia, natural de Bigastro (Alicante). Profesor de Solfeo y Teor\u00eda de la M\u00fasica, Profesor Superior de Bombardino, Composici\u00f3n e Instrumentaci\u00f3n y direcci\u00f3n de Orquesta por el Real Conservatorio Superior de M\u00fasica de Madrid y Profesor Superior de Pedagog\u00eda Musical por el Conservatorio Superior de M\u00fasica de Murcia. Pertenece desde el [&hellip;]\" \/>\n<meta property=\"og:url\" content=\"https:\/\/www.omnesbands.international\/de\/joaquin-grau-murcia-2\/\" \/>\n<meta property=\"article:modified_time\" content=\"2023-01-28T22:10:43+00:00\" \/>\n<meta property=\"og:image\" content=\"https:\/\/www.omnesbands.international\/wp-content\/uploads\/2023\/01\/music-sheet-music-snowdrop-7107045.jpg\" \/>\n\t<meta property=\"og:image:width\" content=\"1280\" \/>\n\t<meta property=\"og:image:height\" content=\"742\" \/>\n\t<meta property=\"og:image:type\" content=\"image\/jpeg\" \/>\n<meta name=\"twitter:card\" content=\"summary_large_image\" \/>\n<meta name=\"twitter:label1\" content=\"Gesch\u00e4tzte Lesezeit\" \/>\n\t<meta name=\"twitter:data1\" content=\"2\u00a0Minuten\" \/>\n<script type=\"application\/ld+json\" class=\"yoast-schema-graph\">{\"@context\":\"https:\\\/\\\/schema.org\",\"@graph\":[{\"@type\":\"WebPage\",\"@id\":\"https:\\\/\\\/www.omnesbands.international\\\/joaquin-grau-murcia-2\\\/\",\"url\":\"https:\\\/\\\/www.omnesbands.international\\\/joaquin-grau-murcia-2\\\/\",\"name\":\"JOAQU\u00cdN GRAU MURCIA -\",\"isPartOf\":{\"@id\":\"https:\\\/\\\/www.omnesbands.international\\\/#website\"},\"datePublished\":\"2023-01-28T22:08:19+00:00\",\"dateModified\":\"2023-01-28T22:10:43+00:00\",\"breadcrumb\":{\"@id\":\"https:\\\/\\\/www.omnesbands.international\\\/joaquin-grau-murcia-2\\\/#breadcrumb\"},\"inLanguage\":\"de\",\"potentialAction\":[{\"@type\":\"ReadAction\",\"target\":[\"https:\\\/\\\/www.omnesbands.international\\\/joaquin-grau-murcia-2\\\/\"]}]},{\"@type\":\"BreadcrumbList\",\"@id\":\"https:\\\/\\\/www.omnesbands.international\\\/joaquin-grau-murcia-2\\\/#breadcrumb\",\"itemListElement\":[{\"@type\":\"ListItem\",\"position\":1,\"name\":\"Portada\",\"item\":\"https:\\\/\\\/www.omnesbands.international\\\/\"},{\"@type\":\"ListItem\",\"position\":2,\"name\":\"JOAQU\u00cdN GRAU MURCIA\"}]},{\"@type\":\"WebSite\",\"@id\":\"https:\\\/\\\/www.omnesbands.international\\\/#website\",\"url\":\"https:\\\/\\\/www.omnesbands.international\\\/\",\"name\":\"OMNESBANDS International\",\"description\":\"Partituras Originales de autores y compositores independientes\",\"publisher\":{\"@id\":\"https:\\\/\\\/www.omnesbands.international\\\/#organization\"},\"potentialAction\":[{\"@type\":\"SearchAction\",\"target\":{\"@type\":\"EntryPoint\",\"urlTemplate\":\"https:\\\/\\\/www.omnesbands.international\\\/?s={search_term_string}\"},\"query-input\":{\"@type\":\"PropertyValueSpecification\",\"valueRequired\":true,\"valueName\":\"search_term_string\"}}],\"inLanguage\":\"de\"},{\"@type\":\"Organization\",\"@id\":\"https:\\\/\\\/www.omnesbands.international\\\/#organization\",\"name\":\"Indra Consultores Internacionales\",\"alternateName\":\"Omnesbands\",\"url\":\"https:\\\/\\\/www.omnesbands.international\\\/\",\"logo\":{\"@type\":\"ImageObject\",\"inLanguage\":\"de\",\"@id\":\"https:\\\/\\\/www.omnesbands.international\\\/#\\\/schema\\\/logo\\\/image\\\/\",\"url\":\"https:\\\/\\\/omnesbands.international\\\/wp-content\\\/uploads\\\/2023\\\/06\\\/Logo-Nuevo-.png\",\"contentUrl\":\"https:\\\/\\\/omnesbands.international\\\/wp-content\\\/uploads\\\/2023\\\/06\\\/Logo-Nuevo-.png\",\"width\":394,\"height\":212,\"caption\":\"Indra Consultores Internacionales\"},\"image\":{\"@id\":\"https:\\\/\\\/www.omnesbands.international\\\/#\\\/schema\\\/logo\\\/image\\\/\"}}]}<\/script>\n<!-- \/ Yoast SEO Premium plugin. -->","yoast_head_json":{"title":"JOAQU\u00cdN GRAU MURCIA -","robots":{"index":"index","follow":"follow","max-snippet":"max-snippet:-1","max-image-preview":"max-image-preview:large","max-video-preview":"max-video-preview:-1"},"canonical":"https:\/\/www.omnesbands.international\/de\/joaquin-grau-murcia-2\/","og_locale":"de_DE","og_type":"article","og_title":"JOAQU\u00cdN GRAU MURCIA","og_description":"JOAQU\u00cdN GRAU MURCIA Joaqu\u00edn Grau Murcia, natural de Bigastro (Alicante). Profesor de Solfeo y Teor\u00eda de la M\u00fasica, Profesor Superior de Bombardino, Composici\u00f3n e Instrumentaci\u00f3n y direcci\u00f3n de Orquesta por el Real Conservatorio Superior de M\u00fasica de Madrid y Profesor Superior de Pedagog\u00eda Musical por el Conservatorio Superior de M\u00fasica de Murcia. Pertenece desde el [&hellip;]","og_url":"https:\/\/www.omnesbands.international\/de\/joaquin-grau-murcia-2\/","article_modified_time":"2023-01-28T22:10:43+00:00","og_image":[{"width":1280,"height":742,"url":"https:\/\/www.omnesbands.international\/wp-content\/uploads\/2023\/01\/music-sheet-music-snowdrop-7107045.jpg","type":"image\/jpeg"}],"twitter_card":"summary_large_image","twitter_misc":{"Gesch\u00e4tzte Lesezeit":"2\u00a0Minuten"},"schema":{"@context":"https:\/\/schema.org","@graph":[{"@type":"WebPage","@id":"https:\/\/www.omnesbands.international\/joaquin-grau-murcia-2\/","url":"https:\/\/www.omnesbands.international\/joaquin-grau-murcia-2\/","name":"JOAQU\u00cdN GRAU MURCIA -","isPartOf":{"@id":"https:\/\/www.omnesbands.international\/#website"},"datePublished":"2023-01-28T22:08:19+00:00","dateModified":"2023-01-28T22:10:43+00:00","breadcrumb":{"@id":"https:\/\/www.omnesbands.international\/joaquin-grau-murcia-2\/#breadcrumb"},"inLanguage":"de","potentialAction":[{"@type":"ReadAction","target":["https:\/\/www.omnesbands.international\/joaquin-grau-murcia-2\/"]}]},{"@type":"BreadcrumbList","@id":"https:\/\/www.omnesbands.international\/joaquin-grau-murcia-2\/#breadcrumb","itemListElement":[{"@type":"ListItem","position":1,"name":"Portada","item":"https:\/\/www.omnesbands.international\/"},{"@type":"ListItem","position":2,"name":"JOAQU\u00cdN GRAU MURCIA"}]},{"@type":"WebSite","@id":"https:\/\/www.omnesbands.international\/#website","url":"https:\/\/www.omnesbands.international\/","name":"OMNESBANDS International","description":"Original-Noten von unabh\u00e4ngigen Autoren und Komponisten","publisher":{"@id":"https:\/\/www.omnesbands.international\/#organization"},"potentialAction":[{"@type":"SearchAction","target":{"@type":"EntryPoint","urlTemplate":"https:\/\/www.omnesbands.international\/?s={search_term_string}"},"query-input":{"@type":"PropertyValueSpecification","valueRequired":true,"valueName":"search_term_string"}}],"inLanguage":"de"},{"@type":"Organization","@id":"https:\/\/www.omnesbands.international\/#organization","name":"Indra Internationale Berater","alternateName":"Omnesbands","url":"https:\/\/www.omnesbands.international\/","logo":{"@type":"ImageObject","inLanguage":"de","@id":"https:\/\/www.omnesbands.international\/#\/schema\/logo\/image\/","url":"https:\/\/omnesbands.international\/wp-content\/uploads\/2023\/06\/Logo-Nuevo-.png","contentUrl":"https:\/\/omnesbands.international\/wp-content\/uploads\/2023\/06\/Logo-Nuevo-.png","width":394,"height":212,"caption":"Indra Consultores Internacionales"},"image":{"@id":"https:\/\/www.omnesbands.international\/#\/schema\/logo\/image\/"}}]}},"uagb_featured_image_src":{"full":false,"thumbnail":false,"medium":false,"medium_large":false,"large":false,"1536x1536":false,"2048x2048":false,"trp-custom-language-flag":false,"gg_gallery_thumbnail":false,"woocommerce_thumbnail":false,"woocommerce_single":false,"woocommerce_gallery_thumbnail":false},"uagb_author_info":{"display_name":"Melvin R. Portillo A:","author_link":"https:\/\/www.omnesbands.international\/de\/author\/portand\/"},"uagb_comment_info":0,"uagb_excerpt":"JOAQU\u00cdN GRAU MURCIA Joaqu\u00edn Grau Murcia, natural de Bigastro (Alicante). Profesor de Solfeo y Teor\u00eda de la M\u00fasica, Profesor Superior de Bombardino, Composici\u00f3n e Instrumentaci\u00f3n y direcci\u00f3n de Orquesta por el Real Conservatorio Superior de M\u00fasica de Madrid y Profesor Superior de Pedagog\u00eda Musical por el Conservatorio Superior de M\u00fasica de Murcia. Pertenece desde el&hellip;","_links":{"self":[{"href":"https:\/\/www.omnesbands.international\/de\/wp-json\/wp\/v2\/pages\/1661","targetHints":{"allow":["GET"]}}],"collection":[{"href":"https:\/\/www.omnesbands.international\/de\/wp-json\/wp\/v2\/pages"}],"about":[{"href":"https:\/\/www.omnesbands.international\/de\/wp-json\/wp\/v2\/types\/page"}],"author":[{"embeddable":true,"href":"https:\/\/www.omnesbands.international\/de\/wp-json\/wp\/v2\/users\/4"}],"replies":[{"embeddable":true,"href":"https:\/\/www.omnesbands.international\/de\/wp-json\/wp\/v2\/comments?post=1661"}],"version-history":[{"count":2,"href":"https:\/\/www.omnesbands.international\/de\/wp-json\/wp\/v2\/pages\/1661\/revisions"}],"predecessor-version":[{"id":1663,"href":"https:\/\/www.omnesbands.international\/de\/wp-json\/wp\/v2\/pages\/1661\/revisions\/1663"}],"wp:attachment":[{"href":"https:\/\/www.omnesbands.international\/de\/wp-json\/wp\/v2\/media?parent=1661"}],"curies":[{"name":"wp","href":"https:\/\/api.w.org\/{rel}","templated":true}]}}