{"id":1671,"date":"2023-01-28T20:58:01","date_gmt":"2023-01-29T02:58:01","guid":{"rendered":"https:\/\/omnesbands.international\/?page_id=1671"},"modified":"2023-03-12T08:44:32","modified_gmt":"2023-03-12T14:44:32","slug":"emilio-oltra-benavent-2","status":"publish","type":"page","link":"https:\/\/www.omnesbands.international\/de\/emilio-oltra-benavent-2\/","title":{"rendered":"EMILIO OLTRA BENAVENT"},"content":{"rendered":"<div class=\"wp-block-uagb-container uagb-block-a666e07b alignfull uagb-is-root-container\"><div class=\"uagb-container-inner-blocks-wrap\">\n<div class=\"wp-block-uagb-advanced-heading uagb-block-151ac106\"><h1 class=\"uagb-heading-text\"><strong>EMILIO OLTRA BENAVEN<\/strong>Du<\/h1><\/div>\n<\/div><\/div>\n\n\n\n<div class=\"wp-block-uagb-container uagb-block-2eee9779 alignfull uagb-is-root-container\"><div class=\"uagb-container-inner-blocks-wrap\">\n<div class=\"wp-block-uagb-container uagb-block-96981381\">\n<p>Er wurde am ig6g in Ouatretonda (Valencia) geboren, wo er begann, Musik zu studieren und sp\u00e4ter an die Konservatorien von \u201eUva, Carcaixent\u201c wechselte. Valencia und Alacant Seine Lehrer in diesen Zentren waren Carme Badia. Juan Ignacio Barrachina. Enrique Fores. M\u00b0 Dolores Tom\u00e1s und Jos\u00e9 Dom\u00ednguez. Er ist im Besitz des Leistungsdiploms der Royal School of London <br \/>Er hat verschiedene Fortbildungskurse bei den Professoren Marco Antonio P\u00e9rez (Madrid Symphony Orchestra), Luc Urbain (Solist des Bayerischen Orchesters), Antonio Arias (Solist des Spanischen Nationalorchesters), Joaquin Geric\u00f3 (Professor des Oberen Konservatoriums von Madrid) besucht. Claudi Arimany (Internationaler Konzertist Celso VVoitzenlogel (Nationalorchester von Rio de Janeiro), Raimond Guiot Professor Academia Chigia in Rom), Sheginori Kudo (Internationaler Konzertist) Emmanuel. Pahud (internationaler Solist), Michel Debost (Professor an der Ohio University) und Shopie Cherrier (Professor Conservatoire Superior de Paris).<br \/>Sein Anliegen veranlasste ihn, Musikp\u00e4dagogik bei Professoren wie Jos\u00e9 Llusar (Professor f\u00fcr Musiksprache), Ana Lucia Freg (Nationales Konservatorium von Buenos Aires, Argentinien) und Maravillas Diaz (Professor. Musikpr\u00e4sident des ISME-Baskenlandes) zu studieren. Carmen Agull\u00f3 (Professorin an der Universit\u00e4t Valencia). Remigi Morant (Musiklehrer). NI\u00b0 Carmen Sansaloni (Professorin f\u00fcr P\u00e4dagogik am Konservatorium von Valencia) Ihre Lehrer waren im Bereich Band- und Orchesterdirigieren. Jos\u00e9 Rafael Pascual (Professor f\u00fcr Leitung am ESCMUVALL), Norman Milan\u00e9s (Dirigent des Havana Theatre Orchestra), Florin Totan (Dirigent des Orchesters Bukarest, Rum\u00e4nien) und Jan Cober (Professor f\u00fcr Leitung am Konservatorium Tilburg, Niederlande). Er hat Komposition und Instrumentation bei den Professoren Norman Milan studiert. (Dirigent des Havana Theatre OrchestraLloan Enric Canet (Professor f\u00fcr Komposition am Konservatorium Alicante) und Luis de Pablo (Komponist). <br \/>Er hat auch Jazz bei Pedro Iturralde und Fco Angel Blanco &#039;Latino studiert. mit dem er verschiedene Konzerte in Big-Band-Formation gegeben hat. <br \/>Er ist im Besitz des CAP (P\u00e4dagogischer Eignungskurs)<br \/>Im Schuljahr 93\u201394 arbeitete er als Musiklehrer an der Schule Isabel la Cat\u00f3lica in L\u2019Oller\u00eda (Valencia) und im Schuljahr 98\u201399 an der Schule Santa Maria d\u2019Ontinyent, wo er ESO-Klassen unterrichtete. <br \/>Er war Chefdirigent der Bands d: La Lira de Ouatretonda (2006-200g). die Band Uni\u00f3n Musical de Atzeneta (200g-2014). Die Musikgesellschaft \u201eLa Nova\u201c d. Der Taubenschlag (201$-201g). Als Gastdirigent leitete er au\u00dferdem verschiedene Bands (Otos, Muro d&#039;Alcoi, Bocairent, Beniopa usw.). <br \/>Er war Fl\u00f6tenlehrer an der ValldAtbaida Regional School of Music. in der st\u00e4dtischen Schule von Aje. von Malferit. Als Adlibitum d&#039;Ontinyent School of Music und an verschiedenen Konservatorien in der gesamten valencianischen Gemeinschaft ist er derzeit Lehrer f\u00fcr Traversfl\u00f6te und Kammermusik am professionellen Konservatorium \u201eMaestre T\u00e1rrega\u201c in Castell\u00f3 de la Plana.<br \/>In der Welt der Komposition ist der zweite Preis hervorzuheben, der beim ersten Prozessionsmarschwettbewerb in Ciudad de Zamora mit dem Marsch \u201eCrist de la Fe\u201c gewonnen wurde, sowie der zweite Preis, der beim zweiten Prozessionsmarschwettbewerb in Zamora mit dem Marsch \u201eLa Passion of Jesus Christ\u201c gewonnen wurde . Den zweiten Preis erhielt er mit dem christlichen Marsch Jaume I. beim Musikwettbewerb (Matte von Callosa d&#039;En Sarria (Alicante). 2006 gewann er den ersten Preis beim III. Prozessionsmarschwettbewerb in der Stadt Zamora mit dem Prozessionsmarsch \u201eSanto Sepulcro\u201c. Im selben Jahr gewann er mit dem maurischen Marsch \u201eBocetos \u00c1rabigos\u201c den ersten Preis beim 2. festlichen Musikwettbewerb von Alaquas. 2012 war er Finalist beim Bandmusikwettbewerb in Astorga (Le\u00f3n) mit dem Werk \u201eAstorga 1812., hat einen Katalog.\u201c von mehr als f\u00fcnfzig Kompositionen f\u00fcr Blasorchester und verschiedene Kammermusikgruppen. In den Jahren g6-g7 f\u00fchrte er Kurse durch, die vom Zentrum f\u00fcr Lehrer unter dem Titel \u201eDie Ausarbeitung des Lehrplanprojekts in der Schule\u201c empfohlen wurden, sowie verschiedene Kurse in Musikinformatik<\/p>\n<p>Seine Konzertt\u00e4tigkeit f\u00fchrte ihn zu Auftritten sowohl mit dem Bl\u00e4serquintett Smorzando und dem Trio Gafalcalf als auch mit dem Gitarristen Fernando Espi. an so symboltr\u00e4chtigen Orten wie dem Echegaray-Theater in Ontinyent (Valencia), dem Haupttheater in Alicante. der Palau de la M\u00fasica in Valencia. am ALmansa-Konservatorium (Albacete). Torrent Auditorium (Valencia). und im Auditorium Aielo de Metiera (Valencia) unter anderem im Rahmen des internationalen Festivals f\u00fcr zeitgen\u00f6ssische Musik.<\/p>\n<p>Er ist Fl\u00f6ten-Piccolo des Blasorchesters Philharmonia, mit dem er drei CDs aufgenommen hat. Er hat f\u00fcr TVE die Melodie der Stierkampfsendung auf TVE aufgenommen, deren Musik der Komponist Julio Mengod von ihm komponiert hat. Im Jahr 2002 ist er zusammen mit D. Joaqu\u00edn Geric\u00f3 Assistenzprofessor bei den Musikkursen Ciutat d&#039;Albaida, die im Juli in der Stadt Albaida (Valencia) stattfinden.<\/p>\n<p>Im Studienjahr 2008 studierte er bei ihm an der Internationalen Musikakademie in Mailand (Italien). Lehrer Raphael. Trevisani hat an der L&#039;ESMUC (Hochschule f\u00fcr Musik Kataloniens) bei Professor Vicens Prats (Solist des Orquesta de Paris) studiert. <br \/>2010 nahm er sein erstes Soloalbum mit Werken des 20. Jahrhunderts f\u00fcr Solofl\u00f6te mit dem Titel IMATGES auf. Es tr\u00e4gt den Titel in Traversfl\u00f6te (1.3), Alte Musik (Spezialit\u00e4t Barocktraverso, 2018). Master of Interpretation and Research (zo, zo18) und Composition hozo) am Superior Conservatory \u201eSalvador Segu\u00ed de Castell\u00f3 de la Plana\u201c. <br \/>Seine berufliche T\u00e4tigkeit \u00fcbt er als Fl\u00f6tenlehrer am Conservatori Districte Maritim del Grau de Gandia aus. L\u00b4Escola de M\u00fasica d\u00b4Alfarrasi und im Konservatorium \u201eMestre T\u00e1rrega\u201c in Castello de La Plana.<\/p>\n<p><strong>LINKS WERBEVIDEOS SARC 2023 EMILIO OLTRA<\/strong><\/p>\n<p>BEATUS ILLE KAMERA: <a href=\"https:\/\/youtu.be\/wxBqjopDWeY\">https:\/\/youtu.be\/wxBqjopDWeY<\/a><br \/>TUTTO PIAZZOLLA: <a href=\"https:\/\/youtu.be\/LT-6BvLi7-E\">https:\/\/youtu.be\/LT-6BvLi7-E<\/a><\/p>\n<p>\u00a0<\/p>\n<\/div>\n<\/div><\/div>\n\n\n<div class=\"woocommerce columns-4\"><ul class=\"products columns-4\">\n<li class=\"desktop-align-left tablet-align-left mobile-align-left ast-product-gallery-layout-horizontal-slider product type-product post-965 status-publish first instock product_cat-musica-religiosa product_tag-emilio-oltra-benavent has-post-thumbnail downloadable virtual taxable purchasable product-type-simple\">\n\t<a href=\"https:\/\/www.omnesbands.international\/de\/produkt\/crist-de-la-fe\/\" class=\"woocommerce-LoopProduct-link woocommerce-loop-product__link\"><img loading=\"lazy\" decoding=\"async\" width=\"300\" height=\"300\" src=\"https:\/\/www.omnesbands.international\/wp-content\/uploads\/2023\/01\/Crist-de-la-Fe-1-300x300.jpg\" class=\"attachment-woocommerce_thumbnail size-woocommerce_thumbnail\" alt=\"Crist de la Fe\" srcset=\"https:\/\/www.omnesbands.international\/wp-content\/uploads\/2023\/01\/Crist-de-la-Fe-1-300x300.jpg 300w, https:\/\/www.omnesbands.international\/wp-content\/uploads\/2023\/01\/Crist-de-la-Fe-1-150x150.jpg 150w, https:\/\/www.omnesbands.international\/wp-content\/uploads\/2023\/01\/Crist-de-la-Fe-1-100x100.jpg 100w\" sizes=\"auto, (max-width: 300px) 100vw, 300px\" \/><h2 class=\"woocommerce-loop-product__title\">Christus des Glaubens<\/h2>\n\t<span class=\"price\"><span class=\"woocommerce-Price-amount amount\"><bdi><span class=\"woocommerce-Price-currencySymbol\">&#36;<\/span>25.00<\/bdi><\/span><\/span>\n<\/a><a href=\"\/de\/wp-json\/wp\/v2\/pages\/1671?add-to-cart=965\" aria-describedby=\"woocommerce_loop_add_to_cart_link_describedby_965\" data-quantity=\"1\" class=\"button product_type_simple add_to_cart_button ajax_add_to_cart\" data-product_id=\"965\" data-product_sku=\"CRI-REL-ESP-22\" aria-label=\"Zum Warenkorb hinzuf\u00fcgen: \u201eCrist de la Fe\u201c\" rel=\"nofollow\" data-success_message=\"\u201eCrist de la Fe\u201c wurde deinem Warenkorb hinzugef\u00fcgt\" role=\"button\" data-no-translation=\"\" data-trp-gettext=\"\" data-no-translation-aria-label=\"\" data-no-translation-data-success_message=\"\">In den Warenkorb<\/a>\t<span id=\"woocommerce_loop_add_to_cart_link_describedby_965\" class=\"screen-reader-text\">\n\t\t\t<\/span>\n<\/li>\n<li class=\"desktop-align-left tablet-align-left mobile-align-left ast-product-gallery-layout-horizontal-slider product type-product post-1144 status-publish instock product_cat-sinfonicas product_tag-emilio-oltra-benavent has-post-thumbnail downloadable virtual taxable purchasable product-type-simple\">\n\t<a href=\"https:\/\/www.omnesbands.international\/de\/produkt\/obertura-celtica\/\" class=\"woocommerce-LoopProduct-link woocommerce-loop-product__link\"><img loading=\"lazy\" decoding=\"async\" width=\"300\" height=\"300\" src=\"https:\/\/www.omnesbands.international\/wp-content\/uploads\/2023\/01\/Obertura-Celtica-1-300x300.jpg\" class=\"attachment-woocommerce_thumbnail size-woocommerce_thumbnail\" alt=\"Obertura C\u00e9ltica\" srcset=\"https:\/\/www.omnesbands.international\/wp-content\/uploads\/2023\/01\/Obertura-Celtica-1-300x300.jpg 300w, https:\/\/www.omnesbands.international\/wp-content\/uploads\/2023\/01\/Obertura-Celtica-1-150x150.jpg 150w, https:\/\/www.omnesbands.international\/wp-content\/uploads\/2023\/01\/Obertura-Celtica-1-100x100.jpg 100w\" sizes=\"auto, (max-width: 300px) 100vw, 300px\" \/><h2 class=\"woocommerce-loop-product__title\">Keltische Ouvert\u00fcre<\/h2>\n\t<span class=\"price\"><span class=\"woocommerce-Price-amount amount\"><bdi><span class=\"woocommerce-Price-currencySymbol\">&#36;<\/span>35.00<\/bdi><\/span><\/span>\n<\/a><a href=\"\/de\/wp-json\/wp\/v2\/pages\/1671?add-to-cart=1144\" aria-describedby=\"woocommerce_loop_add_to_cart_link_describedby_1144\" data-quantity=\"1\" class=\"button product_type_simple add_to_cart_button ajax_add_to_cart\" data-product_id=\"1144\" data-product_sku=\"OBE-SIN-ESP-22\" aria-label=\"Zum Warenkorb hinzuf\u00fcgen: \u201eObertura C\u00e9ltica\u201c\" rel=\"nofollow\" data-success_message=\"\u201eObertura C\u00e9ltica\u201c wurde deinem Warenkorb hinzugef\u00fcgt\" role=\"button\" data-no-translation=\"\" data-trp-gettext=\"\" data-no-translation-aria-label=\"\" data-no-translation-data-success_message=\"\">In den Warenkorb<\/a>\t<span id=\"woocommerce_loop_add_to_cart_link_describedby_1144\" class=\"screen-reader-text\">\n\t\t\t<\/span>\n<\/li>\n<li class=\"desktop-align-left tablet-align-left mobile-align-left ast-product-gallery-layout-horizontal-slider product type-product post-976 status-publish instock product_cat-musica-religiosa product_tag-emilio-oltra-benavent has-post-thumbnail downloadable virtual taxable purchasable product-type-simple\">\n\t<a href=\"https:\/\/www.omnesbands.international\/de\/produkt\/santo-sepulcro\/\" class=\"woocommerce-LoopProduct-link woocommerce-loop-product__link\"><img loading=\"lazy\" decoding=\"async\" width=\"300\" height=\"300\" src=\"https:\/\/www.omnesbands.international\/wp-content\/uploads\/2023\/01\/Santo-Sepulcro-300x300.jpg\" class=\"attachment-woocommerce_thumbnail size-woocommerce_thumbnail\" alt=\"Santo Sepulcro\" srcset=\"https:\/\/www.omnesbands.international\/wp-content\/uploads\/2023\/01\/Santo-Sepulcro-300x300.jpg 300w, https:\/\/www.omnesbands.international\/wp-content\/uploads\/2023\/01\/Santo-Sepulcro-150x150.jpg 150w, https:\/\/www.omnesbands.international\/wp-content\/uploads\/2023\/01\/Santo-Sepulcro-100x100.jpg 100w\" sizes=\"auto, (max-width: 300px) 100vw, 300px\" \/><h2 class=\"woocommerce-loop-product__title\">Heiliges Grabmal<\/h2>\n\t<span class=\"price\"><span class=\"woocommerce-Price-amount amount\"><bdi><span class=\"woocommerce-Price-currencySymbol\">&#36;<\/span>25.00<\/bdi><\/span><\/span>\n<\/a><a href=\"\/de\/wp-json\/wp\/v2\/pages\/1671?add-to-cart=976\" aria-describedby=\"woocommerce_loop_add_to_cart_link_describedby_976\" data-quantity=\"1\" class=\"button product_type_simple add_to_cart_button ajax_add_to_cart\" data-product_id=\"976\" data-product_sku=\"SAN-REL-ESP-22\" aria-label=\"Zum Warenkorb hinzuf\u00fcgen: \u201eSanto Sepulcro\u201c\" rel=\"nofollow\" data-success_message=\"\u201eSanto Sepulcro\u201c wurde deinem Warenkorb hinzugef\u00fcgt\" role=\"button\" data-no-translation=\"\" data-trp-gettext=\"\" data-no-translation-aria-label=\"\" data-no-translation-data-success_message=\"\">In den Warenkorb<\/a>\t<span id=\"woocommerce_loop_add_to_cart_link_describedby_976\" class=\"screen-reader-text\">\n\t\t\t<\/span>\n<\/li>\n<\/ul>\n<\/div>","protected":false},"excerpt":{"rendered":"<p>EMILIO OLTRA BENAVENT Nace en Ouatretonda (Valencia) en ig6g, donde empieza a estudiar m\u00fasica y despu\u00e9s se traslada a los conservatorios de \u00bbUva, Carcaixent. Valencia y Alacant Sus profesores en estos centros han sido Carme Badia. Juan Ignacio Barrachina. Enrique For\u00e9s. M\u00b0 Dolores Tom\u00e1s y Jos\u00e9 Dom\u00ednguez. Est\u00e1 en posesi\u00f3n del diploma de performance que [&hellip;]<\/p>\n","protected":false},"author":4,"featured_media":0,"parent":0,"menu_order":0,"comment_status":"closed","ping_status":"closed","template":"","meta":{"_acf_changed":false,"_uag_custom_page_level_css":"","site-sidebar-layout":"default","site-content-layout":"","ast-site-content-layout":"default","site-content-style":"default","site-sidebar-style":"default","ast-global-header-display":"","ast-banner-title-visibility":"","ast-main-header-display":"","ast-hfb-above-header-display":"","ast-hfb-below-header-display":"","ast-hfb-mobile-header-display":"","site-post-title":"disabled","ast-breadcrumbs-content":"","ast-featured-img":"","footer-sml-layout":"","ast-disable-related-posts":"","theme-transparent-header-meta":"","adv-header-id-meta":"","stick-header-meta":"","header-above-stick-meta":"","header-main-stick-meta":"","header-below-stick-meta":"","astra-migrate-meta-layouts":"default","ast-page-background-enabled":"default","ast-page-background-meta":{"desktop":{"background-color":"","background-image":"","background-repeat":"repeat","background-position":"center center","background-size":"auto","background-attachment":"scroll","background-type":"","background-media":"","overlay-type":"","overlay-color":"","overlay-opacity":"","overlay-gradient":""},"tablet":{"background-color":"","background-image":"","background-repeat":"repeat","background-position":"center center","background-size":"auto","background-attachment":"scroll","background-type":"","background-media":"","overlay-type":"","overlay-color":"","overlay-opacity":"","overlay-gradient":""},"mobile":{"background-color":"","background-image":"","background-repeat":"repeat","background-position":"center center","background-size":"auto","background-attachment":"scroll","background-type":"","background-media":"","overlay-type":"","overlay-color":"","overlay-opacity":"","overlay-gradient":""}},"ast-content-background-meta":{"desktop":{"background-color":"var(--ast-global-color-5)","background-image":"","background-repeat":"repeat","background-position":"center center","background-size":"auto","background-attachment":"scroll","background-type":"","background-media":"","overlay-type":"","overlay-color":"","overlay-opacity":"","overlay-gradient":""},"tablet":{"background-color":"var(--ast-global-color-5)","background-image":"","background-repeat":"repeat","background-position":"center center","background-size":"auto","background-attachment":"scroll","background-type":"","background-media":"","overlay-type":"","overlay-color":"","overlay-opacity":"","overlay-gradient":""},"mobile":{"background-color":"var(--ast-global-color-5)","background-image":"","background-repeat":"repeat","background-position":"center center","background-size":"auto","background-attachment":"scroll","background-type":"","background-media":"","overlay-type":"","overlay-color":"","overlay-opacity":"","overlay-gradient":""}},"footnotes":""},"class_list":["post-1671","page","type-page","status-publish","hentry"],"acf":[],"yoast_head":"<!-- This site is optimized with the Yoast SEO Premium plugin v22.4 (Yoast SEO v27.4) - https:\/\/yoast.com\/product\/yoast-seo-premium-wordpress\/ -->\n<title>EMILIO OLTRA BENAVENT -<\/title>\n<meta name=\"robots\" content=\"index, follow, max-snippet:-1, max-image-preview:large, max-video-preview:-1\" \/>\n<link rel=\"canonical\" href=\"https:\/\/www.omnesbands.international\/de\/emilio-oltra-benavent-2\/\" \/>\n<meta property=\"og:locale\" content=\"de_DE\" \/>\n<meta property=\"og:type\" content=\"article\" \/>\n<meta property=\"og:title\" content=\"EMILIO OLTRA BENAVENT\" \/>\n<meta property=\"og:description\" content=\"EMILIO OLTRA BENAVENT Nace en Ouatretonda (Valencia) en ig6g, donde empieza a estudiar m\u00fasica y despu\u00e9s se traslada a los conservatorios de \u00bbUva, Carcaixent. Valencia y Alacant Sus profesores en estos centros han sido Carme Badia. Juan Ignacio Barrachina. Enrique For\u00e9s. M\u00b0 Dolores Tom\u00e1s y Jos\u00e9 Dom\u00ednguez. Est\u00e1 en posesi\u00f3n del diploma de performance que [&hellip;]\" \/>\n<meta property=\"og:url\" content=\"https:\/\/www.omnesbands.international\/de\/emilio-oltra-benavent-2\/\" \/>\n<meta property=\"article:modified_time\" content=\"2023-03-12T14:44:32+00:00\" \/>\n<meta property=\"og:image\" content=\"https:\/\/www.omnesbands.international\/wp-content\/uploads\/2023\/01\/music-sheet-music-snowdrop-7107045.jpg\" \/>\n\t<meta property=\"og:image:width\" content=\"1280\" \/>\n\t<meta property=\"og:image:height\" content=\"742\" \/>\n\t<meta property=\"og:image:type\" content=\"image\/jpeg\" \/>\n<meta name=\"twitter:card\" content=\"summary_large_image\" \/>\n<meta name=\"twitter:label1\" content=\"Gesch\u00e4tzte Lesezeit\" \/>\n\t<meta name=\"twitter:data1\" content=\"5\u00a0Minuten\" \/>\n<script type=\"application\/ld+json\" class=\"yoast-schema-graph\">{\"@context\":\"https:\\\/\\\/schema.org\",\"@graph\":[{\"@type\":\"WebPage\",\"@id\":\"https:\\\/\\\/www.omnesbands.international\\\/ja\\\/emilio-oltra-benavent-2\\\/\",\"url\":\"https:\\\/\\\/www.omnesbands.international\\\/ja\\\/emilio-oltra-benavent-2\\\/\",\"name\":\"EMILIO OLTRA BENAVENT -\",\"isPartOf\":{\"@id\":\"https:\\\/\\\/www.omnesbands.international\\\/#website\"},\"datePublished\":\"2023-01-29T02:58:01+00:00\",\"dateModified\":\"2023-03-12T14:44:32+00:00\",\"breadcrumb\":{\"@id\":\"https:\\\/\\\/www.omnesbands.international\\\/ja\\\/emilio-oltra-benavent-2\\\/#breadcrumb\"},\"inLanguage\":\"de\",\"potentialAction\":[{\"@type\":\"ReadAction\",\"target\":[\"https:\\\/\\\/www.omnesbands.international\\\/ja\\\/emilio-oltra-benavent-2\\\/\"]}]},{\"@type\":\"BreadcrumbList\",\"@id\":\"https:\\\/\\\/www.omnesbands.international\\\/ja\\\/emilio-oltra-benavent-2\\\/#breadcrumb\",\"itemListElement\":[{\"@type\":\"ListItem\",\"position\":1,\"name\":\"Portada\",\"item\":\"https:\\\/\\\/www.omnesbands.international\\\/\"},{\"@type\":\"ListItem\",\"position\":2,\"name\":\"EMILIO OLTRA BENAVENT\"}]},{\"@type\":\"WebSite\",\"@id\":\"https:\\\/\\\/www.omnesbands.international\\\/#website\",\"url\":\"https:\\\/\\\/www.omnesbands.international\\\/\",\"name\":\"OMNESBANDS International\",\"description\":\"Partituras Originales de autores y compositores independientes\",\"publisher\":{\"@id\":\"https:\\\/\\\/www.omnesbands.international\\\/#organization\"},\"potentialAction\":[{\"@type\":\"SearchAction\",\"target\":{\"@type\":\"EntryPoint\",\"urlTemplate\":\"https:\\\/\\\/www.omnesbands.international\\\/?s={search_term_string}\"},\"query-input\":{\"@type\":\"PropertyValueSpecification\",\"valueRequired\":true,\"valueName\":\"search_term_string\"}}],\"inLanguage\":\"de\"},{\"@type\":\"Organization\",\"@id\":\"https:\\\/\\\/www.omnesbands.international\\\/#organization\",\"name\":\"Indra Consultores Internacionales\",\"alternateName\":\"Omnesbands\",\"url\":\"https:\\\/\\\/www.omnesbands.international\\\/\",\"logo\":{\"@type\":\"ImageObject\",\"inLanguage\":\"de\",\"@id\":\"https:\\\/\\\/www.omnesbands.international\\\/#\\\/schema\\\/logo\\\/image\\\/\",\"url\":\"https:\\\/\\\/omnesbands.international\\\/wp-content\\\/uploads\\\/2023\\\/06\\\/Logo-Nuevo-.png\",\"contentUrl\":\"https:\\\/\\\/omnesbands.international\\\/wp-content\\\/uploads\\\/2023\\\/06\\\/Logo-Nuevo-.png\",\"width\":394,\"height\":212,\"caption\":\"Indra Consultores Internacionales\"},\"image\":{\"@id\":\"https:\\\/\\\/www.omnesbands.international\\\/#\\\/schema\\\/logo\\\/image\\\/\"}}]}<\/script>\n<!-- \/ Yoast SEO Premium plugin. -->","yoast_head_json":{"title":"EMILIO OLTRA BENAVENT -","robots":{"index":"index","follow":"follow","max-snippet":"max-snippet:-1","max-image-preview":"max-image-preview:large","max-video-preview":"max-video-preview:-1"},"canonical":"https:\/\/www.omnesbands.international\/de\/emilio-oltra-benavent-2\/","og_locale":"de_DE","og_type":"article","og_title":"EMILIO OLTRA BENAVENT","og_description":"EMILIO OLTRA BENAVENT Nace en Ouatretonda (Valencia) en ig6g, donde empieza a estudiar m\u00fasica y despu\u00e9s se traslada a los conservatorios de \u00bbUva, Carcaixent. Valencia y Alacant Sus profesores en estos centros han sido Carme Badia. Juan Ignacio Barrachina. Enrique For\u00e9s. M\u00b0 Dolores Tom\u00e1s y Jos\u00e9 Dom\u00ednguez. Est\u00e1 en posesi\u00f3n del diploma de performance que [&hellip;]","og_url":"https:\/\/www.omnesbands.international\/de\/emilio-oltra-benavent-2\/","article_modified_time":"2023-03-12T14:44:32+00:00","og_image":[{"width":1280,"height":742,"url":"https:\/\/www.omnesbands.international\/wp-content\/uploads\/2023\/01\/music-sheet-music-snowdrop-7107045.jpg","type":"image\/jpeg"}],"twitter_card":"summary_large_image","twitter_misc":{"Gesch\u00e4tzte Lesezeit":"5\u00a0Minuten"},"schema":{"@context":"https:\/\/schema.org","@graph":[{"@type":"WebPage","@id":"https:\/\/www.omnesbands.international\/ja\/emilio-oltra-benavent-2\/","url":"https:\/\/www.omnesbands.international\/ja\/emilio-oltra-benavent-2\/","name":"EMILIO OLTRA BENAVENT -","isPartOf":{"@id":"https:\/\/www.omnesbands.international\/#website"},"datePublished":"2023-01-29T02:58:01+00:00","dateModified":"2023-03-12T14:44:32+00:00","breadcrumb":{"@id":"https:\/\/www.omnesbands.international\/ja\/emilio-oltra-benavent-2\/#breadcrumb"},"inLanguage":"de","potentialAction":[{"@type":"ReadAction","target":["https:\/\/www.omnesbands.international\/ja\/emilio-oltra-benavent-2\/"]}]},{"@type":"BreadcrumbList","@id":"https:\/\/www.omnesbands.international\/ja\/emilio-oltra-benavent-2\/#breadcrumb","itemListElement":[{"@type":"ListItem","position":1,"name":"Portada","item":"https:\/\/www.omnesbands.international\/"},{"@type":"ListItem","position":2,"name":"EMILIO OLTRA BENAVENT"}]},{"@type":"WebSite","@id":"https:\/\/www.omnesbands.international\/#website","url":"https:\/\/www.omnesbands.international\/","name":"OMNESBANDS International","description":"Original-Noten von unabh\u00e4ngigen Autoren und Komponisten","publisher":{"@id":"https:\/\/www.omnesbands.international\/#organization"},"potentialAction":[{"@type":"SearchAction","target":{"@type":"EntryPoint","urlTemplate":"https:\/\/www.omnesbands.international\/?s={search_term_string}"},"query-input":{"@type":"PropertyValueSpecification","valueRequired":true,"valueName":"search_term_string"}}],"inLanguage":"de"},{"@type":"Organization","@id":"https:\/\/www.omnesbands.international\/#organization","name":"Indra Internationale Berater","alternateName":"Omnesbands","url":"https:\/\/www.omnesbands.international\/","logo":{"@type":"ImageObject","inLanguage":"de","@id":"https:\/\/www.omnesbands.international\/#\/schema\/logo\/image\/","url":"https:\/\/omnesbands.international\/wp-content\/uploads\/2023\/06\/Logo-Nuevo-.png","contentUrl":"https:\/\/omnesbands.international\/wp-content\/uploads\/2023\/06\/Logo-Nuevo-.png","width":394,"height":212,"caption":"Indra Consultores Internacionales"},"image":{"@id":"https:\/\/www.omnesbands.international\/#\/schema\/logo\/image\/"}}]}},"uagb_featured_image_src":{"full":false,"thumbnail":false,"medium":false,"medium_large":false,"large":false,"1536x1536":false,"2048x2048":false,"trp-custom-language-flag":false,"gg_gallery_thumbnail":false,"woocommerce_thumbnail":false,"woocommerce_single":false,"woocommerce_gallery_thumbnail":false},"uagb_author_info":{"display_name":"Melvin R. Portillo A:","author_link":"https:\/\/www.omnesbands.international\/de\/author\/portand\/"},"uagb_comment_info":0,"uagb_excerpt":"EMILIO OLTRA BENAVENT Nace en Ouatretonda (Valencia) en ig6g, donde empieza a estudiar m\u00fasica y despu\u00e9s se traslada a los conservatorios de \u00bbUva, Carcaixent. Valencia y Alacant Sus profesores en estos centros han sido Carme Badia. Juan Ignacio Barrachina. Enrique For\u00e9s. M\u00b0 Dolores Tom\u00e1s y Jos\u00e9 Dom\u00ednguez. Est\u00e1 en posesi\u00f3n del diploma de performance que&hellip;","_links":{"self":[{"href":"https:\/\/www.omnesbands.international\/de\/wp-json\/wp\/v2\/pages\/1671","targetHints":{"allow":["GET"]}}],"collection":[{"href":"https:\/\/www.omnesbands.international\/de\/wp-json\/wp\/v2\/pages"}],"about":[{"href":"https:\/\/www.omnesbands.international\/de\/wp-json\/wp\/v2\/types\/page"}],"author":[{"embeddable":true,"href":"https:\/\/www.omnesbands.international\/de\/wp-json\/wp\/v2\/users\/4"}],"replies":[{"embeddable":true,"href":"https:\/\/www.omnesbands.international\/de\/wp-json\/wp\/v2\/comments?post=1671"}],"version-history":[{"count":4,"href":"https:\/\/www.omnesbands.international\/de\/wp-json\/wp\/v2\/pages\/1671\/revisions"}],"predecessor-version":[{"id":2312,"href":"https:\/\/www.omnesbands.international\/de\/wp-json\/wp\/v2\/pages\/1671\/revisions\/2312"}],"wp:attachment":[{"href":"https:\/\/www.omnesbands.international\/de\/wp-json\/wp\/v2\/media?parent=1671"}],"curies":[{"name":"wp","href":"https:\/\/api.w.org\/{rel}","templated":true}]}}