{"id":1681,"date":"2023-01-28T21:21:06","date_gmt":"2023-01-29T03:21:06","guid":{"rendered":"https:\/\/omnesbands.international\/?page_id=1681"},"modified":"2023-01-28T21:26:49","modified_gmt":"2023-01-29T03:26:49","slug":"jaume-blai-santonja-espinos-2","status":"publish","type":"page","link":"https:\/\/www.omnesbands.international\/de\/jaume-blai-santonja-espinos-2\/","title":{"rendered":"JAUME-BLAI SANTONJA ESPINO"},"content":{"rendered":"<div class=\"wp-block-uagb-container uagb-block-fe28a49f alignfull uagb-is-root-container\"><div class=\"uagb-container-inner-blocks-wrap\">\n<div class=\"wp-block-uagb-advanced-heading uagb-block-e0ad760c\"><h1 class=\"uagb-heading-text\"><strong>JAUME-BLAI SANTONJA ESPINO<\/strong><\/h1><\/div>\n<\/div><\/div>\n\n\n\n<div class=\"wp-block-uagb-container uagb-block-499cb09f alignfull uagb-is-root-container\"><div class=\"uagb-container-inner-blocks-wrap\">\n<div class=\"wp-block-uagb-container uagb-block-e786ab9a\">\n<p>Jaume-Blai stammt aus Bocairent, ebenso wie seine Eltern Jaime Santonja Beneito und M\u00aa Carmen Esp\u00eddos Va\u00f1\u00f3.<\/p>\n<p>Jaume ging nicht in Bocairent zur Schule, da seine Eltern im Alter von vier Jahren beschlossen, sich in Ontinyent niederzulassen, da sie beide im Rathaus arbeiteten.<\/p>\n<p>Trotz dieser Umst\u00e4nde pflegte er immer eine starke Bindung zu seiner Heimatstadt: Seit seiner Geburt war er Mitglied der \u201eFil\u00e0 Ter\u00e7 de Zuavos\u201c, er nahm an der colla de xirimiters i tabaleters \u201eL&#039;Aljub\u201c de Bocairent teil, usw.<br>Er war au\u00dferdem Mitglied der Xafig\u00e0 de Muro d&#039;Alcoi und geh\u00f6rt der Ontinyent Musical Artistic Union Band an, seit er im Alter von elf Jahren Teil dieser Band wurde.<br>Jaumes Kindheit und Jugend waren schon immer mit der Musik, seiner gro\u00dfen Leidenschaft und auch seinem gro\u00dfen Spa\u00df verbunden. Ein Beispiel hierf\u00fcr ist die Gr\u00fcndung einer Perkussionsgruppe innerhalb der Musikkapelle Ontinyent, die von ihm selbst geschaffene Konzerte und kleine St\u00fccke zum Gedenken an Santa Cecilia organisierte.<br>Obwohl ihm sein h\u00f6heres Musikstudium in Barcelona nicht viel Freizeit l\u00e4sst, steht er weiterhin in Kontakt mit vielen Musikern aus Bocairent, die bei jeder Gelegenheit gemeinsam auftreten.<br>Er hat auch einen gro\u00dfen Teil seiner Freunde in Bocairent, denn als er klein war, verbrachte er jedes Wochenende im Haus seiner Gro\u00dfeltern Jaime und Emilia.<br>Er begann sein Musikstudium am professionellen Musikkonservatorium \u201eJosep Melcior Gomis\u201c in Ontinyent (Valencia), wo er die Grund- und Mittelstufe (LOGSE) in der Percussion-Modalit\u00e4t studierte. Als Lehrer: Jes\u00fas Barber\u00e0, Romuald Gass\u00f3 und Pep Soler.<br>Jaume schloss im Juni 2008 sein Studium an der ESMuC (Escola Superior de M\u00fasica de Catalunya) ab und erlangte damit die h\u00f6chste Qualifikation in seinem Fachgebiet. In diesem Zentrum arbeitet er mit den Lehrern Gratiniano Murcia, Miquel Bernat, Lorenzo Ferr\u00e1ndiz und George-Elie Octors zusammen.<br>Im Juni 2010 erhielt er das Master-Diplom am \u201eConservatorium van Amsterdam\u201c (Holland) unter der Leitung der Professoren Nick Woud, Gustavo Gimeno, Mark Braafhart, Peter Prommel und Victor Oskam.<br>Seine Orchestererfahrung beginnt mit seiner Zeit im Jugendorchester der Generalitat Valenciana (JOGV) zwischen 2004 und 2005 sowie im Nationalen Jugendorchester Kataloniens (JONC), dessen regul\u00e4res Mitglied er zwischen 2005 und 2007 war Im November 2005 ist er Teil der Instrumentalistengruppe des Nationalen Jugendorchesters Spaniens (JONDE) und belegte bei den Tests 2008 und 2009 den ersten Platz.<br>Von Mai 2007 bis Januar 2009 war Jaume Teil des UBS Verbier Festival Orchestra (VFO), dem Residentorchester des \u201eVerbier Festivals\u201c (Schweiz), mit dem er mehrere internationale Tourneen durch die USA und Europa unternahm. Mit dieser symphonischen Gruppe haben Sie die M\u00f6glichkeit, mit den renommiertesten Dirigenten der Gegenwart zusammenzuarbeiten: Valery Gergiev, Ginandrea Noseda, Paavo J\u00e4rvi, Rafael Fr\u00fchbeck de Burgos, Sir Adrew Davis, James Levine, Manfred Honeck, Essa-Peka Salonen, Pletenev, Zubin Metha oder Charles Dutoit... sowie mit internationalen Solisten vom Format Martha Argerich, Josua Bell, Evgeny Kissin, Anne-Sophie Muter, Lang Lang, Radu Lupu etc.<br>Jaume ist derzeit Mitglied des Gustav Mahler Jugendorchesters (GMJO). Das GMJO gilt als das renommierteste junge Orchester auf europ\u00e4ischer Ebene. Mit dieser Gruppe touren sie durch den europ\u00e4ischen Kontinent und treten in den besten Konzerts\u00e4len und mit Dirigenten wie Jonathan Nott, Ingo Metzmacher oder Antonio Pappano auf.<br>In der Berufswelt hat Jaume mit Orchestern wie dem Barcelona and National Symphony Orchestra of Catalonia (OBC), dem Vall\u00e9s Symphony Orchestra (OSV), dem Prague Symphony Orchestra, dem National Chamber Orchestra of Andorra (ONCA) und dem Verbier zusammengearbeitet. Festivalkammerorchester (VFCO). Seit seinem Umzug nach Holland arbeitet er mit der Radio Kamer Filhamonie (RKF), dem Rotterdam Philharmonic Orchestra (RPhO) und dem Royal Concertgebouw Orchestra (RCO) zusammen.<br>Was die Kammermusik betrifft, tritt er regelm\u00e4\u00dfig mit dem Instrumentalensemble \u201eBCN 216\u201c aus Barcelona auf und hat dies auch mit dem Insomnio Ensemble (Utrecht) getan, die beide auf zeitgen\u00f6ssische Musik spezialisiert sind. Jaume war an verschiedenen Gruppenprojekten beteiligt, beispielsweise an der ESMuC-Percussion-Gruppe unter der Leitung von George Elie-Octors oder am Daisen-in Duo (Percussion), mit dem er den ersten Preis beim Col\u2022legi-Kammerwettbewerb gewann. Major Penyafort- Montserrat. Derzeit arbeitet er an einem neuen Projekt mit dem Percussionisten Manuel Mart\u00ednez (AKT-TEK Percussion Duo Project).<br>Er hat verschiedene Schlagzeugkurse bei Lehrern besucht: Nancy Selstzman, Bogdam Bacanum, Juanjo Guillem, Josep Vicent, C\u00e9sar Peris, Juan Garc\u00eda Iborra, Enric Llopis, Gregory Zuber (Direktor der MT Opera New York und Tutor des UBS Verbier Festival Orchestra). ), Mike Quinn (Dozent am Gustav Mahler Juguendorchester), Eric Samut usw.<br>Als Musikkomponist gewann er den Wettbewerb zum 150. Jahrestag des Mauren- und Christenfestivals von Bocairent in der Pasodoble-Modalit\u00e4t mit dem Werk \u201eBocairent 1984, Homenatge als meus Pares\u201c \u2026 neben anderen Kompositionen.<\/p>\n<\/div>\n<\/div><\/div>\n\n\n<div class=\"woocommerce columns-4\"><\/div>","protected":false},"excerpt":{"rendered":"<p>JAUME-BLAI SANTONJA ESPIN\u00d3S Jaume-Blai es natural de Bocairent, como tambi\u00e9n lo son sus padres, Jaime Santonja Beneito y M\u00aa Carmen Espin\u00f3s Va\u00f1\u00f3. Jaume no fue a la escuela en Bocairent porque cuando ten\u00eda 4 a\u00f1os sus padres decidieron fijar su residencia en Ontinyent, ya que ambos trabajaban en su Ayuntamiento. A pesar de esta circunstancia [&hellip;]<\/p>\n","protected":false},"author":4,"featured_media":0,"parent":0,"menu_order":0,"comment_status":"closed","ping_status":"closed","template":"","meta":{"_acf_changed":false,"_uag_custom_page_level_css":"","site-sidebar-layout":"default","site-content-layout":"","ast-site-content-layout":"default","site-content-style":"default","site-sidebar-style":"default","ast-global-header-display":"","ast-banner-title-visibility":"","ast-main-header-display":"","ast-hfb-above-header-display":"","ast-hfb-below-header-display":"","ast-hfb-mobile-header-display":"","site-post-title":"disabled","ast-breadcrumbs-content":"","ast-featured-img":"","footer-sml-layout":"","ast-disable-related-posts":"","theme-transparent-header-meta":"","adv-header-id-meta":"","stick-header-meta":"","header-above-stick-meta":"","header-main-stick-meta":"","header-below-stick-meta":"","astra-migrate-meta-layouts":"default","ast-page-background-enabled":"default","ast-page-background-meta":{"desktop":{"background-color":"","background-image":"","background-repeat":"repeat","background-position":"center center","background-size":"auto","background-attachment":"scroll","background-type":"","background-media":"","overlay-type":"","overlay-color":"","overlay-opacity":"","overlay-gradient":""},"tablet":{"background-color":"","background-image":"","background-repeat":"repeat","background-position":"center center","background-size":"auto","background-attachment":"scroll","background-type":"","background-media":"","overlay-type":"","overlay-color":"","overlay-opacity":"","overlay-gradient":""},"mobile":{"background-color":"","background-image":"","background-repeat":"repeat","background-position":"center center","background-size":"auto","background-attachment":"scroll","background-type":"","background-media":"","overlay-type":"","overlay-color":"","overlay-opacity":"","overlay-gradient":""}},"ast-content-background-meta":{"desktop":{"background-color":"var(--ast-global-color-5)","background-image":"","background-repeat":"repeat","background-position":"center center","background-size":"auto","background-attachment":"scroll","background-type":"","background-media":"","overlay-type":"","overlay-color":"","overlay-opacity":"","overlay-gradient":""},"tablet":{"background-color":"var(--ast-global-color-5)","background-image":"","background-repeat":"repeat","background-position":"center center","background-size":"auto","background-attachment":"scroll","background-type":"","background-media":"","overlay-type":"","overlay-color":"","overlay-opacity":"","overlay-gradient":""},"mobile":{"background-color":"var(--ast-global-color-5)","background-image":"","background-repeat":"repeat","background-position":"center center","background-size":"auto","background-attachment":"scroll","background-type":"","background-media":"","overlay-type":"","overlay-color":"","overlay-opacity":"","overlay-gradient":""}},"footnotes":""},"class_list":["post-1681","page","type-page","status-publish","hentry"],"acf":[],"yoast_head":"<!-- This site is optimized with the Yoast SEO Premium plugin v22.4 (Yoast SEO v27.4) - https:\/\/yoast.com\/product\/yoast-seo-premium-wordpress\/ -->\n<title>JAUME-BLAI SANTONJA ESPIN\u00d3S -<\/title>\n<meta name=\"robots\" content=\"index, follow, max-snippet:-1, max-image-preview:large, max-video-preview:-1\" \/>\n<link rel=\"canonical\" href=\"https:\/\/www.omnesbands.international\/de\/jaume-blai-santonja-espinos-2\/\" \/>\n<meta property=\"og:locale\" content=\"de_DE\" \/>\n<meta property=\"og:type\" content=\"article\" \/>\n<meta property=\"og:title\" content=\"JAUME-BLAI SANTONJA ESPIN\u00d3S\" \/>\n<meta property=\"og:description\" content=\"JAUME-BLAI SANTONJA ESPIN\u00d3S Jaume-Blai es natural de Bocairent, como tambi\u00e9n lo son sus padres, Jaime Santonja Beneito y M\u00aa Carmen Espin\u00f3s Va\u00f1\u00f3. Jaume no fue a la escuela en Bocairent porque cuando ten\u00eda 4 a\u00f1os sus padres decidieron fijar su residencia en Ontinyent, ya que ambos trabajaban en su Ayuntamiento. A pesar de esta circunstancia [&hellip;]\" \/>\n<meta property=\"og:url\" content=\"https:\/\/www.omnesbands.international\/de\/jaume-blai-santonja-espinos-2\/\" \/>\n<meta property=\"article:modified_time\" content=\"2023-01-29T03:26:49+00:00\" \/>\n<meta property=\"og:image\" content=\"https:\/\/www.omnesbands.international\/wp-content\/uploads\/2023\/01\/music-sheet-music-snowdrop-7107045.jpg\" \/>\n\t<meta property=\"og:image:width\" content=\"1280\" \/>\n\t<meta property=\"og:image:height\" content=\"742\" \/>\n\t<meta property=\"og:image:type\" content=\"image\/jpeg\" \/>\n<meta name=\"twitter:card\" content=\"summary_large_image\" \/>\n<meta name=\"twitter:label1\" content=\"Gesch\u00e4tzte Lesezeit\" \/>\n\t<meta name=\"twitter:data1\" content=\"4\u00a0Minuten\" \/>\n<script type=\"application\/ld+json\" class=\"yoast-schema-graph\">{\"@context\":\"https:\\\/\\\/schema.org\",\"@graph\":[{\"@type\":\"WebPage\",\"@id\":\"https:\\\/\\\/www.omnesbands.international\\\/jaume-blai-santonja-espinos-2\\\/\",\"url\":\"https:\\\/\\\/www.omnesbands.international\\\/jaume-blai-santonja-espinos-2\\\/\",\"name\":\"JAUME-BLAI SANTONJA ESPIN\u00d3S -\",\"isPartOf\":{\"@id\":\"https:\\\/\\\/www.omnesbands.international\\\/#website\"},\"datePublished\":\"2023-01-29T03:21:06+00:00\",\"dateModified\":\"2023-01-29T03:26:49+00:00\",\"breadcrumb\":{\"@id\":\"https:\\\/\\\/www.omnesbands.international\\\/jaume-blai-santonja-espinos-2\\\/#breadcrumb\"},\"inLanguage\":\"de\",\"potentialAction\":[{\"@type\":\"ReadAction\",\"target\":[\"https:\\\/\\\/www.omnesbands.international\\\/jaume-blai-santonja-espinos-2\\\/\"]}]},{\"@type\":\"BreadcrumbList\",\"@id\":\"https:\\\/\\\/www.omnesbands.international\\\/jaume-blai-santonja-espinos-2\\\/#breadcrumb\",\"itemListElement\":[{\"@type\":\"ListItem\",\"position\":1,\"name\":\"Portada\",\"item\":\"https:\\\/\\\/www.omnesbands.international\\\/\"},{\"@type\":\"ListItem\",\"position\":2,\"name\":\"JAUME-BLAI SANTONJA ESPIN\u00d3S\"}]},{\"@type\":\"WebSite\",\"@id\":\"https:\\\/\\\/www.omnesbands.international\\\/#website\",\"url\":\"https:\\\/\\\/www.omnesbands.international\\\/\",\"name\":\"OMNESBANDS International\",\"description\":\"Partituras Originales de autores y compositores independientes\",\"publisher\":{\"@id\":\"https:\\\/\\\/www.omnesbands.international\\\/#organization\"},\"potentialAction\":[{\"@type\":\"SearchAction\",\"target\":{\"@type\":\"EntryPoint\",\"urlTemplate\":\"https:\\\/\\\/www.omnesbands.international\\\/?s={search_term_string}\"},\"query-input\":{\"@type\":\"PropertyValueSpecification\",\"valueRequired\":true,\"valueName\":\"search_term_string\"}}],\"inLanguage\":\"de\"},{\"@type\":\"Organization\",\"@id\":\"https:\\\/\\\/www.omnesbands.international\\\/#organization\",\"name\":\"Indra Consultores Internacionales\",\"alternateName\":\"Omnesbands\",\"url\":\"https:\\\/\\\/www.omnesbands.international\\\/\",\"logo\":{\"@type\":\"ImageObject\",\"inLanguage\":\"de\",\"@id\":\"https:\\\/\\\/www.omnesbands.international\\\/#\\\/schema\\\/logo\\\/image\\\/\",\"url\":\"https:\\\/\\\/omnesbands.international\\\/wp-content\\\/uploads\\\/2023\\\/06\\\/Logo-Nuevo-.png\",\"contentUrl\":\"https:\\\/\\\/omnesbands.international\\\/wp-content\\\/uploads\\\/2023\\\/06\\\/Logo-Nuevo-.png\",\"width\":394,\"height\":212,\"caption\":\"Indra Consultores Internacionales\"},\"image\":{\"@id\":\"https:\\\/\\\/www.omnesbands.international\\\/#\\\/schema\\\/logo\\\/image\\\/\"}}]}<\/script>\n<!-- \/ Yoast SEO Premium plugin. -->","yoast_head_json":{"title":"JAUME-BLAI SANTONJA ESPIN\u00d3S -","robots":{"index":"index","follow":"follow","max-snippet":"max-snippet:-1","max-image-preview":"max-image-preview:large","max-video-preview":"max-video-preview:-1"},"canonical":"https:\/\/www.omnesbands.international\/de\/jaume-blai-santonja-espinos-2\/","og_locale":"de_DE","og_type":"article","og_title":"JAUME-BLAI SANTONJA ESPIN\u00d3S","og_description":"JAUME-BLAI SANTONJA ESPIN\u00d3S Jaume-Blai es natural de Bocairent, como tambi\u00e9n lo son sus padres, Jaime Santonja Beneito y M\u00aa Carmen Espin\u00f3s Va\u00f1\u00f3. Jaume no fue a la escuela en Bocairent porque cuando ten\u00eda 4 a\u00f1os sus padres decidieron fijar su residencia en Ontinyent, ya que ambos trabajaban en su Ayuntamiento. A pesar de esta circunstancia [&hellip;]","og_url":"https:\/\/www.omnesbands.international\/de\/jaume-blai-santonja-espinos-2\/","article_modified_time":"2023-01-29T03:26:49+00:00","og_image":[{"width":1280,"height":742,"url":"https:\/\/www.omnesbands.international\/wp-content\/uploads\/2023\/01\/music-sheet-music-snowdrop-7107045.jpg","type":"image\/jpeg"}],"twitter_card":"summary_large_image","twitter_misc":{"Gesch\u00e4tzte Lesezeit":"4\u00a0Minuten"},"schema":{"@context":"https:\/\/schema.org","@graph":[{"@type":"WebPage","@id":"https:\/\/www.omnesbands.international\/jaume-blai-santonja-espinos-2\/","url":"https:\/\/www.omnesbands.international\/jaume-blai-santonja-espinos-2\/","name":"JAUME-BLAI SANTONJA ESPIN\u00d3S -","isPartOf":{"@id":"https:\/\/www.omnesbands.international\/#website"},"datePublished":"2023-01-29T03:21:06+00:00","dateModified":"2023-01-29T03:26:49+00:00","breadcrumb":{"@id":"https:\/\/www.omnesbands.international\/jaume-blai-santonja-espinos-2\/#breadcrumb"},"inLanguage":"de","potentialAction":[{"@type":"ReadAction","target":["https:\/\/www.omnesbands.international\/jaume-blai-santonja-espinos-2\/"]}]},{"@type":"BreadcrumbList","@id":"https:\/\/www.omnesbands.international\/jaume-blai-santonja-espinos-2\/#breadcrumb","itemListElement":[{"@type":"ListItem","position":1,"name":"Portada","item":"https:\/\/www.omnesbands.international\/"},{"@type":"ListItem","position":2,"name":"JAUME-BLAI SANTONJA ESPIN\u00d3S"}]},{"@type":"WebSite","@id":"https:\/\/www.omnesbands.international\/#website","url":"https:\/\/www.omnesbands.international\/","name":"OMNESBANDS International","description":"Original-Noten von unabh\u00e4ngigen Autoren und Komponisten","publisher":{"@id":"https:\/\/www.omnesbands.international\/#organization"},"potentialAction":[{"@type":"SearchAction","target":{"@type":"EntryPoint","urlTemplate":"https:\/\/www.omnesbands.international\/?s={search_term_string}"},"query-input":{"@type":"PropertyValueSpecification","valueRequired":true,"valueName":"search_term_string"}}],"inLanguage":"de"},{"@type":"Organization","@id":"https:\/\/www.omnesbands.international\/#organization","name":"Indra Internationale Berater","alternateName":"Omnesbands","url":"https:\/\/www.omnesbands.international\/","logo":{"@type":"ImageObject","inLanguage":"de","@id":"https:\/\/www.omnesbands.international\/#\/schema\/logo\/image\/","url":"https:\/\/omnesbands.international\/wp-content\/uploads\/2023\/06\/Logo-Nuevo-.png","contentUrl":"https:\/\/omnesbands.international\/wp-content\/uploads\/2023\/06\/Logo-Nuevo-.png","width":394,"height":212,"caption":"Indra Consultores Internacionales"},"image":{"@id":"https:\/\/www.omnesbands.international\/#\/schema\/logo\/image\/"}}]}},"uagb_featured_image_src":{"full":false,"thumbnail":false,"medium":false,"medium_large":false,"large":false,"1536x1536":false,"2048x2048":false,"trp-custom-language-flag":false,"gg_gallery_thumbnail":false,"woocommerce_thumbnail":false,"woocommerce_single":false,"woocommerce_gallery_thumbnail":false},"uagb_author_info":{"display_name":"Melvin R. Portillo A:","author_link":"https:\/\/www.omnesbands.international\/de\/author\/portand\/"},"uagb_comment_info":0,"uagb_excerpt":"JAUME-BLAI SANTONJA ESPIN\u00d3S Jaume-Blai es natural de Bocairent, como tambi\u00e9n lo son sus padres, Jaime Santonja Beneito y M\u00aa Carmen Espin\u00f3s Va\u00f1\u00f3. Jaume no fue a la escuela en Bocairent porque cuando ten\u00eda 4 a\u00f1os sus padres decidieron fijar su residencia en Ontinyent, ya que ambos trabajaban en su Ayuntamiento. A pesar de esta circunstancia&hellip;","_links":{"self":[{"href":"https:\/\/www.omnesbands.international\/de\/wp-json\/wp\/v2\/pages\/1681","targetHints":{"allow":["GET"]}}],"collection":[{"href":"https:\/\/www.omnesbands.international\/de\/wp-json\/wp\/v2\/pages"}],"about":[{"href":"https:\/\/www.omnesbands.international\/de\/wp-json\/wp\/v2\/types\/page"}],"author":[{"embeddable":true,"href":"https:\/\/www.omnesbands.international\/de\/wp-json\/wp\/v2\/users\/4"}],"replies":[{"embeddable":true,"href":"https:\/\/www.omnesbands.international\/de\/wp-json\/wp\/v2\/comments?post=1681"}],"version-history":[{"count":2,"href":"https:\/\/www.omnesbands.international\/de\/wp-json\/wp\/v2\/pages\/1681\/revisions"}],"predecessor-version":[{"id":1683,"href":"https:\/\/www.omnesbands.international\/de\/wp-json\/wp\/v2\/pages\/1681\/revisions\/1683"}],"wp:attachment":[{"href":"https:\/\/www.omnesbands.international\/de\/wp-json\/wp\/v2\/media?parent=1681"}],"curies":[{"name":"wp","href":"https:\/\/api.w.org\/{rel}","templated":true}]}}