{"id":1687,"date":"2023-01-28T21:33:18","date_gmt":"2023-01-29T03:33:18","guid":{"rendered":"https:\/\/omnesbands.international\/?page_id=1687"},"modified":"2023-01-28T21:34:38","modified_gmt":"2023-01-29T03:34:38","slug":"joan-enric-canet-todoli-2","status":"publish","type":"page","link":"https:\/\/www.omnesbands.international\/de\/joan-enric-canet-todoli-2\/","title":{"rendered":"JOAN ENRIC CANET TODOL\u00cd"},"content":{"rendered":"<div class=\"wp-block-uagb-container uagb-block-91dbb1ed alignfull uagb-is-root-container\"><div class=\"uagb-container-inner-blocks-wrap\">\n<div class=\"wp-block-uagb-advanced-heading uagb-block-e21cb2f7\"><h1 class=\"uagb-heading-text\"><strong>JOAN ENRIC CANET TODOL\u00cd<\/strong><\/h1><\/div>\n<\/div><\/div>\n\n\n\n<div class=\"wp-block-uagb-container uagb-block-d1cd49da alignfull uagb-is-root-container\"><div class=\"uagb-container-inner-blocks-wrap\">\n<div class=\"wp-block-uagb-container uagb-block-6c6a3dbc\">\n<p>Er wurde 1961 in Puerto de Sagunto (Valencia) geboren. In dieser Stadt begann er sein Musikstudium und setzte seine musikalische Ausbildung am Superior Conservatory of Music in Valencia fort, wo er als Lehrer f\u00fcr: \u00b7 Klarinette abschloss. \u00b7 Solfeggio, Musiktheorie, Schlangen, Transport und Begleitung. \u00b7 H\u00f6herer Professor f\u00fcr Harmonie, Kontrapunkt, Fuge, Komposition und Instrumentierung. Die qualifizierende Jury erhielt einstimmig die folgenden au\u00dfergew\u00f6hnlichen Preise: \u00b7 Harmonie und begleitete Melodie. \u00b7 Kontrapunkt und Fuge. \u00b7 Komposition und Instrumentierung. \u00b7 Mercedes-Mass\u00ed-Preis f\u00fcr die beste Zwischenstufe im Studienjahr 1986-87.<\/p>\n<p>1990 trat er durch ein Auswahlverfahren in die Lehrerschaft f\u00fcr Musik und darstellende Kunst ein und leitet derzeit die Kompositions- und Orchestrierungsklassen am Superior Conservatory of Music &quot;Oscar Espl\u00e1&quot; in Alicante.<\/p>\n<p>Aus seiner T\u00e4tigkeit als Komponist k\u00f6nnen wir die folgenden Werke hervorheben: Sinfon\u00eda concertante, f\u00fcr Orchester und einen Saxophonisten (uraufgef\u00fchrt beim XI. Weltsaxophonkongress und beim XIII. Festival f\u00fcr zeitgen\u00f6ssische Musik in Alicante), L&#039;Album de Nadia (Suite f\u00fcr Orchester), Viento del Pueblo (Symphonisches Gedicht f\u00fcr Band und auch in der Version f\u00fcr Symphonieorchester uraufgef\u00fchrt), Sonatine f\u00fcr Fagott und Klavier, Caribe\u00f1a (Septett), Duetto f\u00fcr Violine und Violoncello, Aben-Bazel, Wahabitas und Alfaquies (Maurische M\u00e4rsche), Benicadell und Novecento (Pasodobles), Tonatiuh (Schaumusik f\u00fcr den Kapit\u00e4n des maurischen Eingangs von Alcoy), El hijo del Zebedeo (Prozessionsmarsch), Aquarel.la alacantina (Gewinnerkomposition des I. Nationalen Kompositionswettbewerbs &quot;Stadt Alicante&quot;.<\/p>\n<p>Er war Chefdirigent der Bands aus Llutxent, Beniganim, \u201eLa Nova\u201c aus X\u00e1tiva und dem Alfafar Musical Instruction Center. Er hat auch als Gastdirigent oder musikalischer Berater f\u00fcr Aufnahmen und Wettbewerbe mit verschiedenen Musikgruppen zusammengearbeitet: Bands aus Beniatjar, Genov\u00e9s, Xixona, Redov\u00e1n, El Campello, Banyeres, Comarcal de la Vall d&#039;Albaida, Primitiva de Albaida, Ateneo Musical de Cocentaina, Santa Cecilia de Elda, Alicante Municipal und Alicante Symphony Orchestra.<\/p>\n<\/div>\n<\/div><\/div>\n\n\n<div class=\"woocommerce columns-4\"><ul class=\"products columns-4\">\n<li class=\"desktop-align-left tablet-align-left mobile-align-left ast-product-gallery-layout-horizontal-slider product type-product post-959 status-publish first instock product_cat-musica-de-calle product_tag-joan-enric-canet-todoli has-post-thumbnail downloadable virtual taxable purchasable product-type-simple\">\n\t<a href=\"https:\/\/www.omnesbands.international\/de\/produkt\/alfaquies\/\" class=\"woocommerce-LoopProduct-link woocommerce-loop-product__link\"><img loading=\"lazy\" decoding=\"async\" width=\"300\" height=\"300\" src=\"https:\/\/www.omnesbands.international\/wp-content\/uploads\/2023\/01\/Alfaquies-300x300.webp\" class=\"attachment-woocommerce_thumbnail size-woocommerce_thumbnail\" alt=\"Alfaqu\u00edes\" srcset=\"https:\/\/www.omnesbands.international\/wp-content\/uploads\/2023\/01\/Alfaquies-300x300.webp 300w, https:\/\/www.omnesbands.international\/wp-content\/uploads\/2023\/01\/Alfaquies-150x150.webp 150w, https:\/\/www.omnesbands.international\/wp-content\/uploads\/2023\/01\/Alfaquies-100x100.webp 100w\" sizes=\"auto, (max-width: 300px) 100vw, 300px\" \/><h2 class=\"woocommerce-loop-product__title\">Alfaquien<\/h2>\n\t<span class=\"price\"><span class=\"woocommerce-Price-amount amount\"><bdi><span class=\"woocommerce-Price-currencySymbol\">&#36;<\/span>25.00<\/bdi><\/span><\/span>\n<\/a><a href=\"\/de\/wp-json\/wp\/v2\/pages\/1687?add-to-cart=959\" aria-describedby=\"woocommerce_loop_add_to_cart_link_describedby_959\" data-quantity=\"1\" class=\"button product_type_simple add_to_cart_button ajax_add_to_cart\" data-product_id=\"959\" data-product_sku=\"ALF-CAL-ESP-22\" aria-label=\"Zum Warenkorb hinzuf\u00fcgen: \u201eAlfaqu\u00edes\u201c\" rel=\"nofollow\" data-success_message=\"\u201eAlfaqu\u00edes\u201c wurde deinem Warenkorb hinzugef\u00fcgt\" role=\"button\" data-no-translation=\"\" data-trp-gettext=\"\" data-no-translation-aria-label=\"\" data-no-translation-data-success_message=\"\">In den Warenkorb<\/a>\t<span id=\"woocommerce_loop_add_to_cart_link_describedby_959\" class=\"screen-reader-text\">\n\t\t\t<\/span>\n<\/li>\n<li class=\"desktop-align-left tablet-align-left mobile-align-left ast-product-gallery-layout-horizontal-slider product type-product post-1109 status-publish instock product_cat-pasodobles product_tag-joan-enric-canet-todoli has-post-thumbnail downloadable virtual taxable purchasable product-type-simple\">\n\t<a href=\"https:\/\/www.omnesbands.international\/de\/produkt\/aquarel-la-alacantina\/\" class=\"woocommerce-LoopProduct-link woocommerce-loop-product__link\"><img loading=\"lazy\" decoding=\"async\" width=\"300\" height=\"300\" src=\"https:\/\/www.omnesbands.international\/wp-content\/uploads\/2023\/01\/Aquarel-la-Alacantina-300x300.jpg\" class=\"attachment-woocommerce_thumbnail size-woocommerce_thumbnail\" alt=\"Aquarel la Alacantina\" srcset=\"https:\/\/www.omnesbands.international\/wp-content\/uploads\/2023\/01\/Aquarel-la-Alacantina-300x300.jpg 300w, https:\/\/www.omnesbands.international\/wp-content\/uploads\/2023\/01\/Aquarel-la-Alacantina-150x150.jpg 150w, https:\/\/www.omnesbands.international\/wp-content\/uploads\/2023\/01\/Aquarel-la-Alacantina-12x12.jpg 12w, https:\/\/www.omnesbands.international\/wp-content\/uploads\/2023\/01\/Aquarel-la-Alacantina-100x100.jpg 100w\" sizes=\"auto, (max-width: 300px) 100vw, 300px\" \/><h2 class=\"woocommerce-loop-product__title\">Aquarel la Alacantina<\/h2>\n\t<span class=\"price\"><span class=\"woocommerce-Price-amount amount\"><bdi><span class=\"woocommerce-Price-currencySymbol\">&#36;<\/span>25.00<\/bdi><\/span><\/span>\n<\/a><a href=\"\/de\/wp-json\/wp\/v2\/pages\/1687?add-to-cart=1109\" aria-describedby=\"woocommerce_loop_add_to_cart_link_describedby_1109\" data-quantity=\"1\" class=\"button product_type_simple add_to_cart_button ajax_add_to_cart\" data-product_id=\"1109\" data-product_sku=\"AQU-PAS-ESP-22\" aria-label=\"Zum Warenkorb hinzuf\u00fcgen: \u201eAquarel la Alacantina\u201c\" rel=\"nofollow\" data-success_message=\"\u201eAquarel la Alacantina\u201c wurde deinem Warenkorb hinzugef\u00fcgt\" role=\"button\" data-no-translation=\"\" data-trp-gettext=\"\" data-no-translation-aria-label=\"\" data-no-translation-data-success_message=\"\">In den Warenkorb<\/a>\t<span id=\"woocommerce_loop_add_to_cart_link_describedby_1109\" class=\"screen-reader-text\">\n\t\t\t<\/span>\n<\/li>\n<li class=\"desktop-align-left tablet-align-left mobile-align-left ast-product-gallery-layout-horizontal-slider product type-product post-1361 status-publish instock product_cat-pasodobles product_tag-joan-enric-canet-todoli has-post-thumbnail downloadable virtual taxable purchasable product-type-simple\">\n\t<a href=\"https:\/\/www.omnesbands.international\/de\/produkt\/novecento\/\" class=\"woocommerce-LoopProduct-link woocommerce-loop-product__link\"><img loading=\"lazy\" decoding=\"async\" width=\"300\" height=\"300\" src=\"https:\/\/www.omnesbands.international\/wp-content\/uploads\/2023\/01\/Novecento-300x300.jpg\" class=\"attachment-woocommerce_thumbnail size-woocommerce_thumbnail\" alt=\"Novecento\" srcset=\"https:\/\/www.omnesbands.international\/wp-content\/uploads\/2023\/01\/Novecento-300x300.jpg 300w, https:\/\/www.omnesbands.international\/wp-content\/uploads\/2023\/01\/Novecento-150x150.jpg 150w, https:\/\/www.omnesbands.international\/wp-content\/uploads\/2023\/01\/Novecento-100x100.jpg 100w\" sizes=\"auto, (max-width: 300px) 100vw, 300px\" \/><h2 class=\"woocommerce-loop-product__title\">neun hundert<\/h2>\n\t<span class=\"price\"><span class=\"woocommerce-Price-amount amount\"><bdi><span class=\"woocommerce-Price-currencySymbol\">&#36;<\/span>30.00<\/bdi><\/span><\/span>\n<\/a><a href=\"\/de\/wp-json\/wp\/v2\/pages\/1687?add-to-cart=1361\" aria-describedby=\"woocommerce_loop_add_to_cart_link_describedby_1361\" data-quantity=\"1\" class=\"button product_type_simple add_to_cart_button ajax_add_to_cart\" data-product_id=\"1361\" data-product_sku=\"NOV-PAS-ESP-22\" aria-label=\"Zum Warenkorb hinzuf\u00fcgen: \u201eNovecento\u201c\" rel=\"nofollow\" data-success_message=\"\u201eNovecento\u201c wurde deinem Warenkorb hinzugef\u00fcgt\" role=\"button\" data-no-translation=\"\" data-trp-gettext=\"\" data-no-translation-aria-label=\"\" data-no-translation-data-success_message=\"\">In den Warenkorb<\/a>\t<span id=\"woocommerce_loop_add_to_cart_link_describedby_1361\" class=\"screen-reader-text\">\n\t\t\t<\/span>\n<\/li>\n<li class=\"desktop-align-left tablet-align-left mobile-align-left ast-product-gallery-layout-horizontal-slider product type-product post-1157 status-publish last instock product_cat-sinfonicas product_tag-joan-enric-canet-todoli has-post-thumbnail downloadable virtual taxable purchasable product-type-simple\">\n\t<a href=\"https:\/\/www.omnesbands.international\/de\/produkt\/viento-del-pueblo\/\" class=\"woocommerce-LoopProduct-link woocommerce-loop-product__link\"><img loading=\"lazy\" decoding=\"async\" width=\"300\" height=\"300\" src=\"https:\/\/www.omnesbands.international\/wp-content\/uploads\/2023\/01\/Viento-del-Pueblo-1-300x300.jpg\" class=\"attachment-woocommerce_thumbnail size-woocommerce_thumbnail\" alt=\"Viento del Pueblo\" srcset=\"https:\/\/www.omnesbands.international\/wp-content\/uploads\/2023\/01\/Viento-del-Pueblo-1-300x300.jpg 300w, https:\/\/www.omnesbands.international\/wp-content\/uploads\/2023\/01\/Viento-del-Pueblo-1-150x150.jpg 150w, https:\/\/www.omnesbands.international\/wp-content\/uploads\/2023\/01\/Viento-del-Pueblo-1-11x12.jpg 11w, https:\/\/www.omnesbands.international\/wp-content\/uploads\/2023\/01\/Viento-del-Pueblo-1-100x100.jpg 100w\" sizes=\"auto, (max-width: 300px) 100vw, 300px\" \/><h2 class=\"woocommerce-loop-product__title\">Stadtwind<\/h2>\n\t<span class=\"price\"><span class=\"woocommerce-Price-amount amount\"><bdi><span class=\"woocommerce-Price-currencySymbol\">&#36;<\/span>40.00<\/bdi><\/span><\/span>\n<\/a><a href=\"\/de\/wp-json\/wp\/v2\/pages\/1687?add-to-cart=1157\" aria-describedby=\"woocommerce_loop_add_to_cart_link_describedby_1157\" data-quantity=\"1\" class=\"button product_type_simple add_to_cart_button ajax_add_to_cart\" data-product_id=\"1157\" data-product_sku=\"VIE-SIN-ESP-22\" aria-label=\"Zum Warenkorb hinzuf\u00fcgen: \u201eViento del Pueblo\u201c\" rel=\"nofollow\" data-success_message=\"\u201eViento del Pueblo\u201c wurde deinem Warenkorb hinzugef\u00fcgt\" role=\"button\" data-no-translation=\"\" data-trp-gettext=\"\" data-no-translation-aria-label=\"\" data-no-translation-data-success_message=\"\">In den Warenkorb<\/a>\t<span id=\"woocommerce_loop_add_to_cart_link_describedby_1157\" class=\"screen-reader-text\">\n\t\t\t<\/span>\n<\/li>\n<li class=\"desktop-align-left tablet-align-left mobile-align-left ast-product-gallery-layout-horizontal-slider product type-product post-1300 status-publish first instock product_cat-musica-de-calle product_tag-joan-enric-canet-todoli has-post-thumbnail downloadable virtual taxable purchasable product-type-simple\">\n\t<a href=\"https:\/\/www.omnesbands.international\/de\/produkt\/wahabitas\/\" class=\"woocommerce-LoopProduct-link woocommerce-loop-product__link\"><img loading=\"lazy\" decoding=\"async\" width=\"300\" height=\"300\" src=\"https:\/\/www.omnesbands.international\/wp-content\/uploads\/2023\/01\/Wahabitas-1-300x300.jpg\" class=\"attachment-woocommerce_thumbnail size-woocommerce_thumbnail\" alt=\"Wahabitas\" srcset=\"https:\/\/www.omnesbands.international\/wp-content\/uploads\/2023\/01\/Wahabitas-1-300x300.jpg 300w, https:\/\/www.omnesbands.international\/wp-content\/uploads\/2023\/01\/Wahabitas-1-150x150.jpg 150w, https:\/\/www.omnesbands.international\/wp-content\/uploads\/2023\/01\/Wahabitas-1-100x100.jpg 100w\" sizes=\"auto, (max-width: 300px) 100vw, 300px\" \/><h2 class=\"woocommerce-loop-product__title\">Wahabiten<\/h2>\n\t<span class=\"price\"><span class=\"woocommerce-Price-amount amount\"><bdi><span class=\"woocommerce-Price-currencySymbol\">&#36;<\/span>30.00<\/bdi><\/span><\/span>\n<\/a><a href=\"\/de\/wp-json\/wp\/v2\/pages\/1687?add-to-cart=1300\" aria-describedby=\"woocommerce_loop_add_to_cart_link_describedby_1300\" data-quantity=\"1\" class=\"button product_type_simple add_to_cart_button ajax_add_to_cart\" data-product_id=\"1300\" data-product_sku=\"WAH-CAL-ESP-22\" aria-label=\"Zum Warenkorb hinzuf\u00fcgen: \u201eWahabitas\u201c\" rel=\"nofollow\" data-success_message=\"\u201eWahabitas\u201c wurde deinem Warenkorb hinzugef\u00fcgt\" role=\"button\" data-no-translation=\"\" data-trp-gettext=\"\" data-no-translation-aria-label=\"\" data-no-translation-data-success_message=\"\">In den Warenkorb<\/a>\t<span id=\"woocommerce_loop_add_to_cart_link_describedby_1300\" class=\"screen-reader-text\">\n\t\t\t<\/span>\n<\/li>\n<\/ul>\n<\/div>","protected":false},"excerpt":{"rendered":"<p>JOAN ENRIC CANET TODOL\u00cd Naci\u00f3 en Puerto de Sagunto (Valencia) en 1.961. En dicha ciudad inici\u00f3 sus estudios musicales, continuando su formaci\u00f3n musical en el Conservatorio Superior de M\u00fasica de Valencia, titulandose como profesor de: \u00b7 Clarinete. \u00b7 Solfeo, Teoria de la M\u00fasica, Repentizaci\u00f3n, Transporte y Acompa\u00f1amiento. \u00b7 Profesor Superior de Armon\u00eda, Contrapunto, Fuga, Composici\u00f3n [&hellip;]<\/p>\n","protected":false},"author":4,"featured_media":0,"parent":0,"menu_order":0,"comment_status":"closed","ping_status":"closed","template":"","meta":{"_acf_changed":false,"_uag_custom_page_level_css":"","site-sidebar-layout":"default","site-content-layout":"","ast-site-content-layout":"default","site-content-style":"default","site-sidebar-style":"default","ast-global-header-display":"","ast-banner-title-visibility":"","ast-main-header-display":"","ast-hfb-above-header-display":"","ast-hfb-below-header-display":"","ast-hfb-mobile-header-display":"","site-post-title":"disabled","ast-breadcrumbs-content":"","ast-featured-img":"","footer-sml-layout":"","ast-disable-related-posts":"","theme-transparent-header-meta":"","adv-header-id-meta":"","stick-header-meta":"","header-above-stick-meta":"","header-main-stick-meta":"","header-below-stick-meta":"","astra-migrate-meta-layouts":"default","ast-page-background-enabled":"default","ast-page-background-meta":{"desktop":{"background-color":"","background-image":"","background-repeat":"repeat","background-position":"center center","background-size":"auto","background-attachment":"scroll","background-type":"","background-media":"","overlay-type":"","overlay-color":"","overlay-opacity":"","overlay-gradient":""},"tablet":{"background-color":"","background-image":"","background-repeat":"repeat","background-position":"center center","background-size":"auto","background-attachment":"scroll","background-type":"","background-media":"","overlay-type":"","overlay-color":"","overlay-opacity":"","overlay-gradient":""},"mobile":{"background-color":"","background-image":"","background-repeat":"repeat","background-position":"center center","background-size":"auto","background-attachment":"scroll","background-type":"","background-media":"","overlay-type":"","overlay-color":"","overlay-opacity":"","overlay-gradient":""}},"ast-content-background-meta":{"desktop":{"background-color":"var(--ast-global-color-5)","background-image":"","background-repeat":"repeat","background-position":"center center","background-size":"auto","background-attachment":"scroll","background-type":"","background-media":"","overlay-type":"","overlay-color":"","overlay-opacity":"","overlay-gradient":""},"tablet":{"background-color":"var(--ast-global-color-5)","background-image":"","background-repeat":"repeat","background-position":"center center","background-size":"auto","background-attachment":"scroll","background-type":"","background-media":"","overlay-type":"","overlay-color":"","overlay-opacity":"","overlay-gradient":""},"mobile":{"background-color":"var(--ast-global-color-5)","background-image":"","background-repeat":"repeat","background-position":"center center","background-size":"auto","background-attachment":"scroll","background-type":"","background-media":"","overlay-type":"","overlay-color":"","overlay-opacity":"","overlay-gradient":""}},"footnotes":""},"class_list":["post-1687","page","type-page","status-publish","hentry"],"acf":[],"yoast_head":"<!-- This site is optimized with the Yoast SEO Premium plugin v22.4 (Yoast SEO v27.4) - https:\/\/yoast.com\/product\/yoast-seo-premium-wordpress\/ -->\n<title>JOAN ENRIC CANET TODOL\u00cd -<\/title>\n<meta name=\"robots\" content=\"index, follow, max-snippet:-1, max-image-preview:large, max-video-preview:-1\" \/>\n<link rel=\"canonical\" href=\"https:\/\/www.omnesbands.international\/de\/joan-enric-canet-todoli-2\/\" \/>\n<meta property=\"og:locale\" content=\"de_DE\" \/>\n<meta property=\"og:type\" content=\"article\" \/>\n<meta property=\"og:title\" content=\"JOAN ENRIC CANET TODOL\u00cd\" \/>\n<meta property=\"og:description\" content=\"JOAN ENRIC CANET TODOL\u00cd Naci\u00f3 en Puerto de Sagunto (Valencia) en 1.961. En dicha ciudad inici\u00f3 sus estudios musicales, continuando su formaci\u00f3n musical en el Conservatorio Superior de M\u00fasica de Valencia, titulandose como profesor de: \u00b7 Clarinete. \u00b7 Solfeo, Teoria de la M\u00fasica, Repentizaci\u00f3n, Transporte y Acompa\u00f1amiento. \u00b7 Profesor Superior de Armon\u00eda, Contrapunto, Fuga, Composici\u00f3n [&hellip;]\" \/>\n<meta property=\"og:url\" content=\"https:\/\/www.omnesbands.international\/de\/joan-enric-canet-todoli-2\/\" \/>\n<meta property=\"article:modified_time\" content=\"2023-01-29T03:34:38+00:00\" \/>\n<meta property=\"og:image\" content=\"https:\/\/www.omnesbands.international\/wp-content\/uploads\/2023\/01\/music-sheet-music-snowdrop-7107045.jpg\" \/>\n\t<meta property=\"og:image:width\" content=\"1280\" \/>\n\t<meta property=\"og:image:height\" content=\"742\" \/>\n\t<meta property=\"og:image:type\" content=\"image\/jpeg\" \/>\n<meta name=\"twitter:card\" content=\"summary_large_image\" \/>\n<meta name=\"twitter:label1\" content=\"Gesch\u00e4tzte Lesezeit\" \/>\n\t<meta name=\"twitter:data1\" content=\"2\u00a0Minuten\" \/>\n<script type=\"application\/ld+json\" class=\"yoast-schema-graph\">{\"@context\":\"https:\\\/\\\/schema.org\",\"@graph\":[{\"@type\":\"WebPage\",\"@id\":\"https:\\\/\\\/www.omnesbands.international\\\/ja\\\/joan-enric-canet-todoli-2\\\/\",\"url\":\"https:\\\/\\\/www.omnesbands.international\\\/ja\\\/joan-enric-canet-todoli-2\\\/\",\"name\":\"JOAN ENRIC CANET TODOL\u00cd -\",\"isPartOf\":{\"@id\":\"https:\\\/\\\/www.omnesbands.international\\\/#website\"},\"datePublished\":\"2023-01-29T03:33:18+00:00\",\"dateModified\":\"2023-01-29T03:34:38+00:00\",\"breadcrumb\":{\"@id\":\"https:\\\/\\\/www.omnesbands.international\\\/ja\\\/joan-enric-canet-todoli-2\\\/#breadcrumb\"},\"inLanguage\":\"de\",\"potentialAction\":[{\"@type\":\"ReadAction\",\"target\":[\"https:\\\/\\\/www.omnesbands.international\\\/ja\\\/joan-enric-canet-todoli-2\\\/\"]}]},{\"@type\":\"BreadcrumbList\",\"@id\":\"https:\\\/\\\/www.omnesbands.international\\\/ja\\\/joan-enric-canet-todoli-2\\\/#breadcrumb\",\"itemListElement\":[{\"@type\":\"ListItem\",\"position\":1,\"name\":\"Portada\",\"item\":\"https:\\\/\\\/www.omnesbands.international\\\/\"},{\"@type\":\"ListItem\",\"position\":2,\"name\":\"JOAN ENRIC CANET TODOL\u00cd\"}]},{\"@type\":\"WebSite\",\"@id\":\"https:\\\/\\\/www.omnesbands.international\\\/#website\",\"url\":\"https:\\\/\\\/www.omnesbands.international\\\/\",\"name\":\"OMNESBANDS International\",\"description\":\"Partituras Originales de autores y compositores independientes\",\"publisher\":{\"@id\":\"https:\\\/\\\/www.omnesbands.international\\\/#organization\"},\"potentialAction\":[{\"@type\":\"SearchAction\",\"target\":{\"@type\":\"EntryPoint\",\"urlTemplate\":\"https:\\\/\\\/www.omnesbands.international\\\/?s={search_term_string}\"},\"query-input\":{\"@type\":\"PropertyValueSpecification\",\"valueRequired\":true,\"valueName\":\"search_term_string\"}}],\"inLanguage\":\"de\"},{\"@type\":\"Organization\",\"@id\":\"https:\\\/\\\/www.omnesbands.international\\\/#organization\",\"name\":\"Indra Consultores Internacionales\",\"alternateName\":\"Omnesbands\",\"url\":\"https:\\\/\\\/www.omnesbands.international\\\/\",\"logo\":{\"@type\":\"ImageObject\",\"inLanguage\":\"de\",\"@id\":\"https:\\\/\\\/www.omnesbands.international\\\/#\\\/schema\\\/logo\\\/image\\\/\",\"url\":\"https:\\\/\\\/omnesbands.international\\\/wp-content\\\/uploads\\\/2023\\\/06\\\/Logo-Nuevo-.png\",\"contentUrl\":\"https:\\\/\\\/omnesbands.international\\\/wp-content\\\/uploads\\\/2023\\\/06\\\/Logo-Nuevo-.png\",\"width\":394,\"height\":212,\"caption\":\"Indra Consultores Internacionales\"},\"image\":{\"@id\":\"https:\\\/\\\/www.omnesbands.international\\\/#\\\/schema\\\/logo\\\/image\\\/\"}}]}<\/script>\n<!-- \/ Yoast SEO Premium plugin. -->","yoast_head_json":{"title":"JOAN ENRIC CANET TODOL\u00cd -","robots":{"index":"index","follow":"follow","max-snippet":"max-snippet:-1","max-image-preview":"max-image-preview:large","max-video-preview":"max-video-preview:-1"},"canonical":"https:\/\/www.omnesbands.international\/de\/joan-enric-canet-todoli-2\/","og_locale":"de_DE","og_type":"article","og_title":"JOAN ENRIC CANET TODOL\u00cd","og_description":"JOAN ENRIC CANET TODOL\u00cd Naci\u00f3 en Puerto de Sagunto (Valencia) en 1.961. En dicha ciudad inici\u00f3 sus estudios musicales, continuando su formaci\u00f3n musical en el Conservatorio Superior de M\u00fasica de Valencia, titulandose como profesor de: \u00b7 Clarinete. \u00b7 Solfeo, Teoria de la M\u00fasica, Repentizaci\u00f3n, Transporte y Acompa\u00f1amiento. \u00b7 Profesor Superior de Armon\u00eda, Contrapunto, Fuga, Composici\u00f3n [&hellip;]","og_url":"https:\/\/www.omnesbands.international\/de\/joan-enric-canet-todoli-2\/","article_modified_time":"2023-01-29T03:34:38+00:00","og_image":[{"width":1280,"height":742,"url":"https:\/\/www.omnesbands.international\/wp-content\/uploads\/2023\/01\/music-sheet-music-snowdrop-7107045.jpg","type":"image\/jpeg"}],"twitter_card":"summary_large_image","twitter_misc":{"Gesch\u00e4tzte Lesezeit":"2\u00a0Minuten"},"schema":{"@context":"https:\/\/schema.org","@graph":[{"@type":"WebPage","@id":"https:\/\/www.omnesbands.international\/ja\/joan-enric-canet-todoli-2\/","url":"https:\/\/www.omnesbands.international\/ja\/joan-enric-canet-todoli-2\/","name":"JOAN ENRIC CANET TODOL\u00cd -","isPartOf":{"@id":"https:\/\/www.omnesbands.international\/#website"},"datePublished":"2023-01-29T03:33:18+00:00","dateModified":"2023-01-29T03:34:38+00:00","breadcrumb":{"@id":"https:\/\/www.omnesbands.international\/ja\/joan-enric-canet-todoli-2\/#breadcrumb"},"inLanguage":"de","potentialAction":[{"@type":"ReadAction","target":["https:\/\/www.omnesbands.international\/ja\/joan-enric-canet-todoli-2\/"]}]},{"@type":"BreadcrumbList","@id":"https:\/\/www.omnesbands.international\/ja\/joan-enric-canet-todoli-2\/#breadcrumb","itemListElement":[{"@type":"ListItem","position":1,"name":"Portada","item":"https:\/\/www.omnesbands.international\/"},{"@type":"ListItem","position":2,"name":"JOAN ENRIC CANET TODOL\u00cd"}]},{"@type":"WebSite","@id":"https:\/\/www.omnesbands.international\/#website","url":"https:\/\/www.omnesbands.international\/","name":"OMNESBANDS International","description":"Original-Noten von unabh\u00e4ngigen Autoren und Komponisten","publisher":{"@id":"https:\/\/www.omnesbands.international\/#organization"},"potentialAction":[{"@type":"SearchAction","target":{"@type":"EntryPoint","urlTemplate":"https:\/\/www.omnesbands.international\/?s={search_term_string}"},"query-input":{"@type":"PropertyValueSpecification","valueRequired":true,"valueName":"search_term_string"}}],"inLanguage":"de"},{"@type":"Organization","@id":"https:\/\/www.omnesbands.international\/#organization","name":"Indra Internationale Berater","alternateName":"Omnesbands","url":"https:\/\/www.omnesbands.international\/","logo":{"@type":"ImageObject","inLanguage":"de","@id":"https:\/\/www.omnesbands.international\/#\/schema\/logo\/image\/","url":"https:\/\/omnesbands.international\/wp-content\/uploads\/2023\/06\/Logo-Nuevo-.png","contentUrl":"https:\/\/omnesbands.international\/wp-content\/uploads\/2023\/06\/Logo-Nuevo-.png","width":394,"height":212,"caption":"Indra Consultores Internacionales"},"image":{"@id":"https:\/\/www.omnesbands.international\/#\/schema\/logo\/image\/"}}]}},"uagb_featured_image_src":{"full":false,"thumbnail":false,"medium":false,"medium_large":false,"large":false,"1536x1536":false,"2048x2048":false,"trp-custom-language-flag":false,"gg_gallery_thumbnail":false,"woocommerce_thumbnail":false,"woocommerce_single":false,"woocommerce_gallery_thumbnail":false},"uagb_author_info":{"display_name":"Melvin R. Portillo A:","author_link":"https:\/\/www.omnesbands.international\/de\/author\/portand\/"},"uagb_comment_info":0,"uagb_excerpt":"JOAN ENRIC CANET TODOL\u00cd Naci\u00f3 en Puerto de Sagunto (Valencia) en 1.961. En dicha ciudad inici\u00f3 sus estudios musicales, continuando su formaci\u00f3n musical en el Conservatorio Superior de M\u00fasica de Valencia, titulandose como profesor de: \u00b7 Clarinete. \u00b7 Solfeo, Teoria de la M\u00fasica, Repentizaci\u00f3n, Transporte y Acompa\u00f1amiento. \u00b7 Profesor Superior de Armon\u00eda, Contrapunto, Fuga, Composici\u00f3n&hellip;","_links":{"self":[{"href":"https:\/\/www.omnesbands.international\/de\/wp-json\/wp\/v2\/pages\/1687","targetHints":{"allow":["GET"]}}],"collection":[{"href":"https:\/\/www.omnesbands.international\/de\/wp-json\/wp\/v2\/pages"}],"about":[{"href":"https:\/\/www.omnesbands.international\/de\/wp-json\/wp\/v2\/types\/page"}],"author":[{"embeddable":true,"href":"https:\/\/www.omnesbands.international\/de\/wp-json\/wp\/v2\/users\/4"}],"replies":[{"embeddable":true,"href":"https:\/\/www.omnesbands.international\/de\/wp-json\/wp\/v2\/comments?post=1687"}],"version-history":[{"count":2,"href":"https:\/\/www.omnesbands.international\/de\/wp-json\/wp\/v2\/pages\/1687\/revisions"}],"predecessor-version":[{"id":1689,"href":"https:\/\/www.omnesbands.international\/de\/wp-json\/wp\/v2\/pages\/1687\/revisions\/1689"}],"wp:attachment":[{"href":"https:\/\/www.omnesbands.international\/de\/wp-json\/wp\/v2\/media?parent=1687"}],"curies":[{"name":"wp","href":"https:\/\/api.w.org\/{rel}","templated":true}]}}