{"id":1699,"date":"2023-01-28T22:04:22","date_gmt":"2023-01-29T04:04:22","guid":{"rendered":"https:\/\/omnesbands.international\/?page_id=1699"},"modified":"2023-01-28T22:04:52","modified_gmt":"2023-01-29T04:04:52","slug":"jose-miguel-fayos-jordan-2","status":"publish","type":"page","link":"https:\/\/www.omnesbands.international\/de\/jose-miguel-fayos-jordan-2\/","title":{"rendered":"JOSE MIGUEL FAYOS JORDANIEN"},"content":{"rendered":"<div class=\"wp-block-uagb-container uagb-block-334dc832 alignfull uagb-is-root-container\"><div class=\"uagb-container-inner-blocks-wrap\">\n<div class=\"wp-block-uagb-advanced-heading uagb-block-906e3806\"><h1 class=\"uagb-heading-text\"><strong>JOSE MIGUEL FAYOS JORDANIEN<\/strong><\/h1><\/div>\n<\/div><\/div>\n\n\n\n<div class=\"wp-block-uagb-container uagb-block-7ed1632e alignfull uagb-is-root-container\"><div class=\"uagb-container-inner-blocks-wrap\">\n<div class=\"wp-block-uagb-container uagb-block-8093ef56\">\n<p>Geboren in Chella (Valencia). Er studierte an der Hochschule f\u00fcr Musik \u201eJoaqu\u00edn Rodrigo\u201c in Valencia, wo er den Titel eines Hochschulprofessors f\u00fcr Komposition erhielt und seine Karriere mit dem \u201eAu\u00dferordentlichen Preis\u201c abschloss. Unter seinen Lehrern ragen unter anderem R. Ramos, G. Jim\u00e9nez, E. Sanz-Burguete, C. Cano, E. Caland\u00edn und F. Tamarit heraus.<br>Er hat mehrere Kompositionspreise gewonnen, darunter; Erster Preis beim II. Internationalen Kompositionswettbewerb \u201eCiudad de Torrevieja\u201c, Editionspreis des Wettbewerbs f\u00fcr junge Komponisten \u201eHui, hui M\u00fasica\u201c (2006) und Auswahl und Urauff\u00fchrung von Werken desselben (2004, 2006 und 2008), Erster Preis in der I. Iberoamerikanische Kompositionswettbewerb f\u00fcr die Band \u201eVilla de Ortigueira\u201c, Preis f\u00fcr Komposition und Kompositionsauftrag beim III. St\u00e4ndigen Kompositionsseminar des IVM, Preis beim European Creation Musical Workshop 2013 und 2. Preis \u201eCarmelo Alonso Bernaola\u201c beim XXIV Fundaci\u00f3n Autor\/Sgae-CNDM Young Composers Award.<\/p>\n<p>Seine Werke wurden in Festivals und Auditorien wie ENSEMS, Hui hui M\u00fasica, La Mancha International Music Festival, Palau de la M\u00fasica de Valencia, Sala SGAE-Valencia, Club Diario Levante, Nationales Musikauditorium von Madrid und Casa da Musica aufgef\u00fchrt und uraufgef\u00fchrt (Porto), Palau de Les Arts Reina Sof\u00eda, Auditorio 400 MNCARS und von Gruppen wie Ensemble Art&#039;s XXI, Grup Instrumental de Valencia, Portugiesischer Symphonieband, Pulsar Ensemble oder Orchestre d&#039;Harmonie (Konservatorium Stra\u00dfburg).<br>Im Mai 2007 wurde sein Werk \u201eCantos desde el olvido\u201c uraufgef\u00fchrt, eine Auftragshommage an den Cervantes A. Gamoneda-Preis nach Texten desselben Dichters. Er erhielt Auftr\u00e4ge von Institutionen wie dem Valencianischen Musikinstitut und der Grup Instrumental de Val\u00e9ncia.<\/p>\n<p>Er hat Kurse, Tagungen und Meisterkurse bei JM L\u00f3pez, J.M. S\u00e1nchez-Verd\u00fa, C. Halffter, R. Bischof, L. Balada, T. Marco, A. Aracil, G. Gan, J. Rueda und M. Sotelo besucht , A. Posadas, P. Billone, JL Tor\u00e1 und J. de Meij. Er erhielt ein Stipendium der IVM f\u00fcr die Durchf\u00fchrung der Kompositionsseminare (2009-2011), ausgew\u00e4hlt von den Professoren J.M. S\u00e1nchez-Verd\u00fa und A. Posadas. Ausgew\u00e4hlt und mit einem Stipendium f\u00fcr den European Musical Creation Workshop 2013 bei Professor Alberto Posadas ausgezeichnet.<br>Im Bereich Regie studierte er bei Jos\u00e9 R. Pascual-Vilaplana und vertiefte Kurse bei Jan Cober. Er hat verschiedene Ausbildungskurse in spanischer Geographie und insbesondere in der valencianischen Gemeinschaft geleitet.<\/p>\n<p>Er entwickelt seine Lehrt\u00e4tigkeit als Professor f\u00fcr Harmonie, Analyse, Musikgeschichte und Grundlagen der Komposition an verschiedenen Konservatorien der C. Valenciana; \u201eMaestro Ponce\u201c-Konservatorium in Chella, \u201eRuperto Chap\u00ed\u201c-Konservatorium in Elda, \u201eOscar Espl\u00e1\u201c-Konservatorium in Alicante und derzeit am Professionellen Musikkonservatorium von X\u00e1bia und an der Regionalen Musikschule von Vall d&#039;Albaida. Dar\u00fcber hinaus leitet er h\u00e4ufig verschiedene Meisterkurse zu Analyse und Komposition und wird als Jury f\u00fcr verschiedene Kompositionspreise eingeladen.<\/p>\n<\/div>\n<\/div><\/div>\n\n\n<div class=\"woocommerce columns-4\"><ul class=\"products columns-4\">\n<li class=\"desktop-align-left tablet-align-left mobile-align-left ast-product-gallery-layout-horizontal-slider product type-product post-993 status-publish first instock product_cat-sinfonicas product_tag-jose-miguel-fayos-jordan has-post-thumbnail downloadable virtual taxable purchasable product-type-simple\">\n\t<a href=\"https:\/\/www.omnesbands.international\/de\/produkt\/cantares-de-la-nueva-tierra\/\" class=\"woocommerce-LoopProduct-link woocommerce-loop-product__link\"><img loading=\"lazy\" decoding=\"async\" width=\"300\" height=\"300\" src=\"https:\/\/www.omnesbands.international\/wp-content\/uploads\/2023\/01\/Cantares-de-la-Nueva-Tierra-300x300.jpg\" class=\"attachment-woocommerce_thumbnail size-woocommerce_thumbnail\" alt=\"Cantares de la Nueva Tierra\" srcset=\"https:\/\/www.omnesbands.international\/wp-content\/uploads\/2023\/01\/Cantares-de-la-Nueva-Tierra-300x300.jpg 300w, https:\/\/www.omnesbands.international\/wp-content\/uploads\/2023\/01\/Cantares-de-la-Nueva-Tierra-150x150.jpg 150w, https:\/\/www.omnesbands.international\/wp-content\/uploads\/2023\/01\/Cantares-de-la-Nueva-Tierra-100x100.jpg 100w\" sizes=\"auto, (max-width: 300px) 100vw, 300px\" \/><h2 class=\"woocommerce-loop-product__title\">Lieder der neuen Erde<\/h2>\n\t<span class=\"price\"><span class=\"woocommerce-Price-amount amount\"><bdi><span class=\"woocommerce-Price-currencySymbol\">&#36;<\/span>45.00<\/bdi><\/span><\/span>\n<\/a><a href=\"\/de\/wp-json\/wp\/v2\/pages\/1699?add-to-cart=993\" aria-describedby=\"woocommerce_loop_add_to_cart_link_describedby_993\" data-quantity=\"1\" class=\"button product_type_simple add_to_cart_button ajax_add_to_cart\" data-product_id=\"993\" data-product_sku=\"CAN-SIN-ESP-22\" aria-label=\"Zum Warenkorb hinzuf\u00fcgen: \u201eCantares de la Nueva Tierra\u201c\" rel=\"nofollow\" data-success_message=\"\u201eCantares de la Nueva Tierra\u201c wurde deinem Warenkorb hinzugef\u00fcgt\" role=\"button\" data-no-translation=\"\" data-trp-gettext=\"\" data-no-translation-aria-label=\"\" data-no-translation-data-success_message=\"\">In den Warenkorb<\/a>\t<span id=\"woocommerce_loop_add_to_cart_link_describedby_993\" class=\"screen-reader-text\">\n\t\t\t<\/span>\n<\/li>\n<li class=\"desktop-align-left tablet-align-left mobile-align-left ast-product-gallery-layout-horizontal-slider product type-product post-1071 status-publish instock product_cat-musica-de-calle product_tag-jose-miguel-fayos-jordan has-post-thumbnail downloadable virtual taxable purchasable product-type-simple\">\n\t<a href=\"https:\/\/www.omnesbands.international\/de\/produkt\/canticum\/\" class=\"woocommerce-LoopProduct-link woocommerce-loop-product__link\"><img loading=\"lazy\" decoding=\"async\" width=\"300\" height=\"300\" src=\"https:\/\/www.omnesbands.international\/wp-content\/uploads\/2023\/01\/Canticum-300x300.jpg\" class=\"attachment-woocommerce_thumbnail size-woocommerce_thumbnail\" alt=\"Canticum\" srcset=\"https:\/\/www.omnesbands.international\/wp-content\/uploads\/2023\/01\/Canticum-300x300.jpg 300w, https:\/\/www.omnesbands.international\/wp-content\/uploads\/2023\/01\/Canticum-150x150.jpg 150w, https:\/\/www.omnesbands.international\/wp-content\/uploads\/2023\/01\/Canticum-100x100.jpg 100w\" sizes=\"auto, (max-width: 300px) 100vw, 300px\" \/><h2 class=\"woocommerce-loop-product__title\">Canticum<\/h2>\n\t<span class=\"price\"><span class=\"woocommerce-Price-amount amount\"><bdi><span class=\"woocommerce-Price-currencySymbol\">&#36;<\/span>25.00<\/bdi><\/span><\/span>\n<\/a><a href=\"\/de\/wp-json\/wp\/v2\/pages\/1699?add-to-cart=1071\" aria-describedby=\"woocommerce_loop_add_to_cart_link_describedby_1071\" data-quantity=\"1\" class=\"button product_type_simple add_to_cart_button ajax_add_to_cart\" data-product_id=\"1071\" data-product_sku=\"CAN-CAL-ESP-22\" aria-label=\"Zum Warenkorb hinzuf\u00fcgen: \u201eCanticum\u201c\" rel=\"nofollow\" data-success_message=\"\u201eCanticum\u201c wurde deinem Warenkorb hinzugef\u00fcgt\" role=\"button\" data-no-translation=\"\" data-trp-gettext=\"\" data-no-translation-aria-label=\"\" data-no-translation-data-success_message=\"\">In den Warenkorb<\/a>\t<span id=\"woocommerce_loop_add_to_cart_link_describedby_1071\" class=\"screen-reader-text\">\n\t\t\t<\/span>\n<\/li>\n<\/ul>\n<\/div>","protected":false},"excerpt":{"rendered":"<p>JOS\u00c9 MIGUEL FAYOS JORD\u00c1N Natural de Chella (Valencia). Realiza sus estudios en el Conservatorio Superior de M\u00fasica \u201cJoaqu\u00edn Rodrigo\u201d\u009d de Valencia donde obtiene el t\u00edtulo de Profesor Superior de Composici\u00f3n culminando su carrera con el \u201cPremio extraordinario\u201d\u009d. Entre algunos de sus maestros destacan: R. Ramos, G. Jim\u00e9nez, E. Sanz-Burguete, C. Cano, E. Caland\u00edn y F. [&hellip;]<\/p>\n","protected":false},"author":4,"featured_media":0,"parent":0,"menu_order":0,"comment_status":"closed","ping_status":"closed","template":"","meta":{"_acf_changed":false,"_uag_custom_page_level_css":"","site-sidebar-layout":"default","site-content-layout":"","ast-site-content-layout":"default","site-content-style":"default","site-sidebar-style":"default","ast-global-header-display":"","ast-banner-title-visibility":"","ast-main-header-display":"","ast-hfb-above-header-display":"","ast-hfb-below-header-display":"","ast-hfb-mobile-header-display":"","site-post-title":"disabled","ast-breadcrumbs-content":"","ast-featured-img":"","footer-sml-layout":"","ast-disable-related-posts":"","theme-transparent-header-meta":"","adv-header-id-meta":"","stick-header-meta":"","header-above-stick-meta":"","header-main-stick-meta":"","header-below-stick-meta":"","astra-migrate-meta-layouts":"default","ast-page-background-enabled":"default","ast-page-background-meta":{"desktop":{"background-color":"","background-image":"","background-repeat":"repeat","background-position":"center center","background-size":"auto","background-attachment":"scroll","background-type":"","background-media":"","overlay-type":"","overlay-color":"","overlay-opacity":"","overlay-gradient":""},"tablet":{"background-color":"","background-image":"","background-repeat":"repeat","background-position":"center center","background-size":"auto","background-attachment":"scroll","background-type":"","background-media":"","overlay-type":"","overlay-color":"","overlay-opacity":"","overlay-gradient":""},"mobile":{"background-color":"","background-image":"","background-repeat":"repeat","background-position":"center center","background-size":"auto","background-attachment":"scroll","background-type":"","background-media":"","overlay-type":"","overlay-color":"","overlay-opacity":"","overlay-gradient":""}},"ast-content-background-meta":{"desktop":{"background-color":"var(--ast-global-color-5)","background-image":"","background-repeat":"repeat","background-position":"center center","background-size":"auto","background-attachment":"scroll","background-type":"","background-media":"","overlay-type":"","overlay-color":"","overlay-opacity":"","overlay-gradient":""},"tablet":{"background-color":"var(--ast-global-color-5)","background-image":"","background-repeat":"repeat","background-position":"center center","background-size":"auto","background-attachment":"scroll","background-type":"","background-media":"","overlay-type":"","overlay-color":"","overlay-opacity":"","overlay-gradient":""},"mobile":{"background-color":"var(--ast-global-color-5)","background-image":"","background-repeat":"repeat","background-position":"center center","background-size":"auto","background-attachment":"scroll","background-type":"","background-media":"","overlay-type":"","overlay-color":"","overlay-opacity":"","overlay-gradient":""}},"footnotes":""},"class_list":["post-1699","page","type-page","status-publish","hentry"],"acf":[],"yoast_head":"<!-- This site is optimized with the Yoast SEO Premium plugin v22.4 (Yoast SEO v27.4) - https:\/\/yoast.com\/product\/yoast-seo-premium-wordpress\/ -->\n<title>JOS\u00c9 MIGUEL FAYOS JORD\u00c1N -<\/title>\n<meta name=\"robots\" content=\"index, follow, max-snippet:-1, max-image-preview:large, max-video-preview:-1\" \/>\n<link rel=\"canonical\" href=\"https:\/\/www.omnesbands.international\/de\/jose-miguel-fayos-jordan-2\/\" \/>\n<meta property=\"og:locale\" content=\"de_DE\" \/>\n<meta property=\"og:type\" content=\"article\" \/>\n<meta property=\"og:title\" content=\"JOS\u00c9 MIGUEL FAYOS JORD\u00c1N\" \/>\n<meta property=\"og:description\" content=\"JOS\u00c9 MIGUEL FAYOS JORD\u00c1N Natural de Chella (Valencia). Realiza sus estudios en el Conservatorio Superior de M\u00fasica \u201cJoaqu\u00edn Rodrigo\u201d\u009d de Valencia donde obtiene el t\u00edtulo de Profesor Superior de Composici\u00f3n culminando su carrera con el \u201cPremio extraordinario\u201d\u009d. Entre algunos de sus maestros destacan: R. Ramos, G. Jim\u00e9nez, E. Sanz-Burguete, C. Cano, E. Caland\u00edn y F. [&hellip;]\" \/>\n<meta property=\"og:url\" content=\"https:\/\/www.omnesbands.international\/de\/jose-miguel-fayos-jordan-2\/\" \/>\n<meta property=\"article:modified_time\" content=\"2023-01-29T04:04:52+00:00\" \/>\n<meta property=\"og:image\" content=\"https:\/\/www.omnesbands.international\/wp-content\/uploads\/2023\/01\/music-sheet-music-snowdrop-7107045.jpg\" \/>\n\t<meta property=\"og:image:width\" content=\"1280\" \/>\n\t<meta property=\"og:image:height\" content=\"742\" \/>\n\t<meta property=\"og:image:type\" content=\"image\/jpeg\" \/>\n<meta name=\"twitter:card\" content=\"summary_large_image\" \/>\n<meta name=\"twitter:label1\" content=\"Gesch\u00e4tzte Lesezeit\" \/>\n\t<meta name=\"twitter:data1\" content=\"3\u00a0Minuten\" \/>\n<script type=\"application\/ld+json\" class=\"yoast-schema-graph\">{\"@context\":\"https:\\\/\\\/schema.org\",\"@graph\":[{\"@type\":\"WebPage\",\"@id\":\"https:\\\/\\\/www.omnesbands.international\\\/jose-miguel-fayos-jordan-2\\\/\",\"url\":\"https:\\\/\\\/www.omnesbands.international\\\/jose-miguel-fayos-jordan-2\\\/\",\"name\":\"JOS\u00c9 MIGUEL FAYOS JORD\u00c1N -\",\"isPartOf\":{\"@id\":\"https:\\\/\\\/www.omnesbands.international\\\/#website\"},\"datePublished\":\"2023-01-29T04:04:22+00:00\",\"dateModified\":\"2023-01-29T04:04:52+00:00\",\"breadcrumb\":{\"@id\":\"https:\\\/\\\/www.omnesbands.international\\\/jose-miguel-fayos-jordan-2\\\/#breadcrumb\"},\"inLanguage\":\"de\",\"potentialAction\":[{\"@type\":\"ReadAction\",\"target\":[\"https:\\\/\\\/www.omnesbands.international\\\/jose-miguel-fayos-jordan-2\\\/\"]}]},{\"@type\":\"BreadcrumbList\",\"@id\":\"https:\\\/\\\/www.omnesbands.international\\\/jose-miguel-fayos-jordan-2\\\/#breadcrumb\",\"itemListElement\":[{\"@type\":\"ListItem\",\"position\":1,\"name\":\"Portada\",\"item\":\"https:\\\/\\\/www.omnesbands.international\\\/\"},{\"@type\":\"ListItem\",\"position\":2,\"name\":\"JOS\u00c9 MIGUEL FAYOS JORD\u00c1N\"}]},{\"@type\":\"WebSite\",\"@id\":\"https:\\\/\\\/www.omnesbands.international\\\/#website\",\"url\":\"https:\\\/\\\/www.omnesbands.international\\\/\",\"name\":\"OMNESBANDS International\",\"description\":\"Partituras Originales de autores y compositores independientes\",\"publisher\":{\"@id\":\"https:\\\/\\\/www.omnesbands.international\\\/#organization\"},\"potentialAction\":[{\"@type\":\"SearchAction\",\"target\":{\"@type\":\"EntryPoint\",\"urlTemplate\":\"https:\\\/\\\/www.omnesbands.international\\\/?s={search_term_string}\"},\"query-input\":{\"@type\":\"PropertyValueSpecification\",\"valueRequired\":true,\"valueName\":\"search_term_string\"}}],\"inLanguage\":\"de\"},{\"@type\":\"Organization\",\"@id\":\"https:\\\/\\\/www.omnesbands.international\\\/#organization\",\"name\":\"Indra Consultores Internacionales\",\"alternateName\":\"Omnesbands\",\"url\":\"https:\\\/\\\/www.omnesbands.international\\\/\",\"logo\":{\"@type\":\"ImageObject\",\"inLanguage\":\"de\",\"@id\":\"https:\\\/\\\/www.omnesbands.international\\\/#\\\/schema\\\/logo\\\/image\\\/\",\"url\":\"https:\\\/\\\/omnesbands.international\\\/wp-content\\\/uploads\\\/2023\\\/06\\\/Logo-Nuevo-.png\",\"contentUrl\":\"https:\\\/\\\/omnesbands.international\\\/wp-content\\\/uploads\\\/2023\\\/06\\\/Logo-Nuevo-.png\",\"width\":394,\"height\":212,\"caption\":\"Indra Consultores Internacionales\"},\"image\":{\"@id\":\"https:\\\/\\\/www.omnesbands.international\\\/#\\\/schema\\\/logo\\\/image\\\/\"}}]}<\/script>\n<!-- \/ Yoast SEO Premium plugin. -->","yoast_head_json":{"title":"JOS\u00c9 MIGUEL FAYOS JORD\u00c1N -","robots":{"index":"index","follow":"follow","max-snippet":"max-snippet:-1","max-image-preview":"max-image-preview:large","max-video-preview":"max-video-preview:-1"},"canonical":"https:\/\/www.omnesbands.international\/de\/jose-miguel-fayos-jordan-2\/","og_locale":"de_DE","og_type":"article","og_title":"JOS\u00c9 MIGUEL FAYOS JORD\u00c1N","og_description":"JOS\u00c9 MIGUEL FAYOS JORD\u00c1N Natural de Chella (Valencia). Realiza sus estudios en el Conservatorio Superior de M\u00fasica \u201cJoaqu\u00edn Rodrigo\u201d\u009d de Valencia donde obtiene el t\u00edtulo de Profesor Superior de Composici\u00f3n culminando su carrera con el \u201cPremio extraordinario\u201d\u009d. Entre algunos de sus maestros destacan: R. Ramos, G. Jim\u00e9nez, E. Sanz-Burguete, C. Cano, E. Caland\u00edn y F. [&hellip;]","og_url":"https:\/\/www.omnesbands.international\/de\/jose-miguel-fayos-jordan-2\/","article_modified_time":"2023-01-29T04:04:52+00:00","og_image":[{"width":1280,"height":742,"url":"https:\/\/www.omnesbands.international\/wp-content\/uploads\/2023\/01\/music-sheet-music-snowdrop-7107045.jpg","type":"image\/jpeg"}],"twitter_card":"summary_large_image","twitter_misc":{"Gesch\u00e4tzte Lesezeit":"3\u00a0Minuten"},"schema":{"@context":"https:\/\/schema.org","@graph":[{"@type":"WebPage","@id":"https:\/\/www.omnesbands.international\/jose-miguel-fayos-jordan-2\/","url":"https:\/\/www.omnesbands.international\/jose-miguel-fayos-jordan-2\/","name":"JOS\u00c9 MIGUEL FAYOS JORD\u00c1N -","isPartOf":{"@id":"https:\/\/www.omnesbands.international\/#website"},"datePublished":"2023-01-29T04:04:22+00:00","dateModified":"2023-01-29T04:04:52+00:00","breadcrumb":{"@id":"https:\/\/www.omnesbands.international\/jose-miguel-fayos-jordan-2\/#breadcrumb"},"inLanguage":"de","potentialAction":[{"@type":"ReadAction","target":["https:\/\/www.omnesbands.international\/jose-miguel-fayos-jordan-2\/"]}]},{"@type":"BreadcrumbList","@id":"https:\/\/www.omnesbands.international\/jose-miguel-fayos-jordan-2\/#breadcrumb","itemListElement":[{"@type":"ListItem","position":1,"name":"Portada","item":"https:\/\/www.omnesbands.international\/"},{"@type":"ListItem","position":2,"name":"JOS\u00c9 MIGUEL FAYOS JORD\u00c1N"}]},{"@type":"WebSite","@id":"https:\/\/www.omnesbands.international\/#website","url":"https:\/\/www.omnesbands.international\/","name":"OMNESBANDS International","description":"Original-Noten von unabh\u00e4ngigen Autoren und Komponisten","publisher":{"@id":"https:\/\/www.omnesbands.international\/#organization"},"potentialAction":[{"@type":"SearchAction","target":{"@type":"EntryPoint","urlTemplate":"https:\/\/www.omnesbands.international\/?s={search_term_string}"},"query-input":{"@type":"PropertyValueSpecification","valueRequired":true,"valueName":"search_term_string"}}],"inLanguage":"de"},{"@type":"Organization","@id":"https:\/\/www.omnesbands.international\/#organization","name":"Indra Internationale Berater","alternateName":"Omnesbands","url":"https:\/\/www.omnesbands.international\/","logo":{"@type":"ImageObject","inLanguage":"de","@id":"https:\/\/www.omnesbands.international\/#\/schema\/logo\/image\/","url":"https:\/\/omnesbands.international\/wp-content\/uploads\/2023\/06\/Logo-Nuevo-.png","contentUrl":"https:\/\/omnesbands.international\/wp-content\/uploads\/2023\/06\/Logo-Nuevo-.png","width":394,"height":212,"caption":"Indra Consultores Internacionales"},"image":{"@id":"https:\/\/www.omnesbands.international\/#\/schema\/logo\/image\/"}}]}},"uagb_featured_image_src":{"full":false,"thumbnail":false,"medium":false,"medium_large":false,"large":false,"1536x1536":false,"2048x2048":false,"trp-custom-language-flag":false,"gg_gallery_thumbnail":false,"woocommerce_thumbnail":false,"woocommerce_single":false,"woocommerce_gallery_thumbnail":false},"uagb_author_info":{"display_name":"Melvin R. Portillo A:","author_link":"https:\/\/www.omnesbands.international\/de\/author\/portand\/"},"uagb_comment_info":0,"uagb_excerpt":"JOS\u00c9 MIGUEL FAYOS JORD\u00c1N Natural de Chella (Valencia). Realiza sus estudios en el Conservatorio Superior de M\u00fasica \u201cJoaqu\u00edn Rodrigo\u201d\u009d de Valencia donde obtiene el t\u00edtulo de Profesor Superior de Composici\u00f3n culminando su carrera con el \u201cPremio extraordinario\u201d\u009d. Entre algunos de sus maestros destacan: R. Ramos, G. Jim\u00e9nez, E. Sanz-Burguete, C. Cano, E. Caland\u00edn y F.&hellip;","_links":{"self":[{"href":"https:\/\/www.omnesbands.international\/de\/wp-json\/wp\/v2\/pages\/1699","targetHints":{"allow":["GET"]}}],"collection":[{"href":"https:\/\/www.omnesbands.international\/de\/wp-json\/wp\/v2\/pages"}],"about":[{"href":"https:\/\/www.omnesbands.international\/de\/wp-json\/wp\/v2\/types\/page"}],"author":[{"embeddable":true,"href":"https:\/\/www.omnesbands.international\/de\/wp-json\/wp\/v2\/users\/4"}],"replies":[{"embeddable":true,"href":"https:\/\/www.omnesbands.international\/de\/wp-json\/wp\/v2\/comments?post=1699"}],"version-history":[{"count":2,"href":"https:\/\/www.omnesbands.international\/de\/wp-json\/wp\/v2\/pages\/1699\/revisions"}],"predecessor-version":[{"id":1701,"href":"https:\/\/www.omnesbands.international\/de\/wp-json\/wp\/v2\/pages\/1699\/revisions\/1701"}],"wp:attachment":[{"href":"https:\/\/www.omnesbands.international\/de\/wp-json\/wp\/v2\/media?parent=1699"}],"curies":[{"name":"wp","href":"https:\/\/api.w.org\/{rel}","templated":true}]}}