{"id":1711,"date":"2023-01-28T22:22:39","date_gmt":"2023-01-29T04:22:39","guid":{"rendered":"https:\/\/omnesbands.international\/?page_id=1711"},"modified":"2023-01-28T22:23:16","modified_gmt":"2023-01-29T04:23:16","slug":"jose-urena-eiras-2","status":"publish","type":"page","link":"https:\/\/www.omnesbands.international\/de\/jose-urena-eiras-2\/","title":{"rendered":"JOSE URE\u00d1A EIRAS"},"content":{"rendered":"<div class=\"wp-block-uagb-container uagb-block-c1f2230c alignfull uagb-is-root-container\"><div class=\"uagb-container-inner-blocks-wrap\">\n<div class=\"wp-block-uagb-advanced-heading uagb-block-afdcf47e\"><h1 class=\"uagb-heading-text\"><strong>JOSE URE\u00d1A EIRAS<\/strong><\/h1><\/div>\n<\/div><\/div>\n\n\n\n<div class=\"wp-block-uagb-container uagb-block-7cea9a94 alignfull uagb-is-root-container\"><div class=\"uagb-container-inner-blocks-wrap\">\n<div class=\"wp-block-uagb-container uagb-block-ee22586f\">\n<p>Er wurde 1984 in Ontinyent (Valencia) geboren. Er begann sein Musikstudium am Konservatorium &quot;Jos\u00e9 Melchor Gomis&quot; in Ontinyent, wo er die Grundschule besuchte. Er setzte sein Studium am Berufskonservatorium \u201eMestre Vert\u201c von Carcaixent fort, wo er unter der Anleitung des Trompetenlehrers Salvador Albert den Intermediate Degree in Trompete absolvierte, wobei er unter anderem den Unterricht der Professoren Oscar Creus, Enrique Hernandis und Francisco Javier hervorhob Coast (Harmonie, Analyse und Grundlagen der Komposition).<\/p>\n<p>Sp\u00e4ter studierte er Chordirigieren bei Maestro Adri\u00e1n Cobo am Madrider K\u00f6niglichen Konservatorium f\u00fcr Musik und Orchesterdirigieren bei Maestro Antonio Moya und Mercedes Padilla, wobei er beide Spezialisierungen mit Bestnoten abschloss. Au\u00dferdem studiert er Komposition, ua bei den Lehrern Manuel Seco und Zulema de la Cruz.<\/p>\n<p>Er hat Trompetenkurse bei den Professoren Benjam\u00edn Moreno und Eric Aubier belegt, bei denen er in zwei aufeinanderfolgenden Jahren hervorragende Noten in den Abschlusspr\u00fcfungen erhielt. Au\u00dferdem nimmt er an Kursen \u00fcber Harmonielehre und Kompositionsgrundlagen beim Maestro Salvador Chuli\u00e1 teil, wo er auch mit der Abschlussarbeit des XVII Benidorm International Music Course betraut ist. Er studiert Kontrapunkt und Komposition bei Maestro Enrique Hernandis und seit 2005 in zahlreichen musikalischen Weiterbildungskursen Dirigieren bei dem angesehenen Maestro Enrique Garc\u00eda Asensio, einem seiner Lieblingssch\u00fcler, sowie seinem Assistenzprofessor in verschiedenen Kursen.<\/p>\n<p>Seit 1997 geh\u00f6rt er der Societat Uni\u00f3 Art\u00edstica Musical de Ontinyent an, wo er Direktor einer der Kammermusikgruppen der Gesellschaft, Direktor der Musikschule sowie Direktor des Orchesters und des Chors, Sprachlehrer Musical, Trompete, Gesang, Harmonielehre usw., au\u00dferdem stellvertretender Leiter der Musikkapelle und sp\u00e4ter Pr\u00e4sident der Entit\u00e4t. Er war Direktor der Rondalla und des Chores des CEAM von Ontinyent sowie Direktor des Chorverbandes derselben Gemeinde. Au\u00dferdem war er Trompetenlehrer an der Musikschule der Musikgesellschaft \u201eVila de Bocairent\u201c. Er war auch Musiklehrer f\u00fcr au\u00dferschulische Aktivit\u00e4ten an der Schule La Concepci\u00f3n de Ontinyent und Musiksprachlehrer an der Schule Mater Salvatoris in Madrid und an der Musikakademie 4 Strings in dieser Stadt. Im Studienjahr 2014\/2015 war er Leiter des Gemeindechors von Valdeluz (Guadalajara).<\/p>\n<p>Von Juli 2004 bis Januar 2014 war er Chefdirigent der Sinfonieorchester der Agrupaci\u00f3-Escola Musical \u201eLa Nova\u201c de l\u2019Oller\u00eda, mit der er w\u00e4hrend seiner fast zehnj\u00e4hrigen Amtszeit gro\u00dfe Leistungen und Erfolge erzielte als Leiter und Lehrer seiner Musikschule in verschiedenen F\u00e4chern. Von Februar 2006 bis Dezember 2013 war er Leiter des polyphonen Chors \u201eArpa d&#039;Or\u201c von Alc\u00e1ntera de Xuquer und von Juni 2012 bis Dezember 2013 Leiter des Chors \u201eNou Orfe\u00f3\u201c von Ontinyent.<\/p>\n<p>Er wurde eingeladen, zahlreiche Bands und Ch\u00f6re in ganz Spanien zu leiten, was seine Aktivit\u00e4ten in der Valencianischen Gemeinschaft, Katalonien, Kastilien-La Mancha, Kastilien und Le\u00f3n, der Autonomen Gemeinschaft Madrid und Andalusien hervorhebt.<\/p>\n<p>W\u00e4hrend des Studienjahres 2014\/2015 war er Professor f\u00fcr die Spezialit\u00e4t Banddirigieren am Superior Conservatory of Music of Castilla-La Mancha, was das erste Mal war, dass diese Spezialit\u00e4t an einem offiziellen spanischen Konservatorium unterrichtet wurde, und er war der erste Lehrer der diesen Stuhl innehatte.<\/p>\n<p>Derzeit ist er Chor- und Orchesterlehrer an der st\u00e4dtischen Musikschule \u201eLuigi Boccherini\u201c in Arenas de San Pedro (\u00c1vila) und Chorlehrer am professionellen Musikkonservatorium \u201eRam\u00f3n Garay\u201c in Ja\u00e9n.<\/p>\n<p>Als Komponist hat er mehr als 40 Musikwerke aller Stilrichtungen und f\u00fcr alle Formationen auf seinem Konto. Seine Musik wurde in ganz Spanien sowie in den Vereinigten Staaten aufgef\u00fchrt.<\/p>\n<\/div>\n<\/div><\/div>\n\n\n<div class=\"woocommerce columns-4\"><ul class=\"products columns-4\">\n<li class=\"desktop-align-left tablet-align-left mobile-align-left ast-product-gallery-layout-horizontal-slider product type-product post-1105 status-publish first instock product_cat-pasodobles product_tag-jose-urena-eiras has-post-thumbnail downloadable virtual taxable purchasable product-type-simple\">\n\t<a href=\"https:\/\/www.omnesbands.international\/de\/produkt\/ambaixadors-de-la-festa\/\" class=\"woocommerce-LoopProduct-link woocommerce-loop-product__link\"><img loading=\"lazy\" decoding=\"async\" width=\"300\" height=\"300\" src=\"https:\/\/www.omnesbands.international\/wp-content\/uploads\/2023\/01\/Ambaixadors-de-la-Festa-2-300x300.jpg\" class=\"attachment-woocommerce_thumbnail size-woocommerce_thumbnail\" alt=\"Ambaixadors de la Festa\" srcset=\"https:\/\/www.omnesbands.international\/wp-content\/uploads\/2023\/01\/Ambaixadors-de-la-Festa-2-300x300.jpg 300w, https:\/\/www.omnesbands.international\/wp-content\/uploads\/2023\/01\/Ambaixadors-de-la-Festa-2-150x150.jpg 150w, https:\/\/www.omnesbands.international\/wp-content\/uploads\/2023\/01\/Ambaixadors-de-la-Festa-2-11x12.jpg 11w, https:\/\/www.omnesbands.international\/wp-content\/uploads\/2023\/01\/Ambaixadors-de-la-Festa-2-100x100.jpg 100w\" sizes=\"auto, (max-width: 300px) 100vw, 300px\" \/><h2 class=\"woocommerce-loop-product__title\">Botschafter des Festivals<\/h2>\n\t<span class=\"price\"><span class=\"woocommerce-Price-amount amount\"><bdi><span class=\"woocommerce-Price-currencySymbol\">&#36;<\/span>25.00<\/bdi><\/span><\/span>\n<\/a><a href=\"\/de\/wp-json\/wp\/v2\/pages\/1711?add-to-cart=1105\" aria-describedby=\"woocommerce_loop_add_to_cart_link_describedby_1105\" data-quantity=\"1\" class=\"button product_type_simple add_to_cart_button ajax_add_to_cart\" data-product_id=\"1105\" data-product_sku=\"AMB-PAS-ESP-22\" aria-label=\"Zum Warenkorb hinzuf\u00fcgen: \u201eAmbaixadors de la Festa\u201c\" rel=\"nofollow\" data-success_message=\"\u201eAmbaixadors de la Festa\u201c wurde deinem Warenkorb hinzugef\u00fcgt\" role=\"button\" data-no-translation=\"\" data-trp-gettext=\"\" data-no-translation-aria-label=\"\" data-no-translation-data-success_message=\"\">In den Warenkorb<\/a>\t<span id=\"woocommerce_loop_add_to_cart_link_describedby_1105\" class=\"screen-reader-text\">\n\t\t\t<\/span>\n<\/li>\n<li class=\"desktop-align-left tablet-align-left mobile-align-left ast-product-gallery-layout-horizontal-slider product type-product post-1304 status-publish instock product_cat-pasodobles product_tag-jose-urena-eiras has-post-thumbnail downloadable virtual taxable purchasable product-type-simple\">\n\t<a href=\"https:\/\/www.omnesbands.international\/de\/produkt\/cor-de-festa\/\" class=\"woocommerce-LoopProduct-link woocommerce-loop-product__link\"><img loading=\"lazy\" decoding=\"async\" width=\"300\" height=\"300\" src=\"https:\/\/www.omnesbands.international\/wp-content\/uploads\/2023\/01\/cor-de-festa-1-300x300.jpg\" class=\"attachment-woocommerce_thumbnail size-woocommerce_thumbnail\" alt=\"cor de festa\" srcset=\"https:\/\/www.omnesbands.international\/wp-content\/uploads\/2023\/01\/cor-de-festa-1-300x300.jpg 300w, https:\/\/www.omnesbands.international\/wp-content\/uploads\/2023\/01\/cor-de-festa-1-150x150.jpg 150w, https:\/\/www.omnesbands.international\/wp-content\/uploads\/2023\/01\/cor-de-festa-1-11x12.jpg 11w, https:\/\/www.omnesbands.international\/wp-content\/uploads\/2023\/01\/cor-de-festa-1-100x100.jpg 100w\" sizes=\"auto, (max-width: 300px) 100vw, 300px\" \/><h2 class=\"woocommerce-loop-product__title\">Partychor<\/h2>\n\t<span class=\"price\"><span class=\"woocommerce-Price-amount amount\"><bdi><span class=\"woocommerce-Price-currencySymbol\">&#36;<\/span>25.00<\/bdi><\/span><\/span>\n<\/a><a href=\"\/de\/wp-json\/wp\/v2\/pages\/1711?add-to-cart=1304\" aria-describedby=\"woocommerce_loop_add_to_cart_link_describedby_1304\" data-quantity=\"1\" class=\"button product_type_simple add_to_cart_button ajax_add_to_cart\" data-product_id=\"1304\" data-product_sku=\"COR-PAS-ESP-22\" aria-label=\"Zum Warenkorb hinzuf\u00fcgen: \u201eCor de Festa\u201c\" rel=\"nofollow\" data-success_message=\"\u201eCor de Festa\u201c wurde deinem Warenkorb hinzugef\u00fcgt\" role=\"button\" data-no-translation=\"\" data-trp-gettext=\"\" data-no-translation-aria-label=\"\" data-no-translation-data-success_message=\"\">In den Warenkorb<\/a>\t<span id=\"woocommerce_loop_add_to_cart_link_describedby_1304\" class=\"screen-reader-text\">\n\t\t\t<\/span>\n<\/li>\n<\/ul>\n<\/div>","protected":false},"excerpt":{"rendered":"<p>JOS\u00c9 URE\u00d1A EIRAS Nace en Ontinyent (Valencia) en 1984. Inicia sus estudios musicales en el Conservatorio \u201cJos\u00e9 Melchor Gomis\u201d de Ontinyent donde cursa el Grado elemental. Continua sus estudios en el Conservatorio Profesional \u201cMestre Vert\u201d de Carcaixent, donde cursa el Grado Medio de trompeta, bajo la tutela del profesor de trompeta Salvador Albert, destacando, entre [&hellip;]<\/p>\n","protected":false},"author":4,"featured_media":0,"parent":0,"menu_order":0,"comment_status":"closed","ping_status":"closed","template":"","meta":{"_acf_changed":false,"_uag_custom_page_level_css":"","site-sidebar-layout":"default","site-content-layout":"","ast-site-content-layout":"default","site-content-style":"default","site-sidebar-style":"default","ast-global-header-display":"","ast-banner-title-visibility":"","ast-main-header-display":"","ast-hfb-above-header-display":"","ast-hfb-below-header-display":"","ast-hfb-mobile-header-display":"","site-post-title":"disabled","ast-breadcrumbs-content":"","ast-featured-img":"","footer-sml-layout":"","ast-disable-related-posts":"","theme-transparent-header-meta":"","adv-header-id-meta":"","stick-header-meta":"","header-above-stick-meta":"","header-main-stick-meta":"","header-below-stick-meta":"","astra-migrate-meta-layouts":"default","ast-page-background-enabled":"default","ast-page-background-meta":{"desktop":{"background-color":"","background-image":"","background-repeat":"repeat","background-position":"center center","background-size":"auto","background-attachment":"scroll","background-type":"","background-media":"","overlay-type":"","overlay-color":"","overlay-opacity":"","overlay-gradient":""},"tablet":{"background-color":"","background-image":"","background-repeat":"repeat","background-position":"center center","background-size":"auto","background-attachment":"scroll","background-type":"","background-media":"","overlay-type":"","overlay-color":"","overlay-opacity":"","overlay-gradient":""},"mobile":{"background-color":"","background-image":"","background-repeat":"repeat","background-position":"center center","background-size":"auto","background-attachment":"scroll","background-type":"","background-media":"","overlay-type":"","overlay-color":"","overlay-opacity":"","overlay-gradient":""}},"ast-content-background-meta":{"desktop":{"background-color":"var(--ast-global-color-5)","background-image":"","background-repeat":"repeat","background-position":"center center","background-size":"auto","background-attachment":"scroll","background-type":"","background-media":"","overlay-type":"","overlay-color":"","overlay-opacity":"","overlay-gradient":""},"tablet":{"background-color":"var(--ast-global-color-5)","background-image":"","background-repeat":"repeat","background-position":"center center","background-size":"auto","background-attachment":"scroll","background-type":"","background-media":"","overlay-type":"","overlay-color":"","overlay-opacity":"","overlay-gradient":""},"mobile":{"background-color":"var(--ast-global-color-5)","background-image":"","background-repeat":"repeat","background-position":"center center","background-size":"auto","background-attachment":"scroll","background-type":"","background-media":"","overlay-type":"","overlay-color":"","overlay-opacity":"","overlay-gradient":""}},"footnotes":""},"class_list":["post-1711","page","type-page","status-publish","hentry"],"acf":[],"yoast_head":"<!-- This site is optimized with the Yoast SEO Premium plugin v22.4 (Yoast SEO v27.4) - https:\/\/yoast.com\/product\/yoast-seo-premium-wordpress\/ -->\n<title>JOS\u00c9 URE\u00d1A EIRAS -<\/title>\n<meta name=\"robots\" content=\"index, follow, max-snippet:-1, max-image-preview:large, max-video-preview:-1\" \/>\n<link rel=\"canonical\" href=\"https:\/\/www.omnesbands.international\/de\/jose-urena-eiras-2\/\" \/>\n<meta property=\"og:locale\" content=\"de_DE\" \/>\n<meta property=\"og:type\" content=\"article\" \/>\n<meta property=\"og:title\" content=\"JOS\u00c9 URE\u00d1A EIRAS\" \/>\n<meta property=\"og:description\" content=\"JOS\u00c9 URE\u00d1A EIRAS Nace en Ontinyent (Valencia) en 1984. Inicia sus estudios musicales en el Conservatorio \u201cJos\u00e9 Melchor Gomis\u201d de Ontinyent donde cursa el Grado elemental. Continua sus estudios en el Conservatorio Profesional \u201cMestre Vert\u201d de Carcaixent, donde cursa el Grado Medio de trompeta, bajo la tutela del profesor de trompeta Salvador Albert, destacando, entre [&hellip;]\" \/>\n<meta property=\"og:url\" content=\"https:\/\/www.omnesbands.international\/de\/jose-urena-eiras-2\/\" \/>\n<meta property=\"article:modified_time\" content=\"2023-01-29T04:23:16+00:00\" \/>\n<meta property=\"og:image\" content=\"https:\/\/www.omnesbands.international\/wp-content\/uploads\/2023\/01\/music-sheet-music-snowdrop-7107045.jpg\" \/>\n\t<meta property=\"og:image:width\" content=\"1280\" \/>\n\t<meta property=\"og:image:height\" content=\"742\" \/>\n\t<meta property=\"og:image:type\" content=\"image\/jpeg\" \/>\n<meta name=\"twitter:card\" content=\"summary_large_image\" \/>\n<meta name=\"twitter:label1\" content=\"Gesch\u00e4tzte Lesezeit\" \/>\n\t<meta name=\"twitter:data1\" content=\"3\u00a0Minuten\" \/>\n<script type=\"application\/ld+json\" class=\"yoast-schema-graph\">{\"@context\":\"https:\\\/\\\/schema.org\",\"@graph\":[{\"@type\":\"WebPage\",\"@id\":\"https:\\\/\\\/www.omnesbands.international\\\/jose-urena-eiras-2\\\/\",\"url\":\"https:\\\/\\\/www.omnesbands.international\\\/jose-urena-eiras-2\\\/\",\"name\":\"JOS\u00c9 URE\u00d1A EIRAS -\",\"isPartOf\":{\"@id\":\"https:\\\/\\\/www.omnesbands.international\\\/#website\"},\"datePublished\":\"2023-01-29T04:22:39+00:00\",\"dateModified\":\"2023-01-29T04:23:16+00:00\",\"breadcrumb\":{\"@id\":\"https:\\\/\\\/www.omnesbands.international\\\/jose-urena-eiras-2\\\/#breadcrumb\"},\"inLanguage\":\"de\",\"potentialAction\":[{\"@type\":\"ReadAction\",\"target\":[\"https:\\\/\\\/www.omnesbands.international\\\/jose-urena-eiras-2\\\/\"]}]},{\"@type\":\"BreadcrumbList\",\"@id\":\"https:\\\/\\\/www.omnesbands.international\\\/jose-urena-eiras-2\\\/#breadcrumb\",\"itemListElement\":[{\"@type\":\"ListItem\",\"position\":1,\"name\":\"Portada\",\"item\":\"https:\\\/\\\/www.omnesbands.international\\\/\"},{\"@type\":\"ListItem\",\"position\":2,\"name\":\"JOS\u00c9 URE\u00d1A EIRAS\"}]},{\"@type\":\"WebSite\",\"@id\":\"https:\\\/\\\/www.omnesbands.international\\\/#website\",\"url\":\"https:\\\/\\\/www.omnesbands.international\\\/\",\"name\":\"OMNESBANDS International\",\"description\":\"Partituras Originales de autores y compositores independientes\",\"publisher\":{\"@id\":\"https:\\\/\\\/www.omnesbands.international\\\/#organization\"},\"potentialAction\":[{\"@type\":\"SearchAction\",\"target\":{\"@type\":\"EntryPoint\",\"urlTemplate\":\"https:\\\/\\\/www.omnesbands.international\\\/?s={search_term_string}\"},\"query-input\":{\"@type\":\"PropertyValueSpecification\",\"valueRequired\":true,\"valueName\":\"search_term_string\"}}],\"inLanguage\":\"de\"},{\"@type\":\"Organization\",\"@id\":\"https:\\\/\\\/www.omnesbands.international\\\/#organization\",\"name\":\"Indra Consultores Internacionales\",\"alternateName\":\"Omnesbands\",\"url\":\"https:\\\/\\\/www.omnesbands.international\\\/\",\"logo\":{\"@type\":\"ImageObject\",\"inLanguage\":\"de\",\"@id\":\"https:\\\/\\\/www.omnesbands.international\\\/#\\\/schema\\\/logo\\\/image\\\/\",\"url\":\"https:\\\/\\\/omnesbands.international\\\/wp-content\\\/uploads\\\/2023\\\/06\\\/Logo-Nuevo-.png\",\"contentUrl\":\"https:\\\/\\\/omnesbands.international\\\/wp-content\\\/uploads\\\/2023\\\/06\\\/Logo-Nuevo-.png\",\"width\":394,\"height\":212,\"caption\":\"Indra Consultores Internacionales\"},\"image\":{\"@id\":\"https:\\\/\\\/www.omnesbands.international\\\/#\\\/schema\\\/logo\\\/image\\\/\"}}]}<\/script>\n<!-- \/ Yoast SEO Premium plugin. -->","yoast_head_json":{"title":"JOS\u00c9 URE\u00d1A EIRAS -","robots":{"index":"index","follow":"follow","max-snippet":"max-snippet:-1","max-image-preview":"max-image-preview:large","max-video-preview":"max-video-preview:-1"},"canonical":"https:\/\/www.omnesbands.international\/de\/jose-urena-eiras-2\/","og_locale":"de_DE","og_type":"article","og_title":"JOS\u00c9 URE\u00d1A EIRAS","og_description":"JOS\u00c9 URE\u00d1A EIRAS Nace en Ontinyent (Valencia) en 1984. Inicia sus estudios musicales en el Conservatorio \u201cJos\u00e9 Melchor Gomis\u201d de Ontinyent donde cursa el Grado elemental. Continua sus estudios en el Conservatorio Profesional \u201cMestre Vert\u201d de Carcaixent, donde cursa el Grado Medio de trompeta, bajo la tutela del profesor de trompeta Salvador Albert, destacando, entre [&hellip;]","og_url":"https:\/\/www.omnesbands.international\/de\/jose-urena-eiras-2\/","article_modified_time":"2023-01-29T04:23:16+00:00","og_image":[{"width":1280,"height":742,"url":"https:\/\/www.omnesbands.international\/wp-content\/uploads\/2023\/01\/music-sheet-music-snowdrop-7107045.jpg","type":"image\/jpeg"}],"twitter_card":"summary_large_image","twitter_misc":{"Gesch\u00e4tzte Lesezeit":"3\u00a0Minuten"},"schema":{"@context":"https:\/\/schema.org","@graph":[{"@type":"WebPage","@id":"https:\/\/www.omnesbands.international\/jose-urena-eiras-2\/","url":"https:\/\/www.omnesbands.international\/jose-urena-eiras-2\/","name":"JOS\u00c9 URE\u00d1A EIRAS -","isPartOf":{"@id":"https:\/\/www.omnesbands.international\/#website"},"datePublished":"2023-01-29T04:22:39+00:00","dateModified":"2023-01-29T04:23:16+00:00","breadcrumb":{"@id":"https:\/\/www.omnesbands.international\/jose-urena-eiras-2\/#breadcrumb"},"inLanguage":"de","potentialAction":[{"@type":"ReadAction","target":["https:\/\/www.omnesbands.international\/jose-urena-eiras-2\/"]}]},{"@type":"BreadcrumbList","@id":"https:\/\/www.omnesbands.international\/jose-urena-eiras-2\/#breadcrumb","itemListElement":[{"@type":"ListItem","position":1,"name":"Portada","item":"https:\/\/www.omnesbands.international\/"},{"@type":"ListItem","position":2,"name":"JOS\u00c9 URE\u00d1A EIRAS"}]},{"@type":"WebSite","@id":"https:\/\/www.omnesbands.international\/#website","url":"https:\/\/www.omnesbands.international\/","name":"OMNESBANDS International","description":"Original-Noten von unabh\u00e4ngigen Autoren und Komponisten","publisher":{"@id":"https:\/\/www.omnesbands.international\/#organization"},"potentialAction":[{"@type":"SearchAction","target":{"@type":"EntryPoint","urlTemplate":"https:\/\/www.omnesbands.international\/?s={search_term_string}"},"query-input":{"@type":"PropertyValueSpecification","valueRequired":true,"valueName":"search_term_string"}}],"inLanguage":"de"},{"@type":"Organization","@id":"https:\/\/www.omnesbands.international\/#organization","name":"Indra Internationale Berater","alternateName":"Omnesbands","url":"https:\/\/www.omnesbands.international\/","logo":{"@type":"ImageObject","inLanguage":"de","@id":"https:\/\/www.omnesbands.international\/#\/schema\/logo\/image\/","url":"https:\/\/omnesbands.international\/wp-content\/uploads\/2023\/06\/Logo-Nuevo-.png","contentUrl":"https:\/\/omnesbands.international\/wp-content\/uploads\/2023\/06\/Logo-Nuevo-.png","width":394,"height":212,"caption":"Indra Consultores Internacionales"},"image":{"@id":"https:\/\/www.omnesbands.international\/#\/schema\/logo\/image\/"}}]}},"uagb_featured_image_src":{"full":false,"thumbnail":false,"medium":false,"medium_large":false,"large":false,"1536x1536":false,"2048x2048":false,"trp-custom-language-flag":false,"gg_gallery_thumbnail":false,"woocommerce_thumbnail":false,"woocommerce_single":false,"woocommerce_gallery_thumbnail":false},"uagb_author_info":{"display_name":"Melvin R. Portillo A:","author_link":"https:\/\/www.omnesbands.international\/de\/author\/portand\/"},"uagb_comment_info":0,"uagb_excerpt":"JOS\u00c9 URE\u00d1A EIRAS Nace en Ontinyent (Valencia) en 1984. Inicia sus estudios musicales en el Conservatorio \u201cJos\u00e9 Melchor Gomis\u201d de Ontinyent donde cursa el Grado elemental. Continua sus estudios en el Conservatorio Profesional \u201cMestre Vert\u201d de Carcaixent, donde cursa el Grado Medio de trompeta, bajo la tutela del profesor de trompeta Salvador Albert, destacando, entre&hellip;","_links":{"self":[{"href":"https:\/\/www.omnesbands.international\/de\/wp-json\/wp\/v2\/pages\/1711","targetHints":{"allow":["GET"]}}],"collection":[{"href":"https:\/\/www.omnesbands.international\/de\/wp-json\/wp\/v2\/pages"}],"about":[{"href":"https:\/\/www.omnesbands.international\/de\/wp-json\/wp\/v2\/types\/page"}],"author":[{"embeddable":true,"href":"https:\/\/www.omnesbands.international\/de\/wp-json\/wp\/v2\/users\/4"}],"replies":[{"embeddable":true,"href":"https:\/\/www.omnesbands.international\/de\/wp-json\/wp\/v2\/comments?post=1711"}],"version-history":[{"count":2,"href":"https:\/\/www.omnesbands.international\/de\/wp-json\/wp\/v2\/pages\/1711\/revisions"}],"predecessor-version":[{"id":1713,"href":"https:\/\/www.omnesbands.international\/de\/wp-json\/wp\/v2\/pages\/1711\/revisions\/1713"}],"wp:attachment":[{"href":"https:\/\/www.omnesbands.international\/de\/wp-json\/wp\/v2\/media?parent=1711"}],"curies":[{"name":"wp","href":"https:\/\/api.w.org\/{rel}","templated":true}]}}