{"id":1721,"date":"2023-01-29T08:06:10","date_gmt":"2023-01-29T14:06:10","guid":{"rendered":"https:\/\/omnesbands.international\/?page_id=1721"},"modified":"2023-01-29T08:10:37","modified_gmt":"2023-01-29T14:10:37","slug":"josep-miquel-martinez-2","status":"publish","type":"page","link":"https:\/\/www.omnesbands.international\/de\/josep-miquel-martinez-2\/","title":{"rendered":"JOSEP MIQUEL MARTINEZ"},"content":{"rendered":"<div class=\"wp-block-uagb-container uagb-block-a83e5e1c alignfull uagb-is-root-container\"><div class=\"uagb-container-inner-blocks-wrap\">\n<div class=\"wp-block-uagb-advanced-heading uagb-block-5edd56cb\"><h1 class=\"uagb-heading-text\"><strong>JOSEP MIQUEL MARTINEZ<\/strong><\/h1><\/div>\n<\/div><\/div>\n\n\n\n<div class=\"wp-block-uagb-container uagb-block-ed8462b7 alignfull uagb-is-root-container\"><div class=\"uagb-container-inner-blocks-wrap\">\n<div class=\"wp-block-uagb-container uagb-block-140309a1\">\n<p>Er wurde 1972 in Quart de les Valls (Camp de Morvedre) geboren, wo er sich auf Horn zu spezialisieren begann und sein h\u00f6heres Studium am Musikkonservatorium von Valencia bei Professor Jos\u00e9 Rosell abschloss.<\/p>\n<p>Er erwarb einen Abschluss an der Royal School Music in Banddirigieren und Musiktheorie und studierte bei den Lehrern Jose R. Pascual Vilaplana und Miquel Rodrigo Tamarit.<\/p>\n<p>Er studierte Kontrapunkt und Harmonie bei Miguel Angel Mateu und setzte sein Kompositionsstudium am H\u00f6heren Konservatorium von Castell\u00f3n unter anderem bei den Professoren Ferrer Ferran, Claudia Montero, Miguel Angel Berbis und Cesar Cano fort.<\/p>\n<p>Als Komponist verf\u00fcgt er \u00fcber einen Katalog mit mehr als 60 Werken, von denen die meisten f\u00fcr Blasorchester geschrieben wurden, aber auch Werke f\u00fcr verschiedene Kammerensembles, Werke f\u00fcr Solisten und andere kleinere Werke.<\/p>\n<p>Er wurde in zahlreichen Kompositionswettbewerben ausgezeichnet, darunter mit dem Kompositionspreis \u201eCiudad de Torrevieja\u201c und dem \u201eEuterpe-Preis\u201c in der Sektion \u201eSinfonisches Werk\u201c, die von der F\u00f6deration der Musikvereine der Valencianischen Gemeinschaft (FSMCV) vergeben wurden und mit denen er gewann sein Werk \u201eVents del Garb\u00ed\u201c.<\/p>\n<p>Seine letzte Auszeichnung erhielt er beim 1. Pasodoble-Wettbewerb der Uni\u00f3 Musical de Gata de Gorgos mit seinem Pasodoble mit dem Titel \u201eAls amics\u201c.<br>Derzeit ist er Hauptdirektor der Uni\u00f3 Musical Cultural de Estivella, wo er 1998 mit der Leitung begann.<\/p>\n<p>Er war Chefdirigent der \u201eUni\u00f3 Musical\u201c von Aldaia, der \u201eLira Saguntina\u201c von Sagunto, der \u201eLira Borriolenca\u201c von Borriol, der \u201eSanta Cecilia\u201c von Almenara, der Sogorbe Musical Society und der Uni\u00f3 Musical von Massamagrell.<\/p>\n<p>In Zusammenarbeit mit der Tanzschule \u201eAESCENA\u201c und ihrer Leiterin Magdalena Fuertes leitete er die Musikshows des Neo-Producciones Orchestra und Ensembles wie WA Mozarts \u201eGRAN PARTITA\u201c oder P. Tschaikowskys \u201eNUTCRACKER\u201c-Ballett.<\/p>\n<p>Auf internationaler Ebene dirigierte er als Gastdirigent die Academia Musicale \u201eEuterpe\u201c in Syrakus (Sizilien-Italien), die Scuola Banda Musicale \u201eP. Mascagni\u201c aus Milazzo (Sizilien-Italien) sowie in der Banda Comunale \u201eGiuseppe Verdi\u201c aus Sinnai (Serdenya-Italien).<\/p>\n<p>Als Dirigent und Lehrer hat er unz\u00e4hlige Bands bei Konzerten und Dirigentenkursen geleitet, darunter die Stadtkapelle von Castell\u00f3n, die Nar\u00f3n Band (La Coru\u00f1a), die Uni\u00f3 Musical de Gata de Gorgos (Alicante), die Uni\u00f3 Musical de Serra (Valencia). , das Uni\u00f3 Musical. aus Vilafam\u00e9s und Uni\u00f3 Musical de Calig (Castell\u00f3n), Stadtkapelle von Marmolejo (Jaen) unter anderem.<\/p>\n<\/div>\n<\/div><\/div>\n\n\n<div class=\"woocommerce columns-4\"><\/div>","protected":false},"excerpt":{"rendered":"<p>JOSEP MIQUEL MART\u00cdNEZ Nace en Quart de les Valls en 1972 (Camp de Morvedre) donde comienza en la especialidad de trompa, terminando sus estudios superiores al Conservatorio Superior de M\u00fasica de Valencia con el catedr\u00e1tico Jos\u00e9 Rosell. Obtiene el t\u00edtulo de la Royal School Music de Direcci\u00f3n de Banda y Teor\u00eda de la M\u00fasica, estudiando [&hellip;]<\/p>\n","protected":false},"author":4,"featured_media":0,"parent":0,"menu_order":0,"comment_status":"closed","ping_status":"closed","template":"","meta":{"_acf_changed":false,"_uag_custom_page_level_css":"","site-sidebar-layout":"default","site-content-layout":"","ast-site-content-layout":"default","site-content-style":"default","site-sidebar-style":"default","ast-global-header-display":"","ast-banner-title-visibility":"","ast-main-header-display":"","ast-hfb-above-header-display":"","ast-hfb-below-header-display":"","ast-hfb-mobile-header-display":"","site-post-title":"disabled","ast-breadcrumbs-content":"","ast-featured-img":"","footer-sml-layout":"","ast-disable-related-posts":"","theme-transparent-header-meta":"","adv-header-id-meta":"","stick-header-meta":"","header-above-stick-meta":"","header-main-stick-meta":"","header-below-stick-meta":"","astra-migrate-meta-layouts":"default","ast-page-background-enabled":"default","ast-page-background-meta":{"desktop":{"background-color":"","background-image":"","background-repeat":"repeat","background-position":"center center","background-size":"auto","background-attachment":"scroll","background-type":"","background-media":"","overlay-type":"","overlay-color":"","overlay-opacity":"","overlay-gradient":""},"tablet":{"background-color":"","background-image":"","background-repeat":"repeat","background-position":"center center","background-size":"auto","background-attachment":"scroll","background-type":"","background-media":"","overlay-type":"","overlay-color":"","overlay-opacity":"","overlay-gradient":""},"mobile":{"background-color":"","background-image":"","background-repeat":"repeat","background-position":"center center","background-size":"auto","background-attachment":"scroll","background-type":"","background-media":"","overlay-type":"","overlay-color":"","overlay-opacity":"","overlay-gradient":""}},"ast-content-background-meta":{"desktop":{"background-color":"var(--ast-global-color-5)","background-image":"","background-repeat":"repeat","background-position":"center center","background-size":"auto","background-attachment":"scroll","background-type":"","background-media":"","overlay-type":"","overlay-color":"","overlay-opacity":"","overlay-gradient":""},"tablet":{"background-color":"var(--ast-global-color-5)","background-image":"","background-repeat":"repeat","background-position":"center center","background-size":"auto","background-attachment":"scroll","background-type":"","background-media":"","overlay-type":"","overlay-color":"","overlay-opacity":"","overlay-gradient":""},"mobile":{"background-color":"var(--ast-global-color-5)","background-image":"","background-repeat":"repeat","background-position":"center center","background-size":"auto","background-attachment":"scroll","background-type":"","background-media":"","overlay-type":"","overlay-color":"","overlay-opacity":"","overlay-gradient":""}},"footnotes":""},"class_list":["post-1721","page","type-page","status-publish","hentry"],"acf":[],"yoast_head":"<!-- This site is optimized with the Yoast SEO Premium plugin v22.4 (Yoast SEO v27.4) - https:\/\/yoast.com\/product\/yoast-seo-premium-wordpress\/ -->\n<title>JOSEP MIQUEL MART\u00cdNEZ -<\/title>\n<meta name=\"robots\" content=\"index, follow, max-snippet:-1, max-image-preview:large, max-video-preview:-1\" \/>\n<link rel=\"canonical\" href=\"https:\/\/www.omnesbands.international\/de\/josep-miquel-martinez-2\/\" \/>\n<meta property=\"og:locale\" content=\"de_DE\" \/>\n<meta property=\"og:type\" content=\"article\" \/>\n<meta property=\"og:title\" content=\"JOSEP MIQUEL MART\u00cdNEZ\" \/>\n<meta property=\"og:description\" content=\"JOSEP MIQUEL MART\u00cdNEZ Nace en Quart de les Valls en 1972 (Camp de Morvedre) donde comienza en la especialidad de trompa, terminando sus estudios superiores al Conservatorio Superior de M\u00fasica de Valencia con el catedr\u00e1tico Jos\u00e9 Rosell. Obtiene el t\u00edtulo de la Royal School Music de Direcci\u00f3n de Banda y Teor\u00eda de la M\u00fasica, estudiando [&hellip;]\" \/>\n<meta property=\"og:url\" content=\"https:\/\/www.omnesbands.international\/de\/josep-miquel-martinez-2\/\" \/>\n<meta property=\"article:modified_time\" content=\"2023-01-29T14:10:37+00:00\" \/>\n<meta property=\"og:image\" content=\"https:\/\/www.omnesbands.international\/wp-content\/uploads\/2023\/01\/music-sheet-music-snowdrop-7107045.jpg\" \/>\n\t<meta property=\"og:image:width\" content=\"1280\" \/>\n\t<meta property=\"og:image:height\" content=\"742\" \/>\n\t<meta property=\"og:image:type\" content=\"image\/jpeg\" \/>\n<meta name=\"twitter:card\" content=\"summary_large_image\" \/>\n<meta name=\"twitter:label1\" content=\"Gesch\u00e4tzte Lesezeit\" \/>\n\t<meta name=\"twitter:data1\" content=\"2\u00a0Minuten\" \/>\n<script type=\"application\/ld+json\" class=\"yoast-schema-graph\">{\"@context\":\"https:\\\/\\\/schema.org\",\"@graph\":[{\"@type\":\"WebPage\",\"@id\":\"https:\\\/\\\/www.omnesbands.international\\\/josep-miquel-martinez-2\\\/\",\"url\":\"https:\\\/\\\/www.omnesbands.international\\\/josep-miquel-martinez-2\\\/\",\"name\":\"JOSEP MIQUEL MART\u00cdNEZ -\",\"isPartOf\":{\"@id\":\"https:\\\/\\\/www.omnesbands.international\\\/#website\"},\"datePublished\":\"2023-01-29T14:06:10+00:00\",\"dateModified\":\"2023-01-29T14:10:37+00:00\",\"breadcrumb\":{\"@id\":\"https:\\\/\\\/www.omnesbands.international\\\/josep-miquel-martinez-2\\\/#breadcrumb\"},\"inLanguage\":\"de\",\"potentialAction\":[{\"@type\":\"ReadAction\",\"target\":[\"https:\\\/\\\/www.omnesbands.international\\\/josep-miquel-martinez-2\\\/\"]}]},{\"@type\":\"BreadcrumbList\",\"@id\":\"https:\\\/\\\/www.omnesbands.international\\\/josep-miquel-martinez-2\\\/#breadcrumb\",\"itemListElement\":[{\"@type\":\"ListItem\",\"position\":1,\"name\":\"Portada\",\"item\":\"https:\\\/\\\/www.omnesbands.international\\\/\"},{\"@type\":\"ListItem\",\"position\":2,\"name\":\"JOSEP MIQUEL MART\u00cdNEZ\"}]},{\"@type\":\"WebSite\",\"@id\":\"https:\\\/\\\/www.omnesbands.international\\\/#website\",\"url\":\"https:\\\/\\\/www.omnesbands.international\\\/\",\"name\":\"OMNESBANDS International\",\"description\":\"Partituras Originales de autores y compositores independientes\",\"publisher\":{\"@id\":\"https:\\\/\\\/www.omnesbands.international\\\/#organization\"},\"potentialAction\":[{\"@type\":\"SearchAction\",\"target\":{\"@type\":\"EntryPoint\",\"urlTemplate\":\"https:\\\/\\\/www.omnesbands.international\\\/?s={search_term_string}\"},\"query-input\":{\"@type\":\"PropertyValueSpecification\",\"valueRequired\":true,\"valueName\":\"search_term_string\"}}],\"inLanguage\":\"de\"},{\"@type\":\"Organization\",\"@id\":\"https:\\\/\\\/www.omnesbands.international\\\/#organization\",\"name\":\"Indra Consultores Internacionales\",\"alternateName\":\"Omnesbands\",\"url\":\"https:\\\/\\\/www.omnesbands.international\\\/\",\"logo\":{\"@type\":\"ImageObject\",\"inLanguage\":\"de\",\"@id\":\"https:\\\/\\\/www.omnesbands.international\\\/#\\\/schema\\\/logo\\\/image\\\/\",\"url\":\"https:\\\/\\\/omnesbands.international\\\/wp-content\\\/uploads\\\/2023\\\/06\\\/Logo-Nuevo-.png\",\"contentUrl\":\"https:\\\/\\\/omnesbands.international\\\/wp-content\\\/uploads\\\/2023\\\/06\\\/Logo-Nuevo-.png\",\"width\":394,\"height\":212,\"caption\":\"Indra Consultores Internacionales\"},\"image\":{\"@id\":\"https:\\\/\\\/www.omnesbands.international\\\/#\\\/schema\\\/logo\\\/image\\\/\"}}]}<\/script>\n<!-- \/ Yoast SEO Premium plugin. -->","yoast_head_json":{"title":"JOSEP MIQUEL MART\u00cdNEZ -","robots":{"index":"index","follow":"follow","max-snippet":"max-snippet:-1","max-image-preview":"max-image-preview:large","max-video-preview":"max-video-preview:-1"},"canonical":"https:\/\/www.omnesbands.international\/de\/josep-miquel-martinez-2\/","og_locale":"de_DE","og_type":"article","og_title":"JOSEP MIQUEL MART\u00cdNEZ","og_description":"JOSEP MIQUEL MART\u00cdNEZ Nace en Quart de les Valls en 1972 (Camp de Morvedre) donde comienza en la especialidad de trompa, terminando sus estudios superiores al Conservatorio Superior de M\u00fasica de Valencia con el catedr\u00e1tico Jos\u00e9 Rosell. Obtiene el t\u00edtulo de la Royal School Music de Direcci\u00f3n de Banda y Teor\u00eda de la M\u00fasica, estudiando [&hellip;]","og_url":"https:\/\/www.omnesbands.international\/de\/josep-miquel-martinez-2\/","article_modified_time":"2023-01-29T14:10:37+00:00","og_image":[{"width":1280,"height":742,"url":"https:\/\/www.omnesbands.international\/wp-content\/uploads\/2023\/01\/music-sheet-music-snowdrop-7107045.jpg","type":"image\/jpeg"}],"twitter_card":"summary_large_image","twitter_misc":{"Gesch\u00e4tzte Lesezeit":"2\u00a0Minuten"},"schema":{"@context":"https:\/\/schema.org","@graph":[{"@type":"WebPage","@id":"https:\/\/www.omnesbands.international\/josep-miquel-martinez-2\/","url":"https:\/\/www.omnesbands.international\/josep-miquel-martinez-2\/","name":"JOSEP MIQUEL MART\u00cdNEZ -","isPartOf":{"@id":"https:\/\/www.omnesbands.international\/#website"},"datePublished":"2023-01-29T14:06:10+00:00","dateModified":"2023-01-29T14:10:37+00:00","breadcrumb":{"@id":"https:\/\/www.omnesbands.international\/josep-miquel-martinez-2\/#breadcrumb"},"inLanguage":"de","potentialAction":[{"@type":"ReadAction","target":["https:\/\/www.omnesbands.international\/josep-miquel-martinez-2\/"]}]},{"@type":"BreadcrumbList","@id":"https:\/\/www.omnesbands.international\/josep-miquel-martinez-2\/#breadcrumb","itemListElement":[{"@type":"ListItem","position":1,"name":"Portada","item":"https:\/\/www.omnesbands.international\/"},{"@type":"ListItem","position":2,"name":"JOSEP MIQUEL MART\u00cdNEZ"}]},{"@type":"WebSite","@id":"https:\/\/www.omnesbands.international\/#website","url":"https:\/\/www.omnesbands.international\/","name":"OMNESBANDS International","description":"Original-Noten von unabh\u00e4ngigen Autoren und Komponisten","publisher":{"@id":"https:\/\/www.omnesbands.international\/#organization"},"potentialAction":[{"@type":"SearchAction","target":{"@type":"EntryPoint","urlTemplate":"https:\/\/www.omnesbands.international\/?s={search_term_string}"},"query-input":{"@type":"PropertyValueSpecification","valueRequired":true,"valueName":"search_term_string"}}],"inLanguage":"de"},{"@type":"Organization","@id":"https:\/\/www.omnesbands.international\/#organization","name":"Indra Internationale Berater","alternateName":"Omnesbands","url":"https:\/\/www.omnesbands.international\/","logo":{"@type":"ImageObject","inLanguage":"de","@id":"https:\/\/www.omnesbands.international\/#\/schema\/logo\/image\/","url":"https:\/\/omnesbands.international\/wp-content\/uploads\/2023\/06\/Logo-Nuevo-.png","contentUrl":"https:\/\/omnesbands.international\/wp-content\/uploads\/2023\/06\/Logo-Nuevo-.png","width":394,"height":212,"caption":"Indra Consultores Internacionales"},"image":{"@id":"https:\/\/www.omnesbands.international\/#\/schema\/logo\/image\/"}}]}},"uagb_featured_image_src":{"full":false,"thumbnail":false,"medium":false,"medium_large":false,"large":false,"1536x1536":false,"2048x2048":false,"trp-custom-language-flag":false,"gg_gallery_thumbnail":false,"woocommerce_thumbnail":false,"woocommerce_single":false,"woocommerce_gallery_thumbnail":false},"uagb_author_info":{"display_name":"Melvin R. Portillo A:","author_link":"https:\/\/www.omnesbands.international\/de\/author\/portand\/"},"uagb_comment_info":0,"uagb_excerpt":"JOSEP MIQUEL MART\u00cdNEZ Nace en Quart de les Valls en 1972 (Camp de Morvedre) donde comienza en la especialidad de trompa, terminando sus estudios superiores al Conservatorio Superior de M\u00fasica de Valencia con el catedr\u00e1tico Jos\u00e9 Rosell. Obtiene el t\u00edtulo de la Royal School Music de Direcci\u00f3n de Banda y Teor\u00eda de la M\u00fasica, estudiando&hellip;","_links":{"self":[{"href":"https:\/\/www.omnesbands.international\/de\/wp-json\/wp\/v2\/pages\/1721","targetHints":{"allow":["GET"]}}],"collection":[{"href":"https:\/\/www.omnesbands.international\/de\/wp-json\/wp\/v2\/pages"}],"about":[{"href":"https:\/\/www.omnesbands.international\/de\/wp-json\/wp\/v2\/types\/page"}],"author":[{"embeddable":true,"href":"https:\/\/www.omnesbands.international\/de\/wp-json\/wp\/v2\/users\/4"}],"replies":[{"embeddable":true,"href":"https:\/\/www.omnesbands.international\/de\/wp-json\/wp\/v2\/comments?post=1721"}],"version-history":[{"count":2,"href":"https:\/\/www.omnesbands.international\/de\/wp-json\/wp\/v2\/pages\/1721\/revisions"}],"predecessor-version":[{"id":1723,"href":"https:\/\/www.omnesbands.international\/de\/wp-json\/wp\/v2\/pages\/1721\/revisions\/1723"}],"wp:attachment":[{"href":"https:\/\/www.omnesbands.international\/de\/wp-json\/wp\/v2\/media?parent=1721"}],"curies":[{"name":"wp","href":"https:\/\/api.w.org\/{rel}","templated":true}]}}