{"id":1738,"date":"2023-01-29T08:41:54","date_gmt":"2023-01-29T14:41:54","guid":{"rendered":"https:\/\/omnesbands.international\/?page_id=1738"},"modified":"2023-02-03T16:54:27","modified_gmt":"2023-02-03T22:54:27","slug":"juan-fco-sanjuan-rodrigo-2","status":"publish","type":"page","link":"https:\/\/www.omnesbands.international\/de\/juan-fco-sanjuan-rodrigo-2\/","title":{"rendered":"JOHN FCO. SANJUAN RODRIGO"},"content":{"rendered":"<div class=\"wp-block-uagb-container uagb-block-3769f489 alignfull uagb-is-root-container\"><div class=\"uagb-container-inner-blocks-wrap\">\n<div class=\"wp-block-uagb-advanced-heading uagb-block-561b8bdf\"><h1 class=\"uagb-heading-text\"><strong>JOHN FCO. SANJUAN RODRIGO<\/strong><\/h1><\/div>\n<\/div><\/div>\n\n\n\n<div class=\"wp-block-uagb-container uagb-block-160fd0ff alignfull uagb-is-root-container\"><div class=\"uagb-container-inner-blocks-wrap\">\n<div class=\"wp-block-uagb-container uagb-block-40050322\">\n<p>Juan Fco. Sanju\u00e1n Rodrigo begann sein Studium in seiner Heimatstadt Muro de Alcoi (Alicante), setzte es an den Konservatorien Alcoi, San Vicente del Raspeig (Alicante) und Ontinyent (Valencia) mit hervorragenden Noten fort und erlangte schlie\u00dflich das Au\u00dferordentliche Am Ende erhielt er vom Tribunal einstimmig den Higher Degree Prize in der Fachrichtung Trompete vom Superior Conservatory von Castell\u00f3 de la Plana. Au\u00dferdem erhielt er den ersten Preis im europ\u00e4ischen Wettbewerb der Regionen Ravel \u2013 Granados und den Euterpe-Preis der Federation of Musical Societies der Valencianischen Gemeinschaft.<\/p>\n<p>Gleichzeitig vertiefte er sein Trompetenstudium in zahlreichen Fortbildungskursen bei international renommierten Professoren wie Malcom McNab, Ole Antonsen, Alfonso Faus Segarra, Philiph Smith, Enrique Rioja, Juan C. Alandete, Urban Agnas, Benjam\u00edn Moreno, Vicente Oliver, Vincent Campos. Nimmt an den Orchestern \u201ePablo Sarasate de Pamplona\u201c, \u201eAtrium de Ontinyent\u201c, \u201eOrquesta Castell\u00f3n XXI\u201c, Orquestra de Vents Filharmonia\u201c, \u201eMunicipal Band of Alicante\u201c, \u201eBanda de la FSMCV\u201c, Alcoyana Symphony Orchestra\u201c und zahlreichen Gruppen teil Amateurbandmusik bei Konzerten, CD-Aufnahmen und Wettbewerben.<\/p>\n<p>KOMPOSITION<\/p>\n<p>Im Bereich Komposition studierte er in verschiedenen Kursen und Seminaren Harmonielehre, Analyse, Alte Musik und zeitgen\u00f6ssische Musik bei den Professoren Enrico Fubini, Jaime Linares, Joan Cerver\u00f3, Manuel Tom\u00e1s, Salvador Segu\u00ed, Jos\u00e9 Chafino, Tom\u00e1s Gilabert und Francisco Zacar\u00e9s. Seine ersten Schritte machte er mit Maestro Jos\u00e9 R. Pascual Vilaplana und mit Maestro Juan C. Sempere Bombo\u00ed und gewann den ersten Preis beim IV. Vila de Pego-Kompositionswettbewerb mit dem maurischen Marsch \u201eAl Bagi\u201c sowie in zwei Ausgaben des Kompositionswettbewerbs f\u00fcr Dulzaina Vila de Muro gewann einen zweiten Preis mit der Komposition f\u00fcr Dulzainas und Schlagzeug \u201eEstraxa\u201c, die der Escola Tradicional de la Xafig\u00e0 gewidmet war, und eine lobende Erw\u00e4hnung mit der Marxa Mora \u201eEncant\u201c.<\/p>\n<p>Von 2011 bis 2012 studierte er Komposition bei \u00d3scar Navarro Gonz\u00e1lez an der Schule Baix Maestrat (www.ecdbaixmaestrat.com), was ihm im Juni 2012 den Gewinn des Kompositionswettbewerbspreises anl\u00e4sslich des 25. Todestages von Jos\u00e9 M\u00aa einbrachte Ferrero Pastor, organisiert von UNDEF und FSMCV, mit dem maurischen Marsch \u201eMestre Ferrero\u201c, wie in den Wettbewerbsregeln festgelegt.<\/p>\n<p>Ebenfalls im Dezember desselben Jahres erhielt er mit dem \u201eRab Magh\u201c-Marsch den zweiten Preis der Jury des II. Kompositionswettbewerbs f\u00fcr die Dreik\u00f6nigsparade, die von der Vereinigung der Heiligen Drei K\u00f6nige von Ibi organisiert wurde.<\/p>\n<p>Im September 2013 gewann er mit dem Pasodoble \u201eHerminia\u201c den 1. Fernando Tormo Ib\u00e1\u00f1ez Pasodoble Contest Award. Im Dezember desselben Jahres gewann er mit dem Marsch \u201eTemps de Llum\u201c den Preis des III. Kompositionswettbewerbs f\u00fcr die Dreik\u00f6nigsparade, der von der Vereinigung der Heiligen Drei K\u00f6nige von Ibi organisiert wurde. Er war au\u00dferdem Finalist bei verschiedenen Kompositionswettbewerben in Zamora, Zaragoza, Benidorm und Callosa d&#039;En Sarri\u00e0.<\/p>\n<p>F\u00fcr diese letzte Komposition erhielt er Auftr\u00e4ge, auch von der Vereinigung der Mauren und Christen von Gaibiel mit dem Marsch \u201eMoros de Gaibiel\u201c, vom Kapit\u00e4n der Fil\u00e0 Verds de Muro mit dem maurischen Marsch \u201eSajo\u201c, von der CAM-Band von J\u00e1vea f\u00fcr die Feier des 50. Jahrestages von \u201eBartolom\u00e9 Catal\u00e0\u201c als Musiker der Entit\u00e4t mit einem Pasodoble mit seinem Namen, f\u00fcr den christlichen Kapit\u00e4n der Callosa d&#039;En Sarri\u00e0-Festlichkeiten namens \u201eCapitania Mestre\u201c, ein St\u00fcck f\u00fcr Dudelsack, Blechbl\u00e4ser und Percussion namens \u201eGuerrers del Nord\u201c f\u00fcr den Auftritt von Cristianos de Pego. Au\u00dferdem f\u00fchrte er 2013 einen maurischen Marsch auf, der der Stadt Benamaurel gewidmet war und den Titel \u201eAvenmoriel \u2013 Huella del Milenio del Reino de Granada\u201c trug.<\/p>\n<p>Anschlie\u00dfend nimmt er als aktives Mitglied an der I. Konferenz \u00fcber Komposition f\u00fcr Band mit Maestro Johan de Meij teil, die vom Konservatorium J\u00e1vea organisiert wird. Im Jahr 2013 besuchte er einen von der Ad Libitum Music School of Ontinyent organisierten Meisterkurs bei Maestro Andr\u00e9s Valero.<\/p>\n<p>ADRESSE<\/p>\n<p>Gleichzeitig studierte er Banddirigieren bei Jos\u00e9 Rafael Pascual Vilaplana an der Regionalschule Vall de Albaida, erwarb das Abschlussdiplom und belegte zahlreiche Verbesserungskurse bei den Lehrern Jan Cober, Henry Adams, Eugene Corporon, Miguel Rodrigo Tamarit, Jes\u00fas L\u00f3pez Cobos, Salvador Sebasti\u00e0, Georg Sargashyan, Paco Melero, Rafael Sanz Espert und Maurizio Colasanti.<\/p>\n<p>Im Juli 2013 erhielt er ein Stipendium des Innenministeriums der valencianischen Gemeinschaft, um den von der Berklee-Universit\u00e4t in Valencia organisierten Sommerkurs \u00fcber Bandmanagement in der aktiven Modalit\u00e4t mit Professor Rafael Sanz Espert durchzuf\u00fchren.<\/p>\n<p>Seit 1999 leitet er ununterbrochen, war stellvertretender Leiter der Band der Muro de Alcoi Musical Union (2000\/2001) und seiner Jugendband (1999\/2001), der Schulband der Ontinyent Musical Association (2002\/2003). die Band Uni\u00f3n Musical de l&#039;Orxa (1999 \u2013 2006) und das Alcoyana Youth Orchestra (2009\/2010).<\/p>\n<p>Er wurde auch eingeladen, seine eigenen Kompositionen in Bands aus den Provinzen Alicante, Valencia und Granada zu dirigieren, darunter Campello, Callosa d&#039;En Sarri\u00e0, Muro de Alcoi, Ontinyent, Planes de la Baron\u00eda, Cocentaina und Adzeneta d&#039;Albaida , Beniarr\u00e9s, L&#039;Orxa, Pego, Bocairent, Biar, Benamaurel und die Colla de Dol\u00e7ainers \u201eEl Mal Passet\u201c aus Cocentaina.<\/p>\n<p>Er war Mitglied der Jury des Chorwettbewerbs von L&#039;Orxa und dreimal des Paradewettbewerbs des Mauren- und Christenfestivals von Albaida.<\/p>\n<p>GEGENW\u00c4RTIG<\/p>\n<p>Derzeit ist er Lehrer an den Schulen von L&#039;Orxa, Uni\u00f3n Musical de Alcoi, Gorga, an der Da Capo School und am Albaida Municipal Professional Conservatory sowie in den Trompetenverbesserungskursen von Grau de Gandia und Albaida seit Dezember 2006 Direktor des Musikkunstzentrums von J\u00e1vea.<\/p>\n<p>In diesem akademischen Jahr 2013 \u2013 2014 vertieft er seine Kompositionskenntnisse bei Ram\u00f3n Garcia i Soler.\u00a0<br \/>Er ist Mitglied der ACMMIC (Association of Moors and Christians Music Composers) und der ANDB (National Association of Band Directors).\u00a0<br \/>Er ist im Besitz des CAP (Certificate of Pedagogical Aptitude), ausgestellt von der Polytechnischen Universit\u00e4t Barcelona.<\/p>\n<\/div>\n<\/div><\/div>\n\n\n<div class=\"woocommerce columns-4\"><\/div>","protected":false},"excerpt":{"rendered":"<p>JUAN FCO. SANJU\u00c1N RODRIGO Juan Fco. Sanju\u00e1n Rodrigo, empieza sus estudios en su pueblo natural, Muro de Alcoi (Alicante), los prosigue en los Conservatorios de Alcoi, San Vicente del Raspeig (Alicante) y Ontinyent (Valencia) en ambos con excelentes calificaciones, y finalmente consigue el Premio Extraordinario Fin de Grado Superior por Unanimidad del Tribunal en la [&hellip;]<\/p>\n","protected":false},"author":4,"featured_media":0,"parent":0,"menu_order":0,"comment_status":"closed","ping_status":"closed","template":"","meta":{"_acf_changed":false,"_uag_custom_page_level_css":"","site-sidebar-layout":"default","site-content-layout":"","ast-site-content-layout":"default","site-content-style":"default","site-sidebar-style":"default","ast-global-header-display":"","ast-banner-title-visibility":"","ast-main-header-display":"","ast-hfb-above-header-display":"","ast-hfb-below-header-display":"","ast-hfb-mobile-header-display":"","site-post-title":"disabled","ast-breadcrumbs-content":"","ast-featured-img":"","footer-sml-layout":"","ast-disable-related-posts":"","theme-transparent-header-meta":"","adv-header-id-meta":"","stick-header-meta":"","header-above-stick-meta":"","header-main-stick-meta":"","header-below-stick-meta":"","astra-migrate-meta-layouts":"default","ast-page-background-enabled":"default","ast-page-background-meta":{"desktop":{"background-color":"","background-image":"","background-repeat":"repeat","background-position":"center center","background-size":"auto","background-attachment":"scroll","background-type":"","background-media":"","overlay-type":"","overlay-color":"","overlay-opacity":"","overlay-gradient":""},"tablet":{"background-color":"","background-image":"","background-repeat":"repeat","background-position":"center center","background-size":"auto","background-attachment":"scroll","background-type":"","background-media":"","overlay-type":"","overlay-color":"","overlay-opacity":"","overlay-gradient":""},"mobile":{"background-color":"","background-image":"","background-repeat":"repeat","background-position":"center center","background-size":"auto","background-attachment":"scroll","background-type":"","background-media":"","overlay-type":"","overlay-color":"","overlay-opacity":"","overlay-gradient":""}},"ast-content-background-meta":{"desktop":{"background-color":"var(--ast-global-color-5)","background-image":"","background-repeat":"repeat","background-position":"center center","background-size":"auto","background-attachment":"scroll","background-type":"","background-media":"","overlay-type":"","overlay-color":"","overlay-opacity":"","overlay-gradient":""},"tablet":{"background-color":"var(--ast-global-color-5)","background-image":"","background-repeat":"repeat","background-position":"center center","background-size":"auto","background-attachment":"scroll","background-type":"","background-media":"","overlay-type":"","overlay-color":"","overlay-opacity":"","overlay-gradient":""},"mobile":{"background-color":"var(--ast-global-color-5)","background-image":"","background-repeat":"repeat","background-position":"center center","background-size":"auto","background-attachment":"scroll","background-type":"","background-media":"","overlay-type":"","overlay-color":"","overlay-opacity":"","overlay-gradient":""}},"footnotes":""},"class_list":["post-1738","page","type-page","status-publish","hentry"],"acf":[],"yoast_head":"<!-- This site is optimized with the Yoast SEO Premium plugin v22.4 (Yoast SEO v27.4) - https:\/\/yoast.com\/product\/yoast-seo-premium-wordpress\/ -->\n<title>JUAN FCO. SANJU\u00c1N RODRIGO -<\/title>\n<meta name=\"robots\" content=\"index, follow, max-snippet:-1, max-image-preview:large, max-video-preview:-1\" \/>\n<link rel=\"canonical\" href=\"https:\/\/www.omnesbands.international\/de\/juan-fco-sanjuan-rodrigo-2\/\" \/>\n<meta property=\"og:locale\" content=\"de_DE\" \/>\n<meta property=\"og:type\" content=\"article\" \/>\n<meta property=\"og:title\" content=\"JUAN FCO. SANJU\u00c1N RODRIGO\" \/>\n<meta property=\"og:description\" content=\"JUAN FCO. SANJU\u00c1N RODRIGO Juan Fco. Sanju\u00e1n Rodrigo, empieza sus estudios en su pueblo natural, Muro de Alcoi (Alicante), los prosigue en los Conservatorios de Alcoi, San Vicente del Raspeig (Alicante) y Ontinyent (Valencia) en ambos con excelentes calificaciones, y finalmente consigue el Premio Extraordinario Fin de Grado Superior por Unanimidad del Tribunal en la [&hellip;]\" \/>\n<meta property=\"og:url\" content=\"https:\/\/www.omnesbands.international\/de\/juan-fco-sanjuan-rodrigo-2\/\" \/>\n<meta property=\"article:modified_time\" content=\"2023-02-03T22:54:27+00:00\" \/>\n<meta property=\"og:image\" content=\"https:\/\/www.omnesbands.international\/wp-content\/uploads\/2023\/01\/music-sheet-music-snowdrop-7107045.jpg\" \/>\n\t<meta property=\"og:image:width\" content=\"1280\" \/>\n\t<meta property=\"og:image:height\" content=\"742\" \/>\n\t<meta property=\"og:image:type\" content=\"image\/jpeg\" \/>\n<meta name=\"twitter:card\" content=\"summary_large_image\" \/>\n<meta name=\"twitter:label1\" content=\"Gesch\u00e4tzte Lesezeit\" \/>\n\t<meta name=\"twitter:data1\" content=\"5\u00a0Minuten\" \/>\n<script type=\"application\/ld+json\" class=\"yoast-schema-graph\">{\"@context\":\"https:\\\/\\\/schema.org\",\"@graph\":[{\"@type\":\"WebPage\",\"@id\":\"https:\\\/\\\/www.omnesbands.international\\\/de\\\/juan-fco-sanjuan-rodrigo-2\\\/\",\"url\":\"https:\\\/\\\/www.omnesbands.international\\\/de\\\/juan-fco-sanjuan-rodrigo-2\\\/\",\"name\":\"JUAN FCO. SANJU\u00c1N RODRIGO -\",\"isPartOf\":{\"@id\":\"https:\\\/\\\/www.omnesbands.international\\\/#website\"},\"datePublished\":\"2023-01-29T14:41:54+00:00\",\"dateModified\":\"2023-02-03T22:54:27+00:00\",\"breadcrumb\":{\"@id\":\"https:\\\/\\\/www.omnesbands.international\\\/de\\\/juan-fco-sanjuan-rodrigo-2\\\/#breadcrumb\"},\"inLanguage\":\"de\",\"potentialAction\":[{\"@type\":\"ReadAction\",\"target\":[\"https:\\\/\\\/www.omnesbands.international\\\/de\\\/juan-fco-sanjuan-rodrigo-2\\\/\"]}]},{\"@type\":\"BreadcrumbList\",\"@id\":\"https:\\\/\\\/www.omnesbands.international\\\/de\\\/juan-fco-sanjuan-rodrigo-2\\\/#breadcrumb\",\"itemListElement\":[{\"@type\":\"ListItem\",\"position\":1,\"name\":\"Portada\",\"item\":\"https:\\\/\\\/www.omnesbands.international\\\/\"},{\"@type\":\"ListItem\",\"position\":2,\"name\":\"JUAN FCO. SANJU\u00c1N RODRIGO\"}]},{\"@type\":\"WebSite\",\"@id\":\"https:\\\/\\\/www.omnesbands.international\\\/#website\",\"url\":\"https:\\\/\\\/www.omnesbands.international\\\/\",\"name\":\"OMNESBANDS International\",\"description\":\"Partituras Originales de autores y compositores independientes\",\"publisher\":{\"@id\":\"https:\\\/\\\/www.omnesbands.international\\\/#organization\"},\"potentialAction\":[{\"@type\":\"SearchAction\",\"target\":{\"@type\":\"EntryPoint\",\"urlTemplate\":\"https:\\\/\\\/www.omnesbands.international\\\/?s={search_term_string}\"},\"query-input\":{\"@type\":\"PropertyValueSpecification\",\"valueRequired\":true,\"valueName\":\"search_term_string\"}}],\"inLanguage\":\"de\"},{\"@type\":\"Organization\",\"@id\":\"https:\\\/\\\/www.omnesbands.international\\\/#organization\",\"name\":\"Indra Consultores Internacionales\",\"alternateName\":\"Omnesbands\",\"url\":\"https:\\\/\\\/www.omnesbands.international\\\/\",\"logo\":{\"@type\":\"ImageObject\",\"inLanguage\":\"de\",\"@id\":\"https:\\\/\\\/www.omnesbands.international\\\/#\\\/schema\\\/logo\\\/image\\\/\",\"url\":\"https:\\\/\\\/omnesbands.international\\\/wp-content\\\/uploads\\\/2023\\\/06\\\/Logo-Nuevo-.png\",\"contentUrl\":\"https:\\\/\\\/omnesbands.international\\\/wp-content\\\/uploads\\\/2023\\\/06\\\/Logo-Nuevo-.png\",\"width\":394,\"height\":212,\"caption\":\"Indra Consultores Internacionales\"},\"image\":{\"@id\":\"https:\\\/\\\/www.omnesbands.international\\\/#\\\/schema\\\/logo\\\/image\\\/\"}}]}<\/script>\n<!-- \/ Yoast SEO Premium plugin. -->","yoast_head_json":{"title":"JUAN FCO. SANJU\u00c1N RODRIGO -","robots":{"index":"index","follow":"follow","max-snippet":"max-snippet:-1","max-image-preview":"max-image-preview:large","max-video-preview":"max-video-preview:-1"},"canonical":"https:\/\/www.omnesbands.international\/de\/juan-fco-sanjuan-rodrigo-2\/","og_locale":"de_DE","og_type":"article","og_title":"JUAN FCO. SANJU\u00c1N RODRIGO","og_description":"JUAN FCO. SANJU\u00c1N RODRIGO Juan Fco. Sanju\u00e1n Rodrigo, empieza sus estudios en su pueblo natural, Muro de Alcoi (Alicante), los prosigue en los Conservatorios de Alcoi, San Vicente del Raspeig (Alicante) y Ontinyent (Valencia) en ambos con excelentes calificaciones, y finalmente consigue el Premio Extraordinario Fin de Grado Superior por Unanimidad del Tribunal en la [&hellip;]","og_url":"https:\/\/www.omnesbands.international\/de\/juan-fco-sanjuan-rodrigo-2\/","article_modified_time":"2023-02-03T22:54:27+00:00","og_image":[{"width":1280,"height":742,"url":"https:\/\/www.omnesbands.international\/wp-content\/uploads\/2023\/01\/music-sheet-music-snowdrop-7107045.jpg","type":"image\/jpeg"}],"twitter_card":"summary_large_image","twitter_misc":{"Gesch\u00e4tzte Lesezeit":"5\u00a0Minuten"},"schema":{"@context":"https:\/\/schema.org","@graph":[{"@type":"WebPage","@id":"https:\/\/www.omnesbands.international\/de\/juan-fco-sanjuan-rodrigo-2\/","url":"https:\/\/www.omnesbands.international\/de\/juan-fco-sanjuan-rodrigo-2\/","name":"JUAN FCO. SANJU\u00c1N RODRIGO -","isPartOf":{"@id":"https:\/\/www.omnesbands.international\/#website"},"datePublished":"2023-01-29T14:41:54+00:00","dateModified":"2023-02-03T22:54:27+00:00","breadcrumb":{"@id":"https:\/\/www.omnesbands.international\/de\/juan-fco-sanjuan-rodrigo-2\/#breadcrumb"},"inLanguage":"de","potentialAction":[{"@type":"ReadAction","target":["https:\/\/www.omnesbands.international\/de\/juan-fco-sanjuan-rodrigo-2\/"]}]},{"@type":"BreadcrumbList","@id":"https:\/\/www.omnesbands.international\/de\/juan-fco-sanjuan-rodrigo-2\/#breadcrumb","itemListElement":[{"@type":"ListItem","position":1,"name":"Portada","item":"https:\/\/www.omnesbands.international\/"},{"@type":"ListItem","position":2,"name":"JUAN FCO. SANJU\u00c1N RODRIGO"}]},{"@type":"WebSite","@id":"https:\/\/www.omnesbands.international\/#website","url":"https:\/\/www.omnesbands.international\/","name":"OMNESBANDS International","description":"Original-Noten von unabh\u00e4ngigen Autoren und Komponisten","publisher":{"@id":"https:\/\/www.omnesbands.international\/#organization"},"potentialAction":[{"@type":"SearchAction","target":{"@type":"EntryPoint","urlTemplate":"https:\/\/www.omnesbands.international\/?s={search_term_string}"},"query-input":{"@type":"PropertyValueSpecification","valueRequired":true,"valueName":"search_term_string"}}],"inLanguage":"de"},{"@type":"Organization","@id":"https:\/\/www.omnesbands.international\/#organization","name":"Indra Internationale Berater","alternateName":"Omnesbands","url":"https:\/\/www.omnesbands.international\/","logo":{"@type":"ImageObject","inLanguage":"de","@id":"https:\/\/www.omnesbands.international\/#\/schema\/logo\/image\/","url":"https:\/\/omnesbands.international\/wp-content\/uploads\/2023\/06\/Logo-Nuevo-.png","contentUrl":"https:\/\/omnesbands.international\/wp-content\/uploads\/2023\/06\/Logo-Nuevo-.png","width":394,"height":212,"caption":"Indra Consultores Internacionales"},"image":{"@id":"https:\/\/www.omnesbands.international\/#\/schema\/logo\/image\/"}}]}},"uagb_featured_image_src":{"full":false,"thumbnail":false,"medium":false,"medium_large":false,"large":false,"1536x1536":false,"2048x2048":false,"trp-custom-language-flag":false,"gg_gallery_thumbnail":false,"woocommerce_thumbnail":false,"woocommerce_single":false,"woocommerce_gallery_thumbnail":false},"uagb_author_info":{"display_name":"Melvin R. Portillo A:","author_link":"https:\/\/www.omnesbands.international\/de\/author\/portand\/"},"uagb_comment_info":0,"uagb_excerpt":"JUAN FCO. SANJU\u00c1N RODRIGO Juan Fco. Sanju\u00e1n Rodrigo, empieza sus estudios en su pueblo natural, Muro de Alcoi (Alicante), los prosigue en los Conservatorios de Alcoi, San Vicente del Raspeig (Alicante) y Ontinyent (Valencia) en ambos con excelentes calificaciones, y finalmente consigue el Premio Extraordinario Fin de Grado Superior por Unanimidad del Tribunal en la&hellip;","_links":{"self":[{"href":"https:\/\/www.omnesbands.international\/de\/wp-json\/wp\/v2\/pages\/1738","targetHints":{"allow":["GET"]}}],"collection":[{"href":"https:\/\/www.omnesbands.international\/de\/wp-json\/wp\/v2\/pages"}],"about":[{"href":"https:\/\/www.omnesbands.international\/de\/wp-json\/wp\/v2\/types\/page"}],"author":[{"embeddable":true,"href":"https:\/\/www.omnesbands.international\/de\/wp-json\/wp\/v2\/users\/4"}],"replies":[{"embeddable":true,"href":"https:\/\/www.omnesbands.international\/de\/wp-json\/wp\/v2\/comments?post=1738"}],"version-history":[{"count":4,"href":"https:\/\/www.omnesbands.international\/de\/wp-json\/wp\/v2\/pages\/1738\/revisions"}],"predecessor-version":[{"id":1849,"href":"https:\/\/www.omnesbands.international\/de\/wp-json\/wp\/v2\/pages\/1738\/revisions\/1849"}],"wp:attachment":[{"href":"https:\/\/www.omnesbands.international\/de\/wp-json\/wp\/v2\/media?parent=1738"}],"curies":[{"name":"wp","href":"https:\/\/api.w.org\/{rel}","templated":true}]}}