{"id":1742,"date":"2023-01-29T08:59:05","date_gmt":"2023-01-29T14:59:05","guid":{"rendered":"https:\/\/omnesbands.international\/?page_id=1742"},"modified":"2023-01-29T08:59:08","modified_gmt":"2023-01-29T14:59:08","slug":"juan-jesus-lopez-sandoval-2","status":"publish","type":"page","link":"https:\/\/www.omnesbands.international\/de\/juan-jesus-lopez-sandoval-2\/","title":{"rendered":"JUAN JESUS LOPEZ SANDOVAL"},"content":{"rendered":"<div class=\"wp-block-uagb-container uagb-block-c6e8045b alignfull uagb-is-root-container\"><div class=\"uagb-container-inner-blocks-wrap\">\n<div class=\"wp-block-uagb-advanced-heading uagb-block-07f016e0\"><h1 class=\"uagb-heading-text\"><strong>JUAN JESUS LOPEZ SANDOVAL<\/strong><\/h1><\/div>\n<\/div><\/div>\n\n\n\n<div class=\"wp-block-uagb-container uagb-block-f8703371 alignfull uagb-is-root-container\"><div class=\"uagb-container-inner-blocks-wrap\">\n<div class=\"wp-block-uagb-container uagb-block-aab03224\">\n<p>Er begann seine musikalische Karriere innerhalb der Musikvereinigung von Calasparra. Er begann sein Studium am Konservatorium \u201eManuel Massotti Littel\u201c in Murcia, setzte seine Ausbildung sp\u00e4ter am Konservatorium Victoria Eugenia in Granada, am Konservatorium von C\u00f3rdoba und am Konservatorium von M\u00e1laga fort und erlangte h\u00f6here Abschl\u00fcsse in Tuba, Komposition und Dirigieren. Als Komponist ist er Autor verschiedener Werke f\u00fcr Orchester und Blasorchester.<br \/>Von 1994 bis 2004 war er Direktor der Stadtkapelle von Ja\u00e9n und von 2002 bis 2006 der Agrupaci\u00f3n Musical Villa de Mancha Real. Seit September 2019 leitet er die Banda de M\u00fasica de la Esperanza de M\u00e1laga.<br \/>Juan Jes\u00fas L\u00f3pez Sandoval wurde in Calasparra (Murcia) geboren und begann seine musikalische Karriere im Verein Banda de M\u00fasica dieser Stadt. Er verf\u00fcgt \u00fcber einen Hochschulabschluss in den Fachgebieten Tuba, Komposition und Orchesterleitung und hat zwei Masterabschl\u00fcsse abgeschlossen; in Innovation und Bildungsforschung an der Universit\u00e4t Malaga und in Musikalischem Erbe an der Internationalen Universit\u00e4t Andalusien.<\/p>\n<p>Er hat sein Studium bei den wichtigsten Masterstudieng\u00e4ngen der internationalen Kunstszene in Rum\u00e4nien, Malaga, der Universit\u00e4t Alcal\u00e1 de Henares, der Universit\u00e4t Catania und an der Accademia Chigiana in Siena perfektioniert. <br \/>Er war Gewinner des ersten andalusischen Wettbewerbs f\u00fcr junge Interpreten in Kammermusik mit dem Blechbl\u00e4serquintett \u201eEolo Brass\u201c, erhielt beim Stierkampfwettbewerb \u201eEspiga de Oro\u201c die Erw\u00e4hnung \u201e\u00c1ngel Rodr\u00edguez\u201c f\u00fcr die Komposition des Pasodoble \u201eEspiga de Oro\u201c. &quot;, erster Preis beim II. Internationalen Kompositionswettbewerb von Vila de Muro und ausgezeichnet vom Hon. Stadtrat von Calasparra im Villa Donation Act f\u00fcr seine berufliche Laufbahn und sein Engagement f\u00fcr die Musikkultur.<\/p>\n<p>In seiner beruflichen Laufbahn hat er renommierte Ensembles geleitet, darunter das Symphonieorchester der Region Murcia, die M\u00e1laga-Philharmonie, das M\u00e1laga-Symphonieorchester, das Europ\u00e4ische Sinfonieorchester, das Jaen-Symphonieorchester, das Melilla-Symphonieorchester, das Moldawien-Nationalorchester und das Symphonieorchester des Sofia-Festivals , Stadtkapelle von Ja\u00e9n, Stadtkapelle von Granada, Stadtkapelle von M\u00e1laga usw. <br \/>Im Laufe seiner Karriere wurde er von Kritikern und Publikum stets f\u00fcr seine ausdrucksstarke Ausrichtung, seine raffinierte und virtuose Technik und vor allem f\u00fcr seine gestische und \u00fcberzeugende \u00dcbertragung musikalischer Inhalte gelobt.<\/p>\n<p>Die Erzbruderschaft von El Paso y la Esperanza w\u00fcrdigt die von Rub\u00e9n Vera in diesen Jahren geleistete Arbeit und hei\u00dft Juan Jes\u00fas L\u00f3pez Sandoval willkommen, in der Hoffnung, dass der Nazarener und die Jungfrau ihn auf diesem Weg begleiten.<\/p>\n<\/div>\n<\/div><\/div>\n\n\n<div class=\"woocommerce columns-4\"><ul class=\"products columns-4\">\n<li class=\"desktop-align-left tablet-align-left mobile-align-left ast-product-gallery-layout-horizontal-slider product type-product post-1315 status-publish first instock product_cat-pasodobles product_tag-juan-jesus-lopez-sandoval has-post-thumbnail downloadable virtual taxable purchasable product-type-simple\">\n\t<a href=\"https:\/\/www.omnesbands.international\/de\/produkt\/espiga-de-oro\/\" class=\"woocommerce-LoopProduct-link woocommerce-loop-product__link\"><img loading=\"lazy\" decoding=\"async\" width=\"300\" height=\"300\" src=\"https:\/\/www.omnesbands.international\/wp-content\/uploads\/2023\/01\/Espiga-de-Oro-1-300x300.jpg\" class=\"attachment-woocommerce_thumbnail size-woocommerce_thumbnail\" alt=\"Espiga de Oro\" srcset=\"https:\/\/www.omnesbands.international\/wp-content\/uploads\/2023\/01\/Espiga-de-Oro-1-300x300.jpg 300w, https:\/\/www.omnesbands.international\/wp-content\/uploads\/2023\/01\/Espiga-de-Oro-1-150x150.jpg 150w, https:\/\/www.omnesbands.international\/wp-content\/uploads\/2023\/01\/Espiga-de-Oro-1-100x100.jpg 100w\" sizes=\"auto, (max-width: 300px) 100vw, 300px\" \/><h2 class=\"woocommerce-loop-product__title\">goldene Spitze<\/h2>\n\t<span class=\"price\"><span class=\"woocommerce-Price-amount amount\"><bdi><span class=\"woocommerce-Price-currencySymbol\">&#36;<\/span>25.00<\/bdi><\/span><\/span>\n<\/a><a href=\"\/de\/wp-json\/wp\/v2\/pages\/1742?add-to-cart=1315\" aria-describedby=\"woocommerce_loop_add_to_cart_link_describedby_1315\" data-quantity=\"1\" class=\"button product_type_simple add_to_cart_button ajax_add_to_cart\" data-product_id=\"1315\" data-product_sku=\"ESP-PAS-ESP-22\" aria-label=\"Zum Warenkorb hinzuf\u00fcgen: \u201eEspiga de Oro\u201c\" rel=\"nofollow\" data-success_message=\"\u201eEspiga de Oro\u201c wurde deinem Warenkorb hinzugef\u00fcgt\" role=\"button\" data-no-translation=\"\" data-trp-gettext=\"\" data-no-translation-aria-label=\"\" data-no-translation-data-success_message=\"\">In den Warenkorb<\/a>\t<span id=\"woocommerce_loop_add_to_cart_link_describedby_1315\" class=\"screen-reader-text\">\n\t\t\t<\/span>\n<\/li>\n<li class=\"desktop-align-left tablet-align-left mobile-align-left ast-product-gallery-layout-horizontal-slider product type-product post-1129 status-publish instock product_cat-sinfonicas product_tag-juan-jesus-lopez-sandoval has-post-thumbnail featured downloadable virtual taxable purchasable product-type-simple\">\n\t<a href=\"https:\/\/www.omnesbands.international\/de\/produkt\/fantasia-y-variacion-para-tuba-y-banda\/\" class=\"woocommerce-LoopProduct-link woocommerce-loop-product__link\"><img loading=\"lazy\" decoding=\"async\" width=\"300\" height=\"300\" src=\"https:\/\/www.omnesbands.international\/wp-content\/uploads\/2023\/01\/Fantasia-y-Variacion-450x450.jpg\" class=\"attachment-woocommerce_thumbnail size-woocommerce_thumbnail\" alt=\"Fantas\u00eda y Variaci\u00f3n para Tuba y Banda\" srcset=\"https:\/\/www.omnesbands.international\/wp-content\/uploads\/2023\/01\/Fantasia-y-Variacion-450x450.jpg 450w, https:\/\/www.omnesbands.international\/wp-content\/uploads\/2023\/01\/Fantasia-y-Variacion-150x150.jpg 150w, https:\/\/www.omnesbands.international\/wp-content\/uploads\/2023\/01\/Fantasia-y-Variacion-100x100.jpg 100w\" sizes=\"auto, (max-width: 300px) 100vw, 300px\" \/><h2 class=\"woocommerce-loop-product__title\">Fantasie und Variation f\u00fcr Tuba und Blasorchester<\/h2>\n\t<span class=\"price\"><span class=\"woocommerce-Price-amount amount\"><bdi><span class=\"woocommerce-Price-currencySymbol\">&#36;<\/span>35.00<\/bdi><\/span><\/span>\n<\/a><a href=\"\/de\/wp-json\/wp\/v2\/pages\/1742?add-to-cart=1129\" aria-describedby=\"woocommerce_loop_add_to_cart_link_describedby_1129\" data-quantity=\"1\" class=\"button product_type_simple add_to_cart_button ajax_add_to_cart\" data-product_id=\"1129\" data-product_sku=\"FAN-SIN-ESP-22\" aria-label=\"Zum Warenkorb hinzuf\u00fcgen: \u201eFantas\u00eda y Variaci\u00f3n para Tuba y Banda\u201c\" rel=\"nofollow\" data-success_message=\"\u201eFantas\u00eda y Variaci\u00f3n para Tuba y Banda\u201c wurde deinem Warenkorb hinzugef\u00fcgt\" role=\"button\" data-no-translation=\"\" data-trp-gettext=\"\" data-no-translation-aria-label=\"\" data-no-translation-data-success_message=\"\">In den Warenkorb<\/a>\t<span id=\"woocommerce_loop_add_to_cart_link_describedby_1129\" class=\"screen-reader-text\">\n\t\t\t<\/span>\n<\/li>\n<li class=\"desktop-align-left tablet-align-left mobile-align-left ast-product-gallery-layout-horizontal-slider product type-product post-1151 status-publish instock product_cat-sinfonicas product_tag-juan-jesus-lopez-sandoval has-post-thumbnail downloadable virtual taxable purchasable product-type-simple\">\n\t<a href=\"https:\/\/www.omnesbands.international\/de\/produkt\/rapsodia-mediterranea\/\" class=\"woocommerce-LoopProduct-link woocommerce-loop-product__link\"><img loading=\"lazy\" decoding=\"async\" width=\"300\" height=\"300\" src=\"https:\/\/www.omnesbands.international\/wp-content\/uploads\/2023\/01\/Rapsodia-Mediterranea-300x300.jpg\" class=\"attachment-woocommerce_thumbnail size-woocommerce_thumbnail\" alt=\"Rapsodia Mediterranea\" srcset=\"https:\/\/www.omnesbands.international\/wp-content\/uploads\/2023\/01\/Rapsodia-Mediterranea-300x300.jpg 300w, https:\/\/www.omnesbands.international\/wp-content\/uploads\/2023\/01\/Rapsodia-Mediterranea-150x150.jpg 150w, https:\/\/www.omnesbands.international\/wp-content\/uploads\/2023\/01\/Rapsodia-Mediterranea-11x12.jpg 11w, https:\/\/www.omnesbands.international\/wp-content\/uploads\/2023\/01\/Rapsodia-Mediterranea-100x100.jpg 100w\" sizes=\"auto, (max-width: 300px) 100vw, 300px\" \/><h2 class=\"woocommerce-loop-product__title\">Mediterrane Rhapsodie<\/h2>\n\t<span class=\"price\"><span class=\"woocommerce-Price-amount amount\"><bdi><span class=\"woocommerce-Price-currencySymbol\">&#36;<\/span>40.00<\/bdi><\/span><\/span>\n<\/a><a href=\"\/de\/wp-json\/wp\/v2\/pages\/1742?add-to-cart=1151\" aria-describedby=\"woocommerce_loop_add_to_cart_link_describedby_1151\" data-quantity=\"1\" class=\"button product_type_simple add_to_cart_button ajax_add_to_cart\" data-product_id=\"1151\" data-product_sku=\"MED-SIN-ESP-22\" aria-label=\"Zum Warenkorb hinzuf\u00fcgen: \u201eRapsodia Mediterr\u00e1nea\u201c\" rel=\"nofollow\" data-success_message=\"\u201eRapsodia Mediterr\u00e1nea\u201c wurde deinem Warenkorb hinzugef\u00fcgt\" role=\"button\" data-no-translation=\"\" data-trp-gettext=\"\" data-no-translation-aria-label=\"\" data-no-translation-data-success_message=\"\">In den Warenkorb<\/a>\t<span id=\"woocommerce_loop_add_to_cart_link_describedby_1151\" class=\"screen-reader-text\">\n\t\t\t<\/span>\n<\/li>\n<li class=\"desktop-align-left tablet-align-left mobile-align-left ast-product-gallery-layout-horizontal-slider product type-product post-978 status-publish last instock product_cat-musica-religiosa product_tag-juan-jesus-lopez-sandoval has-post-thumbnail downloadable virtual taxable purchasable product-type-simple\">\n\t<a href=\"https:\/\/www.omnesbands.international\/de\/produkt\/sentimiento-cofrade\/\" class=\"woocommerce-LoopProduct-link woocommerce-loop-product__link\"><img loading=\"lazy\" decoding=\"async\" width=\"300\" height=\"300\" src=\"https:\/\/www.omnesbands.international\/wp-content\/uploads\/2023\/01\/Sentimiento-Cofrade-300x300.jpg\" class=\"attachment-woocommerce_thumbnail size-woocommerce_thumbnail\" alt=\"Sentimiento C\u00f3frade\" srcset=\"https:\/\/www.omnesbands.international\/wp-content\/uploads\/2023\/01\/Sentimiento-Cofrade-300x300.jpg 300w, https:\/\/www.omnesbands.international\/wp-content\/uploads\/2023\/01\/Sentimiento-Cofrade-150x150.jpg 150w, https:\/\/www.omnesbands.international\/wp-content\/uploads\/2023\/01\/Sentimiento-Cofrade-100x100.jpg 100w\" sizes=\"auto, (max-width: 300px) 100vw, 300px\" \/><h2 class=\"woocommerce-loop-product__title\">Bruderschaftsgef\u00fchl<\/h2>\n\t<span class=\"price\"><span class=\"woocommerce-Price-amount amount\"><bdi><span class=\"woocommerce-Price-currencySymbol\">&#36;<\/span>25.00<\/bdi><\/span><\/span>\n<\/a><a href=\"\/de\/wp-json\/wp\/v2\/pages\/1742?add-to-cart=978\" aria-describedby=\"woocommerce_loop_add_to_cart_link_describedby_978\" data-quantity=\"1\" class=\"button product_type_simple add_to_cart_button ajax_add_to_cart\" data-product_id=\"978\" data-product_sku=\"SEN-REL-ESP-22\" aria-label=\"Zum Warenkorb hinzuf\u00fcgen: \u201eSentimiento C\u00f3frade\u201c\" rel=\"nofollow\" data-success_message=\"\u201eSentimiento C\u00f3frade\u201c wurde deinem Warenkorb hinzugef\u00fcgt\" role=\"button\" data-no-translation=\"\" data-trp-gettext=\"\" data-no-translation-aria-label=\"\" data-no-translation-data-success_message=\"\">In den Warenkorb<\/a>\t<span id=\"woocommerce_loop_add_to_cart_link_describedby_978\" class=\"screen-reader-text\">\n\t\t\t<\/span>\n<\/li>\n<\/ul>\n<\/div>","protected":false},"excerpt":{"rendered":"<p>JUAN JES\u00daS L\u00d3PEZ SANDOVAL Inici\u00f3 su vocaci\u00f3n musical en el seno de la Asociaci\u00f3n Musical de Calasparra. Comenz\u00f3 sus estudios en el Conservatorio Superior \u00abManuel Massotti Littel\u00bb de Murcia, siguiendo despu\u00e9s su formaci\u00f3n en el Conservatorio Superior Victoria Eugenia de Granada, el Conservatorio Superior de C\u00f3rdoba y el Conservatorio Superior de M\u00e1laga, obteniendo los T\u00edtulos [&hellip;]<\/p>\n","protected":false},"author":4,"featured_media":0,"parent":0,"menu_order":0,"comment_status":"closed","ping_status":"closed","template":"","meta":{"_acf_changed":false,"_uag_custom_page_level_css":"","site-sidebar-layout":"default","site-content-layout":"","ast-site-content-layout":"default","site-content-style":"default","site-sidebar-style":"default","ast-global-header-display":"","ast-banner-title-visibility":"","ast-main-header-display":"","ast-hfb-above-header-display":"","ast-hfb-below-header-display":"","ast-hfb-mobile-header-display":"","site-post-title":"disabled","ast-breadcrumbs-content":"","ast-featured-img":"","footer-sml-layout":"","ast-disable-related-posts":"","theme-transparent-header-meta":"","adv-header-id-meta":"","stick-header-meta":"","header-above-stick-meta":"","header-main-stick-meta":"","header-below-stick-meta":"","astra-migrate-meta-layouts":"default","ast-page-background-enabled":"default","ast-page-background-meta":{"desktop":{"background-color":"","background-image":"","background-repeat":"repeat","background-position":"center center","background-size":"auto","background-attachment":"scroll","background-type":"","background-media":"","overlay-type":"","overlay-color":"","overlay-opacity":"","overlay-gradient":""},"tablet":{"background-color":"","background-image":"","background-repeat":"repeat","background-position":"center center","background-size":"auto","background-attachment":"scroll","background-type":"","background-media":"","overlay-type":"","overlay-color":"","overlay-opacity":"","overlay-gradient":""},"mobile":{"background-color":"","background-image":"","background-repeat":"repeat","background-position":"center center","background-size":"auto","background-attachment":"scroll","background-type":"","background-media":"","overlay-type":"","overlay-color":"","overlay-opacity":"","overlay-gradient":""}},"ast-content-background-meta":{"desktop":{"background-color":"var(--ast-global-color-5)","background-image":"","background-repeat":"repeat","background-position":"center center","background-size":"auto","background-attachment":"scroll","background-type":"","background-media":"","overlay-type":"","overlay-color":"","overlay-opacity":"","overlay-gradient":""},"tablet":{"background-color":"var(--ast-global-color-5)","background-image":"","background-repeat":"repeat","background-position":"center center","background-size":"auto","background-attachment":"scroll","background-type":"","background-media":"","overlay-type":"","overlay-color":"","overlay-opacity":"","overlay-gradient":""},"mobile":{"background-color":"var(--ast-global-color-5)","background-image":"","background-repeat":"repeat","background-position":"center center","background-size":"auto","background-attachment":"scroll","background-type":"","background-media":"","overlay-type":"","overlay-color":"","overlay-opacity":"","overlay-gradient":""}},"footnotes":""},"class_list":["post-1742","page","type-page","status-publish","hentry"],"acf":[],"yoast_head":"<!-- This site is optimized with the Yoast SEO Premium plugin v22.4 (Yoast SEO v27.4) - https:\/\/yoast.com\/product\/yoast-seo-premium-wordpress\/ -->\n<title>JUAN JES\u00daS L\u00d3PEZ SANDOVAL -<\/title>\n<meta name=\"robots\" content=\"index, follow, max-snippet:-1, max-image-preview:large, max-video-preview:-1\" \/>\n<link rel=\"canonical\" href=\"https:\/\/www.omnesbands.international\/de\/juan-jesus-lopez-sandoval-2\/\" \/>\n<meta property=\"og:locale\" content=\"de_DE\" \/>\n<meta property=\"og:type\" content=\"article\" \/>\n<meta property=\"og:title\" content=\"JUAN JES\u00daS L\u00d3PEZ SANDOVAL\" \/>\n<meta property=\"og:description\" content=\"JUAN JES\u00daS L\u00d3PEZ SANDOVAL Inici\u00f3 su vocaci\u00f3n musical en el seno de la Asociaci\u00f3n Musical de Calasparra. Comenz\u00f3 sus estudios en el Conservatorio Superior \u00abManuel Massotti Littel\u00bb de Murcia, siguiendo despu\u00e9s su formaci\u00f3n en el Conservatorio Superior Victoria Eugenia de Granada, el Conservatorio Superior de C\u00f3rdoba y el Conservatorio Superior de M\u00e1laga, obteniendo los T\u00edtulos [&hellip;]\" \/>\n<meta property=\"og:url\" content=\"https:\/\/www.omnesbands.international\/de\/juan-jesus-lopez-sandoval-2\/\" \/>\n<meta property=\"article:modified_time\" content=\"2023-01-29T14:59:08+00:00\" \/>\n<meta property=\"og:image\" content=\"https:\/\/www.omnesbands.international\/wp-content\/uploads\/2023\/01\/music-sheet-music-snowdrop-7107045.jpg\" \/>\n\t<meta property=\"og:image:width\" content=\"1280\" \/>\n\t<meta property=\"og:image:height\" content=\"742\" \/>\n\t<meta property=\"og:image:type\" content=\"image\/jpeg\" \/>\n<meta name=\"twitter:card\" content=\"summary_large_image\" \/>\n<meta name=\"twitter:label1\" content=\"Gesch\u00e4tzte Lesezeit\" \/>\n\t<meta name=\"twitter:data1\" content=\"2\u00a0Minuten\" \/>\n<script type=\"application\/ld+json\" class=\"yoast-schema-graph\">{\"@context\":\"https:\\\/\\\/schema.org\",\"@graph\":[{\"@type\":\"WebPage\",\"@id\":\"https:\\\/\\\/www.omnesbands.international\\\/en\\\/juan-jesus-lopez-sandoval-2\\\/\",\"url\":\"https:\\\/\\\/www.omnesbands.international\\\/en\\\/juan-jesus-lopez-sandoval-2\\\/\",\"name\":\"JUAN JES\u00daS L\u00d3PEZ SANDOVAL -\",\"isPartOf\":{\"@id\":\"https:\\\/\\\/www.omnesbands.international\\\/#website\"},\"datePublished\":\"2023-01-29T14:59:05+00:00\",\"dateModified\":\"2023-01-29T14:59:08+00:00\",\"breadcrumb\":{\"@id\":\"https:\\\/\\\/www.omnesbands.international\\\/en\\\/juan-jesus-lopez-sandoval-2\\\/#breadcrumb\"},\"inLanguage\":\"de\",\"potentialAction\":[{\"@type\":\"ReadAction\",\"target\":[\"https:\\\/\\\/www.omnesbands.international\\\/en\\\/juan-jesus-lopez-sandoval-2\\\/\"]}]},{\"@type\":\"BreadcrumbList\",\"@id\":\"https:\\\/\\\/www.omnesbands.international\\\/en\\\/juan-jesus-lopez-sandoval-2\\\/#breadcrumb\",\"itemListElement\":[{\"@type\":\"ListItem\",\"position\":1,\"name\":\"Portada\",\"item\":\"https:\\\/\\\/www.omnesbands.international\\\/\"},{\"@type\":\"ListItem\",\"position\":2,\"name\":\"JUAN JES\u00daS L\u00d3PEZ SANDOVAL\"}]},{\"@type\":\"WebSite\",\"@id\":\"https:\\\/\\\/www.omnesbands.international\\\/#website\",\"url\":\"https:\\\/\\\/www.omnesbands.international\\\/\",\"name\":\"OMNESBANDS International\",\"description\":\"Partituras Originales de autores y compositores independientes\",\"publisher\":{\"@id\":\"https:\\\/\\\/www.omnesbands.international\\\/#organization\"},\"potentialAction\":[{\"@type\":\"SearchAction\",\"target\":{\"@type\":\"EntryPoint\",\"urlTemplate\":\"https:\\\/\\\/www.omnesbands.international\\\/?s={search_term_string}\"},\"query-input\":{\"@type\":\"PropertyValueSpecification\",\"valueRequired\":true,\"valueName\":\"search_term_string\"}}],\"inLanguage\":\"de\"},{\"@type\":\"Organization\",\"@id\":\"https:\\\/\\\/www.omnesbands.international\\\/#organization\",\"name\":\"Indra Consultores Internacionales\",\"alternateName\":\"Omnesbands\",\"url\":\"https:\\\/\\\/www.omnesbands.international\\\/\",\"logo\":{\"@type\":\"ImageObject\",\"inLanguage\":\"de\",\"@id\":\"https:\\\/\\\/www.omnesbands.international\\\/#\\\/schema\\\/logo\\\/image\\\/\",\"url\":\"https:\\\/\\\/omnesbands.international\\\/wp-content\\\/uploads\\\/2023\\\/06\\\/Logo-Nuevo-.png\",\"contentUrl\":\"https:\\\/\\\/omnesbands.international\\\/wp-content\\\/uploads\\\/2023\\\/06\\\/Logo-Nuevo-.png\",\"width\":394,\"height\":212,\"caption\":\"Indra Consultores Internacionales\"},\"image\":{\"@id\":\"https:\\\/\\\/www.omnesbands.international\\\/#\\\/schema\\\/logo\\\/image\\\/\"}}]}<\/script>\n<!-- \/ Yoast SEO Premium plugin. -->","yoast_head_json":{"title":"JUAN JES\u00daS L\u00d3PEZ SANDOVAL -","robots":{"index":"index","follow":"follow","max-snippet":"max-snippet:-1","max-image-preview":"max-image-preview:large","max-video-preview":"max-video-preview:-1"},"canonical":"https:\/\/www.omnesbands.international\/de\/juan-jesus-lopez-sandoval-2\/","og_locale":"de_DE","og_type":"article","og_title":"JUAN JES\u00daS L\u00d3PEZ SANDOVAL","og_description":"JUAN JES\u00daS L\u00d3PEZ SANDOVAL Inici\u00f3 su vocaci\u00f3n musical en el seno de la Asociaci\u00f3n Musical de Calasparra. Comenz\u00f3 sus estudios en el Conservatorio Superior \u00abManuel Massotti Littel\u00bb de Murcia, siguiendo despu\u00e9s su formaci\u00f3n en el Conservatorio Superior Victoria Eugenia de Granada, el Conservatorio Superior de C\u00f3rdoba y el Conservatorio Superior de M\u00e1laga, obteniendo los T\u00edtulos [&hellip;]","og_url":"https:\/\/www.omnesbands.international\/de\/juan-jesus-lopez-sandoval-2\/","article_modified_time":"2023-01-29T14:59:08+00:00","og_image":[{"width":1280,"height":742,"url":"https:\/\/www.omnesbands.international\/wp-content\/uploads\/2023\/01\/music-sheet-music-snowdrop-7107045.jpg","type":"image\/jpeg"}],"twitter_card":"summary_large_image","twitter_misc":{"Gesch\u00e4tzte Lesezeit":"2\u00a0Minuten"},"schema":{"@context":"https:\/\/schema.org","@graph":[{"@type":"WebPage","@id":"https:\/\/www.omnesbands.international\/en\/juan-jesus-lopez-sandoval-2\/","url":"https:\/\/www.omnesbands.international\/en\/juan-jesus-lopez-sandoval-2\/","name":"JUAN JES\u00daS L\u00d3PEZ SANDOVAL -","isPartOf":{"@id":"https:\/\/www.omnesbands.international\/#website"},"datePublished":"2023-01-29T14:59:05+00:00","dateModified":"2023-01-29T14:59:08+00:00","breadcrumb":{"@id":"https:\/\/www.omnesbands.international\/en\/juan-jesus-lopez-sandoval-2\/#breadcrumb"},"inLanguage":"de","potentialAction":[{"@type":"ReadAction","target":["https:\/\/www.omnesbands.international\/en\/juan-jesus-lopez-sandoval-2\/"]}]},{"@type":"BreadcrumbList","@id":"https:\/\/www.omnesbands.international\/en\/juan-jesus-lopez-sandoval-2\/#breadcrumb","itemListElement":[{"@type":"ListItem","position":1,"name":"Portada","item":"https:\/\/www.omnesbands.international\/"},{"@type":"ListItem","position":2,"name":"JUAN JES\u00daS L\u00d3PEZ SANDOVAL"}]},{"@type":"WebSite","@id":"https:\/\/www.omnesbands.international\/#website","url":"https:\/\/www.omnesbands.international\/","name":"OMNESBANDS International","description":"Original-Noten von unabh\u00e4ngigen Autoren und Komponisten","publisher":{"@id":"https:\/\/www.omnesbands.international\/#organization"},"potentialAction":[{"@type":"SearchAction","target":{"@type":"EntryPoint","urlTemplate":"https:\/\/www.omnesbands.international\/?s={search_term_string}"},"query-input":{"@type":"PropertyValueSpecification","valueRequired":true,"valueName":"search_term_string"}}],"inLanguage":"de"},{"@type":"Organization","@id":"https:\/\/www.omnesbands.international\/#organization","name":"Indra Internationale Berater","alternateName":"Omnesbands","url":"https:\/\/www.omnesbands.international\/","logo":{"@type":"ImageObject","inLanguage":"de","@id":"https:\/\/www.omnesbands.international\/#\/schema\/logo\/image\/","url":"https:\/\/omnesbands.international\/wp-content\/uploads\/2023\/06\/Logo-Nuevo-.png","contentUrl":"https:\/\/omnesbands.international\/wp-content\/uploads\/2023\/06\/Logo-Nuevo-.png","width":394,"height":212,"caption":"Indra Consultores Internacionales"},"image":{"@id":"https:\/\/www.omnesbands.international\/#\/schema\/logo\/image\/"}}]}},"uagb_featured_image_src":{"full":false,"thumbnail":false,"medium":false,"medium_large":false,"large":false,"1536x1536":false,"2048x2048":false,"trp-custom-language-flag":false,"gg_gallery_thumbnail":false,"woocommerce_thumbnail":false,"woocommerce_single":false,"woocommerce_gallery_thumbnail":false},"uagb_author_info":{"display_name":"Melvin R. Portillo A:","author_link":"https:\/\/www.omnesbands.international\/de\/author\/portand\/"},"uagb_comment_info":0,"uagb_excerpt":"JUAN JES\u00daS L\u00d3PEZ SANDOVAL Inici\u00f3 su vocaci\u00f3n musical en el seno de la Asociaci\u00f3n Musical de Calasparra. Comenz\u00f3 sus estudios en el Conservatorio Superior \u00abManuel Massotti Littel\u00bb de Murcia, siguiendo despu\u00e9s su formaci\u00f3n en el Conservatorio Superior Victoria Eugenia de Granada, el Conservatorio Superior de C\u00f3rdoba y el Conservatorio Superior de M\u00e1laga, obteniendo los T\u00edtulos&hellip;","_links":{"self":[{"href":"https:\/\/www.omnesbands.international\/de\/wp-json\/wp\/v2\/pages\/1742","targetHints":{"allow":["GET"]}}],"collection":[{"href":"https:\/\/www.omnesbands.international\/de\/wp-json\/wp\/v2\/pages"}],"about":[{"href":"https:\/\/www.omnesbands.international\/de\/wp-json\/wp\/v2\/types\/page"}],"author":[{"embeddable":true,"href":"https:\/\/www.omnesbands.international\/de\/wp-json\/wp\/v2\/users\/4"}],"replies":[{"embeddable":true,"href":"https:\/\/www.omnesbands.international\/de\/wp-json\/wp\/v2\/comments?post=1742"}],"version-history":[{"count":2,"href":"https:\/\/www.omnesbands.international\/de\/wp-json\/wp\/v2\/pages\/1742\/revisions"}],"predecessor-version":[{"id":1744,"href":"https:\/\/www.omnesbands.international\/de\/wp-json\/wp\/v2\/pages\/1742\/revisions\/1744"}],"wp:attachment":[{"href":"https:\/\/www.omnesbands.international\/de\/wp-json\/wp\/v2\/media?parent=1742"}],"curies":[{"name":"wp","href":"https:\/\/api.w.org\/{rel}","templated":true}]}}