{"id":1745,"date":"2023-01-29T09:11:01","date_gmt":"2023-01-29T15:11:01","guid":{"rendered":"https:\/\/omnesbands.international\/?page_id=1745"},"modified":"2023-01-29T09:11:03","modified_gmt":"2023-01-29T15:11:03","slug":"juan-pellicer-prats-2","status":"publish","type":"page","link":"https:\/\/www.omnesbands.international\/de\/juan-pellicer-prats-2\/","title":{"rendered":"JUAN PELLICER PRATS"},"content":{"rendered":"<div class=\"wp-block-uagb-container uagb-block-71183d76 alignfull uagb-is-root-container\"><div class=\"uagb-container-inner-blocks-wrap\">\n<div class=\"wp-block-uagb-advanced-heading uagb-block-3f4db4a1\"><h1 class=\"uagb-heading-text\"><strong>JUAN PELLICER PRATS<\/strong><\/h1><\/div>\n<\/div><\/div>\n\n\n\n<div class=\"wp-block-uagb-container uagb-block-2d0a365b alignfull uagb-is-root-container\"><div class=\"uagb-container-inner-blocks-wrap\">\n<div class=\"wp-block-uagb-container uagb-block-e64c37be\">\n<p>Geboren in Benicolet. Er begann sein Musikstudium an der Piles Regional School. Er studierte die mittlere Stufe am Konservatorium \u201eLluis Mita\u201c in X\u00e1tiva und die h\u00f6here Stufe in der Fachrichtung Klarinette am Konservatorium \u201eSalvador Segu\u00ed\u201c in Castell\u00f3n. Er erhielt Meisterkurse von Reinhard Wieser. Vincent Alberola. Papa Leister. Sharon Kam. Jean-Louis Sajot. Julian Farrell. Rafael Albert. Carlos Lacruz._ Er studiert Banddirigieren bei Jos\u00e9 Rafael Pascual Vilaplana. Instrumentierung mit Ram\u00f3n Garcia i Soler und Analyse mit Tom\u00e1s Gilabert <\/p>\n<p>Gleichzeitig begann er sein autodidaktisches Kompositionsstudium. widmete sich der Festmusik und der p\u00e4dagogischen Musik. 2011 gewann er den 7. Festmusikwettbewerb Fasces Cerda de l&#039;011eria mit dem maurischen Marsch Maktub en el zo, einem Finalisten beim I Pasdobles Falleros-Wettbewerb von X\u00e1tiva. im Zoig Finalist beim festlichen Musikwettbewerb von Barcelona und 2020 Finalist beim III. Mutxamel-festlichen Musikwettbewerb. Derzeit ist er Professor am Agusti Serra Institute in Sabadell. Klarinette und Sprachlehrerin. Direktor der Jalonense Musical Association Band und stellvertretender Direktor und Mitglied der Musikgesellschaft La Lira de Quatretonda.<\/p>\n<\/div>\n<\/div><\/div>\n\n\n<div class=\"woocommerce columns-4\"><\/div>","protected":false},"excerpt":{"rendered":"<p>JUAN PELLICER PRATS Nace en Benicolet. Inicia sus estudios musicales en la escuela Comarcal de Piles. Estudia el grado medio en el conservatorio &#8216;Lluis Mita&#8221; de X\u00e1tiva y el superior en la especialidad de clarinete en el Conservatorio Superior &#8220;Salvador Segu\u00ed&#8217; de Castell\u00f3n. Ha recibido clases magistrales de Reinhard Wieser. Vicent Alberola. dad Leister. Sharon [&hellip;]<\/p>\n","protected":false},"author":4,"featured_media":0,"parent":0,"menu_order":0,"comment_status":"closed","ping_status":"closed","template":"","meta":{"_acf_changed":false,"_uag_custom_page_level_css":"","site-sidebar-layout":"default","site-content-layout":"","ast-site-content-layout":"default","site-content-style":"default","site-sidebar-style":"default","ast-global-header-display":"","ast-banner-title-visibility":"","ast-main-header-display":"","ast-hfb-above-header-display":"","ast-hfb-below-header-display":"","ast-hfb-mobile-header-display":"","site-post-title":"disabled","ast-breadcrumbs-content":"","ast-featured-img":"","footer-sml-layout":"","ast-disable-related-posts":"","theme-transparent-header-meta":"","adv-header-id-meta":"","stick-header-meta":"","header-above-stick-meta":"","header-main-stick-meta":"","header-below-stick-meta":"","astra-migrate-meta-layouts":"default","ast-page-background-enabled":"default","ast-page-background-meta":{"desktop":{"background-color":"","background-image":"","background-repeat":"repeat","background-position":"center center","background-size":"auto","background-attachment":"scroll","background-type":"","background-media":"","overlay-type":"","overlay-color":"","overlay-opacity":"","overlay-gradient":""},"tablet":{"background-color":"","background-image":"","background-repeat":"repeat","background-position":"center center","background-size":"auto","background-attachment":"scroll","background-type":"","background-media":"","overlay-type":"","overlay-color":"","overlay-opacity":"","overlay-gradient":""},"mobile":{"background-color":"","background-image":"","background-repeat":"repeat","background-position":"center center","background-size":"auto","background-attachment":"scroll","background-type":"","background-media":"","overlay-type":"","overlay-color":"","overlay-opacity":"","overlay-gradient":""}},"ast-content-background-meta":{"desktop":{"background-color":"var(--ast-global-color-5)","background-image":"","background-repeat":"repeat","background-position":"center center","background-size":"auto","background-attachment":"scroll","background-type":"","background-media":"","overlay-type":"","overlay-color":"","overlay-opacity":"","overlay-gradient":""},"tablet":{"background-color":"var(--ast-global-color-5)","background-image":"","background-repeat":"repeat","background-position":"center center","background-size":"auto","background-attachment":"scroll","background-type":"","background-media":"","overlay-type":"","overlay-color":"","overlay-opacity":"","overlay-gradient":""},"mobile":{"background-color":"var(--ast-global-color-5)","background-image":"","background-repeat":"repeat","background-position":"center center","background-size":"auto","background-attachment":"scroll","background-type":"","background-media":"","overlay-type":"","overlay-color":"","overlay-opacity":"","overlay-gradient":""}},"footnotes":""},"class_list":["post-1745","page","type-page","status-publish","hentry"],"acf":[],"yoast_head":"<!-- This site is optimized with the Yoast SEO Premium plugin v22.4 (Yoast SEO v27.4) - https:\/\/yoast.com\/product\/yoast-seo-premium-wordpress\/ -->\n<title>JUAN PELLICER PRATS -<\/title>\n<meta name=\"robots\" content=\"index, follow, max-snippet:-1, max-image-preview:large, max-video-preview:-1\" \/>\n<link rel=\"canonical\" href=\"https:\/\/www.omnesbands.international\/de\/juan-pellicer-prats-2\/\" \/>\n<meta property=\"og:locale\" content=\"de_DE\" \/>\n<meta property=\"og:type\" content=\"article\" \/>\n<meta property=\"og:title\" content=\"JUAN PELLICER PRATS\" \/>\n<meta property=\"og:description\" content=\"JUAN PELLICER PRATS Nace en Benicolet. Inicia sus estudios musicales en la escuela Comarcal de Piles. Estudia el grado medio en el conservatorio &#8216;Lluis Mita&#8221; de X\u00e1tiva y el superior en la especialidad de clarinete en el Conservatorio Superior &#8220;Salvador Segu\u00ed&#8217; de Castell\u00f3n. Ha recibido clases magistrales de Reinhard Wieser. Vicent Alberola. dad Leister. Sharon [&hellip;]\" \/>\n<meta property=\"og:url\" content=\"https:\/\/www.omnesbands.international\/de\/juan-pellicer-prats-2\/\" \/>\n<meta property=\"article:modified_time\" content=\"2023-01-29T15:11:03+00:00\" \/>\n<meta property=\"og:image\" content=\"https:\/\/www.omnesbands.international\/wp-content\/uploads\/2023\/01\/music-sheet-music-snowdrop-7107045.jpg\" \/>\n\t<meta property=\"og:image:width\" content=\"1280\" \/>\n\t<meta property=\"og:image:height\" content=\"742\" \/>\n\t<meta property=\"og:image:type\" content=\"image\/jpeg\" \/>\n<meta name=\"twitter:card\" content=\"summary_large_image\" \/>\n<meta name=\"twitter:label1\" content=\"Gesch\u00e4tzte Lesezeit\" \/>\n\t<meta name=\"twitter:data1\" content=\"1\u00a0Minute\" \/>\n<script type=\"application\/ld+json\" class=\"yoast-schema-graph\">{\"@context\":\"https:\\\/\\\/schema.org\",\"@graph\":[{\"@type\":\"WebPage\",\"@id\":\"https:\\\/\\\/www.omnesbands.international\\\/ja\\\/juan-pellicer-prats-2\\\/\",\"url\":\"https:\\\/\\\/www.omnesbands.international\\\/ja\\\/juan-pellicer-prats-2\\\/\",\"name\":\"JUAN PELLICER PRATS -\",\"isPartOf\":{\"@id\":\"https:\\\/\\\/www.omnesbands.international\\\/#website\"},\"datePublished\":\"2023-01-29T15:11:01+00:00\",\"dateModified\":\"2023-01-29T15:11:03+00:00\",\"breadcrumb\":{\"@id\":\"https:\\\/\\\/www.omnesbands.international\\\/ja\\\/juan-pellicer-prats-2\\\/#breadcrumb\"},\"inLanguage\":\"de\",\"potentialAction\":[{\"@type\":\"ReadAction\",\"target\":[\"https:\\\/\\\/www.omnesbands.international\\\/ja\\\/juan-pellicer-prats-2\\\/\"]}]},{\"@type\":\"BreadcrumbList\",\"@id\":\"https:\\\/\\\/www.omnesbands.international\\\/ja\\\/juan-pellicer-prats-2\\\/#breadcrumb\",\"itemListElement\":[{\"@type\":\"ListItem\",\"position\":1,\"name\":\"Portada\",\"item\":\"https:\\\/\\\/www.omnesbands.international\\\/\"},{\"@type\":\"ListItem\",\"position\":2,\"name\":\"JUAN PELLICER PRATS\"}]},{\"@type\":\"WebSite\",\"@id\":\"https:\\\/\\\/www.omnesbands.international\\\/#website\",\"url\":\"https:\\\/\\\/www.omnesbands.international\\\/\",\"name\":\"OMNESBANDS International\",\"description\":\"Partituras Originales de autores y compositores independientes\",\"publisher\":{\"@id\":\"https:\\\/\\\/www.omnesbands.international\\\/#organization\"},\"potentialAction\":[{\"@type\":\"SearchAction\",\"target\":{\"@type\":\"EntryPoint\",\"urlTemplate\":\"https:\\\/\\\/www.omnesbands.international\\\/?s={search_term_string}\"},\"query-input\":{\"@type\":\"PropertyValueSpecification\",\"valueRequired\":true,\"valueName\":\"search_term_string\"}}],\"inLanguage\":\"de\"},{\"@type\":\"Organization\",\"@id\":\"https:\\\/\\\/www.omnesbands.international\\\/#organization\",\"name\":\"Indra Consultores Internacionales\",\"alternateName\":\"Omnesbands\",\"url\":\"https:\\\/\\\/www.omnesbands.international\\\/\",\"logo\":{\"@type\":\"ImageObject\",\"inLanguage\":\"de\",\"@id\":\"https:\\\/\\\/www.omnesbands.international\\\/#\\\/schema\\\/logo\\\/image\\\/\",\"url\":\"https:\\\/\\\/omnesbands.international\\\/wp-content\\\/uploads\\\/2023\\\/06\\\/Logo-Nuevo-.png\",\"contentUrl\":\"https:\\\/\\\/omnesbands.international\\\/wp-content\\\/uploads\\\/2023\\\/06\\\/Logo-Nuevo-.png\",\"width\":394,\"height\":212,\"caption\":\"Indra Consultores Internacionales\"},\"image\":{\"@id\":\"https:\\\/\\\/www.omnesbands.international\\\/#\\\/schema\\\/logo\\\/image\\\/\"}}]}<\/script>\n<!-- \/ Yoast SEO Premium plugin. -->","yoast_head_json":{"title":"JUAN PELLICER PRATS -","robots":{"index":"index","follow":"follow","max-snippet":"max-snippet:-1","max-image-preview":"max-image-preview:large","max-video-preview":"max-video-preview:-1"},"canonical":"https:\/\/www.omnesbands.international\/de\/juan-pellicer-prats-2\/","og_locale":"de_DE","og_type":"article","og_title":"JUAN PELLICER PRATS","og_description":"JUAN PELLICER PRATS Nace en Benicolet. Inicia sus estudios musicales en la escuela Comarcal de Piles. Estudia el grado medio en el conservatorio &#8216;Lluis Mita&#8221; de X\u00e1tiva y el superior en la especialidad de clarinete en el Conservatorio Superior &#8220;Salvador Segu\u00ed&#8217; de Castell\u00f3n. Ha recibido clases magistrales de Reinhard Wieser. Vicent Alberola. dad Leister. Sharon [&hellip;]","og_url":"https:\/\/www.omnesbands.international\/de\/juan-pellicer-prats-2\/","article_modified_time":"2023-01-29T15:11:03+00:00","og_image":[{"width":1280,"height":742,"url":"https:\/\/www.omnesbands.international\/wp-content\/uploads\/2023\/01\/music-sheet-music-snowdrop-7107045.jpg","type":"image\/jpeg"}],"twitter_card":"summary_large_image","twitter_misc":{"Gesch\u00e4tzte Lesezeit":"1\u00a0Minute"},"schema":{"@context":"https:\/\/schema.org","@graph":[{"@type":"WebPage","@id":"https:\/\/www.omnesbands.international\/ja\/juan-pellicer-prats-2\/","url":"https:\/\/www.omnesbands.international\/ja\/juan-pellicer-prats-2\/","name":"JUAN PELLICER PRATS -","isPartOf":{"@id":"https:\/\/www.omnesbands.international\/#website"},"datePublished":"2023-01-29T15:11:01+00:00","dateModified":"2023-01-29T15:11:03+00:00","breadcrumb":{"@id":"https:\/\/www.omnesbands.international\/ja\/juan-pellicer-prats-2\/#breadcrumb"},"inLanguage":"de","potentialAction":[{"@type":"ReadAction","target":["https:\/\/www.omnesbands.international\/ja\/juan-pellicer-prats-2\/"]}]},{"@type":"BreadcrumbList","@id":"https:\/\/www.omnesbands.international\/ja\/juan-pellicer-prats-2\/#breadcrumb","itemListElement":[{"@type":"ListItem","position":1,"name":"Portada","item":"https:\/\/www.omnesbands.international\/"},{"@type":"ListItem","position":2,"name":"JUAN PELLICER PRATS"}]},{"@type":"WebSite","@id":"https:\/\/www.omnesbands.international\/#website","url":"https:\/\/www.omnesbands.international\/","name":"OMNESBANDS International","description":"Original-Noten von unabh\u00e4ngigen Autoren und Komponisten","publisher":{"@id":"https:\/\/www.omnesbands.international\/#organization"},"potentialAction":[{"@type":"SearchAction","target":{"@type":"EntryPoint","urlTemplate":"https:\/\/www.omnesbands.international\/?s={search_term_string}"},"query-input":{"@type":"PropertyValueSpecification","valueRequired":true,"valueName":"search_term_string"}}],"inLanguage":"de"},{"@type":"Organization","@id":"https:\/\/www.omnesbands.international\/#organization","name":"Indra Internationale Berater","alternateName":"Omnesbands","url":"https:\/\/www.omnesbands.international\/","logo":{"@type":"ImageObject","inLanguage":"de","@id":"https:\/\/www.omnesbands.international\/#\/schema\/logo\/image\/","url":"https:\/\/omnesbands.international\/wp-content\/uploads\/2023\/06\/Logo-Nuevo-.png","contentUrl":"https:\/\/omnesbands.international\/wp-content\/uploads\/2023\/06\/Logo-Nuevo-.png","width":394,"height":212,"caption":"Indra Consultores Internacionales"},"image":{"@id":"https:\/\/www.omnesbands.international\/#\/schema\/logo\/image\/"}}]}},"uagb_featured_image_src":{"full":false,"thumbnail":false,"medium":false,"medium_large":false,"large":false,"1536x1536":false,"2048x2048":false,"trp-custom-language-flag":false,"gg_gallery_thumbnail":false,"woocommerce_thumbnail":false,"woocommerce_single":false,"woocommerce_gallery_thumbnail":false},"uagb_author_info":{"display_name":"Melvin R. Portillo A:","author_link":"https:\/\/www.omnesbands.international\/de\/author\/portand\/"},"uagb_comment_info":0,"uagb_excerpt":"JUAN PELLICER PRATS Nace en Benicolet. Inicia sus estudios musicales en la escuela Comarcal de Piles. Estudia el grado medio en el conservatorio &#8216;Lluis Mita&#8221; de X\u00e1tiva y el superior en la especialidad de clarinete en el Conservatorio Superior &#8220;Salvador Segu\u00ed&#8217; de Castell\u00f3n. Ha recibido clases magistrales de Reinhard Wieser. Vicent Alberola. dad Leister. Sharon&hellip;","_links":{"self":[{"href":"https:\/\/www.omnesbands.international\/de\/wp-json\/wp\/v2\/pages\/1745","targetHints":{"allow":["GET"]}}],"collection":[{"href":"https:\/\/www.omnesbands.international\/de\/wp-json\/wp\/v2\/pages"}],"about":[{"href":"https:\/\/www.omnesbands.international\/de\/wp-json\/wp\/v2\/types\/page"}],"author":[{"embeddable":true,"href":"https:\/\/www.omnesbands.international\/de\/wp-json\/wp\/v2\/users\/4"}],"replies":[{"embeddable":true,"href":"https:\/\/www.omnesbands.international\/de\/wp-json\/wp\/v2\/comments?post=1745"}],"version-history":[{"count":1,"href":"https:\/\/www.omnesbands.international\/de\/wp-json\/wp\/v2\/pages\/1745\/revisions"}],"predecessor-version":[{"id":1746,"href":"https:\/\/www.omnesbands.international\/de\/wp-json\/wp\/v2\/pages\/1745\/revisions\/1746"}],"wp:attachment":[{"href":"https:\/\/www.omnesbands.international\/de\/wp-json\/wp\/v2\/media?parent=1745"}],"curies":[{"name":"wp","href":"https:\/\/api.w.org\/{rel}","templated":true}]}}