{"id":1749,"date":"2023-01-29T09:21:07","date_gmt":"2023-01-29T15:21:07","guid":{"rendered":"https:\/\/omnesbands.international\/?page_id=1749"},"modified":"2023-01-29T09:21:47","modified_gmt":"2023-01-29T15:21:47","slug":"mario-roig-vila-2","status":"publish","type":"page","link":"https:\/\/www.omnesbands.international\/de\/mario-roig-vila-2\/","title":{"rendered":"MARIO ROIG VILA"},"content":{"rendered":"<div class=\"wp-block-uagb-container uagb-block-b895b26b alignfull uagb-is-root-container\"><div class=\"uagb-container-inner-blocks-wrap\">\n<div class=\"wp-block-uagb-advanced-heading uagb-block-0e2f56e9\"><h1 class=\"uagb-heading-text\"><strong>MARIO ROIG VILA<\/strong><\/h1><\/div>\n<\/div><\/div>\n\n\n\n<div class=\"wp-block-uagb-container uagb-block-18725e14 alignfull uagb-is-root-container\"><div class=\"uagb-container-inner-blocks-wrap\">\n<div class=\"wp-block-uagb-container uagb-block-49e4caaf\">\n<p>Er wurde am 26. Juni 1972 in Albaida (Valencia) geboren, ist Professor f\u00fcr Posaune und Komposition und hat ein Diplom in Banddirigieren vom Associated Board der Royal School of Music.<\/p>\n<p>Er begann sein Musikstudium an der Uni\u00f3n Musical de Albaida \u201eLAranya\u201c mit Schlagzeug und begann mit der Posaune bei Alexandre Cerd\u00e0 Belda. Im Alter von 19 Jahren begann er ein Grundstudium der Posaune am Ontinyent Professional Conservatory bei Francisco N\u00e1jera Perona, bei dem er den Abschlusspreis erhielt. Von dort wechselte er an das Manuel Massotti Littel Konservatorium f\u00fcr Musik in Murcia. Er kombiniert all diese Studien mit der Arbeit als M\u00f6belmonteur in der Firma \u201eCURVASA MUEBLES\u201c. In Murcia schloss er sein Posaunenlehrer-Studium bei Mario Calvo Ponce ab und widmete sich anschlie\u00dfend beruflich der Musik.<br>Sein Lernprozess ist seit mehr als drei\u00dfig Jahren kontinuierlich, nachdem er Dirigierkurse bei Franco Cesarini, Ferrer Ferran, Jos\u00e9 R. Pacual Vilaplana und Instrumentierung bei Ramon Garcia i Soler und Oscar Navarro absolviert hat. Er hat an Arrangementkursen in Berklee \u2013 Valencia teilgenommen. Er nahm an unz\u00e4hligen Trainingskursen mit Enrique Ferrando, J. Bautista Abad, Mario Calvo, Ricardo Casero und Carlos Gil teil.<\/p>\n<p>Im Lehrbereich war er als Oberschullehrer der Salesianer Juan XXIII de Alcoy und Posaunenlehrer in Aielo de Malferit, Albaida, Alfarras\u00ed, B\u00e9lgida, Bocairent, Montaverner und Cocentaina t\u00e4tig und war von 2002 bis 2002 Direktor der st\u00e4dtischen Schule Albaida 2011.<br>In der Welt der Komposition gibt es mehr als f\u00fcnfzig Werke, die den Katalog bilden und sowohl in Konzerten als auch bei Paraden bei den Mauren- und Christenfesten aufgef\u00fchrt werden: Tabal y Sarag\u00fcells, Teresa Silvestre, Cerd\u00e0 Franc\u00e9s, Bandolera, Adri\u00e0 und viele andere Er hat ein Konzert f\u00fcr Soloposaune und Orchester komponiert, das vom Orquesta Joven de Sodre in Uruguay uraufgef\u00fchrt wurde, sowie Kammermusikst\u00fccke, eine Gruppe von Dulzainas, f\u00fcr die er zahlreiche Auszeichnungen erhielt. Er war verantwortlich f\u00fcr die Komposition des Pflichtwerks beim XXIX. Elda Moors and Christians Music Contest im Jahr 2014 mit dem Mora-Marsch \u201eMORO DE PLATA\u201c.<\/p>\n<p>Er wurde eingeladen, seine Werke f\u00fcr zahlreiche Bands zu dirigieren sowie an Wettbewerben und Kompositionswettbewerben teilzunehmen. Als Regisseur hat er ein Dutzend Kompaktd\u00e4mme aufgenommen: A Year of Bandera (2009), Del Morero al Frang\u00ed (2010), CD 1 \u201eLOS BUERTOS: MUCH HISTORY, MUCH MUSIC\u201c (2011), Fil\u00e0 Cids \u2013 (2012), \u201eLeyenda\u201c von Fco. Valor Llorens \u2013 (2014), BENJAMA AT PARTIES \u2013 (2018).<br>Er war Chefdirigent der Uni\u00f3n Musical de Atzeneta (2004-2008), der Banda Instructiva Musical de Alfarras\u00ed (2005-2008) und der Dulzainas- und Percussion-Gruppe \u201eLa Aleaci\u00f3n de Ontinyent\u201c (2004-2008), in der sie t\u00e4tig waren den 1. Preis beim Altea-Wettbewerb (2006) und den 2. Preis beim Manises-Wettbewerb (2007), in der Gruppe der Dulzaineros und Percussion von Muro \u201eLa Xafig\u00e0\u201c, der Uni\u00f3n Musical Contestana de Cocentaina (2008-2015). , mit mit dem er den ersten Preis beim \u201eX CERTAMEN DE M\u00daSICA FESTERA DE ALTEA LA VELLA\u201c 2013 und den Preis f\u00fcr die beste Parade beim LXVIII. Nationalen Wettbewerb f\u00fcr Musikkapellen \u201eCiudad de Cullera\u201c 2015 und der Musikgesellschaft la Alianza de Mutxamel (2016) gewann -2020) Er ist Posaunenlehrer und Studienleiter am st\u00e4dtischen professionellen Musikkonservatorium von Albaida. Er ist Chefdirigent der Musikgesellschaft La Paz de Beneixama.<\/p>\n<\/div>\n<\/div><\/div>\n\n\n<div class=\"woocommerce columns-4\"><ul class=\"products columns-4\">\n<li class=\"desktop-align-left tablet-align-left mobile-align-left ast-product-gallery-layout-horizontal-slider product type-product post-1059 status-publish first instock product_cat-musica-de-calle product_tag-mario-roig-vila has-post-thumbnail downloadable virtual taxable purchasable product-type-simple\">\n\t<a href=\"https:\/\/www.omnesbands.international\/de\/produkt\/arali\/\" class=\"woocommerce-LoopProduct-link woocommerce-loop-product__link\"><img loading=\"lazy\" decoding=\"async\" width=\"300\" height=\"300\" src=\"https:\/\/www.omnesbands.international\/wp-content\/uploads\/2023\/01\/Arali-300x300.jpg\" class=\"attachment-woocommerce_thumbnail size-woocommerce_thumbnail\" alt=\"Aral\u00ed\" srcset=\"https:\/\/www.omnesbands.international\/wp-content\/uploads\/2023\/01\/Arali-300x300.jpg 300w, https:\/\/www.omnesbands.international\/wp-content\/uploads\/2023\/01\/Arali-150x150.jpg 150w, https:\/\/www.omnesbands.international\/wp-content\/uploads\/2023\/01\/Arali-100x100.jpg 100w\" sizes=\"auto, (max-width: 300px) 100vw, 300px\" \/><h2 class=\"woocommerce-loop-product__title\">Arali<\/h2>\n\t<span class=\"price\"><span class=\"woocommerce-Price-amount amount\"><bdi><span class=\"woocommerce-Price-currencySymbol\">&#36;<\/span>30.00<\/bdi><\/span><\/span>\n<\/a><a href=\"\/de\/wp-json\/wp\/v2\/pages\/1749?add-to-cart=1059\" aria-describedby=\"woocommerce_loop_add_to_cart_link_describedby_1059\" data-quantity=\"1\" class=\"button product_type_simple add_to_cart_button ajax_add_to_cart\" data-product_id=\"1059\" data-product_sku=\"ARL-CAL-ESP-22\" aria-label=\"Zum Warenkorb hinzuf\u00fcgen: \u201eAral\u00ed\u201c\" rel=\"nofollow\" data-success_message=\"\u201eAral\u00ed\u201c wurde deinem Warenkorb hinzugef\u00fcgt\" role=\"button\" data-no-translation=\"\" data-trp-gettext=\"\" data-no-translation-aria-label=\"\" data-no-translation-data-success_message=\"\">In den Warenkorb<\/a>\t<span id=\"woocommerce_loop_add_to_cart_link_describedby_1059\" class=\"screen-reader-text\">\n\t\t\t<\/span>\n<\/li>\n<\/ul>\n<\/div>","protected":false},"excerpt":{"rendered":"<p>MARIO ROIG VILA Nace en Albaida (Valencia) el 26 de junio de 1972, es profesor superior en la especialidad de tromb\u00f3n y de composici\u00f3n, es diplomado en direcci\u00f3n de banda por The Associeated Board Of The Royal School Of Music. Inicia sus estudios musicales en la Uni\u00f3n Musical de Albaida \u201cLAranya\u201d con la percusi\u00f3n y [&hellip;]<\/p>\n","protected":false},"author":4,"featured_media":0,"parent":0,"menu_order":0,"comment_status":"closed","ping_status":"closed","template":"","meta":{"_acf_changed":false,"_uag_custom_page_level_css":"","site-sidebar-layout":"default","site-content-layout":"","ast-site-content-layout":"default","site-content-style":"default","site-sidebar-style":"default","ast-global-header-display":"","ast-banner-title-visibility":"","ast-main-header-display":"","ast-hfb-above-header-display":"","ast-hfb-below-header-display":"","ast-hfb-mobile-header-display":"","site-post-title":"disabled","ast-breadcrumbs-content":"","ast-featured-img":"","footer-sml-layout":"","ast-disable-related-posts":"","theme-transparent-header-meta":"","adv-header-id-meta":"","stick-header-meta":"","header-above-stick-meta":"","header-main-stick-meta":"","header-below-stick-meta":"","astra-migrate-meta-layouts":"default","ast-page-background-enabled":"default","ast-page-background-meta":{"desktop":{"background-color":"","background-image":"","background-repeat":"repeat","background-position":"center center","background-size":"auto","background-attachment":"scroll","background-type":"","background-media":"","overlay-type":"","overlay-color":"","overlay-opacity":"","overlay-gradient":""},"tablet":{"background-color":"","background-image":"","background-repeat":"repeat","background-position":"center center","background-size":"auto","background-attachment":"scroll","background-type":"","background-media":"","overlay-type":"","overlay-color":"","overlay-opacity":"","overlay-gradient":""},"mobile":{"background-color":"","background-image":"","background-repeat":"repeat","background-position":"center center","background-size":"auto","background-attachment":"scroll","background-type":"","background-media":"","overlay-type":"","overlay-color":"","overlay-opacity":"","overlay-gradient":""}},"ast-content-background-meta":{"desktop":{"background-color":"var(--ast-global-color-5)","background-image":"","background-repeat":"repeat","background-position":"center center","background-size":"auto","background-attachment":"scroll","background-type":"","background-media":"","overlay-type":"","overlay-color":"","overlay-opacity":"","overlay-gradient":""},"tablet":{"background-color":"var(--ast-global-color-5)","background-image":"","background-repeat":"repeat","background-position":"center center","background-size":"auto","background-attachment":"scroll","background-type":"","background-media":"","overlay-type":"","overlay-color":"","overlay-opacity":"","overlay-gradient":""},"mobile":{"background-color":"var(--ast-global-color-5)","background-image":"","background-repeat":"repeat","background-position":"center center","background-size":"auto","background-attachment":"scroll","background-type":"","background-media":"","overlay-type":"","overlay-color":"","overlay-opacity":"","overlay-gradient":""}},"footnotes":""},"class_list":["post-1749","page","type-page","status-publish","hentry"],"acf":[],"yoast_head":"<!-- This site is optimized with the Yoast SEO Premium plugin v22.4 (Yoast SEO v27.4) - https:\/\/yoast.com\/product\/yoast-seo-premium-wordpress\/ -->\n<title>MARIO ROIG VILA -<\/title>\n<meta name=\"robots\" content=\"index, follow, max-snippet:-1, max-image-preview:large, max-video-preview:-1\" \/>\n<link rel=\"canonical\" href=\"https:\/\/www.omnesbands.international\/de\/mario-roig-vila-2\/\" \/>\n<meta property=\"og:locale\" content=\"de_DE\" \/>\n<meta property=\"og:type\" content=\"article\" \/>\n<meta property=\"og:title\" content=\"MARIO ROIG VILA\" \/>\n<meta property=\"og:description\" content=\"MARIO ROIG VILA Nace en Albaida (Valencia) el 26 de junio de 1972, es profesor superior en la especialidad de tromb\u00f3n y de composici\u00f3n, es diplomado en direcci\u00f3n de banda por The Associeated Board Of The Royal School Of Music. Inicia sus estudios musicales en la Uni\u00f3n Musical de Albaida \u201cLAranya\u201d con la percusi\u00f3n y [&hellip;]\" \/>\n<meta property=\"og:url\" content=\"https:\/\/www.omnesbands.international\/de\/mario-roig-vila-2\/\" \/>\n<meta property=\"article:modified_time\" content=\"2023-01-29T15:21:47+00:00\" \/>\n<meta property=\"og:image\" content=\"https:\/\/www.omnesbands.international\/wp-content\/uploads\/2023\/01\/music-sheet-music-snowdrop-7107045.jpg\" \/>\n\t<meta property=\"og:image:width\" content=\"1280\" \/>\n\t<meta property=\"og:image:height\" content=\"742\" \/>\n\t<meta property=\"og:image:type\" content=\"image\/jpeg\" \/>\n<meta name=\"twitter:card\" content=\"summary_large_image\" \/>\n<meta name=\"twitter:label1\" content=\"Gesch\u00e4tzte Lesezeit\" \/>\n\t<meta name=\"twitter:data1\" content=\"3\u00a0Minuten\" \/>\n<script type=\"application\/ld+json\" class=\"yoast-schema-graph\">{\"@context\":\"https:\\\/\\\/schema.org\",\"@graph\":[{\"@type\":\"WebPage\",\"@id\":\"https:\\\/\\\/www.omnesbands.international\\\/mario-roig-vila-2\\\/\",\"url\":\"https:\\\/\\\/www.omnesbands.international\\\/mario-roig-vila-2\\\/\",\"name\":\"MARIO ROIG VILA -\",\"isPartOf\":{\"@id\":\"https:\\\/\\\/www.omnesbands.international\\\/#website\"},\"datePublished\":\"2023-01-29T15:21:07+00:00\",\"dateModified\":\"2023-01-29T15:21:47+00:00\",\"breadcrumb\":{\"@id\":\"https:\\\/\\\/www.omnesbands.international\\\/mario-roig-vila-2\\\/#breadcrumb\"},\"inLanguage\":\"de\",\"potentialAction\":[{\"@type\":\"ReadAction\",\"target\":[\"https:\\\/\\\/www.omnesbands.international\\\/mario-roig-vila-2\\\/\"]}]},{\"@type\":\"BreadcrumbList\",\"@id\":\"https:\\\/\\\/www.omnesbands.international\\\/mario-roig-vila-2\\\/#breadcrumb\",\"itemListElement\":[{\"@type\":\"ListItem\",\"position\":1,\"name\":\"Portada\",\"item\":\"https:\\\/\\\/www.omnesbands.international\\\/\"},{\"@type\":\"ListItem\",\"position\":2,\"name\":\"MARIO ROIG VILA\"}]},{\"@type\":\"WebSite\",\"@id\":\"https:\\\/\\\/www.omnesbands.international\\\/#website\",\"url\":\"https:\\\/\\\/www.omnesbands.international\\\/\",\"name\":\"OMNESBANDS International\",\"description\":\"Partituras Originales de autores y compositores independientes\",\"publisher\":{\"@id\":\"https:\\\/\\\/www.omnesbands.international\\\/#organization\"},\"potentialAction\":[{\"@type\":\"SearchAction\",\"target\":{\"@type\":\"EntryPoint\",\"urlTemplate\":\"https:\\\/\\\/www.omnesbands.international\\\/?s={search_term_string}\"},\"query-input\":{\"@type\":\"PropertyValueSpecification\",\"valueRequired\":true,\"valueName\":\"search_term_string\"}}],\"inLanguage\":\"de\"},{\"@type\":\"Organization\",\"@id\":\"https:\\\/\\\/www.omnesbands.international\\\/#organization\",\"name\":\"Indra Consultores Internacionales\",\"alternateName\":\"Omnesbands\",\"url\":\"https:\\\/\\\/www.omnesbands.international\\\/\",\"logo\":{\"@type\":\"ImageObject\",\"inLanguage\":\"de\",\"@id\":\"https:\\\/\\\/www.omnesbands.international\\\/#\\\/schema\\\/logo\\\/image\\\/\",\"url\":\"https:\\\/\\\/omnesbands.international\\\/wp-content\\\/uploads\\\/2023\\\/06\\\/Logo-Nuevo-.png\",\"contentUrl\":\"https:\\\/\\\/omnesbands.international\\\/wp-content\\\/uploads\\\/2023\\\/06\\\/Logo-Nuevo-.png\",\"width\":394,\"height\":212,\"caption\":\"Indra Consultores Internacionales\"},\"image\":{\"@id\":\"https:\\\/\\\/www.omnesbands.international\\\/#\\\/schema\\\/logo\\\/image\\\/\"}}]}<\/script>\n<!-- \/ Yoast SEO Premium plugin. -->","yoast_head_json":{"title":"MARIO ROIG VILA -","robots":{"index":"index","follow":"follow","max-snippet":"max-snippet:-1","max-image-preview":"max-image-preview:large","max-video-preview":"max-video-preview:-1"},"canonical":"https:\/\/www.omnesbands.international\/de\/mario-roig-vila-2\/","og_locale":"de_DE","og_type":"article","og_title":"MARIO ROIG VILA","og_description":"MARIO ROIG VILA Nace en Albaida (Valencia) el 26 de junio de 1972, es profesor superior en la especialidad de tromb\u00f3n y de composici\u00f3n, es diplomado en direcci\u00f3n de banda por The Associeated Board Of The Royal School Of Music. Inicia sus estudios musicales en la Uni\u00f3n Musical de Albaida \u201cLAranya\u201d con la percusi\u00f3n y [&hellip;]","og_url":"https:\/\/www.omnesbands.international\/de\/mario-roig-vila-2\/","article_modified_time":"2023-01-29T15:21:47+00:00","og_image":[{"width":1280,"height":742,"url":"https:\/\/www.omnesbands.international\/wp-content\/uploads\/2023\/01\/music-sheet-music-snowdrop-7107045.jpg","type":"image\/jpeg"}],"twitter_card":"summary_large_image","twitter_misc":{"Gesch\u00e4tzte Lesezeit":"3\u00a0Minuten"},"schema":{"@context":"https:\/\/schema.org","@graph":[{"@type":"WebPage","@id":"https:\/\/www.omnesbands.international\/mario-roig-vila-2\/","url":"https:\/\/www.omnesbands.international\/mario-roig-vila-2\/","name":"MARIO ROIG VILA -","isPartOf":{"@id":"https:\/\/www.omnesbands.international\/#website"},"datePublished":"2023-01-29T15:21:07+00:00","dateModified":"2023-01-29T15:21:47+00:00","breadcrumb":{"@id":"https:\/\/www.omnesbands.international\/mario-roig-vila-2\/#breadcrumb"},"inLanguage":"de","potentialAction":[{"@type":"ReadAction","target":["https:\/\/www.omnesbands.international\/mario-roig-vila-2\/"]}]},{"@type":"BreadcrumbList","@id":"https:\/\/www.omnesbands.international\/mario-roig-vila-2\/#breadcrumb","itemListElement":[{"@type":"ListItem","position":1,"name":"Portada","item":"https:\/\/www.omnesbands.international\/"},{"@type":"ListItem","position":2,"name":"MARIO ROIG VILA"}]},{"@type":"WebSite","@id":"https:\/\/www.omnesbands.international\/#website","url":"https:\/\/www.omnesbands.international\/","name":"OMNESBANDS International","description":"Original-Noten von unabh\u00e4ngigen Autoren und Komponisten","publisher":{"@id":"https:\/\/www.omnesbands.international\/#organization"},"potentialAction":[{"@type":"SearchAction","target":{"@type":"EntryPoint","urlTemplate":"https:\/\/www.omnesbands.international\/?s={search_term_string}"},"query-input":{"@type":"PropertyValueSpecification","valueRequired":true,"valueName":"search_term_string"}}],"inLanguage":"de"},{"@type":"Organization","@id":"https:\/\/www.omnesbands.international\/#organization","name":"Indra Internationale Berater","alternateName":"Omnesbands","url":"https:\/\/www.omnesbands.international\/","logo":{"@type":"ImageObject","inLanguage":"de","@id":"https:\/\/www.omnesbands.international\/#\/schema\/logo\/image\/","url":"https:\/\/omnesbands.international\/wp-content\/uploads\/2023\/06\/Logo-Nuevo-.png","contentUrl":"https:\/\/omnesbands.international\/wp-content\/uploads\/2023\/06\/Logo-Nuevo-.png","width":394,"height":212,"caption":"Indra Consultores Internacionales"},"image":{"@id":"https:\/\/www.omnesbands.international\/#\/schema\/logo\/image\/"}}]}},"uagb_featured_image_src":{"full":false,"thumbnail":false,"medium":false,"medium_large":false,"large":false,"1536x1536":false,"2048x2048":false,"trp-custom-language-flag":false,"gg_gallery_thumbnail":false,"woocommerce_thumbnail":false,"woocommerce_single":false,"woocommerce_gallery_thumbnail":false},"uagb_author_info":{"display_name":"Melvin R. Portillo A:","author_link":"https:\/\/www.omnesbands.international\/de\/author\/portand\/"},"uagb_comment_info":0,"uagb_excerpt":"MARIO ROIG VILA Nace en Albaida (Valencia) el 26 de junio de 1972, es profesor superior en la especialidad de tromb\u00f3n y de composici\u00f3n, es diplomado en direcci\u00f3n de banda por The Associeated Board Of The Royal School Of Music. Inicia sus estudios musicales en la Uni\u00f3n Musical de Albaida \u201cLAranya\u201d con la percusi\u00f3n y&hellip;","_links":{"self":[{"href":"https:\/\/www.omnesbands.international\/de\/wp-json\/wp\/v2\/pages\/1749","targetHints":{"allow":["GET"]}}],"collection":[{"href":"https:\/\/www.omnesbands.international\/de\/wp-json\/wp\/v2\/pages"}],"about":[{"href":"https:\/\/www.omnesbands.international\/de\/wp-json\/wp\/v2\/types\/page"}],"author":[{"embeddable":true,"href":"https:\/\/www.omnesbands.international\/de\/wp-json\/wp\/v2\/users\/4"}],"replies":[{"embeddable":true,"href":"https:\/\/www.omnesbands.international\/de\/wp-json\/wp\/v2\/comments?post=1749"}],"version-history":[{"count":2,"href":"https:\/\/www.omnesbands.international\/de\/wp-json\/wp\/v2\/pages\/1749\/revisions"}],"predecessor-version":[{"id":1751,"href":"https:\/\/www.omnesbands.international\/de\/wp-json\/wp\/v2\/pages\/1749\/revisions\/1751"}],"wp:attachment":[{"href":"https:\/\/www.omnesbands.international\/de\/wp-json\/wp\/v2\/media?parent=1749"}],"curies":[{"name":"wp","href":"https:\/\/api.w.org\/{rel}","templated":true}]}}