{"id":1752,"date":"2023-01-29T09:26:30","date_gmt":"2023-01-29T15:26:30","guid":{"rendered":"https:\/\/omnesbands.international\/?page_id=1752"},"modified":"2023-01-29T09:26:32","modified_gmt":"2023-01-29T15:26:32","slug":"martinez-gallego-2","status":"publish","type":"page","link":"https:\/\/www.omnesbands.international\/de\/martinez-gallego-2\/","title":{"rendered":"MARTINEZ GALLEGO"},"content":{"rendered":"<div class=\"wp-block-uagb-container uagb-block-472dd3a6 alignfull uagb-is-root-container\"><div class=\"uagb-container-inner-blocks-wrap\">\n<div class=\"wp-block-uagb-advanced-heading uagb-block-698155a7\"><h1 class=\"uagb-heading-text\"><strong>MARTINEZ GALLEGO<\/strong><\/h1><\/div>\n<\/div><\/div>\n\n\n\n<div class=\"wp-block-uagb-container uagb-block-6cef1197 alignfull uagb-is-root-container\"><div class=\"uagb-container-inner-blocks-wrap\">\n<div class=\"wp-block-uagb-container uagb-block-eb72df11\">\n<p>Francisco Jos\u00e9 Mart\u00ednez Gallego (1969-) wurde in San Antonio de Requena in der Provinz Valencia geboren. Er begann sein Musikstudium am Konservatorium der La Arm\u00f3nica Musical Society in San Antonio de Requena. Anschlie\u00dfend besuchte er die Konservatorien von Murcia, Torrente und Valencia, wo er 1994 einen h\u00f6heren Abschluss in Klarinette erlangte.<\/p>\n<p>Er arbeitet als Klarinettenlehrer, Banddirektor und Komponist. 1998 erweiterte er sein Musikstudium bei Jan Cober und Jos\u00e9 Rafael Pascual Vilaplana. Leiter der Gruppen Sociedad Musical El Arte de Sinarcas, der Jugendband der Sociedad Musical La Arm\u00f3nica de San Antonio und der Gruppe Arm\u00f3nica Brass.<br \/>Er studiert Komposition bei Daniel Flors, Ferrer Ferr\u00e1n, Teodoro Aparicio Barber\u00e1n und Miguel \u00c1ngel Mat\u00e9u. Zu seinen eigenen Werken z\u00e4hlen \u201eAkhenaten\u201c, ein symphonisches Gedicht \u00fcber das klassische \u00c4gypten aus dem Jahr 2004, die Suite \u201eLa Concepci\u00f3n en 1910\u201c aus dem Jahr 2005 und die Suite f\u00fcr Band \u201eMonumentos\u201c ebenfalls aus dem Jahr 2005, mit der er den ersten Preis f\u00fcr Komposition gewann Symphonische Musik f\u00fcr Finestrat Band und \u201eTheatrum\u201c, Musik f\u00fcr die Szene des Jahres 2007, eine Suite f\u00fcr verschiedene Theatergenres.<\/p>\n<p>Im Juni 2010 schloss er sein Kompositionsstudium am Salvador Segu\u00ed-Musikkonservatorium in Castell\u00f3n de la Plana ab und studierte bei Ferrer Ferr\u00e1n, C\u00e9sar Cano Forrat, Miguel \u00c1ngel Berbis L\u00f3pez, Claudia Montero, Jes\u00fas Vizca\u00edno und Emilio Caland\u00edn Hern\u00e1ndez.<br \/>Er komponiert auch festliche Musik, die im Land Valencia w\u00e4hrend der Mauren- und Christenfeste beliebt ist. Im Jahr 2000 gewann er mit der Marcha Mora Ziryab den ersten Preis beim I. Nationalen Festivalmusikwettbewerb von Altea und im Jahr 2002 gewann er mit der Marcha Mora Benifat auch den ersten Preis beim II. Kompositionswettbewerb f\u00fcr Festivalmusik von Calpe.<\/p>\n<p>\u201eSinfonie Nr. 1\u201c (Kaprekar) wurde 2011 f\u00fcr Symphonieorchester komponiert. Erster Preis in der Symphonie-Sektion des XL Villa de Altea International Band Competition, der am 4. Dezember 2011 im Palau Altea Centre d&#039;Arts stattfand. Es wurde von der Uni\u00f3n Musical de L\u00edria unter der Leitung von Enrique Artiga aufgef\u00fchrt.<br \/>Dattatreya Ramachandra Kaprekar (1905\u20131986) war ein bedeutender indischer Mathematiker, der mehrere Konzepte innerhalb der Zahlentheorie entwickelte. Die Zahl 6174 ist als Kaprekar-Konstante oder Kaprekar-Operation bekannt, benannt nach ihrem Entdecker.<\/p>\n<p>Diese Zahl hat eine interessante Eigenschaft, die wie folgt demonstriert wird. W\u00e4hlen Sie zun\u00e4chst eine beliebige vierstellige Zahl. Ordnen Sie die vier Ziffern in aufsteigender Reihenfolge an, um den Minuenden einer Subtraktion zu erhalten. Ordnen Sie dieselben vier Ziffern in absteigender Reihenfolge an, um den Subtrahend derselben Subtraktion zu erhalten. Berechnen Sie den Rest, indem Sie die Operation durchf\u00fchren. Wenn der Rest nicht gleich 6174 ist, wiederholen Sie die vier vorherigen Schritte und f\u00fcgen Sie bei Bedarf rechts vom Minuenden und links vom Subtrahend Nullen hinzu, um die vier Ziffern zu vervollst\u00e4ndigen. Dieser Vorgang wird bei Bedarf mehrmals wiederholt, jedoch nie \u00f6fter als sieben Mal, und ergibt schlie\u00dflich das Ergebnis 6174. Der Vorgang endet hier, da bei weiterer Wiederholung der Schrittfolge unter Ber\u00fccksichtigung von 7641 das oben genannte Ergebnis erhalten wird minus 1467 ist gleich 6174.<\/p>\n<\/div>\n<\/div><\/div>\n\n\n<div class=\"woocommerce columns-4\"><\/div>","protected":false},"excerpt":{"rendered":"<p>MART\u00cdNEZ GALLEGO Francisco Jos\u00e9 Mart\u00ednez Gallego (1969-) naci\u00f3 en San Antonio de Requena, en la provincia de Valencia. Empez\u00f3 sus estudios musicales en el Conservatorio de la Sociedad Musical La Arm\u00f3nica de San Antonio de Requena. Luego ingres\u00f3 en los Conservatorios de Murcia, Torrente y Valencia donde en 1994 obtuvo el t\u00edtulo superior de clarinete. [&hellip;]<\/p>\n","protected":false},"author":4,"featured_media":0,"parent":0,"menu_order":0,"comment_status":"closed","ping_status":"closed","template":"","meta":{"_acf_changed":false,"_uag_custom_page_level_css":"","site-sidebar-layout":"default","site-content-layout":"","ast-site-content-layout":"default","site-content-style":"default","site-sidebar-style":"default","ast-global-header-display":"","ast-banner-title-visibility":"","ast-main-header-display":"","ast-hfb-above-header-display":"","ast-hfb-below-header-display":"","ast-hfb-mobile-header-display":"","site-post-title":"disabled","ast-breadcrumbs-content":"","ast-featured-img":"","footer-sml-layout":"","ast-disable-related-posts":"","theme-transparent-header-meta":"","adv-header-id-meta":"","stick-header-meta":"","header-above-stick-meta":"","header-main-stick-meta":"","header-below-stick-meta":"","astra-migrate-meta-layouts":"default","ast-page-background-enabled":"default","ast-page-background-meta":{"desktop":{"background-color":"","background-image":"","background-repeat":"repeat","background-position":"center center","background-size":"auto","background-attachment":"scroll","background-type":"","background-media":"","overlay-type":"","overlay-color":"","overlay-opacity":"","overlay-gradient":""},"tablet":{"background-color":"","background-image":"","background-repeat":"repeat","background-position":"center center","background-size":"auto","background-attachment":"scroll","background-type":"","background-media":"","overlay-type":"","overlay-color":"","overlay-opacity":"","overlay-gradient":""},"mobile":{"background-color":"","background-image":"","background-repeat":"repeat","background-position":"center center","background-size":"auto","background-attachment":"scroll","background-type":"","background-media":"","overlay-type":"","overlay-color":"","overlay-opacity":"","overlay-gradient":""}},"ast-content-background-meta":{"desktop":{"background-color":"var(--ast-global-color-5)","background-image":"","background-repeat":"repeat","background-position":"center center","background-size":"auto","background-attachment":"scroll","background-type":"","background-media":"","overlay-type":"","overlay-color":"","overlay-opacity":"","overlay-gradient":""},"tablet":{"background-color":"var(--ast-global-color-5)","background-image":"","background-repeat":"repeat","background-position":"center center","background-size":"auto","background-attachment":"scroll","background-type":"","background-media":"","overlay-type":"","overlay-color":"","overlay-opacity":"","overlay-gradient":""},"mobile":{"background-color":"var(--ast-global-color-5)","background-image":"","background-repeat":"repeat","background-position":"center center","background-size":"auto","background-attachment":"scroll","background-type":"","background-media":"","overlay-type":"","overlay-color":"","overlay-opacity":"","overlay-gradient":""}},"footnotes":""},"class_list":["post-1752","page","type-page","status-publish","hentry"],"acf":[],"yoast_head":"<!-- This site is optimized with the Yoast SEO Premium plugin v22.4 (Yoast SEO v27.4) - https:\/\/yoast.com\/product\/yoast-seo-premium-wordpress\/ -->\n<title>MART\u00cdNEZ GALLEGO -<\/title>\n<meta name=\"robots\" content=\"index, follow, max-snippet:-1, max-image-preview:large, max-video-preview:-1\" \/>\n<link rel=\"canonical\" href=\"https:\/\/www.omnesbands.international\/de\/martinez-gallego-2\/\" \/>\n<meta property=\"og:locale\" content=\"de_DE\" \/>\n<meta property=\"og:type\" content=\"article\" \/>\n<meta property=\"og:title\" content=\"MART\u00cdNEZ GALLEGO\" \/>\n<meta property=\"og:description\" content=\"MART\u00cdNEZ GALLEGO Francisco Jos\u00e9 Mart\u00ednez Gallego (1969-) naci\u00f3 en San Antonio de Requena, en la provincia de Valencia. Empez\u00f3 sus estudios musicales en el Conservatorio de la Sociedad Musical La Arm\u00f3nica de San Antonio de Requena. Luego ingres\u00f3 en los Conservatorios de Murcia, Torrente y Valencia donde en 1994 obtuvo el t\u00edtulo superior de clarinete. [&hellip;]\" \/>\n<meta property=\"og:url\" content=\"https:\/\/www.omnesbands.international\/de\/martinez-gallego-2\/\" \/>\n<meta property=\"article:modified_time\" content=\"2023-01-29T15:26:32+00:00\" \/>\n<meta property=\"og:image\" content=\"https:\/\/www.omnesbands.international\/wp-content\/uploads\/2023\/01\/music-sheet-music-snowdrop-7107045.jpg\" \/>\n\t<meta property=\"og:image:width\" content=\"1280\" \/>\n\t<meta property=\"og:image:height\" content=\"742\" \/>\n\t<meta property=\"og:image:type\" content=\"image\/jpeg\" \/>\n<meta name=\"twitter:card\" content=\"summary_large_image\" \/>\n<meta name=\"twitter:label1\" content=\"Gesch\u00e4tzte Lesezeit\" \/>\n\t<meta name=\"twitter:data1\" content=\"3\u00a0Minuten\" \/>\n<script type=\"application\/ld+json\" class=\"yoast-schema-graph\">{\"@context\":\"https:\\\/\\\/schema.org\",\"@graph\":[{\"@type\":\"WebPage\",\"@id\":\"https:\\\/\\\/www.omnesbands.international\\\/martinez-gallego-2\\\/\",\"url\":\"https:\\\/\\\/www.omnesbands.international\\\/martinez-gallego-2\\\/\",\"name\":\"MART\u00cdNEZ GALLEGO -\",\"isPartOf\":{\"@id\":\"https:\\\/\\\/www.omnesbands.international\\\/#website\"},\"datePublished\":\"2023-01-29T15:26:30+00:00\",\"dateModified\":\"2023-01-29T15:26:32+00:00\",\"breadcrumb\":{\"@id\":\"https:\\\/\\\/www.omnesbands.international\\\/martinez-gallego-2\\\/#breadcrumb\"},\"inLanguage\":\"de\",\"potentialAction\":[{\"@type\":\"ReadAction\",\"target\":[\"https:\\\/\\\/www.omnesbands.international\\\/martinez-gallego-2\\\/\"]}]},{\"@type\":\"BreadcrumbList\",\"@id\":\"https:\\\/\\\/www.omnesbands.international\\\/martinez-gallego-2\\\/#breadcrumb\",\"itemListElement\":[{\"@type\":\"ListItem\",\"position\":1,\"name\":\"Portada\",\"item\":\"https:\\\/\\\/www.omnesbands.international\\\/\"},{\"@type\":\"ListItem\",\"position\":2,\"name\":\"MART\u00cdNEZ GALLEGO\"}]},{\"@type\":\"WebSite\",\"@id\":\"https:\\\/\\\/www.omnesbands.international\\\/#website\",\"url\":\"https:\\\/\\\/www.omnesbands.international\\\/\",\"name\":\"OMNESBANDS International\",\"description\":\"Partituras Originales de autores y compositores independientes\",\"publisher\":{\"@id\":\"https:\\\/\\\/www.omnesbands.international\\\/#organization\"},\"potentialAction\":[{\"@type\":\"SearchAction\",\"target\":{\"@type\":\"EntryPoint\",\"urlTemplate\":\"https:\\\/\\\/www.omnesbands.international\\\/?s={search_term_string}\"},\"query-input\":{\"@type\":\"PropertyValueSpecification\",\"valueRequired\":true,\"valueName\":\"search_term_string\"}}],\"inLanguage\":\"de\"},{\"@type\":\"Organization\",\"@id\":\"https:\\\/\\\/www.omnesbands.international\\\/#organization\",\"name\":\"Indra Consultores Internacionales\",\"alternateName\":\"Omnesbands\",\"url\":\"https:\\\/\\\/www.omnesbands.international\\\/\",\"logo\":{\"@type\":\"ImageObject\",\"inLanguage\":\"de\",\"@id\":\"https:\\\/\\\/www.omnesbands.international\\\/#\\\/schema\\\/logo\\\/image\\\/\",\"url\":\"https:\\\/\\\/omnesbands.international\\\/wp-content\\\/uploads\\\/2023\\\/06\\\/Logo-Nuevo-.png\",\"contentUrl\":\"https:\\\/\\\/omnesbands.international\\\/wp-content\\\/uploads\\\/2023\\\/06\\\/Logo-Nuevo-.png\",\"width\":394,\"height\":212,\"caption\":\"Indra Consultores Internacionales\"},\"image\":{\"@id\":\"https:\\\/\\\/www.omnesbands.international\\\/#\\\/schema\\\/logo\\\/image\\\/\"}}]}<\/script>\n<!-- \/ Yoast SEO Premium plugin. -->","yoast_head_json":{"title":"MART\u00cdNEZ GALLEGO -","robots":{"index":"index","follow":"follow","max-snippet":"max-snippet:-1","max-image-preview":"max-image-preview:large","max-video-preview":"max-video-preview:-1"},"canonical":"https:\/\/www.omnesbands.international\/de\/martinez-gallego-2\/","og_locale":"de_DE","og_type":"article","og_title":"MART\u00cdNEZ GALLEGO","og_description":"MART\u00cdNEZ GALLEGO Francisco Jos\u00e9 Mart\u00ednez Gallego (1969-) naci\u00f3 en San Antonio de Requena, en la provincia de Valencia. Empez\u00f3 sus estudios musicales en el Conservatorio de la Sociedad Musical La Arm\u00f3nica de San Antonio de Requena. Luego ingres\u00f3 en los Conservatorios de Murcia, Torrente y Valencia donde en 1994 obtuvo el t\u00edtulo superior de clarinete. [&hellip;]","og_url":"https:\/\/www.omnesbands.international\/de\/martinez-gallego-2\/","article_modified_time":"2023-01-29T15:26:32+00:00","og_image":[{"width":1280,"height":742,"url":"https:\/\/www.omnesbands.international\/wp-content\/uploads\/2023\/01\/music-sheet-music-snowdrop-7107045.jpg","type":"image\/jpeg"}],"twitter_card":"summary_large_image","twitter_misc":{"Gesch\u00e4tzte Lesezeit":"3\u00a0Minuten"},"schema":{"@context":"https:\/\/schema.org","@graph":[{"@type":"WebPage","@id":"https:\/\/www.omnesbands.international\/martinez-gallego-2\/","url":"https:\/\/www.omnesbands.international\/martinez-gallego-2\/","name":"MART\u00cdNEZ GALLEGO -","isPartOf":{"@id":"https:\/\/www.omnesbands.international\/#website"},"datePublished":"2023-01-29T15:26:30+00:00","dateModified":"2023-01-29T15:26:32+00:00","breadcrumb":{"@id":"https:\/\/www.omnesbands.international\/martinez-gallego-2\/#breadcrumb"},"inLanguage":"de","potentialAction":[{"@type":"ReadAction","target":["https:\/\/www.omnesbands.international\/martinez-gallego-2\/"]}]},{"@type":"BreadcrumbList","@id":"https:\/\/www.omnesbands.international\/martinez-gallego-2\/#breadcrumb","itemListElement":[{"@type":"ListItem","position":1,"name":"Portada","item":"https:\/\/www.omnesbands.international\/"},{"@type":"ListItem","position":2,"name":"MART\u00cdNEZ GALLEGO"}]},{"@type":"WebSite","@id":"https:\/\/www.omnesbands.international\/#website","url":"https:\/\/www.omnesbands.international\/","name":"OMNESBANDS International","description":"Original-Noten von unabh\u00e4ngigen Autoren und Komponisten","publisher":{"@id":"https:\/\/www.omnesbands.international\/#organization"},"potentialAction":[{"@type":"SearchAction","target":{"@type":"EntryPoint","urlTemplate":"https:\/\/www.omnesbands.international\/?s={search_term_string}"},"query-input":{"@type":"PropertyValueSpecification","valueRequired":true,"valueName":"search_term_string"}}],"inLanguage":"de"},{"@type":"Organization","@id":"https:\/\/www.omnesbands.international\/#organization","name":"Indra Internationale Berater","alternateName":"Omnesbands","url":"https:\/\/www.omnesbands.international\/","logo":{"@type":"ImageObject","inLanguage":"de","@id":"https:\/\/www.omnesbands.international\/#\/schema\/logo\/image\/","url":"https:\/\/omnesbands.international\/wp-content\/uploads\/2023\/06\/Logo-Nuevo-.png","contentUrl":"https:\/\/omnesbands.international\/wp-content\/uploads\/2023\/06\/Logo-Nuevo-.png","width":394,"height":212,"caption":"Indra Consultores Internacionales"},"image":{"@id":"https:\/\/www.omnesbands.international\/#\/schema\/logo\/image\/"}}]}},"uagb_featured_image_src":{"full":false,"thumbnail":false,"medium":false,"medium_large":false,"large":false,"1536x1536":false,"2048x2048":false,"trp-custom-language-flag":false,"gg_gallery_thumbnail":false,"woocommerce_thumbnail":false,"woocommerce_single":false,"woocommerce_gallery_thumbnail":false},"uagb_author_info":{"display_name":"Melvin R. Portillo A:","author_link":"https:\/\/www.omnesbands.international\/de\/author\/portand\/"},"uagb_comment_info":0,"uagb_excerpt":"MART\u00cdNEZ GALLEGO Francisco Jos\u00e9 Mart\u00ednez Gallego (1969-) naci\u00f3 en San Antonio de Requena, en la provincia de Valencia. Empez\u00f3 sus estudios musicales en el Conservatorio de la Sociedad Musical La Arm\u00f3nica de San Antonio de Requena. Luego ingres\u00f3 en los Conservatorios de Murcia, Torrente y Valencia donde en 1994 obtuvo el t\u00edtulo superior de clarinete.&hellip;","_links":{"self":[{"href":"https:\/\/www.omnesbands.international\/de\/wp-json\/wp\/v2\/pages\/1752","targetHints":{"allow":["GET"]}}],"collection":[{"href":"https:\/\/www.omnesbands.international\/de\/wp-json\/wp\/v2\/pages"}],"about":[{"href":"https:\/\/www.omnesbands.international\/de\/wp-json\/wp\/v2\/types\/page"}],"author":[{"embeddable":true,"href":"https:\/\/www.omnesbands.international\/de\/wp-json\/wp\/v2\/users\/4"}],"replies":[{"embeddable":true,"href":"https:\/\/www.omnesbands.international\/de\/wp-json\/wp\/v2\/comments?post=1752"}],"version-history":[{"count":1,"href":"https:\/\/www.omnesbands.international\/de\/wp-json\/wp\/v2\/pages\/1752\/revisions"}],"predecessor-version":[{"id":1753,"href":"https:\/\/www.omnesbands.international\/de\/wp-json\/wp\/v2\/pages\/1752\/revisions\/1753"}],"wp:attachment":[{"href":"https:\/\/www.omnesbands.international\/de\/wp-json\/wp\/v2\/media?parent=1752"}],"curies":[{"name":"wp","href":"https:\/\/api.w.org\/{rel}","templated":true}]}}