{"id":1760,"date":"2023-01-29T09:43:05","date_gmt":"2023-01-29T15:43:05","guid":{"rendered":"https:\/\/omnesbands.international\/?page_id=1760"},"modified":"2023-01-29T09:43:07","modified_gmt":"2023-01-29T15:43:07","slug":"miguel-a-sarrio-nadal-2","status":"publish","type":"page","link":"https:\/\/www.omnesbands.international\/de\/miguel-a-sarrio-nadal-2\/","title":{"rendered":"MIGUEL A. SARRIO NADAL"},"content":{"rendered":"<div class=\"wp-block-uagb-container uagb-block-e80562cd alignfull uagb-is-root-container\"><div class=\"uagb-container-inner-blocks-wrap\">\n<div class=\"wp-block-uagb-advanced-heading uagb-block-70f65910\"><h1 class=\"uagb-heading-text\"><strong>MIGUEL ANGEL SARRI\u00d3 NADAL<\/strong><\/h1><\/div>\n<\/div><\/div>\n\n\n\n<div class=\"wp-block-uagb-container uagb-block-6ddeba67 alignfull uagb-is-root-container\"><div class=\"uagb-container-inner-blocks-wrap\">\n<div class=\"wp-block-uagb-container uagb-block-e3cdab91\">\n<p>MIGUEL \u00c1NGEL SARRI\u00d3 NADAL hat einen Abschluss in Orchesterdirigieren von der Royal School of Music in London, hat am Ontinyent Conservatory sowie an den Universit\u00e4ten Salamanca und Valencia studiert und den Titel eines H\u00f6heren Professors im Fachgebiet Trompete erworben. Er hat au\u00dferdem einen Abschluss in Banddirigieren von ESMUCVALL unter der Leitung von Jos\u00e9 Rafael Pascual Vilaplana, Ram\u00f3n Garc\u00eda i Soler und Juan Alborch. Er verf\u00fcgt \u00fcber ein Universit\u00e4tsdiplom der Universit\u00e4t Valencia in den Fachrichtungen Musikp\u00e4dagogik und Fr\u00fchp\u00e4dagogik.<\/p>\n<p>Seit 1997 ist er Berufsbeamter des Teachers&#039; Corps, spezialisiert auf Musikp\u00e4dagogik, und belegte in seinem Wettbewerb aller Fachrichtungen den ersten Platz.<\/p>\n<p>Er war Direktor und Professor f\u00fcr Trompete am Berufskonservatorium \u201eJos\u00e9 Melcior Gomis\u201c in Ontinyent, Hauptdirektor des AEM \u201eLa Nova\u201c in L&#039;Olleria (Valencia), des SM \u201eEl Valle\u201c in C\u00e0rcer (Valencia). der Uni\u00f3 Musical de L&#039;Orxa (Alicante), der Agrupaci\u00f3 Musical Ontinyent (Valencia), der Uni\u00f3 Musical d&#039;Aielo de Malferit (Valencia), der \u201eColla de Dol\u00e7ainers i Tabaleters \u201eEl Regall\u201c von Ontinyent und Direktor- Gr\u00fcnder der \u201eCoral de la Pur\u00edssima\u201c von Ontinyent.<\/p>\n<p>Seine Musik, die ausschlie\u00dflich f\u00fcr Blas- und Schlagzeugensembles geschrieben wurde, gewann 18 Preise bei verschiedenen nationalen und internationalen Wettbewerben, wurde auf mehreren CDs aufgenommen und von den Verlagen Rober Martin (Frankreich), Omnesband und BRANFOR ver\u00f6ffentlicht.<\/p>\n<p>Derzeit ist er Trompeter des International Orchestra of Conductors, Mitgliedsmusiker der Uni\u00f3 Musical d&#039;Aielo (Valencia), spezialisierter Musiklehrer an der \u00f6ffentlichen Schule Aielo de Malferit und Chefdirigent der Societat Musical Vila de Bocairent.<\/p>\n<\/div>\n<\/div><\/div>\n\n\n<div class=\"woocommerce columns-4\"><\/div>","protected":false},"excerpt":{"rendered":"<p>MIGUEL ANGEL SARRI\u00d3 NADAL MIGUEL \u00c1NGEL SARRI\u00d3 NADAL, es Licenciado en Direcci\u00f3n de Orquesta por la Royal School of Musica de Londres, ha estudiado en el conservatorio de Ontinyent, y en los superiores de Salamanca y Valencia, obteniendo la titulaci\u00f3n de Profesor Superior en la especialidad de Trompeta. Tambi\u00e9n es titulado en Direcci\u00f3n de Banda [&hellip;]<\/p>\n","protected":false},"author":4,"featured_media":0,"parent":0,"menu_order":0,"comment_status":"closed","ping_status":"closed","template":"","meta":{"_acf_changed":false,"_uag_custom_page_level_css":"","site-sidebar-layout":"default","site-content-layout":"","ast-site-content-layout":"default","site-content-style":"default","site-sidebar-style":"default","ast-global-header-display":"","ast-banner-title-visibility":"","ast-main-header-display":"","ast-hfb-above-header-display":"","ast-hfb-below-header-display":"","ast-hfb-mobile-header-display":"","site-post-title":"disabled","ast-breadcrumbs-content":"","ast-featured-img":"","footer-sml-layout":"","ast-disable-related-posts":"","theme-transparent-header-meta":"","adv-header-id-meta":"","stick-header-meta":"","header-above-stick-meta":"","header-main-stick-meta":"","header-below-stick-meta":"","astra-migrate-meta-layouts":"default","ast-page-background-enabled":"default","ast-page-background-meta":{"desktop":{"background-color":"","background-image":"","background-repeat":"repeat","background-position":"center center","background-size":"auto","background-attachment":"scroll","background-type":"","background-media":"","overlay-type":"","overlay-color":"","overlay-opacity":"","overlay-gradient":""},"tablet":{"background-color":"","background-image":"","background-repeat":"repeat","background-position":"center center","background-size":"auto","background-attachment":"scroll","background-type":"","background-media":"","overlay-type":"","overlay-color":"","overlay-opacity":"","overlay-gradient":""},"mobile":{"background-color":"","background-image":"","background-repeat":"repeat","background-position":"center center","background-size":"auto","background-attachment":"scroll","background-type":"","background-media":"","overlay-type":"","overlay-color":"","overlay-opacity":"","overlay-gradient":""}},"ast-content-background-meta":{"desktop":{"background-color":"var(--ast-global-color-5)","background-image":"","background-repeat":"repeat","background-position":"center center","background-size":"auto","background-attachment":"scroll","background-type":"","background-media":"","overlay-type":"","overlay-color":"","overlay-opacity":"","overlay-gradient":""},"tablet":{"background-color":"var(--ast-global-color-5)","background-image":"","background-repeat":"repeat","background-position":"center center","background-size":"auto","background-attachment":"scroll","background-type":"","background-media":"","overlay-type":"","overlay-color":"","overlay-opacity":"","overlay-gradient":""},"mobile":{"background-color":"var(--ast-global-color-5)","background-image":"","background-repeat":"repeat","background-position":"center center","background-size":"auto","background-attachment":"scroll","background-type":"","background-media":"","overlay-type":"","overlay-color":"","overlay-opacity":"","overlay-gradient":""}},"footnotes":""},"class_list":["post-1760","page","type-page","status-publish","hentry"],"acf":[],"yoast_head":"<!-- This site is optimized with the Yoast SEO Premium plugin v22.4 (Yoast SEO v27.4) - https:\/\/yoast.com\/product\/yoast-seo-premium-wordpress\/ -->\n<title>MIGUEL A. SARRI\u00d3 NADAL -<\/title>\n<meta name=\"robots\" content=\"index, follow, max-snippet:-1, max-image-preview:large, max-video-preview:-1\" \/>\n<link rel=\"canonical\" href=\"https:\/\/www.omnesbands.international\/de\/miguel-a-sarrio-nadal-2\/\" \/>\n<meta property=\"og:locale\" content=\"de_DE\" \/>\n<meta property=\"og:type\" content=\"article\" \/>\n<meta property=\"og:title\" content=\"MIGUEL A. SARRI\u00d3 NADAL\" \/>\n<meta property=\"og:description\" content=\"MIGUEL ANGEL SARRI\u00d3 NADAL MIGUEL \u00c1NGEL SARRI\u00d3 NADAL, es Licenciado en Direcci\u00f3n de Orquesta por la Royal School of Musica de Londres, ha estudiado en el conservatorio de Ontinyent, y en los superiores de Salamanca y Valencia, obteniendo la titulaci\u00f3n de Profesor Superior en la especialidad de Trompeta. Tambi\u00e9n es titulado en Direcci\u00f3n de Banda [&hellip;]\" \/>\n<meta property=\"og:url\" content=\"https:\/\/www.omnesbands.international\/de\/miguel-a-sarrio-nadal-2\/\" \/>\n<meta property=\"article:modified_time\" content=\"2023-01-29T15:43:07+00:00\" \/>\n<meta property=\"og:image\" content=\"https:\/\/www.omnesbands.international\/wp-content\/uploads\/2023\/01\/music-sheet-music-snowdrop-7107045.jpg\" \/>\n\t<meta property=\"og:image:width\" content=\"1280\" \/>\n\t<meta property=\"og:image:height\" content=\"742\" \/>\n\t<meta property=\"og:image:type\" content=\"image\/jpeg\" \/>\n<meta name=\"twitter:card\" content=\"summary_large_image\" \/>\n<meta name=\"twitter:label1\" content=\"Gesch\u00e4tzte Lesezeit\" \/>\n\t<meta name=\"twitter:data1\" content=\"2\u00a0Minuten\" \/>\n<script type=\"application\/ld+json\" class=\"yoast-schema-graph\">{\"@context\":\"https:\\\/\\\/schema.org\",\"@graph\":[{\"@type\":\"WebPage\",\"@id\":\"https:\\\/\\\/www.omnesbands.international\\\/miguel-a-sarrio-nadal-2\\\/\",\"url\":\"https:\\\/\\\/www.omnesbands.international\\\/miguel-a-sarrio-nadal-2\\\/\",\"name\":\"MIGUEL A. SARRI\u00d3 NADAL -\",\"isPartOf\":{\"@id\":\"https:\\\/\\\/www.omnesbands.international\\\/#website\"},\"datePublished\":\"2023-01-29T15:43:05+00:00\",\"dateModified\":\"2023-01-29T15:43:07+00:00\",\"breadcrumb\":{\"@id\":\"https:\\\/\\\/www.omnesbands.international\\\/miguel-a-sarrio-nadal-2\\\/#breadcrumb\"},\"inLanguage\":\"de\",\"potentialAction\":[{\"@type\":\"ReadAction\",\"target\":[\"https:\\\/\\\/www.omnesbands.international\\\/miguel-a-sarrio-nadal-2\\\/\"]}]},{\"@type\":\"BreadcrumbList\",\"@id\":\"https:\\\/\\\/www.omnesbands.international\\\/miguel-a-sarrio-nadal-2\\\/#breadcrumb\",\"itemListElement\":[{\"@type\":\"ListItem\",\"position\":1,\"name\":\"Portada\",\"item\":\"https:\\\/\\\/www.omnesbands.international\\\/\"},{\"@type\":\"ListItem\",\"position\":2,\"name\":\"MIGUEL A. SARRI\u00d3 NADAL\"}]},{\"@type\":\"WebSite\",\"@id\":\"https:\\\/\\\/www.omnesbands.international\\\/#website\",\"url\":\"https:\\\/\\\/www.omnesbands.international\\\/\",\"name\":\"OMNESBANDS International\",\"description\":\"Partituras Originales de autores y compositores independientes\",\"publisher\":{\"@id\":\"https:\\\/\\\/www.omnesbands.international\\\/#organization\"},\"potentialAction\":[{\"@type\":\"SearchAction\",\"target\":{\"@type\":\"EntryPoint\",\"urlTemplate\":\"https:\\\/\\\/www.omnesbands.international\\\/?s={search_term_string}\"},\"query-input\":{\"@type\":\"PropertyValueSpecification\",\"valueRequired\":true,\"valueName\":\"search_term_string\"}}],\"inLanguage\":\"de\"},{\"@type\":\"Organization\",\"@id\":\"https:\\\/\\\/www.omnesbands.international\\\/#organization\",\"name\":\"Indra Consultores Internacionales\",\"alternateName\":\"Omnesbands\",\"url\":\"https:\\\/\\\/www.omnesbands.international\\\/\",\"logo\":{\"@type\":\"ImageObject\",\"inLanguage\":\"de\",\"@id\":\"https:\\\/\\\/www.omnesbands.international\\\/#\\\/schema\\\/logo\\\/image\\\/\",\"url\":\"https:\\\/\\\/omnesbands.international\\\/wp-content\\\/uploads\\\/2023\\\/06\\\/Logo-Nuevo-.png\",\"contentUrl\":\"https:\\\/\\\/omnesbands.international\\\/wp-content\\\/uploads\\\/2023\\\/06\\\/Logo-Nuevo-.png\",\"width\":394,\"height\":212,\"caption\":\"Indra Consultores Internacionales\"},\"image\":{\"@id\":\"https:\\\/\\\/www.omnesbands.international\\\/#\\\/schema\\\/logo\\\/image\\\/\"}}]}<\/script>\n<!-- \/ Yoast SEO Premium plugin. -->","yoast_head_json":{"title":"MIGUEL A. SARRI\u00d3 NADAL -","robots":{"index":"index","follow":"follow","max-snippet":"max-snippet:-1","max-image-preview":"max-image-preview:large","max-video-preview":"max-video-preview:-1"},"canonical":"https:\/\/www.omnesbands.international\/de\/miguel-a-sarrio-nadal-2\/","og_locale":"de_DE","og_type":"article","og_title":"MIGUEL A. SARRI\u00d3 NADAL","og_description":"MIGUEL ANGEL SARRI\u00d3 NADAL MIGUEL \u00c1NGEL SARRI\u00d3 NADAL, es Licenciado en Direcci\u00f3n de Orquesta por la Royal School of Musica de Londres, ha estudiado en el conservatorio de Ontinyent, y en los superiores de Salamanca y Valencia, obteniendo la titulaci\u00f3n de Profesor Superior en la especialidad de Trompeta. Tambi\u00e9n es titulado en Direcci\u00f3n de Banda [&hellip;]","og_url":"https:\/\/www.omnesbands.international\/de\/miguel-a-sarrio-nadal-2\/","article_modified_time":"2023-01-29T15:43:07+00:00","og_image":[{"width":1280,"height":742,"url":"https:\/\/www.omnesbands.international\/wp-content\/uploads\/2023\/01\/music-sheet-music-snowdrop-7107045.jpg","type":"image\/jpeg"}],"twitter_card":"summary_large_image","twitter_misc":{"Gesch\u00e4tzte Lesezeit":"2\u00a0Minuten"},"schema":{"@context":"https:\/\/schema.org","@graph":[{"@type":"WebPage","@id":"https:\/\/www.omnesbands.international\/miguel-a-sarrio-nadal-2\/","url":"https:\/\/www.omnesbands.international\/miguel-a-sarrio-nadal-2\/","name":"MIGUEL A. SARRI\u00d3 NADAL -","isPartOf":{"@id":"https:\/\/www.omnesbands.international\/#website"},"datePublished":"2023-01-29T15:43:05+00:00","dateModified":"2023-01-29T15:43:07+00:00","breadcrumb":{"@id":"https:\/\/www.omnesbands.international\/miguel-a-sarrio-nadal-2\/#breadcrumb"},"inLanguage":"de","potentialAction":[{"@type":"ReadAction","target":["https:\/\/www.omnesbands.international\/miguel-a-sarrio-nadal-2\/"]}]},{"@type":"BreadcrumbList","@id":"https:\/\/www.omnesbands.international\/miguel-a-sarrio-nadal-2\/#breadcrumb","itemListElement":[{"@type":"ListItem","position":1,"name":"Portada","item":"https:\/\/www.omnesbands.international\/"},{"@type":"ListItem","position":2,"name":"MIGUEL A. SARRI\u00d3 NADAL"}]},{"@type":"WebSite","@id":"https:\/\/www.omnesbands.international\/#website","url":"https:\/\/www.omnesbands.international\/","name":"OMNESBANDS International","description":"Original-Noten von unabh\u00e4ngigen Autoren und Komponisten","publisher":{"@id":"https:\/\/www.omnesbands.international\/#organization"},"potentialAction":[{"@type":"SearchAction","target":{"@type":"EntryPoint","urlTemplate":"https:\/\/www.omnesbands.international\/?s={search_term_string}"},"query-input":{"@type":"PropertyValueSpecification","valueRequired":true,"valueName":"search_term_string"}}],"inLanguage":"de"},{"@type":"Organization","@id":"https:\/\/www.omnesbands.international\/#organization","name":"Indra Internationale Berater","alternateName":"Omnesbands","url":"https:\/\/www.omnesbands.international\/","logo":{"@type":"ImageObject","inLanguage":"de","@id":"https:\/\/www.omnesbands.international\/#\/schema\/logo\/image\/","url":"https:\/\/omnesbands.international\/wp-content\/uploads\/2023\/06\/Logo-Nuevo-.png","contentUrl":"https:\/\/omnesbands.international\/wp-content\/uploads\/2023\/06\/Logo-Nuevo-.png","width":394,"height":212,"caption":"Indra Consultores Internacionales"},"image":{"@id":"https:\/\/www.omnesbands.international\/#\/schema\/logo\/image\/"}}]}},"uagb_featured_image_src":{"full":false,"thumbnail":false,"medium":false,"medium_large":false,"large":false,"1536x1536":false,"2048x2048":false,"trp-custom-language-flag":false,"gg_gallery_thumbnail":false,"woocommerce_thumbnail":false,"woocommerce_single":false,"woocommerce_gallery_thumbnail":false},"uagb_author_info":{"display_name":"Melvin R. Portillo A:","author_link":"https:\/\/www.omnesbands.international\/de\/author\/portand\/"},"uagb_comment_info":0,"uagb_excerpt":"MIGUEL ANGEL SARRI\u00d3 NADAL MIGUEL \u00c1NGEL SARRI\u00d3 NADAL, es Licenciado en Direcci\u00f3n de Orquesta por la Royal School of Musica de Londres, ha estudiado en el conservatorio de Ontinyent, y en los superiores de Salamanca y Valencia, obteniendo la titulaci\u00f3n de Profesor Superior en la especialidad de Trompeta. Tambi\u00e9n es titulado en Direcci\u00f3n de Banda&hellip;","_links":{"self":[{"href":"https:\/\/www.omnesbands.international\/de\/wp-json\/wp\/v2\/pages\/1760","targetHints":{"allow":["GET"]}}],"collection":[{"href":"https:\/\/www.omnesbands.international\/de\/wp-json\/wp\/v2\/pages"}],"about":[{"href":"https:\/\/www.omnesbands.international\/de\/wp-json\/wp\/v2\/types\/page"}],"author":[{"embeddable":true,"href":"https:\/\/www.omnesbands.international\/de\/wp-json\/wp\/v2\/users\/4"}],"replies":[{"embeddable":true,"href":"https:\/\/www.omnesbands.international\/de\/wp-json\/wp\/v2\/comments?post=1760"}],"version-history":[{"count":1,"href":"https:\/\/www.omnesbands.international\/de\/wp-json\/wp\/v2\/pages\/1760\/revisions"}],"predecessor-version":[{"id":1761,"href":"https:\/\/www.omnesbands.international\/de\/wp-json\/wp\/v2\/pages\/1760\/revisions\/1761"}],"wp:attachment":[{"href":"https:\/\/www.omnesbands.international\/de\/wp-json\/wp\/v2\/media?parent=1760"}],"curies":[{"name":"wp","href":"https:\/\/api.w.org\/{rel}","templated":true}]}}