{"id":1762,"date":"2023-01-29T10:08:16","date_gmt":"2023-01-29T16:08:16","guid":{"rendered":"https:\/\/omnesbands.international\/?page_id=1762"},"modified":"2023-01-29T10:09:04","modified_gmt":"2023-01-29T16:09:04","slug":"oscar-vidal-2","status":"publish","type":"page","link":"https:\/\/www.omnesbands.international\/de\/oscar-vidal-2\/","title":{"rendered":"Oscar Vidal"},"content":{"rendered":"<div class=\"wp-block-uagb-container uagb-block-a8db7ccb alignfull uagb-is-root-container\"><div class=\"uagb-container-inner-blocks-wrap\">\n<div class=\"wp-block-uagb-advanced-heading uagb-block-f5484513\"><h1 class=\"uagb-heading-text\"><strong>Oscar Vidal<\/strong><\/h1><\/div>\n<\/div><\/div>\n\n\n\n<div class=\"wp-block-uagb-container uagb-block-66970fa7 alignfull uagb-is-root-container\"><div class=\"uagb-container-inner-blocks-wrap\">\n<div class=\"wp-block-uagb-container uagb-block-8daa4c23\">\n<p>Der in Aielo de Malferit (Val\u00e8ncia) geborene Musiker begann sein Musikstudium im Rahmen der \u201eUni\u00f3n Musical Ayelense\u201c bei Herrn Antonio Garcia Albert und beendete seine Karriere am Obersten Musikkonservatorium \u201eJoaqu\u00edn Rodrigo\u201c in Valencia, wo er einstimmig den Abschluss erhielt Lobende Erw\u00e4hnung des Abschlusspreises 1996 im Fach Trompete mit den Professoren Vicente Campos und Leopoldo Vidal. Er nahm an Instrumentalverbesserungskursen bei Anthony Plog, Maurice Benterfa, Pierre Thibaud, Allen Vizzutti und Hakan Handenberger teil. <br \/>Er studierte au\u00dferdem Klavier, Harmonielehre und Dirigieren bei Manuel Galduf und Roberto For\u00e9s. Kurse f\u00fcr Banddirigieren bei Jan Cober, Jos\u00e9 Rafael Pascual, Franco Cesarini und Ferrer Ferran sowie Kurse f\u00fcr Orchesterdirigieren bei Denis Ham (Royal Academy of Music). Er erhielt Kompositionsunterricht bei Teo Aparicio und Arnau Bataller.<\/p>\n<p>Als Instrumentalist war er Teil des \u201eOrquestra simf\u00f2nica d\u2019Alacant\u201c sowie seines Blechbl\u00e4serquintetts und arbeitete mit anderen Gruppen wie dem Gij\u00f3n Conservatory Orchestra und dem l\u2019Empord\u00e0 Orchestra zusammen und wurde 1996 als Mitglied ausgew\u00e4hlt das \u201eOrchestre d&#039;Harmonie des Jeunes de l&#039;Union Europ\u00e9enne\u201c.<\/p>\n<p>Er war Chefdirigent verschiedener Bandformationen und dirigierte als Gastdirigent viele andere Symphonieorchester in Spanien. Er leitete die Municipal Band of Barcelona im Rahmen des Barcelona LEM Festivals und brachte Werke zeitgen\u00f6ssischer Komponisten wie Agust\u00ed Mart\u00ednez, Jane Rigler, Lloren\u00e7 Barber, Xavier Maristany oder Miguel Mar\u00edn uraufgef\u00fchrt. Er hat Werke zeitgen\u00f6ssischer Komponisten im \u201eC\u00edrculo de Bellas Artes\u201c im Rahmen des experimentellen Musikfestivals \u201eEscena Contempor\u00e1nea\u201c, im ENSEMS in Valencia und im Nationalen Musikauditorium in Madrid uraufgef\u00fchrt. <br \/>Seine Werke wurden von verschiedenen spanischen Bands aufgef\u00fchrt und erhielten Auftragskompositionen wie das Werk \u201eLocus Solus\u201c f\u00fcr die Stadtkapelle Barcelona oder \u201eIch verstehe diese Musik nicht\u201c, das dem spanischen Trompeter Jos\u00e9 Ch\u00e1fer gewidmet ist.<\/p>\n<p>Auszeichnungen:<br \/>\u2013 1. Preis und Sonderpreis des Publikums beim I. Kompositionswettbewerb \u201eFrancesc Cerd\u00e0\u201c de l&#039;Olleria (Val\u00e8ncia)<br \/>\u2013 1. Preis beim XLIII-Kompositionswettbewerb der Vereinigung Sant Jordi de Alcoi (Alicante) <br \/>\u2013 1. Preis beim IX. Kompositionswettbewerb \u201eVila de Calp\u201c (Alicante) \u2013 1. Preis beim X. Kompositionswettbewerb \u201eVilla de Albatera\u201c (Alicante) <br \/>\u2013 1. Preis beim Pasodobles-Wettbewerb \u201eFalla els Barris\u201c in Tur\u00eds 2011 (Valencia) <br \/>\u2013 1. Preis beim V. Nationalen Wettbewerb f\u00fcr die Komposition von Prozessionsm\u00e4rschen \u201eVilla de San Pedro del Pinatar\u201c, Murcia <br \/>\u2013 2. Preis im IV. Nationalen Wettbewerb f\u00fcr die Komposition von Prozessionsm\u00e4rschen \u201eVilla de San Pedro del Pinatar\u201c, Murcia <br \/>\u2013 3. Preis beim XVII. Internationalen Pasodobles-Wettbewerb \u201eVilla de Pozo estrecho\u201c in Cartagena (Murcia) \u2013 Zweiter Publikumspreis beim \u201eIV Villa de Altea Kompositionswettbewerb\u201c (Alicante)<\/p>\n<\/div>\n<\/div><\/div>\n\n\n<div class=\"woocommerce columns-4\"><ul class=\"products columns-4\">\n<li class=\"desktop-align-left tablet-align-left mobile-align-left ast-product-gallery-layout-horizontal-slider product type-product post-1032 status-publish first instock product_cat-musica-de-calle product_tag-oscar-vidal has-post-thumbnail downloadable virtual taxable purchasable product-type-simple\">\n\t<a href=\"https:\/\/www.omnesbands.international\/de\/produkt\/al-mussam\/\" class=\"woocommerce-LoopProduct-link woocommerce-loop-product__link\"><img loading=\"lazy\" decoding=\"async\" width=\"300\" height=\"300\" src=\"https:\/\/www.omnesbands.international\/wp-content\/uploads\/2023\/01\/Al-mussam-300x300.jpg\" class=\"attachment-woocommerce_thumbnail size-woocommerce_thumbnail\" alt=\"Al Mussam\" srcset=\"https:\/\/www.omnesbands.international\/wp-content\/uploads\/2023\/01\/Al-mussam-300x300.jpg 300w, https:\/\/www.omnesbands.international\/wp-content\/uploads\/2023\/01\/Al-mussam-150x150.jpg 150w, https:\/\/www.omnesbands.international\/wp-content\/uploads\/2023\/01\/Al-mussam-100x100.jpg 100w\" sizes=\"auto, (max-width: 300px) 100vw, 300px\" \/><h2 class=\"woocommerce-loop-product__title\">al moussam<\/h2>\n\t<span class=\"price\"><span class=\"woocommerce-Price-amount amount\"><bdi><span class=\"woocommerce-Price-currencySymbol\">&#36;<\/span>25.00<\/bdi><\/span><\/span>\n<\/a><a href=\"\/de\/wp-json\/wp\/v2\/pages\/1762?add-to-cart=1032\" aria-describedby=\"woocommerce_loop_add_to_cart_link_describedby_1032\" data-quantity=\"1\" class=\"button product_type_simple add_to_cart_button ajax_add_to_cart\" data-product_id=\"1032\" data-product_sku=\"ALMU-CAL-ESP-22\" aria-label=\"Zum Warenkorb hinzuf\u00fcgen: \u201eAl Mussam\u201c\" rel=\"nofollow\" data-success_message=\"\u201eAl Mussam\u201c wurde deinem Warenkorb hinzugef\u00fcgt\" role=\"button\" data-no-translation=\"\" data-trp-gettext=\"\" data-no-translation-aria-label=\"\" data-no-translation-data-success_message=\"\">In den Warenkorb<\/a>\t<span id=\"woocommerce_loop_add_to_cart_link_describedby_1032\" class=\"screen-reader-text\">\n\t\t\t<\/span>\n<\/li>\n<\/ul>\n<\/div>","protected":false},"excerpt":{"rendered":"<p>OSCAR VIDAL M\u00fasico nacido en Aielo de Malferit (Val\u00e8ncia) donde empez\u00f3 sus estudios musicales en el seno de la \u201cUni\u00f3n Musical Ayelense\u201d de la mano de D. Antonio Garcia Albert, finalizando la carrera en el Conservatorio Superior de M\u00fasica \u201cJoaqu\u00edn Rodrigo\u201d de Val\u00e8ncia, donde obtuvo por unanimidad la menci\u00f3n honor\u00edfica del premio fin de carrera [&hellip;]<\/p>\n","protected":false},"author":4,"featured_media":0,"parent":0,"menu_order":0,"comment_status":"closed","ping_status":"closed","template":"","meta":{"_acf_changed":false,"_uag_custom_page_level_css":"","site-sidebar-layout":"default","site-content-layout":"","ast-site-content-layout":"default","site-content-style":"default","site-sidebar-style":"default","ast-global-header-display":"","ast-banner-title-visibility":"","ast-main-header-display":"","ast-hfb-above-header-display":"","ast-hfb-below-header-display":"","ast-hfb-mobile-header-display":"","site-post-title":"disabled","ast-breadcrumbs-content":"","ast-featured-img":"","footer-sml-layout":"","ast-disable-related-posts":"","theme-transparent-header-meta":"","adv-header-id-meta":"","stick-header-meta":"","header-above-stick-meta":"","header-main-stick-meta":"","header-below-stick-meta":"","astra-migrate-meta-layouts":"default","ast-page-background-enabled":"default","ast-page-background-meta":{"desktop":{"background-color":"","background-image":"","background-repeat":"repeat","background-position":"center center","background-size":"auto","background-attachment":"scroll","background-type":"","background-media":"","overlay-type":"","overlay-color":"","overlay-opacity":"","overlay-gradient":""},"tablet":{"background-color":"","background-image":"","background-repeat":"repeat","background-position":"center center","background-size":"auto","background-attachment":"scroll","background-type":"","background-media":"","overlay-type":"","overlay-color":"","overlay-opacity":"","overlay-gradient":""},"mobile":{"background-color":"","background-image":"","background-repeat":"repeat","background-position":"center center","background-size":"auto","background-attachment":"scroll","background-type":"","background-media":"","overlay-type":"","overlay-color":"","overlay-opacity":"","overlay-gradient":""}},"ast-content-background-meta":{"desktop":{"background-color":"var(--ast-global-color-5)","background-image":"","background-repeat":"repeat","background-position":"center center","background-size":"auto","background-attachment":"scroll","background-type":"","background-media":"","overlay-type":"","overlay-color":"","overlay-opacity":"","overlay-gradient":""},"tablet":{"background-color":"var(--ast-global-color-5)","background-image":"","background-repeat":"repeat","background-position":"center center","background-size":"auto","background-attachment":"scroll","background-type":"","background-media":"","overlay-type":"","overlay-color":"","overlay-opacity":"","overlay-gradient":""},"mobile":{"background-color":"var(--ast-global-color-5)","background-image":"","background-repeat":"repeat","background-position":"center center","background-size":"auto","background-attachment":"scroll","background-type":"","background-media":"","overlay-type":"","overlay-color":"","overlay-opacity":"","overlay-gradient":""}},"footnotes":""},"class_list":["post-1762","page","type-page","status-publish","hentry"],"acf":[],"yoast_head":"<!-- This site is optimized with the Yoast SEO Premium plugin v22.4 (Yoast SEO v27.4) - https:\/\/yoast.com\/product\/yoast-seo-premium-wordpress\/ -->\n<title>OSCAR VIDAL -<\/title>\n<meta name=\"robots\" content=\"index, follow, max-snippet:-1, max-image-preview:large, max-video-preview:-1\" \/>\n<link rel=\"canonical\" href=\"https:\/\/www.omnesbands.international\/de\/oscar-vidal-2\/\" \/>\n<meta property=\"og:locale\" content=\"de_DE\" \/>\n<meta property=\"og:type\" content=\"article\" \/>\n<meta property=\"og:title\" content=\"OSCAR VIDAL\" \/>\n<meta property=\"og:description\" content=\"OSCAR VIDAL M\u00fasico nacido en Aielo de Malferit (Val\u00e8ncia) donde empez\u00f3 sus estudios musicales en el seno de la \u201cUni\u00f3n Musical Ayelense\u201d de la mano de D. Antonio Garcia Albert, finalizando la carrera en el Conservatorio Superior de M\u00fasica \u201cJoaqu\u00edn Rodrigo\u201d de Val\u00e8ncia, donde obtuvo por unanimidad la menci\u00f3n honor\u00edfica del premio fin de carrera [&hellip;]\" \/>\n<meta property=\"og:url\" content=\"https:\/\/www.omnesbands.international\/de\/oscar-vidal-2\/\" \/>\n<meta property=\"article:modified_time\" content=\"2023-01-29T16:09:04+00:00\" \/>\n<meta property=\"og:image\" content=\"https:\/\/www.omnesbands.international\/wp-content\/uploads\/2023\/01\/music-sheet-music-snowdrop-7107045.jpg\" \/>\n\t<meta property=\"og:image:width\" content=\"1280\" \/>\n\t<meta property=\"og:image:height\" content=\"742\" \/>\n\t<meta property=\"og:image:type\" content=\"image\/jpeg\" \/>\n<meta name=\"twitter:card\" content=\"summary_large_image\" \/>\n<meta name=\"twitter:label1\" content=\"Gesch\u00e4tzte Lesezeit\" \/>\n\t<meta name=\"twitter:data1\" content=\"3\u00a0Minuten\" \/>\n<script type=\"application\/ld+json\" class=\"yoast-schema-graph\">{\"@context\":\"https:\\\/\\\/schema.org\",\"@graph\":[{\"@type\":\"WebPage\",\"@id\":\"https:\\\/\\\/www.omnesbands.international\\\/en\\\/oscar-vidal-2\\\/\",\"url\":\"https:\\\/\\\/www.omnesbands.international\\\/en\\\/oscar-vidal-2\\\/\",\"name\":\"OSCAR VIDAL -\",\"isPartOf\":{\"@id\":\"https:\\\/\\\/www.omnesbands.international\\\/#website\"},\"datePublished\":\"2023-01-29T16:08:16+00:00\",\"dateModified\":\"2023-01-29T16:09:04+00:00\",\"breadcrumb\":{\"@id\":\"https:\\\/\\\/www.omnesbands.international\\\/en\\\/oscar-vidal-2\\\/#breadcrumb\"},\"inLanguage\":\"de\",\"potentialAction\":[{\"@type\":\"ReadAction\",\"target\":[\"https:\\\/\\\/www.omnesbands.international\\\/en\\\/oscar-vidal-2\\\/\"]}]},{\"@type\":\"BreadcrumbList\",\"@id\":\"https:\\\/\\\/www.omnesbands.international\\\/en\\\/oscar-vidal-2\\\/#breadcrumb\",\"itemListElement\":[{\"@type\":\"ListItem\",\"position\":1,\"name\":\"Portada\",\"item\":\"https:\\\/\\\/www.omnesbands.international\\\/\"},{\"@type\":\"ListItem\",\"position\":2,\"name\":\"OSCAR VIDAL\"}]},{\"@type\":\"WebSite\",\"@id\":\"https:\\\/\\\/www.omnesbands.international\\\/#website\",\"url\":\"https:\\\/\\\/www.omnesbands.international\\\/\",\"name\":\"OMNESBANDS International\",\"description\":\"Partituras Originales de autores y compositores independientes\",\"publisher\":{\"@id\":\"https:\\\/\\\/www.omnesbands.international\\\/#organization\"},\"potentialAction\":[{\"@type\":\"SearchAction\",\"target\":{\"@type\":\"EntryPoint\",\"urlTemplate\":\"https:\\\/\\\/www.omnesbands.international\\\/?s={search_term_string}\"},\"query-input\":{\"@type\":\"PropertyValueSpecification\",\"valueRequired\":true,\"valueName\":\"search_term_string\"}}],\"inLanguage\":\"de\"},{\"@type\":\"Organization\",\"@id\":\"https:\\\/\\\/www.omnesbands.international\\\/#organization\",\"name\":\"Indra Consultores Internacionales\",\"alternateName\":\"Omnesbands\",\"url\":\"https:\\\/\\\/www.omnesbands.international\\\/\",\"logo\":{\"@type\":\"ImageObject\",\"inLanguage\":\"de\",\"@id\":\"https:\\\/\\\/www.omnesbands.international\\\/#\\\/schema\\\/logo\\\/image\\\/\",\"url\":\"https:\\\/\\\/omnesbands.international\\\/wp-content\\\/uploads\\\/2023\\\/06\\\/Logo-Nuevo-.png\",\"contentUrl\":\"https:\\\/\\\/omnesbands.international\\\/wp-content\\\/uploads\\\/2023\\\/06\\\/Logo-Nuevo-.png\",\"width\":394,\"height\":212,\"caption\":\"Indra Consultores Internacionales\"},\"image\":{\"@id\":\"https:\\\/\\\/www.omnesbands.international\\\/#\\\/schema\\\/logo\\\/image\\\/\"}}]}<\/script>\n<!-- \/ Yoast SEO Premium plugin. -->","yoast_head_json":{"title":"OSCAR VIDAL -","robots":{"index":"index","follow":"follow","max-snippet":"max-snippet:-1","max-image-preview":"max-image-preview:large","max-video-preview":"max-video-preview:-1"},"canonical":"https:\/\/www.omnesbands.international\/de\/oscar-vidal-2\/","og_locale":"de_DE","og_type":"article","og_title":"OSCAR VIDAL","og_description":"OSCAR VIDAL M\u00fasico nacido en Aielo de Malferit (Val\u00e8ncia) donde empez\u00f3 sus estudios musicales en el seno de la \u201cUni\u00f3n Musical Ayelense\u201d de la mano de D. Antonio Garcia Albert, finalizando la carrera en el Conservatorio Superior de M\u00fasica \u201cJoaqu\u00edn Rodrigo\u201d de Val\u00e8ncia, donde obtuvo por unanimidad la menci\u00f3n honor\u00edfica del premio fin de carrera [&hellip;]","og_url":"https:\/\/www.omnesbands.international\/de\/oscar-vidal-2\/","article_modified_time":"2023-01-29T16:09:04+00:00","og_image":[{"width":1280,"height":742,"url":"https:\/\/www.omnesbands.international\/wp-content\/uploads\/2023\/01\/music-sheet-music-snowdrop-7107045.jpg","type":"image\/jpeg"}],"twitter_card":"summary_large_image","twitter_misc":{"Gesch\u00e4tzte Lesezeit":"3\u00a0Minuten"},"schema":{"@context":"https:\/\/schema.org","@graph":[{"@type":"WebPage","@id":"https:\/\/www.omnesbands.international\/en\/oscar-vidal-2\/","url":"https:\/\/www.omnesbands.international\/en\/oscar-vidal-2\/","name":"OSCAR VIDAL -","isPartOf":{"@id":"https:\/\/www.omnesbands.international\/#website"},"datePublished":"2023-01-29T16:08:16+00:00","dateModified":"2023-01-29T16:09:04+00:00","breadcrumb":{"@id":"https:\/\/www.omnesbands.international\/en\/oscar-vidal-2\/#breadcrumb"},"inLanguage":"de","potentialAction":[{"@type":"ReadAction","target":["https:\/\/www.omnesbands.international\/en\/oscar-vidal-2\/"]}]},{"@type":"BreadcrumbList","@id":"https:\/\/www.omnesbands.international\/en\/oscar-vidal-2\/#breadcrumb","itemListElement":[{"@type":"ListItem","position":1,"name":"Portada","item":"https:\/\/www.omnesbands.international\/"},{"@type":"ListItem","position":2,"name":"OSCAR VIDAL"}]},{"@type":"WebSite","@id":"https:\/\/www.omnesbands.international\/#website","url":"https:\/\/www.omnesbands.international\/","name":"OMNESBANDS International","description":"Original-Noten von unabh\u00e4ngigen Autoren und Komponisten","publisher":{"@id":"https:\/\/www.omnesbands.international\/#organization"},"potentialAction":[{"@type":"SearchAction","target":{"@type":"EntryPoint","urlTemplate":"https:\/\/www.omnesbands.international\/?s={search_term_string}"},"query-input":{"@type":"PropertyValueSpecification","valueRequired":true,"valueName":"search_term_string"}}],"inLanguage":"de"},{"@type":"Organization","@id":"https:\/\/www.omnesbands.international\/#organization","name":"Indra Internationale Berater","alternateName":"Omnesbands","url":"https:\/\/www.omnesbands.international\/","logo":{"@type":"ImageObject","inLanguage":"de","@id":"https:\/\/www.omnesbands.international\/#\/schema\/logo\/image\/","url":"https:\/\/omnesbands.international\/wp-content\/uploads\/2023\/06\/Logo-Nuevo-.png","contentUrl":"https:\/\/omnesbands.international\/wp-content\/uploads\/2023\/06\/Logo-Nuevo-.png","width":394,"height":212,"caption":"Indra Consultores Internacionales"},"image":{"@id":"https:\/\/www.omnesbands.international\/#\/schema\/logo\/image\/"}}]}},"uagb_featured_image_src":{"full":false,"thumbnail":false,"medium":false,"medium_large":false,"large":false,"1536x1536":false,"2048x2048":false,"trp-custom-language-flag":false,"gg_gallery_thumbnail":false,"woocommerce_thumbnail":false,"woocommerce_single":false,"woocommerce_gallery_thumbnail":false},"uagb_author_info":{"display_name":"Melvin R. Portillo A:","author_link":"https:\/\/www.omnesbands.international\/de\/author\/portand\/"},"uagb_comment_info":0,"uagb_excerpt":"OSCAR VIDAL M\u00fasico nacido en Aielo de Malferit (Val\u00e8ncia) donde empez\u00f3 sus estudios musicales en el seno de la \u201cUni\u00f3n Musical Ayelense\u201d de la mano de D. Antonio Garcia Albert, finalizando la carrera en el Conservatorio Superior de M\u00fasica \u201cJoaqu\u00edn Rodrigo\u201d de Val\u00e8ncia, donde obtuvo por unanimidad la menci\u00f3n honor\u00edfica del premio fin de carrera&hellip;","_links":{"self":[{"href":"https:\/\/www.omnesbands.international\/de\/wp-json\/wp\/v2\/pages\/1762","targetHints":{"allow":["GET"]}}],"collection":[{"href":"https:\/\/www.omnesbands.international\/de\/wp-json\/wp\/v2\/pages"}],"about":[{"href":"https:\/\/www.omnesbands.international\/de\/wp-json\/wp\/v2\/types\/page"}],"author":[{"embeddable":true,"href":"https:\/\/www.omnesbands.international\/de\/wp-json\/wp\/v2\/users\/4"}],"replies":[{"embeddable":true,"href":"https:\/\/www.omnesbands.international\/de\/wp-json\/wp\/v2\/comments?post=1762"}],"version-history":[{"count":2,"href":"https:\/\/www.omnesbands.international\/de\/wp-json\/wp\/v2\/pages\/1762\/revisions"}],"predecessor-version":[{"id":1764,"href":"https:\/\/www.omnesbands.international\/de\/wp-json\/wp\/v2\/pages\/1762\/revisions\/1764"}],"wp:attachment":[{"href":"https:\/\/www.omnesbands.international\/de\/wp-json\/wp\/v2\/media?parent=1762"}],"curies":[{"name":"wp","href":"https:\/\/api.w.org\/{rel}","templated":true}]}}