{"id":1769,"date":"2023-01-29T10:25:03","date_gmt":"2023-01-29T16:25:03","guid":{"rendered":"https:\/\/omnesbands.international\/?page_id=1769"},"modified":"2023-01-29T10:25:06","modified_gmt":"2023-01-29T16:25:06","slug":"mila-rosa-molina-2","status":"publish","type":"page","link":"https:\/\/www.omnesbands.international\/de\/mila-rosa-molina-2\/","title":{"rendered":"MILA ROSE MOLINA"},"content":{"rendered":"<div class=\"wp-block-uagb-container uagb-block-d08e0177 alignfull uagb-is-root-container\"><div class=\"uagb-container-inner-blocks-wrap\">\n<div class=\"wp-block-uagb-advanced-heading uagb-block-a32c43f0\"><h1 class=\"uagb-heading-text\"><strong>MILA ROSE MOLINA<\/strong><\/h1><\/div>\n<\/div><\/div>\n\n\n\n<div class=\"wp-block-uagb-container uagb-block-81d35bc3 alignfull uagb-is-root-container\"><div class=\"uagb-container-inner-blocks-wrap\">\n<div class=\"wp-block-uagb-container uagb-block-61a0296e\">\n<p>Die junge Komponistin aus Ontinyenta, Mila Rosa Molina Moscard\u00f3, hat eine neue Motette geschrieben, die dem nebenberuflichen Bild unserer Bruderschaft gewidmet ist und den Titel \u201eMadre Nostra\u201c tr\u00e4gt. Das St\u00fcck ist f\u00fcr vier Stimmen geschrieben und basiert auf einigen Versen unseres Macip Sergi G\u00f3mez.<\/p>\n<p>Motetten sind kurze Musikst\u00fccke, die in der Kapelle oder vielleicht mit einer kleinen Anzahl von Musikinstrumenten gesungen werden und traditionell, zumindest seit dem Barock, unsere religi\u00f6sen Paraden begleiten und die musikalische Form leidenschaftlicher Trauer in Ontinyent und unserer Region darstellen. Derzeit ist dieser Brauch weitgehend aufgegeben, aber die Bruderschaft von Soledad verf\u00fcgt bereits \u00fcber zwei Motetten in ihrem Erbe und beabsichtigt, in den kommenden Jahren den Brauch, Motetten zu singen, wieder in den Alltag unserer leidenschaftlichen Gedenkfeiern zu integrieren.<\/p>\n<p>Wenn nichts passiert, planen wir, dass die Motette \u201eMare Nostra\u201c die Prozession des Schweigens abschlie\u00dft, die am kommenden Gr\u00fcndonnerstag in Ontinyent stattfinden wird. Wenn die Virgen de la Soledad auf der Plaza de la Vila steht und bereit ist, in den Tempel Mari\u00e4 Himmelfahrt einzutreten, wird es Zeit, sie zu interpretieren.<\/p>\n<p>Da es sich um einen sehr feierlichen und attraktiven Moment handelt, m\u00f6chten wir die breite \u00d6ffentlichkeit informieren, damit sie wei\u00df, wie die Prozession dieses Jahr enden wird. Kommen Sie also bitte zu uns auf die Plaza de la Vila. Sp\u00e4ter gehen wir zum Haus des Nachbarschaftsvereins, um die Schokolade zu genie\u00dfen.<\/p>\n<\/div>\n<\/div><\/div>\n\n\n<div class=\"woocommerce columns-4\"><ul class=\"products columns-4\">\n<li class=\"desktop-align-left tablet-align-left mobile-align-left ast-product-gallery-layout-horizontal-slider product type-product post-1184 status-publish first instock product_cat-musica-de-calle product_tag-mila-rosa-molina has-post-thumbnail downloadable virtual taxable purchasable product-type-simple\">\n\t<a href=\"https:\/\/www.omnesbands.international\/de\/produkt\/el-perillos\/\" class=\"woocommerce-LoopProduct-link woocommerce-loop-product__link\"><img loading=\"lazy\" decoding=\"async\" width=\"300\" height=\"300\" src=\"https:\/\/www.omnesbands.international\/wp-content\/uploads\/2023\/01\/El-Perillos-1-300x300.jpg\" class=\"attachment-woocommerce_thumbnail size-woocommerce_thumbnail\" alt=\"El Perillos\" srcset=\"https:\/\/www.omnesbands.international\/wp-content\/uploads\/2023\/01\/El-Perillos-1-300x300.jpg 300w, https:\/\/www.omnesbands.international\/wp-content\/uploads\/2023\/01\/El-Perillos-1-150x150.jpg 150w, https:\/\/www.omnesbands.international\/wp-content\/uploads\/2023\/01\/El-Perillos-1-100x100.jpg 100w\" sizes=\"auto, (max-width: 300px) 100vw, 300px\" \/><h2 class=\"woocommerce-loop-product__title\">die Gefahren<\/h2>\n\t<span class=\"price\"><span class=\"woocommerce-Price-amount amount\"><bdi><span class=\"woocommerce-Price-currencySymbol\">&#36;<\/span>25.00<\/bdi><\/span><\/span>\n<\/a><a href=\"\/de\/wp-json\/wp\/v2\/pages\/1769?add-to-cart=1184\" aria-describedby=\"woocommerce_loop_add_to_cart_link_describedby_1184\" data-quantity=\"1\" class=\"button product_type_simple add_to_cart_button ajax_add_to_cart\" data-product_id=\"1184\" data-product_sku=\"PER-CAL-ESP-22\" aria-label=\"Zum Warenkorb hinzuf\u00fcgen: \u201eEl Perill\u00f3s\u201c\" rel=\"nofollow\" data-success_message=\"\u201eEl Perill\u00f3s\u201c wurde deinem Warenkorb hinzugef\u00fcgt\" role=\"button\" data-no-translation=\"\" data-trp-gettext=\"\" data-no-translation-aria-label=\"\" data-no-translation-data-success_message=\"\">In den Warenkorb<\/a>\t<span id=\"woocommerce_loop_add_to_cart_link_describedby_1184\" class=\"screen-reader-text\">\n\t\t\t<\/span>\n<\/li>\n<\/ul>\n<\/div>","protected":false},"excerpt":{"rendered":"<p>MILA ROSA MOLINA La joven compositora ontinyentina Mila Rosa Molina Moscard\u00f3, ha escrito un nuevo motete dedicado a la imagen advocacional de nuestra Cofrad\u00eda y que lleva por t\u00edtulo &#8220;Madre Nostra&#8221;. La pieza est\u00e1 escrita para cuatro voces y sobre unos versos de nuestro macip, Sergi G\u00f3mez. Los motetes son breves piezas musicales, cantadas a [&hellip;]<\/p>\n","protected":false},"author":4,"featured_media":0,"parent":0,"menu_order":0,"comment_status":"closed","ping_status":"closed","template":"","meta":{"_acf_changed":false,"_uag_custom_page_level_css":"","site-sidebar-layout":"default","site-content-layout":"","ast-site-content-layout":"default","site-content-style":"default","site-sidebar-style":"default","ast-global-header-display":"","ast-banner-title-visibility":"","ast-main-header-display":"","ast-hfb-above-header-display":"","ast-hfb-below-header-display":"","ast-hfb-mobile-header-display":"","site-post-title":"disabled","ast-breadcrumbs-content":"","ast-featured-img":"","footer-sml-layout":"","ast-disable-related-posts":"","theme-transparent-header-meta":"","adv-header-id-meta":"","stick-header-meta":"","header-above-stick-meta":"","header-main-stick-meta":"","header-below-stick-meta":"","astra-migrate-meta-layouts":"default","ast-page-background-enabled":"default","ast-page-background-meta":{"desktop":{"background-color":"","background-image":"","background-repeat":"repeat","background-position":"center center","background-size":"auto","background-attachment":"scroll","background-type":"","background-media":"","overlay-type":"","overlay-color":"","overlay-opacity":"","overlay-gradient":""},"tablet":{"background-color":"","background-image":"","background-repeat":"repeat","background-position":"center center","background-size":"auto","background-attachment":"scroll","background-type":"","background-media":"","overlay-type":"","overlay-color":"","overlay-opacity":"","overlay-gradient":""},"mobile":{"background-color":"","background-image":"","background-repeat":"repeat","background-position":"center center","background-size":"auto","background-attachment":"scroll","background-type":"","background-media":"","overlay-type":"","overlay-color":"","overlay-opacity":"","overlay-gradient":""}},"ast-content-background-meta":{"desktop":{"background-color":"var(--ast-global-color-5)","background-image":"","background-repeat":"repeat","background-position":"center center","background-size":"auto","background-attachment":"scroll","background-type":"","background-media":"","overlay-type":"","overlay-color":"","overlay-opacity":"","overlay-gradient":""},"tablet":{"background-color":"var(--ast-global-color-5)","background-image":"","background-repeat":"repeat","background-position":"center center","background-size":"auto","background-attachment":"scroll","background-type":"","background-media":"","overlay-type":"","overlay-color":"","overlay-opacity":"","overlay-gradient":""},"mobile":{"background-color":"var(--ast-global-color-5)","background-image":"","background-repeat":"repeat","background-position":"center center","background-size":"auto","background-attachment":"scroll","background-type":"","background-media":"","overlay-type":"","overlay-color":"","overlay-opacity":"","overlay-gradient":""}},"footnotes":""},"class_list":["post-1769","page","type-page","status-publish","hentry"],"acf":[],"yoast_head":"<!-- This site is optimized with the Yoast SEO Premium plugin v22.4 (Yoast SEO v27.4) - https:\/\/yoast.com\/product\/yoast-seo-premium-wordpress\/ -->\n<title>MILA ROSA MOLINA -<\/title>\n<meta name=\"robots\" content=\"index, follow, max-snippet:-1, max-image-preview:large, max-video-preview:-1\" \/>\n<link rel=\"canonical\" href=\"https:\/\/www.omnesbands.international\/de\/mila-rosa-molina-2\/\" \/>\n<meta property=\"og:locale\" content=\"de_DE\" \/>\n<meta property=\"og:type\" content=\"article\" \/>\n<meta property=\"og:title\" content=\"MILA ROSA MOLINA\" \/>\n<meta property=\"og:description\" content=\"MILA ROSA MOLINA La joven compositora ontinyentina Mila Rosa Molina Moscard\u00f3, ha escrito un nuevo motete dedicado a la imagen advocacional de nuestra Cofrad\u00eda y que lleva por t\u00edtulo &#8220;Madre Nostra&#8221;. La pieza est\u00e1 escrita para cuatro voces y sobre unos versos de nuestro macip, Sergi G\u00f3mez. Los motetes son breves piezas musicales, cantadas a [&hellip;]\" \/>\n<meta property=\"og:url\" content=\"https:\/\/www.omnesbands.international\/de\/mila-rosa-molina-2\/\" \/>\n<meta property=\"article:modified_time\" content=\"2023-01-29T16:25:06+00:00\" \/>\n<meta property=\"og:image\" content=\"https:\/\/www.omnesbands.international\/wp-content\/uploads\/2023\/01\/music-sheet-music-snowdrop-7107045.jpg\" \/>\n\t<meta property=\"og:image:width\" content=\"1280\" \/>\n\t<meta property=\"og:image:height\" content=\"742\" \/>\n\t<meta property=\"og:image:type\" content=\"image\/jpeg\" \/>\n<meta name=\"twitter:card\" content=\"summary_large_image\" \/>\n<meta name=\"twitter:label1\" content=\"Gesch\u00e4tzte Lesezeit\" \/>\n\t<meta name=\"twitter:data1\" content=\"1\u00a0Minute\" \/>\n<script type=\"application\/ld+json\" class=\"yoast-schema-graph\">{\"@context\":\"https:\\\/\\\/schema.org\",\"@graph\":[{\"@type\":\"WebPage\",\"@id\":\"https:\\\/\\\/www.omnesbands.international\\\/en\\\/mila-rosa-molina-2\\\/\",\"url\":\"https:\\\/\\\/www.omnesbands.international\\\/en\\\/mila-rosa-molina-2\\\/\",\"name\":\"MILA ROSA MOLINA -\",\"isPartOf\":{\"@id\":\"https:\\\/\\\/www.omnesbands.international\\\/#website\"},\"datePublished\":\"2023-01-29T16:25:03+00:00\",\"dateModified\":\"2023-01-29T16:25:06+00:00\",\"breadcrumb\":{\"@id\":\"https:\\\/\\\/www.omnesbands.international\\\/en\\\/mila-rosa-molina-2\\\/#breadcrumb\"},\"inLanguage\":\"de\",\"potentialAction\":[{\"@type\":\"ReadAction\",\"target\":[\"https:\\\/\\\/www.omnesbands.international\\\/en\\\/mila-rosa-molina-2\\\/\"]}]},{\"@type\":\"BreadcrumbList\",\"@id\":\"https:\\\/\\\/www.omnesbands.international\\\/en\\\/mila-rosa-molina-2\\\/#breadcrumb\",\"itemListElement\":[{\"@type\":\"ListItem\",\"position\":1,\"name\":\"Portada\",\"item\":\"https:\\\/\\\/www.omnesbands.international\\\/\"},{\"@type\":\"ListItem\",\"position\":2,\"name\":\"MILA ROSA MOLINA\"}]},{\"@type\":\"WebSite\",\"@id\":\"https:\\\/\\\/www.omnesbands.international\\\/#website\",\"url\":\"https:\\\/\\\/www.omnesbands.international\\\/\",\"name\":\"OMNESBANDS International\",\"description\":\"Partituras Originales de autores y compositores independientes\",\"publisher\":{\"@id\":\"https:\\\/\\\/www.omnesbands.international\\\/#organization\"},\"potentialAction\":[{\"@type\":\"SearchAction\",\"target\":{\"@type\":\"EntryPoint\",\"urlTemplate\":\"https:\\\/\\\/www.omnesbands.international\\\/?s={search_term_string}\"},\"query-input\":{\"@type\":\"PropertyValueSpecification\",\"valueRequired\":true,\"valueName\":\"search_term_string\"}}],\"inLanguage\":\"de\"},{\"@type\":\"Organization\",\"@id\":\"https:\\\/\\\/www.omnesbands.international\\\/#organization\",\"name\":\"Indra Consultores Internacionales\",\"alternateName\":\"Omnesbands\",\"url\":\"https:\\\/\\\/www.omnesbands.international\\\/\",\"logo\":{\"@type\":\"ImageObject\",\"inLanguage\":\"de\",\"@id\":\"https:\\\/\\\/www.omnesbands.international\\\/#\\\/schema\\\/logo\\\/image\\\/\",\"url\":\"https:\\\/\\\/omnesbands.international\\\/wp-content\\\/uploads\\\/2023\\\/06\\\/Logo-Nuevo-.png\",\"contentUrl\":\"https:\\\/\\\/omnesbands.international\\\/wp-content\\\/uploads\\\/2023\\\/06\\\/Logo-Nuevo-.png\",\"width\":394,\"height\":212,\"caption\":\"Indra Consultores Internacionales\"},\"image\":{\"@id\":\"https:\\\/\\\/www.omnesbands.international\\\/#\\\/schema\\\/logo\\\/image\\\/\"}}]}<\/script>\n<!-- \/ Yoast SEO Premium plugin. -->","yoast_head_json":{"title":"MILA ROSA MOLINA -","robots":{"index":"index","follow":"follow","max-snippet":"max-snippet:-1","max-image-preview":"max-image-preview:large","max-video-preview":"max-video-preview:-1"},"canonical":"https:\/\/www.omnesbands.international\/de\/mila-rosa-molina-2\/","og_locale":"de_DE","og_type":"article","og_title":"MILA ROSA MOLINA","og_description":"MILA ROSA MOLINA La joven compositora ontinyentina Mila Rosa Molina Moscard\u00f3, ha escrito un nuevo motete dedicado a la imagen advocacional de nuestra Cofrad\u00eda y que lleva por t\u00edtulo &#8220;Madre Nostra&#8221;. La pieza est\u00e1 escrita para cuatro voces y sobre unos versos de nuestro macip, Sergi G\u00f3mez. Los motetes son breves piezas musicales, cantadas a [&hellip;]","og_url":"https:\/\/www.omnesbands.international\/de\/mila-rosa-molina-2\/","article_modified_time":"2023-01-29T16:25:06+00:00","og_image":[{"width":1280,"height":742,"url":"https:\/\/www.omnesbands.international\/wp-content\/uploads\/2023\/01\/music-sheet-music-snowdrop-7107045.jpg","type":"image\/jpeg"}],"twitter_card":"summary_large_image","twitter_misc":{"Gesch\u00e4tzte Lesezeit":"1\u00a0Minute"},"schema":{"@context":"https:\/\/schema.org","@graph":[{"@type":"WebPage","@id":"https:\/\/www.omnesbands.international\/en\/mila-rosa-molina-2\/","url":"https:\/\/www.omnesbands.international\/en\/mila-rosa-molina-2\/","name":"MILA ROSA MOLINA -","isPartOf":{"@id":"https:\/\/www.omnesbands.international\/#website"},"datePublished":"2023-01-29T16:25:03+00:00","dateModified":"2023-01-29T16:25:06+00:00","breadcrumb":{"@id":"https:\/\/www.omnesbands.international\/en\/mila-rosa-molina-2\/#breadcrumb"},"inLanguage":"de","potentialAction":[{"@type":"ReadAction","target":["https:\/\/www.omnesbands.international\/en\/mila-rosa-molina-2\/"]}]},{"@type":"BreadcrumbList","@id":"https:\/\/www.omnesbands.international\/en\/mila-rosa-molina-2\/#breadcrumb","itemListElement":[{"@type":"ListItem","position":1,"name":"Portada","item":"https:\/\/www.omnesbands.international\/"},{"@type":"ListItem","position":2,"name":"MILA ROSA MOLINA"}]},{"@type":"WebSite","@id":"https:\/\/www.omnesbands.international\/#website","url":"https:\/\/www.omnesbands.international\/","name":"OMNESBANDS International","description":"Original-Noten von unabh\u00e4ngigen Autoren und Komponisten","publisher":{"@id":"https:\/\/www.omnesbands.international\/#organization"},"potentialAction":[{"@type":"SearchAction","target":{"@type":"EntryPoint","urlTemplate":"https:\/\/www.omnesbands.international\/?s={search_term_string}"},"query-input":{"@type":"PropertyValueSpecification","valueRequired":true,"valueName":"search_term_string"}}],"inLanguage":"de"},{"@type":"Organization","@id":"https:\/\/www.omnesbands.international\/#organization","name":"Indra Internationale Berater","alternateName":"Omnesbands","url":"https:\/\/www.omnesbands.international\/","logo":{"@type":"ImageObject","inLanguage":"de","@id":"https:\/\/www.omnesbands.international\/#\/schema\/logo\/image\/","url":"https:\/\/omnesbands.international\/wp-content\/uploads\/2023\/06\/Logo-Nuevo-.png","contentUrl":"https:\/\/omnesbands.international\/wp-content\/uploads\/2023\/06\/Logo-Nuevo-.png","width":394,"height":212,"caption":"Indra Consultores Internacionales"},"image":{"@id":"https:\/\/www.omnesbands.international\/#\/schema\/logo\/image\/"}}]}},"uagb_featured_image_src":{"full":false,"thumbnail":false,"medium":false,"medium_large":false,"large":false,"1536x1536":false,"2048x2048":false,"trp-custom-language-flag":false,"gg_gallery_thumbnail":false,"woocommerce_thumbnail":false,"woocommerce_single":false,"woocommerce_gallery_thumbnail":false},"uagb_author_info":{"display_name":"Melvin R. Portillo A:","author_link":"https:\/\/www.omnesbands.international\/de\/author\/portand\/"},"uagb_comment_info":0,"uagb_excerpt":"MILA ROSA MOLINA La joven compositora ontinyentina Mila Rosa Molina Moscard\u00f3, ha escrito un nuevo motete dedicado a la imagen advocacional de nuestra Cofrad\u00eda y que lleva por t\u00edtulo &#8220;Madre Nostra&#8221;. La pieza est\u00e1 escrita para cuatro voces y sobre unos versos de nuestro macip, Sergi G\u00f3mez. Los motetes son breves piezas musicales, cantadas a&hellip;","_links":{"self":[{"href":"https:\/\/www.omnesbands.international\/de\/wp-json\/wp\/v2\/pages\/1769","targetHints":{"allow":["GET"]}}],"collection":[{"href":"https:\/\/www.omnesbands.international\/de\/wp-json\/wp\/v2\/pages"}],"about":[{"href":"https:\/\/www.omnesbands.international\/de\/wp-json\/wp\/v2\/types\/page"}],"author":[{"embeddable":true,"href":"https:\/\/www.omnesbands.international\/de\/wp-json\/wp\/v2\/users\/4"}],"replies":[{"embeddable":true,"href":"https:\/\/www.omnesbands.international\/de\/wp-json\/wp\/v2\/comments?post=1769"}],"version-history":[{"count":1,"href":"https:\/\/www.omnesbands.international\/de\/wp-json\/wp\/v2\/pages\/1769\/revisions"}],"predecessor-version":[{"id":1770,"href":"https:\/\/www.omnesbands.international\/de\/wp-json\/wp\/v2\/pages\/1769\/revisions\/1770"}],"wp:attachment":[{"href":"https:\/\/www.omnesbands.international\/de\/wp-json\/wp\/v2\/media?parent=1769"}],"curies":[{"name":"wp","href":"https:\/\/api.w.org\/{rel}","templated":true}]}}