{"id":1771,"date":"2023-01-29T10:30:52","date_gmt":"2023-01-29T16:30:52","guid":{"rendered":"https:\/\/omnesbands.international\/?page_id=1771"},"modified":"2023-01-29T10:32:23","modified_gmt":"2023-01-29T16:32:23","slug":"rafael-garrigos-garcia-2","status":"publish","type":"page","link":"https:\/\/www.omnesbands.international\/de\/rafael-garrigos-garcia-2\/","title":{"rendered":"RAFAEL GARRIGOS GARCIA"},"content":{"rendered":"<div class=\"wp-block-uagb-container uagb-block-418e24bc alignfull uagb-is-root-container\"><div class=\"uagb-container-inner-blocks-wrap\">\n<div class=\"wp-block-uagb-advanced-heading uagb-block-d7b3d7ea\"><h1 class=\"uagb-heading-text\"><strong>RAFAEL GARRIGOS GARCIA<\/strong><\/h1><\/div>\n<\/div><\/div>\n\n\n\n<div class=\"wp-block-uagb-container uagb-block-5702a126 alignfull uagb-is-root-container\"><div class=\"uagb-container-inner-blocks-wrap\">\n<div class=\"wp-block-uagb-container uagb-block-7e86f388\">\n<p>Rafael M. Garrig\u00f3s Garc\u00eda (1966, Enguera-Valencia). Er begann sein Musikstudium an der Bandschule Uni\u00f3n Musical Santa Cecilia de Enguera. Sp\u00e4ter absolvierte er Musikstudien an den h\u00f6heren Konservatorien von Valencia, Madrid, Granada und Murcia in den Fachgebieten Horn, Klavier, Harmonie, Kontrapunkt und Fuge, Komposition, Orchesterleitung und Chorleitung. Er erhielt eine au\u00dferordentliche Auszeichnung in den Fachgebieten Chordirigieren sowie Komposition und Instrumentierung. Parallel zu seinem Musikstudium absolvierte er ein Universit\u00e4tsstudium der P\u00e4dagogik.<\/p>\n<p>Er war Chefdirigent folgender Gruppen: Orchester und Chor des Professionellen Musikkonservatoriums von Ja\u00e9n, Jugendorchester des Professionellen Musikkonservatoriums von Alicante, Chorgruppe Benidorm, Crevillentina-Chor von Crevillent, Musikkapelle \u201eLa Primitiva\u201c des Association d&#039;amics of Music of Callosa d&#039;en Sarri\u00e1, Sinfonieorchester und Kammerorchester der Alteanense Philharmonic Society und Sinfoniekapelle der Musikgesellschaft \u201eLa Alianza\u201c von Mutxamel (Alicante). Derzeit ist er Chefdirigent der Band Uni\u00f3n Musical de Canyada (Alicante) und der Symphoniekapelle der Philharmonischen Gesellschaft Uni\u00f3n Musical de Agost. Mit diesen Gruppen unternahm er Konzertreisen in Portugal, Frankreich und Italien.<\/p>\n<p>Derzeit arbeitet er auch als musikalischer Leiter bei der \u201eCompa\u00f1\u00eda L\u00edrica Andaluza\u201c, mit der er Zarzuela-Auff\u00fchrungen wie \u201eAgua, Azucarillos y Aguardiente\u201c, \u201eLa Revoltosa\u201c, \u201eLa Gran Via\u201c oder \u201eDie Hochzeit von Luis Alonso\u201c auff\u00fchrt \u201c.<\/p>\n<p>Als Gast dirigierte er unter anderem die St\u00e4dtische Symphoniekapelle von Alicante, die Symphoniekapelle der Musikgesellschaft \u201eLa Primitiva Setabense\u201c von Xativa, die Uni\u00f3n Musical Band von Ibi, die Jugendkapelle von Santa Maria da Feira (Portugal) und die Symphoniekapelle der Musikgesellschaft \u201eLa Nueva\u201c von<\/p>\n<p>In seiner Rolle als Komponist wurden Werke f\u00fcr Orchester, Chor, Band und Kammermusik in Alicante, Valencia, Castell\u00f3n, Murcia, Andalusien usw. uraufgef\u00fchrt. Er hat auch verschiedene Werke p\u00e4dagogischer Natur komponiert, die Teil der Programme von waren Studium von Konservatorien wie Valencia, Castell\u00f3n und Alicante. Einige seiner Werke wurden auf RNE, Channel 9, Radio LP und RAI (italienisches Radiofernsehen) ausgestrahlt und vom AB M\u00fasica-Verlag in Valencia ver\u00f6ffentlicht.<\/p>\n<p>Er war Mitglied der Jury von Kompositions- und Auff\u00fchrungswettbewerben wie dem Musikkompositionswettbewerb des Callosa d&#039;en Sarri\u00e1 Festivals 2007 und 2008, dem Pasodobles-Kompositionswettbewerb von Mutxamel 2007 und der Endphase des 8. Regionalen Instrumentalinterpretationswettbewerbs Vinalop\u00f3 2008. , VII Festival Music Band Contest von Altea la Vella 2009, unter anderem.<\/p>\n<p>Seit 1991 ist er Mitglied der staatlichen Lehrerschaft f\u00fcr Musik und darstellende K\u00fcnste und seit 1999 ist er Professor am Alicante Professional Conservatory of Music und unterrichtet die F\u00e4cher Musiksprache, Musikinformatik und Komplement\u00e4rklavier.<\/p>\n<\/div>\n<\/div><\/div>\n\n\n<div class=\"woocommerce columns-4\"><\/div>","protected":false},"excerpt":{"rendered":"<p>RAFAEL GARRIG\u00d3S GARC\u00cdA Rafael M. Garrig\u00f3s Garc\u00eda (1966, Enguera-Valencia). Comienza sus estudios musicales en la escuela de la banda Uni\u00f3n Musical Santa Cecilia de Enguera. M\u00e1s tarde realiza estudios musicales en los conservatorios superiores de Valencia, Madrid, Granada, Murcia, en las especialidades de Trompa, Piano, Armon\u00eda, Contrapunto y fuga, Composici\u00f3n, Direcci\u00f3n de Orquesta y Direcci\u00f3n [&hellip;]<\/p>\n","protected":false},"author":4,"featured_media":0,"parent":0,"menu_order":0,"comment_status":"closed","ping_status":"closed","template":"","meta":{"_acf_changed":false,"_uag_custom_page_level_css":"","site-sidebar-layout":"default","site-content-layout":"","ast-site-content-layout":"default","site-content-style":"default","site-sidebar-style":"default","ast-global-header-display":"","ast-banner-title-visibility":"","ast-main-header-display":"","ast-hfb-above-header-display":"","ast-hfb-below-header-display":"","ast-hfb-mobile-header-display":"","site-post-title":"disabled","ast-breadcrumbs-content":"","ast-featured-img":"","footer-sml-layout":"","ast-disable-related-posts":"","theme-transparent-header-meta":"","adv-header-id-meta":"","stick-header-meta":"","header-above-stick-meta":"","header-main-stick-meta":"","header-below-stick-meta":"","astra-migrate-meta-layouts":"default","ast-page-background-enabled":"default","ast-page-background-meta":{"desktop":{"background-color":"","background-image":"","background-repeat":"repeat","background-position":"center center","background-size":"auto","background-attachment":"scroll","background-type":"","background-media":"","overlay-type":"","overlay-color":"","overlay-opacity":"","overlay-gradient":""},"tablet":{"background-color":"","background-image":"","background-repeat":"repeat","background-position":"center center","background-size":"auto","background-attachment":"scroll","background-type":"","background-media":"","overlay-type":"","overlay-color":"","overlay-opacity":"","overlay-gradient":""},"mobile":{"background-color":"","background-image":"","background-repeat":"repeat","background-position":"center center","background-size":"auto","background-attachment":"scroll","background-type":"","background-media":"","overlay-type":"","overlay-color":"","overlay-opacity":"","overlay-gradient":""}},"ast-content-background-meta":{"desktop":{"background-color":"var(--ast-global-color-5)","background-image":"","background-repeat":"repeat","background-position":"center center","background-size":"auto","background-attachment":"scroll","background-type":"","background-media":"","overlay-type":"","overlay-color":"","overlay-opacity":"","overlay-gradient":""},"tablet":{"background-color":"var(--ast-global-color-5)","background-image":"","background-repeat":"repeat","background-position":"center center","background-size":"auto","background-attachment":"scroll","background-type":"","background-media":"","overlay-type":"","overlay-color":"","overlay-opacity":"","overlay-gradient":""},"mobile":{"background-color":"var(--ast-global-color-5)","background-image":"","background-repeat":"repeat","background-position":"center center","background-size":"auto","background-attachment":"scroll","background-type":"","background-media":"","overlay-type":"","overlay-color":"","overlay-opacity":"","overlay-gradient":""}},"footnotes":""},"class_list":["post-1771","page","type-page","status-publish","hentry"],"acf":[],"yoast_head":"<!-- This site is optimized with the Yoast SEO Premium plugin v22.4 (Yoast SEO v27.4) - https:\/\/yoast.com\/product\/yoast-seo-premium-wordpress\/ -->\n<title>RAFAEL GARRIG\u00d3S GARC\u00cdA -<\/title>\n<meta name=\"robots\" content=\"index, follow, max-snippet:-1, max-image-preview:large, max-video-preview:-1\" \/>\n<link rel=\"canonical\" href=\"https:\/\/www.omnesbands.international\/de\/rafael-garrigos-garcia-2\/\" \/>\n<meta property=\"og:locale\" content=\"de_DE\" \/>\n<meta property=\"og:type\" content=\"article\" \/>\n<meta property=\"og:title\" content=\"RAFAEL GARRIG\u00d3S GARC\u00cdA\" \/>\n<meta property=\"og:description\" content=\"RAFAEL GARRIG\u00d3S GARC\u00cdA Rafael M. Garrig\u00f3s Garc\u00eda (1966, Enguera-Valencia). Comienza sus estudios musicales en la escuela de la banda Uni\u00f3n Musical Santa Cecilia de Enguera. M\u00e1s tarde realiza estudios musicales en los conservatorios superiores de Valencia, Madrid, Granada, Murcia, en las especialidades de Trompa, Piano, Armon\u00eda, Contrapunto y fuga, Composici\u00f3n, Direcci\u00f3n de Orquesta y Direcci\u00f3n [&hellip;]\" \/>\n<meta property=\"og:url\" content=\"https:\/\/www.omnesbands.international\/de\/rafael-garrigos-garcia-2\/\" \/>\n<meta property=\"article:modified_time\" content=\"2023-01-29T16:32:23+00:00\" \/>\n<meta property=\"og:image\" content=\"https:\/\/www.omnesbands.international\/wp-content\/uploads\/2023\/01\/music-sheet-music-snowdrop-7107045.jpg\" \/>\n\t<meta property=\"og:image:width\" content=\"1280\" \/>\n\t<meta property=\"og:image:height\" content=\"742\" \/>\n\t<meta property=\"og:image:type\" content=\"image\/jpeg\" \/>\n<meta name=\"twitter:card\" content=\"summary_large_image\" \/>\n<meta name=\"twitter:label1\" content=\"Gesch\u00e4tzte Lesezeit\" \/>\n\t<meta name=\"twitter:data1\" content=\"3\u00a0Minuten\" \/>\n<script type=\"application\/ld+json\" class=\"yoast-schema-graph\">{\"@context\":\"https:\\\/\\\/schema.org\",\"@graph\":[{\"@type\":\"WebPage\",\"@id\":\"https:\\\/\\\/www.omnesbands.international\\\/rafael-garrigos-garcia-2\\\/\",\"url\":\"https:\\\/\\\/www.omnesbands.international\\\/rafael-garrigos-garcia-2\\\/\",\"name\":\"RAFAEL GARRIG\u00d3S GARC\u00cdA -\",\"isPartOf\":{\"@id\":\"https:\\\/\\\/www.omnesbands.international\\\/#website\"},\"datePublished\":\"2023-01-29T16:30:52+00:00\",\"dateModified\":\"2023-01-29T16:32:23+00:00\",\"breadcrumb\":{\"@id\":\"https:\\\/\\\/www.omnesbands.international\\\/rafael-garrigos-garcia-2\\\/#breadcrumb\"},\"inLanguage\":\"de\",\"potentialAction\":[{\"@type\":\"ReadAction\",\"target\":[\"https:\\\/\\\/www.omnesbands.international\\\/rafael-garrigos-garcia-2\\\/\"]}]},{\"@type\":\"BreadcrumbList\",\"@id\":\"https:\\\/\\\/www.omnesbands.international\\\/rafael-garrigos-garcia-2\\\/#breadcrumb\",\"itemListElement\":[{\"@type\":\"ListItem\",\"position\":1,\"name\":\"Portada\",\"item\":\"https:\\\/\\\/www.omnesbands.international\\\/\"},{\"@type\":\"ListItem\",\"position\":2,\"name\":\"RAFAEL GARRIG\u00d3S GARC\u00cdA\"}]},{\"@type\":\"WebSite\",\"@id\":\"https:\\\/\\\/www.omnesbands.international\\\/#website\",\"url\":\"https:\\\/\\\/www.omnesbands.international\\\/\",\"name\":\"OMNESBANDS International\",\"description\":\"Partituras Originales de autores y compositores independientes\",\"publisher\":{\"@id\":\"https:\\\/\\\/www.omnesbands.international\\\/#organization\"},\"potentialAction\":[{\"@type\":\"SearchAction\",\"target\":{\"@type\":\"EntryPoint\",\"urlTemplate\":\"https:\\\/\\\/www.omnesbands.international\\\/?s={search_term_string}\"},\"query-input\":{\"@type\":\"PropertyValueSpecification\",\"valueRequired\":true,\"valueName\":\"search_term_string\"}}],\"inLanguage\":\"de\"},{\"@type\":\"Organization\",\"@id\":\"https:\\\/\\\/www.omnesbands.international\\\/#organization\",\"name\":\"Indra Consultores Internacionales\",\"alternateName\":\"Omnesbands\",\"url\":\"https:\\\/\\\/www.omnesbands.international\\\/\",\"logo\":{\"@type\":\"ImageObject\",\"inLanguage\":\"de\",\"@id\":\"https:\\\/\\\/www.omnesbands.international\\\/#\\\/schema\\\/logo\\\/image\\\/\",\"url\":\"https:\\\/\\\/omnesbands.international\\\/wp-content\\\/uploads\\\/2023\\\/06\\\/Logo-Nuevo-.png\",\"contentUrl\":\"https:\\\/\\\/omnesbands.international\\\/wp-content\\\/uploads\\\/2023\\\/06\\\/Logo-Nuevo-.png\",\"width\":394,\"height\":212,\"caption\":\"Indra Consultores Internacionales\"},\"image\":{\"@id\":\"https:\\\/\\\/www.omnesbands.international\\\/#\\\/schema\\\/logo\\\/image\\\/\"}}]}<\/script>\n<!-- \/ Yoast SEO Premium plugin. -->","yoast_head_json":{"title":"RAFAEL GARRIG\u00d3S GARC\u00cdA -","robots":{"index":"index","follow":"follow","max-snippet":"max-snippet:-1","max-image-preview":"max-image-preview:large","max-video-preview":"max-video-preview:-1"},"canonical":"https:\/\/www.omnesbands.international\/de\/rafael-garrigos-garcia-2\/","og_locale":"de_DE","og_type":"article","og_title":"RAFAEL GARRIG\u00d3S GARC\u00cdA","og_description":"RAFAEL GARRIG\u00d3S GARC\u00cdA Rafael M. Garrig\u00f3s Garc\u00eda (1966, Enguera-Valencia). Comienza sus estudios musicales en la escuela de la banda Uni\u00f3n Musical Santa Cecilia de Enguera. M\u00e1s tarde realiza estudios musicales en los conservatorios superiores de Valencia, Madrid, Granada, Murcia, en las especialidades de Trompa, Piano, Armon\u00eda, Contrapunto y fuga, Composici\u00f3n, Direcci\u00f3n de Orquesta y Direcci\u00f3n [&hellip;]","og_url":"https:\/\/www.omnesbands.international\/de\/rafael-garrigos-garcia-2\/","article_modified_time":"2023-01-29T16:32:23+00:00","og_image":[{"width":1280,"height":742,"url":"https:\/\/www.omnesbands.international\/wp-content\/uploads\/2023\/01\/music-sheet-music-snowdrop-7107045.jpg","type":"image\/jpeg"}],"twitter_card":"summary_large_image","twitter_misc":{"Gesch\u00e4tzte Lesezeit":"3\u00a0Minuten"},"schema":{"@context":"https:\/\/schema.org","@graph":[{"@type":"WebPage","@id":"https:\/\/www.omnesbands.international\/rafael-garrigos-garcia-2\/","url":"https:\/\/www.omnesbands.international\/rafael-garrigos-garcia-2\/","name":"RAFAEL GARRIG\u00d3S GARC\u00cdA -","isPartOf":{"@id":"https:\/\/www.omnesbands.international\/#website"},"datePublished":"2023-01-29T16:30:52+00:00","dateModified":"2023-01-29T16:32:23+00:00","breadcrumb":{"@id":"https:\/\/www.omnesbands.international\/rafael-garrigos-garcia-2\/#breadcrumb"},"inLanguage":"de","potentialAction":[{"@type":"ReadAction","target":["https:\/\/www.omnesbands.international\/rafael-garrigos-garcia-2\/"]}]},{"@type":"BreadcrumbList","@id":"https:\/\/www.omnesbands.international\/rafael-garrigos-garcia-2\/#breadcrumb","itemListElement":[{"@type":"ListItem","position":1,"name":"Portada","item":"https:\/\/www.omnesbands.international\/"},{"@type":"ListItem","position":2,"name":"RAFAEL GARRIG\u00d3S GARC\u00cdA"}]},{"@type":"WebSite","@id":"https:\/\/www.omnesbands.international\/#website","url":"https:\/\/www.omnesbands.international\/","name":"OMNESBANDS International","description":"Original-Noten von unabh\u00e4ngigen Autoren und Komponisten","publisher":{"@id":"https:\/\/www.omnesbands.international\/#organization"},"potentialAction":[{"@type":"SearchAction","target":{"@type":"EntryPoint","urlTemplate":"https:\/\/www.omnesbands.international\/?s={search_term_string}"},"query-input":{"@type":"PropertyValueSpecification","valueRequired":true,"valueName":"search_term_string"}}],"inLanguage":"de"},{"@type":"Organization","@id":"https:\/\/www.omnesbands.international\/#organization","name":"Indra Internationale Berater","alternateName":"Omnesbands","url":"https:\/\/www.omnesbands.international\/","logo":{"@type":"ImageObject","inLanguage":"de","@id":"https:\/\/www.omnesbands.international\/#\/schema\/logo\/image\/","url":"https:\/\/omnesbands.international\/wp-content\/uploads\/2023\/06\/Logo-Nuevo-.png","contentUrl":"https:\/\/omnesbands.international\/wp-content\/uploads\/2023\/06\/Logo-Nuevo-.png","width":394,"height":212,"caption":"Indra Consultores Internacionales"},"image":{"@id":"https:\/\/www.omnesbands.international\/#\/schema\/logo\/image\/"}}]}},"uagb_featured_image_src":{"full":false,"thumbnail":false,"medium":false,"medium_large":false,"large":false,"1536x1536":false,"2048x2048":false,"trp-custom-language-flag":false,"gg_gallery_thumbnail":false,"woocommerce_thumbnail":false,"woocommerce_single":false,"woocommerce_gallery_thumbnail":false},"uagb_author_info":{"display_name":"Melvin R. Portillo A:","author_link":"https:\/\/www.omnesbands.international\/de\/author\/portand\/"},"uagb_comment_info":0,"uagb_excerpt":"RAFAEL GARRIG\u00d3S GARC\u00cdA Rafael M. Garrig\u00f3s Garc\u00eda (1966, Enguera-Valencia). Comienza sus estudios musicales en la escuela de la banda Uni\u00f3n Musical Santa Cecilia de Enguera. M\u00e1s tarde realiza estudios musicales en los conservatorios superiores de Valencia, Madrid, Granada, Murcia, en las especialidades de Trompa, Piano, Armon\u00eda, Contrapunto y fuga, Composici\u00f3n, Direcci\u00f3n de Orquesta y Direcci\u00f3n&hellip;","_links":{"self":[{"href":"https:\/\/www.omnesbands.international\/de\/wp-json\/wp\/v2\/pages\/1771","targetHints":{"allow":["GET"]}}],"collection":[{"href":"https:\/\/www.omnesbands.international\/de\/wp-json\/wp\/v2\/pages"}],"about":[{"href":"https:\/\/www.omnesbands.international\/de\/wp-json\/wp\/v2\/types\/page"}],"author":[{"embeddable":true,"href":"https:\/\/www.omnesbands.international\/de\/wp-json\/wp\/v2\/users\/4"}],"replies":[{"embeddable":true,"href":"https:\/\/www.omnesbands.international\/de\/wp-json\/wp\/v2\/comments?post=1771"}],"version-history":[{"count":2,"href":"https:\/\/www.omnesbands.international\/de\/wp-json\/wp\/v2\/pages\/1771\/revisions"}],"predecessor-version":[{"id":1773,"href":"https:\/\/www.omnesbands.international\/de\/wp-json\/wp\/v2\/pages\/1771\/revisions\/1773"}],"wp:attachment":[{"href":"https:\/\/www.omnesbands.international\/de\/wp-json\/wp\/v2\/media?parent=1771"}],"curies":[{"name":"wp","href":"https:\/\/api.w.org\/{rel}","templated":true}]}}