{"id":1776,"date":"2023-01-29T13:54:10","date_gmt":"2023-01-29T19:54:10","guid":{"rendered":"https:\/\/omnesbands.international\/?page_id=1776"},"modified":"2023-02-03T20:15:51","modified_gmt":"2023-02-04T02:15:51","slug":"pablo-bas-2","status":"publish","type":"page","link":"https:\/\/www.omnesbands.international\/de\/pablo-bas-2\/","title":{"rendered":"PAUL BAS"},"content":{"rendered":"<div class=\"wp-block-uagb-container uagb-block-0fe4fa0e alignfull uagb-is-root-container\"><div class=\"uagb-container-inner-blocks-wrap\">\n<div class=\"wp-block-uagb-advanced-heading uagb-block-d9b7ea22\"><h1 class=\"uagb-heading-text\"><strong>PAUL BAS<\/strong><\/h1><\/div>\n<\/div><\/div>\n\n\n\n<div class=\"wp-block-uagb-container uagb-block-ff996198 alignfull uagb-is-root-container\"><div class=\"uagb-container-inner-blocks-wrap\">\n<div class=\"wp-block-uagb-container uagb-block-e2a2cbd9\">\n<p dir=\"ltr\">Geboren 1992 und geb\u00fcrtig aus Benig\u00e0nim, begann er sein Studium an der Musical Instructional Society (SIM) und setzte es am X\u00e0tiva Professional Conservatory mit Spezialisierung auf Saxophon fort. Danach tritt er in die Spezialit\u00e4t Komposition am Superior Conservatory von Castell\u00f3n ein. In dieser Institution erh\u00e4lt er Meisterkurse von international bedeutenden Komponisten wie ua GF Haas, Yann Robin oder GP Luppi. Anschlie\u00dfend schloss er sein k\u00fcnstlerisches Studium mit einem Master in Kulturmanagement an der Polytechnischen Universit\u00e4t Valencia (UPV) ab. Als Komponist ist er seit 8 Jahren t\u00e4tig und hat in dieser Zeit mehr als 160 Werke unterschiedlicher Stilrichtungen und Gruppen komponiert.<\/p>\n<p dir=\"ltr\">Seine Werke haben bei verschiedenen festlichen Musik- und Fallas-Pasodobles-Wettbewerben um Preise konkurriert. Damit erhielt er den 2. Preis beim Wettbewerb der Jugendmusikwerkstatt in der Kategorie Kinderchor. Seine Musik erscheint auch in Werken und Dokumentationen einiger Universit\u00e4ten wie der UMH, der UV und der UCV, was den Auftritt im internationalen Fernsehen \u201eAljazeera\u201c hervorhebt. Dar\u00fcber hinaus wurde sein Werk \u201eJard\u00edn del Turia\u201c f\u00fcr das Album ausgew\u00e4hlt, das valencianische Musik f\u00fcr die Midwest Clinic in Chicago (USA) repr\u00e4sentiert.<\/p>\n<p dir=\"ltr\">In der Welt der audiovisuellen und darstellenden K\u00fcnste wurden sein Aufenthalt als Komponist in der Migrodanza-Tanzkompanie von Valencia, sein Musical \u201eEn busca del fin del mundo\u201c, das im Talia-Theater aufgef\u00fchrt wurde, und seine Musik im Kurzfilm L\u00edmites, der in mehr als 15 Jahren gezeigt wurde L\u00e4nder, die in Hongkong den Publikumspreis erhalten.\u00a0<\/p>\n<\/div>\n<\/div><\/div>\n\n\n<div class=\"woocommerce columns-4\"><ul class=\"products columns-4\">\n<li class=\"desktop-align-left tablet-align-left mobile-align-left ast-product-gallery-layout-horizontal-slider product type-product post-1847 status-publish first instock product_cat-pasodobles product_tag-pablo-bas has-post-thumbnail featured downloadable virtual taxable purchasable product-type-simple\">\n\t<a href=\"https:\/\/www.omnesbands.international\/de\/produkt\/pepica-la-corista\/\" class=\"woocommerce-LoopProduct-link woocommerce-loop-product__link\"><img loading=\"lazy\" decoding=\"async\" width=\"300\" height=\"300\" src=\"https:\/\/www.omnesbands.international\/wp-content\/uploads\/2023\/02\/Pepica-300x300.jpg\" class=\"attachment-woocommerce_thumbnail size-woocommerce_thumbnail\" alt=\"Pepica\" srcset=\"https:\/\/www.omnesbands.international\/wp-content\/uploads\/2023\/02\/Pepica-300x300.jpg 300w, https:\/\/www.omnesbands.international\/wp-content\/uploads\/2023\/02\/Pepica-150x150.jpg 150w, https:\/\/www.omnesbands.international\/wp-content\/uploads\/2023\/02\/Pepica-11x12.jpg 11w, https:\/\/www.omnesbands.international\/wp-content\/uploads\/2023\/02\/Pepica-100x100.jpg 100w\" sizes=\"auto, (max-width: 300px) 100vw, 300px\" \/><h2 class=\"woocommerce-loop-product__title\">Pepica das Showgirl<\/h2>\n\t<span class=\"price\"><span class=\"woocommerce-Price-amount amount\"><bdi><span class=\"woocommerce-Price-currencySymbol\">&#36;<\/span>25.00<\/bdi><\/span><\/span>\n<\/a><a href=\"\/de\/wp-json\/wp\/v2\/pages\/1776?add-to-cart=1847\" aria-describedby=\"woocommerce_loop_add_to_cart_link_describedby_1847\" data-quantity=\"1\" class=\"button product_type_simple add_to_cart_button ajax_add_to_cart\" data-product_id=\"1847\" data-product_sku=\"PEPC-PAS-ESP-22\" aria-label=\"Zum Warenkorb hinzuf\u00fcgen: \u201ePepica la corista\u201c\" rel=\"nofollow\" data-success_message=\"\u201ePepica la corista\u201c wurde deinem Warenkorb hinzugef\u00fcgt\" role=\"button\" data-no-translation=\"\" data-trp-gettext=\"\" data-no-translation-aria-label=\"\" data-no-translation-data-success_message=\"\">In den Warenkorb<\/a>\t<span id=\"woocommerce_loop_add_to_cart_link_describedby_1847\" class=\"screen-reader-text\">\n\t\t\t<\/span>\n<\/li>\n<\/ul>\n<\/div>","protected":false},"excerpt":{"rendered":"<p>PABLO BAS Nacido en 1992 y natural de Benig\u00e0nim, inicia sus estudios en la Sociedad Instructiva Musical (SIM), continuando en el Conservatorio Profesional de X\u00e0tiva en la especialidad de saxof\u00f3n. Seguidamente, accede al Conservatorio Superior de Castell\u00f3n en la especialidad de Composici\u00f3n. En esta instituci\u00f3n recibe clases magistrales de compositores de relevancia internacional como G. [&hellip;]<\/p>\n","protected":false},"author":4,"featured_media":0,"parent":0,"menu_order":0,"comment_status":"closed","ping_status":"closed","template":"","meta":{"_acf_changed":false,"_uag_custom_page_level_css":"","site-sidebar-layout":"default","site-content-layout":"","ast-site-content-layout":"default","site-content-style":"default","site-sidebar-style":"default","ast-global-header-display":"","ast-banner-title-visibility":"","ast-main-header-display":"","ast-hfb-above-header-display":"","ast-hfb-below-header-display":"","ast-hfb-mobile-header-display":"","site-post-title":"disabled","ast-breadcrumbs-content":"","ast-featured-img":"","footer-sml-layout":"","ast-disable-related-posts":"","theme-transparent-header-meta":"","adv-header-id-meta":"","stick-header-meta":"","header-above-stick-meta":"","header-main-stick-meta":"","header-below-stick-meta":"","astra-migrate-meta-layouts":"default","ast-page-background-enabled":"default","ast-page-background-meta":{"desktop":{"background-color":"","background-image":"","background-repeat":"repeat","background-position":"center center","background-size":"auto","background-attachment":"scroll","background-type":"","background-media":"","overlay-type":"","overlay-color":"","overlay-opacity":"","overlay-gradient":""},"tablet":{"background-color":"","background-image":"","background-repeat":"repeat","background-position":"center center","background-size":"auto","background-attachment":"scroll","background-type":"","background-media":"","overlay-type":"","overlay-color":"","overlay-opacity":"","overlay-gradient":""},"mobile":{"background-color":"","background-image":"","background-repeat":"repeat","background-position":"center center","background-size":"auto","background-attachment":"scroll","background-type":"","background-media":"","overlay-type":"","overlay-color":"","overlay-opacity":"","overlay-gradient":""}},"ast-content-background-meta":{"desktop":{"background-color":"var(--ast-global-color-5)","background-image":"","background-repeat":"repeat","background-position":"center center","background-size":"auto","background-attachment":"scroll","background-type":"","background-media":"","overlay-type":"","overlay-color":"","overlay-opacity":"","overlay-gradient":""},"tablet":{"background-color":"var(--ast-global-color-5)","background-image":"","background-repeat":"repeat","background-position":"center center","background-size":"auto","background-attachment":"scroll","background-type":"","background-media":"","overlay-type":"","overlay-color":"","overlay-opacity":"","overlay-gradient":""},"mobile":{"background-color":"var(--ast-global-color-5)","background-image":"","background-repeat":"repeat","background-position":"center center","background-size":"auto","background-attachment":"scroll","background-type":"","background-media":"","overlay-type":"","overlay-color":"","overlay-opacity":"","overlay-gradient":""}},"footnotes":""},"class_list":["post-1776","page","type-page","status-publish","hentry"],"acf":[],"yoast_head":"<!-- This site is optimized with the Yoast SEO Premium plugin v22.4 (Yoast SEO v27.4) - https:\/\/yoast.com\/product\/yoast-seo-premium-wordpress\/ -->\n<title>PABLO BAS -<\/title>\n<meta name=\"robots\" content=\"index, follow, max-snippet:-1, max-image-preview:large, max-video-preview:-1\" \/>\n<link rel=\"canonical\" href=\"https:\/\/www.omnesbands.international\/de\/pablo-bas-2\/\" \/>\n<meta property=\"og:locale\" content=\"de_DE\" \/>\n<meta property=\"og:type\" content=\"article\" \/>\n<meta property=\"og:title\" content=\"PABLO BAS\" \/>\n<meta property=\"og:description\" content=\"PABLO BAS Nacido en 1992 y natural de Benig\u00e0nim, inicia sus estudios en la Sociedad Instructiva Musical (SIM), continuando en el Conservatorio Profesional de X\u00e0tiva en la especialidad de saxof\u00f3n. Seguidamente, accede al Conservatorio Superior de Castell\u00f3n en la especialidad de Composici\u00f3n. En esta instituci\u00f3n recibe clases magistrales de compositores de relevancia internacional como G. [&hellip;]\" \/>\n<meta property=\"og:url\" content=\"https:\/\/www.omnesbands.international\/de\/pablo-bas-2\/\" \/>\n<meta property=\"article:modified_time\" content=\"2023-02-04T02:15:51+00:00\" \/>\n<meta property=\"og:image\" content=\"https:\/\/www.omnesbands.international\/wp-content\/uploads\/2023\/01\/music-sheet-music-snowdrop-7107045.jpg\" \/>\n\t<meta property=\"og:image:width\" content=\"1280\" \/>\n\t<meta property=\"og:image:height\" content=\"742\" \/>\n\t<meta property=\"og:image:type\" content=\"image\/jpeg\" \/>\n<meta name=\"twitter:card\" content=\"summary_large_image\" \/>\n<meta name=\"twitter:label1\" content=\"Gesch\u00e4tzte Lesezeit\" \/>\n\t<meta name=\"twitter:data1\" content=\"1\u00a0Minute\" \/>\n<script type=\"application\/ld+json\" class=\"yoast-schema-graph\">{\"@context\":\"https:\\\/\\\/schema.org\",\"@graph\":[{\"@type\":\"WebPage\",\"@id\":\"https:\\\/\\\/www.omnesbands.international\\\/en\\\/pablo-bas-2\\\/\",\"url\":\"https:\\\/\\\/www.omnesbands.international\\\/en\\\/pablo-bas-2\\\/\",\"name\":\"PABLO BAS -\",\"isPartOf\":{\"@id\":\"https:\\\/\\\/www.omnesbands.international\\\/#website\"},\"datePublished\":\"2023-01-29T19:54:10+00:00\",\"dateModified\":\"2023-02-04T02:15:51+00:00\",\"breadcrumb\":{\"@id\":\"https:\\\/\\\/www.omnesbands.international\\\/en\\\/pablo-bas-2\\\/#breadcrumb\"},\"inLanguage\":\"de\",\"potentialAction\":[{\"@type\":\"ReadAction\",\"target\":[\"https:\\\/\\\/www.omnesbands.international\\\/en\\\/pablo-bas-2\\\/\"]}]},{\"@type\":\"BreadcrumbList\",\"@id\":\"https:\\\/\\\/www.omnesbands.international\\\/en\\\/pablo-bas-2\\\/#breadcrumb\",\"itemListElement\":[{\"@type\":\"ListItem\",\"position\":1,\"name\":\"Portada\",\"item\":\"https:\\\/\\\/www.omnesbands.international\\\/\"},{\"@type\":\"ListItem\",\"position\":2,\"name\":\"PABLO BAS\"}]},{\"@type\":\"WebSite\",\"@id\":\"https:\\\/\\\/www.omnesbands.international\\\/#website\",\"url\":\"https:\\\/\\\/www.omnesbands.international\\\/\",\"name\":\"OMNESBANDS International\",\"description\":\"Partituras Originales de autores y compositores independientes\",\"publisher\":{\"@id\":\"https:\\\/\\\/www.omnesbands.international\\\/#organization\"},\"potentialAction\":[{\"@type\":\"SearchAction\",\"target\":{\"@type\":\"EntryPoint\",\"urlTemplate\":\"https:\\\/\\\/www.omnesbands.international\\\/?s={search_term_string}\"},\"query-input\":{\"@type\":\"PropertyValueSpecification\",\"valueRequired\":true,\"valueName\":\"search_term_string\"}}],\"inLanguage\":\"de\"},{\"@type\":\"Organization\",\"@id\":\"https:\\\/\\\/www.omnesbands.international\\\/#organization\",\"name\":\"Indra Consultores Internacionales\",\"alternateName\":\"Omnesbands\",\"url\":\"https:\\\/\\\/www.omnesbands.international\\\/\",\"logo\":{\"@type\":\"ImageObject\",\"inLanguage\":\"de\",\"@id\":\"https:\\\/\\\/www.omnesbands.international\\\/#\\\/schema\\\/logo\\\/image\\\/\",\"url\":\"https:\\\/\\\/omnesbands.international\\\/wp-content\\\/uploads\\\/2023\\\/06\\\/Logo-Nuevo-.png\",\"contentUrl\":\"https:\\\/\\\/omnesbands.international\\\/wp-content\\\/uploads\\\/2023\\\/06\\\/Logo-Nuevo-.png\",\"width\":394,\"height\":212,\"caption\":\"Indra Consultores Internacionales\"},\"image\":{\"@id\":\"https:\\\/\\\/www.omnesbands.international\\\/#\\\/schema\\\/logo\\\/image\\\/\"}}]}<\/script>\n<!-- \/ Yoast SEO Premium plugin. -->","yoast_head_json":{"title":"PABLO BAS -","robots":{"index":"index","follow":"follow","max-snippet":"max-snippet:-1","max-image-preview":"max-image-preview:large","max-video-preview":"max-video-preview:-1"},"canonical":"https:\/\/www.omnesbands.international\/de\/pablo-bas-2\/","og_locale":"de_DE","og_type":"article","og_title":"PABLO BAS","og_description":"PABLO BAS Nacido en 1992 y natural de Benig\u00e0nim, inicia sus estudios en la Sociedad Instructiva Musical (SIM), continuando en el Conservatorio Profesional de X\u00e0tiva en la especialidad de saxof\u00f3n. Seguidamente, accede al Conservatorio Superior de Castell\u00f3n en la especialidad de Composici\u00f3n. En esta instituci\u00f3n recibe clases magistrales de compositores de relevancia internacional como G. [&hellip;]","og_url":"https:\/\/www.omnesbands.international\/de\/pablo-bas-2\/","article_modified_time":"2023-02-04T02:15:51+00:00","og_image":[{"width":1280,"height":742,"url":"https:\/\/www.omnesbands.international\/wp-content\/uploads\/2023\/01\/music-sheet-music-snowdrop-7107045.jpg","type":"image\/jpeg"}],"twitter_card":"summary_large_image","twitter_misc":{"Gesch\u00e4tzte Lesezeit":"1\u00a0Minute"},"schema":{"@context":"https:\/\/schema.org","@graph":[{"@type":"WebPage","@id":"https:\/\/www.omnesbands.international\/en\/pablo-bas-2\/","url":"https:\/\/www.omnesbands.international\/en\/pablo-bas-2\/","name":"PABLO BAS -","isPartOf":{"@id":"https:\/\/www.omnesbands.international\/#website"},"datePublished":"2023-01-29T19:54:10+00:00","dateModified":"2023-02-04T02:15:51+00:00","breadcrumb":{"@id":"https:\/\/www.omnesbands.international\/en\/pablo-bas-2\/#breadcrumb"},"inLanguage":"de","potentialAction":[{"@type":"ReadAction","target":["https:\/\/www.omnesbands.international\/en\/pablo-bas-2\/"]}]},{"@type":"BreadcrumbList","@id":"https:\/\/www.omnesbands.international\/en\/pablo-bas-2\/#breadcrumb","itemListElement":[{"@type":"ListItem","position":1,"name":"Portada","item":"https:\/\/www.omnesbands.international\/"},{"@type":"ListItem","position":2,"name":"PABLO BAS"}]},{"@type":"WebSite","@id":"https:\/\/www.omnesbands.international\/#website","url":"https:\/\/www.omnesbands.international\/","name":"OMNESBANDS International","description":"Original-Noten von unabh\u00e4ngigen Autoren und Komponisten","publisher":{"@id":"https:\/\/www.omnesbands.international\/#organization"},"potentialAction":[{"@type":"SearchAction","target":{"@type":"EntryPoint","urlTemplate":"https:\/\/www.omnesbands.international\/?s={search_term_string}"},"query-input":{"@type":"PropertyValueSpecification","valueRequired":true,"valueName":"search_term_string"}}],"inLanguage":"de"},{"@type":"Organization","@id":"https:\/\/www.omnesbands.international\/#organization","name":"Indra Internationale Berater","alternateName":"Omnesbands","url":"https:\/\/www.omnesbands.international\/","logo":{"@type":"ImageObject","inLanguage":"de","@id":"https:\/\/www.omnesbands.international\/#\/schema\/logo\/image\/","url":"https:\/\/omnesbands.international\/wp-content\/uploads\/2023\/06\/Logo-Nuevo-.png","contentUrl":"https:\/\/omnesbands.international\/wp-content\/uploads\/2023\/06\/Logo-Nuevo-.png","width":394,"height":212,"caption":"Indra Consultores Internacionales"},"image":{"@id":"https:\/\/www.omnesbands.international\/#\/schema\/logo\/image\/"}}]}},"uagb_featured_image_src":{"full":false,"thumbnail":false,"medium":false,"medium_large":false,"large":false,"1536x1536":false,"2048x2048":false,"trp-custom-language-flag":false,"gg_gallery_thumbnail":false,"woocommerce_thumbnail":false,"woocommerce_single":false,"woocommerce_gallery_thumbnail":false},"uagb_author_info":{"display_name":"Melvin R. Portillo A:","author_link":"https:\/\/www.omnesbands.international\/de\/author\/portand\/"},"uagb_comment_info":0,"uagb_excerpt":"PABLO BAS Nacido en 1992 y natural de Benig\u00e0nim, inicia sus estudios en la Sociedad Instructiva Musical (SIM), continuando en el Conservatorio Profesional de X\u00e0tiva en la especialidad de saxof\u00f3n. Seguidamente, accede al Conservatorio Superior de Castell\u00f3n en la especialidad de Composici\u00f3n. En esta instituci\u00f3n recibe clases magistrales de compositores de relevancia internacional como G.&hellip;","_links":{"self":[{"href":"https:\/\/www.omnesbands.international\/de\/wp-json\/wp\/v2\/pages\/1776","targetHints":{"allow":["GET"]}}],"collection":[{"href":"https:\/\/www.omnesbands.international\/de\/wp-json\/wp\/v2\/pages"}],"about":[{"href":"https:\/\/www.omnesbands.international\/de\/wp-json\/wp\/v2\/types\/page"}],"author":[{"embeddable":true,"href":"https:\/\/www.omnesbands.international\/de\/wp-json\/wp\/v2\/users\/4"}],"replies":[{"embeddable":true,"href":"https:\/\/www.omnesbands.international\/de\/wp-json\/wp\/v2\/comments?post=1776"}],"version-history":[{"count":3,"href":"https:\/\/www.omnesbands.international\/de\/wp-json\/wp\/v2\/pages\/1776\/revisions"}],"predecessor-version":[{"id":1858,"href":"https:\/\/www.omnesbands.international\/de\/wp-json\/wp\/v2\/pages\/1776\/revisions\/1858"}],"wp:attachment":[{"href":"https:\/\/www.omnesbands.international\/de\/wp-json\/wp\/v2\/media?parent=1776"}],"curies":[{"name":"wp","href":"https:\/\/api.w.org\/{rel}","templated":true}]}}