{"id":1787,"date":"2023-01-29T14:31:19","date_gmt":"2023-01-29T20:31:19","guid":{"rendered":"https:\/\/omnesbands.international\/?page_id=1787"},"modified":"2023-01-29T14:31:21","modified_gmt":"2023-01-29T20:31:21","slug":"salva-lujan-2","status":"publish","type":"page","link":"https:\/\/www.omnesbands.international\/de\/salva-lujan-2\/","title":{"rendered":"RETTE LUJAN"},"content":{"rendered":"<div class=\"wp-block-uagb-container uagb-block-a7b23003 alignfull uagb-is-root-container\"><div class=\"uagb-container-inner-blocks-wrap\">\n<div class=\"wp-block-uagb-advanced-heading uagb-block-70312929\"><h1 class=\"uagb-heading-text\"><strong>RETTE LUJAN<\/strong><\/h1><\/div>\n<\/div><\/div>\n\n\n\n<div class=\"wp-block-uagb-container uagb-block-06d72329 alignfull uagb-is-root-container\"><div class=\"uagb-container-inner-blocks-wrap\">\n<div class=\"wp-block-uagb-container uagb-block-776c9fb9\">\n<p>SALVA LUJ\u00c1N ist ein in Valencia (Spanien) geborener Komponist und Dirigent. Er unterrichtet Komposition am Oberkonservatorium \u201eSalvador Segu\u00ed\u201c in Castell\u00f3n, ist Chefdirigent der Ayorense Musical Society und wiederum gesch\u00e4ftsf\u00fchrendes Mitglied der Vereinigung der Symphoniker der Valencianischen Gemeinschaft (COSICOVA).<\/p>\n<p>Seit seiner Kindheit versp\u00fcrte Salva immer das Bed\u00fcrfnis zu kommunizieren, und seine Erfahrungen mit dem Klavierunterricht schon in jungen Jahren f\u00fchrten dazu, dass er dies nat\u00fcrlich \u00fcber die Musik tat. Seine fr\u00fche Besch\u00e4ftigung mit der Komposition wurde w\u00e4hrend seiner Jugendzeit gef\u00f6rdert und das Erlernen der Harmonielehre bei seinem Lehrer und Freund Miguel \u00c1ngel Mateu brachte ihn dazu, Musik aus einer anderen als der herk\u00f6mmlichen Perspektive zu verstehen.<\/p>\n<p>Seine Leidenschaft f\u00fcr die Kunst der Musik und der Wunsch, seine Kreativit\u00e4t weiterzuentwickeln, f\u00fchrten ihn zu einer Ausbildung an mehreren Konservatorien, wo er den Titel eines Professors f\u00fcr Solfeggio, Musiktheorie, Reue, Transposition und Klavier erlangte. Ausbildung, die sp\u00e4ter durch einen h\u00f6heren Abschluss in Komposition und Orchestrierung und einen Master-Abschluss in Musikforschung an der Internationalen Universit\u00e4t Valencia erg\u00e4nzt wird.<\/p>\n<p>Nach Abschluss seiner Ausbildung konzentrierte Salva seine kreative Arbeit auf ein einziges Ziel; den emotionalen Wert der Musik zu kommunizieren und zu steigern, indem man sie mit mehrfarbigen Prismen versieht, um sie f\u00fcr das Publikum, das letztendlich der gro\u00dfe Empf\u00e4nger ist, attraktiv, herzlich und nachhaltig zu machen.<\/p>\n<p>Heute werden ihre Werke, in denen die Musik f\u00fcr Blasorchester vorherrscht, in zahlreichen L\u00e4ndern aufgef\u00fchrt und studiert. Dar\u00fcber hinaus wurden sie f\u00fcr die Euterpe Awards (2009) nominiert und bei zahlreichen Kompositionswettbewerben im In- und Ausland ausgezeichnet, beispielsweise beim III Ibero-American Kompositionswettbewerb \u201eVilla de Ortigueira\u201c in Galizien (2010) oder der IV. Internationale Kompositionswettbewerb \u201eLa Prime L&#039;\u00fas\u201c in Bertiolo (Italien, 2013) oder die Fideu-Musikpreise in der Sektion \u201eMusical Creation\u201c (2021). Andere.<\/p>\n<p>Parallel zu seinen Facetten als Komponist und Lehrer wurde seine Arbeit als Dirigent, dessen Ausbildung die Lehrer Jan Cober, Jos\u00e9 Rafael Pascual Vilaplana und Ferrer Ferran betreuten, weithin anerkannt und ausgezeichnet. Dazu geh\u00f6ren unter anderem: Gewinner des I. Nationalen Wettbewerbs f\u00fcr Dirigenten von Musikkapellen \u201eCueva de Medrano\u201c in Ciudad Real (2008), sowie zahlreiche Auszeichnungen in verschiedenen Wettbewerben wie der 1. Preis (Honourable Mention) in der zweiten Kategorie des Internationaler Bandwettbewerb \u201eCiutat de Val\u00e8ncia\u201c im Jahr 2014. Da er sich bewusst ist, dass Exzellenz in diesem Bereich eine st\u00e4ndige Ausbildung erfordert, erforscht er trotz seiner fast 20-j\u00e4hrigen Erfahrung weiterhin Musik mit international renommierten Meistern wie Miquel Rodrigo i Tamarit. <br \/><br \/>Derzeit lebt und arbeitet Salva f\u00fcr und f\u00fcr die Musik. Er wird als Jurymitglied bei verschiedenen Wettbewerben wie dem 39. Wettbewerb f\u00fcr valencianische Musikkapellen angefragt und zu Vortr\u00e4gen und zum Dirigieren seiner eigenen Musik in zahlreichen Musikgruppen wie der Stadtkapelle eingeladen . de Mur\u00e7a (Portugal), die Harmonie Municipale D&#039;Orthez (Frankreich) oder die Stadtkapelle von Marratx\u00ed auf Mallorca (Spanien). Im kompositorischen Bereich hat er verschiedene Auftr\u00e4ge, die in den n\u00e4chsten zwei Jahren uraufgef\u00fchrt werden.<\/p>\n<\/div>\n<\/div><\/div>\n\n\n<div class=\"woocommerce columns-4\"><\/div>","protected":false},"excerpt":{"rendered":"<p>SALVA LUJ\u00c1N SALVA LUJ\u00c1N es un compositor y director nacido en Valencia (Espa\u00f1a). Imparte docencia como catedr\u00e1tico de Composici\u00f3n en el Conservatorio Superior \u00abSalvador Segu\u00ed\u00bb de Castell\u00f3n, es director titular de la Sociedad Musical Ayorense y, a su vez, miembro directivo de la Asociaci\u00f3n de Compositores Sinf\u00f3nicos de la Comunidad Valenciana (COSICOVA). Desde la infancia, [&hellip;]<\/p>\n","protected":false},"author":4,"featured_media":0,"parent":0,"menu_order":0,"comment_status":"closed","ping_status":"closed","template":"","meta":{"_acf_changed":false,"_uag_custom_page_level_css":"","site-sidebar-layout":"default","site-content-layout":"","ast-site-content-layout":"default","site-content-style":"default","site-sidebar-style":"default","ast-global-header-display":"","ast-banner-title-visibility":"","ast-main-header-display":"","ast-hfb-above-header-display":"","ast-hfb-below-header-display":"","ast-hfb-mobile-header-display":"","site-post-title":"disabled","ast-breadcrumbs-content":"","ast-featured-img":"","footer-sml-layout":"","ast-disable-related-posts":"","theme-transparent-header-meta":"","adv-header-id-meta":"","stick-header-meta":"","header-above-stick-meta":"","header-main-stick-meta":"","header-below-stick-meta":"","astra-migrate-meta-layouts":"default","ast-page-background-enabled":"default","ast-page-background-meta":{"desktop":{"background-color":"","background-image":"","background-repeat":"repeat","background-position":"center center","background-size":"auto","background-attachment":"scroll","background-type":"","background-media":"","overlay-type":"","overlay-color":"","overlay-opacity":"","overlay-gradient":""},"tablet":{"background-color":"","background-image":"","background-repeat":"repeat","background-position":"center center","background-size":"auto","background-attachment":"scroll","background-type":"","background-media":"","overlay-type":"","overlay-color":"","overlay-opacity":"","overlay-gradient":""},"mobile":{"background-color":"","background-image":"","background-repeat":"repeat","background-position":"center center","background-size":"auto","background-attachment":"scroll","background-type":"","background-media":"","overlay-type":"","overlay-color":"","overlay-opacity":"","overlay-gradient":""}},"ast-content-background-meta":{"desktop":{"background-color":"var(--ast-global-color-5)","background-image":"","background-repeat":"repeat","background-position":"center center","background-size":"auto","background-attachment":"scroll","background-type":"","background-media":"","overlay-type":"","overlay-color":"","overlay-opacity":"","overlay-gradient":""},"tablet":{"background-color":"var(--ast-global-color-5)","background-image":"","background-repeat":"repeat","background-position":"center center","background-size":"auto","background-attachment":"scroll","background-type":"","background-media":"","overlay-type":"","overlay-color":"","overlay-opacity":"","overlay-gradient":""},"mobile":{"background-color":"var(--ast-global-color-5)","background-image":"","background-repeat":"repeat","background-position":"center center","background-size":"auto","background-attachment":"scroll","background-type":"","background-media":"","overlay-type":"","overlay-color":"","overlay-opacity":"","overlay-gradient":""}},"footnotes":""},"class_list":["post-1787","page","type-page","status-publish","hentry"],"acf":[],"yoast_head":"<!-- This site is optimized with the Yoast SEO Premium plugin v22.4 (Yoast SEO v27.4) - https:\/\/yoast.com\/product\/yoast-seo-premium-wordpress\/ -->\n<title>SALVA LUJ\u00c1N -<\/title>\n<meta name=\"robots\" content=\"index, follow, max-snippet:-1, max-image-preview:large, max-video-preview:-1\" \/>\n<link rel=\"canonical\" href=\"https:\/\/www.omnesbands.international\/de\/salva-lujan-2\/\" \/>\n<meta property=\"og:locale\" content=\"de_DE\" \/>\n<meta property=\"og:type\" content=\"article\" \/>\n<meta property=\"og:title\" content=\"SALVA LUJ\u00c1N\" \/>\n<meta property=\"og:description\" content=\"SALVA LUJ\u00c1N SALVA LUJ\u00c1N es un compositor y director nacido en Valencia (Espa\u00f1a). Imparte docencia como catedr\u00e1tico de Composici\u00f3n en el Conservatorio Superior \u00abSalvador Segu\u00ed\u00bb de Castell\u00f3n, es director titular de la Sociedad Musical Ayorense y, a su vez, miembro directivo de la Asociaci\u00f3n de Compositores Sinf\u00f3nicos de la Comunidad Valenciana (COSICOVA). Desde la infancia, [&hellip;]\" \/>\n<meta property=\"og:url\" content=\"https:\/\/www.omnesbands.international\/de\/salva-lujan-2\/\" \/>\n<meta property=\"article:modified_time\" content=\"2023-01-29T20:31:21+00:00\" \/>\n<meta property=\"og:image\" content=\"https:\/\/www.omnesbands.international\/wp-content\/uploads\/2023\/01\/music-sheet-music-snowdrop-7107045.jpg\" \/>\n\t<meta property=\"og:image:width\" content=\"1280\" \/>\n\t<meta property=\"og:image:height\" content=\"742\" \/>\n\t<meta property=\"og:image:type\" content=\"image\/jpeg\" \/>\n<meta name=\"twitter:card\" content=\"summary_large_image\" \/>\n<meta name=\"twitter:label1\" content=\"Gesch\u00e4tzte Lesezeit\" \/>\n\t<meta name=\"twitter:data1\" content=\"3\u00a0Minuten\" \/>\n<script type=\"application\/ld+json\" class=\"yoast-schema-graph\">{\"@context\":\"https:\\\/\\\/schema.org\",\"@graph\":[{\"@type\":\"WebPage\",\"@id\":\"https:\\\/\\\/www.omnesbands.international\\\/salva-lujan-2\\\/\",\"url\":\"https:\\\/\\\/www.omnesbands.international\\\/salva-lujan-2\\\/\",\"name\":\"SALVA LUJ\u00c1N -\",\"isPartOf\":{\"@id\":\"https:\\\/\\\/www.omnesbands.international\\\/#website\"},\"datePublished\":\"2023-01-29T20:31:19+00:00\",\"dateModified\":\"2023-01-29T20:31:21+00:00\",\"breadcrumb\":{\"@id\":\"https:\\\/\\\/www.omnesbands.international\\\/salva-lujan-2\\\/#breadcrumb\"},\"inLanguage\":\"de\",\"potentialAction\":[{\"@type\":\"ReadAction\",\"target\":[\"https:\\\/\\\/www.omnesbands.international\\\/salva-lujan-2\\\/\"]}]},{\"@type\":\"BreadcrumbList\",\"@id\":\"https:\\\/\\\/www.omnesbands.international\\\/salva-lujan-2\\\/#breadcrumb\",\"itemListElement\":[{\"@type\":\"ListItem\",\"position\":1,\"name\":\"Portada\",\"item\":\"https:\\\/\\\/www.omnesbands.international\\\/\"},{\"@type\":\"ListItem\",\"position\":2,\"name\":\"SALVA LUJ\u00c1N\"}]},{\"@type\":\"WebSite\",\"@id\":\"https:\\\/\\\/www.omnesbands.international\\\/#website\",\"url\":\"https:\\\/\\\/www.omnesbands.international\\\/\",\"name\":\"OMNESBANDS International\",\"description\":\"Partituras Originales de autores y compositores independientes\",\"publisher\":{\"@id\":\"https:\\\/\\\/www.omnesbands.international\\\/#organization\"},\"potentialAction\":[{\"@type\":\"SearchAction\",\"target\":{\"@type\":\"EntryPoint\",\"urlTemplate\":\"https:\\\/\\\/www.omnesbands.international\\\/?s={search_term_string}\"},\"query-input\":{\"@type\":\"PropertyValueSpecification\",\"valueRequired\":true,\"valueName\":\"search_term_string\"}}],\"inLanguage\":\"de\"},{\"@type\":\"Organization\",\"@id\":\"https:\\\/\\\/www.omnesbands.international\\\/#organization\",\"name\":\"Indra Consultores Internacionales\",\"alternateName\":\"Omnesbands\",\"url\":\"https:\\\/\\\/www.omnesbands.international\\\/\",\"logo\":{\"@type\":\"ImageObject\",\"inLanguage\":\"de\",\"@id\":\"https:\\\/\\\/www.omnesbands.international\\\/#\\\/schema\\\/logo\\\/image\\\/\",\"url\":\"https:\\\/\\\/omnesbands.international\\\/wp-content\\\/uploads\\\/2023\\\/06\\\/Logo-Nuevo-.png\",\"contentUrl\":\"https:\\\/\\\/omnesbands.international\\\/wp-content\\\/uploads\\\/2023\\\/06\\\/Logo-Nuevo-.png\",\"width\":394,\"height\":212,\"caption\":\"Indra Consultores Internacionales\"},\"image\":{\"@id\":\"https:\\\/\\\/www.omnesbands.international\\\/#\\\/schema\\\/logo\\\/image\\\/\"}}]}<\/script>\n<!-- \/ Yoast SEO Premium plugin. -->","yoast_head_json":{"title":"SALVA LUJ\u00c1N -","robots":{"index":"index","follow":"follow","max-snippet":"max-snippet:-1","max-image-preview":"max-image-preview:large","max-video-preview":"max-video-preview:-1"},"canonical":"https:\/\/www.omnesbands.international\/de\/salva-lujan-2\/","og_locale":"de_DE","og_type":"article","og_title":"SALVA LUJ\u00c1N","og_description":"SALVA LUJ\u00c1N SALVA LUJ\u00c1N es un compositor y director nacido en Valencia (Espa\u00f1a). Imparte docencia como catedr\u00e1tico de Composici\u00f3n en el Conservatorio Superior \u00abSalvador Segu\u00ed\u00bb de Castell\u00f3n, es director titular de la Sociedad Musical Ayorense y, a su vez, miembro directivo de la Asociaci\u00f3n de Compositores Sinf\u00f3nicos de la Comunidad Valenciana (COSICOVA). Desde la infancia, [&hellip;]","og_url":"https:\/\/www.omnesbands.international\/de\/salva-lujan-2\/","article_modified_time":"2023-01-29T20:31:21+00:00","og_image":[{"width":1280,"height":742,"url":"https:\/\/www.omnesbands.international\/wp-content\/uploads\/2023\/01\/music-sheet-music-snowdrop-7107045.jpg","type":"image\/jpeg"}],"twitter_card":"summary_large_image","twitter_misc":{"Gesch\u00e4tzte Lesezeit":"3\u00a0Minuten"},"schema":{"@context":"https:\/\/schema.org","@graph":[{"@type":"WebPage","@id":"https:\/\/www.omnesbands.international\/salva-lujan-2\/","url":"https:\/\/www.omnesbands.international\/salva-lujan-2\/","name":"SALVA LUJ\u00c1N -","isPartOf":{"@id":"https:\/\/www.omnesbands.international\/#website"},"datePublished":"2023-01-29T20:31:19+00:00","dateModified":"2023-01-29T20:31:21+00:00","breadcrumb":{"@id":"https:\/\/www.omnesbands.international\/salva-lujan-2\/#breadcrumb"},"inLanguage":"de","potentialAction":[{"@type":"ReadAction","target":["https:\/\/www.omnesbands.international\/salva-lujan-2\/"]}]},{"@type":"BreadcrumbList","@id":"https:\/\/www.omnesbands.international\/salva-lujan-2\/#breadcrumb","itemListElement":[{"@type":"ListItem","position":1,"name":"Portada","item":"https:\/\/www.omnesbands.international\/"},{"@type":"ListItem","position":2,"name":"SALVA LUJ\u00c1N"}]},{"@type":"WebSite","@id":"https:\/\/www.omnesbands.international\/#website","url":"https:\/\/www.omnesbands.international\/","name":"OMNESBANDS International","description":"Original-Noten von unabh\u00e4ngigen Autoren und Komponisten","publisher":{"@id":"https:\/\/www.omnesbands.international\/#organization"},"potentialAction":[{"@type":"SearchAction","target":{"@type":"EntryPoint","urlTemplate":"https:\/\/www.omnesbands.international\/?s={search_term_string}"},"query-input":{"@type":"PropertyValueSpecification","valueRequired":true,"valueName":"search_term_string"}}],"inLanguage":"de"},{"@type":"Organization","@id":"https:\/\/www.omnesbands.international\/#organization","name":"Indra Internationale Berater","alternateName":"Omnesbands","url":"https:\/\/www.omnesbands.international\/","logo":{"@type":"ImageObject","inLanguage":"de","@id":"https:\/\/www.omnesbands.international\/#\/schema\/logo\/image\/","url":"https:\/\/omnesbands.international\/wp-content\/uploads\/2023\/06\/Logo-Nuevo-.png","contentUrl":"https:\/\/omnesbands.international\/wp-content\/uploads\/2023\/06\/Logo-Nuevo-.png","width":394,"height":212,"caption":"Indra Consultores Internacionales"},"image":{"@id":"https:\/\/www.omnesbands.international\/#\/schema\/logo\/image\/"}}]}},"uagb_featured_image_src":{"full":false,"thumbnail":false,"medium":false,"medium_large":false,"large":false,"1536x1536":false,"2048x2048":false,"trp-custom-language-flag":false,"gg_gallery_thumbnail":false,"woocommerce_thumbnail":false,"woocommerce_single":false,"woocommerce_gallery_thumbnail":false},"uagb_author_info":{"display_name":"Melvin R. Portillo A:","author_link":"https:\/\/www.omnesbands.international\/de\/author\/portand\/"},"uagb_comment_info":0,"uagb_excerpt":"SALVA LUJ\u00c1N SALVA LUJ\u00c1N es un compositor y director nacido en Valencia (Espa\u00f1a). Imparte docencia como catedr\u00e1tico de Composici\u00f3n en el Conservatorio Superior \u00abSalvador Segu\u00ed\u00bb de Castell\u00f3n, es director titular de la Sociedad Musical Ayorense y, a su vez, miembro directivo de la Asociaci\u00f3n de Compositores Sinf\u00f3nicos de la Comunidad Valenciana (COSICOVA). Desde la infancia,&hellip;","_links":{"self":[{"href":"https:\/\/www.omnesbands.international\/de\/wp-json\/wp\/v2\/pages\/1787","targetHints":{"allow":["GET"]}}],"collection":[{"href":"https:\/\/www.omnesbands.international\/de\/wp-json\/wp\/v2\/pages"}],"about":[{"href":"https:\/\/www.omnesbands.international\/de\/wp-json\/wp\/v2\/types\/page"}],"author":[{"embeddable":true,"href":"https:\/\/www.omnesbands.international\/de\/wp-json\/wp\/v2\/users\/4"}],"replies":[{"embeddable":true,"href":"https:\/\/www.omnesbands.international\/de\/wp-json\/wp\/v2\/comments?post=1787"}],"version-history":[{"count":1,"href":"https:\/\/www.omnesbands.international\/de\/wp-json\/wp\/v2\/pages\/1787\/revisions"}],"predecessor-version":[{"id":1788,"href":"https:\/\/www.omnesbands.international\/de\/wp-json\/wp\/v2\/pages\/1787\/revisions\/1788"}],"wp:attachment":[{"href":"https:\/\/www.omnesbands.international\/de\/wp-json\/wp\/v2\/media?parent=1787"}],"curies":[{"name":"wp","href":"https:\/\/api.w.org\/{rel}","templated":true}]}}