{"id":1800,"date":"2023-01-29T18:07:53","date_gmt":"2023-01-30T00:07:53","guid":{"rendered":"https:\/\/omnesbands.international\/?page_id=1800"},"modified":"2023-01-29T18:07:55","modified_gmt":"2023-01-30T00:07:55","slug":"vicente-gabriel-casanova-martinez-2","status":"publish","type":"page","link":"https:\/\/www.omnesbands.international\/de\/vicente-gabriel-casanova-martinez-2\/","title":{"rendered":"VICENT GABRIEL CASANOVA MARTINEZ"},"content":{"rendered":"<div class=\"wp-block-uagb-container uagb-block-c3ae90d9 alignfull uagb-is-root-container\"><div class=\"uagb-container-inner-blocks-wrap\">\n<div class=\"wp-block-uagb-advanced-heading uagb-block-53e536f4\"><h1 class=\"uagb-heading-text\"><strong>VICENT GABRIEL CASANOVA MARTINEZ<\/strong><\/h1><\/div>\n<\/div><\/div>\n\n\n\n<div class=\"wp-block-uagb-container uagb-block-6f4e903f alignfull uagb-is-root-container\"><div class=\"uagb-container-inner-blocks-wrap\">\n<div class=\"wp-block-uagb-container uagb-block-7daf0bae\">\n<p>Vicente Gabriel Casanova Mart\u00ednez wurde 1988 in Ontinyent (Valencia) geboren. Er hat einen h\u00f6heren Abschluss in Musik in Komposition vom \u201eOscar Esp.\u201c Higher Conservatory of Music. aus Alicante. Abschluss in Dirigieren am H\u00f6heren Konservatorium \u201eJoaqu\u00edn Rodrigo\u201c in Valencia. Universit\u00e4ts-Master in Musikforschung an der UNIR und Berufsabschluss in Musik in Perkussion am Albaida Professional Conservatory of Music. Unter den verschiedenen Auszeichnungen bei Wettbewerben sticht der erste Preis beim dritten Musikkompositionswettbewerb \u201eCasa Valencia\u201c hervor. Barcelona . Der Katalog umfasst mehr als f\u00fcnf Werke. Hervorzuhebende Auftr\u00e4ge f\u00fcr die Gesellschaft der Festeros des Santisimo Cristo de la Agonia oder die Vereinigung der Feste der Pur\u00edsima von Ontinyent. Derzeit arbeitet er als Lehrer am Autorisierten Zentrum der Musikwerkstatt _lave de &#039;Benimaclet. (Valencia, er leitet den Chor der Pfarrei Santa Maria de Ontinyent und ist Professor und Direktor der Grup de Xirimiters i Tabaleters CA,ub von Bocairent.<\/p>\n<\/div>\n<\/div><\/div>\n\n\n<div class=\"woocommerce columns-4\"><ul class=\"products columns-4\">\n<li class=\"desktop-align-left tablet-align-left mobile-align-left ast-product-gallery-layout-horizontal-slider product type-product post-1045 status-publish first instock product_cat-musica-de-calle product_tag-vicente-gabriel-casanova-martinez has-post-thumbnail downloadable virtual taxable purchasable product-type-simple\">\n\t<a href=\"https:\/\/www.omnesbands.international\/de\/produkt\/als-bekirins\/\" class=\"woocommerce-LoopProduct-link woocommerce-loop-product__link\"><img loading=\"lazy\" decoding=\"async\" width=\"300\" height=\"300\" src=\"https:\/\/www.omnesbands.international\/wp-content\/uploads\/2023\/01\/Als-Bekirins-300x300.jpg\" class=\"attachment-woocommerce_thumbnail size-woocommerce_thumbnail\" alt=\"Als Bekirins\" srcset=\"https:\/\/www.omnesbands.international\/wp-content\/uploads\/2023\/01\/Als-Bekirins-300x300.jpg 300w, https:\/\/www.omnesbands.international\/wp-content\/uploads\/2023\/01\/Als-Bekirins-150x150.jpg 150w, https:\/\/www.omnesbands.international\/wp-content\/uploads\/2023\/01\/Als-Bekirins-100x100.jpg 100w\" sizes=\"auto, (max-width: 300px) 100vw, 300px\" \/><h2 class=\"woocommerce-loop-product__title\">Als Bekirins<\/h2>\n\t<span class=\"price\"><span class=\"woocommerce-Price-amount amount\"><bdi><span class=\"woocommerce-Price-currencySymbol\">&#36;<\/span>25.00<\/bdi><\/span><\/span>\n<\/a><a href=\"\/de\/wp-json\/wp\/v2\/pages\/1800?add-to-cart=1045\" aria-describedby=\"woocommerce_loop_add_to_cart_link_describedby_1045\" data-quantity=\"1\" class=\"button product_type_simple add_to_cart_button ajax_add_to_cart\" data-product_id=\"1045\" data-product_sku=\"BEK-CAL-ESP-22\" aria-label=\"Zum Warenkorb hinzuf\u00fcgen: \u201eAls Bekirins\u201c\" rel=\"nofollow\" data-success_message=\"\u201eAls Bekirins\u201c wurde deinem Warenkorb hinzugef\u00fcgt\" role=\"button\" data-no-translation=\"\" data-trp-gettext=\"\" data-no-translation-aria-label=\"\" data-no-translation-data-success_message=\"\">In den Warenkorb<\/a>\t<span id=\"woocommerce_loop_add_to_cart_link_describedby_1045\" class=\"screen-reader-text\">\n\t\t\t<\/span>\n<\/li>\n<\/ul>\n<\/div>","protected":false},"excerpt":{"rendered":"<p>VICENTE GABRIEL CASANOVA MART\u00cdNEZ Vicente Gabriel Casanova martinez nace en Ontinyent (Valencia) en 1988. Es Titulado Superior de M\u00fasica en Composici\u00f3n por el Conservatorio Superior de M\u00fasica &#8216;Oscar Esp.&#8217; de Alicante. Titulado Superior de M\u00fasica en Direcci\u00f3n por el Conservatorio Superior &#8216;Joaqu\u00edn Rodrigo&#8217; de Valencia. Master Universitario en investigaci\u00f3n M\u00fasica por la UNIR y Titulado [&hellip;]<\/p>\n","protected":false},"author":4,"featured_media":0,"parent":0,"menu_order":0,"comment_status":"closed","ping_status":"closed","template":"","meta":{"_acf_changed":false,"_uag_custom_page_level_css":"","site-sidebar-layout":"default","site-content-layout":"","ast-site-content-layout":"default","site-content-style":"default","site-sidebar-style":"default","ast-global-header-display":"","ast-banner-title-visibility":"","ast-main-header-display":"","ast-hfb-above-header-display":"","ast-hfb-below-header-display":"","ast-hfb-mobile-header-display":"","site-post-title":"disabled","ast-breadcrumbs-content":"","ast-featured-img":"","footer-sml-layout":"","ast-disable-related-posts":"","theme-transparent-header-meta":"","adv-header-id-meta":"","stick-header-meta":"","header-above-stick-meta":"","header-main-stick-meta":"","header-below-stick-meta":"","astra-migrate-meta-layouts":"default","ast-page-background-enabled":"default","ast-page-background-meta":{"desktop":{"background-color":"","background-image":"","background-repeat":"repeat","background-position":"center center","background-size":"auto","background-attachment":"scroll","background-type":"","background-media":"","overlay-type":"","overlay-color":"","overlay-opacity":"","overlay-gradient":""},"tablet":{"background-color":"","background-image":"","background-repeat":"repeat","background-position":"center center","background-size":"auto","background-attachment":"scroll","background-type":"","background-media":"","overlay-type":"","overlay-color":"","overlay-opacity":"","overlay-gradient":""},"mobile":{"background-color":"","background-image":"","background-repeat":"repeat","background-position":"center center","background-size":"auto","background-attachment":"scroll","background-type":"","background-media":"","overlay-type":"","overlay-color":"","overlay-opacity":"","overlay-gradient":""}},"ast-content-background-meta":{"desktop":{"background-color":"var(--ast-global-color-5)","background-image":"","background-repeat":"repeat","background-position":"center center","background-size":"auto","background-attachment":"scroll","background-type":"","background-media":"","overlay-type":"","overlay-color":"","overlay-opacity":"","overlay-gradient":""},"tablet":{"background-color":"var(--ast-global-color-5)","background-image":"","background-repeat":"repeat","background-position":"center center","background-size":"auto","background-attachment":"scroll","background-type":"","background-media":"","overlay-type":"","overlay-color":"","overlay-opacity":"","overlay-gradient":""},"mobile":{"background-color":"var(--ast-global-color-5)","background-image":"","background-repeat":"repeat","background-position":"center center","background-size":"auto","background-attachment":"scroll","background-type":"","background-media":"","overlay-type":"","overlay-color":"","overlay-opacity":"","overlay-gradient":""}},"footnotes":""},"class_list":["post-1800","page","type-page","status-publish","hentry"],"acf":[],"yoast_head":"<!-- This site is optimized with the Yoast SEO Premium plugin v22.4 (Yoast SEO v27.4) - https:\/\/yoast.com\/product\/yoast-seo-premium-wordpress\/ -->\n<title>VICENTE GABRIEL CASANOVA MART\u00cdNEZ -<\/title>\n<meta name=\"robots\" content=\"index, follow, max-snippet:-1, max-image-preview:large, max-video-preview:-1\" \/>\n<link rel=\"canonical\" href=\"https:\/\/www.omnesbands.international\/de\/vicente-gabriel-casanova-martinez-2\/\" \/>\n<meta property=\"og:locale\" content=\"de_DE\" \/>\n<meta property=\"og:type\" content=\"article\" \/>\n<meta property=\"og:title\" content=\"VICENTE GABRIEL CASANOVA MART\u00cdNEZ\" \/>\n<meta property=\"og:description\" content=\"VICENTE GABRIEL CASANOVA MART\u00cdNEZ Vicente Gabriel Casanova martinez nace en Ontinyent (Valencia) en 1988. Es Titulado Superior de M\u00fasica en Composici\u00f3n por el Conservatorio Superior de M\u00fasica &#8216;Oscar Esp.&#8217; de Alicante. Titulado Superior de M\u00fasica en Direcci\u00f3n por el Conservatorio Superior &#8216;Joaqu\u00edn Rodrigo&#8217; de Valencia. Master Universitario en investigaci\u00f3n M\u00fasica por la UNIR y Titulado [&hellip;]\" \/>\n<meta property=\"og:url\" content=\"https:\/\/www.omnesbands.international\/de\/vicente-gabriel-casanova-martinez-2\/\" \/>\n<meta property=\"article:modified_time\" content=\"2023-01-30T00:07:55+00:00\" \/>\n<meta property=\"og:image\" content=\"https:\/\/www.omnesbands.international\/wp-content\/uploads\/2023\/01\/music-sheet-music-snowdrop-7107045.jpg\" \/>\n\t<meta property=\"og:image:width\" content=\"1280\" \/>\n\t<meta property=\"og:image:height\" content=\"742\" \/>\n\t<meta property=\"og:image:type\" content=\"image\/jpeg\" \/>\n<meta name=\"twitter:card\" content=\"summary_large_image\" \/>\n<meta name=\"twitter:label1\" content=\"Gesch\u00e4tzte Lesezeit\" \/>\n\t<meta name=\"twitter:data1\" content=\"1\u00a0Minute\" \/>\n<script type=\"application\/ld+json\" class=\"yoast-schema-graph\">{\"@context\":\"https:\\\/\\\/schema.org\",\"@graph\":[{\"@type\":\"WebPage\",\"@id\":\"https:\\\/\\\/www.omnesbands.international\\\/ja\\\/vicente-gabriel-casanova-martinez-2\\\/\",\"url\":\"https:\\\/\\\/www.omnesbands.international\\\/ja\\\/vicente-gabriel-casanova-martinez-2\\\/\",\"name\":\"VICENTE GABRIEL CASANOVA MART\u00cdNEZ -\",\"isPartOf\":{\"@id\":\"https:\\\/\\\/www.omnesbands.international\\\/#website\"},\"datePublished\":\"2023-01-30T00:07:53+00:00\",\"dateModified\":\"2023-01-30T00:07:55+00:00\",\"breadcrumb\":{\"@id\":\"https:\\\/\\\/www.omnesbands.international\\\/ja\\\/vicente-gabriel-casanova-martinez-2\\\/#breadcrumb\"},\"inLanguage\":\"de\",\"potentialAction\":[{\"@type\":\"ReadAction\",\"target\":[\"https:\\\/\\\/www.omnesbands.international\\\/ja\\\/vicente-gabriel-casanova-martinez-2\\\/\"]}]},{\"@type\":\"BreadcrumbList\",\"@id\":\"https:\\\/\\\/www.omnesbands.international\\\/ja\\\/vicente-gabriel-casanova-martinez-2\\\/#breadcrumb\",\"itemListElement\":[{\"@type\":\"ListItem\",\"position\":1,\"name\":\"Portada\",\"item\":\"https:\\\/\\\/www.omnesbands.international\\\/\"},{\"@type\":\"ListItem\",\"position\":2,\"name\":\"VICENTE GABRIEL CASANOVA MART\u00cdNEZ\"}]},{\"@type\":\"WebSite\",\"@id\":\"https:\\\/\\\/www.omnesbands.international\\\/#website\",\"url\":\"https:\\\/\\\/www.omnesbands.international\\\/\",\"name\":\"OMNESBANDS International\",\"description\":\"Partituras Originales de autores y compositores independientes\",\"publisher\":{\"@id\":\"https:\\\/\\\/www.omnesbands.international\\\/#organization\"},\"potentialAction\":[{\"@type\":\"SearchAction\",\"target\":{\"@type\":\"EntryPoint\",\"urlTemplate\":\"https:\\\/\\\/www.omnesbands.international\\\/?s={search_term_string}\"},\"query-input\":{\"@type\":\"PropertyValueSpecification\",\"valueRequired\":true,\"valueName\":\"search_term_string\"}}],\"inLanguage\":\"de\"},{\"@type\":\"Organization\",\"@id\":\"https:\\\/\\\/www.omnesbands.international\\\/#organization\",\"name\":\"Indra Consultores Internacionales\",\"alternateName\":\"Omnesbands\",\"url\":\"https:\\\/\\\/www.omnesbands.international\\\/\",\"logo\":{\"@type\":\"ImageObject\",\"inLanguage\":\"de\",\"@id\":\"https:\\\/\\\/www.omnesbands.international\\\/#\\\/schema\\\/logo\\\/image\\\/\",\"url\":\"https:\\\/\\\/omnesbands.international\\\/wp-content\\\/uploads\\\/2023\\\/06\\\/Logo-Nuevo-.png\",\"contentUrl\":\"https:\\\/\\\/omnesbands.international\\\/wp-content\\\/uploads\\\/2023\\\/06\\\/Logo-Nuevo-.png\",\"width\":394,\"height\":212,\"caption\":\"Indra Consultores Internacionales\"},\"image\":{\"@id\":\"https:\\\/\\\/www.omnesbands.international\\\/#\\\/schema\\\/logo\\\/image\\\/\"}}]}<\/script>\n<!-- \/ Yoast SEO Premium plugin. -->","yoast_head_json":{"title":"VICENTE GABRIEL CASANOVA MART\u00cdNEZ -","robots":{"index":"index","follow":"follow","max-snippet":"max-snippet:-1","max-image-preview":"max-image-preview:large","max-video-preview":"max-video-preview:-1"},"canonical":"https:\/\/www.omnesbands.international\/de\/vicente-gabriel-casanova-martinez-2\/","og_locale":"de_DE","og_type":"article","og_title":"VICENTE GABRIEL CASANOVA MART\u00cdNEZ","og_description":"VICENTE GABRIEL CASANOVA MART\u00cdNEZ Vicente Gabriel Casanova martinez nace en Ontinyent (Valencia) en 1988. Es Titulado Superior de M\u00fasica en Composici\u00f3n por el Conservatorio Superior de M\u00fasica &#8216;Oscar Esp.&#8217; de Alicante. Titulado Superior de M\u00fasica en Direcci\u00f3n por el Conservatorio Superior &#8216;Joaqu\u00edn Rodrigo&#8217; de Valencia. Master Universitario en investigaci\u00f3n M\u00fasica por la UNIR y Titulado [&hellip;]","og_url":"https:\/\/www.omnesbands.international\/de\/vicente-gabriel-casanova-martinez-2\/","article_modified_time":"2023-01-30T00:07:55+00:00","og_image":[{"width":1280,"height":742,"url":"https:\/\/www.omnesbands.international\/wp-content\/uploads\/2023\/01\/music-sheet-music-snowdrop-7107045.jpg","type":"image\/jpeg"}],"twitter_card":"summary_large_image","twitter_misc":{"Gesch\u00e4tzte Lesezeit":"1\u00a0Minute"},"schema":{"@context":"https:\/\/schema.org","@graph":[{"@type":"WebPage","@id":"https:\/\/www.omnesbands.international\/ja\/vicente-gabriel-casanova-martinez-2\/","url":"https:\/\/www.omnesbands.international\/ja\/vicente-gabriel-casanova-martinez-2\/","name":"VICENTE GABRIEL CASANOVA MART\u00cdNEZ -","isPartOf":{"@id":"https:\/\/www.omnesbands.international\/#website"},"datePublished":"2023-01-30T00:07:53+00:00","dateModified":"2023-01-30T00:07:55+00:00","breadcrumb":{"@id":"https:\/\/www.omnesbands.international\/ja\/vicente-gabriel-casanova-martinez-2\/#breadcrumb"},"inLanguage":"de","potentialAction":[{"@type":"ReadAction","target":["https:\/\/www.omnesbands.international\/ja\/vicente-gabriel-casanova-martinez-2\/"]}]},{"@type":"BreadcrumbList","@id":"https:\/\/www.omnesbands.international\/ja\/vicente-gabriel-casanova-martinez-2\/#breadcrumb","itemListElement":[{"@type":"ListItem","position":1,"name":"Portada","item":"https:\/\/www.omnesbands.international\/"},{"@type":"ListItem","position":2,"name":"VICENTE GABRIEL CASANOVA MART\u00cdNEZ"}]},{"@type":"WebSite","@id":"https:\/\/www.omnesbands.international\/#website","url":"https:\/\/www.omnesbands.international\/","name":"OMNESBANDS International","description":"Original-Noten von unabh\u00e4ngigen Autoren und Komponisten","publisher":{"@id":"https:\/\/www.omnesbands.international\/#organization"},"potentialAction":[{"@type":"SearchAction","target":{"@type":"EntryPoint","urlTemplate":"https:\/\/www.omnesbands.international\/?s={search_term_string}"},"query-input":{"@type":"PropertyValueSpecification","valueRequired":true,"valueName":"search_term_string"}}],"inLanguage":"de"},{"@type":"Organization","@id":"https:\/\/www.omnesbands.international\/#organization","name":"Indra Internationale Berater","alternateName":"Omnesbands","url":"https:\/\/www.omnesbands.international\/","logo":{"@type":"ImageObject","inLanguage":"de","@id":"https:\/\/www.omnesbands.international\/#\/schema\/logo\/image\/","url":"https:\/\/omnesbands.international\/wp-content\/uploads\/2023\/06\/Logo-Nuevo-.png","contentUrl":"https:\/\/omnesbands.international\/wp-content\/uploads\/2023\/06\/Logo-Nuevo-.png","width":394,"height":212,"caption":"Indra Consultores Internacionales"},"image":{"@id":"https:\/\/www.omnesbands.international\/#\/schema\/logo\/image\/"}}]}},"uagb_featured_image_src":{"full":false,"thumbnail":false,"medium":false,"medium_large":false,"large":false,"1536x1536":false,"2048x2048":false,"trp-custom-language-flag":false,"gg_gallery_thumbnail":false,"woocommerce_thumbnail":false,"woocommerce_single":false,"woocommerce_gallery_thumbnail":false},"uagb_author_info":{"display_name":"Melvin R. Portillo A:","author_link":"https:\/\/www.omnesbands.international\/de\/author\/portand\/"},"uagb_comment_info":0,"uagb_excerpt":"VICENTE GABRIEL CASANOVA MART\u00cdNEZ Vicente Gabriel Casanova martinez nace en Ontinyent (Valencia) en 1988. Es Titulado Superior de M\u00fasica en Composici\u00f3n por el Conservatorio Superior de M\u00fasica &#8216;Oscar Esp.&#8217; de Alicante. Titulado Superior de M\u00fasica en Direcci\u00f3n por el Conservatorio Superior &#8216;Joaqu\u00edn Rodrigo&#8217; de Valencia. Master Universitario en investigaci\u00f3n M\u00fasica por la UNIR y Titulado&hellip;","_links":{"self":[{"href":"https:\/\/www.omnesbands.international\/de\/wp-json\/wp\/v2\/pages\/1800","targetHints":{"allow":["GET"]}}],"collection":[{"href":"https:\/\/www.omnesbands.international\/de\/wp-json\/wp\/v2\/pages"}],"about":[{"href":"https:\/\/www.omnesbands.international\/de\/wp-json\/wp\/v2\/types\/page"}],"author":[{"embeddable":true,"href":"https:\/\/www.omnesbands.international\/de\/wp-json\/wp\/v2\/users\/4"}],"replies":[{"embeddable":true,"href":"https:\/\/www.omnesbands.international\/de\/wp-json\/wp\/v2\/comments?post=1800"}],"version-history":[{"count":1,"href":"https:\/\/www.omnesbands.international\/de\/wp-json\/wp\/v2\/pages\/1800\/revisions"}],"predecessor-version":[{"id":1801,"href":"https:\/\/www.omnesbands.international\/de\/wp-json\/wp\/v2\/pages\/1800\/revisions\/1801"}],"wp:attachment":[{"href":"https:\/\/www.omnesbands.international\/de\/wp-json\/wp\/v2\/media?parent=1800"}],"curies":[{"name":"wp","href":"https:\/\/api.w.org\/{rel}","templated":true}]}}