{"id":1802,"date":"2023-01-29T18:11:46","date_gmt":"2023-01-30T00:11:46","guid":{"rendered":"https:\/\/omnesbands.international\/?page_id=1802"},"modified":"2023-01-29T18:11:48","modified_gmt":"2023-01-30T00:11:48","slug":"victor-valles-fornet-2","status":"publish","type":"page","link":"https:\/\/www.omnesbands.international\/de\/victor-valles-fornet-2\/","title":{"rendered":"VICTOR VALLES FORNET"},"content":{"rendered":"<div class=\"wp-block-uagb-container uagb-block-cf31e1bf alignfull uagb-is-root-container\"><div class=\"uagb-container-inner-blocks-wrap\">\n<div class=\"wp-block-uagb-advanced-heading uagb-block-7b0d8b09\"><h1 class=\"uagb-heading-text\"><strong>VICTOR VALLES FORNET<\/strong><\/h1><\/div>\n<\/div><\/div>\n\n\n\n<div class=\"wp-block-uagb-container uagb-block-8a7e71be alignfull uagb-is-root-container\"><div class=\"uagb-container-inner-blocks-wrap\">\n<div class=\"wp-block-uagb-container uagb-block-4a7ed608\">\n<p>V\u00edctor Vall\u00e9s Fornet (1984) wurde in Vergel (Alicante) geboren. Er schlie\u00dft das mittlere Studium in Trompete und Klavier an den professionellen Konservatorien \u201eTenor Cortis\u201c und \u201eJosep Climent\u201c in Denia und Oliva ab. Im Jahr 2008 erlangte er den h\u00f6heren Abschluss in Komposition und die Auszeichnung f\u00fcr ein au\u00dferordentliches Abschlussjahr am H\u00f6heren Musikkonservatorium \u201eJoaqu\u00edn Rodrigo\u201c in Valencia und studierte bei Lehrern wie Ram\u00f3n Ramos, Gregorio Jim\u00e9nez, Enrique Sanz, C\u00e9sar Cano, Emilio Caland\u00edn, Francisco Tamarit \u2026 und Durchf\u00fchrung eines Forschungsprojekts (Honours) zu den beiden Metal-Quintetten, die Enrique Sanz-Burguete bisher hat: Gaud\u00ed*um und Bettina versus Goethe. In Form einer Analyse ver\u00f6ffentlichtes Werk in der auf zeitgen\u00f6ssische Musik spezialisierten Zeitschrift Espacio Sonoro (www.tallersonoro.com\/anterioresES\/25\/index.html). 2010 schloss er den Master of Music in der Fachrichtung \u201eZeitgen\u00f6ssische Musik\u201c an der UPV mit einer Forschungsarbeit \u00fcber Carmelo A. Bernaola mit dem Titel \u201eAnalyse, Flexibilit\u00e4t und Ph\u00e4nomenologie in der Klangmorphologie von Carmelo A. Bernaola\u201c ab.<\/p>\n<p>Er belegt Analyse- und Kompositionskurse bei Ivan Nonmick, Agust\u00edn Charles, Leonardo Balada, Bishoff... und Dirigieren bei Jos\u00e9 R. Pascual-Vilaplana (f\u00fcr 4 Jahre), Joan Espinosa, Jan Cober, Alex Schillings, Thomas Doos und Eugene Corporon.<\/p>\n<p>Seine Werke wurden auf Festivals wie \u201eSynth\u00e8se 2008 de Bourges\u201c (Frankreich), \u201eIV Konferenz f\u00fcr zeitgen\u00f6ssische Musik\u201c (C\u00f3rdoba -Argentinien-), \u201eQuadraphonic Conference\u201c der Universit\u00e4t Quilmes (Buenos Aires -Argentinien-) und \u201eZeppel\u00edn\u201c aufgef\u00fchrt 2008\u201c (Barcelona), \u201eLlocs de Pas 2009 und 2010\u201c (Barcelona), \u201ePunto de Encuentro 2007, 2008, 2010, 2011, 2012, 2013, 2014 und 2016\u201c (Festival f\u00fcr elektroakustische Musik, organisiert von der spanischen AMEE-Vereinigung). Elektroakustische Musik \u2013 \u201eElektroakustischer Fr\u00fchling in Valencia 2007 und 2008\u201c (Valencia), \u201eSpanish Brass Alzira 2010, 2014, 2015 und 2017\u201c, \u201eBrassurround Torrent Festival 2012 und 2016\u201c, \u201eAvu\u00ed-Musiksaison 2012 \u2013 2021\u201c (Barcelona) , \u201eEnsems\u201c 2015, 2020 und 2021 (Valencia)\u2026 Urauff\u00fchrung von Werken dort, Interpreten vom Format von Josep Fuster (OBC-Klarinette), Vicent L\u00f3pez (Tuba), Amores Grup de Percussi\u00f3, Spanish Brass Luur Metalls, Quintet Cuesta, Art of Brass Valencia, Quintet Verger, QMAV und Stadtkapellen von Valencia, Mallorca und Bilbao... in S\u00e4len wie dem Palau de la M\u00fasica in Valencia, dem Sitz der BBVA-Stiftung in Madrid, dem Magistralsaal des Opernpalastes Reina Sof\u00eda in Valencia, Mompou Auditorium in Barcelona, Euskalduna Palace in Bilbao und Alfredo Kraus Auditorium auf Gran Canaria.<\/p>\n<p>Einige dieser Werke sind sowohl auf CD als auch in Noten bei den Verlagen Al Puerto, Brotons &amp; Mercadal, B&amp;M Levante, Omnes Band, Piles, MusicVall und dem Verlag Spanish Brass (SB) eingespielt.<\/p>\n<p>Er wurde bei folgenden Kompositionswettbewerben ausgezeichnet:<\/p>\n<p>\u2013 1. Preis in der XLVIII-Ausgabe des Alcoy Festive Music Composition Contest 2012.<br \/>\u2013 1. Preis in der IV. Ausgabe des Internationalen Kompositionswettbewerbs f\u00fcr Banda Villa de Muro 2012.<br \/>\u2013 1. Preis bei der 1. Ausgabe des Villena Festival Music Composition Contest 2013.<br \/>(Unter anderen)<\/p>\n<\/div>\n<\/div><\/div>\n\n\n<div class=\"woocommerce columns-4\"><ul class=\"products columns-4\">\n<li class=\"desktop-align-left tablet-align-left mobile-align-left ast-product-gallery-layout-horizontal-slider product type-product post-1142 status-publish first instock product_cat-sinfonicas product_tag-victor-valles-fornet has-post-thumbnail downloadable virtual taxable purchasable product-type-simple\">\n\t<a href=\"https:\/\/www.omnesbands.international\/de\/produkt\/mutacions\/\" class=\"woocommerce-LoopProduct-link woocommerce-loop-product__link\"><img loading=\"lazy\" decoding=\"async\" width=\"300\" height=\"300\" src=\"https:\/\/www.omnesbands.international\/wp-content\/uploads\/2023\/01\/Mutaciones-300x300.jpg\" class=\"attachment-woocommerce_thumbnail size-woocommerce_thumbnail\" alt=\"Mutaciones\" srcset=\"https:\/\/www.omnesbands.international\/wp-content\/uploads\/2023\/01\/Mutaciones-300x300.jpg 300w, https:\/\/www.omnesbands.international\/wp-content\/uploads\/2023\/01\/Mutaciones-150x150.jpg 150w, https:\/\/www.omnesbands.international\/wp-content\/uploads\/2023\/01\/Mutaciones-12x12.jpg 12w, https:\/\/www.omnesbands.international\/wp-content\/uploads\/2023\/01\/Mutaciones-100x100.jpg 100w\" sizes=\"auto, (max-width: 300px) 100vw, 300px\" \/><h2 class=\"woocommerce-loop-product__title\">Mutationen<\/h2>\n\t<span class=\"price\"><span class=\"woocommerce-Price-amount amount\"><bdi><span class=\"woocommerce-Price-currencySymbol\">&#36;<\/span>40.00<\/bdi><\/span><\/span>\n<\/a><a href=\"\/de\/wp-json\/wp\/v2\/pages\/1802?add-to-cart=1142\" aria-describedby=\"woocommerce_loop_add_to_cart_link_describedby_1142\" data-quantity=\"1\" class=\"button product_type_simple add_to_cart_button ajax_add_to_cart\" data-product_id=\"1142\" data-product_sku=\"MUT-SIN-ESP-22\" aria-label=\"Zum Warenkorb hinzuf\u00fcgen: \u201eMutacions\u201c\" rel=\"nofollow\" data-success_message=\"\u201eMutacions\u201c wurde deinem Warenkorb hinzugef\u00fcgt\" role=\"button\" data-no-translation=\"\" data-trp-gettext=\"\" data-no-translation-aria-label=\"\" data-no-translation-data-success_message=\"\">In den Warenkorb<\/a>\t<span id=\"woocommerce_loop_add_to_cart_link_describedby_1142\" class=\"screen-reader-text\">\n\t\t\t<\/span>\n<\/li>\n<\/ul>\n<\/div>","protected":false},"excerpt":{"rendered":"<p>VICTOR VALL\u00c9S FORNET V\u00edctor Vall\u00e9s Fornet (1984) nace en Vergel (Alicante). Finaliza el Grado Medio de trompeta y piano en los Conservatorios Profesionales \u201cTenor Cortis\u201d y \u201cJosep Climent\u201d de Denia y Oliva respectivamente. En el 2008 obtiene el t\u00edtulo superior de Composici\u00f3n y Premio Extraordinario Final de Carrera en el Conservatorio Superior de M\u00fasica \u201cJoaqu\u00edn [&hellip;]<\/p>\n","protected":false},"author":4,"featured_media":0,"parent":0,"menu_order":0,"comment_status":"closed","ping_status":"closed","template":"","meta":{"_acf_changed":false,"_uag_custom_page_level_css":"","site-sidebar-layout":"default","site-content-layout":"","ast-site-content-layout":"default","site-content-style":"default","site-sidebar-style":"default","ast-global-header-display":"","ast-banner-title-visibility":"","ast-main-header-display":"","ast-hfb-above-header-display":"","ast-hfb-below-header-display":"","ast-hfb-mobile-header-display":"","site-post-title":"disabled","ast-breadcrumbs-content":"","ast-featured-img":"","footer-sml-layout":"","ast-disable-related-posts":"","theme-transparent-header-meta":"","adv-header-id-meta":"","stick-header-meta":"","header-above-stick-meta":"","header-main-stick-meta":"","header-below-stick-meta":"","astra-migrate-meta-layouts":"default","ast-page-background-enabled":"default","ast-page-background-meta":{"desktop":{"background-color":"","background-image":"","background-repeat":"repeat","background-position":"center center","background-size":"auto","background-attachment":"scroll","background-type":"","background-media":"","overlay-type":"","overlay-color":"","overlay-opacity":"","overlay-gradient":""},"tablet":{"background-color":"","background-image":"","background-repeat":"repeat","background-position":"center center","background-size":"auto","background-attachment":"scroll","background-type":"","background-media":"","overlay-type":"","overlay-color":"","overlay-opacity":"","overlay-gradient":""},"mobile":{"background-color":"","background-image":"","background-repeat":"repeat","background-position":"center center","background-size":"auto","background-attachment":"scroll","background-type":"","background-media":"","overlay-type":"","overlay-color":"","overlay-opacity":"","overlay-gradient":""}},"ast-content-background-meta":{"desktop":{"background-color":"var(--ast-global-color-5)","background-image":"","background-repeat":"repeat","background-position":"center center","background-size":"auto","background-attachment":"scroll","background-type":"","background-media":"","overlay-type":"","overlay-color":"","overlay-opacity":"","overlay-gradient":""},"tablet":{"background-color":"var(--ast-global-color-5)","background-image":"","background-repeat":"repeat","background-position":"center center","background-size":"auto","background-attachment":"scroll","background-type":"","background-media":"","overlay-type":"","overlay-color":"","overlay-opacity":"","overlay-gradient":""},"mobile":{"background-color":"var(--ast-global-color-5)","background-image":"","background-repeat":"repeat","background-position":"center center","background-size":"auto","background-attachment":"scroll","background-type":"","background-media":"","overlay-type":"","overlay-color":"","overlay-opacity":"","overlay-gradient":""}},"footnotes":""},"class_list":["post-1802","page","type-page","status-publish","hentry"],"acf":[],"yoast_head":"<!-- This site is optimized with the Yoast SEO Premium plugin v22.4 (Yoast SEO v27.4) - https:\/\/yoast.com\/product\/yoast-seo-premium-wordpress\/ -->\n<title>VICTOR VALL\u00c9S FORNET -<\/title>\n<meta name=\"robots\" content=\"index, follow, max-snippet:-1, max-image-preview:large, max-video-preview:-1\" \/>\n<link rel=\"canonical\" href=\"https:\/\/www.omnesbands.international\/de\/victor-valles-fornet-2\/\" \/>\n<meta property=\"og:locale\" content=\"de_DE\" \/>\n<meta property=\"og:type\" content=\"article\" \/>\n<meta property=\"og:title\" content=\"VICTOR VALL\u00c9S FORNET\" \/>\n<meta property=\"og:description\" content=\"VICTOR VALL\u00c9S FORNET V\u00edctor Vall\u00e9s Fornet (1984) nace en Vergel (Alicante). Finaliza el Grado Medio de trompeta y piano en los Conservatorios Profesionales \u201cTenor Cortis\u201d y \u201cJosep Climent\u201d de Denia y Oliva respectivamente. En el 2008 obtiene el t\u00edtulo superior de Composici\u00f3n y Premio Extraordinario Final de Carrera en el Conservatorio Superior de M\u00fasica \u201cJoaqu\u00edn [&hellip;]\" \/>\n<meta property=\"og:url\" content=\"https:\/\/www.omnesbands.international\/de\/victor-valles-fornet-2\/\" \/>\n<meta property=\"article:modified_time\" content=\"2023-01-30T00:11:48+00:00\" \/>\n<meta property=\"og:image\" content=\"https:\/\/www.omnesbands.international\/wp-content\/uploads\/2023\/01\/music-sheet-music-snowdrop-7107045.jpg\" \/>\n\t<meta property=\"og:image:width\" content=\"1280\" \/>\n\t<meta property=\"og:image:height\" content=\"742\" \/>\n\t<meta property=\"og:image:type\" content=\"image\/jpeg\" \/>\n<meta name=\"twitter:card\" content=\"summary_large_image\" \/>\n<meta name=\"twitter:label1\" content=\"Gesch\u00e4tzte Lesezeit\" \/>\n\t<meta name=\"twitter:data1\" content=\"3\u00a0Minuten\" \/>\n<script type=\"application\/ld+json\" class=\"yoast-schema-graph\">{\"@context\":\"https:\\\/\\\/schema.org\",\"@graph\":[{\"@type\":\"WebPage\",\"@id\":\"https:\\\/\\\/www.omnesbands.international\\\/victor-valles-fornet-2\\\/\",\"url\":\"https:\\\/\\\/www.omnesbands.international\\\/victor-valles-fornet-2\\\/\",\"name\":\"VICTOR VALL\u00c9S FORNET -\",\"isPartOf\":{\"@id\":\"https:\\\/\\\/www.omnesbands.international\\\/#website\"},\"datePublished\":\"2023-01-30T00:11:46+00:00\",\"dateModified\":\"2023-01-30T00:11:48+00:00\",\"breadcrumb\":{\"@id\":\"https:\\\/\\\/www.omnesbands.international\\\/victor-valles-fornet-2\\\/#breadcrumb\"},\"inLanguage\":\"de\",\"potentialAction\":[{\"@type\":\"ReadAction\",\"target\":[\"https:\\\/\\\/www.omnesbands.international\\\/victor-valles-fornet-2\\\/\"]}]},{\"@type\":\"BreadcrumbList\",\"@id\":\"https:\\\/\\\/www.omnesbands.international\\\/victor-valles-fornet-2\\\/#breadcrumb\",\"itemListElement\":[{\"@type\":\"ListItem\",\"position\":1,\"name\":\"Portada\",\"item\":\"https:\\\/\\\/www.omnesbands.international\\\/\"},{\"@type\":\"ListItem\",\"position\":2,\"name\":\"VICTOR VALL\u00c9S FORNET\"}]},{\"@type\":\"WebSite\",\"@id\":\"https:\\\/\\\/www.omnesbands.international\\\/#website\",\"url\":\"https:\\\/\\\/www.omnesbands.international\\\/\",\"name\":\"OMNESBANDS International\",\"description\":\"Partituras Originales de autores y compositores independientes\",\"publisher\":{\"@id\":\"https:\\\/\\\/www.omnesbands.international\\\/#organization\"},\"potentialAction\":[{\"@type\":\"SearchAction\",\"target\":{\"@type\":\"EntryPoint\",\"urlTemplate\":\"https:\\\/\\\/www.omnesbands.international\\\/?s={search_term_string}\"},\"query-input\":{\"@type\":\"PropertyValueSpecification\",\"valueRequired\":true,\"valueName\":\"search_term_string\"}}],\"inLanguage\":\"de\"},{\"@type\":\"Organization\",\"@id\":\"https:\\\/\\\/www.omnesbands.international\\\/#organization\",\"name\":\"Indra Consultores Internacionales\",\"alternateName\":\"Omnesbands\",\"url\":\"https:\\\/\\\/www.omnesbands.international\\\/\",\"logo\":{\"@type\":\"ImageObject\",\"inLanguage\":\"de\",\"@id\":\"https:\\\/\\\/www.omnesbands.international\\\/#\\\/schema\\\/logo\\\/image\\\/\",\"url\":\"https:\\\/\\\/omnesbands.international\\\/wp-content\\\/uploads\\\/2023\\\/06\\\/Logo-Nuevo-.png\",\"contentUrl\":\"https:\\\/\\\/omnesbands.international\\\/wp-content\\\/uploads\\\/2023\\\/06\\\/Logo-Nuevo-.png\",\"width\":394,\"height\":212,\"caption\":\"Indra Consultores Internacionales\"},\"image\":{\"@id\":\"https:\\\/\\\/www.omnesbands.international\\\/#\\\/schema\\\/logo\\\/image\\\/\"}}]}<\/script>\n<!-- \/ Yoast SEO Premium plugin. -->","yoast_head_json":{"title":"VICTOR VALL\u00c9S FORNET -","robots":{"index":"index","follow":"follow","max-snippet":"max-snippet:-1","max-image-preview":"max-image-preview:large","max-video-preview":"max-video-preview:-1"},"canonical":"https:\/\/www.omnesbands.international\/de\/victor-valles-fornet-2\/","og_locale":"de_DE","og_type":"article","og_title":"VICTOR VALL\u00c9S FORNET","og_description":"VICTOR VALL\u00c9S FORNET V\u00edctor Vall\u00e9s Fornet (1984) nace en Vergel (Alicante). Finaliza el Grado Medio de trompeta y piano en los Conservatorios Profesionales \u201cTenor Cortis\u201d y \u201cJosep Climent\u201d de Denia y Oliva respectivamente. En el 2008 obtiene el t\u00edtulo superior de Composici\u00f3n y Premio Extraordinario Final de Carrera en el Conservatorio Superior de M\u00fasica \u201cJoaqu\u00edn [&hellip;]","og_url":"https:\/\/www.omnesbands.international\/de\/victor-valles-fornet-2\/","article_modified_time":"2023-01-30T00:11:48+00:00","og_image":[{"width":1280,"height":742,"url":"https:\/\/www.omnesbands.international\/wp-content\/uploads\/2023\/01\/music-sheet-music-snowdrop-7107045.jpg","type":"image\/jpeg"}],"twitter_card":"summary_large_image","twitter_misc":{"Gesch\u00e4tzte Lesezeit":"3\u00a0Minuten"},"schema":{"@context":"https:\/\/schema.org","@graph":[{"@type":"WebPage","@id":"https:\/\/www.omnesbands.international\/victor-valles-fornet-2\/","url":"https:\/\/www.omnesbands.international\/victor-valles-fornet-2\/","name":"VICTOR VALL\u00c9S FORNET -","isPartOf":{"@id":"https:\/\/www.omnesbands.international\/#website"},"datePublished":"2023-01-30T00:11:46+00:00","dateModified":"2023-01-30T00:11:48+00:00","breadcrumb":{"@id":"https:\/\/www.omnesbands.international\/victor-valles-fornet-2\/#breadcrumb"},"inLanguage":"de","potentialAction":[{"@type":"ReadAction","target":["https:\/\/www.omnesbands.international\/victor-valles-fornet-2\/"]}]},{"@type":"BreadcrumbList","@id":"https:\/\/www.omnesbands.international\/victor-valles-fornet-2\/#breadcrumb","itemListElement":[{"@type":"ListItem","position":1,"name":"Portada","item":"https:\/\/www.omnesbands.international\/"},{"@type":"ListItem","position":2,"name":"VICTOR VALL\u00c9S FORNET"}]},{"@type":"WebSite","@id":"https:\/\/www.omnesbands.international\/#website","url":"https:\/\/www.omnesbands.international\/","name":"OMNESBANDS International","description":"Original-Noten von unabh\u00e4ngigen Autoren und Komponisten","publisher":{"@id":"https:\/\/www.omnesbands.international\/#organization"},"potentialAction":[{"@type":"SearchAction","target":{"@type":"EntryPoint","urlTemplate":"https:\/\/www.omnesbands.international\/?s={search_term_string}"},"query-input":{"@type":"PropertyValueSpecification","valueRequired":true,"valueName":"search_term_string"}}],"inLanguage":"de"},{"@type":"Organization","@id":"https:\/\/www.omnesbands.international\/#organization","name":"Indra Internationale Berater","alternateName":"Omnesbands","url":"https:\/\/www.omnesbands.international\/","logo":{"@type":"ImageObject","inLanguage":"de","@id":"https:\/\/www.omnesbands.international\/#\/schema\/logo\/image\/","url":"https:\/\/omnesbands.international\/wp-content\/uploads\/2023\/06\/Logo-Nuevo-.png","contentUrl":"https:\/\/omnesbands.international\/wp-content\/uploads\/2023\/06\/Logo-Nuevo-.png","width":394,"height":212,"caption":"Indra Consultores Internacionales"},"image":{"@id":"https:\/\/www.omnesbands.international\/#\/schema\/logo\/image\/"}}]}},"uagb_featured_image_src":{"full":false,"thumbnail":false,"medium":false,"medium_large":false,"large":false,"1536x1536":false,"2048x2048":false,"trp-custom-language-flag":false,"gg_gallery_thumbnail":false,"woocommerce_thumbnail":false,"woocommerce_single":false,"woocommerce_gallery_thumbnail":false},"uagb_author_info":{"display_name":"Melvin R. Portillo A:","author_link":"https:\/\/www.omnesbands.international\/de\/author\/portand\/"},"uagb_comment_info":0,"uagb_excerpt":"VICTOR VALL\u00c9S FORNET V\u00edctor Vall\u00e9s Fornet (1984) nace en Vergel (Alicante). Finaliza el Grado Medio de trompeta y piano en los Conservatorios Profesionales \u201cTenor Cortis\u201d y \u201cJosep Climent\u201d de Denia y Oliva respectivamente. En el 2008 obtiene el t\u00edtulo superior de Composici\u00f3n y Premio Extraordinario Final de Carrera en el Conservatorio Superior de M\u00fasica \u201cJoaqu\u00edn&hellip;","_links":{"self":[{"href":"https:\/\/www.omnesbands.international\/de\/wp-json\/wp\/v2\/pages\/1802","targetHints":{"allow":["GET"]}}],"collection":[{"href":"https:\/\/www.omnesbands.international\/de\/wp-json\/wp\/v2\/pages"}],"about":[{"href":"https:\/\/www.omnesbands.international\/de\/wp-json\/wp\/v2\/types\/page"}],"author":[{"embeddable":true,"href":"https:\/\/www.omnesbands.international\/de\/wp-json\/wp\/v2\/users\/4"}],"replies":[{"embeddable":true,"href":"https:\/\/www.omnesbands.international\/de\/wp-json\/wp\/v2\/comments?post=1802"}],"version-history":[{"count":1,"href":"https:\/\/www.omnesbands.international\/de\/wp-json\/wp\/v2\/pages\/1802\/revisions"}],"predecessor-version":[{"id":1803,"href":"https:\/\/www.omnesbands.international\/de\/wp-json\/wp\/v2\/pages\/1802\/revisions\/1803"}],"wp:attachment":[{"href":"https:\/\/www.omnesbands.international\/de\/wp-json\/wp\/v2\/media?parent=1802"}],"curies":[{"name":"wp","href":"https:\/\/api.w.org\/{rel}","templated":true}]}}