{"id":654,"date":"2023-01-21T23:50:05","date_gmt":"2023-01-21T23:50:05","guid":{"rendered":"https:\/\/omnesbands.international\/?page_id=654"},"modified":"2023-11-02T00:01:54","modified_gmt":"2023-11-02T06:01:54","slug":"aviso-legal","status":"publish","type":"page","link":"https:\/\/www.omnesbands.international\/de\/aviso-legal\/","title":{"rendered":"RECHTLICHER HINWEIS"},"content":{"rendered":"<h2 class=\"wp-block-heading\">1. RECHTLICHER HINWEIS<\/h2>\n\n\n\n<p>Indra Consultores Internacionales informiert Sie in \u00dcbereinstimmung mit den Bestimmungen von Artikel 10 des Gesetzes 34\/2002 vom 11. Juli \u00fcber Dienste der Informationsgesellschaft und des elektronischen Gesch\u00e4ftsverkehrs dar\u00fcber, dass es sich um ein im Handelsregister eingetragenes Unternehmen handelt <strong>Handelsregister von Tegucigalpa, Honduras Registrierung 2522453<\/strong>, <strong>Inschrift 79049<\/strong> mit folgenden Daten:<\/p>\n\n\n\n<ul class=\"wp-block-list\">\n<li><strong>Soziale Konfession<\/strong>:<strong> Indra Internationale Berater<\/strong><\/li>\n\n\n\n<li><strong>RTN (CIF)<\/strong>:<strong> 08019011420348<\/strong><\/li>\n\n\n\n<li><strong>Sitz<\/strong>:<strong> Tegucigalpa, Honduras<\/strong><\/li>\n\n\n\n<li><strong>Kontakt<\/strong>: <strong>info@omnesbands.international<\/strong><\/li>\n<\/ul>\n\n\n\n<p>Eigent\u00fcmer der Domain ist die Firma Indra Consultores Internacionales <strong>omnesbands.international<\/strong> und der Internetseiten, die \u00fcber diese Domain aufgerufen und auf ihr gehostet werden.<\/p>\n\n\n\n<p>Diese Website kann weder ihre st\u00e4ndige Verf\u00fcgbarkeit noch die Abwesenheit von Viren oder anderen sch\u00e4dlichen Elementen garantieren, die Computersysteme besch\u00e4digen k\u00f6nnten. Ebenso ist es nicht verantwortlich f\u00fcr direkte oder indirekte Sch\u00e4den und Verluste, die sich aus der Nutzung oder dem Zugriff auf diese Website ergeben.<\/p>\n\n\n\n<h2 class=\"wp-block-heading\">2. GEISTIGES EIGENTUM<\/h2>\n\n\n\n<p>Alle Inhalte der Website <strong>omnesbands.international<\/strong>, ob Fotografien, Bilder, Zeichnungen, Texte, Audio, Video, Animationen, Software, Quellcodes, Logos und Design, sind durch die Vorschriften \u00fcber geistiges und gewerbliches Eigentum gesch\u00fctzt, insbesondere durch RDL 1\/96, das den konsolidierten Text des geistigen Eigentums genehmigt Gesetz und durch das Markengesetz 17\/2001.<\/p>\n\n\n\n<p>Die Rechte an den Inhalten liegen bei&nbsp;<strong>Indra Internationale Berater<\/strong> oder gegebenenfalls an Dritte. Auf keinen Fall zugreifen <strong>omnesbands.international<\/strong> impliziert die Abtretung, \u00dcbertragung oder jede andere Art des Verzichts, weder vollst\u00e4ndig noch teilweise, der Rechte an geistigem oder gewerblichem Eigentum.<\/p>\n\n\n\n<p>Der Benutzer der Website darf keine der m\u00f6glicherweise darauf installierten Schutzvorrichtungen oder Sicherheitssysteme l\u00f6schen, ver\u00e4ndern, umgehen oder manipulieren.<\/p>\n\n\n\n<p>Die Vervielf\u00e4ltigung und\/oder Ver\u00f6ffentlichung, ganz oder teilweise, der Website, noch ihre Computerverarbeitung, oder ihre Verbreitung, Verbreitung, Weiterverkauf, Umwandlung oder andere Aktivit\u00e4t, die mit den Inhalten ihrer Webseiten durchgef\u00fchrt werden kann, nicht einmal unter Angabe der Quellen, die ohne die vorherige schriftliche Zustimmung von por-alegria.com verwendet werden und eine gesetzlich begr\u00fcndete Haftung begr\u00fcnden.<\/p>\n\n\n\n<p>Der Benutzer darf das auf dieser Website erscheinende Material ausschlie\u00dflich und ausschlie\u00dflich f\u00fcr seinen pers\u00f6nlichen und privaten Gebrauch verwenden, wobei die Verwendung f\u00fcr kommerzielle Zwecke untersagt ist. Alle Rechte aus geistigem Eigentum sind ausdr\u00fccklich vorbehalten&nbsp;<strong>Indra Internationale Berater<\/strong> Aus\u00fcbung aller ihr entsprechenden zivil- und strafrechtlichen Ma\u00dfnahmen im Falle einer Verletzung oder Verletzung dieser Rechte durch den Benutzer.<\/p>","protected":false},"excerpt":{"rendered":"<p>1. AVISO LEGAL Indra Consultores Internacionales en cumplimiento de lo dispuesto en el art\u00edculo 10 de la Ley 34\/2002, de 11 de julio, de Servicios de la Sociedad de la Informaci\u00f3n y Comercio Electr\u00f3nico, le informa que es una sociedad inscrita en el Registro Mercantil de Tegucigalpa, Honduras Matr\u00edcula 2522453, Inscripci\u00f3n 79049 con los siguientes [&hellip;]<\/p>\n","protected":false},"author":4,"featured_media":0,"parent":0,"menu_order":0,"comment_status":"closed","ping_status":"closed","template":"","meta":{"_acf_changed":false,"_uag_custom_page_level_css":"","site-sidebar-layout":"default","site-content-layout":"","ast-site-content-layout":"default","site-content-style":"default","site-sidebar-style":"default","ast-global-header-display":"","ast-banner-title-visibility":"","ast-main-header-display":"","ast-hfb-above-header-display":"","ast-hfb-below-header-display":"","ast-hfb-mobile-header-display":"","site-post-title":"disabled","ast-breadcrumbs-content":"","ast-featured-img":"","footer-sml-layout":"","ast-disable-related-posts":"","theme-transparent-header-meta":"","adv-header-id-meta":"","stick-header-meta":"","header-above-stick-meta":"","header-main-stick-meta":"","header-below-stick-meta":"","astra-migrate-meta-layouts":"set","ast-page-background-enabled":"default","ast-page-background-meta":{"desktop":{"background-color":"","background-image":"","background-repeat":"repeat","background-position":"center center","background-size":"auto","background-attachment":"scroll","background-type":"","background-media":"","overlay-type":"","overlay-color":"","overlay-opacity":"","overlay-gradient":""},"tablet":{"background-color":"","background-image":"","background-repeat":"repeat","background-position":"center center","background-size":"auto","background-attachment":"scroll","background-type":"","background-media":"","overlay-type":"","overlay-color":"","overlay-opacity":"","overlay-gradient":""},"mobile":{"background-color":"","background-image":"","background-repeat":"repeat","background-position":"center center","background-size":"auto","background-attachment":"scroll","background-type":"","background-media":"","overlay-type":"","overlay-color":"","overlay-opacity":"","overlay-gradient":""}},"ast-content-background-meta":{"desktop":{"background-color":"var(--ast-global-color-5)","background-image":"","background-repeat":"repeat","background-position":"center center","background-size":"auto","background-attachment":"scroll","background-type":"","background-media":"","overlay-type":"","overlay-color":"","overlay-opacity":"","overlay-gradient":""},"tablet":{"background-color":"var(--ast-global-color-5)","background-image":"","background-repeat":"repeat","background-position":"center center","background-size":"auto","background-attachment":"scroll","background-type":"","background-media":"","overlay-type":"","overlay-color":"","overlay-opacity":"","overlay-gradient":""},"mobile":{"background-color":"var(--ast-global-color-5)","background-image":"","background-repeat":"repeat","background-position":"center center","background-size":"auto","background-attachment":"scroll","background-type":"","background-media":"","overlay-type":"","overlay-color":"","overlay-opacity":"","overlay-gradient":""}},"footnotes":""},"class_list":["post-654","page","type-page","status-publish","hentry"],"acf":[],"yoast_head":"<!-- This site is optimized with the Yoast SEO Premium plugin v22.4 (Yoast SEO v27.4) - https:\/\/yoast.com\/product\/yoast-seo-premium-wordpress\/ -->\n<title>AVISO LEGAL -<\/title>\n<meta name=\"description\" content=\"Indra Consultores Internacionales, S.A. inscrita en registro mercantil de Honduras y representada por Melvin Portillo\" \/>\n<meta name=\"robots\" content=\"index, follow, max-snippet:-1, max-image-preview:large, max-video-preview:-1\" \/>\n<link rel=\"canonical\" href=\"https:\/\/www.omnesbands.international\/de\/aviso-legal\/\" \/>\n<meta property=\"og:locale\" content=\"de_DE\" \/>\n<meta property=\"og:type\" content=\"article\" \/>\n<meta property=\"og:title\" content=\"AVISO LEGAL\" \/>\n<meta property=\"og:description\" content=\"Indra Consultores Internacionales, S.A. inscrita en registro mercantil de Honduras y representada por Melvin Portillo\" \/>\n<meta property=\"og:url\" content=\"https:\/\/www.omnesbands.international\/de\/aviso-legal\/\" \/>\n<meta property=\"article:modified_time\" content=\"2023-11-02T06:01:54+00:00\" \/>\n<meta property=\"og:image\" content=\"https:\/\/www.omnesbands.international\/wp-content\/uploads\/2023\/01\/music-sheet-music-snowdrop-7107045.jpg\" \/>\n\t<meta property=\"og:image:width\" content=\"1280\" \/>\n\t<meta property=\"og:image:height\" content=\"742\" \/>\n\t<meta property=\"og:image:type\" content=\"image\/jpeg\" \/>\n<meta name=\"twitter:card\" content=\"summary_large_image\" \/>\n<meta name=\"twitter:label1\" content=\"Gesch\u00e4tzte Lesezeit\" \/>\n\t<meta name=\"twitter:data1\" content=\"2\u00a0Minuten\" \/>\n<script type=\"application\/ld+json\" class=\"yoast-schema-graph\">{\"@context\":\"https:\\\/\\\/schema.org\",\"@graph\":[{\"@type\":\"WebPage\",\"@id\":\"https:\\\/\\\/www.omnesbands.international\\\/aviso-legal\\\/\",\"url\":\"https:\\\/\\\/www.omnesbands.international\\\/aviso-legal\\\/\",\"name\":\"AVISO LEGAL -\",\"isPartOf\":{\"@id\":\"https:\\\/\\\/www.omnesbands.international\\\/#website\"},\"datePublished\":\"2023-01-21T23:50:05+00:00\",\"dateModified\":\"2023-11-02T06:01:54+00:00\",\"description\":\"Indra Consultores Internacionales, S.A. inscrita en registro mercantil de Honduras y representada por Melvin Portillo\",\"breadcrumb\":{\"@id\":\"https:\\\/\\\/www.omnesbands.international\\\/aviso-legal\\\/#breadcrumb\"},\"inLanguage\":\"de\",\"potentialAction\":[{\"@type\":\"ReadAction\",\"target\":[\"https:\\\/\\\/www.omnesbands.international\\\/aviso-legal\\\/\"]}]},{\"@type\":\"BreadcrumbList\",\"@id\":\"https:\\\/\\\/www.omnesbands.international\\\/aviso-legal\\\/#breadcrumb\",\"itemListElement\":[{\"@type\":\"ListItem\",\"position\":1,\"name\":\"Portada\",\"item\":\"https:\\\/\\\/www.omnesbands.international\\\/\"},{\"@type\":\"ListItem\",\"position\":2,\"name\":\"AVISO LEGAL\"}]},{\"@type\":\"WebSite\",\"@id\":\"https:\\\/\\\/www.omnesbands.international\\\/#website\",\"url\":\"https:\\\/\\\/www.omnesbands.international\\\/\",\"name\":\"OMNESBANDS International\",\"description\":\"Partituras Originales de autores y compositores independientes\",\"publisher\":{\"@id\":\"https:\\\/\\\/www.omnesbands.international\\\/#organization\"},\"potentialAction\":[{\"@type\":\"SearchAction\",\"target\":{\"@type\":\"EntryPoint\",\"urlTemplate\":\"https:\\\/\\\/www.omnesbands.international\\\/?s={search_term_string}\"},\"query-input\":{\"@type\":\"PropertyValueSpecification\",\"valueRequired\":true,\"valueName\":\"search_term_string\"}}],\"inLanguage\":\"de\"},{\"@type\":\"Organization\",\"@id\":\"https:\\\/\\\/www.omnesbands.international\\\/#organization\",\"name\":\"Indra Consultores Internacionales\",\"alternateName\":\"Omnesbands\",\"url\":\"https:\\\/\\\/www.omnesbands.international\\\/\",\"logo\":{\"@type\":\"ImageObject\",\"inLanguage\":\"de\",\"@id\":\"https:\\\/\\\/www.omnesbands.international\\\/#\\\/schema\\\/logo\\\/image\\\/\",\"url\":\"https:\\\/\\\/omnesbands.international\\\/wp-content\\\/uploads\\\/2023\\\/06\\\/Logo-Nuevo-.png\",\"contentUrl\":\"https:\\\/\\\/omnesbands.international\\\/wp-content\\\/uploads\\\/2023\\\/06\\\/Logo-Nuevo-.png\",\"width\":394,\"height\":212,\"caption\":\"Indra Consultores Internacionales\"},\"image\":{\"@id\":\"https:\\\/\\\/www.omnesbands.international\\\/#\\\/schema\\\/logo\\\/image\\\/\"}}]}<\/script>\n<!-- \/ Yoast SEO Premium plugin. -->","yoast_head_json":{"title":"AVISO LEGAL -","description":"Indra Consultores Internacionales, S.A. inscrita en registro mercantil de Honduras y representada por Melvin Portillo","robots":{"index":"index","follow":"follow","max-snippet":"max-snippet:-1","max-image-preview":"max-image-preview:large","max-video-preview":"max-video-preview:-1"},"canonical":"https:\/\/www.omnesbands.international\/de\/aviso-legal\/","og_locale":"de_DE","og_type":"article","og_title":"AVISO LEGAL","og_description":"Indra Consultores Internacionales, S.A. inscrita en registro mercantil de Honduras y representada por Melvin Portillo","og_url":"https:\/\/www.omnesbands.international\/de\/aviso-legal\/","article_modified_time":"2023-11-02T06:01:54+00:00","og_image":[{"width":1280,"height":742,"url":"https:\/\/www.omnesbands.international\/wp-content\/uploads\/2023\/01\/music-sheet-music-snowdrop-7107045.jpg","type":"image\/jpeg"}],"twitter_card":"summary_large_image","twitter_misc":{"Gesch\u00e4tzte Lesezeit":"2\u00a0Minuten"},"schema":{"@context":"https:\/\/schema.org","@graph":[{"@type":"WebPage","@id":"https:\/\/www.omnesbands.international\/aviso-legal\/","url":"https:\/\/www.omnesbands.international\/aviso-legal\/","name":"AVISO LEGAL -","isPartOf":{"@id":"https:\/\/www.omnesbands.international\/#website"},"datePublished":"2023-01-21T23:50:05+00:00","dateModified":"2023-11-02T06:01:54+00:00","description":"Indra Consultores Internacionales, S.A. inscrita en registro mercantil de Honduras y representada por Melvin Portillo","breadcrumb":{"@id":"https:\/\/www.omnesbands.international\/aviso-legal\/#breadcrumb"},"inLanguage":"de","potentialAction":[{"@type":"ReadAction","target":["https:\/\/www.omnesbands.international\/aviso-legal\/"]}]},{"@type":"BreadcrumbList","@id":"https:\/\/www.omnesbands.international\/aviso-legal\/#breadcrumb","itemListElement":[{"@type":"ListItem","position":1,"name":"Portada","item":"https:\/\/www.omnesbands.international\/"},{"@type":"ListItem","position":2,"name":"AVISO LEGAL"}]},{"@type":"WebSite","@id":"https:\/\/www.omnesbands.international\/#website","url":"https:\/\/www.omnesbands.international\/","name":"OMNESBANDS International","description":"Original-Noten von unabh\u00e4ngigen Autoren und Komponisten","publisher":{"@id":"https:\/\/www.omnesbands.international\/#organization"},"potentialAction":[{"@type":"SearchAction","target":{"@type":"EntryPoint","urlTemplate":"https:\/\/www.omnesbands.international\/?s={search_term_string}"},"query-input":{"@type":"PropertyValueSpecification","valueRequired":true,"valueName":"search_term_string"}}],"inLanguage":"de"},{"@type":"Organization","@id":"https:\/\/www.omnesbands.international\/#organization","name":"Indra Internationale Berater","alternateName":"Omnesbands","url":"https:\/\/www.omnesbands.international\/","logo":{"@type":"ImageObject","inLanguage":"de","@id":"https:\/\/www.omnesbands.international\/#\/schema\/logo\/image\/","url":"https:\/\/omnesbands.international\/wp-content\/uploads\/2023\/06\/Logo-Nuevo-.png","contentUrl":"https:\/\/omnesbands.international\/wp-content\/uploads\/2023\/06\/Logo-Nuevo-.png","width":394,"height":212,"caption":"Indra Consultores Internacionales"},"image":{"@id":"https:\/\/www.omnesbands.international\/#\/schema\/logo\/image\/"}}]}},"uagb_featured_image_src":{"full":false,"thumbnail":false,"medium":false,"medium_large":false,"large":false,"1536x1536":false,"2048x2048":false,"trp-custom-language-flag":false,"gg_gallery_thumbnail":false,"woocommerce_thumbnail":false,"woocommerce_single":false,"woocommerce_gallery_thumbnail":false},"uagb_author_info":{"display_name":"Melvin R. Portillo A:","author_link":"https:\/\/www.omnesbands.international\/de\/author\/portand\/"},"uagb_comment_info":0,"uagb_excerpt":"1. AVISO LEGAL Indra Consultores Internacionales en cumplimiento de lo dispuesto en el art\u00edculo 10 de la Ley 34\/2002, de 11 de julio, de Servicios de la Sociedad de la Informaci\u00f3n y Comercio Electr\u00f3nico, le informa que es una sociedad inscrita en el Registro Mercantil de Tegucigalpa, Honduras Matr\u00edcula 2522453, Inscripci\u00f3n 79049 con los siguientes&hellip;","_links":{"self":[{"href":"https:\/\/www.omnesbands.international\/de\/wp-json\/wp\/v2\/pages\/654","targetHints":{"allow":["GET"]}}],"collection":[{"href":"https:\/\/www.omnesbands.international\/de\/wp-json\/wp\/v2\/pages"}],"about":[{"href":"https:\/\/www.omnesbands.international\/de\/wp-json\/wp\/v2\/types\/page"}],"author":[{"embeddable":true,"href":"https:\/\/www.omnesbands.international\/de\/wp-json\/wp\/v2\/users\/4"}],"replies":[{"embeddable":true,"href":"https:\/\/www.omnesbands.international\/de\/wp-json\/wp\/v2\/comments?post=654"}],"version-history":[{"count":3,"href":"https:\/\/www.omnesbands.international\/de\/wp-json\/wp\/v2\/pages\/654\/revisions"}],"predecessor-version":[{"id":2405,"href":"https:\/\/www.omnesbands.international\/de\/wp-json\/wp\/v2\/pages\/654\/revisions\/2405"}],"wp:attachment":[{"href":"https:\/\/www.omnesbands.international\/de\/wp-json\/wp\/v2\/media?parent=654"}],"curies":[{"name":"wp","href":"https:\/\/api.w.org\/{rel}","templated":true}]}}