{"id":1138,"date":"2023-01-24T21:17:25","date_gmt":"2023-01-25T03:17:25","guid":{"rendered":"https:\/\/omnesbands.international\/?post_type=product&#038;p=1138"},"modified":"2023-11-13T20:49:18","modified_gmt":"2023-11-14T02:49:18","slug":"mare-tenebrosum","status":"publish","type":"product","link":"https:\/\/www.omnesbands.international\/de\/produkt\/mare-tenebrosum\/","title":{"rendered":"Stute Tenebrosum"},"content":{"rendered":"<p>Mare Tenebrosum ist der lateinische Name f\u00fcr die Gew\u00e4sser, die sich vom Kap Finisterre aus erstreckten. Viele Jahrhunderte lang glaubte man, dass es au\u00dferhalb dieser L\u00e4nder nichts g\u00e4be und dass man, wenn man sie betritt, auf alle Arten von Monstern, Abgr\u00fcnden usw. sto\u00dfen muss. Das Werk versucht, diesen apokalyptischen Charakter umgeben vom Meer mit seinen unaufh\u00f6rlichen Wellen zu beschreiben.<\/p>\n<p>Die Komposition ist auf 4 Abschnitte verteilt. In der Einleitung wird das Hauptmotiv vorgestellt und endet mit einem vom Nebel umh\u00fcllten Tenorsaxophon-Solo, das von mehreren Dissonanzen inszeniert wird. Der n\u00e4chste Abschnitt beschreibt die Tapferkeit des Ozeans und alte Geschichten \u00fcber Monster und schreckliche St\u00fcrme. Der langsame und melodi\u00f6se Abschnitt versucht, den Sonnenaufgang am Kap Finisterre zu beschreiben. Abschlie\u00dfend folgt ein Tanz dem Ende des St\u00fccks, in dem Melodien, Rhythmen und Unterabschnitte, die in der gesamten Komposition vorkommen, gemischt werden.<\/p>","protected":false},"excerpt":{"rendered":"<p>Mare Tenebrosum ist der lateinische Name f\u00fcr die Gew\u00e4sser, die sich vom Kap Finisterre aus erstreckten. Viele Jahrhunderte lang glaubte man, dass es au\u00dferhalb dieser L\u00e4nder nichts g\u00e4be und dass man, wenn man sie betritt, auf alle m\u00f6glichen Monster, Abgr\u00fcnde usw. sto\u00dfen muss. Das Werk versucht, diesen apokalyptischen Charakter umgeben vom Meer mit seinen unaufh\u00f6rlichen Wellen zu beschreiben. Die Komposition ist auf 4 Abschnitte verteilt. In der Einleitung wird das Hauptmotiv vorgestellt und endet mit einem vom Nebel umh\u00fcllten Tenorsaxophon-Solo, das von mehreren Dissonanzen inszeniert wird. Der n\u00e4chste Abschnitt beschreibt die Tapferkeit des Ozeans und alte Geschichten \u00fcber Monster und schreckliche St\u00fcrme. Der langsame und melodi\u00f6se Abschnitt versucht, den Sonnenaufgang am Kap Finisterre zu beschreiben. Abschlie\u00dfend folgt ein Tanz dem Ende des St\u00fccks, in dem Melodien, Rhythmen und Unterabschnitte, die in der gesamten Komposition vorkommen, gemischt werden.<\/p>","protected":false},"featured_media":2785,"comment_status":"open","ping_status":"closed","template":"","meta":{"_acf_changed":false,"_uag_custom_page_level_css":"","site-sidebar-layout":"default","site-content-layout":"default","ast-site-content-layout":"default","site-content-style":"default","site-sidebar-style":"default","ast-global-header-display":"","ast-banner-title-visibility":"","ast-main-header-display":"","ast-hfb-above-header-display":"","ast-hfb-below-header-display":"","ast-hfb-mobile-header-display":"","site-post-title":"","ast-breadcrumbs-content":"","ast-featured-img":"","footer-sml-layout":"","ast-disable-related-posts":"","theme-transparent-header-meta":"default","adv-header-id-meta":"","stick-header-meta":"default","header-above-stick-meta":"","header-main-stick-meta":"","header-below-stick-meta":"","astra-migrate-meta-layouts":"set","ast-page-background-enabled":"default","ast-page-background-meta":{"desktop":{"background-color":"","background-image":"","background-repeat":"repeat","background-position":"center center","background-size":"auto","background-attachment":"scroll","background-type":"","background-media":"","overlay-type":"","overlay-color":"","overlay-opacity":"","overlay-gradient":""},"tablet":{"background-color":"","background-image":"","background-repeat":"repeat","background-position":"center center","background-size":"auto","background-attachment":"scroll","background-type":"","background-media":"","overlay-type":"","overlay-color":"","overlay-opacity":"","overlay-gradient":""},"mobile":{"background-color":"","background-image":"","background-repeat":"repeat","background-position":"center center","background-size":"auto","background-attachment":"scroll","background-type":"","background-media":"","overlay-type":"","overlay-color":"","overlay-opacity":"","overlay-gradient":""}},"ast-content-background-meta":{"desktop":{"background-color":"var(--ast-global-color-5)","background-image":"","background-repeat":"repeat","background-position":"center center","background-size":"auto","background-attachment":"scroll","background-type":"","background-media":"","overlay-type":"","overlay-color":"","overlay-opacity":"","overlay-gradient":""},"tablet":{"background-color":"var(--ast-global-color-5)","background-image":"","background-repeat":"repeat","background-position":"center center","background-size":"auto","background-attachment":"scroll","background-type":"","background-media":"","overlay-type":"","overlay-color":"","overlay-opacity":"","overlay-gradient":""},"mobile":{"background-color":"var(--ast-global-color-5)","background-image":"","background-repeat":"repeat","background-position":"center center","background-size":"auto","background-attachment":"scroll","background-type":"","background-media":"","overlay-type":"","overlay-color":"","overlay-opacity":"","overlay-gradient":""}}},"product_brand":[],"product_cat":[24],"product_tag":[88],"class_list":{"0":"post-1138","1":"product","2":"type-product","3":"status-publish","4":"has-post-thumbnail","6":"product_cat-sinfonicas","7":"product_tag-jose-ignacio-blesa-lull","8":"desktop-align-left","9":"tablet-align-left","10":"mobile-align-left","11":"ast-product-gallery-layout-horizontal-slider","13":"first","14":"instock","15":"downloadable","16":"virtual","17":"taxable","18":"purchasable","19":"product-type-simple"},"acf":[],"yoast_head":"<!-- This site is optimized with the Yoast SEO Premium plugin v22.4 (Yoast SEO v27.4) - https:\/\/yoast.com\/product\/yoast-seo-premium-wordpress\/ -->\n<title>Mare Tenebrosum -<\/title>\n<meta name=\"description\" content=\"Partituras de m\u00fasica Sinf\u00f3nica para Orquestas y bandas. M\u00fasica escrita\" \/>\n<meta name=\"robots\" content=\"index, follow, max-snippet:-1, max-image-preview:large, max-video-preview:-1\" \/>\n<link rel=\"canonical\" href=\"https:\/\/www.omnesbands.international\/de\/product\/mare-tenebrosum\/\" \/>\n<meta property=\"og:locale\" content=\"de_DE\" \/>\n<meta property=\"og:type\" content=\"article\" \/>\n<meta property=\"og:title\" content=\"Mare Tenebrosum\" \/>\n<meta property=\"og:description\" content=\"Partituras de m\u00fasica Sinf\u00f3nica para Orquestas y bandas. M\u00fasica escrita\" \/>\n<meta property=\"og:url\" content=\"https:\/\/www.omnesbands.international\/de\/product\/mare-tenebrosum\/\" \/>\n<meta property=\"article:modified_time\" content=\"2023-11-14T02:49:18+00:00\" \/>\n<meta property=\"og:image\" content=\"https:\/\/www.omnesbands.international\/wp-content\/uploads\/2023\/01\/Mare-Tenebrosum-1.jpg\" \/>\n\t<meta property=\"og:image:width\" content=\"768\" \/>\n\t<meta property=\"og:image:height\" content=\"752\" \/>\n\t<meta property=\"og:image:type\" content=\"image\/jpeg\" \/>\n<meta name=\"twitter:card\" content=\"summary_large_image\" \/>\n<meta name=\"twitter:label1\" content=\"Preis\" \/>\n\t<meta name=\"twitter:data1\" content=\"&#036;40.00\" \/>\n\t<meta name=\"twitter:label2\" content=\"Verf\u00fcgbarkeit\" \/>\n\t<meta name=\"twitter:data2\" content=\"Auf Lager\" \/>\n<script type=\"application\/ld+json\" class=\"yoast-schema-graph\">{\"@context\":\"https:\\\/\\\/schema.org\",\"@graph\":[{\"@type\":\"WebPage\",\"@id\":\"https:\\\/\\\/www.omnesbands.international\\\/en\\\/product\\\/mare-tenebrosum\\\/\",\"url\":\"https:\\\/\\\/www.omnesbands.international\\\/en\\\/product\\\/mare-tenebrosum\\\/\",\"name\":\"Mare Tenebrosum -\",\"isPartOf\":{\"@id\":\"https:\\\/\\\/www.omnesbands.international\\\/#website\"},\"primaryImageOfPage\":{\"@id\":\"https:\\\/\\\/www.omnesbands.international\\\/en\\\/product\\\/mare-tenebrosum\\\/#primaryimage\"},\"image\":{\"@id\":\"https:\\\/\\\/www.omnesbands.international\\\/en\\\/product\\\/mare-tenebrosum\\\/#primaryimage\"},\"thumbnailUrl\":\"https:\\\/\\\/www.omnesbands.international\\\/wp-content\\\/uploads\\\/2023\\\/01\\\/Mare-Tenebrosum-1.jpg\",\"datePublished\":\"2023-01-25T03:17:25+00:00\",\"dateModified\":\"2023-11-14T02:49:18+00:00\",\"description\":\"Partituras de m\u00fasica Sinf\u00f3nica para Orquestas y bandas. M\u00fasica escrita\",\"breadcrumb\":{\"@id\":\"https:\\\/\\\/www.omnesbands.international\\\/en\\\/product\\\/mare-tenebrosum\\\/#breadcrumb\"},\"inLanguage\":\"de\",\"potentialAction\":[{\"@type\":\"ReadAction\",\"target\":[\"https:\\\/\\\/www.omnesbands.international\\\/en\\\/product\\\/mare-tenebrosum\\\/\"]}]},{\"@type\":\"ImageObject\",\"inLanguage\":\"de\",\"@id\":\"https:\\\/\\\/www.omnesbands.international\\\/en\\\/product\\\/mare-tenebrosum\\\/#primaryimage\",\"url\":\"https:\\\/\\\/www.omnesbands.international\\\/wp-content\\\/uploads\\\/2023\\\/01\\\/Mare-Tenebrosum-1.jpg\",\"contentUrl\":\"https:\\\/\\\/www.omnesbands.international\\\/wp-content\\\/uploads\\\/2023\\\/01\\\/Mare-Tenebrosum-1.jpg\",\"width\":768,\"height\":752,\"caption\":\"Mare Tenebrosum\"},{\"@type\":\"BreadcrumbList\",\"@id\":\"https:\\\/\\\/www.omnesbands.international\\\/en\\\/product\\\/mare-tenebrosum\\\/#breadcrumb\",\"itemListElement\":[{\"@type\":\"ListItem\",\"position\":1,\"name\":\"Portada\",\"item\":\"https:\\\/\\\/www.omnesbands.international\\\/\"},{\"@type\":\"ListItem\",\"position\":2,\"name\":\"Tienda\",\"item\":\"https:\\\/\\\/www.omnesbands.international\\\/en\\\/shop\\\/\"},{\"@type\":\"ListItem\",\"position\":3,\"name\":\"Mare Tenebrosum\"}]},{\"@type\":\"WebSite\",\"@id\":\"https:\\\/\\\/www.omnesbands.international\\\/#website\",\"url\":\"https:\\\/\\\/www.omnesbands.international\\\/\",\"name\":\"OMNESBANDS International\",\"description\":\"Partituras Originales de autores y compositores independientes\",\"publisher\":{\"@id\":\"https:\\\/\\\/www.omnesbands.international\\\/#organization\"},\"potentialAction\":[{\"@type\":\"SearchAction\",\"target\":{\"@type\":\"EntryPoint\",\"urlTemplate\":\"https:\\\/\\\/www.omnesbands.international\\\/?s={search_term_string}\"},\"query-input\":{\"@type\":\"PropertyValueSpecification\",\"valueRequired\":true,\"valueName\":\"search_term_string\"}}],\"inLanguage\":\"de\"},{\"@type\":\"Organization\",\"@id\":\"https:\\\/\\\/www.omnesbands.international\\\/#organization\",\"name\":\"Indra Consultores Internacionales\",\"alternateName\":\"Omnesbands\",\"url\":\"https:\\\/\\\/www.omnesbands.international\\\/\",\"logo\":{\"@type\":\"ImageObject\",\"inLanguage\":\"de\",\"@id\":\"https:\\\/\\\/www.omnesbands.international\\\/#\\\/schema\\\/logo\\\/image\\\/\",\"url\":\"https:\\\/\\\/omnesbands.international\\\/wp-content\\\/uploads\\\/2023\\\/06\\\/Logo-Nuevo-.png\",\"contentUrl\":\"https:\\\/\\\/omnesbands.international\\\/wp-content\\\/uploads\\\/2023\\\/06\\\/Logo-Nuevo-.png\",\"width\":394,\"height\":212,\"caption\":\"Indra Consultores Internacionales\"},\"image\":{\"@id\":\"https:\\\/\\\/www.omnesbands.international\\\/#\\\/schema\\\/logo\\\/image\\\/\"}}]}<\/script>\n<meta property=\"product:price:amount\" content=\"40.00\" \/>\n<meta property=\"product:price:currency\" content=\"USD\" \/>\n<meta property=\"og:availability\" content=\"instock\" \/>\n<meta property=\"product:availability\" content=\"instock\" \/>\n<meta property=\"product:retailer_item_id\" content=\"MAR-SIN-ESP-22\" \/>\n<meta property=\"product:condition\" content=\"new\" \/>\n<!-- \/ Yoast SEO Premium plugin. -->","yoast_head_json":{"title":"Mare Tenebrosum -","description":"Partituras de m\u00fasica Sinf\u00f3nica para Orquestas y bandas. M\u00fasica escrita","robots":{"index":"index","follow":"follow","max-snippet":"max-snippet:-1","max-image-preview":"max-image-preview:large","max-video-preview":"max-video-preview:-1"},"canonical":"https:\/\/www.omnesbands.international\/de\/product\/mare-tenebrosum\/","og_locale":"de_DE","og_type":"article","og_title":"Mare Tenebrosum","og_description":"Partituras de m\u00fasica Sinf\u00f3nica para Orquestas y bandas. M\u00fasica escrita","og_url":"https:\/\/www.omnesbands.international\/de\/product\/mare-tenebrosum\/","article_modified_time":"2023-11-14T02:49:18+00:00","og_image":[{"width":768,"height":752,"url":"https:\/\/www.omnesbands.international\/wp-content\/uploads\/2023\/01\/Mare-Tenebrosum-1.jpg","type":"image\/jpeg"}],"twitter_card":"summary_large_image","twitter_misc":{"Preis":"&#36;40.00","Verf\u00fcgbarkeit":"Auf Lager"},"schema":{"@context":"https:\/\/schema.org","@graph":[{"@type":"WebPage","@id":"https:\/\/www.omnesbands.international\/en\/product\/mare-tenebrosum\/","url":"https:\/\/www.omnesbands.international\/en\/product\/mare-tenebrosum\/","name":"Mare Tenebrosum -","isPartOf":{"@id":"https:\/\/www.omnesbands.international\/#website"},"primaryImageOfPage":{"@id":"https:\/\/www.omnesbands.international\/en\/product\/mare-tenebrosum\/#primaryimage"},"image":{"@id":"https:\/\/www.omnesbands.international\/en\/product\/mare-tenebrosum\/#primaryimage"},"thumbnailUrl":"https:\/\/www.omnesbands.international\/wp-content\/uploads\/2023\/01\/Mare-Tenebrosum-1.jpg","datePublished":"2023-01-25T03:17:25+00:00","dateModified":"2023-11-14T02:49:18+00:00","description":"Partituras de m\u00fasica Sinf\u00f3nica para Orquestas y bandas. M\u00fasica escrita","breadcrumb":{"@id":"https:\/\/www.omnesbands.international\/en\/product\/mare-tenebrosum\/#breadcrumb"},"inLanguage":"de","potentialAction":[{"@type":"ReadAction","target":["https:\/\/www.omnesbands.international\/en\/product\/mare-tenebrosum\/"]}]},{"@type":"ImageObject","inLanguage":"de","@id":"https:\/\/www.omnesbands.international\/en\/product\/mare-tenebrosum\/#primaryimage","url":"https:\/\/www.omnesbands.international\/wp-content\/uploads\/2023\/01\/Mare-Tenebrosum-1.jpg","contentUrl":"https:\/\/www.omnesbands.international\/wp-content\/uploads\/2023\/01\/Mare-Tenebrosum-1.jpg","width":768,"height":752,"caption":"Mare Tenebrosum"},{"@type":"BreadcrumbList","@id":"https:\/\/www.omnesbands.international\/en\/product\/mare-tenebrosum\/#breadcrumb","itemListElement":[{"@type":"ListItem","position":1,"name":"Portada","item":"https:\/\/www.omnesbands.international\/"},{"@type":"ListItem","position":2,"name":"Tienda","item":"https:\/\/www.omnesbands.international\/en\/shop\/"},{"@type":"ListItem","position":3,"name":"Mare Tenebrosum"}]},{"@type":"WebSite","@id":"https:\/\/www.omnesbands.international\/#website","url":"https:\/\/www.omnesbands.international\/","name":"OMNESBANDS International","description":"Original-Noten von unabh\u00e4ngigen Autoren und Komponisten","publisher":{"@id":"https:\/\/www.omnesbands.international\/#organization"},"potentialAction":[{"@type":"SearchAction","target":{"@type":"EntryPoint","urlTemplate":"https:\/\/www.omnesbands.international\/?s={search_term_string}"},"query-input":{"@type":"PropertyValueSpecification","valueRequired":true,"valueName":"search_term_string"}}],"inLanguage":"de"},{"@type":"Organization","@id":"https:\/\/www.omnesbands.international\/#organization","name":"Indra Internationale Berater","alternateName":"Omnesbands","url":"https:\/\/www.omnesbands.international\/","logo":{"@type":"ImageObject","inLanguage":"de","@id":"https:\/\/www.omnesbands.international\/#\/schema\/logo\/image\/","url":"https:\/\/omnesbands.international\/wp-content\/uploads\/2023\/06\/Logo-Nuevo-.png","contentUrl":"https:\/\/omnesbands.international\/wp-content\/uploads\/2023\/06\/Logo-Nuevo-.png","width":394,"height":212,"caption":"Indra Consultores Internacionales"},"image":{"@id":"https:\/\/www.omnesbands.international\/#\/schema\/logo\/image\/"}}]},"product_price_amount":"40.00","product_price_currency":"USD","og_availability":"instock","product_availability":"instock","product_retailer_item_id":"MAR-SIN-ESP-22","product_condition":"new"},"uagb_featured_image_src":{"full":["https:\/\/www.omnesbands.international\/wp-content\/uploads\/2023\/01\/Mare-Tenebrosum-1.jpg",768,752,false],"thumbnail":["https:\/\/www.omnesbands.international\/wp-content\/uploads\/2023\/01\/Mare-Tenebrosum-1-150x150.jpg",150,150,true],"medium":["https:\/\/www.omnesbands.international\/wp-content\/uploads\/2023\/01\/Mare-Tenebrosum-1-300x294.jpg",300,294,true],"medium_large":["https:\/\/www.omnesbands.international\/wp-content\/uploads\/2023\/01\/Mare-Tenebrosum-1.jpg",768,752,false],"large":["https:\/\/www.omnesbands.international\/wp-content\/uploads\/2023\/01\/Mare-Tenebrosum-1.jpg",768,752,false],"1536x1536":["https:\/\/www.omnesbands.international\/wp-content\/uploads\/2023\/01\/Mare-Tenebrosum-1.jpg",768,752,false],"2048x2048":["https:\/\/www.omnesbands.international\/wp-content\/uploads\/2023\/01\/Mare-Tenebrosum-1.jpg",768,752,false],"trp-custom-language-flag":["https:\/\/www.omnesbands.international\/wp-content\/uploads\/2023\/01\/Mare-Tenebrosum-1-12x12.jpg",12,12,true],"gg_gallery_thumbnail":["https:\/\/www.omnesbands.international\/wp-content\/uploads\/2023\/01\/Mare-Tenebrosum-1-450x250.jpg",450,250,true],"woocommerce_thumbnail":["https:\/\/www.omnesbands.international\/wp-content\/uploads\/2023\/01\/Mare-Tenebrosum-1-300x300.jpg",300,300,true],"woocommerce_single":["https:\/\/www.omnesbands.international\/wp-content\/uploads\/2023\/01\/Mare-Tenebrosum-1-600x588.jpg",600,588,true],"woocommerce_gallery_thumbnail":["https:\/\/www.omnesbands.international\/wp-content\/uploads\/2023\/01\/Mare-Tenebrosum-1-100x100.jpg",100,100,true]},"uagb_author_info":{"display_name":"Melvin R. Portillo A:","author_link":"https:\/\/www.omnesbands.international\/de\/author\/"},"uagb_comment_info":0,"uagb_excerpt":"Mare Tenebrosum es el nombre latino de las aguas que se extend\u00edan desde el cabo de Finisterre. Durante muchos siglos se crey\u00f3 que no hab\u00eda nada m\u00e1s all\u00e1 de estas tierras y que adentrarse en ellas significaba tropezarse con toda clase de monstruos, abismos, etc. La obra trata de describir este car\u00e1cter apocal\u00edptico rodeado del&hellip;","_links":{"self":[{"href":"https:\/\/www.omnesbands.international\/de\/wp-json\/wp\/v2\/product\/1138","targetHints":{"allow":["GET"]}}],"collection":[{"href":"https:\/\/www.omnesbands.international\/de\/wp-json\/wp\/v2\/product"}],"about":[{"href":"https:\/\/www.omnesbands.international\/de\/wp-json\/wp\/v2\/types\/product"}],"replies":[{"embeddable":true,"href":"https:\/\/www.omnesbands.international\/de\/wp-json\/wp\/v2\/comments?post=1138"}],"wp:featuredmedia":[{"embeddable":true,"href":"https:\/\/www.omnesbands.international\/de\/wp-json\/wp\/v2\/media\/2785"}],"wp:attachment":[{"href":"https:\/\/www.omnesbands.international\/de\/wp-json\/wp\/v2\/media?parent=1138"}],"wp:term":[{"taxonomy":"product_brand","embeddable":true,"href":"https:\/\/www.omnesbands.international\/de\/wp-json\/wp\/v2\/product_brand?post=1138"},{"taxonomy":"product_cat","embeddable":true,"href":"https:\/\/www.omnesbands.international\/de\/wp-json\/wp\/v2\/product_cat?post=1138"},{"taxonomy":"product_tag","embeddable":true,"href":"https:\/\/www.omnesbands.international\/de\/wp-json\/wp\/v2\/product_tag?post=1138"}],"curies":[{"name":"wp","href":"https:\/\/api.w.org\/{rel}","templated":true}]}}