{"id":1140,"date":"2023-01-24T21:20:55","date_gmt":"2023-01-25T03:20:55","guid":{"rendered":"https:\/\/omnesbands.international\/?post_type=product&#038;p=1140"},"modified":"2023-11-13T20:43:33","modified_gmt":"2023-11-14T02:43:33","slug":"marimba-concerto-version-para-marimba-y-banda","status":"publish","type":"product","link":"https:\/\/www.omnesbands.international\/de\/produkt\/marimba-concerto-version-para-marimba-y-banda\/","title":{"rendered":"Marimba-Konzert (Fassung f\u00fcr Marimba und Band)"},"content":{"rendered":"<p>Konzert f\u00fcr Marimba und Band, ein Werk des Maestro Ram\u00f3n Garc\u00eda i Soler, das dem Andenken an Elena Mart\u00ednez Navarro gewidmet ist.<br \/>\nDas \u201eMarimbakonzert\u201c wurde vom Marimbisten und Dirigenten aus Alicante, Jordi Franc\u00e9s Sanjuan, in Auftrag gegeben. Es wurde urspr\u00fcnglich zwischen Mai 2005 und Januar 2006 f\u00fcr Orchester komponiert. Die Urauff\u00fchrung fand am 24. Mai 2006 im Auditorium Mart\u00edn Codax des Oberen Konservatoriums von Vigo (Galizien-Spanien) durch den Solisten Jordi Franc\u00e9s und sein Orchesterzentrum statt die Leitung von Javier Viceiro. In dieser Ausgabe pr\u00e4sentieren wir die vom Autor Ram\u00f3n Garc\u00eda i Soler selbst erstellte Version f\u00fcr Symphonieorchester.<\/p>\n<p>Das Werk ist dem Andenken an Elena Mart\u00ednez Navarro gewidmet, einer dem Autor bekannten jungen Frau, die wenige Tage nach der Geburt ihres Sohnes an einer schweren Krankheit starb.<\/p>\n<p>Das Werk reagiert auf die traditionelle Struktur des Konzerts. Es besteht aus drei S\u00e4tzen (Allegro-Adagio-Allegro); das erste St\u00fcck ist fr\u00f6hlich in Sonatenform, das zweite St\u00fcck meditativer Natur, artikuliert als abwechslungsreiches Thema, und das dritte St\u00fcck transzendenter Natur in Form eines Scherzos.<\/p>","protected":false},"excerpt":{"rendered":"<p>Konzert f\u00fcr Marimba und Band, ein Werk des Maestro Ram\u00f3n Garc\u00eda i Soler, das dem Andenken an Elena Mart\u00ednez Navarro gewidmet ist.<br \/>\nDas \u201eMarimbakonzert\u201c wurde vom Marimbisten und Dirigenten aus Alicante, Jordi Franc\u00e9s Sanjuan, in Auftrag gegeben. Es wurde urspr\u00fcnglich zwischen Mai 2005 und Januar 2006 f\u00fcr Orchester komponiert. Die Urauff\u00fchrung fand am 24. Mai 2006 im Auditorium Mart\u00edn Codax des Oberen Konservatoriums von Vigo (Galizien-Spanien) durch den Solisten Jordi Franc\u00e9s und sein Orchester statt. Mitte, unter die Leitung von Javier Viceiro. In dieser Ausgabe pr\u00e4sentieren wir die vom Autor Ram\u00f3n Garc\u00eda i Soler selbst erstellte Version f\u00fcr Symphonieorchester. Das Werk ist dem Andenken an Elena Mart\u00ednez Navarro gewidmet, einer dem Autor bekannten jungen Frau, die wenige Tage nach der Geburt ihres Sohnes an einer schweren Krankheit starb. Das Werk reagiert auf die traditionelle Struktur des Konzerts. Es besteht aus drei S\u00e4tzen (Allegro-Adagio-Allegro); das erste St\u00fcck ist fr\u00f6hlich in Sonatenform, das zweite St\u00fcck meditativer Natur, artikuliert als abwechslungsreiches Thema, und das dritte St\u00fcck transzendenter Natur in Form eines Scherzos.<\/p>","protected":false},"featured_media":2782,"comment_status":"open","ping_status":"closed","template":"","meta":{"_acf_changed":false,"_uag_custom_page_level_css":"","site-sidebar-layout":"default","site-content-layout":"default","ast-site-content-layout":"default","site-content-style":"default","site-sidebar-style":"default","ast-global-header-display":"","ast-banner-title-visibility":"","ast-main-header-display":"","ast-hfb-above-header-display":"","ast-hfb-below-header-display":"","ast-hfb-mobile-header-display":"","site-post-title":"","ast-breadcrumbs-content":"","ast-featured-img":"","footer-sml-layout":"","ast-disable-related-posts":"","theme-transparent-header-meta":"default","adv-header-id-meta":"","stick-header-meta":"default","header-above-stick-meta":"","header-main-stick-meta":"","header-below-stick-meta":"","astra-migrate-meta-layouts":"set","ast-page-background-enabled":"default","ast-page-background-meta":{"desktop":{"background-color":"","background-image":"","background-repeat":"repeat","background-position":"center center","background-size":"auto","background-attachment":"scroll","background-type":"","background-media":"","overlay-type":"","overlay-color":"","overlay-opacity":"","overlay-gradient":""},"tablet":{"background-color":"","background-image":"","background-repeat":"repeat","background-position":"center center","background-size":"auto","background-attachment":"scroll","background-type":"","background-media":"","overlay-type":"","overlay-color":"","overlay-opacity":"","overlay-gradient":""},"mobile":{"background-color":"","background-image":"","background-repeat":"repeat","background-position":"center center","background-size":"auto","background-attachment":"scroll","background-type":"","background-media":"","overlay-type":"","overlay-color":"","overlay-opacity":"","overlay-gradient":""}},"ast-content-background-meta":{"desktop":{"background-color":"var(--ast-global-color-5)","background-image":"","background-repeat":"repeat","background-position":"center center","background-size":"auto","background-attachment":"scroll","background-type":"","background-media":"","overlay-type":"","overlay-color":"","overlay-opacity":"","overlay-gradient":""},"tablet":{"background-color":"var(--ast-global-color-5)","background-image":"","background-repeat":"repeat","background-position":"center center","background-size":"auto","background-attachment":"scroll","background-type":"","background-media":"","overlay-type":"","overlay-color":"","overlay-opacity":"","overlay-gradient":""},"mobile":{"background-color":"var(--ast-global-color-5)","background-image":"","background-repeat":"repeat","background-position":"center center","background-size":"auto","background-attachment":"scroll","background-type":"","background-media":"","overlay-type":"","overlay-color":"","overlay-opacity":"","overlay-gradient":""}}},"product_brand":[],"product_cat":[24],"product_tag":[29],"class_list":{"0":"post-1140","1":"product","2":"type-product","3":"status-publish","4":"has-post-thumbnail","6":"product_cat-sinfonicas","7":"product_tag-ramon-garcia-soler","8":"desktop-align-left","9":"tablet-align-left","10":"mobile-align-left","11":"ast-product-gallery-layout-horizontal-slider","13":"first","14":"instock","15":"downloadable","16":"virtual","17":"taxable","18":"purchasable","19":"product-type-simple"},"acf":[],"yoast_head":"<!-- This site is optimized with the Yoast SEO Premium plugin v22.4 (Yoast SEO v27.4) - https:\/\/yoast.com\/product\/yoast-seo-premium-wordpress\/ -->\n<title>Marimba Concerto (Versi\u00f3n para Marimba y Banda) -<\/title>\n<meta name=\"description\" content=\"Partituras de m\u00fasica Sinf\u00f3nica para Orquestas y bandas. M\u00fasica escrita\" \/>\n<meta name=\"robots\" content=\"index, follow, max-snippet:-1, max-image-preview:large, max-video-preview:-1\" \/>\n<link rel=\"canonical\" href=\"https:\/\/www.omnesbands.international\/de\/produkt\/marimba-concerto-version-para-marimba-y-banda\/\" \/>\n<meta property=\"og:locale\" content=\"de_DE\" \/>\n<meta property=\"og:type\" content=\"article\" \/>\n<meta property=\"og:title\" content=\"Marimba Concerto (Versi\u00f3n para Marimba y Banda)\" \/>\n<meta property=\"og:description\" content=\"Partituras de m\u00fasica Sinf\u00f3nica para Orquestas y bandas. M\u00fasica escrita\" \/>\n<meta property=\"og:url\" content=\"https:\/\/www.omnesbands.international\/de\/produkt\/marimba-concerto-version-para-marimba-y-banda\/\" \/>\n<meta property=\"article:modified_time\" content=\"2023-11-14T02:43:33+00:00\" \/>\n<meta property=\"og:image\" content=\"https:\/\/www.omnesbands.international\/wp-content\/uploads\/2023\/01\/Marimba-Concerto-1.jpg\" \/>\n\t<meta property=\"og:image:width\" content=\"751\" \/>\n\t<meta property=\"og:image:height\" content=\"814\" \/>\n\t<meta property=\"og:image:type\" content=\"image\/jpeg\" \/>\n<meta name=\"twitter:card\" content=\"summary_large_image\" \/>\n<meta name=\"twitter:label1\" content=\"Preis\" \/>\n\t<meta name=\"twitter:data1\" content=\"&#036;45.00\" \/>\n\t<meta name=\"twitter:label2\" content=\"Verf\u00fcgbarkeit\" \/>\n\t<meta name=\"twitter:data2\" content=\"Auf Lager\" \/>\n<script type=\"application\/ld+json\" class=\"yoast-schema-graph\">{\"@context\":\"https:\\\/\\\/schema.org\",\"@graph\":[{\"@type\":\"WebPage\",\"@id\":\"https:\\\/\\\/www.omnesbands.international\\\/de\\\/produkt\\\/marimba-concerto-version-para-marimba-y-banda\\\/\",\"url\":\"https:\\\/\\\/www.omnesbands.international\\\/de\\\/produkt\\\/marimba-concerto-version-para-marimba-y-banda\\\/\",\"name\":\"Marimba Concerto (Versi\u00f3n para Marimba y Banda) -\",\"isPartOf\":{\"@id\":\"https:\\\/\\\/www.omnesbands.international\\\/#website\"},\"primaryImageOfPage\":{\"@id\":\"https:\\\/\\\/www.omnesbands.international\\\/de\\\/produkt\\\/marimba-concerto-version-para-marimba-y-banda\\\/#primaryimage\"},\"image\":{\"@id\":\"https:\\\/\\\/www.omnesbands.international\\\/de\\\/produkt\\\/marimba-concerto-version-para-marimba-y-banda\\\/#primaryimage\"},\"thumbnailUrl\":\"https:\\\/\\\/www.omnesbands.international\\\/wp-content\\\/uploads\\\/2023\\\/01\\\/Marimba-Concerto-1.jpg\",\"datePublished\":\"2023-01-25T03:20:55+00:00\",\"dateModified\":\"2023-11-14T02:43:33+00:00\",\"description\":\"Partituras de m\u00fasica Sinf\u00f3nica para Orquestas y bandas. M\u00fasica escrita\",\"breadcrumb\":{\"@id\":\"https:\\\/\\\/www.omnesbands.international\\\/de\\\/produkt\\\/marimba-concerto-version-para-marimba-y-banda\\\/#breadcrumb\"},\"inLanguage\":\"de\",\"potentialAction\":[{\"@type\":\"ReadAction\",\"target\":[\"https:\\\/\\\/www.omnesbands.international\\\/de\\\/produkt\\\/marimba-concerto-version-para-marimba-y-banda\\\/\"]}]},{\"@type\":\"ImageObject\",\"inLanguage\":\"de\",\"@id\":\"https:\\\/\\\/www.omnesbands.international\\\/de\\\/produkt\\\/marimba-concerto-version-para-marimba-y-banda\\\/#primaryimage\",\"url\":\"https:\\\/\\\/www.omnesbands.international\\\/wp-content\\\/uploads\\\/2023\\\/01\\\/Marimba-Concerto-1.jpg\",\"contentUrl\":\"https:\\\/\\\/www.omnesbands.international\\\/wp-content\\\/uploads\\\/2023\\\/01\\\/Marimba-Concerto-1.jpg\",\"width\":751,\"height\":814,\"caption\":\"Marimba Concerto\"},{\"@type\":\"BreadcrumbList\",\"@id\":\"https:\\\/\\\/www.omnesbands.international\\\/de\\\/produkt\\\/marimba-concerto-version-para-marimba-y-banda\\\/#breadcrumb\",\"itemListElement\":[{\"@type\":\"ListItem\",\"position\":1,\"name\":\"Portada\",\"item\":\"https:\\\/\\\/www.omnesbands.international\\\/\"},{\"@type\":\"ListItem\",\"position\":2,\"name\":\"Tienda\",\"item\":\"https:\\\/\\\/www.omnesbands.international\\\/en\\\/shop\\\/\"},{\"@type\":\"ListItem\",\"position\":3,\"name\":\"Marimba Concerto (Versi\u00f3n para Marimba y Banda)\"}]},{\"@type\":\"WebSite\",\"@id\":\"https:\\\/\\\/www.omnesbands.international\\\/#website\",\"url\":\"https:\\\/\\\/www.omnesbands.international\\\/\",\"name\":\"OMNESBANDS International\",\"description\":\"Partituras Originales de autores y compositores independientes\",\"publisher\":{\"@id\":\"https:\\\/\\\/www.omnesbands.international\\\/#organization\"},\"potentialAction\":[{\"@type\":\"SearchAction\",\"target\":{\"@type\":\"EntryPoint\",\"urlTemplate\":\"https:\\\/\\\/www.omnesbands.international\\\/?s={search_term_string}\"},\"query-input\":{\"@type\":\"PropertyValueSpecification\",\"valueRequired\":true,\"valueName\":\"search_term_string\"}}],\"inLanguage\":\"de\"},{\"@type\":\"Organization\",\"@id\":\"https:\\\/\\\/www.omnesbands.international\\\/#organization\",\"name\":\"Indra Consultores Internacionales\",\"alternateName\":\"Omnesbands\",\"url\":\"https:\\\/\\\/www.omnesbands.international\\\/\",\"logo\":{\"@type\":\"ImageObject\",\"inLanguage\":\"de\",\"@id\":\"https:\\\/\\\/www.omnesbands.international\\\/#\\\/schema\\\/logo\\\/image\\\/\",\"url\":\"https:\\\/\\\/omnesbands.international\\\/wp-content\\\/uploads\\\/2023\\\/06\\\/Logo-Nuevo-.png\",\"contentUrl\":\"https:\\\/\\\/omnesbands.international\\\/wp-content\\\/uploads\\\/2023\\\/06\\\/Logo-Nuevo-.png\",\"width\":394,\"height\":212,\"caption\":\"Indra Consultores Internacionales\"},\"image\":{\"@id\":\"https:\\\/\\\/www.omnesbands.international\\\/#\\\/schema\\\/logo\\\/image\\\/\"}}]}<\/script>\n<meta property=\"product:price:amount\" content=\"45.00\" \/>\n<meta property=\"product:price:currency\" content=\"USD\" \/>\n<meta property=\"og:availability\" content=\"instock\" \/>\n<meta property=\"product:availability\" content=\"instock\" \/>\n<meta property=\"product:retailer_item_id\" content=\"MARI-SIN-ESP-22\" \/>\n<meta property=\"product:condition\" content=\"new\" \/>\n<!-- \/ Yoast SEO Premium plugin. -->","yoast_head_json":{"title":"Marimba Concerto (Versi\u00f3n para Marimba y Banda) -","description":"Partituras de m\u00fasica Sinf\u00f3nica para Orquestas y bandas. M\u00fasica escrita","robots":{"index":"index","follow":"follow","max-snippet":"max-snippet:-1","max-image-preview":"max-image-preview:large","max-video-preview":"max-video-preview:-1"},"canonical":"https:\/\/www.omnesbands.international\/de\/produkt\/marimba-concerto-version-para-marimba-y-banda\/","og_locale":"de_DE","og_type":"article","og_title":"Marimba Concerto (Versi\u00f3n para Marimba y Banda)","og_description":"Partituras de m\u00fasica Sinf\u00f3nica para Orquestas y bandas. M\u00fasica escrita","og_url":"https:\/\/www.omnesbands.international\/de\/produkt\/marimba-concerto-version-para-marimba-y-banda\/","article_modified_time":"2023-11-14T02:43:33+00:00","og_image":[{"width":751,"height":814,"url":"https:\/\/www.omnesbands.international\/wp-content\/uploads\/2023\/01\/Marimba-Concerto-1.jpg","type":"image\/jpeg"}],"twitter_card":"summary_large_image","twitter_misc":{"Preis":"&#36;45.00","Verf\u00fcgbarkeit":"Auf Lager"},"schema":{"@context":"https:\/\/schema.org","@graph":[{"@type":"WebPage","@id":"https:\/\/www.omnesbands.international\/de\/produkt\/marimba-concerto-version-para-marimba-y-banda\/","url":"https:\/\/www.omnesbands.international\/de\/produkt\/marimba-concerto-version-para-marimba-y-banda\/","name":"Marimba Concerto (Versi\u00f3n para Marimba y Banda) -","isPartOf":{"@id":"https:\/\/www.omnesbands.international\/#website"},"primaryImageOfPage":{"@id":"https:\/\/www.omnesbands.international\/de\/produkt\/marimba-concerto-version-para-marimba-y-banda\/#primaryimage"},"image":{"@id":"https:\/\/www.omnesbands.international\/de\/produkt\/marimba-concerto-version-para-marimba-y-banda\/#primaryimage"},"thumbnailUrl":"https:\/\/www.omnesbands.international\/wp-content\/uploads\/2023\/01\/Marimba-Concerto-1.jpg","datePublished":"2023-01-25T03:20:55+00:00","dateModified":"2023-11-14T02:43:33+00:00","description":"Partituras de m\u00fasica Sinf\u00f3nica para Orquestas y bandas. M\u00fasica escrita","breadcrumb":{"@id":"https:\/\/www.omnesbands.international\/de\/produkt\/marimba-concerto-version-para-marimba-y-banda\/#breadcrumb"},"inLanguage":"de","potentialAction":[{"@type":"ReadAction","target":["https:\/\/www.omnesbands.international\/de\/produkt\/marimba-concerto-version-para-marimba-y-banda\/"]}]},{"@type":"ImageObject","inLanguage":"de","@id":"https:\/\/www.omnesbands.international\/de\/produkt\/marimba-concerto-version-para-marimba-y-banda\/#primaryimage","url":"https:\/\/www.omnesbands.international\/wp-content\/uploads\/2023\/01\/Marimba-Concerto-1.jpg","contentUrl":"https:\/\/www.omnesbands.international\/wp-content\/uploads\/2023\/01\/Marimba-Concerto-1.jpg","width":751,"height":814,"caption":"Marimba Concerto"},{"@type":"BreadcrumbList","@id":"https:\/\/www.omnesbands.international\/de\/produkt\/marimba-concerto-version-para-marimba-y-banda\/#breadcrumb","itemListElement":[{"@type":"ListItem","position":1,"name":"Portada","item":"https:\/\/www.omnesbands.international\/"},{"@type":"ListItem","position":2,"name":"Tienda","item":"https:\/\/www.omnesbands.international\/en\/shop\/"},{"@type":"ListItem","position":3,"name":"Marimba Concerto (Versi\u00f3n para Marimba y Banda)"}]},{"@type":"WebSite","@id":"https:\/\/www.omnesbands.international\/#website","url":"https:\/\/www.omnesbands.international\/","name":"OMNESBANDS International","description":"Original-Noten von unabh\u00e4ngigen Autoren und Komponisten","publisher":{"@id":"https:\/\/www.omnesbands.international\/#organization"},"potentialAction":[{"@type":"SearchAction","target":{"@type":"EntryPoint","urlTemplate":"https:\/\/www.omnesbands.international\/?s={search_term_string}"},"query-input":{"@type":"PropertyValueSpecification","valueRequired":true,"valueName":"search_term_string"}}],"inLanguage":"de"},{"@type":"Organization","@id":"https:\/\/www.omnesbands.international\/#organization","name":"Indra Internationale Berater","alternateName":"Omnesbands","url":"https:\/\/www.omnesbands.international\/","logo":{"@type":"ImageObject","inLanguage":"de","@id":"https:\/\/www.omnesbands.international\/#\/schema\/logo\/image\/","url":"https:\/\/omnesbands.international\/wp-content\/uploads\/2023\/06\/Logo-Nuevo-.png","contentUrl":"https:\/\/omnesbands.international\/wp-content\/uploads\/2023\/06\/Logo-Nuevo-.png","width":394,"height":212,"caption":"Indra Consultores Internacionales"},"image":{"@id":"https:\/\/www.omnesbands.international\/#\/schema\/logo\/image\/"}}]},"product_price_amount":"45.00","product_price_currency":"USD","og_availability":"instock","product_availability":"instock","product_retailer_item_id":"MARI-SIN-ESP-22","product_condition":"new"},"uagb_featured_image_src":{"full":["https:\/\/www.omnesbands.international\/wp-content\/uploads\/2023\/01\/Marimba-Concerto-1.jpg",751,814,false],"thumbnail":["https:\/\/www.omnesbands.international\/wp-content\/uploads\/2023\/01\/Marimba-Concerto-1-150x150.jpg",150,150,true],"medium":["https:\/\/www.omnesbands.international\/wp-content\/uploads\/2023\/01\/Marimba-Concerto-1-277x300.jpg",277,300,true],"medium_large":["https:\/\/www.omnesbands.international\/wp-content\/uploads\/2023\/01\/Marimba-Concerto-1.jpg",751,814,false],"large":["https:\/\/www.omnesbands.international\/wp-content\/uploads\/2023\/01\/Marimba-Concerto-1.jpg",751,814,false],"1536x1536":["https:\/\/www.omnesbands.international\/wp-content\/uploads\/2023\/01\/Marimba-Concerto-1.jpg",751,814,false],"2048x2048":["https:\/\/www.omnesbands.international\/wp-content\/uploads\/2023\/01\/Marimba-Concerto-1.jpg",751,814,false],"trp-custom-language-flag":["https:\/\/www.omnesbands.international\/wp-content\/uploads\/2023\/01\/Marimba-Concerto-1-11x12.jpg",11,12,true],"gg_gallery_thumbnail":["https:\/\/www.omnesbands.international\/wp-content\/uploads\/2023\/01\/Marimba-Concerto-1-450x250.jpg",450,250,true],"woocommerce_thumbnail":["https:\/\/www.omnesbands.international\/wp-content\/uploads\/2023\/01\/Marimba-Concerto-1-300x300.jpg",300,300,true],"woocommerce_single":["https:\/\/www.omnesbands.international\/wp-content\/uploads\/2023\/01\/Marimba-Concerto-1-600x650.jpg",600,650,true],"woocommerce_gallery_thumbnail":["https:\/\/www.omnesbands.international\/wp-content\/uploads\/2023\/01\/Marimba-Concerto-1-100x100.jpg",100,100,true]},"uagb_author_info":{"display_name":"Melvin R. Portillo A:","author_link":"https:\/\/www.omnesbands.international\/de\/author\/"},"uagb_comment_info":0,"uagb_excerpt":"Concierto para Marimba y Banda, obra del maestro Ram\u00f3n Garc\u00eda i Soler dedicada a la memoria de Elena Mart\u00ednez Navarro. El \u201cMarimba Concerto\u201d nace por encargo del marimbista y director alicantino Jordi Franc\u00e9s Sanjuan. Fue compuesto originalmente para orquesta entre mayo de 2005 y enero de 2006. El estreno tuvo lugar en el Auditorio Mart\u00edn&hellip;","_links":{"self":[{"href":"https:\/\/www.omnesbands.international\/de\/wp-json\/wp\/v2\/product\/1140","targetHints":{"allow":["GET"]}}],"collection":[{"href":"https:\/\/www.omnesbands.international\/de\/wp-json\/wp\/v2\/product"}],"about":[{"href":"https:\/\/www.omnesbands.international\/de\/wp-json\/wp\/v2\/types\/product"}],"replies":[{"embeddable":true,"href":"https:\/\/www.omnesbands.international\/de\/wp-json\/wp\/v2\/comments?post=1140"}],"wp:featuredmedia":[{"embeddable":true,"href":"https:\/\/www.omnesbands.international\/de\/wp-json\/wp\/v2\/media\/2782"}],"wp:attachment":[{"href":"https:\/\/www.omnesbands.international\/de\/wp-json\/wp\/v2\/media?parent=1140"}],"wp:term":[{"taxonomy":"product_brand","embeddable":true,"href":"https:\/\/www.omnesbands.international\/de\/wp-json\/wp\/v2\/product_brand?post=1140"},{"taxonomy":"product_cat","embeddable":true,"href":"https:\/\/www.omnesbands.international\/de\/wp-json\/wp\/v2\/product_cat?post=1140"},{"taxonomy":"product_tag","embeddable":true,"href":"https:\/\/www.omnesbands.international\/de\/wp-json\/wp\/v2\/product_tag?post=1140"}],"curies":[{"name":"wp","href":"https:\/\/api.w.org\/{rel}","templated":true}]}}