{"id":1157,"date":"2023-01-24T21:47:36","date_gmt":"2023-01-25T03:47:36","guid":{"rendered":"https:\/\/omnesbands.international\/?post_type=product&#038;p=1157"},"modified":"2023-11-13T18:59:08","modified_gmt":"2023-11-14T00:59:08","slug":"viento-del-pueblo","status":"publish","type":"product","link":"https:\/\/www.omnesbands.international\/de\/produkt\/viento-del-pueblo\/","title":{"rendered":"Stadtwind"},"content":{"rendered":"<p>Sinfonisches Gedicht f\u00fcr Blasorchester, gewidmet dem Gedenken an Miguel Hern\u00e1ndez anl\u00e4sslich seines 50. Todestages. Das Werk wurde auch in einer Orchesterfassung uraufgef\u00fchrt. Vom Komponisten Joan Enric Canet Todoli k\u00f6nnen wir aus seiner T\u00e4tigkeit als Komponist folgende Werke hervorheben: Sinfon\u00eda Concertante, f\u00fcr Orchester und einen Saxophonisten (Urauff\u00fchrung beim XI. Weltkongress f\u00fcr Saxophon und beim XIII. Festival f\u00fcr zeitgen\u00f6ssische Musik in Alicante), L \u201eAlbum von Nadia (Suite f\u00fcr Orchester), Viento del Pueblo (Symphonisches Gedicht f\u00fcr Blasorchester und auch in einer Version f\u00fcr Symphonieorchester uraufgef\u00fchrt), Sonatine f\u00fcr Fagott und Klavier, Caribe\u00f1a (Septett), Duetto f\u00fcr Violine und Cello, Aben-Bazel, Wahabitas und Alfaquies (maurische M\u00e4rsche), Benicadell und Novecento (Pasodobles), Tonatiuh (B\u00fchnenmusik f\u00fcr den Hauptmann des maurischen Einmarsches in Alcoy), Der Sohn des Zebedeo (Prozessionsmarsch), Aquarel.la alacantina (Gewinnerkomposition des I National Kompositionswettbewerb \u201eStadt Alicante\u201c.<\/p>","protected":false},"excerpt":{"rendered":"<p>Sinfonisches Gedicht f\u00fcr Blasorchester, gewidmet dem Gedenken an Miguel Hern\u00e1ndez anl\u00e4sslich seines 50. Todestages. Das Werk wurde auch in einer Orchesterfassung uraufgef\u00fchrt. Vom Komponisten Joan Enric Canet Todoli k\u00f6nnen wir aus seiner T\u00e4tigkeit als Komponist folgende Werke hervorheben: Sinfon\u00eda Concertante, f\u00fcr Orchester und einen Saxophonisten (Urauff\u00fchrung beim XI. Weltkongress f\u00fcr Saxophon und beim XIII. Festival f\u00fcr zeitgen\u00f6ssische Musik in Alicante), L \u201eAlbum von Nadia (Suite f\u00fcr Orchester), Viento del Pueblo (Symphonisches Gedicht f\u00fcr Blasorchester und auch in einer Version f\u00fcr Symphonieorchester uraufgef\u00fchrt), Sonatine f\u00fcr Fagott und Klavier, Caribe\u00f1a (Septett), Duetto f\u00fcr Violine und Cello, Aben-Bazel, Wahabitas und Alfaquies (maurische M\u00e4rsche), Benicadell und Novecento (Pasodobles), Tonatiuh (B\u00fchnenmusik f\u00fcr den Hauptmann des maurischen Einmarsches in Alcoy), Der Sohn des Zebedeo (Prozessionsmarsch), Aquarel.la alacantina (Gewinnerkomposition des I National Kompositionswettbewerb \u201eStadt Alicante\u201c.<\/p>","protected":false},"featured_media":2757,"comment_status":"open","ping_status":"closed","template":"","meta":{"_acf_changed":false,"_uag_custom_page_level_css":"","site-sidebar-layout":"default","site-content-layout":"default","ast-site-content-layout":"default","site-content-style":"default","site-sidebar-style":"default","ast-global-header-display":"","ast-banner-title-visibility":"","ast-main-header-display":"","ast-hfb-above-header-display":"","ast-hfb-below-header-display":"","ast-hfb-mobile-header-display":"","site-post-title":"","ast-breadcrumbs-content":"","ast-featured-img":"","footer-sml-layout":"","ast-disable-related-posts":"","theme-transparent-header-meta":"default","adv-header-id-meta":"","stick-header-meta":"default","header-above-stick-meta":"","header-main-stick-meta":"","header-below-stick-meta":"","astra-migrate-meta-layouts":"set","ast-page-background-enabled":"default","ast-page-background-meta":{"desktop":{"background-color":"","background-image":"","background-repeat":"repeat","background-position":"center center","background-size":"auto","background-attachment":"scroll","background-type":"","background-media":"","overlay-type":"","overlay-color":"","overlay-opacity":"","overlay-gradient":""},"tablet":{"background-color":"","background-image":"","background-repeat":"repeat","background-position":"center center","background-size":"auto","background-attachment":"scroll","background-type":"","background-media":"","overlay-type":"","overlay-color":"","overlay-opacity":"","overlay-gradient":""},"mobile":{"background-color":"","background-image":"","background-repeat":"repeat","background-position":"center center","background-size":"auto","background-attachment":"scroll","background-type":"","background-media":"","overlay-type":"","overlay-color":"","overlay-opacity":"","overlay-gradient":""}},"ast-content-background-meta":{"desktop":{"background-color":"var(--ast-global-color-5)","background-image":"","background-repeat":"repeat","background-position":"center center","background-size":"auto","background-attachment":"scroll","background-type":"","background-media":"","overlay-type":"","overlay-color":"","overlay-opacity":"","overlay-gradient":""},"tablet":{"background-color":"var(--ast-global-color-5)","background-image":"","background-repeat":"repeat","background-position":"center center","background-size":"auto","background-attachment":"scroll","background-type":"","background-media":"","overlay-type":"","overlay-color":"","overlay-opacity":"","overlay-gradient":""},"mobile":{"background-color":"var(--ast-global-color-5)","background-image":"","background-repeat":"repeat","background-position":"center center","background-size":"auto","background-attachment":"scroll","background-type":"","background-media":"","overlay-type":"","overlay-color":"","overlay-opacity":"","overlay-gradient":""}}},"product_brand":[],"product_cat":[24],"product_tag":[50],"class_list":{"0":"post-1157","1":"product","2":"type-product","3":"status-publish","4":"has-post-thumbnail","6":"product_cat-sinfonicas","7":"product_tag-joan-enric-canet-todoli","8":"desktop-align-left","9":"tablet-align-left","10":"mobile-align-left","11":"ast-product-gallery-layout-horizontal-slider","13":"first","14":"instock","15":"downloadable","16":"virtual","17":"taxable","18":"purchasable","19":"product-type-simple"},"acf":[],"yoast_head":"<!-- This site is optimized with the Yoast SEO Premium plugin v22.4 (Yoast SEO v27.4) - https:\/\/yoast.com\/product\/yoast-seo-premium-wordpress\/ -->\n<title>Viento del Pueblo -<\/title>\n<meta name=\"description\" content=\"Poema Sinf\u00f3nico para banda, dedicado a la memoria de Miguel Hern\u00e1ndez en el 50 Aniversario de su muerte. Obra estrenada tambi\u00e9n en versi\u00f3n para orquesta.\" \/>\n<meta name=\"robots\" content=\"index, follow, max-snippet:-1, max-image-preview:large, max-video-preview:-1\" \/>\n<link rel=\"canonical\" href=\"https:\/\/www.omnesbands.international\/de\/produkt\/viento-del-pueblo\/\" \/>\n<meta property=\"og:locale\" content=\"de_DE\" \/>\n<meta property=\"og:type\" content=\"article\" \/>\n<meta property=\"og:title\" content=\"Viento del Pueblo\" \/>\n<meta property=\"og:description\" content=\"Poema Sinf\u00f3nico para banda, dedicado a la memoria de Miguel Hern\u00e1ndez en el 50 Aniversario de su muerte. Obra estrenada tambi\u00e9n en versi\u00f3n para orquesta.\" \/>\n<meta property=\"og:url\" content=\"https:\/\/www.omnesbands.international\/de\/produkt\/viento-del-pueblo\/\" \/>\n<meta property=\"article:modified_time\" content=\"2023-11-14T00:59:08+00:00\" \/>\n<meta property=\"og:image\" content=\"https:\/\/www.omnesbands.international\/wp-content\/uploads\/2023\/01\/Viento-del-Pueblo-1.jpg\" \/>\n\t<meta property=\"og:image:width\" content=\"765\" \/>\n\t<meta property=\"og:image:height\" content=\"834\" \/>\n\t<meta property=\"og:image:type\" content=\"image\/jpeg\" \/>\n<meta name=\"twitter:card\" content=\"summary_large_image\" \/>\n<meta name=\"twitter:label1\" content=\"Preis\" \/>\n\t<meta name=\"twitter:data1\" content=\"&#036;40.00\" \/>\n\t<meta name=\"twitter:label2\" content=\"Verf\u00fcgbarkeit\" \/>\n\t<meta name=\"twitter:data2\" content=\"Auf Lager\" \/>\n<script type=\"application\/ld+json\" class=\"yoast-schema-graph\">{\"@context\":\"https:\\\/\\\/schema.org\",\"@graph\":[{\"@type\":\"WebPage\",\"@id\":\"https:\\\/\\\/www.omnesbands.international\\\/producto\\\/viento-del-pueblo\\\/\",\"url\":\"https:\\\/\\\/www.omnesbands.international\\\/producto\\\/viento-del-pueblo\\\/\",\"name\":\"Viento del Pueblo -\",\"isPartOf\":{\"@id\":\"https:\\\/\\\/www.omnesbands.international\\\/#website\"},\"primaryImageOfPage\":{\"@id\":\"https:\\\/\\\/www.omnesbands.international\\\/producto\\\/viento-del-pueblo\\\/#primaryimage\"},\"image\":{\"@id\":\"https:\\\/\\\/www.omnesbands.international\\\/producto\\\/viento-del-pueblo\\\/#primaryimage\"},\"thumbnailUrl\":\"https:\\\/\\\/www.omnesbands.international\\\/wp-content\\\/uploads\\\/2023\\\/01\\\/Viento-del-Pueblo-1.jpg\",\"datePublished\":\"2023-01-25T03:47:36+00:00\",\"dateModified\":\"2023-11-14T00:59:08+00:00\",\"description\":\"Poema Sinf\u00f3nico para banda, dedicado a la memoria de Miguel Hern\u00e1ndez en el 50 Aniversario de su muerte. Obra estrenada tambi\u00e9n en versi\u00f3n para orquesta.\",\"breadcrumb\":{\"@id\":\"https:\\\/\\\/www.omnesbands.international\\\/producto\\\/viento-del-pueblo\\\/#breadcrumb\"},\"inLanguage\":\"de\",\"potentialAction\":[{\"@type\":\"ReadAction\",\"target\":[\"https:\\\/\\\/www.omnesbands.international\\\/producto\\\/viento-del-pueblo\\\/\"]}]},{\"@type\":\"ImageObject\",\"inLanguage\":\"de\",\"@id\":\"https:\\\/\\\/www.omnesbands.international\\\/producto\\\/viento-del-pueblo\\\/#primaryimage\",\"url\":\"https:\\\/\\\/www.omnesbands.international\\\/wp-content\\\/uploads\\\/2023\\\/01\\\/Viento-del-Pueblo-1.jpg\",\"contentUrl\":\"https:\\\/\\\/www.omnesbands.international\\\/wp-content\\\/uploads\\\/2023\\\/01\\\/Viento-del-Pueblo-1.jpg\",\"width\":765,\"height\":834,\"caption\":\"Viento del Pueblo\"},{\"@type\":\"BreadcrumbList\",\"@id\":\"https:\\\/\\\/www.omnesbands.international\\\/producto\\\/viento-del-pueblo\\\/#breadcrumb\",\"itemListElement\":[{\"@type\":\"ListItem\",\"position\":1,\"name\":\"Portada\",\"item\":\"https:\\\/\\\/www.omnesbands.international\\\/\"},{\"@type\":\"ListItem\",\"position\":2,\"name\":\"Tienda\",\"item\":\"https:\\\/\\\/www.omnesbands.international\\\/en\\\/shop\\\/\"},{\"@type\":\"ListItem\",\"position\":3,\"name\":\"Viento del Pueblo\"}]},{\"@type\":\"WebSite\",\"@id\":\"https:\\\/\\\/www.omnesbands.international\\\/#website\",\"url\":\"https:\\\/\\\/www.omnesbands.international\\\/\",\"name\":\"OMNESBANDS International\",\"description\":\"Partituras Originales de autores y compositores independientes\",\"publisher\":{\"@id\":\"https:\\\/\\\/www.omnesbands.international\\\/#organization\"},\"potentialAction\":[{\"@type\":\"SearchAction\",\"target\":{\"@type\":\"EntryPoint\",\"urlTemplate\":\"https:\\\/\\\/www.omnesbands.international\\\/?s={search_term_string}\"},\"query-input\":{\"@type\":\"PropertyValueSpecification\",\"valueRequired\":true,\"valueName\":\"search_term_string\"}}],\"inLanguage\":\"de\"},{\"@type\":\"Organization\",\"@id\":\"https:\\\/\\\/www.omnesbands.international\\\/#organization\",\"name\":\"Indra Consultores Internacionales\",\"alternateName\":\"Omnesbands\",\"url\":\"https:\\\/\\\/www.omnesbands.international\\\/\",\"logo\":{\"@type\":\"ImageObject\",\"inLanguage\":\"de\",\"@id\":\"https:\\\/\\\/www.omnesbands.international\\\/#\\\/schema\\\/logo\\\/image\\\/\",\"url\":\"https:\\\/\\\/omnesbands.international\\\/wp-content\\\/uploads\\\/2023\\\/06\\\/Logo-Nuevo-.png\",\"contentUrl\":\"https:\\\/\\\/omnesbands.international\\\/wp-content\\\/uploads\\\/2023\\\/06\\\/Logo-Nuevo-.png\",\"width\":394,\"height\":212,\"caption\":\"Indra Consultores Internacionales\"},\"image\":{\"@id\":\"https:\\\/\\\/www.omnesbands.international\\\/#\\\/schema\\\/logo\\\/image\\\/\"}}]}<\/script>\n<meta property=\"product:price:amount\" content=\"40.00\" \/>\n<meta property=\"product:price:currency\" content=\"USD\" \/>\n<meta property=\"og:availability\" content=\"instock\" \/>\n<meta property=\"product:availability\" content=\"instock\" \/>\n<meta property=\"product:retailer_item_id\" content=\"VIE-SIN-ESP-22\" \/>\n<meta property=\"product:condition\" content=\"new\" \/>\n<!-- \/ Yoast SEO Premium plugin. -->","yoast_head_json":{"title":"Viento del Pueblo -","description":"Sinfonische Dichtung f\u00fcr Blasorchester, gewidmet dem Gedenken an Miguel Hern\u00e1ndez anl\u00e4sslich seines 50. Todestages. Das Werk wurde auch in einer Fassung f\u00fcr Orchester uraufgef\u00fchrt.","robots":{"index":"index","follow":"follow","max-snippet":"max-snippet:-1","max-image-preview":"max-image-preview:large","max-video-preview":"max-video-preview:-1"},"canonical":"https:\/\/www.omnesbands.international\/de\/produkt\/viento-del-pueblo\/","og_locale":"de_DE","og_type":"article","og_title":"Viento del Pueblo","og_description":"Poema Sinf\u00f3nico para banda, dedicado a la memoria de Miguel Hern\u00e1ndez en el 50 Aniversario de su muerte. Obra estrenada tambi\u00e9n en versi\u00f3n para orquesta.","og_url":"https:\/\/www.omnesbands.international\/de\/produkt\/viento-del-pueblo\/","article_modified_time":"2023-11-14T00:59:08+00:00","og_image":[{"width":765,"height":834,"url":"https:\/\/www.omnesbands.international\/wp-content\/uploads\/2023\/01\/Viento-del-Pueblo-1.jpg","type":"image\/jpeg"}],"twitter_card":"summary_large_image","twitter_misc":{"Preis":"&#36;40.00","Verf\u00fcgbarkeit":"Auf Lager"},"schema":{"@context":"https:\/\/schema.org","@graph":[{"@type":"WebPage","@id":"https:\/\/www.omnesbands.international\/producto\/viento-del-pueblo\/","url":"https:\/\/www.omnesbands.international\/producto\/viento-del-pueblo\/","name":"Viento del Pueblo -","isPartOf":{"@id":"https:\/\/www.omnesbands.international\/#website"},"primaryImageOfPage":{"@id":"https:\/\/www.omnesbands.international\/producto\/viento-del-pueblo\/#primaryimage"},"image":{"@id":"https:\/\/www.omnesbands.international\/producto\/viento-del-pueblo\/#primaryimage"},"thumbnailUrl":"https:\/\/www.omnesbands.international\/wp-content\/uploads\/2023\/01\/Viento-del-Pueblo-1.jpg","datePublished":"2023-01-25T03:47:36+00:00","dateModified":"2023-11-14T00:59:08+00:00","description":"Sinfonische Dichtung f\u00fcr Blasorchester, gewidmet dem Gedenken an Miguel Hern\u00e1ndez anl\u00e4sslich seines 50. Todestages. Das Werk wurde auch in einer Fassung f\u00fcr Orchester uraufgef\u00fchrt.","breadcrumb":{"@id":"https:\/\/www.omnesbands.international\/producto\/viento-del-pueblo\/#breadcrumb"},"inLanguage":"de","potentialAction":[{"@type":"ReadAction","target":["https:\/\/www.omnesbands.international\/producto\/viento-del-pueblo\/"]}]},{"@type":"ImageObject","inLanguage":"de","@id":"https:\/\/www.omnesbands.international\/producto\/viento-del-pueblo\/#primaryimage","url":"https:\/\/www.omnesbands.international\/wp-content\/uploads\/2023\/01\/Viento-del-Pueblo-1.jpg","contentUrl":"https:\/\/www.omnesbands.international\/wp-content\/uploads\/2023\/01\/Viento-del-Pueblo-1.jpg","width":765,"height":834,"caption":"Viento del Pueblo"},{"@type":"BreadcrumbList","@id":"https:\/\/www.omnesbands.international\/producto\/viento-del-pueblo\/#breadcrumb","itemListElement":[{"@type":"ListItem","position":1,"name":"Portada","item":"https:\/\/www.omnesbands.international\/"},{"@type":"ListItem","position":2,"name":"Tienda","item":"https:\/\/www.omnesbands.international\/en\/shop\/"},{"@type":"ListItem","position":3,"name":"Viento del Pueblo"}]},{"@type":"WebSite","@id":"https:\/\/www.omnesbands.international\/#website","url":"https:\/\/www.omnesbands.international\/","name":"OMNESBANDS International","description":"Original-Noten von unabh\u00e4ngigen Autoren und Komponisten","publisher":{"@id":"https:\/\/www.omnesbands.international\/#organization"},"potentialAction":[{"@type":"SearchAction","target":{"@type":"EntryPoint","urlTemplate":"https:\/\/www.omnesbands.international\/?s={search_term_string}"},"query-input":{"@type":"PropertyValueSpecification","valueRequired":true,"valueName":"search_term_string"}}],"inLanguage":"de"},{"@type":"Organization","@id":"https:\/\/www.omnesbands.international\/#organization","name":"Indra Internationale Berater","alternateName":"Omnesbands","url":"https:\/\/www.omnesbands.international\/","logo":{"@type":"ImageObject","inLanguage":"de","@id":"https:\/\/www.omnesbands.international\/#\/schema\/logo\/image\/","url":"https:\/\/omnesbands.international\/wp-content\/uploads\/2023\/06\/Logo-Nuevo-.png","contentUrl":"https:\/\/omnesbands.international\/wp-content\/uploads\/2023\/06\/Logo-Nuevo-.png","width":394,"height":212,"caption":"Indra Consultores Internacionales"},"image":{"@id":"https:\/\/www.omnesbands.international\/#\/schema\/logo\/image\/"}}]},"product_price_amount":"40.00","product_price_currency":"USD","og_availability":"instock","product_availability":"instock","product_retailer_item_id":"VIE-SIN-ESP-22","product_condition":"new"},"uagb_featured_image_src":{"full":["https:\/\/www.omnesbands.international\/wp-content\/uploads\/2023\/01\/Viento-del-Pueblo-1.jpg",765,834,false],"thumbnail":["https:\/\/www.omnesbands.international\/wp-content\/uploads\/2023\/01\/Viento-del-Pueblo-1-150x150.jpg",150,150,true],"medium":["https:\/\/www.omnesbands.international\/wp-content\/uploads\/2023\/01\/Viento-del-Pueblo-1-275x300.jpg",275,300,true],"medium_large":["https:\/\/www.omnesbands.international\/wp-content\/uploads\/2023\/01\/Viento-del-Pueblo-1.jpg",765,834,false],"large":["https:\/\/www.omnesbands.international\/wp-content\/uploads\/2023\/01\/Viento-del-Pueblo-1.jpg",765,834,false],"1536x1536":["https:\/\/www.omnesbands.international\/wp-content\/uploads\/2023\/01\/Viento-del-Pueblo-1.jpg",765,834,false],"2048x2048":["https:\/\/www.omnesbands.international\/wp-content\/uploads\/2023\/01\/Viento-del-Pueblo-1.jpg",765,834,false],"trp-custom-language-flag":["https:\/\/www.omnesbands.international\/wp-content\/uploads\/2023\/01\/Viento-del-Pueblo-1-11x12.jpg",11,12,true],"gg_gallery_thumbnail":["https:\/\/www.omnesbands.international\/wp-content\/uploads\/2023\/01\/Viento-del-Pueblo-1-450x250.jpg",450,250,true],"woocommerce_thumbnail":["https:\/\/www.omnesbands.international\/wp-content\/uploads\/2023\/01\/Viento-del-Pueblo-1-300x300.jpg",300,300,true],"woocommerce_single":["https:\/\/www.omnesbands.international\/wp-content\/uploads\/2023\/01\/Viento-del-Pueblo-1-600x654.jpg",600,654,true],"woocommerce_gallery_thumbnail":["https:\/\/www.omnesbands.international\/wp-content\/uploads\/2023\/01\/Viento-del-Pueblo-1-100x100.jpg",100,100,true]},"uagb_author_info":{"display_name":"Melvin R. Portillo A:","author_link":"https:\/\/www.omnesbands.international\/de\/author\/"},"uagb_comment_info":0,"uagb_excerpt":"Poema Sinf\u00f3nico para banda, dedicado a la memoria de Miguel Hern\u00e1ndez en el 50 Aniversario de su muerte. Obra estrenada tambi\u00e9n en versi\u00f3n para orquesta. Del compositor Joan Enric Canet Todoli, De su actividad como compositor podemos destacar las siguientes obras: Sinfon\u00eda concertante, para Orquesta y un saxofonista (estrenada en el XI Congreso Mundial del&hellip;","_links":{"self":[{"href":"https:\/\/www.omnesbands.international\/de\/wp-json\/wp\/v2\/product\/1157","targetHints":{"allow":["GET"]}}],"collection":[{"href":"https:\/\/www.omnesbands.international\/de\/wp-json\/wp\/v2\/product"}],"about":[{"href":"https:\/\/www.omnesbands.international\/de\/wp-json\/wp\/v2\/types\/product"}],"replies":[{"embeddable":true,"href":"https:\/\/www.omnesbands.international\/de\/wp-json\/wp\/v2\/comments?post=1157"}],"wp:featuredmedia":[{"embeddable":true,"href":"https:\/\/www.omnesbands.international\/de\/wp-json\/wp\/v2\/media\/2757"}],"wp:attachment":[{"href":"https:\/\/www.omnesbands.international\/de\/wp-json\/wp\/v2\/media?parent=1157"}],"wp:term":[{"taxonomy":"product_brand","embeddable":true,"href":"https:\/\/www.omnesbands.international\/de\/wp-json\/wp\/v2\/product_brand?post=1157"},{"taxonomy":"product_cat","embeddable":true,"href":"https:\/\/www.omnesbands.international\/de\/wp-json\/wp\/v2\/product_cat?post=1157"},{"taxonomy":"product_tag","embeddable":true,"href":"https:\/\/www.omnesbands.international\/de\/wp-json\/wp\/v2\/product_tag?post=1157"}],"curies":[{"name":"wp","href":"https:\/\/api.w.org\/{rel}","templated":true}]}}