{"id":955,"date":"2023-01-23T00:07:31","date_gmt":"2023-01-23T06:07:31","guid":{"rendered":"https:\/\/omnesbands.international\/?post_type=product&#038;p=955"},"modified":"2023-12-02T16:14:27","modified_gmt":"2023-12-02T22:14:27","slug":"berlanga-blasco-ibanez","status":"publish","type":"product","link":"https:\/\/www.omnesbands.international\/de\/produkt\/berlanga-blasco-ibanez\/","title":{"rendered":"Berlanga-Blasco Ib\u00e1\u00f1ez"},"content":{"rendered":"<p><strong>Suite f\u00fcr Symphonieorchester zu Themen aus dem Film.<\/strong><\/p>\n<p>Als Berlanga Luis Mendo und Bernardo Fuster beauftragte, den Soundtrack f\u00fcr die Fernsehserie \u201eBlasco Ib\u00e1\u00f1ez, der Roman seines Lebens\u201c zu komponieren, und nachdem sie das Drehbuch gelesen hatten, reisten sie als Erstes nach Valencia, um den Lehrer Asins Arb\u00f3 gerade zu interviewen wie vom Filmemacher empfohlen. Seine Absicht war es, neben dem Kennenlernen des gro\u00dfen valencianischen Komponisten auch Informationen \u00fcber einige Aspekte der valencianischen Folklore und der Musik der damaligen Zeit zu sammeln. Das Interview war total bereichernd. Sie verlie\u00dfen ihr Zuhause mit klaren Ideen, um das Projekt mit Leidenschaft anzugehen.<\/p>\n<p>Der n\u00e4chste Schritt bestand darin, alles, was w\u00e4hrend des Gespr\u00e4chs geh\u00f6rt wurde, zu interpretieren und in Musik umzuwandeln, wobei in vielen F\u00e4llen eine Anpassung an die gefilmten Bilder erfolgte, da einige der Musikbl\u00f6cke w\u00e4hrend der Dreharbeiten unter der Leitung des Regisseurs live aufgef\u00fchrt wurden.<\/p>\n<p>Das Leben des valencianischen Schriftstellers war so reich und produktiv, dass es uns, um es mit den Worten von Mendo und Fuster zu sagen, \u201edie Arbeit in einem weiten Spektrum von Kl\u00e4ngen erm\u00f6glichte, das von intimer Musik, Rondallas, Kabarett bis hin zu Folklore oder Popmusik reichte.\u201c , ohne die kosmopolitischen und ausl\u00e4ndischen Einfl\u00fcsse zu vergessen, die das leidenschaftliche, gesch\u00e4ftige und reisende Leben des Schriftstellers unterstreichen.\u201c<\/p>\n<p>Als der Film fertig war und vorgef\u00fchrt wurde, stellten sie fest, dass das Ergebnis ihren Absichten ziemlich nahe kam. Sie hatten nur noch einen Aspekt oder eine Nuance zu erf\u00fcllen, und das w\u00fcrde sie der musikalischen Idee, die das Universum von Lu\u00eds erf\u00fcllt, noch n\u00e4her bringen Garc\u00eda. Berlanga: Machen Sie eine Suite f\u00fcr Banda. Eine Suite, die es uns erm\u00f6glichen w\u00fcrde, durch den Klang valencianischen Bands dem gro\u00dfen Meister unseres Kinos zu huldigen und gleichzeitig das Leben von Blasco Ib\u00e1\u00f1ez zu rechtfertigen.<\/p>\n<p>F\u00fcr dieses A-posteriori-Werk gibt es nichts Besseres als die Zusammenarbeit und den Beitrag von Maestro Ram\u00f3n Garc\u00eda i Soler, der von dem Moment an, als ihm die Orchestrierung und das Arrangement dieser Suite vorgeschlagen wurde, daran beteiligt war, sein kreatives Wissen einzubringen, um dem Originalsoundtrack eine neue Dimension zu verleihen.<\/p>\n<p>Das Ergebnis ist diese Partitur, die im Rahmen der Suite-Struktur die Musik der Fernsehserie enth\u00e4lt, die Berlanga schon lange verfilmen wollte, bis er es geschafft hat, und um ihm gerecht zu werden, indem er das Leben seines Lieblingsautors preisgibt und dass nun erh\u00e4lt eine neue Dimension au\u00dferhalb der Bildschirme, um weiterhin einem so wichtigen Paar der valencianischen und der Weltkultur zu huldigen.<\/p>","protected":false},"excerpt":{"rendered":"<p>Suite f\u00fcr Symphonieorchester zu Themen aus dem Film der Meister Luis Mendo, Bernardo Fuster und Ram\u00f3n Garc\u00eda i Soler. Als Berlanga Luis Mendo und Bernardo Fuster beauftragte, den Soundtrack f\u00fcr die Fernsehserie \u201eBlasco Ib\u00e1\u00f1ez, der Roman seines Lebens\u201c zu komponieren, und nachdem sie das Drehbuch gelesen hatten, reisten sie als Erstes nach Valencia, um den Lehrer Asins Arb\u00f3 gerade zu interviewen wie vom Filmemacher empfohlen.<\/p>","protected":false},"featured_media":956,"comment_status":"open","ping_status":"closed","template":"","meta":{"_acf_changed":false,"_uag_custom_page_level_css":"","site-sidebar-layout":"default","site-content-layout":"default","ast-site-content-layout":"default","site-content-style":"default","site-sidebar-style":"default","ast-global-header-display":"","ast-banner-title-visibility":"","ast-main-header-display":"","ast-hfb-above-header-display":"","ast-hfb-below-header-display":"","ast-hfb-mobile-header-display":"","site-post-title":"","ast-breadcrumbs-content":"","ast-featured-img":"","footer-sml-layout":"","ast-disable-related-posts":"","theme-transparent-header-meta":"default","adv-header-id-meta":"","stick-header-meta":"default","header-above-stick-meta":"","header-main-stick-meta":"","header-below-stick-meta":"","astra-migrate-meta-layouts":"set","ast-page-background-enabled":"default","ast-page-background-meta":{"desktop":{"background-color":"","background-image":"","background-repeat":"repeat","background-position":"center center","background-size":"auto","background-attachment":"scroll","background-type":"","background-media":"","overlay-type":"","overlay-color":"","overlay-opacity":"","overlay-gradient":""},"tablet":{"background-color":"","background-image":"","background-repeat":"repeat","background-position":"center center","background-size":"auto","background-attachment":"scroll","background-type":"","background-media":"","overlay-type":"","overlay-color":"","overlay-opacity":"","overlay-gradient":""},"mobile":{"background-color":"","background-image":"","background-repeat":"repeat","background-position":"center center","background-size":"auto","background-attachment":"scroll","background-type":"","background-media":"","overlay-type":"","overlay-color":"","overlay-opacity":"","overlay-gradient":""}},"ast-content-background-meta":{"desktop":{"background-color":"var(--ast-global-color-5)","background-image":"","background-repeat":"repeat","background-position":"center center","background-size":"auto","background-attachment":"scroll","background-type":"","background-media":"","overlay-type":"","overlay-color":"","overlay-opacity":"","overlay-gradient":""},"tablet":{"background-color":"var(--ast-global-color-5)","background-image":"","background-repeat":"repeat","background-position":"center center","background-size":"auto","background-attachment":"scroll","background-type":"","background-media":"","overlay-type":"","overlay-color":"","overlay-opacity":"","overlay-gradient":""},"mobile":{"background-color":"var(--ast-global-color-5)","background-image":"","background-repeat":"repeat","background-position":"center center","background-size":"auto","background-attachment":"scroll","background-type":"","background-media":"","overlay-type":"","overlay-color":"","overlay-opacity":"","overlay-gradient":""}}},"product_brand":[],"product_cat":[24],"product_tag":[60,59,29],"class_list":{"0":"post-955","1":"product","2":"type-product","3":"status-publish","4":"has-post-thumbnail","6":"product_cat-sinfonicas","7":"product_tag-bernardo-fuster","8":"product_tag-luis-mendo","9":"product_tag-ramon-garcia-soler","10":"desktop-align-left","11":"tablet-align-left","12":"mobile-align-left","13":"ast-product-gallery-layout-horizontal-slider","15":"first","16":"instock","17":"taxable","18":"shipping-taxable","19":"purchasable","20":"product-type-simple"},"acf":[],"yoast_head":"<!-- This site is optimized with the Yoast SEO Premium plugin v22.4 (Yoast SEO v27.4) - https:\/\/yoast.com\/product\/yoast-seo-premium-wordpress\/ -->\n<title>Berlanga-Blasco Ib\u00e1\u00f1ez -<\/title>\n<meta name=\"description\" content=\"Partituras de m\u00fasica Sinf\u00f3nica para Orquestas y bandas. M\u00fasica escrita.\" \/>\n<meta name=\"robots\" content=\"index, follow, max-snippet:-1, max-image-preview:large, max-video-preview:-1\" \/>\n<link rel=\"canonical\" href=\"https:\/\/www.omnesbands.international\/de\/produkt\/berlanga-blasco-ibanez\/\" \/>\n<meta property=\"og:locale\" content=\"de_DE\" \/>\n<meta property=\"og:type\" content=\"article\" \/>\n<meta property=\"og:title\" content=\"Berlanga-Blasco Ib\u00e1\u00f1ez\" \/>\n<meta property=\"og:description\" content=\"Partituras de m\u00fasica Sinf\u00f3nica para Orquestas y bandas. M\u00fasica escrita.\" \/>\n<meta property=\"og:url\" content=\"https:\/\/www.omnesbands.international\/de\/produkt\/berlanga-blasco-ibanez\/\" \/>\n<meta property=\"article:modified_time\" content=\"2023-12-02T22:14:27+00:00\" \/>\n<meta property=\"og:image\" content=\"https:\/\/www.omnesbands.international\/wp-content\/uploads\/2023\/01\/Berlanga-Blasco-Ibanez.jpg\" \/>\n\t<meta property=\"og:image:width\" content=\"600\" \/>\n\t<meta property=\"og:image:height\" content=\"642\" \/>\n\t<meta property=\"og:image:type\" content=\"image\/jpeg\" \/>\n<meta name=\"twitter:card\" content=\"summary_large_image\" \/>\n<meta name=\"twitter:label1\" content=\"Preis\" \/>\n\t<meta name=\"twitter:data1\" content=\"&#036;30.00\" \/>\n\t<meta name=\"twitter:label2\" content=\"Verf\u00fcgbarkeit\" \/>\n\t<meta name=\"twitter:data2\" content=\"Auf Lager\" \/>\n<script type=\"application\/ld+json\" class=\"yoast-schema-graph\">{\"@context\":\"https:\\\/\\\/schema.org\",\"@graph\":[{\"@type\":\"WebPage\",\"@id\":\"https:\\\/\\\/www.omnesbands.international\\\/de\\\/produkt\\\/berlanga-blasco-ibanez\\\/\",\"url\":\"https:\\\/\\\/www.omnesbands.international\\\/de\\\/produkt\\\/berlanga-blasco-ibanez\\\/\",\"name\":\"Berlanga-Blasco Ib\u00e1\u00f1ez -\",\"isPartOf\":{\"@id\":\"https:\\\/\\\/www.omnesbands.international\\\/#website\"},\"primaryImageOfPage\":{\"@id\":\"https:\\\/\\\/www.omnesbands.international\\\/de\\\/produkt\\\/berlanga-blasco-ibanez\\\/#primaryimage\"},\"image\":{\"@id\":\"https:\\\/\\\/www.omnesbands.international\\\/de\\\/produkt\\\/berlanga-blasco-ibanez\\\/#primaryimage\"},\"thumbnailUrl\":\"https:\\\/\\\/www.omnesbands.international\\\/wp-content\\\/uploads\\\/2023\\\/01\\\/Berlanga-Blasco-Ibanez.jpg\",\"datePublished\":\"2023-01-23T06:07:31+00:00\",\"dateModified\":\"2023-12-02T22:14:27+00:00\",\"description\":\"Partituras de m\u00fasica Sinf\u00f3nica para Orquestas y bandas. M\u00fasica escrita.\",\"breadcrumb\":{\"@id\":\"https:\\\/\\\/www.omnesbands.international\\\/de\\\/produkt\\\/berlanga-blasco-ibanez\\\/#breadcrumb\"},\"inLanguage\":\"de\",\"potentialAction\":[{\"@type\":\"ReadAction\",\"target\":[\"https:\\\/\\\/www.omnesbands.international\\\/de\\\/produkt\\\/berlanga-blasco-ibanez\\\/\"]}]},{\"@type\":\"ImageObject\",\"inLanguage\":\"de\",\"@id\":\"https:\\\/\\\/www.omnesbands.international\\\/de\\\/produkt\\\/berlanga-blasco-ibanez\\\/#primaryimage\",\"url\":\"https:\\\/\\\/www.omnesbands.international\\\/wp-content\\\/uploads\\\/2023\\\/01\\\/Berlanga-Blasco-Ibanez.jpg\",\"contentUrl\":\"https:\\\/\\\/www.omnesbands.international\\\/wp-content\\\/uploads\\\/2023\\\/01\\\/Berlanga-Blasco-Ibanez.jpg\",\"width\":600,\"height\":642},{\"@type\":\"BreadcrumbList\",\"@id\":\"https:\\\/\\\/www.omnesbands.international\\\/de\\\/produkt\\\/berlanga-blasco-ibanez\\\/#breadcrumb\",\"itemListElement\":[{\"@type\":\"ListItem\",\"position\":1,\"name\":\"Portada\",\"item\":\"https:\\\/\\\/www.omnesbands.international\\\/\"},{\"@type\":\"ListItem\",\"position\":2,\"name\":\"Tienda\",\"item\":\"https:\\\/\\\/www.omnesbands.international\\\/en\\\/shop\\\/\"},{\"@type\":\"ListItem\",\"position\":3,\"name\":\"Berlanga-Blasco Ib\u00e1\u00f1ez\"}]},{\"@type\":\"WebSite\",\"@id\":\"https:\\\/\\\/www.omnesbands.international\\\/#website\",\"url\":\"https:\\\/\\\/www.omnesbands.international\\\/\",\"name\":\"OMNESBANDS International\",\"description\":\"Partituras Originales de autores y compositores independientes\",\"publisher\":{\"@id\":\"https:\\\/\\\/www.omnesbands.international\\\/#organization\"},\"potentialAction\":[{\"@type\":\"SearchAction\",\"target\":{\"@type\":\"EntryPoint\",\"urlTemplate\":\"https:\\\/\\\/www.omnesbands.international\\\/?s={search_term_string}\"},\"query-input\":{\"@type\":\"PropertyValueSpecification\",\"valueRequired\":true,\"valueName\":\"search_term_string\"}}],\"inLanguage\":\"de\"},{\"@type\":\"Organization\",\"@id\":\"https:\\\/\\\/www.omnesbands.international\\\/#organization\",\"name\":\"Indra Consultores Internacionales\",\"alternateName\":\"Omnesbands\",\"url\":\"https:\\\/\\\/www.omnesbands.international\\\/\",\"logo\":{\"@type\":\"ImageObject\",\"inLanguage\":\"de\",\"@id\":\"https:\\\/\\\/www.omnesbands.international\\\/#\\\/schema\\\/logo\\\/image\\\/\",\"url\":\"https:\\\/\\\/omnesbands.international\\\/wp-content\\\/uploads\\\/2023\\\/06\\\/Logo-Nuevo-.png\",\"contentUrl\":\"https:\\\/\\\/omnesbands.international\\\/wp-content\\\/uploads\\\/2023\\\/06\\\/Logo-Nuevo-.png\",\"width\":394,\"height\":212,\"caption\":\"Indra Consultores Internacionales\"},\"image\":{\"@id\":\"https:\\\/\\\/www.omnesbands.international\\\/#\\\/schema\\\/logo\\\/image\\\/\"}}]}<\/script>\n<meta property=\"product:price:amount\" content=\"30.00\" \/>\n<meta property=\"product:price:currency\" content=\"USD\" \/>\n<meta property=\"og:availability\" content=\"instock\" \/>\n<meta property=\"product:availability\" content=\"instock\" \/>\n<meta property=\"product:retailer_item_id\" content=\"BER-SIN-ESP-22\" \/>\n<meta property=\"product:condition\" content=\"new\" \/>\n<!-- \/ Yoast SEO Premium plugin. -->","yoast_head_json":{"title":"Berlanga-Blasco Ib\u00e1\u00f1ez -","description":"Partituras de m\u00fasica Sinf\u00f3nica para Orquestas y bandas. M\u00fasica escrita.","robots":{"index":"index","follow":"follow","max-snippet":"max-snippet:-1","max-image-preview":"max-image-preview:large","max-video-preview":"max-video-preview:-1"},"canonical":"https:\/\/www.omnesbands.international\/de\/produkt\/berlanga-blasco-ibanez\/","og_locale":"de_DE","og_type":"article","og_title":"Berlanga-Blasco Ib\u00e1\u00f1ez","og_description":"Partituras de m\u00fasica Sinf\u00f3nica para Orquestas y bandas. M\u00fasica escrita.","og_url":"https:\/\/www.omnesbands.international\/de\/produkt\/berlanga-blasco-ibanez\/","article_modified_time":"2023-12-02T22:14:27+00:00","og_image":[{"width":600,"height":642,"url":"https:\/\/www.omnesbands.international\/wp-content\/uploads\/2023\/01\/Berlanga-Blasco-Ibanez.jpg","type":"image\/jpeg"}],"twitter_card":"summary_large_image","twitter_misc":{"Preis":"&#36;30.00","Verf\u00fcgbarkeit":"Auf Lager"},"schema":{"@context":"https:\/\/schema.org","@graph":[{"@type":"WebPage","@id":"https:\/\/www.omnesbands.international\/de\/produkt\/berlanga-blasco-ibanez\/","url":"https:\/\/www.omnesbands.international\/de\/produkt\/berlanga-blasco-ibanez\/","name":"Berlanga-Blasco Ib\u00e1\u00f1ez -","isPartOf":{"@id":"https:\/\/www.omnesbands.international\/#website"},"primaryImageOfPage":{"@id":"https:\/\/www.omnesbands.international\/de\/produkt\/berlanga-blasco-ibanez\/#primaryimage"},"image":{"@id":"https:\/\/www.omnesbands.international\/de\/produkt\/berlanga-blasco-ibanez\/#primaryimage"},"thumbnailUrl":"https:\/\/www.omnesbands.international\/wp-content\/uploads\/2023\/01\/Berlanga-Blasco-Ibanez.jpg","datePublished":"2023-01-23T06:07:31+00:00","dateModified":"2023-12-02T22:14:27+00:00","description":"Partituras de m\u00fasica Sinf\u00f3nica para Orquestas y bandas. M\u00fasica escrita.","breadcrumb":{"@id":"https:\/\/www.omnesbands.international\/de\/produkt\/berlanga-blasco-ibanez\/#breadcrumb"},"inLanguage":"de","potentialAction":[{"@type":"ReadAction","target":["https:\/\/www.omnesbands.international\/de\/produkt\/berlanga-blasco-ibanez\/"]}]},{"@type":"ImageObject","inLanguage":"de","@id":"https:\/\/www.omnesbands.international\/de\/produkt\/berlanga-blasco-ibanez\/#primaryimage","url":"https:\/\/www.omnesbands.international\/wp-content\/uploads\/2023\/01\/Berlanga-Blasco-Ibanez.jpg","contentUrl":"https:\/\/www.omnesbands.international\/wp-content\/uploads\/2023\/01\/Berlanga-Blasco-Ibanez.jpg","width":600,"height":642},{"@type":"BreadcrumbList","@id":"https:\/\/www.omnesbands.international\/de\/produkt\/berlanga-blasco-ibanez\/#breadcrumb","itemListElement":[{"@type":"ListItem","position":1,"name":"Portada","item":"https:\/\/www.omnesbands.international\/"},{"@type":"ListItem","position":2,"name":"Tienda","item":"https:\/\/www.omnesbands.international\/en\/shop\/"},{"@type":"ListItem","position":3,"name":"Berlanga-Blasco Ib\u00e1\u00f1ez"}]},{"@type":"WebSite","@id":"https:\/\/www.omnesbands.international\/#website","url":"https:\/\/www.omnesbands.international\/","name":"OMNESBANDS International","description":"Original-Noten von unabh\u00e4ngigen Autoren und Komponisten","publisher":{"@id":"https:\/\/www.omnesbands.international\/#organization"},"potentialAction":[{"@type":"SearchAction","target":{"@type":"EntryPoint","urlTemplate":"https:\/\/www.omnesbands.international\/?s={search_term_string}"},"query-input":{"@type":"PropertyValueSpecification","valueRequired":true,"valueName":"search_term_string"}}],"inLanguage":"de"},{"@type":"Organization","@id":"https:\/\/www.omnesbands.international\/#organization","name":"Indra Internationale Berater","alternateName":"Omnesbands","url":"https:\/\/www.omnesbands.international\/","logo":{"@type":"ImageObject","inLanguage":"de","@id":"https:\/\/www.omnesbands.international\/#\/schema\/logo\/image\/","url":"https:\/\/omnesbands.international\/wp-content\/uploads\/2023\/06\/Logo-Nuevo-.png","contentUrl":"https:\/\/omnesbands.international\/wp-content\/uploads\/2023\/06\/Logo-Nuevo-.png","width":394,"height":212,"caption":"Indra Consultores Internacionales"},"image":{"@id":"https:\/\/www.omnesbands.international\/#\/schema\/logo\/image\/"}}]},"product_price_amount":"30.00","product_price_currency":"USD","og_availability":"instock","product_availability":"instock","product_retailer_item_id":"BER-SIN-ESP-22","product_condition":"new"},"uagb_featured_image_src":{"full":["https:\/\/www.omnesbands.international\/wp-content\/uploads\/2023\/01\/Berlanga-Blasco-Ibanez.jpg",600,642,false],"thumbnail":["https:\/\/www.omnesbands.international\/wp-content\/uploads\/2023\/01\/Berlanga-Blasco-Ibanez-150x150.jpg",150,150,true],"medium":["https:\/\/www.omnesbands.international\/wp-content\/uploads\/2023\/01\/Berlanga-Blasco-Ibanez-280x300.jpg",280,300,true],"medium_large":["https:\/\/www.omnesbands.international\/wp-content\/uploads\/2023\/01\/Berlanga-Blasco-Ibanez.jpg",600,642,false],"large":["https:\/\/www.omnesbands.international\/wp-content\/uploads\/2023\/01\/Berlanga-Blasco-Ibanez.jpg",600,642,false],"1536x1536":["https:\/\/www.omnesbands.international\/wp-content\/uploads\/2023\/01\/Berlanga-Blasco-Ibanez.jpg",600,642,false],"2048x2048":["https:\/\/www.omnesbands.international\/wp-content\/uploads\/2023\/01\/Berlanga-Blasco-Ibanez.jpg",600,642,false],"trp-custom-language-flag":["https:\/\/www.omnesbands.international\/wp-content\/uploads\/2023\/01\/Berlanga-Blasco-Ibanez.jpg",11,12,false],"gg_gallery_thumbnail":["https:\/\/www.omnesbands.international\/wp-content\/uploads\/2023\/01\/Berlanga-Blasco-Ibanez.jpg",234,250,false],"woocommerce_thumbnail":["https:\/\/www.omnesbands.international\/wp-content\/uploads\/2023\/01\/Berlanga-Blasco-Ibanez-300x300.jpg",300,300,true],"woocommerce_single":["https:\/\/www.omnesbands.international\/wp-content\/uploads\/2023\/01\/Berlanga-Blasco-Ibanez.jpg",600,642,false],"woocommerce_gallery_thumbnail":["https:\/\/www.omnesbands.international\/wp-content\/uploads\/2023\/01\/Berlanga-Blasco-Ibanez-100x100.jpg",100,100,true]},"uagb_author_info":{"display_name":"Melvin R. Portillo A:","author_link":"https:\/\/www.omnesbands.international\/de\/author\/"},"uagb_comment_info":0,"uagb_excerpt":"Suite para banda sinf\u00f3nica sobre temas de la pel\u00edcula de los maestros Luis Mendo, Bernardo Fuster y Ram\u00f3n Garc\u00eda i Soler. Cuando Berlanga encarg\u00f3 a Luis Mendo y Bernardo Fuster la composici\u00f3n de la banda sonora de la serie de televisi\u00f3n \u201cBlasco Ib\u00e1\u00f1ez, la novela de su vida\u201d y una vez le\u00eddo el gui\u00f3n, lo&hellip;","_links":{"self":[{"href":"https:\/\/www.omnesbands.international\/de\/wp-json\/wp\/v2\/product\/955","targetHints":{"allow":["GET"]}}],"collection":[{"href":"https:\/\/www.omnesbands.international\/de\/wp-json\/wp\/v2\/product"}],"about":[{"href":"https:\/\/www.omnesbands.international\/de\/wp-json\/wp\/v2\/types\/product"}],"replies":[{"embeddable":true,"href":"https:\/\/www.omnesbands.international\/de\/wp-json\/wp\/v2\/comments?post=955"}],"wp:featuredmedia":[{"embeddable":true,"href":"https:\/\/www.omnesbands.international\/de\/wp-json\/wp\/v2\/media\/956"}],"wp:attachment":[{"href":"https:\/\/www.omnesbands.international\/de\/wp-json\/wp\/v2\/media?parent=955"}],"wp:term":[{"taxonomy":"product_brand","embeddable":true,"href":"https:\/\/www.omnesbands.international\/de\/wp-json\/wp\/v2\/product_brand?post=955"},{"taxonomy":"product_cat","embeddable":true,"href":"https:\/\/www.omnesbands.international\/de\/wp-json\/wp\/v2\/product_cat?post=955"},{"taxonomy":"product_tag","embeddable":true,"href":"https:\/\/www.omnesbands.international\/de\/wp-json\/wp\/v2\/product_tag?post=955"}],"curies":[{"name":"wp","href":"https:\/\/api.w.org\/{rel}","templated":true}]}}