{"id":1613,"date":"2023-01-28T14:15:11","date_gmt":"2023-01-28T20:15:11","guid":{"rendered":"https:\/\/omnesbands.international\/?page_id=1613"},"modified":"2023-01-28T14:19:05","modified_gmt":"2023-01-28T20:19:05","slug":"anton-alcalde-2","status":"publish","type":"page","link":"https:\/\/www.omnesbands.international\/en\/anton-alcalde-2\/","title":{"rendered":"ANT\u00d3N ALCALDE"},"content":{"rendered":"<div class=\"wp-block-uagb-container uagb-block-7e63b2d6 alignfull uagb-is-root-container\"><div class=\"uagb-container-inner-blocks-wrap\">\n<div class=\"wp-block-uagb-advanced-heading uagb-block-8a058444\"><h1 class=\"uagb-heading-text\"><strong>Ant\u00f3n Alcalde<\/strong><\/h1><\/div>\n<\/div><\/div>\n\n\n\n<div class=\"wp-block-uagb-container uagb-block-519f7ae7 alignfull uagb-is-root-container\"><div class=\"uagb-container-inner-blocks-wrap\">\n<div class=\"wp-block-uagb-container uagb-block-24981992 alignfull uagb-is-root-container\"><div class=\"uagb-container-inner-blocks-wrap\">\n<p>Although he is basically self-taught, he is deeply grateful to several composers and entities that have had a decisive influence on his training. They are Rafael Collazo Moares, X. Carlos Ser\u00e1ns Olveira, Andr\u00e9s Valero Castells and the Band of the School of Music of Rianxo, band in which he began his studies.<\/p>\n<p>As a performer he studied and took master classes with percussionists of great prestige and international recognition such as:<\/p>\n<p>Daniel Riveiro, Ram\u00f3n Perez, Tom Risco, Roberto Oliveira, Cesar Peris, Pedro Varea, Nancy Zeltsman, Nick Woud, Tobias Guttmann, Lorenzo Ferrandiz, Ali N' Dianye, Romain Kuonen, Jan Pustjens, Bodgan Bacanu, Rub\u00e9n Montes, Juanjo Guill\u00e9m, Juan Collazo, Josep Vicent, Diego Ventoso, Xabier Sabater ....<\/p>\n<p>He played in groups such as:<\/p>\n<p>Symphonic Band 'Filharm\u00f3nica de Galicia', Symphonic Band of the 'Federaci\u00f3n Gallega de Bandas de M\u00fasica Populares', both directed by maestro X. Carlos Ser\u00e1ns and being the youngest member; also highlighting the 'Agrupaci\u00f3n de Vientos y Percusi\u00f3n del Conservatorio Jacinto Guerrero (Toledo)' directed by maestro Enrique Garc\u00eda Ansensio.<\/p>\n<p>He collaborated with several Galician musical-cultural projects such as: A Nosa Clave and Musigalizando.<\/p>\n<p>In 2009 he started in the world of composition for the audio-visual medium, studying Scoring for Motion Pictures and Videogames with prestigious and international teachers such as:<\/p>\n<p>Conrado Xalabarder, Patrick Doyle, Wataru Hokoyama, Michael Giacchino, Andrea Datzman, Alejandro Vivas, James Shearman... and continuing his training with master classes with prestigious teachers such as Oscar Navarro.<\/p>\n<p>The world of composition for the audio-visual influences him decisively in the compositional formation, leading him even to give lectures in the department of History of Music, Faculty of History of the USC (University of Santiago de Compostela).<\/p>\n<p>The world of composition for the audio-visual influences him decisively in the compositional formation, leading him even to give lectures in the department of History of Music, Faculty of History of the USC (University of Santiago de Compostela).\n\nHe is currently a percussion teacher and resident composer at the School of Music of Rianxo, is a member of the AGC (Galician Association of Composers), holds the professional title of percussion and has numerous works premiered and performed in countries such as Spain, Portugal, USA, Holland, Colombia and Australia. He has received important awards and mentions.<\/p>\n\n\n<div class=\"woocommerce columns-4\"><ul class=\"products columns-4\">\n<li class=\"desktop-align-left tablet-align-left mobile-align-left ast-product-gallery-layout-horizontal-slider product type-product post-3099 status-publish first instock product_cat-pasodobles product_tag-anton-alcalde product_tag-anton-alcalde-rodriguez has-post-thumbnail downloadable virtual purchasable product-type-simple\">\n\t<a href=\"https:\/\/www.omnesbands.international\/en\/product\/rua-da-fonte\/\" class=\"woocommerce-LoopProduct-link woocommerce-loop-product__link\"><img loading=\"lazy\" decoding=\"async\" width=\"300\" height=\"300\" src=\"https:\/\/www.omnesbands.international\/wp-content\/uploads\/2025\/07\/Rua-Da-fonte-1-300x300.jpg\" class=\"attachment-woocommerce_thumbnail size-woocommerce_thumbnail\" alt=\"Rua Da Fonte\" srcset=\"https:\/\/www.omnesbands.international\/wp-content\/uploads\/2025\/07\/Rua-Da-fonte-1-300x300.jpg 300w, https:\/\/www.omnesbands.international\/wp-content\/uploads\/2025\/07\/Rua-Da-fonte-1-150x150.jpg 150w, https:\/\/www.omnesbands.international\/wp-content\/uploads\/2025\/07\/Rua-Da-fonte-1-100x100.jpg 100w\" sizes=\"auto, (max-width: 300px) 100vw, 300px\" \/><h2 class=\"woocommerce-loop-product__title\">Rua Da Fonte<\/h2>\n\t<span class=\"price\"><span class=\"woocommerce-Price-amount amount\"><bdi><span class=\"woocommerce-Price-currencySymbol\">&#36;<\/span>25.00<\/bdi><\/span><\/span>\n<\/a><a href=\"\/en\/wp-json\/wp\/v2\/pages\/1613?add-to-cart=3099\" aria-describedby=\"woocommerce_loop_add_to_cart_link_describedby_3099\" data-quantity=\"1\" class=\"button product_type_simple add_to_cart_button ajax_add_to_cart\" data-product_id=\"3099\" data-product_sku=\"\" aria-label=\"Add to cart: \u201cRua Da Fonte\u201d\" rel=\"nofollow\" data-success_message=\"\u201cRua Da Fonte\u201d has been added to your cart\" role=\"button\" data-no-translation=\"\" data-trp-gettext=\"\" data-no-translation-aria-label=\"\" data-no-translation-data-success_message=\"\">Add to cart<\/a>\t<span id=\"woocommerce_loop_add_to_cart_link_describedby_3099\" class=\"screen-reader-text\">\n\t\t\t<\/span>\n<\/li>\n<\/ul>\n<\/div>\n<\/div><\/div>\n<\/div><\/div>","protected":false},"excerpt":{"rendered":"<p>Ant\u00f3n Alcalde Aunque siendo b\u00e1sicamente de formaci\u00f3n autodidacta, est\u00e1 profundamente agradecido a varios compositores y entidades que han influido decisivamente en su formaci\u00f3n. Ellos son Rafael Collazo Moares, X. Carlos Ser\u00e1ns Olveira, Andr\u00e9s Valero Castells y la Banda de la Escuela de M\u00fasica de Rianxo, banda en la que inici\u00f3 sus estudios. Como int\u00e9rprete estudi\u00f3 [&hellip;]<\/p>\n","protected":false},"author":4,"featured_media":0,"parent":0,"menu_order":0,"comment_status":"closed","ping_status":"closed","template":"","meta":{"_acf_changed":false,"_uag_custom_page_level_css":"","site-sidebar-layout":"default","site-content-layout":"","ast-site-content-layout":"default","site-content-style":"default","site-sidebar-style":"default","ast-global-header-display":"","ast-banner-title-visibility":"","ast-main-header-display":"","ast-hfb-above-header-display":"","ast-hfb-below-header-display":"","ast-hfb-mobile-header-display":"","site-post-title":"disabled","ast-breadcrumbs-content":"","ast-featured-img":"","footer-sml-layout":"","ast-disable-related-posts":"","theme-transparent-header-meta":"","adv-header-id-meta":"","stick-header-meta":"","header-above-stick-meta":"","header-main-stick-meta":"","header-below-stick-meta":"","astra-migrate-meta-layouts":"default","ast-page-background-enabled":"default","ast-page-background-meta":{"desktop":{"background-color":"","background-image":"","background-repeat":"repeat","background-position":"center center","background-size":"auto","background-attachment":"scroll","background-type":"","background-media":"","overlay-type":"","overlay-color":"","overlay-opacity":"","overlay-gradient":""},"tablet":{"background-color":"","background-image":"","background-repeat":"repeat","background-position":"center center","background-size":"auto","background-attachment":"scroll","background-type":"","background-media":"","overlay-type":"","overlay-color":"","overlay-opacity":"","overlay-gradient":""},"mobile":{"background-color":"","background-image":"","background-repeat":"repeat","background-position":"center center","background-size":"auto","background-attachment":"scroll","background-type":"","background-media":"","overlay-type":"","overlay-color":"","overlay-opacity":"","overlay-gradient":""}},"ast-content-background-meta":{"desktop":{"background-color":"var(--ast-global-color-5)","background-image":"","background-repeat":"repeat","background-position":"center center","background-size":"auto","background-attachment":"scroll","background-type":"","background-media":"","overlay-type":"","overlay-color":"","overlay-opacity":"","overlay-gradient":""},"tablet":{"background-color":"var(--ast-global-color-5)","background-image":"","background-repeat":"repeat","background-position":"center center","background-size":"auto","background-attachment":"scroll","background-type":"","background-media":"","overlay-type":"","overlay-color":"","overlay-opacity":"","overlay-gradient":""},"mobile":{"background-color":"var(--ast-global-color-5)","background-image":"","background-repeat":"repeat","background-position":"center center","background-size":"auto","background-attachment":"scroll","background-type":"","background-media":"","overlay-type":"","overlay-color":"","overlay-opacity":"","overlay-gradient":""}},"footnotes":""},"class_list":["post-1613","page","type-page","status-publish","hentry"],"acf":[],"yoast_head":"<!-- This site is optimized with the Yoast SEO Premium plugin v22.4 (Yoast SEO v27.4) - https:\/\/yoast.com\/product\/yoast-seo-premium-wordpress\/ -->\n<title>ANT\u00d3N ALCALDE -<\/title>\n<meta name=\"robots\" content=\"index, follow, max-snippet:-1, max-image-preview:large, max-video-preview:-1\" \/>\n<link rel=\"canonical\" href=\"https:\/\/www.omnesbands.international\/en\/anton-alcalde-2\/\" \/>\n<meta property=\"og:locale\" content=\"en_US\" \/>\n<meta property=\"og:type\" content=\"article\" \/>\n<meta property=\"og:title\" content=\"ANT\u00d3N ALCALDE\" \/>\n<meta property=\"og:description\" content=\"Ant\u00f3n Alcalde Aunque siendo b\u00e1sicamente de formaci\u00f3n autodidacta, est\u00e1 profundamente agradecido a varios compositores y entidades que han influido decisivamente en su formaci\u00f3n. Ellos son Rafael Collazo Moares, X. Carlos Ser\u00e1ns Olveira, Andr\u00e9s Valero Castells y la Banda de la Escuela de M\u00fasica de Rianxo, banda en la que inici\u00f3 sus estudios. Como int\u00e9rprete estudi\u00f3 [&hellip;]\" \/>\n<meta property=\"og:url\" content=\"https:\/\/www.omnesbands.international\/en\/anton-alcalde-2\/\" \/>\n<meta property=\"article:modified_time\" content=\"2023-01-28T20:19:05+00:00\" \/>\n<meta property=\"og:image\" content=\"https:\/\/www.omnesbands.international\/wp-content\/uploads\/2023\/01\/music-sheet-music-snowdrop-7107045.jpg\" \/>\n\t<meta property=\"og:image:width\" content=\"1280\" \/>\n\t<meta property=\"og:image:height\" content=\"742\" \/>\n\t<meta property=\"og:image:type\" content=\"image\/jpeg\" \/>\n<meta name=\"twitter:card\" content=\"summary_large_image\" \/>\n<meta name=\"twitter:label1\" content=\"Est. reading time\" \/>\n\t<meta name=\"twitter:data1\" content=\"2 minutes\" \/>\n<script type=\"application\/ld+json\" class=\"yoast-schema-graph\">{\"@context\":\"https:\\\/\\\/schema.org\",\"@graph\":[{\"@type\":\"WebPage\",\"@id\":\"https:\\\/\\\/www.omnesbands.international\\\/anton-alcalde-2\\\/\",\"url\":\"https:\\\/\\\/www.omnesbands.international\\\/anton-alcalde-2\\\/\",\"name\":\"ANT\u00d3N ALCALDE -\",\"isPartOf\":{\"@id\":\"https:\\\/\\\/www.omnesbands.international\\\/#website\"},\"datePublished\":\"2023-01-28T20:15:11+00:00\",\"dateModified\":\"2023-01-28T20:19:05+00:00\",\"breadcrumb\":{\"@id\":\"https:\\\/\\\/www.omnesbands.international\\\/anton-alcalde-2\\\/#breadcrumb\"},\"inLanguage\":\"en-US\",\"potentialAction\":[{\"@type\":\"ReadAction\",\"target\":[\"https:\\\/\\\/www.omnesbands.international\\\/anton-alcalde-2\\\/\"]}]},{\"@type\":\"BreadcrumbList\",\"@id\":\"https:\\\/\\\/www.omnesbands.international\\\/anton-alcalde-2\\\/#breadcrumb\",\"itemListElement\":[{\"@type\":\"ListItem\",\"position\":1,\"name\":\"Portada\",\"item\":\"https:\\\/\\\/www.omnesbands.international\\\/\"},{\"@type\":\"ListItem\",\"position\":2,\"name\":\"ANT\u00d3N ALCALDE\"}]},{\"@type\":\"WebSite\",\"@id\":\"https:\\\/\\\/www.omnesbands.international\\\/#website\",\"url\":\"https:\\\/\\\/www.omnesbands.international\\\/\",\"name\":\"OMNESBANDS International\",\"description\":\"Partituras Originales de autores y compositores independientes\",\"publisher\":{\"@id\":\"https:\\\/\\\/www.omnesbands.international\\\/#organization\"},\"potentialAction\":[{\"@type\":\"SearchAction\",\"target\":{\"@type\":\"EntryPoint\",\"urlTemplate\":\"https:\\\/\\\/www.omnesbands.international\\\/?s={search_term_string}\"},\"query-input\":{\"@type\":\"PropertyValueSpecification\",\"valueRequired\":true,\"valueName\":\"search_term_string\"}}],\"inLanguage\":\"en-US\"},{\"@type\":\"Organization\",\"@id\":\"https:\\\/\\\/www.omnesbands.international\\\/#organization\",\"name\":\"Indra Consultores Internacionales\",\"alternateName\":\"Omnesbands\",\"url\":\"https:\\\/\\\/www.omnesbands.international\\\/\",\"logo\":{\"@type\":\"ImageObject\",\"inLanguage\":\"en-US\",\"@id\":\"https:\\\/\\\/www.omnesbands.international\\\/#\\\/schema\\\/logo\\\/image\\\/\",\"url\":\"https:\\\/\\\/omnesbands.international\\\/wp-content\\\/uploads\\\/2023\\\/06\\\/Logo-Nuevo-.png\",\"contentUrl\":\"https:\\\/\\\/omnesbands.international\\\/wp-content\\\/uploads\\\/2023\\\/06\\\/Logo-Nuevo-.png\",\"width\":394,\"height\":212,\"caption\":\"Indra Consultores Internacionales\"},\"image\":{\"@id\":\"https:\\\/\\\/www.omnesbands.international\\\/#\\\/schema\\\/logo\\\/image\\\/\"}}]}<\/script>\n<!-- \/ Yoast SEO Premium plugin. -->","yoast_head_json":{"title":"ANT\u00d3N ALCALDE -","robots":{"index":"index","follow":"follow","max-snippet":"max-snippet:-1","max-image-preview":"max-image-preview:large","max-video-preview":"max-video-preview:-1"},"canonical":"https:\/\/www.omnesbands.international\/en\/anton-alcalde-2\/","og_locale":"en_US","og_type":"article","og_title":"ANT\u00d3N ALCALDE","og_description":"Ant\u00f3n Alcalde Aunque siendo b\u00e1sicamente de formaci\u00f3n autodidacta, est\u00e1 profundamente agradecido a varios compositores y entidades que han influido decisivamente en su formaci\u00f3n. Ellos son Rafael Collazo Moares, X. Carlos Ser\u00e1ns Olveira, Andr\u00e9s Valero Castells y la Banda de la Escuela de M\u00fasica de Rianxo, banda en la que inici\u00f3 sus estudios. Como int\u00e9rprete estudi\u00f3 [&hellip;]","og_url":"https:\/\/www.omnesbands.international\/en\/anton-alcalde-2\/","article_modified_time":"2023-01-28T20:19:05+00:00","og_image":[{"width":1280,"height":742,"url":"https:\/\/www.omnesbands.international\/wp-content\/uploads\/2023\/01\/music-sheet-music-snowdrop-7107045.jpg","type":"image\/jpeg"}],"twitter_card":"summary_large_image","twitter_misc":{"Est. reading time":"2 minutes"},"schema":{"@context":"https:\/\/schema.org","@graph":[{"@type":"WebPage","@id":"https:\/\/www.omnesbands.international\/anton-alcalde-2\/","url":"https:\/\/www.omnesbands.international\/anton-alcalde-2\/","name":"ANT\u00d3N ALCALDE -","isPartOf":{"@id":"https:\/\/www.omnesbands.international\/#website"},"datePublished":"2023-01-28T20:15:11+00:00","dateModified":"2023-01-28T20:19:05+00:00","breadcrumb":{"@id":"https:\/\/www.omnesbands.international\/anton-alcalde-2\/#breadcrumb"},"inLanguage":"en-US","potentialAction":[{"@type":"ReadAction","target":["https:\/\/www.omnesbands.international\/anton-alcalde-2\/"]}]},{"@type":"BreadcrumbList","@id":"https:\/\/www.omnesbands.international\/anton-alcalde-2\/#breadcrumb","itemListElement":[{"@type":"ListItem","position":1,"name":"Portada","item":"https:\/\/www.omnesbands.international\/"},{"@type":"ListItem","position":2,"name":"ANT\u00d3N ALCALDE"}]},{"@type":"WebSite","@id":"https:\/\/www.omnesbands.international\/#website","url":"https:\/\/www.omnesbands.international\/","name":"OMNESBANDS International","description":"Original Sheet Music by independent authors and composers","publisher":{"@id":"https:\/\/www.omnesbands.international\/#organization"},"potentialAction":[{"@type":"SearchAction","target":{"@type":"EntryPoint","urlTemplate":"https:\/\/www.omnesbands.international\/?s={search_term_string}"},"query-input":{"@type":"PropertyValueSpecification","valueRequired":true,"valueName":"search_term_string"}}],"inLanguage":"en-US"},{"@type":"Organization","@id":"https:\/\/www.omnesbands.international\/#organization","name":"Indra International Consultants","alternateName":"Omnesbands","url":"https:\/\/www.omnesbands.international\/","logo":{"@type":"ImageObject","inLanguage":"en-US","@id":"https:\/\/www.omnesbands.international\/#\/schema\/logo\/image\/","url":"https:\/\/omnesbands.international\/wp-content\/uploads\/2023\/06\/Logo-Nuevo-.png","contentUrl":"https:\/\/omnesbands.international\/wp-content\/uploads\/2023\/06\/Logo-Nuevo-.png","width":394,"height":212,"caption":"Indra Consultores Internacionales"},"image":{"@id":"https:\/\/www.omnesbands.international\/#\/schema\/logo\/image\/"}}]}},"uagb_featured_image_src":{"full":false,"thumbnail":false,"medium":false,"medium_large":false,"large":false,"1536x1536":false,"2048x2048":false,"trp-custom-language-flag":false,"gg_gallery_thumbnail":false,"woocommerce_thumbnail":false,"woocommerce_single":false,"woocommerce_gallery_thumbnail":false},"uagb_author_info":{"display_name":"Melvin R. Portillo A:","author_link":"https:\/\/www.omnesbands.international\/en\/author\/portand\/"},"uagb_comment_info":0,"uagb_excerpt":"Ant\u00f3n Alcalde Aunque siendo b\u00e1sicamente de formaci\u00f3n autodidacta, est\u00e1 profundamente agradecido a varios compositores y entidades que han influido decisivamente en su formaci\u00f3n. Ellos son Rafael Collazo Moares, X. Carlos Ser\u00e1ns Olveira, Andr\u00e9s Valero Castells y la Banda de la Escuela de M\u00fasica de Rianxo, banda en la que inici\u00f3 sus estudios. Como int\u00e9rprete estudi\u00f3&hellip;","_links":{"self":[{"href":"https:\/\/www.omnesbands.international\/en\/wp-json\/wp\/v2\/pages\/1613","targetHints":{"allow":["GET"]}}],"collection":[{"href":"https:\/\/www.omnesbands.international\/en\/wp-json\/wp\/v2\/pages"}],"about":[{"href":"https:\/\/www.omnesbands.international\/en\/wp-json\/wp\/v2\/types\/page"}],"author":[{"embeddable":true,"href":"https:\/\/www.omnesbands.international\/en\/wp-json\/wp\/v2\/users\/4"}],"replies":[{"embeddable":true,"href":"https:\/\/www.omnesbands.international\/en\/wp-json\/wp\/v2\/comments?post=1613"}],"version-history":[{"count":4,"href":"https:\/\/www.omnesbands.international\/en\/wp-json\/wp\/v2\/pages\/1613\/revisions"}],"predecessor-version":[{"id":1618,"href":"https:\/\/www.omnesbands.international\/en\/wp-json\/wp\/v2\/pages\/1613\/revisions\/1618"}],"wp:attachment":[{"href":"https:\/\/www.omnesbands.international\/en\/wp-json\/wp\/v2\/media?parent=1613"}],"curies":[{"name":"wp","href":"https:\/\/api.w.org\/{rel}","templated":true}]}}