{"id":1645,"date":"2023-01-28T15:23:09","date_gmt":"2023-01-28T21:23:09","guid":{"rendered":"https:\/\/omnesbands.international\/?page_id=1645"},"modified":"2023-01-28T15:24:49","modified_gmt":"2023-01-28T21:24:49","slug":"fernando-espi-cremades-2","status":"publish","type":"page","link":"https:\/\/www.omnesbands.international\/en\/fernando-espi-cremades-2\/","title":{"rendered":"FERNANDO ESPI CREMADES"},"content":{"rendered":"<div class=\"wp-block-uagb-container uagb-block-32ea0cdb alignfull uagb-is-root-container\"><div class=\"uagb-container-inner-blocks-wrap\">\n<div class=\"wp-block-uagb-advanced-heading uagb-block-dc288f9a\"><h1 class=\"uagb-heading-text\"><strong>FERNANDO ESPI CREMADES<\/strong><\/h1><\/div>\n<\/div><\/div>\n\n\n\n<div class=\"wp-block-uagb-container uagb-block-6b0e30a9 alignfull uagb-is-root-container\"><div class=\"uagb-container-inner-blocks-wrap\">\n<div class=\"wp-block-uagb-container uagb-block-469b4239\">\n<p><span style=\"font-size: 1rem; color: inherit; background-color: var(--ast-global-color-5);\">Fernando Esp\u00ed is one of the best Spanish guitarists of the moment. He obtained the Extraordinary End of Career Award from the international master Jos\u00e9 Tom\u00e1s at the Conservatorio Superior \"Oscar Espl\u00e1\" in Alicante, where he currently teaches as a professor of guitar. He holds the professional title of the specialty of early music with plucked string instruments and has a degree in History and Science of Music. He completed postgraduate studies with Arnaldur Arnalson in Barcelona and has been awarded in national and international competitions of recognized prestige, among the most recent is the third prize and the special prize for the best interpretation of Spanish music in the XVI. International Guitar Competition of the Guerrero Foundation. He combines this work with the teaching of master classes in courses and festivals, the artistic direction of the International Guitar Festival \"Ciutat de Xixona\", the recording of albums which have received the best reviews in specialized magazines and the creation of his own record label \"6\u00d78\". The specialized press places him \"among the most brilliant current interpreters of the six strings\" (Scherzo). Fernando Esp\u00ed plays Royal Classics strings.<br \/>He studied with Do\u00f1a Pilar Constancio Portol\u00e9s (Flute Soloist of the Orquesta Sinf\u00f3nica de Madrid and Orquesta Titular del Teatro Real). As a teacher he has worked as a Professor of his specialty and Musical Language in various music schools such as the S.A.M. Philharmonic of Callosa de Segura (Alicante), Municipal School of Music and Dance of Daganzo de Arriba (Madrid), School of Music and Dance of Daganzo de Arriba (Madrid), School of Music and Dance of Daganzo de Arriba (Madrid).\u00a0<\/span>Municipal School of Music of Serracines (Madrid), currently developing it in MUSIBAITE School of Music and Dance (Ajalvir; Madrid).<\/p>\n<p>Concludes in the course 2011\/2012, obtaining all the accredited certificates, the studies of Band Conducting at the Regional School of La Vall d'Albaida (Valencia), under the tutelage of the teachers Jos\u00e9 Rafael Pascual Vilaplana (Band Conducting), Ram\u00f3n Garc\u00eda i Soler (Instrumentation, Orchestration, Composition and Musical Computing), Tom\u00e1s Gilbert (Analysis), Joan Alborch Ma\u00f1ana (Auditory Education). As part of these studies, he has received, together with the professors, several masterclasses with conductors and composers of the national and international band scene, such as Jos\u00e9 Miguel Fay\u00f3s-Jord\u00e1n, Andr\u00e9s Valero, Luis Serrano Alarc\u00f3n, among others.<br \/>He has also developed at the same place Studies of Composition for Band under the tutelage of Ram\u00f3n Garc\u00eda i Soler.<br \/>Within the flautist field he has performed as a guest soloist on several occasions, highlighting the performances as a concert performer with the S.A.M. Band. Philharmonic of Callosa de Segura. He has participated in training courses given by Joaqu\u00edn Geric\u00f3 Trilla, Juan Francisco Cayuelas Grao, among others.<\/p>\n<\/div>\n<\/div><\/div>\n\n\n<div class=\"woocommerce columns-4\"><ul class=\"products columns-4\">\n<li class=\"desktop-align-left tablet-align-left mobile-align-left ast-product-gallery-layout-horizontal-slider product type-product post-957 status-publish first instock product_cat-sinfonicas product_tag-fernando-espi-cremades has-post-thumbnail downloadable virtual taxable purchasable product-type-simple\">\n\t<a href=\"https:\/\/www.omnesbands.international\/en\/product\/cordes-al-vent\/\" class=\"woocommerce-LoopProduct-link woocommerce-loop-product__link\"><img loading=\"lazy\" decoding=\"async\" width=\"300\" height=\"300\" src=\"https:\/\/www.omnesbands.international\/wp-content\/uploads\/2023\/01\/Cordes-al-Vent-300x300.jpg\" class=\"attachment-woocommerce_thumbnail size-woocommerce_thumbnail\" alt=\"Cordes al vent\" srcset=\"https:\/\/www.omnesbands.international\/wp-content\/uploads\/2023\/01\/Cordes-al-Vent-300x300.jpg 300w, https:\/\/www.omnesbands.international\/wp-content\/uploads\/2023\/01\/Cordes-al-Vent-150x150.jpg 150w, https:\/\/www.omnesbands.international\/wp-content\/uploads\/2023\/01\/Cordes-al-Vent-100x100.jpg 100w\" sizes=\"auto, (max-width: 300px) 100vw, 300px\" \/><h2 class=\"woocommerce-loop-product__title\">cords to vent<\/h2>\n\t<span class=\"price\"><span class=\"woocommerce-Price-amount amount\"><bdi><span class=\"woocommerce-Price-currencySymbol\">&#36;<\/span>30.00<\/bdi><\/span><\/span>\n<\/a><a href=\"\/en\/wp-json\/wp\/v2\/pages\/1645?add-to-cart=957\" aria-describedby=\"woocommerce_loop_add_to_cart_link_describedby_957\" data-quantity=\"1\" class=\"button product_type_simple add_to_cart_button ajax_add_to_cart\" data-product_id=\"957\" data-product_sku=\"COR-SIN-ESP-22\" aria-label=\"Add to cart: \u201cCordes al vent\u201d\" rel=\"nofollow\" data-success_message=\"\u201cCordes al vent\u201d has been added to your cart\" role=\"button\" data-no-translation=\"\" data-trp-gettext=\"\" data-no-translation-aria-label=\"\" data-no-translation-data-success_message=\"\">Add to cart<\/a>\t<span id=\"woocommerce_loop_add_to_cart_link_describedby_957\" class=\"screen-reader-text\">\n\t\t\t<\/span>\n<\/li>\n<\/ul>\n<\/div>","protected":false},"excerpt":{"rendered":"<p>FERNANDO ESP\u00cd CREMADES Fernando Esp\u00ed es uno de los mejores guitarristas espa\u00f1oles del momento. Obtuvo el Premio extraordinario Fin de Carrera del maestro internacional D. Jos\u00e9 Tom\u00e1s en el Conservatorio Superior \u00abOscar Espl\u00e1\u00bb de Alicante donde actualmente ejerce la docencia como catedr\u00e1tico de guitarra. Posee el t\u00edtulo profesional de la especialidad de m\u00fasica antigua con [&hellip;]<\/p>\n","protected":false},"author":4,"featured_media":0,"parent":0,"menu_order":0,"comment_status":"closed","ping_status":"closed","template":"","meta":{"_acf_changed":false,"_uag_custom_page_level_css":"","site-sidebar-layout":"default","site-content-layout":"","ast-site-content-layout":"default","site-content-style":"default","site-sidebar-style":"default","ast-global-header-display":"","ast-banner-title-visibility":"","ast-main-header-display":"","ast-hfb-above-header-display":"","ast-hfb-below-header-display":"","ast-hfb-mobile-header-display":"","site-post-title":"disabled","ast-breadcrumbs-content":"","ast-featured-img":"","footer-sml-layout":"","ast-disable-related-posts":"","theme-transparent-header-meta":"","adv-header-id-meta":"","stick-header-meta":"","header-above-stick-meta":"","header-main-stick-meta":"","header-below-stick-meta":"","astra-migrate-meta-layouts":"default","ast-page-background-enabled":"default","ast-page-background-meta":{"desktop":{"background-color":"","background-image":"","background-repeat":"repeat","background-position":"center center","background-size":"auto","background-attachment":"scroll","background-type":"","background-media":"","overlay-type":"","overlay-color":"","overlay-opacity":"","overlay-gradient":""},"tablet":{"background-color":"","background-image":"","background-repeat":"repeat","background-position":"center center","background-size":"auto","background-attachment":"scroll","background-type":"","background-media":"","overlay-type":"","overlay-color":"","overlay-opacity":"","overlay-gradient":""},"mobile":{"background-color":"","background-image":"","background-repeat":"repeat","background-position":"center center","background-size":"auto","background-attachment":"scroll","background-type":"","background-media":"","overlay-type":"","overlay-color":"","overlay-opacity":"","overlay-gradient":""}},"ast-content-background-meta":{"desktop":{"background-color":"var(--ast-global-color-5)","background-image":"","background-repeat":"repeat","background-position":"center center","background-size":"auto","background-attachment":"scroll","background-type":"","background-media":"","overlay-type":"","overlay-color":"","overlay-opacity":"","overlay-gradient":""},"tablet":{"background-color":"var(--ast-global-color-5)","background-image":"","background-repeat":"repeat","background-position":"center center","background-size":"auto","background-attachment":"scroll","background-type":"","background-media":"","overlay-type":"","overlay-color":"","overlay-opacity":"","overlay-gradient":""},"mobile":{"background-color":"var(--ast-global-color-5)","background-image":"","background-repeat":"repeat","background-position":"center center","background-size":"auto","background-attachment":"scroll","background-type":"","background-media":"","overlay-type":"","overlay-color":"","overlay-opacity":"","overlay-gradient":""}},"footnotes":""},"class_list":["post-1645","page","type-page","status-publish","hentry"],"acf":[],"yoast_head":"<!-- This site is optimized with the Yoast SEO Premium plugin v22.4 (Yoast SEO v27.4) - https:\/\/yoast.com\/product\/yoast-seo-premium-wordpress\/ -->\n<title>FERNANDO ESP\u00cd CREMADES -<\/title>\n<meta name=\"robots\" content=\"index, follow, max-snippet:-1, max-image-preview:large, max-video-preview:-1\" \/>\n<link rel=\"canonical\" href=\"https:\/\/www.omnesbands.international\/en\/fernando-espi-cremades-2\/\" \/>\n<meta property=\"og:locale\" content=\"en_US\" \/>\n<meta property=\"og:type\" content=\"article\" \/>\n<meta property=\"og:title\" content=\"FERNANDO ESP\u00cd CREMADES\" \/>\n<meta property=\"og:description\" content=\"FERNANDO ESP\u00cd CREMADES Fernando Esp\u00ed es uno de los mejores guitarristas espa\u00f1oles del momento. Obtuvo el Premio extraordinario Fin de Carrera del maestro internacional D. Jos\u00e9 Tom\u00e1s en el Conservatorio Superior \u00abOscar Espl\u00e1\u00bb de Alicante donde actualmente ejerce la docencia como catedr\u00e1tico de guitarra. Posee el t\u00edtulo profesional de la especialidad de m\u00fasica antigua con [&hellip;]\" \/>\n<meta property=\"og:url\" content=\"https:\/\/www.omnesbands.international\/en\/fernando-espi-cremades-2\/\" \/>\n<meta property=\"article:modified_time\" content=\"2023-01-28T21:24:49+00:00\" \/>\n<meta property=\"og:image\" content=\"https:\/\/www.omnesbands.international\/wp-content\/uploads\/2023\/01\/music-sheet-music-snowdrop-7107045.jpg\" \/>\n\t<meta property=\"og:image:width\" content=\"1280\" \/>\n\t<meta property=\"og:image:height\" content=\"742\" \/>\n\t<meta property=\"og:image:type\" content=\"image\/jpeg\" \/>\n<meta name=\"twitter:card\" content=\"summary_large_image\" \/>\n<meta name=\"twitter:label1\" content=\"Est. reading time\" \/>\n\t<meta name=\"twitter:data1\" content=\"2 minutes\" \/>\n<script type=\"application\/ld+json\" class=\"yoast-schema-graph\">{\"@context\":\"https:\\\/\\\/schema.org\",\"@graph\":[{\"@type\":\"WebPage\",\"@id\":\"https:\\\/\\\/www.omnesbands.international\\\/de\\\/fernando-espi-cremades-2\\\/\",\"url\":\"https:\\\/\\\/www.omnesbands.international\\\/de\\\/fernando-espi-cremades-2\\\/\",\"name\":\"FERNANDO ESP\u00cd CREMADES -\",\"isPartOf\":{\"@id\":\"https:\\\/\\\/www.omnesbands.international\\\/#website\"},\"datePublished\":\"2023-01-28T21:23:09+00:00\",\"dateModified\":\"2023-01-28T21:24:49+00:00\",\"breadcrumb\":{\"@id\":\"https:\\\/\\\/www.omnesbands.international\\\/de\\\/fernando-espi-cremades-2\\\/#breadcrumb\"},\"inLanguage\":\"en-US\",\"potentialAction\":[{\"@type\":\"ReadAction\",\"target\":[\"https:\\\/\\\/www.omnesbands.international\\\/de\\\/fernando-espi-cremades-2\\\/\"]}]},{\"@type\":\"BreadcrumbList\",\"@id\":\"https:\\\/\\\/www.omnesbands.international\\\/de\\\/fernando-espi-cremades-2\\\/#breadcrumb\",\"itemListElement\":[{\"@type\":\"ListItem\",\"position\":1,\"name\":\"Portada\",\"item\":\"https:\\\/\\\/www.omnesbands.international\\\/\"},{\"@type\":\"ListItem\",\"position\":2,\"name\":\"FERNANDO ESP\u00cd CREMADES\"}]},{\"@type\":\"WebSite\",\"@id\":\"https:\\\/\\\/www.omnesbands.international\\\/#website\",\"url\":\"https:\\\/\\\/www.omnesbands.international\\\/\",\"name\":\"OMNESBANDS International\",\"description\":\"Partituras Originales de autores y compositores independientes\",\"publisher\":{\"@id\":\"https:\\\/\\\/www.omnesbands.international\\\/#organization\"},\"potentialAction\":[{\"@type\":\"SearchAction\",\"target\":{\"@type\":\"EntryPoint\",\"urlTemplate\":\"https:\\\/\\\/www.omnesbands.international\\\/?s={search_term_string}\"},\"query-input\":{\"@type\":\"PropertyValueSpecification\",\"valueRequired\":true,\"valueName\":\"search_term_string\"}}],\"inLanguage\":\"en-US\"},{\"@type\":\"Organization\",\"@id\":\"https:\\\/\\\/www.omnesbands.international\\\/#organization\",\"name\":\"Indra Consultores Internacionales\",\"alternateName\":\"Omnesbands\",\"url\":\"https:\\\/\\\/www.omnesbands.international\\\/\",\"logo\":{\"@type\":\"ImageObject\",\"inLanguage\":\"en-US\",\"@id\":\"https:\\\/\\\/www.omnesbands.international\\\/#\\\/schema\\\/logo\\\/image\\\/\",\"url\":\"https:\\\/\\\/omnesbands.international\\\/wp-content\\\/uploads\\\/2023\\\/06\\\/Logo-Nuevo-.png\",\"contentUrl\":\"https:\\\/\\\/omnesbands.international\\\/wp-content\\\/uploads\\\/2023\\\/06\\\/Logo-Nuevo-.png\",\"width\":394,\"height\":212,\"caption\":\"Indra Consultores Internacionales\"},\"image\":{\"@id\":\"https:\\\/\\\/www.omnesbands.international\\\/#\\\/schema\\\/logo\\\/image\\\/\"}}]}<\/script>\n<!-- \/ Yoast SEO Premium plugin. -->","yoast_head_json":{"title":"FERNANDO ESP\u00cd CREMADES -","robots":{"index":"index","follow":"follow","max-snippet":"max-snippet:-1","max-image-preview":"max-image-preview:large","max-video-preview":"max-video-preview:-1"},"canonical":"https:\/\/www.omnesbands.international\/en\/fernando-espi-cremades-2\/","og_locale":"en_US","og_type":"article","og_title":"FERNANDO ESP\u00cd CREMADES","og_description":"FERNANDO ESP\u00cd CREMADES Fernando Esp\u00ed es uno de los mejores guitarristas espa\u00f1oles del momento. Obtuvo el Premio extraordinario Fin de Carrera del maestro internacional D. Jos\u00e9 Tom\u00e1s en el Conservatorio Superior \u00abOscar Espl\u00e1\u00bb de Alicante donde actualmente ejerce la docencia como catedr\u00e1tico de guitarra. Posee el t\u00edtulo profesional de la especialidad de m\u00fasica antigua con [&hellip;]","og_url":"https:\/\/www.omnesbands.international\/en\/fernando-espi-cremades-2\/","article_modified_time":"2023-01-28T21:24:49+00:00","og_image":[{"width":1280,"height":742,"url":"https:\/\/www.omnesbands.international\/wp-content\/uploads\/2023\/01\/music-sheet-music-snowdrop-7107045.jpg","type":"image\/jpeg"}],"twitter_card":"summary_large_image","twitter_misc":{"Est. reading time":"2 minutes"},"schema":{"@context":"https:\/\/schema.org","@graph":[{"@type":"WebPage","@id":"https:\/\/www.omnesbands.international\/de\/fernando-espi-cremades-2\/","url":"https:\/\/www.omnesbands.international\/de\/fernando-espi-cremades-2\/","name":"FERNANDO ESP\u00cd CREMADES -","isPartOf":{"@id":"https:\/\/www.omnesbands.international\/#website"},"datePublished":"2023-01-28T21:23:09+00:00","dateModified":"2023-01-28T21:24:49+00:00","breadcrumb":{"@id":"https:\/\/www.omnesbands.international\/de\/fernando-espi-cremades-2\/#breadcrumb"},"inLanguage":"en-US","potentialAction":[{"@type":"ReadAction","target":["https:\/\/www.omnesbands.international\/de\/fernando-espi-cremades-2\/"]}]},{"@type":"BreadcrumbList","@id":"https:\/\/www.omnesbands.international\/de\/fernando-espi-cremades-2\/#breadcrumb","itemListElement":[{"@type":"ListItem","position":1,"name":"Portada","item":"https:\/\/www.omnesbands.international\/"},{"@type":"ListItem","position":2,"name":"FERNANDO ESP\u00cd CREMADES"}]},{"@type":"WebSite","@id":"https:\/\/www.omnesbands.international\/#website","url":"https:\/\/www.omnesbands.international\/","name":"OMNESBANDS International","description":"Original Sheet Music by independent authors and composers","publisher":{"@id":"https:\/\/www.omnesbands.international\/#organization"},"potentialAction":[{"@type":"SearchAction","target":{"@type":"EntryPoint","urlTemplate":"https:\/\/www.omnesbands.international\/?s={search_term_string}"},"query-input":{"@type":"PropertyValueSpecification","valueRequired":true,"valueName":"search_term_string"}}],"inLanguage":"en-US"},{"@type":"Organization","@id":"https:\/\/www.omnesbands.international\/#organization","name":"Indra International Consultants","alternateName":"Omnesbands","url":"https:\/\/www.omnesbands.international\/","logo":{"@type":"ImageObject","inLanguage":"en-US","@id":"https:\/\/www.omnesbands.international\/#\/schema\/logo\/image\/","url":"https:\/\/omnesbands.international\/wp-content\/uploads\/2023\/06\/Logo-Nuevo-.png","contentUrl":"https:\/\/omnesbands.international\/wp-content\/uploads\/2023\/06\/Logo-Nuevo-.png","width":394,"height":212,"caption":"Indra Consultores Internacionales"},"image":{"@id":"https:\/\/www.omnesbands.international\/#\/schema\/logo\/image\/"}}]}},"uagb_featured_image_src":{"full":false,"thumbnail":false,"medium":false,"medium_large":false,"large":false,"1536x1536":false,"2048x2048":false,"trp-custom-language-flag":false,"gg_gallery_thumbnail":false,"woocommerce_thumbnail":false,"woocommerce_single":false,"woocommerce_gallery_thumbnail":false},"uagb_author_info":{"display_name":"Melvin R. Portillo A:","author_link":"https:\/\/www.omnesbands.international\/en\/author\/portand\/"},"uagb_comment_info":0,"uagb_excerpt":"FERNANDO ESP\u00cd CREMADES Fernando Esp\u00ed es uno de los mejores guitarristas espa\u00f1oles del momento. Obtuvo el Premio extraordinario Fin de Carrera del maestro internacional D. Jos\u00e9 Tom\u00e1s en el Conservatorio Superior \u00abOscar Espl\u00e1\u00bb de Alicante donde actualmente ejerce la docencia como catedr\u00e1tico de guitarra. Posee el t\u00edtulo profesional de la especialidad de m\u00fasica antigua con&hellip;","_links":{"self":[{"href":"https:\/\/www.omnesbands.international\/en\/wp-json\/wp\/v2\/pages\/1645","targetHints":{"allow":["GET"]}}],"collection":[{"href":"https:\/\/www.omnesbands.international\/en\/wp-json\/wp\/v2\/pages"}],"about":[{"href":"https:\/\/www.omnesbands.international\/en\/wp-json\/wp\/v2\/types\/page"}],"author":[{"embeddable":true,"href":"https:\/\/www.omnesbands.international\/en\/wp-json\/wp\/v2\/users\/4"}],"replies":[{"embeddable":true,"href":"https:\/\/www.omnesbands.international\/en\/wp-json\/wp\/v2\/comments?post=1645"}],"version-history":[{"count":2,"href":"https:\/\/www.omnesbands.international\/en\/wp-json\/wp\/v2\/pages\/1645\/revisions"}],"predecessor-version":[{"id":1648,"href":"https:\/\/www.omnesbands.international\/en\/wp-json\/wp\/v2\/pages\/1645\/revisions\/1648"}],"wp:attachment":[{"href":"https:\/\/www.omnesbands.international\/en\/wp-json\/wp\/v2\/media?parent=1645"}],"curies":[{"name":"wp","href":"https:\/\/api.w.org\/{rel}","templated":true}]}}