{"id":1664,"date":"2023-01-28T20:17:10","date_gmt":"2023-01-29T02:17:10","guid":{"rendered":"https:\/\/omnesbands.international\/?page_id=1664"},"modified":"2023-01-28T20:17:12","modified_gmt":"2023-01-29T02:17:12","slug":"miguel-angel-ibiza-zaragoza-2","status":"publish","type":"page","link":"https:\/\/www.omnesbands.international\/en\/miguel-angel-ibiza-zaragoza-2\/","title":{"rendered":"MIGUEL ANGEL IBIZA ZARAGOZA"},"content":{"rendered":"<div class=\"wp-block-uagb-container uagb-block-16750bc7 alignfull uagb-is-root-container\"><div class=\"uagb-container-inner-blocks-wrap\">\n<div class=\"wp-block-uagb-advanced-heading uagb-block-d6412667\"><h1 class=\"uagb-heading-text\"><strong>MIGUEL ANGEL IBIZA ZARAGOZA<\/strong><\/h1><\/div>\n<\/div><\/div>\n\n\n\n<div class=\"wp-block-uagb-container uagb-block-ecc9a0b0 alignfull uagb-is-root-container\"><div class=\"uagb-container-inner-blocks-wrap\">\n<div class=\"wp-block-uagb-container uagb-block-ab49e4b7\">\n<p>He began to study music at the Music School of the \"Uni\u00f3n Musical Xeraco\" with Jos\u00e9 Castell\u00f3. Later he moved to the Superior Conservatories of Music \"Oscar Espl\u00e1\" of Alicante and \"Victoria Eugenia\" of Granada where he continued his studies of Trombone and obtained the Title of Superior Professor of said specialty. He also has a Tuba Professional Degree and has studied Harmony and Counterpoint. In addition, he obtains the Pedagogical Aptitude Course at the University of Almer\u00eda.<\/p>\n<p>It is perfected with professors and soloists of the stature of Jes\u00fas Juan Oriola (Professor of the Superior Conservatory of Alicante), Antonio V. Mas Var\u00f3 (Professor of the Superior Conservatory \"Oscar Espl\u00e0\" d'Alacant), Enrique Ferrando (Soloist of the National Orchestra of Spain), Francisco R. Vega (Soloist of the Royal Seville Symphony Orchestra), Alberto Castell\u00f3 (Professor at the Gij\u00f3n Conservatory), Jacques Mauger (Professor at the Paris Conservatory and International Soloist), Javier Colomer (Professor at the Escola Comarcal de M\u00fasica del Comtat), the brothers Robert and Nick Child (International Euphonium Soloists) and with members of The Sir Aligator's Company (among them Elies Hernandis and Alvaro Mart\u00ednez).<\/p>\n<p>He has taken Improvement Courses in Musical Analysis and Harmony with Jan D'Haene, Musical Analysis with Yvan Nommick and Dr. Enrico Fubini, Harmony Applied to Jazz and Pop with Jacques Luce, Initiation to Composition with Joan E. Canet, Fundamentals Composition with Javier Artaza and Composition of Soundtracks \u201cVila de Pego\u201d with Pascal Gaigne, Arnau Bataller and Xavier Capellas.<\/p>\n<p>In the field of new technologies, he has taken courses such as \"New Educational Technologies applied to the Classroom\", \"Computer-assisted Music\" with Josep Cort\u00e9s (Ireneu Segarra School of Musical Pedagogy), Score Editing Course (Encore Program) with Jorge Suanes (Teacher at the Aula de M\u00fasica Divisi Academy), \u201cCakewalk\u201d (I Curs d'Inform\u00e1tica Musical de Pedreguer) with Pedro J. Andani (Composer and arranger), \u201cEncore\u201d and \u201cFinale 2001\u201d by Aula Actual and also gave the I Course in Musical Informatics at the Pedreguer Music School with the Encore program. He has also taken the course \"Management of Music Schools\" with Pere Bayona (Ireneu Segarra Musical Pedagogy School) and more recently \"Educational Coaching\" with Cristina de Arozamena and Music and Emotions with Mauricio Weintraub.<\/p>\n<p>As a teacher, he has taught Grave Metal, Musical Language, Harmony and Choir at the Music Schools of Xeraco, Xal\u00f3, Gata de Gorgos, Pedreguer, Benissa and at the Professional Music Conservatories of Elche, Elda, Ontinyent and Oliva. He has also been Head of Studies at the Xeraco Music School and Director of the Pedreguer Municipal Music School. He was part of the \u201cEquales\u201d Trombon Quartet. For five years he was Director-founder of the Xeraco Polyphonic Choir. In Pedreguer he has conducted on several occasions the Cor de l' Escola de M\u00fasica and the Cor Sant Bonaventura. He was also a member, by opposition, of the Military Music Corps.<\/p>\n<p>As a composer, he is the author of more than a hundred pieces, some of them published by Omnes Bands and Sonata Ediciones. In addition, he is part of the Primary Music projects Solfa.m\u00fasica.es and Cuadernos de M\u00fasica from Editorial Tabarca, for which he has composed 5 original songs, 12 musical stories and the arrangements of almost 100 popular songs. In the world of Festival Music, in addition to being a finalist in various competitions (Orihuela-1997, Callosa d'En Sarri\u00e0-2003, l'Olleria-2005, Benidorm-2008 and 2009, Bocairent-2009 and Almer\u00eda 2016), he has received the following prizes:<\/p>\n<p>*First Prize in the XX Ontinyent Festive Music Contest 2005 with the Moorish march \u201cZeina\u201d<br \/>*Honorable Mention in the III D\u00e9nia Composition Contest for Dulzainas and Percussion \"M\u00fasica al Castell 2005\" with the Christian march.\n\"Dol\u00e7ainers of the Apocalypse\"<br \/>*Second Prize in the IV Composition Contest for Dulzainas and Percussion of D\u00e9nia \"M\u00fasica al Castell 2006\" with the Moorish march\n\u201cCavall Verd\u201d<br \/>*First Prize in the III Moorish and Christian Marches Composition Contest \"Vila d'Alaqu\u00e0s\" 2006 with the Moorish march \"Missian\"<br \/>*First Prize in the 1st \u201cFerrer Pastor\u201d Festive Music Composition Contest of La Font d\u2019En Carr\u00f2s 2011 with the Christian march \u201cCavallers de Carr\u00f2s\u201d<br \/>*Audience Award of the 1st El Verger Festive Music Composition Contest 2016 with the Christian march \u201cRey David\u201d<br \/>*Third Prize in the 4th \u201cM\u00fasica Jove\u201d Composition Contest in the Youth Band category with the work \u201cKitten &amp; Puppy\u201d<br \/>*Second prize and Honorable Mention in the II Prize for Composition for Dulzaina and Piano \"Festacarrer d'Ondara\" with the work \"Dolpia\"<br \/>He is currently a Trombone professor at the Pedreguer Municipal Music Conservatory and at the Els Poblets and Xeraco Music Schools. He also directs the band of the Uni\u00f3 Musical Els Poblets. He also belongs to the Association of Music Composers of Moors and Christians and the SGAE.<\/p>\n<\/div>\n<\/div><\/div>\n\n\n<div class=\"woocommerce columns-4\"><ul class=\"products columns-4\">\n<li class=\"desktop-align-left tablet-align-left mobile-align-left ast-product-gallery-layout-horizontal-slider product type-product post-1061 status-publish first instock product_cat-musica-de-calle product_tag-miguel-angel-ibiza-zaragoza has-post-thumbnail downloadable virtual taxable purchasable product-type-simple\">\n\t<a href=\"https:\/\/www.omnesbands.international\/en\/product\/arnau-de-bosquet\/\" class=\"woocommerce-LoopProduct-link woocommerce-loop-product__link\"><img loading=\"lazy\" decoding=\"async\" width=\"300\" height=\"300\" src=\"https:\/\/www.omnesbands.international\/wp-content\/uploads\/2023\/01\/Arnau-Bosquet-300x300.jpg\" class=\"attachment-woocommerce_thumbnail size-woocommerce_thumbnail\" alt=\"Arnau de Bosquet\" srcset=\"https:\/\/www.omnesbands.international\/wp-content\/uploads\/2023\/01\/Arnau-Bosquet-300x300.jpg 300w, https:\/\/www.omnesbands.international\/wp-content\/uploads\/2023\/01\/Arnau-Bosquet-150x150.jpg 150w, https:\/\/www.omnesbands.international\/wp-content\/uploads\/2023\/01\/Arnau-Bosquet-100x100.jpg 100w\" sizes=\"auto, (max-width: 300px) 100vw, 300px\" \/><h2 class=\"woocommerce-loop-product__title\">Arnau de Bosquet<\/h2>\n\t<span class=\"price\"><span class=\"woocommerce-Price-amount amount\"><bdi><span class=\"woocommerce-Price-currencySymbol\">&#36;<\/span>25.00<\/bdi><\/span><\/span>\n<\/a><a href=\"\/en\/wp-json\/wp\/v2\/pages\/1664?add-to-cart=1061\" aria-describedby=\"woocommerce_loop_add_to_cart_link_describedby_1061\" data-quantity=\"1\" class=\"button product_type_simple add_to_cart_button ajax_add_to_cart\" data-product_id=\"1061\" data-product_sku=\"ARN-CAL-ESP-22\" aria-label=\"Add to cart: \u201cArnau de Bosquet\u201d\" rel=\"nofollow\" data-success_message=\"\u201cArnau de Bosquet\u201d has been added to your cart\" role=\"button\" data-no-translation=\"\" data-trp-gettext=\"\" data-no-translation-aria-label=\"\" data-no-translation-data-success_message=\"\">Add to cart<\/a>\t<span id=\"woocommerce_loop_add_to_cart_link_describedby_1061\" class=\"screen-reader-text\">\n\t\t\t<\/span>\n<\/li>\n<li class=\"desktop-align-left tablet-align-left mobile-align-left ast-product-gallery-layout-horizontal-slider product type-product post-1125 status-publish instock product_cat-pasodobles product_tag-miguel-angel-ibiza-zaragoza has-post-thumbnail downloadable virtual taxable purchasable product-type-simple\">\n\t<a href=\"https:\/\/www.omnesbands.international\/en\/product\/centre-artistic-musical-de-pedreguer\/\" class=\"woocommerce-LoopProduct-link woocommerce-loop-product__link\"><img loading=\"lazy\" decoding=\"async\" width=\"300\" height=\"300\" src=\"https:\/\/www.omnesbands.international\/wp-content\/uploads\/2023\/01\/Centre-artistic-musical-de-Pedreguer-1-300x300.jpg\" class=\"attachment-woocommerce_thumbnail size-woocommerce_thumbnail\" alt=\"Centre art\u00edstic musical de Pedreguer\" srcset=\"https:\/\/www.omnesbands.international\/wp-content\/uploads\/2023\/01\/Centre-artistic-musical-de-Pedreguer-1-300x300.jpg 300w, https:\/\/www.omnesbands.international\/wp-content\/uploads\/2023\/01\/Centre-artistic-musical-de-Pedreguer-1-150x150.jpg 150w, https:\/\/www.omnesbands.international\/wp-content\/uploads\/2023\/01\/Centre-artistic-musical-de-Pedreguer-1-12x12.jpg 12w, https:\/\/www.omnesbands.international\/wp-content\/uploads\/2023\/01\/Centre-artistic-musical-de-Pedreguer-1-100x100.jpg 100w\" sizes=\"auto, (max-width: 300px) 100vw, 300px\" \/><h2 class=\"woocommerce-loop-product__title\">Musical artistic center of Pedreguer<\/h2>\n\t<span class=\"price\"><span class=\"woocommerce-Price-amount amount\"><bdi><span class=\"woocommerce-Price-currencySymbol\">&#36;<\/span>25.00<\/bdi><\/span><\/span>\n<\/a><a href=\"\/en\/wp-json\/wp\/v2\/pages\/1664?add-to-cart=1125\" aria-describedby=\"woocommerce_loop_add_to_cart_link_describedby_1125\" data-quantity=\"1\" class=\"button product_type_simple add_to_cart_button ajax_add_to_cart\" data-product_id=\"1125\" data-product_sku=\"CTR-PAS-ESP-22\" aria-label=\"Add to cart: \u201cCentre art\u00edstic musical de Pedreguer\u201d\" rel=\"nofollow\" data-success_message=\"\u201cCentre art\u00edstic musical de Pedreguer\u201d has been added to your cart\" role=\"button\" data-no-translation=\"\" data-trp-gettext=\"\" data-no-translation-aria-label=\"\" data-no-translation-data-success_message=\"\">Add to cart<\/a>\t<span id=\"woocommerce_loop_add_to_cart_link_describedby_1125\" class=\"screen-reader-text\">\n\t\t\t<\/span>\n<\/li>\n<\/ul>\n<\/div>","protected":false},"excerpt":{"rendered":"<p>MIGUEL \u00c1NGEL IBIZA ZARAGOZ\u00c1 Comienza a estudiar m\u00fasica en el seno de la Escuela de M\u00fasica de la \u201cUni\u00f3n Musical Xeraco\u201d con Jos\u00e9 Castell\u00f3. Posteriormente se traslada a los Conservatorios Superiores de M\u00fasica \u201cOscar Espl\u00e1\u201d de Alicante y \u201cVictoria Eugenia\u201d de Granada donde contin\u00faa los estudios de Tromb\u00f3n y obtiene el T\u00edtulo de Profesor Superior [&hellip;]<\/p>\n","protected":false},"author":4,"featured_media":0,"parent":0,"menu_order":0,"comment_status":"closed","ping_status":"closed","template":"","meta":{"_acf_changed":false,"_uag_custom_page_level_css":"","site-sidebar-layout":"default","site-content-layout":"","ast-site-content-layout":"default","site-content-style":"default","site-sidebar-style":"default","ast-global-header-display":"","ast-banner-title-visibility":"","ast-main-header-display":"","ast-hfb-above-header-display":"","ast-hfb-below-header-display":"","ast-hfb-mobile-header-display":"","site-post-title":"disabled","ast-breadcrumbs-content":"","ast-featured-img":"","footer-sml-layout":"","ast-disable-related-posts":"","theme-transparent-header-meta":"","adv-header-id-meta":"","stick-header-meta":"","header-above-stick-meta":"","header-main-stick-meta":"","header-below-stick-meta":"","astra-migrate-meta-layouts":"default","ast-page-background-enabled":"default","ast-page-background-meta":{"desktop":{"background-color":"","background-image":"","background-repeat":"repeat","background-position":"center center","background-size":"auto","background-attachment":"scroll","background-type":"","background-media":"","overlay-type":"","overlay-color":"","overlay-opacity":"","overlay-gradient":""},"tablet":{"background-color":"","background-image":"","background-repeat":"repeat","background-position":"center center","background-size":"auto","background-attachment":"scroll","background-type":"","background-media":"","overlay-type":"","overlay-color":"","overlay-opacity":"","overlay-gradient":""},"mobile":{"background-color":"","background-image":"","background-repeat":"repeat","background-position":"center center","background-size":"auto","background-attachment":"scroll","background-type":"","background-media":"","overlay-type":"","overlay-color":"","overlay-opacity":"","overlay-gradient":""}},"ast-content-background-meta":{"desktop":{"background-color":"var(--ast-global-color-5)","background-image":"","background-repeat":"repeat","background-position":"center center","background-size":"auto","background-attachment":"scroll","background-type":"","background-media":"","overlay-type":"","overlay-color":"","overlay-opacity":"","overlay-gradient":""},"tablet":{"background-color":"var(--ast-global-color-5)","background-image":"","background-repeat":"repeat","background-position":"center center","background-size":"auto","background-attachment":"scroll","background-type":"","background-media":"","overlay-type":"","overlay-color":"","overlay-opacity":"","overlay-gradient":""},"mobile":{"background-color":"var(--ast-global-color-5)","background-image":"","background-repeat":"repeat","background-position":"center center","background-size":"auto","background-attachment":"scroll","background-type":"","background-media":"","overlay-type":"","overlay-color":"","overlay-opacity":"","overlay-gradient":""}},"footnotes":""},"class_list":["post-1664","page","type-page","status-publish","hentry"],"acf":[],"yoast_head":"<!-- This site is optimized with the Yoast SEO Premium plugin v22.4 (Yoast SEO v27.4) - https:\/\/yoast.com\/product\/yoast-seo-premium-wordpress\/ -->\n<title>MIGUEL \u00c1NGEL IBIZA ZARAGOZ\u00c1 -<\/title>\n<meta name=\"robots\" content=\"index, follow, max-snippet:-1, max-image-preview:large, max-video-preview:-1\" \/>\n<link rel=\"canonical\" href=\"https:\/\/www.omnesbands.international\/en\/miguel-angel-ibiza-zaragoza-2\/\" \/>\n<meta property=\"og:locale\" content=\"en_US\" \/>\n<meta property=\"og:type\" content=\"article\" \/>\n<meta property=\"og:title\" content=\"MIGUEL \u00c1NGEL IBIZA ZARAGOZ\u00c1\" \/>\n<meta property=\"og:description\" content=\"MIGUEL \u00c1NGEL IBIZA ZARAGOZ\u00c1 Comienza a estudiar m\u00fasica en el seno de la Escuela de M\u00fasica de la \u201cUni\u00f3n Musical Xeraco\u201d con Jos\u00e9 Castell\u00f3. Posteriormente se traslada a los Conservatorios Superiores de M\u00fasica \u201cOscar Espl\u00e1\u201d de Alicante y \u201cVictoria Eugenia\u201d de Granada donde contin\u00faa los estudios de Tromb\u00f3n y obtiene el T\u00edtulo de Profesor Superior [&hellip;]\" \/>\n<meta property=\"og:url\" content=\"https:\/\/www.omnesbands.international\/en\/miguel-angel-ibiza-zaragoza-2\/\" \/>\n<meta property=\"article:modified_time\" content=\"2023-01-29T02:17:12+00:00\" \/>\n<meta property=\"og:image\" content=\"https:\/\/www.omnesbands.international\/wp-content\/uploads\/2023\/01\/music-sheet-music-snowdrop-7107045.jpg\" \/>\n\t<meta property=\"og:image:width\" content=\"1280\" \/>\n\t<meta property=\"og:image:height\" content=\"742\" \/>\n\t<meta property=\"og:image:type\" content=\"image\/jpeg\" \/>\n<meta name=\"twitter:card\" content=\"summary_large_image\" \/>\n<meta name=\"twitter:label1\" content=\"Est. reading time\" \/>\n\t<meta name=\"twitter:data1\" content=\"5 minutes\" \/>\n<script type=\"application\/ld+json\" class=\"yoast-schema-graph\">{\"@context\":\"https:\\\/\\\/schema.org\",\"@graph\":[{\"@type\":\"WebPage\",\"@id\":\"https:\\\/\\\/www.omnesbands.international\\\/fr\\\/miguel-angel-ibiza-zaragoza-2\\\/\",\"url\":\"https:\\\/\\\/www.omnesbands.international\\\/fr\\\/miguel-angel-ibiza-zaragoza-2\\\/\",\"name\":\"MIGUEL \u00c1NGEL IBIZA ZARAGOZ\u00c1 -\",\"isPartOf\":{\"@id\":\"https:\\\/\\\/www.omnesbands.international\\\/#website\"},\"datePublished\":\"2023-01-29T02:17:10+00:00\",\"dateModified\":\"2023-01-29T02:17:12+00:00\",\"breadcrumb\":{\"@id\":\"https:\\\/\\\/www.omnesbands.international\\\/fr\\\/miguel-angel-ibiza-zaragoza-2\\\/#breadcrumb\"},\"inLanguage\":\"en-US\",\"potentialAction\":[{\"@type\":\"ReadAction\",\"target\":[\"https:\\\/\\\/www.omnesbands.international\\\/fr\\\/miguel-angel-ibiza-zaragoza-2\\\/\"]}]},{\"@type\":\"BreadcrumbList\",\"@id\":\"https:\\\/\\\/www.omnesbands.international\\\/fr\\\/miguel-angel-ibiza-zaragoza-2\\\/#breadcrumb\",\"itemListElement\":[{\"@type\":\"ListItem\",\"position\":1,\"name\":\"Portada\",\"item\":\"https:\\\/\\\/www.omnesbands.international\\\/\"},{\"@type\":\"ListItem\",\"position\":2,\"name\":\"MIGUEL \u00c1NGEL IBIZA ZARAGOZ\u00c1\"}]},{\"@type\":\"WebSite\",\"@id\":\"https:\\\/\\\/www.omnesbands.international\\\/#website\",\"url\":\"https:\\\/\\\/www.omnesbands.international\\\/\",\"name\":\"OMNESBANDS International\",\"description\":\"Partituras Originales de autores y compositores independientes\",\"publisher\":{\"@id\":\"https:\\\/\\\/www.omnesbands.international\\\/#organization\"},\"potentialAction\":[{\"@type\":\"SearchAction\",\"target\":{\"@type\":\"EntryPoint\",\"urlTemplate\":\"https:\\\/\\\/www.omnesbands.international\\\/?s={search_term_string}\"},\"query-input\":{\"@type\":\"PropertyValueSpecification\",\"valueRequired\":true,\"valueName\":\"search_term_string\"}}],\"inLanguage\":\"en-US\"},{\"@type\":\"Organization\",\"@id\":\"https:\\\/\\\/www.omnesbands.international\\\/#organization\",\"name\":\"Indra Consultores Internacionales\",\"alternateName\":\"Omnesbands\",\"url\":\"https:\\\/\\\/www.omnesbands.international\\\/\",\"logo\":{\"@type\":\"ImageObject\",\"inLanguage\":\"en-US\",\"@id\":\"https:\\\/\\\/www.omnesbands.international\\\/#\\\/schema\\\/logo\\\/image\\\/\",\"url\":\"https:\\\/\\\/omnesbands.international\\\/wp-content\\\/uploads\\\/2023\\\/06\\\/Logo-Nuevo-.png\",\"contentUrl\":\"https:\\\/\\\/omnesbands.international\\\/wp-content\\\/uploads\\\/2023\\\/06\\\/Logo-Nuevo-.png\",\"width\":394,\"height\":212,\"caption\":\"Indra Consultores Internacionales\"},\"image\":{\"@id\":\"https:\\\/\\\/www.omnesbands.international\\\/#\\\/schema\\\/logo\\\/image\\\/\"}}]}<\/script>\n<!-- \/ Yoast SEO Premium plugin. -->","yoast_head_json":{"title":"MIGUEL \u00c1NGEL IBIZA ZARAGOZ\u00c1 -","robots":{"index":"index","follow":"follow","max-snippet":"max-snippet:-1","max-image-preview":"max-image-preview:large","max-video-preview":"max-video-preview:-1"},"canonical":"https:\/\/www.omnesbands.international\/en\/miguel-angel-ibiza-zaragoza-2\/","og_locale":"en_US","og_type":"article","og_title":"MIGUEL \u00c1NGEL IBIZA ZARAGOZ\u00c1","og_description":"MIGUEL \u00c1NGEL IBIZA ZARAGOZ\u00c1 Comienza a estudiar m\u00fasica en el seno de la Escuela de M\u00fasica de la \u201cUni\u00f3n Musical Xeraco\u201d con Jos\u00e9 Castell\u00f3. Posteriormente se traslada a los Conservatorios Superiores de M\u00fasica \u201cOscar Espl\u00e1\u201d de Alicante y \u201cVictoria Eugenia\u201d de Granada donde contin\u00faa los estudios de Tromb\u00f3n y obtiene el T\u00edtulo de Profesor Superior [&hellip;]","og_url":"https:\/\/www.omnesbands.international\/en\/miguel-angel-ibiza-zaragoza-2\/","article_modified_time":"2023-01-29T02:17:12+00:00","og_image":[{"width":1280,"height":742,"url":"https:\/\/www.omnesbands.international\/wp-content\/uploads\/2023\/01\/music-sheet-music-snowdrop-7107045.jpg","type":"image\/jpeg"}],"twitter_card":"summary_large_image","twitter_misc":{"Est. reading time":"5 minutes"},"schema":{"@context":"https:\/\/schema.org","@graph":[{"@type":"WebPage","@id":"https:\/\/www.omnesbands.international\/fr\/miguel-angel-ibiza-zaragoza-2\/","url":"https:\/\/www.omnesbands.international\/fr\/miguel-angel-ibiza-zaragoza-2\/","name":"MIGUEL \u00c1NGEL IBIZA ZARAGOZ\u00c1 -","isPartOf":{"@id":"https:\/\/www.omnesbands.international\/#website"},"datePublished":"2023-01-29T02:17:10+00:00","dateModified":"2023-01-29T02:17:12+00:00","breadcrumb":{"@id":"https:\/\/www.omnesbands.international\/fr\/miguel-angel-ibiza-zaragoza-2\/#breadcrumb"},"inLanguage":"en-US","potentialAction":[{"@type":"ReadAction","target":["https:\/\/www.omnesbands.international\/fr\/miguel-angel-ibiza-zaragoza-2\/"]}]},{"@type":"BreadcrumbList","@id":"https:\/\/www.omnesbands.international\/fr\/miguel-angel-ibiza-zaragoza-2\/#breadcrumb","itemListElement":[{"@type":"ListItem","position":1,"name":"Portada","item":"https:\/\/www.omnesbands.international\/"},{"@type":"ListItem","position":2,"name":"MIGUEL \u00c1NGEL IBIZA ZARAGOZ\u00c1"}]},{"@type":"WebSite","@id":"https:\/\/www.omnesbands.international\/#website","url":"https:\/\/www.omnesbands.international\/","name":"OMNESBANDS International","description":"Original Sheet Music by independent authors and composers","publisher":{"@id":"https:\/\/www.omnesbands.international\/#organization"},"potentialAction":[{"@type":"SearchAction","target":{"@type":"EntryPoint","urlTemplate":"https:\/\/www.omnesbands.international\/?s={search_term_string}"},"query-input":{"@type":"PropertyValueSpecification","valueRequired":true,"valueName":"search_term_string"}}],"inLanguage":"en-US"},{"@type":"Organization","@id":"https:\/\/www.omnesbands.international\/#organization","name":"Indra International Consultants","alternateName":"Omnesbands","url":"https:\/\/www.omnesbands.international\/","logo":{"@type":"ImageObject","inLanguage":"en-US","@id":"https:\/\/www.omnesbands.international\/#\/schema\/logo\/image\/","url":"https:\/\/omnesbands.international\/wp-content\/uploads\/2023\/06\/Logo-Nuevo-.png","contentUrl":"https:\/\/omnesbands.international\/wp-content\/uploads\/2023\/06\/Logo-Nuevo-.png","width":394,"height":212,"caption":"Indra Consultores Internacionales"},"image":{"@id":"https:\/\/www.omnesbands.international\/#\/schema\/logo\/image\/"}}]}},"uagb_featured_image_src":{"full":false,"thumbnail":false,"medium":false,"medium_large":false,"large":false,"1536x1536":false,"2048x2048":false,"trp-custom-language-flag":false,"gg_gallery_thumbnail":false,"woocommerce_thumbnail":false,"woocommerce_single":false,"woocommerce_gallery_thumbnail":false},"uagb_author_info":{"display_name":"Melvin R. Portillo A:","author_link":"https:\/\/www.omnesbands.international\/en\/author\/portand\/"},"uagb_comment_info":0,"uagb_excerpt":"MIGUEL \u00c1NGEL IBIZA ZARAGOZ\u00c1 Comienza a estudiar m\u00fasica en el seno de la Escuela de M\u00fasica de la \u201cUni\u00f3n Musical Xeraco\u201d con Jos\u00e9 Castell\u00f3. Posteriormente se traslada a los Conservatorios Superiores de M\u00fasica \u201cOscar Espl\u00e1\u201d de Alicante y \u201cVictoria Eugenia\u201d de Granada donde contin\u00faa los estudios de Tromb\u00f3n y obtiene el T\u00edtulo de Profesor Superior&hellip;","_links":{"self":[{"href":"https:\/\/www.omnesbands.international\/en\/wp-json\/wp\/v2\/pages\/1664","targetHints":{"allow":["GET"]}}],"collection":[{"href":"https:\/\/www.omnesbands.international\/en\/wp-json\/wp\/v2\/pages"}],"about":[{"href":"https:\/\/www.omnesbands.international\/en\/wp-json\/wp\/v2\/types\/page"}],"author":[{"embeddable":true,"href":"https:\/\/www.omnesbands.international\/en\/wp-json\/wp\/v2\/users\/4"}],"replies":[{"embeddable":true,"href":"https:\/\/www.omnesbands.international\/en\/wp-json\/wp\/v2\/comments?post=1664"}],"version-history":[{"count":1,"href":"https:\/\/www.omnesbands.international\/en\/wp-json\/wp\/v2\/pages\/1664\/revisions"}],"predecessor-version":[{"id":1666,"href":"https:\/\/www.omnesbands.international\/en\/wp-json\/wp\/v2\/pages\/1664\/revisions\/1666"}],"wp:attachment":[{"href":"https:\/\/www.omnesbands.international\/en\/wp-json\/wp\/v2\/media?parent=1664"}],"curies":[{"name":"wp","href":"https:\/\/api.w.org\/{rel}","templated":true}]}}