{"id":1668,"date":"2023-01-28T20:24:22","date_gmt":"2023-01-29T02:24:22","guid":{"rendered":"https:\/\/omnesbands.international\/?page_id=1668"},"modified":"2023-01-28T20:24:26","modified_gmt":"2023-01-29T02:24:26","slug":"angel-garcia-martinez-2","status":"publish","type":"page","link":"https:\/\/www.omnesbands.international\/en\/angel-garcia-martinez-2\/","title":{"rendered":"ANGEL GARCIA MARTINEZ"},"content":{"rendered":"<div class=\"wp-block-uagb-container uagb-block-a28534bf alignfull uagb-is-root-container\"><div class=\"uagb-container-inner-blocks-wrap\">\n<div class=\"wp-block-uagb-advanced-heading uagb-block-5373438a\"><h1 class=\"uagb-heading-text\"><strong>ANGEL GARCIA MARTINEZ<\/strong><\/h1><\/div>\n<\/div><\/div>\n\n\n\n<div class=\"wp-block-uagb-container uagb-block-c1963ad4 alignfull uagb-is-root-container\"><div class=\"uagb-container-inner-blocks-wrap\">\n<div class=\"wp-block-uagb-container uagb-block-2edadf80\">\n<p>\u00c1ngel Garc\u00eda Mart\u00ednez was born in Benifai\u00f3 into a family of musicians. One of his grandmothers played the violin and the other the piano, his grandfather, his uncle and cousin played the clarinet, another uncle the trumpet. Obviously the path to follow was obvious.<br \/>He began his studies of euphonium with the teachers \u00c1ngel Tom\u00e1s, Joaqu\u00edn Vidal and Salvador Pellicer. When he reached the professional level, he changed the euphonium for the tuba and continued studying with Jose Manuel Mi\u00f1ana and Vicente L\u00f3pez at the conservatories of Valencia and Castell\u00f3n.<br \/>As an instrumentalist he has collaborated and formed part of numerous orchestras and municipal bands of the Spanish geography.<br \/>In the world of Chamber Music, as a soloist he has premiered music by Maties Far, Eduardo Nogueroles, Jos\u00e9 Grau or Andr\u00e9s Valero. From this last composer he premiered the piece \"Variations on a theme by Vivaldi\" for Tuba and Woodwind Quintet. The Quintet that performed in the premiere was formed by members of the New York Philharmonic and was conducted by the composer himself, being recorded on CD by ML Productions.<br \/>As a teacher he has taught in different music schools in Mallorca and the Valencian Community. Also in the conservatories \"Narciso Yepes\" of Lorca and the Professional of Murcia.<br \/>As a composer he has been awarded on several occasions in the field of festive music. He has also been a finalist in the pasodoble contest of the \"Fallera Mayor de Valencia\" and the \"II Concurso de Composici\u00f3n Reinas de Segorbe\". In 2019 he has been the winner of the 1st and 2nd prize in the \"6th International Composition Contest M\u00fasica Jove\" for youth bands. He has also been deserving of the First Prize in the Elementary Level Ensemble category of the Spanish Association of Tubas and Euphoniums contest. Internationally, he has been finalist of the \"Harvey Philips Composition Award 2019\" organized by the International Tuba-Euphonium Association.<br \/>In another order, his pieces for euphonium and piano \"Drops\", \"Balada d'Argent\", \"Gu\u00eda Pr\u00e1ctica del Vampiro\", \"West!\" and this \u201cThe Blowing &amp; the Windy Circus\u201d are test pieces in national competitions and are part of the Tuba course program at many conservatories.<br \/>He is currently a fully active musician in three facets: teaching, performing and composing.<br \/>Since 2008, he teaches Tuba and Chamber Music at the Conservatory of Cartagena and since 2006 at the music school of the Ateneu Musical d' Albalat de Ribera. He also teaches since 2006 at the Ateneu Musical d' Albalat de la Ribera music school.<\/p>\n<\/div>\n<\/div><\/div>\n\n\n<div class=\"woocommerce columns-4\"><\/div>","protected":false},"excerpt":{"rendered":"<p>\u00c1NGEL GARCIA MARTINEZ \u00c1ngel Garc\u00eda Mart\u00ednez naci\u00f3 en Benifai\u00f3 en una familia de m\u00fasicos. Una de sus abuelas tocaba el viol\u00edn y la otra el piano, su abuelo, su t\u00edo y su primo tocan el clarinete, otro t\u00edo la trompeta. Obviamente el camino a seguir era evidente.Empez\u00f3 sus estudios de bombardino con los profesores, \u00c1ngel [&hellip;]<\/p>\n","protected":false},"author":4,"featured_media":0,"parent":0,"menu_order":0,"comment_status":"closed","ping_status":"closed","template":"","meta":{"_acf_changed":false,"_uag_custom_page_level_css":"","site-sidebar-layout":"default","site-content-layout":"","ast-site-content-layout":"default","site-content-style":"default","site-sidebar-style":"default","ast-global-header-display":"","ast-banner-title-visibility":"","ast-main-header-display":"","ast-hfb-above-header-display":"","ast-hfb-below-header-display":"","ast-hfb-mobile-header-display":"","site-post-title":"disabled","ast-breadcrumbs-content":"","ast-featured-img":"","footer-sml-layout":"","ast-disable-related-posts":"","theme-transparent-header-meta":"","adv-header-id-meta":"","stick-header-meta":"","header-above-stick-meta":"","header-main-stick-meta":"","header-below-stick-meta":"","astra-migrate-meta-layouts":"default","ast-page-background-enabled":"default","ast-page-background-meta":{"desktop":{"background-color":"","background-image":"","background-repeat":"repeat","background-position":"center center","background-size":"auto","background-attachment":"scroll","background-type":"","background-media":"","overlay-type":"","overlay-color":"","overlay-opacity":"","overlay-gradient":""},"tablet":{"background-color":"","background-image":"","background-repeat":"repeat","background-position":"center center","background-size":"auto","background-attachment":"scroll","background-type":"","background-media":"","overlay-type":"","overlay-color":"","overlay-opacity":"","overlay-gradient":""},"mobile":{"background-color":"","background-image":"","background-repeat":"repeat","background-position":"center center","background-size":"auto","background-attachment":"scroll","background-type":"","background-media":"","overlay-type":"","overlay-color":"","overlay-opacity":"","overlay-gradient":""}},"ast-content-background-meta":{"desktop":{"background-color":"var(--ast-global-color-5)","background-image":"","background-repeat":"repeat","background-position":"center center","background-size":"auto","background-attachment":"scroll","background-type":"","background-media":"","overlay-type":"","overlay-color":"","overlay-opacity":"","overlay-gradient":""},"tablet":{"background-color":"var(--ast-global-color-5)","background-image":"","background-repeat":"repeat","background-position":"center center","background-size":"auto","background-attachment":"scroll","background-type":"","background-media":"","overlay-type":"","overlay-color":"","overlay-opacity":"","overlay-gradient":""},"mobile":{"background-color":"var(--ast-global-color-5)","background-image":"","background-repeat":"repeat","background-position":"center center","background-size":"auto","background-attachment":"scroll","background-type":"","background-media":"","overlay-type":"","overlay-color":"","overlay-opacity":"","overlay-gradient":""}},"footnotes":""},"class_list":["post-1668","page","type-page","status-publish","hentry"],"acf":[],"yoast_head":"<!-- This site is optimized with the Yoast SEO Premium plugin v22.4 (Yoast SEO v27.4) - https:\/\/yoast.com\/product\/yoast-seo-premium-wordpress\/ -->\n<title>\u00c1NGEL GARCIA MARTINEZ -<\/title>\n<meta name=\"robots\" content=\"index, follow, max-snippet:-1, max-image-preview:large, max-video-preview:-1\" \/>\n<link rel=\"canonical\" href=\"https:\/\/www.omnesbands.international\/en\/angel-garcia-martinez-2\/\" \/>\n<meta property=\"og:locale\" content=\"en_US\" \/>\n<meta property=\"og:type\" content=\"article\" \/>\n<meta property=\"og:title\" content=\"\u00c1NGEL GARCIA MARTINEZ\" \/>\n<meta property=\"og:description\" content=\"\u00c1NGEL GARCIA MARTINEZ \u00c1ngel Garc\u00eda Mart\u00ednez naci\u00f3 en Benifai\u00f3 en una familia de m\u00fasicos. Una de sus abuelas tocaba el viol\u00edn y la otra el piano, su abuelo, su t\u00edo y su primo tocan el clarinete, otro t\u00edo la trompeta. Obviamente el camino a seguir era evidente.Empez\u00f3 sus estudios de bombardino con los profesores, \u00c1ngel [&hellip;]\" \/>\n<meta property=\"og:url\" content=\"https:\/\/www.omnesbands.international\/en\/angel-garcia-martinez-2\/\" \/>\n<meta property=\"article:modified_time\" content=\"2023-01-29T02:24:26+00:00\" \/>\n<meta property=\"og:image\" content=\"https:\/\/www.omnesbands.international\/wp-content\/uploads\/2023\/01\/music-sheet-music-snowdrop-7107045.jpg\" \/>\n\t<meta property=\"og:image:width\" content=\"1280\" \/>\n\t<meta property=\"og:image:height\" content=\"742\" \/>\n\t<meta property=\"og:image:type\" content=\"image\/jpeg\" \/>\n<meta name=\"twitter:card\" content=\"summary_large_image\" \/>\n<meta name=\"twitter:label1\" content=\"Est. reading time\" \/>\n\t<meta name=\"twitter:data1\" content=\"2 minutes\" \/>\n<script type=\"application\/ld+json\" class=\"yoast-schema-graph\">{\"@context\":\"https:\\\/\\\/schema.org\",\"@graph\":[{\"@type\":\"WebPage\",\"@id\":\"https:\\\/\\\/www.omnesbands.international\\\/angel-garcia-martinez-2\\\/\",\"url\":\"https:\\\/\\\/www.omnesbands.international\\\/angel-garcia-martinez-2\\\/\",\"name\":\"\u00c1NGEL GARCIA MARTINEZ -\",\"isPartOf\":{\"@id\":\"https:\\\/\\\/www.omnesbands.international\\\/#website\"},\"datePublished\":\"2023-01-29T02:24:22+00:00\",\"dateModified\":\"2023-01-29T02:24:26+00:00\",\"breadcrumb\":{\"@id\":\"https:\\\/\\\/www.omnesbands.international\\\/angel-garcia-martinez-2\\\/#breadcrumb\"},\"inLanguage\":\"en-US\",\"potentialAction\":[{\"@type\":\"ReadAction\",\"target\":[\"https:\\\/\\\/www.omnesbands.international\\\/angel-garcia-martinez-2\\\/\"]}]},{\"@type\":\"BreadcrumbList\",\"@id\":\"https:\\\/\\\/www.omnesbands.international\\\/angel-garcia-martinez-2\\\/#breadcrumb\",\"itemListElement\":[{\"@type\":\"ListItem\",\"position\":1,\"name\":\"Portada\",\"item\":\"https:\\\/\\\/www.omnesbands.international\\\/\"},{\"@type\":\"ListItem\",\"position\":2,\"name\":\"\u00c1NGEL GARCIA MARTINEZ\"}]},{\"@type\":\"WebSite\",\"@id\":\"https:\\\/\\\/www.omnesbands.international\\\/#website\",\"url\":\"https:\\\/\\\/www.omnesbands.international\\\/\",\"name\":\"OMNESBANDS International\",\"description\":\"Partituras Originales de autores y compositores independientes\",\"publisher\":{\"@id\":\"https:\\\/\\\/www.omnesbands.international\\\/#organization\"},\"potentialAction\":[{\"@type\":\"SearchAction\",\"target\":{\"@type\":\"EntryPoint\",\"urlTemplate\":\"https:\\\/\\\/www.omnesbands.international\\\/?s={search_term_string}\"},\"query-input\":{\"@type\":\"PropertyValueSpecification\",\"valueRequired\":true,\"valueName\":\"search_term_string\"}}],\"inLanguage\":\"en-US\"},{\"@type\":\"Organization\",\"@id\":\"https:\\\/\\\/www.omnesbands.international\\\/#organization\",\"name\":\"Indra Consultores Internacionales\",\"alternateName\":\"Omnesbands\",\"url\":\"https:\\\/\\\/www.omnesbands.international\\\/\",\"logo\":{\"@type\":\"ImageObject\",\"inLanguage\":\"en-US\",\"@id\":\"https:\\\/\\\/www.omnesbands.international\\\/#\\\/schema\\\/logo\\\/image\\\/\",\"url\":\"https:\\\/\\\/omnesbands.international\\\/wp-content\\\/uploads\\\/2023\\\/06\\\/Logo-Nuevo-.png\",\"contentUrl\":\"https:\\\/\\\/omnesbands.international\\\/wp-content\\\/uploads\\\/2023\\\/06\\\/Logo-Nuevo-.png\",\"width\":394,\"height\":212,\"caption\":\"Indra Consultores Internacionales\"},\"image\":{\"@id\":\"https:\\\/\\\/www.omnesbands.international\\\/#\\\/schema\\\/logo\\\/image\\\/\"}}]}<\/script>\n<!-- \/ Yoast SEO Premium plugin. -->","yoast_head_json":{"title":"\u00c1NGEL GARCIA MARTINEZ -","robots":{"index":"index","follow":"follow","max-snippet":"max-snippet:-1","max-image-preview":"max-image-preview:large","max-video-preview":"max-video-preview:-1"},"canonical":"https:\/\/www.omnesbands.international\/en\/angel-garcia-martinez-2\/","og_locale":"en_US","og_type":"article","og_title":"\u00c1NGEL GARCIA MARTINEZ","og_description":"\u00c1NGEL GARCIA MARTINEZ \u00c1ngel Garc\u00eda Mart\u00ednez naci\u00f3 en Benifai\u00f3 en una familia de m\u00fasicos. Una de sus abuelas tocaba el viol\u00edn y la otra el piano, su abuelo, su t\u00edo y su primo tocan el clarinete, otro t\u00edo la trompeta. Obviamente el camino a seguir era evidente.Empez\u00f3 sus estudios de bombardino con los profesores, \u00c1ngel [&hellip;]","og_url":"https:\/\/www.omnesbands.international\/en\/angel-garcia-martinez-2\/","article_modified_time":"2023-01-29T02:24:26+00:00","og_image":[{"width":1280,"height":742,"url":"https:\/\/www.omnesbands.international\/wp-content\/uploads\/2023\/01\/music-sheet-music-snowdrop-7107045.jpg","type":"image\/jpeg"}],"twitter_card":"summary_large_image","twitter_misc":{"Est. reading time":"2 minutes"},"schema":{"@context":"https:\/\/schema.org","@graph":[{"@type":"WebPage","@id":"https:\/\/www.omnesbands.international\/angel-garcia-martinez-2\/","url":"https:\/\/www.omnesbands.international\/angel-garcia-martinez-2\/","name":"\u00c1NGEL GARCIA MARTINEZ -","isPartOf":{"@id":"https:\/\/www.omnesbands.international\/#website"},"datePublished":"2023-01-29T02:24:22+00:00","dateModified":"2023-01-29T02:24:26+00:00","breadcrumb":{"@id":"https:\/\/www.omnesbands.international\/angel-garcia-martinez-2\/#breadcrumb"},"inLanguage":"en-US","potentialAction":[{"@type":"ReadAction","target":["https:\/\/www.omnesbands.international\/angel-garcia-martinez-2\/"]}]},{"@type":"BreadcrumbList","@id":"https:\/\/www.omnesbands.international\/angel-garcia-martinez-2\/#breadcrumb","itemListElement":[{"@type":"ListItem","position":1,"name":"Portada","item":"https:\/\/www.omnesbands.international\/"},{"@type":"ListItem","position":2,"name":"\u00c1NGEL GARCIA MARTINEZ"}]},{"@type":"WebSite","@id":"https:\/\/www.omnesbands.international\/#website","url":"https:\/\/www.omnesbands.international\/","name":"OMNESBANDS International","description":"Original Sheet Music by independent authors and composers","publisher":{"@id":"https:\/\/www.omnesbands.international\/#organization"},"potentialAction":[{"@type":"SearchAction","target":{"@type":"EntryPoint","urlTemplate":"https:\/\/www.omnesbands.international\/?s={search_term_string}"},"query-input":{"@type":"PropertyValueSpecification","valueRequired":true,"valueName":"search_term_string"}}],"inLanguage":"en-US"},{"@type":"Organization","@id":"https:\/\/www.omnesbands.international\/#organization","name":"Indra International Consultants","alternateName":"Omnesbands","url":"https:\/\/www.omnesbands.international\/","logo":{"@type":"ImageObject","inLanguage":"en-US","@id":"https:\/\/www.omnesbands.international\/#\/schema\/logo\/image\/","url":"https:\/\/omnesbands.international\/wp-content\/uploads\/2023\/06\/Logo-Nuevo-.png","contentUrl":"https:\/\/omnesbands.international\/wp-content\/uploads\/2023\/06\/Logo-Nuevo-.png","width":394,"height":212,"caption":"Indra Consultores Internacionales"},"image":{"@id":"https:\/\/www.omnesbands.international\/#\/schema\/logo\/image\/"}}]}},"uagb_featured_image_src":{"full":false,"thumbnail":false,"medium":false,"medium_large":false,"large":false,"1536x1536":false,"2048x2048":false,"trp-custom-language-flag":false,"gg_gallery_thumbnail":false,"woocommerce_thumbnail":false,"woocommerce_single":false,"woocommerce_gallery_thumbnail":false},"uagb_author_info":{"display_name":"Melvin R. Portillo A:","author_link":"https:\/\/www.omnesbands.international\/en\/author\/portand\/"},"uagb_comment_info":0,"uagb_excerpt":"\u00c1NGEL GARCIA MARTINEZ \u00c1ngel Garc\u00eda Mart\u00ednez naci\u00f3 en Benifai\u00f3 en una familia de m\u00fasicos. Una de sus abuelas tocaba el viol\u00edn y la otra el piano, su abuelo, su t\u00edo y su primo tocan el clarinete, otro t\u00edo la trompeta. Obviamente el camino a seguir era evidente.Empez\u00f3 sus estudios de bombardino con los profesores, \u00c1ngel&hellip;","_links":{"self":[{"href":"https:\/\/www.omnesbands.international\/en\/wp-json\/wp\/v2\/pages\/1668","targetHints":{"allow":["GET"]}}],"collection":[{"href":"https:\/\/www.omnesbands.international\/en\/wp-json\/wp\/v2\/pages"}],"about":[{"href":"https:\/\/www.omnesbands.international\/en\/wp-json\/wp\/v2\/types\/page"}],"author":[{"embeddable":true,"href":"https:\/\/www.omnesbands.international\/en\/wp-json\/wp\/v2\/users\/4"}],"replies":[{"embeddable":true,"href":"https:\/\/www.omnesbands.international\/en\/wp-json\/wp\/v2\/comments?post=1668"}],"version-history":[{"count":2,"href":"https:\/\/www.omnesbands.international\/en\/wp-json\/wp\/v2\/pages\/1668\/revisions"}],"predecessor-version":[{"id":1670,"href":"https:\/\/www.omnesbands.international\/en\/wp-json\/wp\/v2\/pages\/1668\/revisions\/1670"}],"wp:attachment":[{"href":"https:\/\/www.omnesbands.international\/en\/wp-json\/wp\/v2\/media?parent=1668"}],"curies":[{"name":"wp","href":"https:\/\/api.w.org\/{rel}","templated":true}]}}