{"id":1671,"date":"2023-01-28T20:58:01","date_gmt":"2023-01-29T02:58:01","guid":{"rendered":"https:\/\/omnesbands.international\/?page_id=1671"},"modified":"2023-03-12T08:44:32","modified_gmt":"2023-03-12T14:44:32","slug":"emilio-oltra-benavent-2","status":"publish","type":"page","link":"https:\/\/www.omnesbands.international\/en\/emilio-oltra-benavent-2\/","title":{"rendered":"EMILIO OLTRA BENAVENT"},"content":{"rendered":"<div class=\"wp-block-uagb-container uagb-block-a666e07b alignfull uagb-is-root-container\"><div class=\"uagb-container-inner-blocks-wrap\">\n<div class=\"wp-block-uagb-advanced-heading uagb-block-151ac106\"><h1 class=\"uagb-heading-text\"><strong>EMILIO OLTRA BENAVEN<\/strong>you<\/h1><\/div>\n<\/div><\/div>\n\n\n\n<div class=\"wp-block-uagb-container uagb-block-2eee9779 alignfull uagb-is-root-container\"><div class=\"uagb-container-inner-blocks-wrap\">\n<div class=\"wp-block-uagb-container uagb-block-96981381\">\n<p>Born in Ouatretonda (Valencia) in ig6g, where he began studying music and then moved to the conservatories of \"Uva, Carcaixent. Valencia and Alacant His teachers in these centers have been Carme Badia. Juan Ignacio Barrachina. Enrique For\u00e9s. M\u00b0 Dolores Tom\u00e1s and Jos\u00e9 Dom\u00ednguez. He is in possession of the performance diploma awarded by the Royal School of London. <br \/>He has taken several advanced courses with professors Marco Antonio P\u00e9rez (Madrid Symphony Orchestra) Luc Urbain (Soloist Bavarian Orchestra) Antonio Arias (Soloist of the National Orchestra of Spain) Joaquin Geric\u00f3 (Professor of the Superior Conservatory of Madrid), Claudi Arimany (International concertmaster) Celso VVoitzenlogel (National Orchestra of Rio de Janeiro), Raimond Guiot Professor Academia Chigia. in Rome), Sheginori Kudo (International concertmaster) Enmanuel. Pahud (international concert pianist), Michel Debost (Professor at the University of Ohio) and Shopie Cherrier (Professor at the Paris Conservatoire).<br \/>His interest led him to study music pedagogy with teachers of the stature of Jos\u00e9 Llusar (Professor of Musical Language), Ana Lucia Freg (National Conservatory of Buenos Aires, Argentina), Maravillas Diaz (Professor of Music, President of ISME Basque Country), Carmen Agull\u00f3 (Professor of Music, President of ISME Basque Country). Carmen Agull\u00f3 (Professor of the University of Valencia). Remigi Morant (Professor of Music). NI\u00b0 Carmen Sansaloni (Professor of Pedagogy Conservatory Valencia) In the field of band and orchestra conducting his teachers have been. Jos\u00e9 Rafael Pascual (Professor of conducting at ESCMUVALL), Norman Milan\u00e9s (Conductor of the Havana Theater Orchestra), Florin Totan (Conductor of the Bucharest Orchestra, Romania) and Jan Cober (Professor of conducting at the Tilburg Conservatory, Holland). He has studied composition and instrumentation with Norman Milan (Conductor of the Havana Theater Orchestra), Enric Canet (Professor of Composition at the Conservatory of Alacant) and Luis de Pablo (Composer). <br \/>He has also studied Jazz with Pedro Iturralde and Fco Angel Blanco 'Latino. with whom he has performed several concerts in Big Band formation. <br \/>He is in possession of the C.A.P. (Pedagogical Aptitude Course).<br \/>During the academic year 93-94 he worked as a music teacher at the Isabel la Cat\u00f3lica School in L'Oller\u00eda (Valencia), and in the academic year 98-99 at the Santa Maria d'Ontinyent School, giving E SO classes. <br \/>He has been the chief conductor of the bands d: La Lira de Ouatretonda (2006-200g). the band Uni\u00f3n Musical de Atzeneta (200g-2014). The Societat Musical \"La Nova\" d. El Palomar (201$-201g). He has also conducted different bands as guest conductor (Otos. Muro dAlcoi. Bocairent. Beniopa and a long etc. <br \/>He has taught flute at the Regional School of Music of ValldAtbaida. in the Municipal School of Aje. de Malferit. School of Music Adlibitum d'Ontinyent and different conservatories throughout the Valencian Community, he is currently professor of flute and chamber music at the Professional Conservatory \"Maestre Tarrega\" of Castell\u00f3 de la Plana.<br \/>In the world of the composition to emphasize the second prize obtained in the first contest of procession marches City of Zamora with the march \"Crist de la Fe\" the second prize obtained in the second contest of procession marches of Zamora with the march \"The Passion of Jesus Christ. the second prize obtained with the Christian march Jaume I in the contest of music (estera de Callosa d'En Sarria (Alicante). In 2006 he won the first prize in the III contest of procession marches city of Zamora COrt the procession march 'Santo Sepulcro. In the same year he won the first prize with the Moorish march 'Bocetos Ar\u00e1bigos' in the II contest of festive music of Alaquas. In 2012 he was a finalist in the contest for band music in Astorga (Le\u00f3n) with the work 'Astorga 1812. he has a catalog of more than fifty compositions for band and various chamber groups During the years g6-g7 he took some courses supported by the Center for Teachers under the title \"The development of the curriculum project in the school. as well as various courses of musical informatics.<\/p>\n<p>His concert work has led him to perform with the wind quintet Smorzando and the trio Gafalcalf and also with the guitarist Fernando Espi. in such emblematic places as the Echegaray theater of Ontinyent (Valencia), the Principal theater of Alicante, the Palau de la M\u00fasica of Valencia, the conservatory of Almansa (Albacete), the Auditorium of Torrent (Valencia) and in the auditorium of Aielo de Metiera (Valencia) within the international festival of contemporary music among others.<\/p>\n<p>He is flute-flautist of the orchestra of winds Philarmonia with whom he has recorded 3 cd's. He has recorded the tune for TVE of the bullfighting program on TVE, whose music has been composed by the composer Julio Mengod. Since 2002 he has been assistant professor together with D. Joaqu\u00edn Geric\u00f3 in the musical courses Ciutat d'Albaida that are celebrated in July in the town of Albaida (Valencia).<\/p>\n<p>During the 2008-og course he studied at the International Academy of Music in Milan (Italy) with Maestro Rafael Trevisani. Trevisani has studied at L'ESMUC (Escola de M\u00fasica Superior de Catalunya) with Prof. Vicens Prats (soloist of the Orchestre de Paris). <br \/>In 2010 he recorded his first solo album with 20th century works for solo flute titled IMATGES He holds a degree in transverse flute (1.3), Early music (specialty baroque traverso, 2018). Master in interpretation and research (zo,zo18) and in Composition (zozo) by the Conservatori Superior 'Salvador Segu\u00ed de Castell\u00f3 de la Plana. <br \/>His professional activity is carried out as a flute teacher at the Conservatori Districte Maritim del Grau de Gandia. L'Escola de M\u00fasica d'Alfarrasi and at the conservatory \"Mestre T\u00e1rrega\" in Castello de La Plana.<\/p>\n<p><strong>LINKS PROMOTIONAL VIDEOS SARC 2023 EMILIO OLTRA<\/strong><\/p>\n<p>BEATUS ILLE CAMERA: <a href=\"https:\/\/youtu.be\/wxBqjopDWeY\">https:\/\/youtu.be\/wxBqjopDWeY<\/a><br \/>TUTTO PIAZZOLLA: <a href=\"https:\/\/youtu.be\/LT-6BvLi7-E\">https:\/\/youtu.be\/LT-6BvLi7-E<\/a><\/p>\n<p>\u00a0<\/p>\n<\/div>\n<\/div><\/div>\n\n\n<div class=\"woocommerce columns-4\"><ul class=\"products columns-4\">\n<li class=\"desktop-align-left tablet-align-left mobile-align-left ast-product-gallery-layout-horizontal-slider product type-product post-965 status-publish first instock product_cat-musica-religiosa product_tag-emilio-oltra-benavent has-post-thumbnail downloadable virtual taxable purchasable product-type-simple\">\n\t<a href=\"https:\/\/www.omnesbands.international\/en\/product\/crist-de-la-fe\/\" class=\"woocommerce-LoopProduct-link woocommerce-loop-product__link\"><img loading=\"lazy\" decoding=\"async\" width=\"300\" height=\"300\" src=\"https:\/\/www.omnesbands.international\/wp-content\/uploads\/2023\/01\/Crist-de-la-Fe-1-300x300.jpg\" class=\"attachment-woocommerce_thumbnail size-woocommerce_thumbnail\" alt=\"Crist de la Fe\" srcset=\"https:\/\/www.omnesbands.international\/wp-content\/uploads\/2023\/01\/Crist-de-la-Fe-1-300x300.jpg 300w, https:\/\/www.omnesbands.international\/wp-content\/uploads\/2023\/01\/Crist-de-la-Fe-1-150x150.jpg 150w, https:\/\/www.omnesbands.international\/wp-content\/uploads\/2023\/01\/Crist-de-la-Fe-1-100x100.jpg 100w\" sizes=\"auto, (max-width: 300px) 100vw, 300px\" \/><h2 class=\"woocommerce-loop-product__title\">Christ of Faith<\/h2>\n\t<span class=\"price\"><span class=\"woocommerce-Price-amount amount\"><bdi><span class=\"woocommerce-Price-currencySymbol\">&#36;<\/span>25.00<\/bdi><\/span><\/span>\n<\/a><a href=\"\/en\/wp-json\/wp\/v2\/pages\/1671?add-to-cart=965\" aria-describedby=\"woocommerce_loop_add_to_cart_link_describedby_965\" data-quantity=\"1\" class=\"button product_type_simple add_to_cart_button ajax_add_to_cart\" data-product_id=\"965\" data-product_sku=\"CRI-REL-ESP-22\" aria-label=\"Add to cart: \u201cCrist de la Fe\u201d\" rel=\"nofollow\" data-success_message=\"\u201cCrist de la Fe\u201d has been added to your cart\" role=\"button\" data-no-translation=\"\" data-trp-gettext=\"\" data-no-translation-aria-label=\"\" data-no-translation-data-success_message=\"\">Add to cart<\/a>\t<span id=\"woocommerce_loop_add_to_cart_link_describedby_965\" class=\"screen-reader-text\">\n\t\t\t<\/span>\n<\/li>\n<li class=\"desktop-align-left tablet-align-left mobile-align-left ast-product-gallery-layout-horizontal-slider product type-product post-1144 status-publish instock product_cat-sinfonicas product_tag-emilio-oltra-benavent has-post-thumbnail downloadable virtual taxable purchasable product-type-simple\">\n\t<a href=\"https:\/\/www.omnesbands.international\/en\/product\/obertura-celtica\/\" class=\"woocommerce-LoopProduct-link woocommerce-loop-product__link\"><img loading=\"lazy\" decoding=\"async\" width=\"300\" height=\"300\" src=\"https:\/\/www.omnesbands.international\/wp-content\/uploads\/2023\/01\/Obertura-Celtica-1-300x300.jpg\" class=\"attachment-woocommerce_thumbnail size-woocommerce_thumbnail\" alt=\"Obertura C\u00e9ltica\" srcset=\"https:\/\/www.omnesbands.international\/wp-content\/uploads\/2023\/01\/Obertura-Celtica-1-300x300.jpg 300w, https:\/\/www.omnesbands.international\/wp-content\/uploads\/2023\/01\/Obertura-Celtica-1-150x150.jpg 150w, https:\/\/www.omnesbands.international\/wp-content\/uploads\/2023\/01\/Obertura-Celtica-1-100x100.jpg 100w\" sizes=\"auto, (max-width: 300px) 100vw, 300px\" \/><h2 class=\"woocommerce-loop-product__title\">Celtic Overture<\/h2>\n\t<span class=\"price\"><span class=\"woocommerce-Price-amount amount\"><bdi><span class=\"woocommerce-Price-currencySymbol\">&#36;<\/span>35.00<\/bdi><\/span><\/span>\n<\/a><a href=\"\/en\/wp-json\/wp\/v2\/pages\/1671?add-to-cart=1144\" aria-describedby=\"woocommerce_loop_add_to_cart_link_describedby_1144\" data-quantity=\"1\" class=\"button product_type_simple add_to_cart_button ajax_add_to_cart\" data-product_id=\"1144\" data-product_sku=\"OBE-SIN-ESP-22\" aria-label=\"Add to cart: \u201cObertura C\u00e9ltica\u201d\" rel=\"nofollow\" data-success_message=\"\u201cObertura C\u00e9ltica\u201d has been added to your cart\" role=\"button\" data-no-translation=\"\" data-trp-gettext=\"\" data-no-translation-aria-label=\"\" data-no-translation-data-success_message=\"\">Add to cart<\/a>\t<span id=\"woocommerce_loop_add_to_cart_link_describedby_1144\" class=\"screen-reader-text\">\n\t\t\t<\/span>\n<\/li>\n<li class=\"desktop-align-left tablet-align-left mobile-align-left ast-product-gallery-layout-horizontal-slider product type-product post-976 status-publish instock product_cat-musica-religiosa product_tag-emilio-oltra-benavent has-post-thumbnail downloadable virtual taxable purchasable product-type-simple\">\n\t<a href=\"https:\/\/www.omnesbands.international\/en\/product\/santo-sepulcro\/\" class=\"woocommerce-LoopProduct-link woocommerce-loop-product__link\"><img loading=\"lazy\" decoding=\"async\" width=\"300\" height=\"300\" src=\"https:\/\/www.omnesbands.international\/wp-content\/uploads\/2023\/01\/Santo-Sepulcro-300x300.jpg\" class=\"attachment-woocommerce_thumbnail size-woocommerce_thumbnail\" alt=\"Santo Sepulcro\" srcset=\"https:\/\/www.omnesbands.international\/wp-content\/uploads\/2023\/01\/Santo-Sepulcro-300x300.jpg 300w, https:\/\/www.omnesbands.international\/wp-content\/uploads\/2023\/01\/Santo-Sepulcro-150x150.jpg 150w, https:\/\/www.omnesbands.international\/wp-content\/uploads\/2023\/01\/Santo-Sepulcro-100x100.jpg 100w\" sizes=\"auto, (max-width: 300px) 100vw, 300px\" \/><h2 class=\"woocommerce-loop-product__title\">Holy sepulchre<\/h2>\n\t<span class=\"price\"><span class=\"woocommerce-Price-amount amount\"><bdi><span class=\"woocommerce-Price-currencySymbol\">&#36;<\/span>25.00<\/bdi><\/span><\/span>\n<\/a><a href=\"\/en\/wp-json\/wp\/v2\/pages\/1671?add-to-cart=976\" aria-describedby=\"woocommerce_loop_add_to_cart_link_describedby_976\" data-quantity=\"1\" class=\"button product_type_simple add_to_cart_button ajax_add_to_cart\" data-product_id=\"976\" data-product_sku=\"SAN-REL-ESP-22\" aria-label=\"Add to cart: \u201cSanto Sepulcro\u201d\" rel=\"nofollow\" data-success_message=\"\u201cSanto Sepulcro\u201d has been added to your cart\" role=\"button\" data-no-translation=\"\" data-trp-gettext=\"\" data-no-translation-aria-label=\"\" data-no-translation-data-success_message=\"\">Add to cart<\/a>\t<span id=\"woocommerce_loop_add_to_cart_link_describedby_976\" class=\"screen-reader-text\">\n\t\t\t<\/span>\n<\/li>\n<\/ul>\n<\/div>","protected":false},"excerpt":{"rendered":"<p>EMILIO OLTRA BENAVENT Nace en Ouatretonda (Valencia) en ig6g, donde empieza a estudiar m\u00fasica y despu\u00e9s se traslada a los conservatorios de \u00bbUva, Carcaixent. Valencia y Alacant Sus profesores en estos centros han sido Carme Badia. Juan Ignacio Barrachina. Enrique For\u00e9s. M\u00b0 Dolores Tom\u00e1s y Jos\u00e9 Dom\u00ednguez. Est\u00e1 en posesi\u00f3n del diploma de performance que [&hellip;]<\/p>\n","protected":false},"author":4,"featured_media":0,"parent":0,"menu_order":0,"comment_status":"closed","ping_status":"closed","template":"","meta":{"_acf_changed":false,"_uag_custom_page_level_css":"","site-sidebar-layout":"default","site-content-layout":"","ast-site-content-layout":"default","site-content-style":"default","site-sidebar-style":"default","ast-global-header-display":"","ast-banner-title-visibility":"","ast-main-header-display":"","ast-hfb-above-header-display":"","ast-hfb-below-header-display":"","ast-hfb-mobile-header-display":"","site-post-title":"disabled","ast-breadcrumbs-content":"","ast-featured-img":"","footer-sml-layout":"","ast-disable-related-posts":"","theme-transparent-header-meta":"","adv-header-id-meta":"","stick-header-meta":"","header-above-stick-meta":"","header-main-stick-meta":"","header-below-stick-meta":"","astra-migrate-meta-layouts":"default","ast-page-background-enabled":"default","ast-page-background-meta":{"desktop":{"background-color":"","background-image":"","background-repeat":"repeat","background-position":"center center","background-size":"auto","background-attachment":"scroll","background-type":"","background-media":"","overlay-type":"","overlay-color":"","overlay-opacity":"","overlay-gradient":""},"tablet":{"background-color":"","background-image":"","background-repeat":"repeat","background-position":"center center","background-size":"auto","background-attachment":"scroll","background-type":"","background-media":"","overlay-type":"","overlay-color":"","overlay-opacity":"","overlay-gradient":""},"mobile":{"background-color":"","background-image":"","background-repeat":"repeat","background-position":"center center","background-size":"auto","background-attachment":"scroll","background-type":"","background-media":"","overlay-type":"","overlay-color":"","overlay-opacity":"","overlay-gradient":""}},"ast-content-background-meta":{"desktop":{"background-color":"var(--ast-global-color-5)","background-image":"","background-repeat":"repeat","background-position":"center center","background-size":"auto","background-attachment":"scroll","background-type":"","background-media":"","overlay-type":"","overlay-color":"","overlay-opacity":"","overlay-gradient":""},"tablet":{"background-color":"var(--ast-global-color-5)","background-image":"","background-repeat":"repeat","background-position":"center center","background-size":"auto","background-attachment":"scroll","background-type":"","background-media":"","overlay-type":"","overlay-color":"","overlay-opacity":"","overlay-gradient":""},"mobile":{"background-color":"var(--ast-global-color-5)","background-image":"","background-repeat":"repeat","background-position":"center center","background-size":"auto","background-attachment":"scroll","background-type":"","background-media":"","overlay-type":"","overlay-color":"","overlay-opacity":"","overlay-gradient":""}},"footnotes":""},"class_list":["post-1671","page","type-page","status-publish","hentry"],"acf":[],"yoast_head":"<!-- This site is optimized with the Yoast SEO Premium plugin v22.4 (Yoast SEO v27.4) - https:\/\/yoast.com\/product\/yoast-seo-premium-wordpress\/ -->\n<title>EMILIO OLTRA BENAVENT -<\/title>\n<meta name=\"robots\" content=\"index, follow, max-snippet:-1, max-image-preview:large, max-video-preview:-1\" \/>\n<link rel=\"canonical\" href=\"https:\/\/www.omnesbands.international\/en\/emilio-oltra-benavent-2\/\" \/>\n<meta property=\"og:locale\" content=\"en_US\" \/>\n<meta property=\"og:type\" content=\"article\" \/>\n<meta property=\"og:title\" content=\"EMILIO OLTRA BENAVENT\" \/>\n<meta property=\"og:description\" content=\"EMILIO OLTRA BENAVENT Nace en Ouatretonda (Valencia) en ig6g, donde empieza a estudiar m\u00fasica y despu\u00e9s se traslada a los conservatorios de \u00bbUva, Carcaixent. Valencia y Alacant Sus profesores en estos centros han sido Carme Badia. Juan Ignacio Barrachina. Enrique For\u00e9s. M\u00b0 Dolores Tom\u00e1s y Jos\u00e9 Dom\u00ednguez. Est\u00e1 en posesi\u00f3n del diploma de performance que [&hellip;]\" \/>\n<meta property=\"og:url\" content=\"https:\/\/www.omnesbands.international\/en\/emilio-oltra-benavent-2\/\" \/>\n<meta property=\"article:modified_time\" content=\"2023-03-12T14:44:32+00:00\" \/>\n<meta property=\"og:image\" content=\"https:\/\/www.omnesbands.international\/wp-content\/uploads\/2023\/01\/music-sheet-music-snowdrop-7107045.jpg\" \/>\n\t<meta property=\"og:image:width\" content=\"1280\" \/>\n\t<meta property=\"og:image:height\" content=\"742\" \/>\n\t<meta property=\"og:image:type\" content=\"image\/jpeg\" \/>\n<meta name=\"twitter:card\" content=\"summary_large_image\" \/>\n<meta name=\"twitter:label1\" content=\"Est. reading time\" \/>\n\t<meta name=\"twitter:data1\" content=\"5 minutes\" \/>\n<script type=\"application\/ld+json\" class=\"yoast-schema-graph\">{\"@context\":\"https:\\\/\\\/schema.org\",\"@graph\":[{\"@type\":\"WebPage\",\"@id\":\"https:\\\/\\\/www.omnesbands.international\\\/ja\\\/emilio-oltra-benavent-2\\\/\",\"url\":\"https:\\\/\\\/www.omnesbands.international\\\/ja\\\/emilio-oltra-benavent-2\\\/\",\"name\":\"EMILIO OLTRA BENAVENT -\",\"isPartOf\":{\"@id\":\"https:\\\/\\\/www.omnesbands.international\\\/#website\"},\"datePublished\":\"2023-01-29T02:58:01+00:00\",\"dateModified\":\"2023-03-12T14:44:32+00:00\",\"breadcrumb\":{\"@id\":\"https:\\\/\\\/www.omnesbands.international\\\/ja\\\/emilio-oltra-benavent-2\\\/#breadcrumb\"},\"inLanguage\":\"en-US\",\"potentialAction\":[{\"@type\":\"ReadAction\",\"target\":[\"https:\\\/\\\/www.omnesbands.international\\\/ja\\\/emilio-oltra-benavent-2\\\/\"]}]},{\"@type\":\"BreadcrumbList\",\"@id\":\"https:\\\/\\\/www.omnesbands.international\\\/ja\\\/emilio-oltra-benavent-2\\\/#breadcrumb\",\"itemListElement\":[{\"@type\":\"ListItem\",\"position\":1,\"name\":\"Portada\",\"item\":\"https:\\\/\\\/www.omnesbands.international\\\/\"},{\"@type\":\"ListItem\",\"position\":2,\"name\":\"EMILIO OLTRA BENAVENT\"}]},{\"@type\":\"WebSite\",\"@id\":\"https:\\\/\\\/www.omnesbands.international\\\/#website\",\"url\":\"https:\\\/\\\/www.omnesbands.international\\\/\",\"name\":\"OMNESBANDS International\",\"description\":\"Partituras Originales de autores y compositores independientes\",\"publisher\":{\"@id\":\"https:\\\/\\\/www.omnesbands.international\\\/#organization\"},\"potentialAction\":[{\"@type\":\"SearchAction\",\"target\":{\"@type\":\"EntryPoint\",\"urlTemplate\":\"https:\\\/\\\/www.omnesbands.international\\\/?s={search_term_string}\"},\"query-input\":{\"@type\":\"PropertyValueSpecification\",\"valueRequired\":true,\"valueName\":\"search_term_string\"}}],\"inLanguage\":\"en-US\"},{\"@type\":\"Organization\",\"@id\":\"https:\\\/\\\/www.omnesbands.international\\\/#organization\",\"name\":\"Indra Consultores Internacionales\",\"alternateName\":\"Omnesbands\",\"url\":\"https:\\\/\\\/www.omnesbands.international\\\/\",\"logo\":{\"@type\":\"ImageObject\",\"inLanguage\":\"en-US\",\"@id\":\"https:\\\/\\\/www.omnesbands.international\\\/#\\\/schema\\\/logo\\\/image\\\/\",\"url\":\"https:\\\/\\\/omnesbands.international\\\/wp-content\\\/uploads\\\/2023\\\/06\\\/Logo-Nuevo-.png\",\"contentUrl\":\"https:\\\/\\\/omnesbands.international\\\/wp-content\\\/uploads\\\/2023\\\/06\\\/Logo-Nuevo-.png\",\"width\":394,\"height\":212,\"caption\":\"Indra Consultores Internacionales\"},\"image\":{\"@id\":\"https:\\\/\\\/www.omnesbands.international\\\/#\\\/schema\\\/logo\\\/image\\\/\"}}]}<\/script>\n<!-- \/ Yoast SEO Premium plugin. -->","yoast_head_json":{"title":"EMILIO OLTRA BENAVENT -","robots":{"index":"index","follow":"follow","max-snippet":"max-snippet:-1","max-image-preview":"max-image-preview:large","max-video-preview":"max-video-preview:-1"},"canonical":"https:\/\/www.omnesbands.international\/en\/emilio-oltra-benavent-2\/","og_locale":"en_US","og_type":"article","og_title":"EMILIO OLTRA BENAVENT","og_description":"EMILIO OLTRA BENAVENT Nace en Ouatretonda (Valencia) en ig6g, donde empieza a estudiar m\u00fasica y despu\u00e9s se traslada a los conservatorios de \u00bbUva, Carcaixent. Valencia y Alacant Sus profesores en estos centros han sido Carme Badia. Juan Ignacio Barrachina. Enrique For\u00e9s. M\u00b0 Dolores Tom\u00e1s y Jos\u00e9 Dom\u00ednguez. Est\u00e1 en posesi\u00f3n del diploma de performance que [&hellip;]","og_url":"https:\/\/www.omnesbands.international\/en\/emilio-oltra-benavent-2\/","article_modified_time":"2023-03-12T14:44:32+00:00","og_image":[{"width":1280,"height":742,"url":"https:\/\/www.omnesbands.international\/wp-content\/uploads\/2023\/01\/music-sheet-music-snowdrop-7107045.jpg","type":"image\/jpeg"}],"twitter_card":"summary_large_image","twitter_misc":{"Est. reading time":"5 minutes"},"schema":{"@context":"https:\/\/schema.org","@graph":[{"@type":"WebPage","@id":"https:\/\/www.omnesbands.international\/ja\/emilio-oltra-benavent-2\/","url":"https:\/\/www.omnesbands.international\/ja\/emilio-oltra-benavent-2\/","name":"EMILIO OLTRA BENAVENT -","isPartOf":{"@id":"https:\/\/www.omnesbands.international\/#website"},"datePublished":"2023-01-29T02:58:01+00:00","dateModified":"2023-03-12T14:44:32+00:00","breadcrumb":{"@id":"https:\/\/www.omnesbands.international\/ja\/emilio-oltra-benavent-2\/#breadcrumb"},"inLanguage":"en-US","potentialAction":[{"@type":"ReadAction","target":["https:\/\/www.omnesbands.international\/ja\/emilio-oltra-benavent-2\/"]}]},{"@type":"BreadcrumbList","@id":"https:\/\/www.omnesbands.international\/ja\/emilio-oltra-benavent-2\/#breadcrumb","itemListElement":[{"@type":"ListItem","position":1,"name":"Portada","item":"https:\/\/www.omnesbands.international\/"},{"@type":"ListItem","position":2,"name":"EMILIO OLTRA BENAVENT"}]},{"@type":"WebSite","@id":"https:\/\/www.omnesbands.international\/#website","url":"https:\/\/www.omnesbands.international\/","name":"OMNESBANDS International","description":"Original Sheet Music by independent authors and composers","publisher":{"@id":"https:\/\/www.omnesbands.international\/#organization"},"potentialAction":[{"@type":"SearchAction","target":{"@type":"EntryPoint","urlTemplate":"https:\/\/www.omnesbands.international\/?s={search_term_string}"},"query-input":{"@type":"PropertyValueSpecification","valueRequired":true,"valueName":"search_term_string"}}],"inLanguage":"en-US"},{"@type":"Organization","@id":"https:\/\/www.omnesbands.international\/#organization","name":"Indra International Consultants","alternateName":"Omnesbands","url":"https:\/\/www.omnesbands.international\/","logo":{"@type":"ImageObject","inLanguage":"en-US","@id":"https:\/\/www.omnesbands.international\/#\/schema\/logo\/image\/","url":"https:\/\/omnesbands.international\/wp-content\/uploads\/2023\/06\/Logo-Nuevo-.png","contentUrl":"https:\/\/omnesbands.international\/wp-content\/uploads\/2023\/06\/Logo-Nuevo-.png","width":394,"height":212,"caption":"Indra Consultores Internacionales"},"image":{"@id":"https:\/\/www.omnesbands.international\/#\/schema\/logo\/image\/"}}]}},"uagb_featured_image_src":{"full":false,"thumbnail":false,"medium":false,"medium_large":false,"large":false,"1536x1536":false,"2048x2048":false,"trp-custom-language-flag":false,"gg_gallery_thumbnail":false,"woocommerce_thumbnail":false,"woocommerce_single":false,"woocommerce_gallery_thumbnail":false},"uagb_author_info":{"display_name":"Melvin R. Portillo A:","author_link":"https:\/\/www.omnesbands.international\/en\/author\/portand\/"},"uagb_comment_info":0,"uagb_excerpt":"EMILIO OLTRA BENAVENT Nace en Ouatretonda (Valencia) en ig6g, donde empieza a estudiar m\u00fasica y despu\u00e9s se traslada a los conservatorios de \u00bbUva, Carcaixent. Valencia y Alacant Sus profesores en estos centros han sido Carme Badia. Juan Ignacio Barrachina. Enrique For\u00e9s. M\u00b0 Dolores Tom\u00e1s y Jos\u00e9 Dom\u00ednguez. Est\u00e1 en posesi\u00f3n del diploma de performance que&hellip;","_links":{"self":[{"href":"https:\/\/www.omnesbands.international\/en\/wp-json\/wp\/v2\/pages\/1671","targetHints":{"allow":["GET"]}}],"collection":[{"href":"https:\/\/www.omnesbands.international\/en\/wp-json\/wp\/v2\/pages"}],"about":[{"href":"https:\/\/www.omnesbands.international\/en\/wp-json\/wp\/v2\/types\/page"}],"author":[{"embeddable":true,"href":"https:\/\/www.omnesbands.international\/en\/wp-json\/wp\/v2\/users\/4"}],"replies":[{"embeddable":true,"href":"https:\/\/www.omnesbands.international\/en\/wp-json\/wp\/v2\/comments?post=1671"}],"version-history":[{"count":4,"href":"https:\/\/www.omnesbands.international\/en\/wp-json\/wp\/v2\/pages\/1671\/revisions"}],"predecessor-version":[{"id":2312,"href":"https:\/\/www.omnesbands.international\/en\/wp-json\/wp\/v2\/pages\/1671\/revisions\/2312"}],"wp:attachment":[{"href":"https:\/\/www.omnesbands.international\/en\/wp-json\/wp\/v2\/media?parent=1671"}],"curies":[{"name":"wp","href":"https:\/\/api.w.org\/{rel}","templated":true}]}}