{"id":1681,"date":"2023-01-28T21:21:06","date_gmt":"2023-01-29T03:21:06","guid":{"rendered":"https:\/\/omnesbands.international\/?page_id=1681"},"modified":"2023-01-28T21:26:49","modified_gmt":"2023-01-29T03:26:49","slug":"jaume-blai-santonja-espinos-2","status":"publish","type":"page","link":"https:\/\/www.omnesbands.international\/en\/jaume-blai-santonja-espinos-2\/","title":{"rendered":"JAUME-BLAI SANTONJA ESPINO"},"content":{"rendered":"<div class=\"wp-block-uagb-container uagb-block-fe28a49f alignfull uagb-is-root-container\"><div class=\"uagb-container-inner-blocks-wrap\">\n<div class=\"wp-block-uagb-advanced-heading uagb-block-e0ad760c\"><h1 class=\"uagb-heading-text\"><strong>JAUME-BLAI SANTONJA ESPINO<\/strong><\/h1><\/div>\n<\/div><\/div>\n\n\n\n<div class=\"wp-block-uagb-container uagb-block-499cb09f alignfull uagb-is-root-container\"><div class=\"uagb-container-inner-blocks-wrap\">\n<div class=\"wp-block-uagb-container uagb-block-e786ab9a\">\n<p>Jaume-Blai is a native of Bocairent, as are his parents, Jaime Santonja Beneito and M\u00aa Carmen Espin\u00f3s Va\u00f1\u00f3.<\/p>\n<p>Jaume did not go to school in Bocairent because when he was 4 years old his parents decided to take up residence in Ontinyent, since they both worked in the Town Hall.<\/p>\n<p>In spite of this circumstance he always kept a strong link with his hometown: He has been a member of the \"Fil\u00e0 Ter\u00e7 de Zuavos\" since he was born, he has participated in the \"colla de xirimiters i tabaleters \"L'Aljub\" of Bocairent, etc.<br>He has also been part of the Xafig\u00e0 de Muro d'Alcoi and belongs to the Banda Uni\u00f3n Art\u00edstica Musical de Ontinyent since he was eleven years old.<br>Jaume's childhood and youth have always been linked to music, his great passion and also his great fun. An example of this is the creation of a percussion group within the Ontinyent music band, which organized concerts and small pieces created by him for the commemoration of Santa Cecilia.<br>Although his higher music studies in Barcelona do not leave him much free time, he continues to be in contact with many musicians from Bocairent, who perform together whenever they can.<br>He also has a large part of his friends in Bocairent since when he was little he spent every weekend at his grandparents Jaime and Emilia's house.<br>He began his musical studies at the Professional Conservatory of Music \"Josep Melcior Gomis\" in Ontinyent (Valencia) where he studied elementary and middle grade (LOGSE) in the percussion modality. Having as teachers: Jes\u00fas Barber\u00e0, Romuald Gass\u00f3 and Pep Soler.<br>Jaume graduated from the ESMuC (School of Music of Catalonia) in June 2008, obtaining the highest marks in his specialty. In this center he works with the professors: Gratiniano Murcia, Miquel Bernat, Lorenzo Ferr\u00e1ndiz and George-Elie Octors.<br>In June 2010 he obtained the Master Diploma at the \"Conservatorium van Amsterdam\" (The Netherlands), under the supervision of professors Nick Woud, Gustavo Gimeno, Mark Braafhart, Peter Prommel and Victor Oskam.<br>His orchestral experience begins with his time with the Youth Orchestra of the Generalitat Valenciana (JOGV) between 2004 and 2005, as well as with the National Youth Orchestra of Catalonia (JONC), of which he was a regular member between 2005 and 2007. November 2005, he is part of the pool of instrumentalists of the Young National Orchestra of Spain (JONDE), obtaining first place in the tests held in 2008 and 2009.<br>From May 2007 to January 2009, Jaume was part of the UBS Verbier Festival Orchestra (VFO), resident orchestra of the \"Verbier Festival\" (Switzerland) and with which he made several international tours throughout the U.S.A. and Europe. With this symphonic group he has the opportunity to work with the most prestigious conductors of the moment: Valery Gergiev, Ginandrea Noseda, Paavo J\u00e4rvi, Rafael Fr\u00fchbeck de Burgos, Sir Andrew Davis, James Levine, Manfred Honeck, Essa-Peka Salonen, Pletenev, Zubin Metha or Charles Dutoit... as well as with international soloists of the stature of Martha Argerich, Josua Bell, Evgeny Kissin, Anne-Sophie Muter, Lang Lang, Radu Lupu etc.<br>Jaume is currently a member of the Gustav Mahler Jugendorchester (GMJO). The GMJO is considered the most prestigious young orchestra in Europe. With this group tours are carried out around the European continent, performing in the best concert halls and with directors such as: Jonathan Nott, Ingo Metzmacher or Antonio Pappano.<br>In the professional world Jaume has collaborated with orchestras such as the Orquestra Sinf\u00f3nica de Barcelona i Nacional de Catalu\u00f1a (OBC), the Orquestra Sinf\u00f3nica del Vall\u00e9s (OSV), the Prague Symphony Orchestra, the Orquestra de Cambra Nacional d'Andorra (ONCA) and the Verbier Festival Chamber Orchestra (VFCO). Since his move to Holland he collaborates with the Radio Kamer Filhamonie (RKF), Rotterdam Philharmonic Orchestra (RPhO) and the Royal Concertgebouw Orchestra (RCO).<br>As for chamber music, he is a regular performer of the Barcelona instrumental ensemble \u201cBCN 216\u201d and has done so with Insomnio Ensemble (Utrecht), both specialized in contemporary music. Jaume has been involved in various projects for groups such as the ESMuC percussion group under the direction of George Elie-Octors or the Daisen-in D\u00fao (percussion), with which he has won first prize in the Col\u2022legi chamber competition. major Penyafort-Montserrat. He is currently immersed in a new project with percussionist Manuel Mart\u00ednez (AKT-TEK Percussion Duo Project).<br>He has taken several percussion courses with teachers: Nancy Selstzman, Bogdam Bacanum, Juanjo Guillem, Josep Vicent, C\u00e9sar Peris, Juan Garc\u00eda Iborra, Enric Llopis, Gregory Zuber, (principal of the MT Opera New York and tutor of the UBS Verbier Festival Orchestra), Mike Quinn (tutor of the Gustav Mahler Juguendorchester), Eric Samut, etc.<br>As a musical composer, he was the winner of the Contest for the 150th anniversary of the Moors and Christians Festival of Bocairent, in the pasodoble modality, with the work: \u201cBocairent 1984, Homenatge als meus Pares\u201d,\u2026among other compositions.<\/p>\n<\/div>\n<\/div><\/div>\n\n\n<div class=\"woocommerce columns-4\"><\/div>","protected":false},"excerpt":{"rendered":"<p>JAUME-BLAI SANTONJA ESPIN\u00d3S Jaume-Blai es natural de Bocairent, como tambi\u00e9n lo son sus padres, Jaime Santonja Beneito y M\u00aa Carmen Espin\u00f3s Va\u00f1\u00f3. Jaume no fue a la escuela en Bocairent porque cuando ten\u00eda 4 a\u00f1os sus padres decidieron fijar su residencia en Ontinyent, ya que ambos trabajaban en su Ayuntamiento. A pesar de esta circunstancia [&hellip;]<\/p>\n","protected":false},"author":4,"featured_media":0,"parent":0,"menu_order":0,"comment_status":"closed","ping_status":"closed","template":"","meta":{"_acf_changed":false,"_uag_custom_page_level_css":"","site-sidebar-layout":"default","site-content-layout":"","ast-site-content-layout":"default","site-content-style":"default","site-sidebar-style":"default","ast-global-header-display":"","ast-banner-title-visibility":"","ast-main-header-display":"","ast-hfb-above-header-display":"","ast-hfb-below-header-display":"","ast-hfb-mobile-header-display":"","site-post-title":"disabled","ast-breadcrumbs-content":"","ast-featured-img":"","footer-sml-layout":"","ast-disable-related-posts":"","theme-transparent-header-meta":"","adv-header-id-meta":"","stick-header-meta":"","header-above-stick-meta":"","header-main-stick-meta":"","header-below-stick-meta":"","astra-migrate-meta-layouts":"default","ast-page-background-enabled":"default","ast-page-background-meta":{"desktop":{"background-color":"","background-image":"","background-repeat":"repeat","background-position":"center center","background-size":"auto","background-attachment":"scroll","background-type":"","background-media":"","overlay-type":"","overlay-color":"","overlay-opacity":"","overlay-gradient":""},"tablet":{"background-color":"","background-image":"","background-repeat":"repeat","background-position":"center center","background-size":"auto","background-attachment":"scroll","background-type":"","background-media":"","overlay-type":"","overlay-color":"","overlay-opacity":"","overlay-gradient":""},"mobile":{"background-color":"","background-image":"","background-repeat":"repeat","background-position":"center center","background-size":"auto","background-attachment":"scroll","background-type":"","background-media":"","overlay-type":"","overlay-color":"","overlay-opacity":"","overlay-gradient":""}},"ast-content-background-meta":{"desktop":{"background-color":"var(--ast-global-color-5)","background-image":"","background-repeat":"repeat","background-position":"center center","background-size":"auto","background-attachment":"scroll","background-type":"","background-media":"","overlay-type":"","overlay-color":"","overlay-opacity":"","overlay-gradient":""},"tablet":{"background-color":"var(--ast-global-color-5)","background-image":"","background-repeat":"repeat","background-position":"center center","background-size":"auto","background-attachment":"scroll","background-type":"","background-media":"","overlay-type":"","overlay-color":"","overlay-opacity":"","overlay-gradient":""},"mobile":{"background-color":"var(--ast-global-color-5)","background-image":"","background-repeat":"repeat","background-position":"center center","background-size":"auto","background-attachment":"scroll","background-type":"","background-media":"","overlay-type":"","overlay-color":"","overlay-opacity":"","overlay-gradient":""}},"footnotes":""},"class_list":["post-1681","page","type-page","status-publish","hentry"],"acf":[],"yoast_head":"<!-- This site is optimized with the Yoast SEO Premium plugin v22.4 (Yoast SEO v27.4) - https:\/\/yoast.com\/product\/yoast-seo-premium-wordpress\/ -->\n<title>JAUME-BLAI SANTONJA ESPIN\u00d3S -<\/title>\n<meta name=\"robots\" content=\"index, follow, max-snippet:-1, max-image-preview:large, max-video-preview:-1\" \/>\n<link rel=\"canonical\" href=\"https:\/\/www.omnesbands.international\/en\/jaume-blai-santonja-espinos-2\/\" \/>\n<meta property=\"og:locale\" content=\"en_US\" \/>\n<meta property=\"og:type\" content=\"article\" \/>\n<meta property=\"og:title\" content=\"JAUME-BLAI SANTONJA ESPIN\u00d3S\" \/>\n<meta property=\"og:description\" content=\"JAUME-BLAI SANTONJA ESPIN\u00d3S Jaume-Blai es natural de Bocairent, como tambi\u00e9n lo son sus padres, Jaime Santonja Beneito y M\u00aa Carmen Espin\u00f3s Va\u00f1\u00f3. Jaume no fue a la escuela en Bocairent porque cuando ten\u00eda 4 a\u00f1os sus padres decidieron fijar su residencia en Ontinyent, ya que ambos trabajaban en su Ayuntamiento. A pesar de esta circunstancia [&hellip;]\" \/>\n<meta property=\"og:url\" content=\"https:\/\/www.omnesbands.international\/en\/jaume-blai-santonja-espinos-2\/\" \/>\n<meta property=\"article:modified_time\" content=\"2023-01-29T03:26:49+00:00\" \/>\n<meta property=\"og:image\" content=\"https:\/\/www.omnesbands.international\/wp-content\/uploads\/2023\/01\/music-sheet-music-snowdrop-7107045.jpg\" \/>\n\t<meta property=\"og:image:width\" content=\"1280\" \/>\n\t<meta property=\"og:image:height\" content=\"742\" \/>\n\t<meta property=\"og:image:type\" content=\"image\/jpeg\" \/>\n<meta name=\"twitter:card\" content=\"summary_large_image\" \/>\n<meta name=\"twitter:label1\" content=\"Est. reading time\" \/>\n\t<meta name=\"twitter:data1\" content=\"4 minutes\" \/>\n<script type=\"application\/ld+json\" class=\"yoast-schema-graph\">{\"@context\":\"https:\\\/\\\/schema.org\",\"@graph\":[{\"@type\":\"WebPage\",\"@id\":\"https:\\\/\\\/www.omnesbands.international\\\/jaume-blai-santonja-espinos-2\\\/\",\"url\":\"https:\\\/\\\/www.omnesbands.international\\\/jaume-blai-santonja-espinos-2\\\/\",\"name\":\"JAUME-BLAI SANTONJA ESPIN\u00d3S -\",\"isPartOf\":{\"@id\":\"https:\\\/\\\/www.omnesbands.international\\\/#website\"},\"datePublished\":\"2023-01-29T03:21:06+00:00\",\"dateModified\":\"2023-01-29T03:26:49+00:00\",\"breadcrumb\":{\"@id\":\"https:\\\/\\\/www.omnesbands.international\\\/jaume-blai-santonja-espinos-2\\\/#breadcrumb\"},\"inLanguage\":\"en-US\",\"potentialAction\":[{\"@type\":\"ReadAction\",\"target\":[\"https:\\\/\\\/www.omnesbands.international\\\/jaume-blai-santonja-espinos-2\\\/\"]}]},{\"@type\":\"BreadcrumbList\",\"@id\":\"https:\\\/\\\/www.omnesbands.international\\\/jaume-blai-santonja-espinos-2\\\/#breadcrumb\",\"itemListElement\":[{\"@type\":\"ListItem\",\"position\":1,\"name\":\"Portada\",\"item\":\"https:\\\/\\\/www.omnesbands.international\\\/\"},{\"@type\":\"ListItem\",\"position\":2,\"name\":\"JAUME-BLAI SANTONJA ESPIN\u00d3S\"}]},{\"@type\":\"WebSite\",\"@id\":\"https:\\\/\\\/www.omnesbands.international\\\/#website\",\"url\":\"https:\\\/\\\/www.omnesbands.international\\\/\",\"name\":\"OMNESBANDS International\",\"description\":\"Partituras Originales de autores y compositores independientes\",\"publisher\":{\"@id\":\"https:\\\/\\\/www.omnesbands.international\\\/#organization\"},\"potentialAction\":[{\"@type\":\"SearchAction\",\"target\":{\"@type\":\"EntryPoint\",\"urlTemplate\":\"https:\\\/\\\/www.omnesbands.international\\\/?s={search_term_string}\"},\"query-input\":{\"@type\":\"PropertyValueSpecification\",\"valueRequired\":true,\"valueName\":\"search_term_string\"}}],\"inLanguage\":\"en-US\"},{\"@type\":\"Organization\",\"@id\":\"https:\\\/\\\/www.omnesbands.international\\\/#organization\",\"name\":\"Indra Consultores Internacionales\",\"alternateName\":\"Omnesbands\",\"url\":\"https:\\\/\\\/www.omnesbands.international\\\/\",\"logo\":{\"@type\":\"ImageObject\",\"inLanguage\":\"en-US\",\"@id\":\"https:\\\/\\\/www.omnesbands.international\\\/#\\\/schema\\\/logo\\\/image\\\/\",\"url\":\"https:\\\/\\\/omnesbands.international\\\/wp-content\\\/uploads\\\/2023\\\/06\\\/Logo-Nuevo-.png\",\"contentUrl\":\"https:\\\/\\\/omnesbands.international\\\/wp-content\\\/uploads\\\/2023\\\/06\\\/Logo-Nuevo-.png\",\"width\":394,\"height\":212,\"caption\":\"Indra Consultores Internacionales\"},\"image\":{\"@id\":\"https:\\\/\\\/www.omnesbands.international\\\/#\\\/schema\\\/logo\\\/image\\\/\"}}]}<\/script>\n<!-- \/ Yoast SEO Premium plugin. -->","yoast_head_json":{"title":"JAUME-BLAI SANTONJA ESPIN\u00d3S -","robots":{"index":"index","follow":"follow","max-snippet":"max-snippet:-1","max-image-preview":"max-image-preview:large","max-video-preview":"max-video-preview:-1"},"canonical":"https:\/\/www.omnesbands.international\/en\/jaume-blai-santonja-espinos-2\/","og_locale":"en_US","og_type":"article","og_title":"JAUME-BLAI SANTONJA ESPIN\u00d3S","og_description":"JAUME-BLAI SANTONJA ESPIN\u00d3S Jaume-Blai es natural de Bocairent, como tambi\u00e9n lo son sus padres, Jaime Santonja Beneito y M\u00aa Carmen Espin\u00f3s Va\u00f1\u00f3. Jaume no fue a la escuela en Bocairent porque cuando ten\u00eda 4 a\u00f1os sus padres decidieron fijar su residencia en Ontinyent, ya que ambos trabajaban en su Ayuntamiento. A pesar de esta circunstancia [&hellip;]","og_url":"https:\/\/www.omnesbands.international\/en\/jaume-blai-santonja-espinos-2\/","article_modified_time":"2023-01-29T03:26:49+00:00","og_image":[{"width":1280,"height":742,"url":"https:\/\/www.omnesbands.international\/wp-content\/uploads\/2023\/01\/music-sheet-music-snowdrop-7107045.jpg","type":"image\/jpeg"}],"twitter_card":"summary_large_image","twitter_misc":{"Est. reading time":"4 minutes"},"schema":{"@context":"https:\/\/schema.org","@graph":[{"@type":"WebPage","@id":"https:\/\/www.omnesbands.international\/jaume-blai-santonja-espinos-2\/","url":"https:\/\/www.omnesbands.international\/jaume-blai-santonja-espinos-2\/","name":"JAUME-BLAI SANTONJA ESPIN\u00d3S -","isPartOf":{"@id":"https:\/\/www.omnesbands.international\/#website"},"datePublished":"2023-01-29T03:21:06+00:00","dateModified":"2023-01-29T03:26:49+00:00","breadcrumb":{"@id":"https:\/\/www.omnesbands.international\/jaume-blai-santonja-espinos-2\/#breadcrumb"},"inLanguage":"en-US","potentialAction":[{"@type":"ReadAction","target":["https:\/\/www.omnesbands.international\/jaume-blai-santonja-espinos-2\/"]}]},{"@type":"BreadcrumbList","@id":"https:\/\/www.omnesbands.international\/jaume-blai-santonja-espinos-2\/#breadcrumb","itemListElement":[{"@type":"ListItem","position":1,"name":"Portada","item":"https:\/\/www.omnesbands.international\/"},{"@type":"ListItem","position":2,"name":"JAUME-BLAI SANTONJA ESPIN\u00d3S"}]},{"@type":"WebSite","@id":"https:\/\/www.omnesbands.international\/#website","url":"https:\/\/www.omnesbands.international\/","name":"OMNESBANDS International","description":"Original Sheet Music by independent authors and composers","publisher":{"@id":"https:\/\/www.omnesbands.international\/#organization"},"potentialAction":[{"@type":"SearchAction","target":{"@type":"EntryPoint","urlTemplate":"https:\/\/www.omnesbands.international\/?s={search_term_string}"},"query-input":{"@type":"PropertyValueSpecification","valueRequired":true,"valueName":"search_term_string"}}],"inLanguage":"en-US"},{"@type":"Organization","@id":"https:\/\/www.omnesbands.international\/#organization","name":"Indra International Consultants","alternateName":"Omnesbands","url":"https:\/\/www.omnesbands.international\/","logo":{"@type":"ImageObject","inLanguage":"en-US","@id":"https:\/\/www.omnesbands.international\/#\/schema\/logo\/image\/","url":"https:\/\/omnesbands.international\/wp-content\/uploads\/2023\/06\/Logo-Nuevo-.png","contentUrl":"https:\/\/omnesbands.international\/wp-content\/uploads\/2023\/06\/Logo-Nuevo-.png","width":394,"height":212,"caption":"Indra Consultores Internacionales"},"image":{"@id":"https:\/\/www.omnesbands.international\/#\/schema\/logo\/image\/"}}]}},"uagb_featured_image_src":{"full":false,"thumbnail":false,"medium":false,"medium_large":false,"large":false,"1536x1536":false,"2048x2048":false,"trp-custom-language-flag":false,"gg_gallery_thumbnail":false,"woocommerce_thumbnail":false,"woocommerce_single":false,"woocommerce_gallery_thumbnail":false},"uagb_author_info":{"display_name":"Melvin R. Portillo A:","author_link":"https:\/\/www.omnesbands.international\/en\/author\/portand\/"},"uagb_comment_info":0,"uagb_excerpt":"JAUME-BLAI SANTONJA ESPIN\u00d3S Jaume-Blai es natural de Bocairent, como tambi\u00e9n lo son sus padres, Jaime Santonja Beneito y M\u00aa Carmen Espin\u00f3s Va\u00f1\u00f3. Jaume no fue a la escuela en Bocairent porque cuando ten\u00eda 4 a\u00f1os sus padres decidieron fijar su residencia en Ontinyent, ya que ambos trabajaban en su Ayuntamiento. A pesar de esta circunstancia&hellip;","_links":{"self":[{"href":"https:\/\/www.omnesbands.international\/en\/wp-json\/wp\/v2\/pages\/1681","targetHints":{"allow":["GET"]}}],"collection":[{"href":"https:\/\/www.omnesbands.international\/en\/wp-json\/wp\/v2\/pages"}],"about":[{"href":"https:\/\/www.omnesbands.international\/en\/wp-json\/wp\/v2\/types\/page"}],"author":[{"embeddable":true,"href":"https:\/\/www.omnesbands.international\/en\/wp-json\/wp\/v2\/users\/4"}],"replies":[{"embeddable":true,"href":"https:\/\/www.omnesbands.international\/en\/wp-json\/wp\/v2\/comments?post=1681"}],"version-history":[{"count":2,"href":"https:\/\/www.omnesbands.international\/en\/wp-json\/wp\/v2\/pages\/1681\/revisions"}],"predecessor-version":[{"id":1683,"href":"https:\/\/www.omnesbands.international\/en\/wp-json\/wp\/v2\/pages\/1681\/revisions\/1683"}],"wp:attachment":[{"href":"https:\/\/www.omnesbands.international\/en\/wp-json\/wp\/v2\/media?parent=1681"}],"curies":[{"name":"wp","href":"https:\/\/api.w.org\/{rel}","templated":true}]}}