{"id":1684,"date":"2023-01-28T21:28:00","date_gmt":"2023-01-29T03:28:00","guid":{"rendered":"https:\/\/omnesbands.international\/?page_id=1684"},"modified":"2023-01-28T21:29:19","modified_gmt":"2023-01-29T03:29:19","slug":"javier-martinez-campos-2","status":"publish","type":"page","link":"https:\/\/www.omnesbands.international\/en\/javier-martinez-campos-2\/","title":{"rendered":"JAVIER MARTINEZ FIELDS"},"content":{"rendered":"<div class=\"wp-block-uagb-container uagb-block-6b98c799 alignfull uagb-is-root-container\"><div class=\"uagb-container-inner-blocks-wrap\">\n<div class=\"wp-block-uagb-advanced-heading uagb-block-9e8c46a8\"><h1 class=\"uagb-heading-text\"><strong>JAVIER MARTINEZ FIELDS<\/strong><\/h1><\/div>\n<\/div><\/div>\n\n\n\n<div class=\"wp-block-uagb-container uagb-block-205b5527 alignfull uagb-is-root-container\"><div class=\"uagb-container-inner-blocks-wrap\">\n<div class=\"wp-block-uagb-container uagb-block-0519b96c\">\n<p>Born in Valencia in December 1989. He began his musical studies at the age of 4 years old at the CEDAM Academy in Madrid, continuing the middle grade at the Professional Conservatory of Music in Getafe with M\u00aa Nieves Collado. He studied at the Royal Conservatory of Music of Madrid the specialties of cello with Professor Iagoba Fanlo, and composition (J. Medina, A. Romero, M. Seco, Z. de la Cruz, B. Dozza, E. Armenteros, A. Carretero), finishing both in 2011 with honors.<br>From 2005 to 2011 he perfected his cello studies with Miguel Jim\u00e9nez (soloist of the National Orchestra of Spain).<br>He has completed the Master of Music and the Konzertexam (Master of Soloist, with honors) at the Robert Schumann Hochschule in D\u00fcsseldorf (Germany) with Professor Gregor Horsch (soloist of the Royal Concertgebouw Orchestra of Amsterdam), studying in Paris (France) in the \"Classe d'Excellence\" of the Louis Vuitton Foundation with Professor Gautier Capu\u00e7on.<br>He is in possession of the Master's Degree in \"Musical Creation and Interpretation\" from the Rey Juan Carlos University (Madrid), the Master's Degree in Music Management and the title of \"Musical Industry Management Technician\" from the Miguel de Cervantes European University - IGECA. <br>He has attended courses of musical improvement in the specialty of cello with Anner Bylsma, Edgar Gredler, \u00c1ngel Luis Quintana, Marie Paule Milone, Christopher Vandespar, Dimas Moreno; and master-classes with Pieter Wispelwey, Jens Peter Maintz, Wen-Sinn Yang, Wolfgang Emanuel Schmidt, Antoaneta Emanuilova, Alexander Bouzlov, Torleif Thed\u00e9en, Johannes Krebs, David Strange, Gregor Horsch, Tam\u00e1s Varga, Nikolaus Trieb, J\u00e9r\u00f4me T\u00e9tard, Asier Polo and the Quiroga Quartet. In baroque cello with Gaetano Nasillo and Josetxu Obreg\u00f3n (La Ritirata); in composition, instrumentation and orchestration with Leonardo Balada, Ertugrul Sevsay, J. M\u00aa S\u00e1nchez Verd\u00fa, Bernardo Adam Ferrero, Gregory Fritze (Berklee), Andr\u00e9s Valero-Castells and Ferrer Ferran; and in conducting with Jos\u00e9 Rafael Pascual-Vilaplana and Jan Van der Roost.<br>As a cellist, he has played under the baton of conductors such as Gustavo Dudamel, Lutz K\u00f6hler, Esa-Pekka Salonen, Vladimir Ashkenazy, Gianandrea Noseda, Peter E\u00f6tvos, Alondra de la Parra, Lorenzo Viotti, Giancarlo Guerrero, David Afkham, Reinbert de Leeuw, Jac van Steen, Erik Nielsen, Christian Zachar\u00edas, Alexander Bloch, Pablo Gonz\u00e1lez, Eliahu Inbal, Crist\u00f3bal Halftter, Juanjo Mena, Antoni Ros Marb\u00e1... in auditoriums and concert halls such as Carnegie Hall in New York, Symphony Hall in Boston, Kennedy Center for the Performing Arts in Washington DC, Concertgebouw in Amsterdam, National Music Auditorium in Madrid, Palau de la M\u00fasica in Valencia, Palau de les Arts Reina Sof\u00eda in Valencia, Palau de la M\u00fasica Catalana in Barcelona, Gubelkian Foundation in Lisbon, Konzerthaus am Gendarmenmarkt Berlin, K\u00f6lner Philharmonie, Filharmonia Narodowa in Warsaw, Emirates Palace in Abu Dhabi, Tokyo International Forum, Royal Opera House Muscat, etc.<br>He has been Soloist Assistant Cello of the Bilbao Symphony Orchestra (BOS) between 2015-2019, academician of the Mahler Chamber Orchestra (MCO) and the D\u00fcsseldorfer Symphoniker, member of the European Union Youth Orchestra (EUYO), Orquesta Juvenil Iberoamericana (OJI), conducted by Gustavo Dudamel, and member and principal cello of the Joven Orquesta Nacional de Espa\u00f1a (JONDE), the Netherlands Jugend Orchestra (NJO) and the Jove Orquestra de la Generalitat Valenciana (JOGV).<br>He has collaborated with the Mahler Chamber Orchestra (MCO), Duisburger Philharmoniker, Tenerife Symphony Orchestra, Beethoven Orchester Bonn, Kammeroper K\u00f6ln, D\u00fcsseldorfer Symphoniker, Andr\u00e9s Segovia Chamber Orchestra, Philharmonic Orchestra, Bilbao Municipal Band, etc.<br>As a soloist, he has performed with the Symphonieorchesters der RSH D\u00fcsseldorf, the Jove Orquestra de la Generalitat Valenciana (JOGV), the Orquestra Simf\u00f2nica l'Om de Picassent, the Orchestra of the Professional Music Conservatory of Getafe... and has given recitals in auditoriums such as the Tonhalle in D\u00fcsseldorf (Germany), Palau de la M\u00fasica de Valencia, Moeser Auditorium \u2013 University of North Carolina (United States), North Carolina Museum of Arts Raleigh, Th\u00e9\u00e2tre du Casino \u00c9vian-Les-Bains (France), Auditorium \u2013 Fondation Louis Vuitton (France ), Teatre-Auditori de la Vila-Joiosa, etc.<br>As a composer, he has been resident and invited by the Joven Orquesta Nacional de Espa\u00f1a (JONDE, 2012, 2016), the P\u00f2dium Matadepera (Barcelona, 2018) and the Festival dels Horts (Valencia, 2019), receiving commissions, in addition, from the Joven National Orchestra of Spain and the Ministry of Culture and Education, the SGAE\/AEOS Foundation \u2013 Bilbao Symphony Orchestra, the National Institute of Performing Arts and Music INAEM, L'Orchestre Parfum (Paris), Antara Korai Choir Association, the Board Central Fallera de Valencia, the Cor Valenci\u00e0 de Clarinets, Montserrat Town Hall or the Municipal Band of Txistularis de Bilbao - BilbaoMusika, among others.<br>his works have been performed at Memorial Hall - University of North Carolina, Chapel Hill (USA), Carnegie Mellon University School of Music of Pittsburg (USA), Cit\u00e9 de la Musique (Paris), Fondation Louis Vuitton (Paris), Auditorio Nacional de M\u00fasica de Madrid, Palau de la M\u00fasica de Valencia, Palau de la M\u00fasica Catalana, Teatro Monumental de Madrid, Palacio Euskalduna de Bilbao, Palacio de la \u00d3pera de A Coru\u00f1a, Auditorio de la M\u00fasica de Valencia, Palau de la M\u00fasica Catalana, Teatro Monumental de Madrid, Palacio Euskalduna de Bilbao, Palacio de la \u00d3pera de A Coru\u00f1a, Auditorio de la Diputaci\u00f3n de Alicante ADDA, Musiekgebouw aan't IJ (Amsterdam), Bernard Haitinkzaal (Amsterdam), Universidad de Caldas (Colombia), Palais Wittgenstein (D\u00fcsseldorf, Germany), Teatros el Canal de Madrid... by soloists and ensembles such as Gautier Capu\u00e7on (international soloist), G\u00e1bor Tark\u00f6vi (trumpet soloist of the Berliner Philharmoniker), the Orquesta Sinf\u00f3nica de Galicia OSG, Orquesta Sinf\u00f3nica de Radio Televisi\u00f3n Espa\u00f1ola RTVE, Orquesta Sinf\u00f3nica de Bilbao BOS, Orquestra Simf\u00f2nica del Vall\u00e8s OSV, Spanish Brass, Ensemble Contempor\u00e1neo de Carnegie Mellon, European Union Youth Orchestra EUYO, Academia de M\u00fasica Contempor\u00e1nea de la JONDE, Collegium Instrumentale de Valencia, members of the New York Philharmonic Orchestra, UNC Wind Ensemble (USA), Banda Sinf\u00f3nica Municipal de Madrid, Banda Municipal de Valencia, Banda Municipal de Bilbao, Banda Municipal de Albacete, Banda Municipal de Albacete, Banda Municipal de Castell\u00f3n, Banda Municipal de Almer\u00eda, etc.<br>His compositions are published by publishers such as Scomegna Edizioni Musicali (Italy), G\u00e9rard Billaudot \u00c9diteur (France), Piles, OmnesBands, DAS\u00cd-Flautas Ediciones, Ediciones Tot per l'aire, SB Edicions and JMC Ediciones.<\/p>\n<\/div>\n<\/div><\/div>\n\n\n<div class=\"woocommerce columns-4\"><ul class=\"products columns-4\">\n<li class=\"desktop-align-left tablet-align-left mobile-align-left ast-product-gallery-layout-horizontal-slider product type-product post-1115 status-publish first instock product_cat-pasodobles product_tag-javier-martinez-campos has-post-thumbnail downloadable virtual taxable purchasable product-type-simple\">\n\t<a href=\"https:\/\/www.omnesbands.international\/en\/product\/carmen-monzonis-valero\/\" class=\"woocommerce-LoopProduct-link woocommerce-loop-product__link\"><img loading=\"lazy\" decoding=\"async\" width=\"300\" height=\"300\" src=\"https:\/\/www.omnesbands.international\/wp-content\/uploads\/2023\/01\/Carmen-Monzonis-Valero-300x300.jpg\" class=\"attachment-woocommerce_thumbnail size-woocommerce_thumbnail\" alt=\"Carmen Monzonis Valero\" srcset=\"https:\/\/www.omnesbands.international\/wp-content\/uploads\/2023\/01\/Carmen-Monzonis-Valero-300x300.jpg 300w, https:\/\/www.omnesbands.international\/wp-content\/uploads\/2023\/01\/Carmen-Monzonis-Valero-150x150.jpg 150w, https:\/\/www.omnesbands.international\/wp-content\/uploads\/2023\/01\/Carmen-Monzonis-Valero-100x100.jpg 100w\" sizes=\"auto, (max-width: 300px) 100vw, 300px\" \/><h2 class=\"woocommerce-loop-product__title\">Carmen Monzonis Valero<\/h2>\n\t<span class=\"price\"><span class=\"woocommerce-Price-amount amount\"><bdi><span class=\"woocommerce-Price-currencySymbol\">&#36;<\/span>30.00<\/bdi><\/span><\/span>\n<\/a><a href=\"\/en\/wp-json\/wp\/v2\/pages\/1684?add-to-cart=1115\" aria-describedby=\"woocommerce_loop_add_to_cart_link_describedby_1115\" data-quantity=\"1\" class=\"button product_type_simple add_to_cart_button ajax_add_to_cart\" data-product_id=\"1115\" data-product_sku=\"CAR-PAS-ESP-22\" aria-label=\"Add to cart: \u201cCarmen Monzonis Valero\u201d\" rel=\"nofollow\" data-success_message=\"\u201cCarmen Monzonis Valero\u201d has been added to your cart\" role=\"button\" data-no-translation=\"\" data-trp-gettext=\"\" data-no-translation-aria-label=\"\" data-no-translation-data-success_message=\"\">Add to cart<\/a>\t<span id=\"woocommerce_loop_add_to_cart_link_describedby_1115\" class=\"screen-reader-text\">\n\t\t\t<\/span>\n<\/li>\n<li class=\"desktop-align-left tablet-align-left mobile-align-left ast-product-gallery-layout-horizontal-slider product type-product post-1380 status-publish instock product_cat-pasodobles product_tag-javier-martinez-campos has-post-thumbnail downloadable virtual taxable purchasable product-type-simple\">\n\t<a href=\"https:\/\/www.omnesbands.international\/en\/product\/sant-roc-2011\/\" class=\"woocommerce-LoopProduct-link woocommerce-loop-product__link\"><img loading=\"lazy\" decoding=\"async\" width=\"300\" height=\"300\" src=\"https:\/\/www.omnesbands.international\/wp-content\/uploads\/2023\/01\/Sant-Roc-300x300.jpg\" class=\"attachment-woocommerce_thumbnail size-woocommerce_thumbnail\" alt=\"Sant Roc 2011\" srcset=\"https:\/\/www.omnesbands.international\/wp-content\/uploads\/2023\/01\/Sant-Roc-300x300.jpg 300w, https:\/\/www.omnesbands.international\/wp-content\/uploads\/2023\/01\/Sant-Roc-150x150.jpg 150w, https:\/\/www.omnesbands.international\/wp-content\/uploads\/2023\/01\/Sant-Roc-100x100.jpg 100w\" sizes=\"auto, (max-width: 300px) 100vw, 300px\" \/><h2 class=\"woocommerce-loop-product__title\">Saint Roc 2011<\/h2>\n\t<span class=\"price\"><span class=\"woocommerce-Price-amount amount\"><bdi><span class=\"woocommerce-Price-currencySymbol\">&#36;<\/span>25.00<\/bdi><\/span><\/span>\n<\/a><a href=\"\/en\/wp-json\/wp\/v2\/pages\/1684?add-to-cart=1380\" aria-describedby=\"woocommerce_loop_add_to_cart_link_describedby_1380\" data-quantity=\"1\" class=\"button product_type_simple add_to_cart_button ajax_add_to_cart\" data-product_id=\"1380\" data-product_sku=\"SAN-PAS-ESP-22\" aria-label=\"Add to cart: \u201cSant Roc 2011\u201d\" rel=\"nofollow\" data-success_message=\"\u201cSant Roc 2011\u201d has been added to your cart\" role=\"button\" data-no-translation=\"\" data-trp-gettext=\"\" data-no-translation-aria-label=\"\" data-no-translation-data-success_message=\"\">Add to cart<\/a>\t<span id=\"woocommerce_loop_add_to_cart_link_describedby_1380\" class=\"screen-reader-text\">\n\t\t\t<\/span>\n<\/li>\n<\/ul>\n<\/div>","protected":false},"excerpt":{"rendered":"<p>JAVIER MART\u00cdNEZ CAMPOS Nace en Valencia en diciembre de 1989. Comenz\u00f3 sus estudios musicales a la edad de los 4 a\u00f1os en la Academia CEDAM de Madrid, continuando el grado medio en el Conservatorio Profesional de M\u00fasica de Getafe con M\u00aa Nieves Collado. Estudi\u00f3 en el Real Conservatorio Superior de M\u00fasica de Madrid las especialidades [&hellip;]<\/p>\n","protected":false},"author":4,"featured_media":0,"parent":0,"menu_order":0,"comment_status":"closed","ping_status":"closed","template":"","meta":{"_acf_changed":false,"_uag_custom_page_level_css":"","site-sidebar-layout":"default","site-content-layout":"","ast-site-content-layout":"default","site-content-style":"default","site-sidebar-style":"default","ast-global-header-display":"","ast-banner-title-visibility":"","ast-main-header-display":"","ast-hfb-above-header-display":"","ast-hfb-below-header-display":"","ast-hfb-mobile-header-display":"","site-post-title":"disabled","ast-breadcrumbs-content":"","ast-featured-img":"","footer-sml-layout":"","ast-disable-related-posts":"","theme-transparent-header-meta":"","adv-header-id-meta":"","stick-header-meta":"","header-above-stick-meta":"","header-main-stick-meta":"","header-below-stick-meta":"","astra-migrate-meta-layouts":"default","ast-page-background-enabled":"default","ast-page-background-meta":{"desktop":{"background-color":"","background-image":"","background-repeat":"repeat","background-position":"center center","background-size":"auto","background-attachment":"scroll","background-type":"","background-media":"","overlay-type":"","overlay-color":"","overlay-opacity":"","overlay-gradient":""},"tablet":{"background-color":"","background-image":"","background-repeat":"repeat","background-position":"center center","background-size":"auto","background-attachment":"scroll","background-type":"","background-media":"","overlay-type":"","overlay-color":"","overlay-opacity":"","overlay-gradient":""},"mobile":{"background-color":"","background-image":"","background-repeat":"repeat","background-position":"center center","background-size":"auto","background-attachment":"scroll","background-type":"","background-media":"","overlay-type":"","overlay-color":"","overlay-opacity":"","overlay-gradient":""}},"ast-content-background-meta":{"desktop":{"background-color":"var(--ast-global-color-5)","background-image":"","background-repeat":"repeat","background-position":"center center","background-size":"auto","background-attachment":"scroll","background-type":"","background-media":"","overlay-type":"","overlay-color":"","overlay-opacity":"","overlay-gradient":""},"tablet":{"background-color":"var(--ast-global-color-5)","background-image":"","background-repeat":"repeat","background-position":"center center","background-size":"auto","background-attachment":"scroll","background-type":"","background-media":"","overlay-type":"","overlay-color":"","overlay-opacity":"","overlay-gradient":""},"mobile":{"background-color":"var(--ast-global-color-5)","background-image":"","background-repeat":"repeat","background-position":"center center","background-size":"auto","background-attachment":"scroll","background-type":"","background-media":"","overlay-type":"","overlay-color":"","overlay-opacity":"","overlay-gradient":""}},"footnotes":""},"class_list":["post-1684","page","type-page","status-publish","hentry"],"acf":[],"yoast_head":"<!-- This site is optimized with the Yoast SEO Premium plugin v22.4 (Yoast SEO v27.4) - https:\/\/yoast.com\/product\/yoast-seo-premium-wordpress\/ -->\n<title>JAVIER MART\u00cdNEZ CAMPOS -<\/title>\n<meta name=\"robots\" content=\"index, follow, max-snippet:-1, max-image-preview:large, max-video-preview:-1\" \/>\n<link rel=\"canonical\" href=\"https:\/\/www.omnesbands.international\/en\/javier-martinez-campos-2\/\" \/>\n<meta property=\"og:locale\" content=\"en_US\" \/>\n<meta property=\"og:type\" content=\"article\" \/>\n<meta property=\"og:title\" content=\"JAVIER MART\u00cdNEZ CAMPOS\" \/>\n<meta property=\"og:description\" content=\"JAVIER MART\u00cdNEZ CAMPOS Nace en Valencia en diciembre de 1989. Comenz\u00f3 sus estudios musicales a la edad de los 4 a\u00f1os en la Academia CEDAM de Madrid, continuando el grado medio en el Conservatorio Profesional de M\u00fasica de Getafe con M\u00aa Nieves Collado. Estudi\u00f3 en el Real Conservatorio Superior de M\u00fasica de Madrid las especialidades [&hellip;]\" \/>\n<meta property=\"og:url\" content=\"https:\/\/www.omnesbands.international\/en\/javier-martinez-campos-2\/\" \/>\n<meta property=\"article:modified_time\" content=\"2023-01-29T03:29:19+00:00\" \/>\n<meta property=\"og:image\" content=\"https:\/\/www.omnesbands.international\/wp-content\/uploads\/2023\/01\/music-sheet-music-snowdrop-7107045.jpg\" \/>\n\t<meta property=\"og:image:width\" content=\"1280\" \/>\n\t<meta property=\"og:image:height\" content=\"742\" \/>\n\t<meta property=\"og:image:type\" content=\"image\/jpeg\" \/>\n<meta name=\"twitter:card\" content=\"summary_large_image\" \/>\n<meta name=\"twitter:label1\" content=\"Est. reading time\" \/>\n\t<meta name=\"twitter:data1\" content=\"5 minutes\" \/>\n<script type=\"application\/ld+json\" class=\"yoast-schema-graph\">{\"@context\":\"https:\\\/\\\/schema.org\",\"@graph\":[{\"@type\":\"WebPage\",\"@id\":\"https:\\\/\\\/www.omnesbands.international\\\/en\\\/javier-martinez-campos-2\\\/\",\"url\":\"https:\\\/\\\/www.omnesbands.international\\\/en\\\/javier-martinez-campos-2\\\/\",\"name\":\"JAVIER MART\u00cdNEZ CAMPOS -\",\"isPartOf\":{\"@id\":\"https:\\\/\\\/www.omnesbands.international\\\/#website\"},\"datePublished\":\"2023-01-29T03:28:00+00:00\",\"dateModified\":\"2023-01-29T03:29:19+00:00\",\"breadcrumb\":{\"@id\":\"https:\\\/\\\/www.omnesbands.international\\\/en\\\/javier-martinez-campos-2\\\/#breadcrumb\"},\"inLanguage\":\"en-US\",\"potentialAction\":[{\"@type\":\"ReadAction\",\"target\":[\"https:\\\/\\\/www.omnesbands.international\\\/en\\\/javier-martinez-campos-2\\\/\"]}]},{\"@type\":\"BreadcrumbList\",\"@id\":\"https:\\\/\\\/www.omnesbands.international\\\/en\\\/javier-martinez-campos-2\\\/#breadcrumb\",\"itemListElement\":[{\"@type\":\"ListItem\",\"position\":1,\"name\":\"Portada\",\"item\":\"https:\\\/\\\/www.omnesbands.international\\\/\"},{\"@type\":\"ListItem\",\"position\":2,\"name\":\"JAVIER MART\u00cdNEZ CAMPOS\"}]},{\"@type\":\"WebSite\",\"@id\":\"https:\\\/\\\/www.omnesbands.international\\\/#website\",\"url\":\"https:\\\/\\\/www.omnesbands.international\\\/\",\"name\":\"OMNESBANDS International\",\"description\":\"Partituras Originales de autores y compositores independientes\",\"publisher\":{\"@id\":\"https:\\\/\\\/www.omnesbands.international\\\/#organization\"},\"potentialAction\":[{\"@type\":\"SearchAction\",\"target\":{\"@type\":\"EntryPoint\",\"urlTemplate\":\"https:\\\/\\\/www.omnesbands.international\\\/?s={search_term_string}\"},\"query-input\":{\"@type\":\"PropertyValueSpecification\",\"valueRequired\":true,\"valueName\":\"search_term_string\"}}],\"inLanguage\":\"en-US\"},{\"@type\":\"Organization\",\"@id\":\"https:\\\/\\\/www.omnesbands.international\\\/#organization\",\"name\":\"Indra Consultores Internacionales\",\"alternateName\":\"Omnesbands\",\"url\":\"https:\\\/\\\/www.omnesbands.international\\\/\",\"logo\":{\"@type\":\"ImageObject\",\"inLanguage\":\"en-US\",\"@id\":\"https:\\\/\\\/www.omnesbands.international\\\/#\\\/schema\\\/logo\\\/image\\\/\",\"url\":\"https:\\\/\\\/omnesbands.international\\\/wp-content\\\/uploads\\\/2023\\\/06\\\/Logo-Nuevo-.png\",\"contentUrl\":\"https:\\\/\\\/omnesbands.international\\\/wp-content\\\/uploads\\\/2023\\\/06\\\/Logo-Nuevo-.png\",\"width\":394,\"height\":212,\"caption\":\"Indra Consultores Internacionales\"},\"image\":{\"@id\":\"https:\\\/\\\/www.omnesbands.international\\\/#\\\/schema\\\/logo\\\/image\\\/\"}}]}<\/script>\n<!-- \/ Yoast SEO Premium plugin. -->","yoast_head_json":{"title":"JAVIER MART\u00cdNEZ CAMPOS -","robots":{"index":"index","follow":"follow","max-snippet":"max-snippet:-1","max-image-preview":"max-image-preview:large","max-video-preview":"max-video-preview:-1"},"canonical":"https:\/\/www.omnesbands.international\/en\/javier-martinez-campos-2\/","og_locale":"en_US","og_type":"article","og_title":"JAVIER MART\u00cdNEZ CAMPOS","og_description":"JAVIER MART\u00cdNEZ CAMPOS Nace en Valencia en diciembre de 1989. Comenz\u00f3 sus estudios musicales a la edad de los 4 a\u00f1os en la Academia CEDAM de Madrid, continuando el grado medio en el Conservatorio Profesional de M\u00fasica de Getafe con M\u00aa Nieves Collado. Estudi\u00f3 en el Real Conservatorio Superior de M\u00fasica de Madrid las especialidades [&hellip;]","og_url":"https:\/\/www.omnesbands.international\/en\/javier-martinez-campos-2\/","article_modified_time":"2023-01-29T03:29:19+00:00","og_image":[{"width":1280,"height":742,"url":"https:\/\/www.omnesbands.international\/wp-content\/uploads\/2023\/01\/music-sheet-music-snowdrop-7107045.jpg","type":"image\/jpeg"}],"twitter_card":"summary_large_image","twitter_misc":{"Est. reading time":"5 minutes"},"schema":{"@context":"https:\/\/schema.org","@graph":[{"@type":"WebPage","@id":"https:\/\/www.omnesbands.international\/en\/javier-martinez-campos-2\/","url":"https:\/\/www.omnesbands.international\/en\/javier-martinez-campos-2\/","name":"JAVIER MART\u00cdNEZ CAMPOS -","isPartOf":{"@id":"https:\/\/www.omnesbands.international\/#website"},"datePublished":"2023-01-29T03:28:00+00:00","dateModified":"2023-01-29T03:29:19+00:00","breadcrumb":{"@id":"https:\/\/www.omnesbands.international\/en\/javier-martinez-campos-2\/#breadcrumb"},"inLanguage":"en-US","potentialAction":[{"@type":"ReadAction","target":["https:\/\/www.omnesbands.international\/en\/javier-martinez-campos-2\/"]}]},{"@type":"BreadcrumbList","@id":"https:\/\/www.omnesbands.international\/en\/javier-martinez-campos-2\/#breadcrumb","itemListElement":[{"@type":"ListItem","position":1,"name":"Portada","item":"https:\/\/www.omnesbands.international\/"},{"@type":"ListItem","position":2,"name":"JAVIER MART\u00cdNEZ CAMPOS"}]},{"@type":"WebSite","@id":"https:\/\/www.omnesbands.international\/#website","url":"https:\/\/www.omnesbands.international\/","name":"OMNESBANDS International","description":"Original Sheet Music by independent authors and composers","publisher":{"@id":"https:\/\/www.omnesbands.international\/#organization"},"potentialAction":[{"@type":"SearchAction","target":{"@type":"EntryPoint","urlTemplate":"https:\/\/www.omnesbands.international\/?s={search_term_string}"},"query-input":{"@type":"PropertyValueSpecification","valueRequired":true,"valueName":"search_term_string"}}],"inLanguage":"en-US"},{"@type":"Organization","@id":"https:\/\/www.omnesbands.international\/#organization","name":"Indra International Consultants","alternateName":"Omnesbands","url":"https:\/\/www.omnesbands.international\/","logo":{"@type":"ImageObject","inLanguage":"en-US","@id":"https:\/\/www.omnesbands.international\/#\/schema\/logo\/image\/","url":"https:\/\/omnesbands.international\/wp-content\/uploads\/2023\/06\/Logo-Nuevo-.png","contentUrl":"https:\/\/omnesbands.international\/wp-content\/uploads\/2023\/06\/Logo-Nuevo-.png","width":394,"height":212,"caption":"Indra Consultores Internacionales"},"image":{"@id":"https:\/\/www.omnesbands.international\/#\/schema\/logo\/image\/"}}]}},"uagb_featured_image_src":{"full":false,"thumbnail":false,"medium":false,"medium_large":false,"large":false,"1536x1536":false,"2048x2048":false,"trp-custom-language-flag":false,"gg_gallery_thumbnail":false,"woocommerce_thumbnail":false,"woocommerce_single":false,"woocommerce_gallery_thumbnail":false},"uagb_author_info":{"display_name":"Melvin R. Portillo A:","author_link":"https:\/\/www.omnesbands.international\/en\/author\/portand\/"},"uagb_comment_info":0,"uagb_excerpt":"JAVIER MART\u00cdNEZ CAMPOS Nace en Valencia en diciembre de 1989. Comenz\u00f3 sus estudios musicales a la edad de los 4 a\u00f1os en la Academia CEDAM de Madrid, continuando el grado medio en el Conservatorio Profesional de M\u00fasica de Getafe con M\u00aa Nieves Collado. Estudi\u00f3 en el Real Conservatorio Superior de M\u00fasica de Madrid las especialidades&hellip;","_links":{"self":[{"href":"https:\/\/www.omnesbands.international\/en\/wp-json\/wp\/v2\/pages\/1684","targetHints":{"allow":["GET"]}}],"collection":[{"href":"https:\/\/www.omnesbands.international\/en\/wp-json\/wp\/v2\/pages"}],"about":[{"href":"https:\/\/www.omnesbands.international\/en\/wp-json\/wp\/v2\/types\/page"}],"author":[{"embeddable":true,"href":"https:\/\/www.omnesbands.international\/en\/wp-json\/wp\/v2\/users\/4"}],"replies":[{"embeddable":true,"href":"https:\/\/www.omnesbands.international\/en\/wp-json\/wp\/v2\/comments?post=1684"}],"version-history":[{"count":2,"href":"https:\/\/www.omnesbands.international\/en\/wp-json\/wp\/v2\/pages\/1684\/revisions"}],"predecessor-version":[{"id":1686,"href":"https:\/\/www.omnesbands.international\/en\/wp-json\/wp\/v2\/pages\/1684\/revisions\/1686"}],"wp:attachment":[{"href":"https:\/\/www.omnesbands.international\/en\/wp-json\/wp\/v2\/media?parent=1684"}],"curies":[{"name":"wp","href":"https:\/\/api.w.org\/{rel}","templated":true}]}}