{"id":1687,"date":"2023-01-28T21:33:18","date_gmt":"2023-01-29T03:33:18","guid":{"rendered":"https:\/\/omnesbands.international\/?page_id=1687"},"modified":"2023-01-28T21:34:38","modified_gmt":"2023-01-29T03:34:38","slug":"joan-enric-canet-todoli-2","status":"publish","type":"page","link":"https:\/\/www.omnesbands.international\/en\/joan-enric-canet-todoli-2\/","title":{"rendered":"JOAN ENRIC CANET TODOL\u00cd"},"content":{"rendered":"<div class=\"wp-block-uagb-container uagb-block-91dbb1ed alignfull uagb-is-root-container\"><div class=\"uagb-container-inner-blocks-wrap\">\n<div class=\"wp-block-uagb-advanced-heading uagb-block-e21cb2f7\"><h1 class=\"uagb-heading-text\"><strong>JOAN ENRIC CANET TODOL\u00cd<\/strong><\/h1><\/div>\n<\/div><\/div>\n\n\n\n<div class=\"wp-block-uagb-container uagb-block-d1cd49da alignfull uagb-is-root-container\"><div class=\"uagb-container-inner-blocks-wrap\">\n<div class=\"wp-block-uagb-container uagb-block-6c6a3dbc\">\n<p>He was born in Puerto de Sagunto (Valencia) in 1961. In that city he began his musical studies, continuing his musical training at the Superior Conservatory of Music in Valencia, graduating as a teacher of: \u00b7 Clarinet. \u00b7 Solfeggio, Music Theory, Snaking, Transportation and Accompaniment. \u00b7 Higher Professor of Harmony, Counterpoint, Fugue, Composition and Instrumentation. He unanimously obtained the following extraordinary prizes from the qualifying jury: \u00b7 Harmony and Accompanied Melody. \u00b7 Counterpoint and Fugue. \u00b7 Composition and Instrumentation. \u00b7 Mercedes Mass\u00ed Award for the best intermediate grade academic record in the 1986-87 academic year.<\/p>\n<p>In 1990 he entered by competitive examination in the body of Professors of Music and Performing Arts, currently in charge of the classes of Composition and Orchestration at the Conservatory of Music \"Oscar Espl\u00e1\" in Alicante.<\/p>\n<p>From his activity as a composer we can highlight the following works: Sinfon\u00eda concertante, for Orchestra and a saxophonist (premiered at the XI World Saxophone Congress and at the XIII Alicante Contemporary Music Festival), L'Album de Nadia (suite for orchestra) , Viento del Pueblo (Symphonic Poem for Band and also premiered in version for symphony orchestra), Sonatina for Bassoon and Piano, Caribe\u00f1a (Septet), Duetto for violin and violoncello, Aben-Bazel, Wahabitas and Alfaquies (Moorish Marches), Benicadell and Novecento (Pasodobles), Tonatiuh (Incidental music for the captaincy of the Moorish entrance of Alcoy), El hijo del Zebedeo (Processional march), Aquarel.la alacantina (winning composition of the I National Composition Contest \"City of Alicante\".<\/p>\n<p>He has been the chief conductor of the bands of Llutxent, Beniganim, \"La Nova\" of X\u00e1tiva and the Centro Instructivo Musical de Alfafar. He has also collaborated as guest conductor or musical advisor for recordings and competitions with different musical groups: bands of Beniatjar, Genov\u00e9s, Xixona, Redov\u00e1n, El Campello, Banyeres, Comarcal de la Vall d'Albaida, Primitiva de Albaida, Ateneo Musical de Cocentaina, Santa Cecilia de Elda, Municipal de Alicante and Orquesta Sinf\u00f3nica de Alicante.<\/p>\n<\/div>\n<\/div><\/div>\n\n\n<div class=\"woocommerce columns-4\"><ul class=\"products columns-4\">\n<li class=\"desktop-align-left tablet-align-left mobile-align-left ast-product-gallery-layout-horizontal-slider product type-product post-959 status-publish first instock product_cat-musica-de-calle product_tag-joan-enric-canet-todoli has-post-thumbnail downloadable virtual taxable purchasable product-type-simple\">\n\t<a href=\"https:\/\/www.omnesbands.international\/en\/product\/alfaquies\/\" class=\"woocommerce-LoopProduct-link woocommerce-loop-product__link\"><img loading=\"lazy\" decoding=\"async\" width=\"300\" height=\"300\" src=\"https:\/\/www.omnesbands.international\/wp-content\/uploads\/2023\/01\/Alfaquies-300x300.webp\" class=\"attachment-woocommerce_thumbnail size-woocommerce_thumbnail\" alt=\"Alfaqu\u00edes\" srcset=\"https:\/\/www.omnesbands.international\/wp-content\/uploads\/2023\/01\/Alfaquies-300x300.webp 300w, https:\/\/www.omnesbands.international\/wp-content\/uploads\/2023\/01\/Alfaquies-150x150.webp 150w, https:\/\/www.omnesbands.international\/wp-content\/uploads\/2023\/01\/Alfaquies-100x100.webp 100w\" sizes=\"auto, (max-width: 300px) 100vw, 300px\" \/><h2 class=\"woocommerce-loop-product__title\">alfaqu\u00edes<\/h2>\n\t<span class=\"price\"><span class=\"woocommerce-Price-amount amount\"><bdi><span class=\"woocommerce-Price-currencySymbol\">&#36;<\/span>25.00<\/bdi><\/span><\/span>\n<\/a><a href=\"\/en\/wp-json\/wp\/v2\/pages\/1687?add-to-cart=959\" aria-describedby=\"woocommerce_loop_add_to_cart_link_describedby_959\" data-quantity=\"1\" class=\"button product_type_simple add_to_cart_button ajax_add_to_cart\" data-product_id=\"959\" data-product_sku=\"ALF-CAL-ESP-22\" aria-label=\"Add to cart: \u201cAlfaqu\u00edes\u201d\" rel=\"nofollow\" data-success_message=\"\u201cAlfaqu\u00edes\u201d has been added to your cart\" role=\"button\" data-no-translation=\"\" data-trp-gettext=\"\" data-no-translation-aria-label=\"\" data-no-translation-data-success_message=\"\">Add to cart<\/a>\t<span id=\"woocommerce_loop_add_to_cart_link_describedby_959\" class=\"screen-reader-text\">\n\t\t\t<\/span>\n<\/li>\n<li class=\"desktop-align-left tablet-align-left mobile-align-left ast-product-gallery-layout-horizontal-slider product type-product post-1109 status-publish instock product_cat-pasodobles product_tag-joan-enric-canet-todoli has-post-thumbnail downloadable virtual taxable purchasable product-type-simple\">\n\t<a href=\"https:\/\/www.omnesbands.international\/en\/product\/aquarel-la-alacantina\/\" class=\"woocommerce-LoopProduct-link woocommerce-loop-product__link\"><img loading=\"lazy\" decoding=\"async\" width=\"300\" height=\"300\" src=\"https:\/\/www.omnesbands.international\/wp-content\/uploads\/2023\/01\/Aquarel-la-Alacantina-300x300.jpg\" class=\"attachment-woocommerce_thumbnail size-woocommerce_thumbnail\" alt=\"Aquarel la Alacantina\" srcset=\"https:\/\/www.omnesbands.international\/wp-content\/uploads\/2023\/01\/Aquarel-la-Alacantina-300x300.jpg 300w, https:\/\/www.omnesbands.international\/wp-content\/uploads\/2023\/01\/Aquarel-la-Alacantina-150x150.jpg 150w, https:\/\/www.omnesbands.international\/wp-content\/uploads\/2023\/01\/Aquarel-la-Alacantina-12x12.jpg 12w, https:\/\/www.omnesbands.international\/wp-content\/uploads\/2023\/01\/Aquarel-la-Alacantina-100x100.jpg 100w\" sizes=\"auto, (max-width: 300px) 100vw, 300px\" \/><h2 class=\"woocommerce-loop-product__title\">Aquarel la Alacantina<\/h2>\n\t<span class=\"price\"><span class=\"woocommerce-Price-amount amount\"><bdi><span class=\"woocommerce-Price-currencySymbol\">&#36;<\/span>25.00<\/bdi><\/span><\/span>\n<\/a><a href=\"\/en\/wp-json\/wp\/v2\/pages\/1687?add-to-cart=1109\" aria-describedby=\"woocommerce_loop_add_to_cart_link_describedby_1109\" data-quantity=\"1\" class=\"button product_type_simple add_to_cart_button ajax_add_to_cart\" data-product_id=\"1109\" data-product_sku=\"AQU-PAS-ESP-22\" aria-label=\"Add to cart: \u201cAquarel la Alacantina\u201d\" rel=\"nofollow\" data-success_message=\"\u201cAquarel la Alacantina\u201d has been added to your cart\" role=\"button\" data-no-translation=\"\" data-trp-gettext=\"\" data-no-translation-aria-label=\"\" data-no-translation-data-success_message=\"\">Add to cart<\/a>\t<span id=\"woocommerce_loop_add_to_cart_link_describedby_1109\" class=\"screen-reader-text\">\n\t\t\t<\/span>\n<\/li>\n<li class=\"desktop-align-left tablet-align-left mobile-align-left ast-product-gallery-layout-horizontal-slider product type-product post-1361 status-publish instock product_cat-pasodobles product_tag-joan-enric-canet-todoli has-post-thumbnail downloadable virtual taxable purchasable product-type-simple\">\n\t<a href=\"https:\/\/www.omnesbands.international\/en\/product\/novecento\/\" class=\"woocommerce-LoopProduct-link woocommerce-loop-product__link\"><img loading=\"lazy\" decoding=\"async\" width=\"300\" height=\"300\" src=\"https:\/\/www.omnesbands.international\/wp-content\/uploads\/2023\/01\/Novecento-300x300.jpg\" class=\"attachment-woocommerce_thumbnail size-woocommerce_thumbnail\" alt=\"Novecento\" srcset=\"https:\/\/www.omnesbands.international\/wp-content\/uploads\/2023\/01\/Novecento-300x300.jpg 300w, https:\/\/www.omnesbands.international\/wp-content\/uploads\/2023\/01\/Novecento-150x150.jpg 150w, https:\/\/www.omnesbands.international\/wp-content\/uploads\/2023\/01\/Novecento-100x100.jpg 100w\" sizes=\"auto, (max-width: 300px) 100vw, 300px\" \/><h2 class=\"woocommerce-loop-product__title\">nine hundred<\/h2>\n\t<span class=\"price\"><span class=\"woocommerce-Price-amount amount\"><bdi><span class=\"woocommerce-Price-currencySymbol\">&#36;<\/span>30.00<\/bdi><\/span><\/span>\n<\/a><a href=\"\/en\/wp-json\/wp\/v2\/pages\/1687?add-to-cart=1361\" aria-describedby=\"woocommerce_loop_add_to_cart_link_describedby_1361\" data-quantity=\"1\" class=\"button product_type_simple add_to_cart_button ajax_add_to_cart\" data-product_id=\"1361\" data-product_sku=\"NOV-PAS-ESP-22\" aria-label=\"Add to cart: \u201cNovecento\u201d\" rel=\"nofollow\" data-success_message=\"\u201cNovecento\u201d has been added to your cart\" role=\"button\" data-no-translation=\"\" data-trp-gettext=\"\" data-no-translation-aria-label=\"\" data-no-translation-data-success_message=\"\">Add to cart<\/a>\t<span id=\"woocommerce_loop_add_to_cart_link_describedby_1361\" class=\"screen-reader-text\">\n\t\t\t<\/span>\n<\/li>\n<li class=\"desktop-align-left tablet-align-left mobile-align-left ast-product-gallery-layout-horizontal-slider product type-product post-1157 status-publish last instock product_cat-sinfonicas product_tag-joan-enric-canet-todoli has-post-thumbnail downloadable virtual taxable purchasable product-type-simple\">\n\t<a href=\"https:\/\/www.omnesbands.international\/en\/product\/viento-del-pueblo\/\" class=\"woocommerce-LoopProduct-link woocommerce-loop-product__link\"><img loading=\"lazy\" decoding=\"async\" width=\"300\" height=\"300\" src=\"https:\/\/www.omnesbands.international\/wp-content\/uploads\/2023\/01\/Viento-del-Pueblo-1-300x300.jpg\" class=\"attachment-woocommerce_thumbnail size-woocommerce_thumbnail\" alt=\"Viento del Pueblo\" srcset=\"https:\/\/www.omnesbands.international\/wp-content\/uploads\/2023\/01\/Viento-del-Pueblo-1-300x300.jpg 300w, https:\/\/www.omnesbands.international\/wp-content\/uploads\/2023\/01\/Viento-del-Pueblo-1-150x150.jpg 150w, https:\/\/www.omnesbands.international\/wp-content\/uploads\/2023\/01\/Viento-del-Pueblo-1-11x12.jpg 11w, https:\/\/www.omnesbands.international\/wp-content\/uploads\/2023\/01\/Viento-del-Pueblo-1-100x100.jpg 100w\" sizes=\"auto, (max-width: 300px) 100vw, 300px\" \/><h2 class=\"woocommerce-loop-product__title\">Town Wind<\/h2>\n\t<span class=\"price\"><span class=\"woocommerce-Price-amount amount\"><bdi><span class=\"woocommerce-Price-currencySymbol\">&#36;<\/span>40.00<\/bdi><\/span><\/span>\n<\/a><a href=\"\/en\/wp-json\/wp\/v2\/pages\/1687?add-to-cart=1157\" aria-describedby=\"woocommerce_loop_add_to_cart_link_describedby_1157\" data-quantity=\"1\" class=\"button product_type_simple add_to_cart_button ajax_add_to_cart\" data-product_id=\"1157\" data-product_sku=\"VIE-SIN-ESP-22\" aria-label=\"Add to cart: \u201cViento del Pueblo\u201d\" rel=\"nofollow\" data-success_message=\"\u201cViento del Pueblo\u201d has been added to your cart\" role=\"button\" data-no-translation=\"\" data-trp-gettext=\"\" data-no-translation-aria-label=\"\" data-no-translation-data-success_message=\"\">Add to cart<\/a>\t<span id=\"woocommerce_loop_add_to_cart_link_describedby_1157\" class=\"screen-reader-text\">\n\t\t\t<\/span>\n<\/li>\n<li class=\"desktop-align-left tablet-align-left mobile-align-left ast-product-gallery-layout-horizontal-slider product type-product post-1300 status-publish first instock product_cat-musica-de-calle product_tag-joan-enric-canet-todoli has-post-thumbnail downloadable virtual taxable purchasable product-type-simple\">\n\t<a href=\"https:\/\/www.omnesbands.international\/en\/product\/wahabitas\/\" class=\"woocommerce-LoopProduct-link woocommerce-loop-product__link\"><img loading=\"lazy\" decoding=\"async\" width=\"300\" height=\"300\" src=\"https:\/\/www.omnesbands.international\/wp-content\/uploads\/2023\/01\/Wahabitas-1-300x300.jpg\" class=\"attachment-woocommerce_thumbnail size-woocommerce_thumbnail\" alt=\"Wahabitas\" srcset=\"https:\/\/www.omnesbands.international\/wp-content\/uploads\/2023\/01\/Wahabitas-1-300x300.jpg 300w, https:\/\/www.omnesbands.international\/wp-content\/uploads\/2023\/01\/Wahabitas-1-150x150.jpg 150w, https:\/\/www.omnesbands.international\/wp-content\/uploads\/2023\/01\/Wahabitas-1-100x100.jpg 100w\" sizes=\"auto, (max-width: 300px) 100vw, 300px\" \/><h2 class=\"woocommerce-loop-product__title\">wahabis<\/h2>\n\t<span class=\"price\"><span class=\"woocommerce-Price-amount amount\"><bdi><span class=\"woocommerce-Price-currencySymbol\">&#36;<\/span>30.00<\/bdi><\/span><\/span>\n<\/a><a href=\"\/en\/wp-json\/wp\/v2\/pages\/1687?add-to-cart=1300\" aria-describedby=\"woocommerce_loop_add_to_cart_link_describedby_1300\" data-quantity=\"1\" class=\"button product_type_simple add_to_cart_button ajax_add_to_cart\" data-product_id=\"1300\" data-product_sku=\"WAH-CAL-ESP-22\" aria-label=\"Add to cart: \u201cWahabitas\u201d\" rel=\"nofollow\" data-success_message=\"\u201cWahabitas\u201d has been added to your cart\" role=\"button\" data-no-translation=\"\" data-trp-gettext=\"\" data-no-translation-aria-label=\"\" data-no-translation-data-success_message=\"\">Add to cart<\/a>\t<span id=\"woocommerce_loop_add_to_cart_link_describedby_1300\" class=\"screen-reader-text\">\n\t\t\t<\/span>\n<\/li>\n<\/ul>\n<\/div>","protected":false},"excerpt":{"rendered":"<p>JOAN ENRIC CANET TODOL\u00cd Naci\u00f3 en Puerto de Sagunto (Valencia) en 1.961. En dicha ciudad inici\u00f3 sus estudios musicales, continuando su formaci\u00f3n musical en el Conservatorio Superior de M\u00fasica de Valencia, titulandose como profesor de: \u00b7 Clarinete. \u00b7 Solfeo, Teoria de la M\u00fasica, Repentizaci\u00f3n, Transporte y Acompa\u00f1amiento. \u00b7 Profesor Superior de Armon\u00eda, Contrapunto, Fuga, Composici\u00f3n [&hellip;]<\/p>\n","protected":false},"author":4,"featured_media":0,"parent":0,"menu_order":0,"comment_status":"closed","ping_status":"closed","template":"","meta":{"_acf_changed":false,"_uag_custom_page_level_css":"","site-sidebar-layout":"default","site-content-layout":"","ast-site-content-layout":"default","site-content-style":"default","site-sidebar-style":"default","ast-global-header-display":"","ast-banner-title-visibility":"","ast-main-header-display":"","ast-hfb-above-header-display":"","ast-hfb-below-header-display":"","ast-hfb-mobile-header-display":"","site-post-title":"disabled","ast-breadcrumbs-content":"","ast-featured-img":"","footer-sml-layout":"","ast-disable-related-posts":"","theme-transparent-header-meta":"","adv-header-id-meta":"","stick-header-meta":"","header-above-stick-meta":"","header-main-stick-meta":"","header-below-stick-meta":"","astra-migrate-meta-layouts":"default","ast-page-background-enabled":"default","ast-page-background-meta":{"desktop":{"background-color":"","background-image":"","background-repeat":"repeat","background-position":"center center","background-size":"auto","background-attachment":"scroll","background-type":"","background-media":"","overlay-type":"","overlay-color":"","overlay-opacity":"","overlay-gradient":""},"tablet":{"background-color":"","background-image":"","background-repeat":"repeat","background-position":"center center","background-size":"auto","background-attachment":"scroll","background-type":"","background-media":"","overlay-type":"","overlay-color":"","overlay-opacity":"","overlay-gradient":""},"mobile":{"background-color":"","background-image":"","background-repeat":"repeat","background-position":"center center","background-size":"auto","background-attachment":"scroll","background-type":"","background-media":"","overlay-type":"","overlay-color":"","overlay-opacity":"","overlay-gradient":""}},"ast-content-background-meta":{"desktop":{"background-color":"var(--ast-global-color-5)","background-image":"","background-repeat":"repeat","background-position":"center center","background-size":"auto","background-attachment":"scroll","background-type":"","background-media":"","overlay-type":"","overlay-color":"","overlay-opacity":"","overlay-gradient":""},"tablet":{"background-color":"var(--ast-global-color-5)","background-image":"","background-repeat":"repeat","background-position":"center center","background-size":"auto","background-attachment":"scroll","background-type":"","background-media":"","overlay-type":"","overlay-color":"","overlay-opacity":"","overlay-gradient":""},"mobile":{"background-color":"var(--ast-global-color-5)","background-image":"","background-repeat":"repeat","background-position":"center center","background-size":"auto","background-attachment":"scroll","background-type":"","background-media":"","overlay-type":"","overlay-color":"","overlay-opacity":"","overlay-gradient":""}},"footnotes":""},"class_list":["post-1687","page","type-page","status-publish","hentry"],"acf":[],"yoast_head":"<!-- This site is optimized with the Yoast SEO Premium plugin v22.4 (Yoast SEO v27.4) - https:\/\/yoast.com\/product\/yoast-seo-premium-wordpress\/ -->\n<title>JOAN ENRIC CANET TODOL\u00cd -<\/title>\n<meta name=\"robots\" content=\"index, follow, max-snippet:-1, max-image-preview:large, max-video-preview:-1\" \/>\n<link rel=\"canonical\" href=\"https:\/\/www.omnesbands.international\/en\/joan-enric-canet-todoli-2\/\" \/>\n<meta property=\"og:locale\" content=\"en_US\" \/>\n<meta property=\"og:type\" content=\"article\" \/>\n<meta property=\"og:title\" content=\"JOAN ENRIC CANET TODOL\u00cd\" \/>\n<meta property=\"og:description\" content=\"JOAN ENRIC CANET TODOL\u00cd Naci\u00f3 en Puerto de Sagunto (Valencia) en 1.961. En dicha ciudad inici\u00f3 sus estudios musicales, continuando su formaci\u00f3n musical en el Conservatorio Superior de M\u00fasica de Valencia, titulandose como profesor de: \u00b7 Clarinete. \u00b7 Solfeo, Teoria de la M\u00fasica, Repentizaci\u00f3n, Transporte y Acompa\u00f1amiento. \u00b7 Profesor Superior de Armon\u00eda, Contrapunto, Fuga, Composici\u00f3n [&hellip;]\" \/>\n<meta property=\"og:url\" content=\"https:\/\/www.omnesbands.international\/en\/joan-enric-canet-todoli-2\/\" \/>\n<meta property=\"article:modified_time\" content=\"2023-01-29T03:34:38+00:00\" \/>\n<meta property=\"og:image\" content=\"https:\/\/www.omnesbands.international\/wp-content\/uploads\/2023\/01\/music-sheet-music-snowdrop-7107045.jpg\" \/>\n\t<meta property=\"og:image:width\" content=\"1280\" \/>\n\t<meta property=\"og:image:height\" content=\"742\" \/>\n\t<meta property=\"og:image:type\" content=\"image\/jpeg\" \/>\n<meta name=\"twitter:card\" content=\"summary_large_image\" \/>\n<meta name=\"twitter:label1\" content=\"Est. reading time\" \/>\n\t<meta name=\"twitter:data1\" content=\"2 minutes\" \/>\n<script type=\"application\/ld+json\" class=\"yoast-schema-graph\">{\"@context\":\"https:\\\/\\\/schema.org\",\"@graph\":[{\"@type\":\"WebPage\",\"@id\":\"https:\\\/\\\/www.omnesbands.international\\\/ja\\\/joan-enric-canet-todoli-2\\\/\",\"url\":\"https:\\\/\\\/www.omnesbands.international\\\/ja\\\/joan-enric-canet-todoli-2\\\/\",\"name\":\"JOAN ENRIC CANET TODOL\u00cd -\",\"isPartOf\":{\"@id\":\"https:\\\/\\\/www.omnesbands.international\\\/#website\"},\"datePublished\":\"2023-01-29T03:33:18+00:00\",\"dateModified\":\"2023-01-29T03:34:38+00:00\",\"breadcrumb\":{\"@id\":\"https:\\\/\\\/www.omnesbands.international\\\/ja\\\/joan-enric-canet-todoli-2\\\/#breadcrumb\"},\"inLanguage\":\"en-US\",\"potentialAction\":[{\"@type\":\"ReadAction\",\"target\":[\"https:\\\/\\\/www.omnesbands.international\\\/ja\\\/joan-enric-canet-todoli-2\\\/\"]}]},{\"@type\":\"BreadcrumbList\",\"@id\":\"https:\\\/\\\/www.omnesbands.international\\\/ja\\\/joan-enric-canet-todoli-2\\\/#breadcrumb\",\"itemListElement\":[{\"@type\":\"ListItem\",\"position\":1,\"name\":\"Portada\",\"item\":\"https:\\\/\\\/www.omnesbands.international\\\/\"},{\"@type\":\"ListItem\",\"position\":2,\"name\":\"JOAN ENRIC CANET TODOL\u00cd\"}]},{\"@type\":\"WebSite\",\"@id\":\"https:\\\/\\\/www.omnesbands.international\\\/#website\",\"url\":\"https:\\\/\\\/www.omnesbands.international\\\/\",\"name\":\"OMNESBANDS International\",\"description\":\"Partituras Originales de autores y compositores independientes\",\"publisher\":{\"@id\":\"https:\\\/\\\/www.omnesbands.international\\\/#organization\"},\"potentialAction\":[{\"@type\":\"SearchAction\",\"target\":{\"@type\":\"EntryPoint\",\"urlTemplate\":\"https:\\\/\\\/www.omnesbands.international\\\/?s={search_term_string}\"},\"query-input\":{\"@type\":\"PropertyValueSpecification\",\"valueRequired\":true,\"valueName\":\"search_term_string\"}}],\"inLanguage\":\"en-US\"},{\"@type\":\"Organization\",\"@id\":\"https:\\\/\\\/www.omnesbands.international\\\/#organization\",\"name\":\"Indra Consultores Internacionales\",\"alternateName\":\"Omnesbands\",\"url\":\"https:\\\/\\\/www.omnesbands.international\\\/\",\"logo\":{\"@type\":\"ImageObject\",\"inLanguage\":\"en-US\",\"@id\":\"https:\\\/\\\/www.omnesbands.international\\\/#\\\/schema\\\/logo\\\/image\\\/\",\"url\":\"https:\\\/\\\/omnesbands.international\\\/wp-content\\\/uploads\\\/2023\\\/06\\\/Logo-Nuevo-.png\",\"contentUrl\":\"https:\\\/\\\/omnesbands.international\\\/wp-content\\\/uploads\\\/2023\\\/06\\\/Logo-Nuevo-.png\",\"width\":394,\"height\":212,\"caption\":\"Indra Consultores Internacionales\"},\"image\":{\"@id\":\"https:\\\/\\\/www.omnesbands.international\\\/#\\\/schema\\\/logo\\\/image\\\/\"}}]}<\/script>\n<!-- \/ Yoast SEO Premium plugin. -->","yoast_head_json":{"title":"JOAN ENRIC CANET TODOL\u00cd -","robots":{"index":"index","follow":"follow","max-snippet":"max-snippet:-1","max-image-preview":"max-image-preview:large","max-video-preview":"max-video-preview:-1"},"canonical":"https:\/\/www.omnesbands.international\/en\/joan-enric-canet-todoli-2\/","og_locale":"en_US","og_type":"article","og_title":"JOAN ENRIC CANET TODOL\u00cd","og_description":"JOAN ENRIC CANET TODOL\u00cd Naci\u00f3 en Puerto de Sagunto (Valencia) en 1.961. En dicha ciudad inici\u00f3 sus estudios musicales, continuando su formaci\u00f3n musical en el Conservatorio Superior de M\u00fasica de Valencia, titulandose como profesor de: \u00b7 Clarinete. \u00b7 Solfeo, Teoria de la M\u00fasica, Repentizaci\u00f3n, Transporte y Acompa\u00f1amiento. \u00b7 Profesor Superior de Armon\u00eda, Contrapunto, Fuga, Composici\u00f3n [&hellip;]","og_url":"https:\/\/www.omnesbands.international\/en\/joan-enric-canet-todoli-2\/","article_modified_time":"2023-01-29T03:34:38+00:00","og_image":[{"width":1280,"height":742,"url":"https:\/\/www.omnesbands.international\/wp-content\/uploads\/2023\/01\/music-sheet-music-snowdrop-7107045.jpg","type":"image\/jpeg"}],"twitter_card":"summary_large_image","twitter_misc":{"Est. reading time":"2 minutes"},"schema":{"@context":"https:\/\/schema.org","@graph":[{"@type":"WebPage","@id":"https:\/\/www.omnesbands.international\/ja\/joan-enric-canet-todoli-2\/","url":"https:\/\/www.omnesbands.international\/ja\/joan-enric-canet-todoli-2\/","name":"JOAN ENRIC CANET TODOL\u00cd -","isPartOf":{"@id":"https:\/\/www.omnesbands.international\/#website"},"datePublished":"2023-01-29T03:33:18+00:00","dateModified":"2023-01-29T03:34:38+00:00","breadcrumb":{"@id":"https:\/\/www.omnesbands.international\/ja\/joan-enric-canet-todoli-2\/#breadcrumb"},"inLanguage":"en-US","potentialAction":[{"@type":"ReadAction","target":["https:\/\/www.omnesbands.international\/ja\/joan-enric-canet-todoli-2\/"]}]},{"@type":"BreadcrumbList","@id":"https:\/\/www.omnesbands.international\/ja\/joan-enric-canet-todoli-2\/#breadcrumb","itemListElement":[{"@type":"ListItem","position":1,"name":"Portada","item":"https:\/\/www.omnesbands.international\/"},{"@type":"ListItem","position":2,"name":"JOAN ENRIC CANET TODOL\u00cd"}]},{"@type":"WebSite","@id":"https:\/\/www.omnesbands.international\/#website","url":"https:\/\/www.omnesbands.international\/","name":"OMNESBANDS International","description":"Original Sheet Music by independent authors and composers","publisher":{"@id":"https:\/\/www.omnesbands.international\/#organization"},"potentialAction":[{"@type":"SearchAction","target":{"@type":"EntryPoint","urlTemplate":"https:\/\/www.omnesbands.international\/?s={search_term_string}"},"query-input":{"@type":"PropertyValueSpecification","valueRequired":true,"valueName":"search_term_string"}}],"inLanguage":"en-US"},{"@type":"Organization","@id":"https:\/\/www.omnesbands.international\/#organization","name":"Indra International Consultants","alternateName":"Omnesbands","url":"https:\/\/www.omnesbands.international\/","logo":{"@type":"ImageObject","inLanguage":"en-US","@id":"https:\/\/www.omnesbands.international\/#\/schema\/logo\/image\/","url":"https:\/\/omnesbands.international\/wp-content\/uploads\/2023\/06\/Logo-Nuevo-.png","contentUrl":"https:\/\/omnesbands.international\/wp-content\/uploads\/2023\/06\/Logo-Nuevo-.png","width":394,"height":212,"caption":"Indra Consultores Internacionales"},"image":{"@id":"https:\/\/www.omnesbands.international\/#\/schema\/logo\/image\/"}}]}},"uagb_featured_image_src":{"full":false,"thumbnail":false,"medium":false,"medium_large":false,"large":false,"1536x1536":false,"2048x2048":false,"trp-custom-language-flag":false,"gg_gallery_thumbnail":false,"woocommerce_thumbnail":false,"woocommerce_single":false,"woocommerce_gallery_thumbnail":false},"uagb_author_info":{"display_name":"Melvin R. Portillo A:","author_link":"https:\/\/www.omnesbands.international\/en\/author\/portand\/"},"uagb_comment_info":0,"uagb_excerpt":"JOAN ENRIC CANET TODOL\u00cd Naci\u00f3 en Puerto de Sagunto (Valencia) en 1.961. En dicha ciudad inici\u00f3 sus estudios musicales, continuando su formaci\u00f3n musical en el Conservatorio Superior de M\u00fasica de Valencia, titulandose como profesor de: \u00b7 Clarinete. \u00b7 Solfeo, Teoria de la M\u00fasica, Repentizaci\u00f3n, Transporte y Acompa\u00f1amiento. \u00b7 Profesor Superior de Armon\u00eda, Contrapunto, Fuga, Composici\u00f3n&hellip;","_links":{"self":[{"href":"https:\/\/www.omnesbands.international\/en\/wp-json\/wp\/v2\/pages\/1687","targetHints":{"allow":["GET"]}}],"collection":[{"href":"https:\/\/www.omnesbands.international\/en\/wp-json\/wp\/v2\/pages"}],"about":[{"href":"https:\/\/www.omnesbands.international\/en\/wp-json\/wp\/v2\/types\/page"}],"author":[{"embeddable":true,"href":"https:\/\/www.omnesbands.international\/en\/wp-json\/wp\/v2\/users\/4"}],"replies":[{"embeddable":true,"href":"https:\/\/www.omnesbands.international\/en\/wp-json\/wp\/v2\/comments?post=1687"}],"version-history":[{"count":2,"href":"https:\/\/www.omnesbands.international\/en\/wp-json\/wp\/v2\/pages\/1687\/revisions"}],"predecessor-version":[{"id":1689,"href":"https:\/\/www.omnesbands.international\/en\/wp-json\/wp\/v2\/pages\/1687\/revisions\/1689"}],"wp:attachment":[{"href":"https:\/\/www.omnesbands.international\/en\/wp-json\/wp\/v2\/media?parent=1687"}],"curies":[{"name":"wp","href":"https:\/\/api.w.org\/{rel}","templated":true}]}}