{"id":1696,"date":"2023-01-28T21:57:52","date_gmt":"2023-01-29T03:57:52","guid":{"rendered":"https:\/\/omnesbands.international\/?page_id=1696"},"modified":"2023-01-28T21:58:27","modified_gmt":"2023-01-29T03:58:27","slug":"jose-ignacio-blesa-lull-2","status":"publish","type":"page","link":"https:\/\/www.omnesbands.international\/en\/jose-ignacio-blesa-lull-2\/","title":{"rendered":"JOSE IGNACIO BLESA LULL"},"content":{"rendered":"<div class=\"wp-block-uagb-container uagb-block-f49255da alignfull uagb-is-root-container\"><div class=\"uagb-container-inner-blocks-wrap\">\n<div class=\"wp-block-uagb-advanced-heading uagb-block-c994cd51\"><h1 class=\"uagb-heading-text\">JOSE IGNACIO BLESA LULL<\/h1><\/div>\n<\/div><\/div>\n\n\n\n<div class=\"wp-block-uagb-container uagb-block-9a725dc7 alignfull uagb-is-root-container\"><div class=\"uagb-container-inner-blocks-wrap\">\n<div class=\"wp-block-uagb-container uagb-block-d9cb502c\">\n<p>Jos\u00e9 I. Blesa Llull naci\u00f3 en Ll\u00edria, Valencia en Espa\u00f1a. Complet\u00f3 sus estudios en el Conservatorio Municipal de Valencia y Conservatori Superior de M\u00fasica de Castell\u00f3donde obtuvo las licenciaturas en Composici\u00f3n, Direcci\u00f3n, Clarinete, Musicolog\u00eda y Educaci\u00f3n Musical y el Premio Especial en Estudios de Composici\u00f3n.<\/p>\n<p>As a multi-award winning composer, his music has been performed internationally in Spain, the United States, Taiwan, Hong Kong, Singapore, the Philippines, Japan, Belgium, Brazil, France, Italy, Colombia, Argentina, Portugal and Mexico. His works have been performed by soloists and groups such as Jos\u00e9 Franch-Ballester, Spanish Brass Luur Metals, Dario Sotelo, Alberto Roque, Manuel Galduf, Municipal Bands of Valencia, Mallorca, Bilbao, Santiago de Compostela, C\u00f3rdoba (Argentina), Banda Sinfonica do S\u00e3o Paulo State (Brazil), and ESML Sopros Orchestra (Lisbon).<\/p>\n<p>Recently, Jos\u00e9 has conducted his own music with Tainan Wind Ensemble (Taiwan), Drexel UniversityConcert Band, MusikVerein Heitersheim (Germany), Banda de M\u00fasica de Pontevedra, Orquesta de Sopros do Medio Tejo and Academia de Musicos de Abrantes (Portugal), Pihalni Orkester Zelezarjev (Slovenia), Banda del Conservatori de Tortosa and Banda de M\u00fasica de Felanitx. Currently, Jos\u00e9 lives in Amherst, Massachusetts, where he is pursuing a Master's degree in Wind Conducting at the University of Massachusetts with Dr. Matthew Westgate.<\/p>\n<\/div>\n<\/div><\/div>\n\n\n<div class=\"woocommerce columns-4\"><ul class=\"products columns-4\">\n<li class=\"desktop-align-left tablet-align-left mobile-align-left ast-product-gallery-layout-horizontal-slider product type-product post-1138 status-publish first instock product_cat-sinfonicas product_tag-jose-ignacio-blesa-lull has-post-thumbnail downloadable virtual taxable purchasable product-type-simple\">\n\t<a href=\"https:\/\/www.omnesbands.international\/en\/product\/mare-tenebrosum\/\" class=\"woocommerce-LoopProduct-link woocommerce-loop-product__link\"><img loading=\"lazy\" decoding=\"async\" width=\"300\" height=\"300\" src=\"https:\/\/www.omnesbands.international\/wp-content\/uploads\/2023\/01\/Mare-Tenebrosum-1-300x300.jpg\" class=\"attachment-woocommerce_thumbnail size-woocommerce_thumbnail\" alt=\"Mare Tenebrosum\" srcset=\"https:\/\/www.omnesbands.international\/wp-content\/uploads\/2023\/01\/Mare-Tenebrosum-1-300x300.jpg 300w, https:\/\/www.omnesbands.international\/wp-content\/uploads\/2023\/01\/Mare-Tenebrosum-1-150x150.jpg 150w, https:\/\/www.omnesbands.international\/wp-content\/uploads\/2023\/01\/Mare-Tenebrosum-1-12x12.jpg 12w, https:\/\/www.omnesbands.international\/wp-content\/uploads\/2023\/01\/Mare-Tenebrosum-1-100x100.jpg 100w\" sizes=\"auto, (max-width: 300px) 100vw, 300px\" \/><h2 class=\"woocommerce-loop-product__title\">Mare Tenebrosum<\/h2>\n\t<span class=\"price\"><span class=\"woocommerce-Price-amount amount\"><bdi><span class=\"woocommerce-Price-currencySymbol\">&#36;<\/span>40.00<\/bdi><\/span><\/span>\n<\/a><a href=\"\/en\/wp-json\/wp\/v2\/pages\/1696?add-to-cart=1138\" aria-describedby=\"woocommerce_loop_add_to_cart_link_describedby_1138\" data-quantity=\"1\" class=\"button product_type_simple add_to_cart_button ajax_add_to_cart\" data-product_id=\"1138\" data-product_sku=\"MAR-SIN-ESP-22\" aria-label=\"Add to cart: \u201cMare Tenebrosum\u201d\" rel=\"nofollow\" data-success_message=\"\u201cMare Tenebrosum\u201d has been added to your cart\" role=\"button\" data-no-translation=\"\" data-trp-gettext=\"\" data-no-translation-aria-label=\"\" data-no-translation-data-success_message=\"\">Add to cart<\/a>\t<span id=\"woocommerce_loop_add_to_cart_link_describedby_1138\" class=\"screen-reader-text\">\n\t\t\t<\/span>\n<\/li>\n<\/ul>\n<\/div>","protected":false},"excerpt":{"rendered":"<p>JOS\u00c9 IGNACIO BLESA LULL Jos\u00e9 I. Blesa Llull naci\u00f3 en Ll\u00edria, Valencia en Espa\u00f1a. Complet\u00f3 sus estudios en el Conservatorio Municipal de Valencia y Conservatori Superior de M\u00fasica de Castell\u00f3donde obtuvo las licenciaturas en Composici\u00f3n, Direcci\u00f3n, Clarinete, Musicolog\u00eda y Educaci\u00f3n Musical y el Premio Especial en Estudios de Composici\u00f3n. Como compositor ganador de m\u00faltiples premios, [&hellip;]<\/p>\n","protected":false},"author":4,"featured_media":0,"parent":0,"menu_order":0,"comment_status":"closed","ping_status":"closed","template":"","meta":{"_acf_changed":false,"_uag_custom_page_level_css":"","site-sidebar-layout":"default","site-content-layout":"","ast-site-content-layout":"default","site-content-style":"default","site-sidebar-style":"default","ast-global-header-display":"","ast-banner-title-visibility":"","ast-main-header-display":"","ast-hfb-above-header-display":"","ast-hfb-below-header-display":"","ast-hfb-mobile-header-display":"","site-post-title":"disabled","ast-breadcrumbs-content":"","ast-featured-img":"","footer-sml-layout":"","ast-disable-related-posts":"","theme-transparent-header-meta":"","adv-header-id-meta":"","stick-header-meta":"","header-above-stick-meta":"","header-main-stick-meta":"","header-below-stick-meta":"","astra-migrate-meta-layouts":"default","ast-page-background-enabled":"default","ast-page-background-meta":{"desktop":{"background-color":"","background-image":"","background-repeat":"repeat","background-position":"center center","background-size":"auto","background-attachment":"scroll","background-type":"","background-media":"","overlay-type":"","overlay-color":"","overlay-opacity":"","overlay-gradient":""},"tablet":{"background-color":"","background-image":"","background-repeat":"repeat","background-position":"center center","background-size":"auto","background-attachment":"scroll","background-type":"","background-media":"","overlay-type":"","overlay-color":"","overlay-opacity":"","overlay-gradient":""},"mobile":{"background-color":"","background-image":"","background-repeat":"repeat","background-position":"center center","background-size":"auto","background-attachment":"scroll","background-type":"","background-media":"","overlay-type":"","overlay-color":"","overlay-opacity":"","overlay-gradient":""}},"ast-content-background-meta":{"desktop":{"background-color":"var(--ast-global-color-5)","background-image":"","background-repeat":"repeat","background-position":"center center","background-size":"auto","background-attachment":"scroll","background-type":"","background-media":"","overlay-type":"","overlay-color":"","overlay-opacity":"","overlay-gradient":""},"tablet":{"background-color":"var(--ast-global-color-5)","background-image":"","background-repeat":"repeat","background-position":"center center","background-size":"auto","background-attachment":"scroll","background-type":"","background-media":"","overlay-type":"","overlay-color":"","overlay-opacity":"","overlay-gradient":""},"mobile":{"background-color":"var(--ast-global-color-5)","background-image":"","background-repeat":"repeat","background-position":"center center","background-size":"auto","background-attachment":"scroll","background-type":"","background-media":"","overlay-type":"","overlay-color":"","overlay-opacity":"","overlay-gradient":""}},"footnotes":""},"class_list":["post-1696","page","type-page","status-publish","hentry"],"acf":[],"yoast_head":"<!-- This site is optimized with the Yoast SEO Premium plugin v22.4 (Yoast SEO v27.4) - https:\/\/yoast.com\/product\/yoast-seo-premium-wordpress\/ -->\n<title>JOS\u00c9 IGNACIO BLESA LULL -<\/title>\n<meta name=\"robots\" content=\"index, follow, max-snippet:-1, max-image-preview:large, max-video-preview:-1\" \/>\n<link rel=\"canonical\" href=\"https:\/\/www.omnesbands.international\/en\/jose-ignacio-blesa-lull-2\/\" \/>\n<meta property=\"og:locale\" content=\"en_US\" \/>\n<meta property=\"og:type\" content=\"article\" \/>\n<meta property=\"og:title\" content=\"JOS\u00c9 IGNACIO BLESA LULL\" \/>\n<meta property=\"og:description\" content=\"JOS\u00c9 IGNACIO BLESA LULL Jos\u00e9 I. Blesa Llull naci\u00f3 en Ll\u00edria, Valencia en Espa\u00f1a. Complet\u00f3 sus estudios en el Conservatorio Municipal de Valencia y Conservatori Superior de M\u00fasica de Castell\u00f3donde obtuvo las licenciaturas en Composici\u00f3n, Direcci\u00f3n, Clarinete, Musicolog\u00eda y Educaci\u00f3n Musical y el Premio Especial en Estudios de Composici\u00f3n. Como compositor ganador de m\u00faltiples premios, [&hellip;]\" \/>\n<meta property=\"og:url\" content=\"https:\/\/www.omnesbands.international\/en\/jose-ignacio-blesa-lull-2\/\" \/>\n<meta property=\"article:modified_time\" content=\"2023-01-29T03:58:27+00:00\" \/>\n<meta property=\"og:image\" content=\"https:\/\/www.omnesbands.international\/wp-content\/uploads\/2023\/01\/music-sheet-music-snowdrop-7107045.jpg\" \/>\n\t<meta property=\"og:image:width\" content=\"1280\" \/>\n\t<meta property=\"og:image:height\" content=\"742\" \/>\n\t<meta property=\"og:image:type\" content=\"image\/jpeg\" \/>\n<meta name=\"twitter:card\" content=\"summary_large_image\" \/>\n<meta name=\"twitter:label1\" content=\"Est. reading time\" \/>\n\t<meta name=\"twitter:data1\" content=\"1 minute\" \/>\n<script type=\"application\/ld+json\" class=\"yoast-schema-graph\">{\"@context\":\"https:\\\/\\\/schema.org\",\"@graph\":[{\"@type\":\"WebPage\",\"@id\":\"https:\\\/\\\/www.omnesbands.international\\\/jose-ignacio-blesa-lull-2\\\/\",\"url\":\"https:\\\/\\\/www.omnesbands.international\\\/jose-ignacio-blesa-lull-2\\\/\",\"name\":\"JOS\u00c9 IGNACIO BLESA LULL -\",\"isPartOf\":{\"@id\":\"https:\\\/\\\/www.omnesbands.international\\\/#website\"},\"datePublished\":\"2023-01-29T03:57:52+00:00\",\"dateModified\":\"2023-01-29T03:58:27+00:00\",\"breadcrumb\":{\"@id\":\"https:\\\/\\\/www.omnesbands.international\\\/jose-ignacio-blesa-lull-2\\\/#breadcrumb\"},\"inLanguage\":\"en-US\",\"potentialAction\":[{\"@type\":\"ReadAction\",\"target\":[\"https:\\\/\\\/www.omnesbands.international\\\/jose-ignacio-blesa-lull-2\\\/\"]}]},{\"@type\":\"BreadcrumbList\",\"@id\":\"https:\\\/\\\/www.omnesbands.international\\\/jose-ignacio-blesa-lull-2\\\/#breadcrumb\",\"itemListElement\":[{\"@type\":\"ListItem\",\"position\":1,\"name\":\"Portada\",\"item\":\"https:\\\/\\\/www.omnesbands.international\\\/\"},{\"@type\":\"ListItem\",\"position\":2,\"name\":\"JOS\u00c9 IGNACIO BLESA LULL\"}]},{\"@type\":\"WebSite\",\"@id\":\"https:\\\/\\\/www.omnesbands.international\\\/#website\",\"url\":\"https:\\\/\\\/www.omnesbands.international\\\/\",\"name\":\"OMNESBANDS International\",\"description\":\"Partituras Originales de autores y compositores independientes\",\"publisher\":{\"@id\":\"https:\\\/\\\/www.omnesbands.international\\\/#organization\"},\"potentialAction\":[{\"@type\":\"SearchAction\",\"target\":{\"@type\":\"EntryPoint\",\"urlTemplate\":\"https:\\\/\\\/www.omnesbands.international\\\/?s={search_term_string}\"},\"query-input\":{\"@type\":\"PropertyValueSpecification\",\"valueRequired\":true,\"valueName\":\"search_term_string\"}}],\"inLanguage\":\"en-US\"},{\"@type\":\"Organization\",\"@id\":\"https:\\\/\\\/www.omnesbands.international\\\/#organization\",\"name\":\"Indra Consultores Internacionales\",\"alternateName\":\"Omnesbands\",\"url\":\"https:\\\/\\\/www.omnesbands.international\\\/\",\"logo\":{\"@type\":\"ImageObject\",\"inLanguage\":\"en-US\",\"@id\":\"https:\\\/\\\/www.omnesbands.international\\\/#\\\/schema\\\/logo\\\/image\\\/\",\"url\":\"https:\\\/\\\/omnesbands.international\\\/wp-content\\\/uploads\\\/2023\\\/06\\\/Logo-Nuevo-.png\",\"contentUrl\":\"https:\\\/\\\/omnesbands.international\\\/wp-content\\\/uploads\\\/2023\\\/06\\\/Logo-Nuevo-.png\",\"width\":394,\"height\":212,\"caption\":\"Indra Consultores Internacionales\"},\"image\":{\"@id\":\"https:\\\/\\\/www.omnesbands.international\\\/#\\\/schema\\\/logo\\\/image\\\/\"}}]}<\/script>\n<!-- \/ Yoast SEO Premium plugin. -->","yoast_head_json":{"title":"JOS\u00c9 IGNACIO BLESA LULL -","robots":{"index":"index","follow":"follow","max-snippet":"max-snippet:-1","max-image-preview":"max-image-preview:large","max-video-preview":"max-video-preview:-1"},"canonical":"https:\/\/www.omnesbands.international\/en\/jose-ignacio-blesa-lull-2\/","og_locale":"en_US","og_type":"article","og_title":"JOS\u00c9 IGNACIO BLESA LULL","og_description":"JOS\u00c9 IGNACIO BLESA LULL Jos\u00e9 I. Blesa Llull naci\u00f3 en Ll\u00edria, Valencia en Espa\u00f1a. Complet\u00f3 sus estudios en el Conservatorio Municipal de Valencia y Conservatori Superior de M\u00fasica de Castell\u00f3donde obtuvo las licenciaturas en Composici\u00f3n, Direcci\u00f3n, Clarinete, Musicolog\u00eda y Educaci\u00f3n Musical y el Premio Especial en Estudios de Composici\u00f3n. Como compositor ganador de m\u00faltiples premios, [&hellip;]","og_url":"https:\/\/www.omnesbands.international\/en\/jose-ignacio-blesa-lull-2\/","article_modified_time":"2023-01-29T03:58:27+00:00","og_image":[{"width":1280,"height":742,"url":"https:\/\/www.omnesbands.international\/wp-content\/uploads\/2023\/01\/music-sheet-music-snowdrop-7107045.jpg","type":"image\/jpeg"}],"twitter_card":"summary_large_image","twitter_misc":{"Est. reading time":"1 minute"},"schema":{"@context":"https:\/\/schema.org","@graph":[{"@type":"WebPage","@id":"https:\/\/www.omnesbands.international\/jose-ignacio-blesa-lull-2\/","url":"https:\/\/www.omnesbands.international\/jose-ignacio-blesa-lull-2\/","name":"JOS\u00c9 IGNACIO BLESA LULL -","isPartOf":{"@id":"https:\/\/www.omnesbands.international\/#website"},"datePublished":"2023-01-29T03:57:52+00:00","dateModified":"2023-01-29T03:58:27+00:00","breadcrumb":{"@id":"https:\/\/www.omnesbands.international\/jose-ignacio-blesa-lull-2\/#breadcrumb"},"inLanguage":"en-US","potentialAction":[{"@type":"ReadAction","target":["https:\/\/www.omnesbands.international\/jose-ignacio-blesa-lull-2\/"]}]},{"@type":"BreadcrumbList","@id":"https:\/\/www.omnesbands.international\/jose-ignacio-blesa-lull-2\/#breadcrumb","itemListElement":[{"@type":"ListItem","position":1,"name":"Portada","item":"https:\/\/www.omnesbands.international\/"},{"@type":"ListItem","position":2,"name":"JOS\u00c9 IGNACIO BLESA LULL"}]},{"@type":"WebSite","@id":"https:\/\/www.omnesbands.international\/#website","url":"https:\/\/www.omnesbands.international\/","name":"OMNESBANDS International","description":"Original Sheet Music by independent authors and composers","publisher":{"@id":"https:\/\/www.omnesbands.international\/#organization"},"potentialAction":[{"@type":"SearchAction","target":{"@type":"EntryPoint","urlTemplate":"https:\/\/www.omnesbands.international\/?s={search_term_string}"},"query-input":{"@type":"PropertyValueSpecification","valueRequired":true,"valueName":"search_term_string"}}],"inLanguage":"en-US"},{"@type":"Organization","@id":"https:\/\/www.omnesbands.international\/#organization","name":"Indra International Consultants","alternateName":"Omnesbands","url":"https:\/\/www.omnesbands.international\/","logo":{"@type":"ImageObject","inLanguage":"en-US","@id":"https:\/\/www.omnesbands.international\/#\/schema\/logo\/image\/","url":"https:\/\/omnesbands.international\/wp-content\/uploads\/2023\/06\/Logo-Nuevo-.png","contentUrl":"https:\/\/omnesbands.international\/wp-content\/uploads\/2023\/06\/Logo-Nuevo-.png","width":394,"height":212,"caption":"Indra Consultores Internacionales"},"image":{"@id":"https:\/\/www.omnesbands.international\/#\/schema\/logo\/image\/"}}]}},"uagb_featured_image_src":{"full":false,"thumbnail":false,"medium":false,"medium_large":false,"large":false,"1536x1536":false,"2048x2048":false,"trp-custom-language-flag":false,"gg_gallery_thumbnail":false,"woocommerce_thumbnail":false,"woocommerce_single":false,"woocommerce_gallery_thumbnail":false},"uagb_author_info":{"display_name":"Melvin R. Portillo A:","author_link":"https:\/\/www.omnesbands.international\/en\/author\/portand\/"},"uagb_comment_info":0,"uagb_excerpt":"JOS\u00c9 IGNACIO BLESA LULL Jos\u00e9 I. Blesa Llull naci\u00f3 en Ll\u00edria, Valencia en Espa\u00f1a. Complet\u00f3 sus estudios en el Conservatorio Municipal de Valencia y Conservatori Superior de M\u00fasica de Castell\u00f3donde obtuvo las licenciaturas en Composici\u00f3n, Direcci\u00f3n, Clarinete, Musicolog\u00eda y Educaci\u00f3n Musical y el Premio Especial en Estudios de Composici\u00f3n. Como compositor ganador de m\u00faltiples premios,&hellip;","_links":{"self":[{"href":"https:\/\/www.omnesbands.international\/en\/wp-json\/wp\/v2\/pages\/1696","targetHints":{"allow":["GET"]}}],"collection":[{"href":"https:\/\/www.omnesbands.international\/en\/wp-json\/wp\/v2\/pages"}],"about":[{"href":"https:\/\/www.omnesbands.international\/en\/wp-json\/wp\/v2\/types\/page"}],"author":[{"embeddable":true,"href":"https:\/\/www.omnesbands.international\/en\/wp-json\/wp\/v2\/users\/4"}],"replies":[{"embeddable":true,"href":"https:\/\/www.omnesbands.international\/en\/wp-json\/wp\/v2\/comments?post=1696"}],"version-history":[{"count":2,"href":"https:\/\/www.omnesbands.international\/en\/wp-json\/wp\/v2\/pages\/1696\/revisions"}],"predecessor-version":[{"id":1698,"href":"https:\/\/www.omnesbands.international\/en\/wp-json\/wp\/v2\/pages\/1696\/revisions\/1698"}],"wp:attachment":[{"href":"https:\/\/www.omnesbands.international\/en\/wp-json\/wp\/v2\/media?parent=1696"}],"curies":[{"name":"wp","href":"https:\/\/api.w.org\/{rel}","templated":true}]}}