{"id":1699,"date":"2023-01-28T22:04:22","date_gmt":"2023-01-29T04:04:22","guid":{"rendered":"https:\/\/omnesbands.international\/?page_id=1699"},"modified":"2023-01-28T22:04:52","modified_gmt":"2023-01-29T04:04:52","slug":"jose-miguel-fayos-jordan-2","status":"publish","type":"page","link":"https:\/\/www.omnesbands.international\/en\/jose-miguel-fayos-jordan-2\/","title":{"rendered":"JOSE MIGUEL FAYOS JORDAN"},"content":{"rendered":"<div class=\"wp-block-uagb-container uagb-block-334dc832 alignfull uagb-is-root-container\"><div class=\"uagb-container-inner-blocks-wrap\">\n<div class=\"wp-block-uagb-advanced-heading uagb-block-906e3806\"><h1 class=\"uagb-heading-text\"><strong>JOSE MIGUEL FAYOS JORDAN<\/strong><\/h1><\/div>\n<\/div><\/div>\n\n\n\n<div class=\"wp-block-uagb-container uagb-block-7ed1632e alignfull uagb-is-root-container\"><div class=\"uagb-container-inner-blocks-wrap\">\n<div class=\"wp-block-uagb-container uagb-block-8093ef56\">\n<p>Born in Chella (Valencia). He studied at the \"Joaqu\u00edn Rodrigo\" Higher Conservatory of Music in Valencia where he obtained the title of Higher Professor of Composition, culminating his career with the \"Extraordinary Award\". Some of his teachers include: R. Ramos, G. Jim\u00e9nez, E. Sanz-Burguete, C. Cano, E. Caland\u00edn and F. Tamarit, among others.<br>He has won several composition awards among them; First Prize in the II International Composition Competition \"Ciudad de Torrevieja\", Edition Prize in the Young Composers Competition \"Hui, hui m\u00fasica\" (2006) and selection and premiere of works in the same (2004, 2006 and 2008), First Prize in the I Iberoamerican Competition of composition for band \"Villa de Ortigueira\", Prize for composition and commission in the III Permanent Seminar of Composition organized by the IVM, Prize of the European Creation Musical Workshop 2013 and 2nd Prize \"Carmelo Alonso Bernaola\" in the XXIV prize of Young composers Fundaci\u00f3n Autor\/Sgae-CNDM.<\/p>\n<p>His works have been performed and premiered at Festivals and Auditoriums such as ENSEMS, Hui hui m\u00fasica, La Mancha International Music Festival, Palau de la M\u00fasica in Valencia, Sala SGAE-Valencia, Club Diario Levante, Auditorio Nacional de M\u00fasica de Madrid, Casa da Musica (Oporto), Palau de Les Arts Reina Sof\u00eda, Auditorio 400 MNCARS and by groups such as Ensemble Art's XXI, Grup Instrumental de Valencia, Portuguese Symphonic Band, Pulsar Ensemble or Orchester d'Harmonie (Conservatoire Strasbourg).<br>In May 2007 his work \"Cantos desde el olvido\" was premiered, commissioned as a tribute to the Cervantes Prize winner A. Gamoneda, based on texts by the same poet. He has received commissions from institutions such as Instituto Valenciano de la M\u00fasica and Grup Instrumental de Val\u00e9ncia.<\/p>\n<p>He has attended courses, meetings and masterclasses with J.M L\u00f3pez, J.M\u00c2\u00aa S\u00e1nchez-Verd\u00fa, C. Halffter, R. Bischof, L. Balada, T. Marco, A. Aracil, G. Gan, J.Rueda, M. Sotelo , A. Posadas, P. Billone, J.L Tor\u00e1 and J. de Meij. He has been awarded a scholarship by I.V.M to carry out composition seminars (2009-2011) being selected by professors J.M\u00c2\u00aa S\u00e1nchez-Verd\u00fa and A. Posadas. He selected and received a scholarship for the European Musical Creation Workshop 2013 with Professor Alberto Posadas.<br>In the field of orchestral conducting, he studied with Jos\u00e9 R. Pascual-Vilaplana and took advanced courses with Jan Cober. He has conducted several ensembles in Spain and especially in the Valencian Community.<\/p>\n<p>He teaches Harmony, Analysis, Music History and Fundamentals of Composition in several Conservatories of the C. Valenciana; Conservatory \"Maestro Ponce\" of Chella, Conservatory \"Ruperto Chap\u00ed\" of Elda, Conservatory \"Oscar Espl\u00e1\" of Alicante and currently at the Professional Conservatory of Music of X\u00e1bia and the Escola de M\u00fasica Comarcal de la Vall d'Albaida. He also frequently gives masterclasses on analysis and composition and is invited to be a member of the jury for several composition awards.<\/p>\n<\/div>\n<\/div><\/div>\n\n\n<div class=\"woocommerce columns-4\"><ul class=\"products columns-4\">\n<li class=\"desktop-align-left tablet-align-left mobile-align-left ast-product-gallery-layout-horizontal-slider product type-product post-993 status-publish first instock product_cat-sinfonicas product_tag-jose-miguel-fayos-jordan has-post-thumbnail downloadable virtual taxable purchasable product-type-simple\">\n\t<a href=\"https:\/\/www.omnesbands.international\/en\/product\/cantares-de-la-nueva-tierra\/\" class=\"woocommerce-LoopProduct-link woocommerce-loop-product__link\"><img loading=\"lazy\" decoding=\"async\" width=\"300\" height=\"300\" src=\"https:\/\/www.omnesbands.international\/wp-content\/uploads\/2023\/01\/Cantares-de-la-Nueva-Tierra-300x300.jpg\" class=\"attachment-woocommerce_thumbnail size-woocommerce_thumbnail\" alt=\"Cantares de la Nueva Tierra\" srcset=\"https:\/\/www.omnesbands.international\/wp-content\/uploads\/2023\/01\/Cantares-de-la-Nueva-Tierra-300x300.jpg 300w, https:\/\/www.omnesbands.international\/wp-content\/uploads\/2023\/01\/Cantares-de-la-Nueva-Tierra-150x150.jpg 150w, https:\/\/www.omnesbands.international\/wp-content\/uploads\/2023\/01\/Cantares-de-la-Nueva-Tierra-100x100.jpg 100w\" sizes=\"auto, (max-width: 300px) 100vw, 300px\" \/><h2 class=\"woocommerce-loop-product__title\">Songs of the New Earth<\/h2>\n\t<span class=\"price\"><span class=\"woocommerce-Price-amount amount\"><bdi><span class=\"woocommerce-Price-currencySymbol\">&#36;<\/span>45.00<\/bdi><\/span><\/span>\n<\/a><a href=\"\/en\/wp-json\/wp\/v2\/pages\/1699?add-to-cart=993\" aria-describedby=\"woocommerce_loop_add_to_cart_link_describedby_993\" data-quantity=\"1\" class=\"button product_type_simple add_to_cart_button ajax_add_to_cart\" data-product_id=\"993\" data-product_sku=\"CAN-SIN-ESP-22\" aria-label=\"Add to cart: \u201cCantares de la Nueva Tierra\u201d\" rel=\"nofollow\" data-success_message=\"\u201cCantares de la Nueva Tierra\u201d has been added to your cart\" role=\"button\" data-no-translation=\"\" data-trp-gettext=\"\" data-no-translation-aria-label=\"\" data-no-translation-data-success_message=\"\">Add to cart<\/a>\t<span id=\"woocommerce_loop_add_to_cart_link_describedby_993\" class=\"screen-reader-text\">\n\t\t\t<\/span>\n<\/li>\n<li class=\"desktop-align-left tablet-align-left mobile-align-left ast-product-gallery-layout-horizontal-slider product type-product post-1071 status-publish instock product_cat-musica-de-calle product_tag-jose-miguel-fayos-jordan has-post-thumbnail downloadable virtual taxable purchasable product-type-simple\">\n\t<a href=\"https:\/\/www.omnesbands.international\/en\/product\/canticum\/\" class=\"woocommerce-LoopProduct-link woocommerce-loop-product__link\"><img loading=\"lazy\" decoding=\"async\" width=\"300\" height=\"300\" src=\"https:\/\/www.omnesbands.international\/wp-content\/uploads\/2023\/01\/Canticum-300x300.jpg\" class=\"attachment-woocommerce_thumbnail size-woocommerce_thumbnail\" alt=\"Canticum\" srcset=\"https:\/\/www.omnesbands.international\/wp-content\/uploads\/2023\/01\/Canticum-300x300.jpg 300w, https:\/\/www.omnesbands.international\/wp-content\/uploads\/2023\/01\/Canticum-150x150.jpg 150w, https:\/\/www.omnesbands.international\/wp-content\/uploads\/2023\/01\/Canticum-100x100.jpg 100w\" sizes=\"auto, (max-width: 300px) 100vw, 300px\" \/><h2 class=\"woocommerce-loop-product__title\">Canticum<\/h2>\n\t<span class=\"price\"><span class=\"woocommerce-Price-amount amount\"><bdi><span class=\"woocommerce-Price-currencySymbol\">&#36;<\/span>25.00<\/bdi><\/span><\/span>\n<\/a><a href=\"\/en\/wp-json\/wp\/v2\/pages\/1699?add-to-cart=1071\" aria-describedby=\"woocommerce_loop_add_to_cart_link_describedby_1071\" data-quantity=\"1\" class=\"button product_type_simple add_to_cart_button ajax_add_to_cart\" data-product_id=\"1071\" data-product_sku=\"CAN-CAL-ESP-22\" aria-label=\"Add to cart: \u201cCanticum\u201d\" rel=\"nofollow\" data-success_message=\"\u201cCanticum\u201d has been added to your cart\" role=\"button\" data-no-translation=\"\" data-trp-gettext=\"\" data-no-translation-aria-label=\"\" data-no-translation-data-success_message=\"\">Add to cart<\/a>\t<span id=\"woocommerce_loop_add_to_cart_link_describedby_1071\" class=\"screen-reader-text\">\n\t\t\t<\/span>\n<\/li>\n<\/ul>\n<\/div>","protected":false},"excerpt":{"rendered":"<p>JOS\u00c9 MIGUEL FAYOS JORD\u00c1N Natural de Chella (Valencia). Realiza sus estudios en el Conservatorio Superior de M\u00fasica \u201cJoaqu\u00edn Rodrigo\u201d\u009d de Valencia donde obtiene el t\u00edtulo de Profesor Superior de Composici\u00f3n culminando su carrera con el \u201cPremio extraordinario\u201d\u009d. Entre algunos de sus maestros destacan: R. Ramos, G. Jim\u00e9nez, E. Sanz-Burguete, C. Cano, E. Caland\u00edn y F. [&hellip;]<\/p>\n","protected":false},"author":4,"featured_media":0,"parent":0,"menu_order":0,"comment_status":"closed","ping_status":"closed","template":"","meta":{"_acf_changed":false,"_uag_custom_page_level_css":"","site-sidebar-layout":"default","site-content-layout":"","ast-site-content-layout":"default","site-content-style":"default","site-sidebar-style":"default","ast-global-header-display":"","ast-banner-title-visibility":"","ast-main-header-display":"","ast-hfb-above-header-display":"","ast-hfb-below-header-display":"","ast-hfb-mobile-header-display":"","site-post-title":"disabled","ast-breadcrumbs-content":"","ast-featured-img":"","footer-sml-layout":"","ast-disable-related-posts":"","theme-transparent-header-meta":"","adv-header-id-meta":"","stick-header-meta":"","header-above-stick-meta":"","header-main-stick-meta":"","header-below-stick-meta":"","astra-migrate-meta-layouts":"default","ast-page-background-enabled":"default","ast-page-background-meta":{"desktop":{"background-color":"","background-image":"","background-repeat":"repeat","background-position":"center center","background-size":"auto","background-attachment":"scroll","background-type":"","background-media":"","overlay-type":"","overlay-color":"","overlay-opacity":"","overlay-gradient":""},"tablet":{"background-color":"","background-image":"","background-repeat":"repeat","background-position":"center center","background-size":"auto","background-attachment":"scroll","background-type":"","background-media":"","overlay-type":"","overlay-color":"","overlay-opacity":"","overlay-gradient":""},"mobile":{"background-color":"","background-image":"","background-repeat":"repeat","background-position":"center center","background-size":"auto","background-attachment":"scroll","background-type":"","background-media":"","overlay-type":"","overlay-color":"","overlay-opacity":"","overlay-gradient":""}},"ast-content-background-meta":{"desktop":{"background-color":"var(--ast-global-color-5)","background-image":"","background-repeat":"repeat","background-position":"center center","background-size":"auto","background-attachment":"scroll","background-type":"","background-media":"","overlay-type":"","overlay-color":"","overlay-opacity":"","overlay-gradient":""},"tablet":{"background-color":"var(--ast-global-color-5)","background-image":"","background-repeat":"repeat","background-position":"center center","background-size":"auto","background-attachment":"scroll","background-type":"","background-media":"","overlay-type":"","overlay-color":"","overlay-opacity":"","overlay-gradient":""},"mobile":{"background-color":"var(--ast-global-color-5)","background-image":"","background-repeat":"repeat","background-position":"center center","background-size":"auto","background-attachment":"scroll","background-type":"","background-media":"","overlay-type":"","overlay-color":"","overlay-opacity":"","overlay-gradient":""}},"footnotes":""},"class_list":["post-1699","page","type-page","status-publish","hentry"],"acf":[],"yoast_head":"<!-- This site is optimized with the Yoast SEO Premium plugin v22.4 (Yoast SEO v27.4) - https:\/\/yoast.com\/product\/yoast-seo-premium-wordpress\/ -->\n<title>JOS\u00c9 MIGUEL FAYOS JORD\u00c1N -<\/title>\n<meta name=\"robots\" content=\"index, follow, max-snippet:-1, max-image-preview:large, max-video-preview:-1\" \/>\n<link rel=\"canonical\" href=\"https:\/\/www.omnesbands.international\/en\/jose-miguel-fayos-jordan-2\/\" \/>\n<meta property=\"og:locale\" content=\"en_US\" \/>\n<meta property=\"og:type\" content=\"article\" \/>\n<meta property=\"og:title\" content=\"JOS\u00c9 MIGUEL FAYOS JORD\u00c1N\" \/>\n<meta property=\"og:description\" content=\"JOS\u00c9 MIGUEL FAYOS JORD\u00c1N Natural de Chella (Valencia). Realiza sus estudios en el Conservatorio Superior de M\u00fasica \u201cJoaqu\u00edn Rodrigo\u201d\u009d de Valencia donde obtiene el t\u00edtulo de Profesor Superior de Composici\u00f3n culminando su carrera con el \u201cPremio extraordinario\u201d\u009d. Entre algunos de sus maestros destacan: R. Ramos, G. Jim\u00e9nez, E. Sanz-Burguete, C. Cano, E. Caland\u00edn y F. [&hellip;]\" \/>\n<meta property=\"og:url\" content=\"https:\/\/www.omnesbands.international\/en\/jose-miguel-fayos-jordan-2\/\" \/>\n<meta property=\"article:modified_time\" content=\"2023-01-29T04:04:52+00:00\" \/>\n<meta property=\"og:image\" content=\"https:\/\/www.omnesbands.international\/wp-content\/uploads\/2023\/01\/music-sheet-music-snowdrop-7107045.jpg\" \/>\n\t<meta property=\"og:image:width\" content=\"1280\" \/>\n\t<meta property=\"og:image:height\" content=\"742\" \/>\n\t<meta property=\"og:image:type\" content=\"image\/jpeg\" \/>\n<meta name=\"twitter:card\" content=\"summary_large_image\" \/>\n<meta name=\"twitter:label1\" content=\"Est. reading time\" \/>\n\t<meta name=\"twitter:data1\" content=\"3 minutes\" \/>\n<script type=\"application\/ld+json\" class=\"yoast-schema-graph\">{\"@context\":\"https:\\\/\\\/schema.org\",\"@graph\":[{\"@type\":\"WebPage\",\"@id\":\"https:\\\/\\\/www.omnesbands.international\\\/jose-miguel-fayos-jordan-2\\\/\",\"url\":\"https:\\\/\\\/www.omnesbands.international\\\/jose-miguel-fayos-jordan-2\\\/\",\"name\":\"JOS\u00c9 MIGUEL FAYOS JORD\u00c1N -\",\"isPartOf\":{\"@id\":\"https:\\\/\\\/www.omnesbands.international\\\/#website\"},\"datePublished\":\"2023-01-29T04:04:22+00:00\",\"dateModified\":\"2023-01-29T04:04:52+00:00\",\"breadcrumb\":{\"@id\":\"https:\\\/\\\/www.omnesbands.international\\\/jose-miguel-fayos-jordan-2\\\/#breadcrumb\"},\"inLanguage\":\"en-US\",\"potentialAction\":[{\"@type\":\"ReadAction\",\"target\":[\"https:\\\/\\\/www.omnesbands.international\\\/jose-miguel-fayos-jordan-2\\\/\"]}]},{\"@type\":\"BreadcrumbList\",\"@id\":\"https:\\\/\\\/www.omnesbands.international\\\/jose-miguel-fayos-jordan-2\\\/#breadcrumb\",\"itemListElement\":[{\"@type\":\"ListItem\",\"position\":1,\"name\":\"Portada\",\"item\":\"https:\\\/\\\/www.omnesbands.international\\\/\"},{\"@type\":\"ListItem\",\"position\":2,\"name\":\"JOS\u00c9 MIGUEL FAYOS JORD\u00c1N\"}]},{\"@type\":\"WebSite\",\"@id\":\"https:\\\/\\\/www.omnesbands.international\\\/#website\",\"url\":\"https:\\\/\\\/www.omnesbands.international\\\/\",\"name\":\"OMNESBANDS International\",\"description\":\"Partituras Originales de autores y compositores independientes\",\"publisher\":{\"@id\":\"https:\\\/\\\/www.omnesbands.international\\\/#organization\"},\"potentialAction\":[{\"@type\":\"SearchAction\",\"target\":{\"@type\":\"EntryPoint\",\"urlTemplate\":\"https:\\\/\\\/www.omnesbands.international\\\/?s={search_term_string}\"},\"query-input\":{\"@type\":\"PropertyValueSpecification\",\"valueRequired\":true,\"valueName\":\"search_term_string\"}}],\"inLanguage\":\"en-US\"},{\"@type\":\"Organization\",\"@id\":\"https:\\\/\\\/www.omnesbands.international\\\/#organization\",\"name\":\"Indra Consultores Internacionales\",\"alternateName\":\"Omnesbands\",\"url\":\"https:\\\/\\\/www.omnesbands.international\\\/\",\"logo\":{\"@type\":\"ImageObject\",\"inLanguage\":\"en-US\",\"@id\":\"https:\\\/\\\/www.omnesbands.international\\\/#\\\/schema\\\/logo\\\/image\\\/\",\"url\":\"https:\\\/\\\/omnesbands.international\\\/wp-content\\\/uploads\\\/2023\\\/06\\\/Logo-Nuevo-.png\",\"contentUrl\":\"https:\\\/\\\/omnesbands.international\\\/wp-content\\\/uploads\\\/2023\\\/06\\\/Logo-Nuevo-.png\",\"width\":394,\"height\":212,\"caption\":\"Indra Consultores Internacionales\"},\"image\":{\"@id\":\"https:\\\/\\\/www.omnesbands.international\\\/#\\\/schema\\\/logo\\\/image\\\/\"}}]}<\/script>\n<!-- \/ Yoast SEO Premium plugin. -->","yoast_head_json":{"title":"JOS\u00c9 MIGUEL FAYOS JORD\u00c1N -","robots":{"index":"index","follow":"follow","max-snippet":"max-snippet:-1","max-image-preview":"max-image-preview:large","max-video-preview":"max-video-preview:-1"},"canonical":"https:\/\/www.omnesbands.international\/en\/jose-miguel-fayos-jordan-2\/","og_locale":"en_US","og_type":"article","og_title":"JOS\u00c9 MIGUEL FAYOS JORD\u00c1N","og_description":"JOS\u00c9 MIGUEL FAYOS JORD\u00c1N Natural de Chella (Valencia). Realiza sus estudios en el Conservatorio Superior de M\u00fasica \u201cJoaqu\u00edn Rodrigo\u201d\u009d de Valencia donde obtiene el t\u00edtulo de Profesor Superior de Composici\u00f3n culminando su carrera con el \u201cPremio extraordinario\u201d\u009d. Entre algunos de sus maestros destacan: R. Ramos, G. Jim\u00e9nez, E. Sanz-Burguete, C. Cano, E. Caland\u00edn y F. [&hellip;]","og_url":"https:\/\/www.omnesbands.international\/en\/jose-miguel-fayos-jordan-2\/","article_modified_time":"2023-01-29T04:04:52+00:00","og_image":[{"width":1280,"height":742,"url":"https:\/\/www.omnesbands.international\/wp-content\/uploads\/2023\/01\/music-sheet-music-snowdrop-7107045.jpg","type":"image\/jpeg"}],"twitter_card":"summary_large_image","twitter_misc":{"Est. reading time":"3 minutes"},"schema":{"@context":"https:\/\/schema.org","@graph":[{"@type":"WebPage","@id":"https:\/\/www.omnesbands.international\/jose-miguel-fayos-jordan-2\/","url":"https:\/\/www.omnesbands.international\/jose-miguel-fayos-jordan-2\/","name":"JOS\u00c9 MIGUEL FAYOS JORD\u00c1N -","isPartOf":{"@id":"https:\/\/www.omnesbands.international\/#website"},"datePublished":"2023-01-29T04:04:22+00:00","dateModified":"2023-01-29T04:04:52+00:00","breadcrumb":{"@id":"https:\/\/www.omnesbands.international\/jose-miguel-fayos-jordan-2\/#breadcrumb"},"inLanguage":"en-US","potentialAction":[{"@type":"ReadAction","target":["https:\/\/www.omnesbands.international\/jose-miguel-fayos-jordan-2\/"]}]},{"@type":"BreadcrumbList","@id":"https:\/\/www.omnesbands.international\/jose-miguel-fayos-jordan-2\/#breadcrumb","itemListElement":[{"@type":"ListItem","position":1,"name":"Portada","item":"https:\/\/www.omnesbands.international\/"},{"@type":"ListItem","position":2,"name":"JOS\u00c9 MIGUEL FAYOS JORD\u00c1N"}]},{"@type":"WebSite","@id":"https:\/\/www.omnesbands.international\/#website","url":"https:\/\/www.omnesbands.international\/","name":"OMNESBANDS International","description":"Original Sheet Music by independent authors and composers","publisher":{"@id":"https:\/\/www.omnesbands.international\/#organization"},"potentialAction":[{"@type":"SearchAction","target":{"@type":"EntryPoint","urlTemplate":"https:\/\/www.omnesbands.international\/?s={search_term_string}"},"query-input":{"@type":"PropertyValueSpecification","valueRequired":true,"valueName":"search_term_string"}}],"inLanguage":"en-US"},{"@type":"Organization","@id":"https:\/\/www.omnesbands.international\/#organization","name":"Indra International Consultants","alternateName":"Omnesbands","url":"https:\/\/www.omnesbands.international\/","logo":{"@type":"ImageObject","inLanguage":"en-US","@id":"https:\/\/www.omnesbands.international\/#\/schema\/logo\/image\/","url":"https:\/\/omnesbands.international\/wp-content\/uploads\/2023\/06\/Logo-Nuevo-.png","contentUrl":"https:\/\/omnesbands.international\/wp-content\/uploads\/2023\/06\/Logo-Nuevo-.png","width":394,"height":212,"caption":"Indra Consultores Internacionales"},"image":{"@id":"https:\/\/www.omnesbands.international\/#\/schema\/logo\/image\/"}}]}},"uagb_featured_image_src":{"full":false,"thumbnail":false,"medium":false,"medium_large":false,"large":false,"1536x1536":false,"2048x2048":false,"trp-custom-language-flag":false,"gg_gallery_thumbnail":false,"woocommerce_thumbnail":false,"woocommerce_single":false,"woocommerce_gallery_thumbnail":false},"uagb_author_info":{"display_name":"Melvin R. Portillo A:","author_link":"https:\/\/www.omnesbands.international\/en\/author\/portand\/"},"uagb_comment_info":0,"uagb_excerpt":"JOS\u00c9 MIGUEL FAYOS JORD\u00c1N Natural de Chella (Valencia). Realiza sus estudios en el Conservatorio Superior de M\u00fasica \u201cJoaqu\u00edn Rodrigo\u201d\u009d de Valencia donde obtiene el t\u00edtulo de Profesor Superior de Composici\u00f3n culminando su carrera con el \u201cPremio extraordinario\u201d\u009d. Entre algunos de sus maestros destacan: R. Ramos, G. Jim\u00e9nez, E. Sanz-Burguete, C. Cano, E. Caland\u00edn y F.&hellip;","_links":{"self":[{"href":"https:\/\/www.omnesbands.international\/en\/wp-json\/wp\/v2\/pages\/1699","targetHints":{"allow":["GET"]}}],"collection":[{"href":"https:\/\/www.omnesbands.international\/en\/wp-json\/wp\/v2\/pages"}],"about":[{"href":"https:\/\/www.omnesbands.international\/en\/wp-json\/wp\/v2\/types\/page"}],"author":[{"embeddable":true,"href":"https:\/\/www.omnesbands.international\/en\/wp-json\/wp\/v2\/users\/4"}],"replies":[{"embeddable":true,"href":"https:\/\/www.omnesbands.international\/en\/wp-json\/wp\/v2\/comments?post=1699"}],"version-history":[{"count":2,"href":"https:\/\/www.omnesbands.international\/en\/wp-json\/wp\/v2\/pages\/1699\/revisions"}],"predecessor-version":[{"id":1701,"href":"https:\/\/www.omnesbands.international\/en\/wp-json\/wp\/v2\/pages\/1699\/revisions\/1701"}],"wp:attachment":[{"href":"https:\/\/www.omnesbands.international\/en\/wp-json\/wp\/v2\/media?parent=1699"}],"curies":[{"name":"wp","href":"https:\/\/api.w.org\/{rel}","templated":true}]}}