{"id":1711,"date":"2023-01-28T22:22:39","date_gmt":"2023-01-29T04:22:39","guid":{"rendered":"https:\/\/omnesbands.international\/?page_id=1711"},"modified":"2023-01-28T22:23:16","modified_gmt":"2023-01-29T04:23:16","slug":"jose-urena-eiras-2","status":"publish","type":"page","link":"https:\/\/www.omnesbands.international\/en\/jose-urena-eiras-2\/","title":{"rendered":"JOSE URE\u00d1A EIRAS"},"content":{"rendered":"<div class=\"wp-block-uagb-container uagb-block-c1f2230c alignfull uagb-is-root-container\"><div class=\"uagb-container-inner-blocks-wrap\">\n<div class=\"wp-block-uagb-advanced-heading uagb-block-afdcf47e\"><h1 class=\"uagb-heading-text\"><strong>JOSE URE\u00d1A EIRAS<\/strong><\/h1><\/div>\n<\/div><\/div>\n\n\n\n<div class=\"wp-block-uagb-container uagb-block-7cea9a94 alignfull uagb-is-root-container\"><div class=\"uagb-container-inner-blocks-wrap\">\n<div class=\"wp-block-uagb-container uagb-block-ee22586f\">\n<p>Born in Ontinyent (Valencia) in 1984. He began his musical studies at the Conservatory \"Jos\u00e9 Melchor Gomis\" of Ontinyent where he studied the elementary grade. He continued his studies at the Professional Conservatory \"Mestre Vert\" in Carcaixent, where he studied trumpet at the intermediate level, under the tutelage of trumpet teacher Salvador Albert, highlighting, among others, the teaching of teachers Oscar Creus, Enrique Hernandis and Francisco Javier Costa (Harmony, Analysis and Fundamentals of Composition).<\/p>\n<p>Later, he studied choir conducting specialties at the Madrid Royal Conservatory of Music, with maestro Adri\u00e1n Cobo, and orchestra conducting, with maestros Antonio Moya and Mercedes Padilla, finishing both specialties with top marks. She also studies composition, with teachers Manuel Seco and Zulema de la Cruz, among others.<\/p>\n<p>He has taken trumpet courses with professors Benjam\u00edn Moreno and Eric Aubier, with whom he obtained for two consecutive years the qualification of outstanding in the final evaluations. He also took courses in harmony and fundamentals of composition with Maestro Salvador Chuli\u00e1, where he was also commissioned to write the closing piece for the XVII International Music Course of Benidorm. He studies counterpoint and composition with Maestro Enrique Hernandis, and since 2005 in numerous courses of musical improvement, he studies conducting with the distinguished Maestro Enrique Garc\u00eda Asensio, being one of his favorite students, as well as his assistant teacher in various courses.<\/p>\n<p>Since 1997 he belongs to the Societat Uni\u00f3 Art\u00edstica Musical de Ontinyent, where he has been director of one of the chamber groups that the entity owns, director of its music school, as well as director of the orchestra and choir of the same, teacher of musical language, trumpet, singing, harmony, etc., besides being the assistant director of the music band and later President of the entity. He has been director of the rondalla and choir of the CEAM of Ontinyent, as well as director of the Choral Group of the same municipality. He was also trumpet teacher at the music school of the musical society \"Vila de Bocairent\". He was also music teacher in extracurricular activities at the school La Concepci\u00f3n de Ontinyent, and teacher of musical language at the school Mater Salvatoris in Madrid, and at the music academy 4 Cuerdas in that city. During the 2014\/2015 academic year he has been director of the municipal choir of Valdeluz (Guadalajara).<\/p>\n<p>From July 2004, until January 2014, he was the conductor of the symphonic band of the Agrupaci\u00f3-Escola Musical \"La Nova\" of l'Oller\u00eda, with which he obtained great achievements and successes throughout his almost a decade at the helm, besides being the director and teacher of its music school in various subjects. From February 2006 to December 2013 he was the conductor of the polyphonic choir \"Arpa d'Or\" of Alc\u00e1ntera de Xuquer, and from June 2012 to December 2013 conductor of the choral society \"Nou Orfe\u00f3\" of Ontinyent.<\/p>\n<p>He has been invited to conduct numerous bands and choirs throughout the Spanish geography, highlighting his activity in the Valencian Community, Catalonia, Castilla-La Mancha, Castilla y Le\u00f3n, Community of Madrid, and Andalusia.<\/p>\n<p>During the course 2014\/2015 he was professor of the specialty of band conducting at the Conservatorio Superior de M\u00fasica de Castilla-La Mancha, being the first time that this specialty is taught in an official Spanish conservatory, and being him, the first teacher who occupied that chair.<\/p>\n<p>He is currently a choir and orchestra teacher at the \"Luigi Boccherini\" municipal music school in Arenas de San Pedro (\u00c1vila), and a choir teacher at the \"Ram\u00f3n Garay\" professional music conservatory in Ja\u00e9n.<\/p>\n<p>As a composer he has to his credit more than 40 musical works of all styles and for all types of ensembles. His music has been performed all over Spain, as well as in the United States.<\/p>\n<\/div>\n<\/div><\/div>\n\n\n<div class=\"woocommerce columns-4\"><ul class=\"products columns-4\">\n<li class=\"desktop-align-left tablet-align-left mobile-align-left ast-product-gallery-layout-horizontal-slider product type-product post-1105 status-publish first instock product_cat-pasodobles product_tag-jose-urena-eiras has-post-thumbnail downloadable virtual taxable purchasable product-type-simple\">\n\t<a href=\"https:\/\/www.omnesbands.international\/en\/product\/ambaixadors-de-la-festa\/\" class=\"woocommerce-LoopProduct-link woocommerce-loop-product__link\"><img loading=\"lazy\" decoding=\"async\" width=\"300\" height=\"300\" src=\"https:\/\/www.omnesbands.international\/wp-content\/uploads\/2023\/01\/Ambaixadors-de-la-Festa-2-300x300.jpg\" class=\"attachment-woocommerce_thumbnail size-woocommerce_thumbnail\" alt=\"Ambaixadors de la Festa\" srcset=\"https:\/\/www.omnesbands.international\/wp-content\/uploads\/2023\/01\/Ambaixadors-de-la-Festa-2-300x300.jpg 300w, https:\/\/www.omnesbands.international\/wp-content\/uploads\/2023\/01\/Ambaixadors-de-la-Festa-2-150x150.jpg 150w, https:\/\/www.omnesbands.international\/wp-content\/uploads\/2023\/01\/Ambaixadors-de-la-Festa-2-11x12.jpg 11w, https:\/\/www.omnesbands.international\/wp-content\/uploads\/2023\/01\/Ambaixadors-de-la-Festa-2-100x100.jpg 100w\" sizes=\"auto, (max-width: 300px) 100vw, 300px\" \/><h2 class=\"woocommerce-loop-product__title\">Festival Ambassadors<\/h2>\n\t<span class=\"price\"><span class=\"woocommerce-Price-amount amount\"><bdi><span class=\"woocommerce-Price-currencySymbol\">&#36;<\/span>25.00<\/bdi><\/span><\/span>\n<\/a><a href=\"\/en\/wp-json\/wp\/v2\/pages\/1711?add-to-cart=1105\" aria-describedby=\"woocommerce_loop_add_to_cart_link_describedby_1105\" data-quantity=\"1\" class=\"button product_type_simple add_to_cart_button ajax_add_to_cart\" data-product_id=\"1105\" data-product_sku=\"AMB-PAS-ESP-22\" aria-label=\"Add to cart: \u201cAmbaixadors de la Festa\u201d\" rel=\"nofollow\" data-success_message=\"\u201cAmbaixadors de la Festa\u201d has been added to your cart\" role=\"button\" data-no-translation=\"\" data-trp-gettext=\"\" data-no-translation-aria-label=\"\" data-no-translation-data-success_message=\"\">Add to cart<\/a>\t<span id=\"woocommerce_loop_add_to_cart_link_describedby_1105\" class=\"screen-reader-text\">\n\t\t\t<\/span>\n<\/li>\n<li class=\"desktop-align-left tablet-align-left mobile-align-left ast-product-gallery-layout-horizontal-slider product type-product post-1304 status-publish instock product_cat-pasodobles product_tag-jose-urena-eiras has-post-thumbnail downloadable virtual taxable purchasable product-type-simple\">\n\t<a href=\"https:\/\/www.omnesbands.international\/en\/product\/cor-de-festa\/\" class=\"woocommerce-LoopProduct-link woocommerce-loop-product__link\"><img loading=\"lazy\" decoding=\"async\" width=\"300\" height=\"300\" src=\"https:\/\/www.omnesbands.international\/wp-content\/uploads\/2023\/01\/cor-de-festa-1-300x300.jpg\" class=\"attachment-woocommerce_thumbnail size-woocommerce_thumbnail\" alt=\"cor de festa\" srcset=\"https:\/\/www.omnesbands.international\/wp-content\/uploads\/2023\/01\/cor-de-festa-1-300x300.jpg 300w, https:\/\/www.omnesbands.international\/wp-content\/uploads\/2023\/01\/cor-de-festa-1-150x150.jpg 150w, https:\/\/www.omnesbands.international\/wp-content\/uploads\/2023\/01\/cor-de-festa-1-11x12.jpg 11w, https:\/\/www.omnesbands.international\/wp-content\/uploads\/2023\/01\/cor-de-festa-1-100x100.jpg 100w\" sizes=\"auto, (max-width: 300px) 100vw, 300px\" \/><h2 class=\"woocommerce-loop-product__title\">party choir<\/h2>\n\t<span class=\"price\"><span class=\"woocommerce-Price-amount amount\"><bdi><span class=\"woocommerce-Price-currencySymbol\">&#36;<\/span>25.00<\/bdi><\/span><\/span>\n<\/a><a href=\"\/en\/wp-json\/wp\/v2\/pages\/1711?add-to-cart=1304\" aria-describedby=\"woocommerce_loop_add_to_cart_link_describedby_1304\" data-quantity=\"1\" class=\"button product_type_simple add_to_cart_button ajax_add_to_cart\" data-product_id=\"1304\" data-product_sku=\"COR-PAS-ESP-22\" aria-label=\"Add to cart: \u201cCor de Festa\u201d\" rel=\"nofollow\" data-success_message=\"\u201cCor de Festa\u201d has been added to your cart\" role=\"button\" data-no-translation=\"\" data-trp-gettext=\"\" data-no-translation-aria-label=\"\" data-no-translation-data-success_message=\"\">Add to cart<\/a>\t<span id=\"woocommerce_loop_add_to_cart_link_describedby_1304\" class=\"screen-reader-text\">\n\t\t\t<\/span>\n<\/li>\n<\/ul>\n<\/div>","protected":false},"excerpt":{"rendered":"<p>JOS\u00c9 URE\u00d1A EIRAS Nace en Ontinyent (Valencia) en 1984. Inicia sus estudios musicales en el Conservatorio \u201cJos\u00e9 Melchor Gomis\u201d de Ontinyent donde cursa el Grado elemental. Continua sus estudios en el Conservatorio Profesional \u201cMestre Vert\u201d de Carcaixent, donde cursa el Grado Medio de trompeta, bajo la tutela del profesor de trompeta Salvador Albert, destacando, entre [&hellip;]<\/p>\n","protected":false},"author":4,"featured_media":0,"parent":0,"menu_order":0,"comment_status":"closed","ping_status":"closed","template":"","meta":{"_acf_changed":false,"_uag_custom_page_level_css":"","site-sidebar-layout":"default","site-content-layout":"","ast-site-content-layout":"default","site-content-style":"default","site-sidebar-style":"default","ast-global-header-display":"","ast-banner-title-visibility":"","ast-main-header-display":"","ast-hfb-above-header-display":"","ast-hfb-below-header-display":"","ast-hfb-mobile-header-display":"","site-post-title":"disabled","ast-breadcrumbs-content":"","ast-featured-img":"","footer-sml-layout":"","ast-disable-related-posts":"","theme-transparent-header-meta":"","adv-header-id-meta":"","stick-header-meta":"","header-above-stick-meta":"","header-main-stick-meta":"","header-below-stick-meta":"","astra-migrate-meta-layouts":"default","ast-page-background-enabled":"default","ast-page-background-meta":{"desktop":{"background-color":"","background-image":"","background-repeat":"repeat","background-position":"center center","background-size":"auto","background-attachment":"scroll","background-type":"","background-media":"","overlay-type":"","overlay-color":"","overlay-opacity":"","overlay-gradient":""},"tablet":{"background-color":"","background-image":"","background-repeat":"repeat","background-position":"center center","background-size":"auto","background-attachment":"scroll","background-type":"","background-media":"","overlay-type":"","overlay-color":"","overlay-opacity":"","overlay-gradient":""},"mobile":{"background-color":"","background-image":"","background-repeat":"repeat","background-position":"center center","background-size":"auto","background-attachment":"scroll","background-type":"","background-media":"","overlay-type":"","overlay-color":"","overlay-opacity":"","overlay-gradient":""}},"ast-content-background-meta":{"desktop":{"background-color":"var(--ast-global-color-5)","background-image":"","background-repeat":"repeat","background-position":"center center","background-size":"auto","background-attachment":"scroll","background-type":"","background-media":"","overlay-type":"","overlay-color":"","overlay-opacity":"","overlay-gradient":""},"tablet":{"background-color":"var(--ast-global-color-5)","background-image":"","background-repeat":"repeat","background-position":"center center","background-size":"auto","background-attachment":"scroll","background-type":"","background-media":"","overlay-type":"","overlay-color":"","overlay-opacity":"","overlay-gradient":""},"mobile":{"background-color":"var(--ast-global-color-5)","background-image":"","background-repeat":"repeat","background-position":"center center","background-size":"auto","background-attachment":"scroll","background-type":"","background-media":"","overlay-type":"","overlay-color":"","overlay-opacity":"","overlay-gradient":""}},"footnotes":""},"class_list":["post-1711","page","type-page","status-publish","hentry"],"acf":[],"yoast_head":"<!-- This site is optimized with the Yoast SEO Premium plugin v22.4 (Yoast SEO v27.4) - https:\/\/yoast.com\/product\/yoast-seo-premium-wordpress\/ -->\n<title>JOS\u00c9 URE\u00d1A EIRAS -<\/title>\n<meta name=\"robots\" content=\"index, follow, max-snippet:-1, max-image-preview:large, max-video-preview:-1\" \/>\n<link rel=\"canonical\" href=\"https:\/\/www.omnesbands.international\/en\/jose-urena-eiras-2\/\" \/>\n<meta property=\"og:locale\" content=\"en_US\" \/>\n<meta property=\"og:type\" content=\"article\" \/>\n<meta property=\"og:title\" content=\"JOS\u00c9 URE\u00d1A EIRAS\" \/>\n<meta property=\"og:description\" content=\"JOS\u00c9 URE\u00d1A EIRAS Nace en Ontinyent (Valencia) en 1984. Inicia sus estudios musicales en el Conservatorio \u201cJos\u00e9 Melchor Gomis\u201d de Ontinyent donde cursa el Grado elemental. Continua sus estudios en el Conservatorio Profesional \u201cMestre Vert\u201d de Carcaixent, donde cursa el Grado Medio de trompeta, bajo la tutela del profesor de trompeta Salvador Albert, destacando, entre [&hellip;]\" \/>\n<meta property=\"og:url\" content=\"https:\/\/www.omnesbands.international\/en\/jose-urena-eiras-2\/\" \/>\n<meta property=\"article:modified_time\" content=\"2023-01-29T04:23:16+00:00\" \/>\n<meta property=\"og:image\" content=\"https:\/\/www.omnesbands.international\/wp-content\/uploads\/2023\/01\/music-sheet-music-snowdrop-7107045.jpg\" \/>\n\t<meta property=\"og:image:width\" content=\"1280\" \/>\n\t<meta property=\"og:image:height\" content=\"742\" \/>\n\t<meta property=\"og:image:type\" content=\"image\/jpeg\" \/>\n<meta name=\"twitter:card\" content=\"summary_large_image\" \/>\n<meta name=\"twitter:label1\" content=\"Est. reading time\" \/>\n\t<meta name=\"twitter:data1\" content=\"3 minutes\" \/>\n<script type=\"application\/ld+json\" class=\"yoast-schema-graph\">{\"@context\":\"https:\\\/\\\/schema.org\",\"@graph\":[{\"@type\":\"WebPage\",\"@id\":\"https:\\\/\\\/www.omnesbands.international\\\/jose-urena-eiras-2\\\/\",\"url\":\"https:\\\/\\\/www.omnesbands.international\\\/jose-urena-eiras-2\\\/\",\"name\":\"JOS\u00c9 URE\u00d1A EIRAS -\",\"isPartOf\":{\"@id\":\"https:\\\/\\\/www.omnesbands.international\\\/#website\"},\"datePublished\":\"2023-01-29T04:22:39+00:00\",\"dateModified\":\"2023-01-29T04:23:16+00:00\",\"breadcrumb\":{\"@id\":\"https:\\\/\\\/www.omnesbands.international\\\/jose-urena-eiras-2\\\/#breadcrumb\"},\"inLanguage\":\"en-US\",\"potentialAction\":[{\"@type\":\"ReadAction\",\"target\":[\"https:\\\/\\\/www.omnesbands.international\\\/jose-urena-eiras-2\\\/\"]}]},{\"@type\":\"BreadcrumbList\",\"@id\":\"https:\\\/\\\/www.omnesbands.international\\\/jose-urena-eiras-2\\\/#breadcrumb\",\"itemListElement\":[{\"@type\":\"ListItem\",\"position\":1,\"name\":\"Portada\",\"item\":\"https:\\\/\\\/www.omnesbands.international\\\/\"},{\"@type\":\"ListItem\",\"position\":2,\"name\":\"JOS\u00c9 URE\u00d1A EIRAS\"}]},{\"@type\":\"WebSite\",\"@id\":\"https:\\\/\\\/www.omnesbands.international\\\/#website\",\"url\":\"https:\\\/\\\/www.omnesbands.international\\\/\",\"name\":\"OMNESBANDS International\",\"description\":\"Partituras Originales de autores y compositores independientes\",\"publisher\":{\"@id\":\"https:\\\/\\\/www.omnesbands.international\\\/#organization\"},\"potentialAction\":[{\"@type\":\"SearchAction\",\"target\":{\"@type\":\"EntryPoint\",\"urlTemplate\":\"https:\\\/\\\/www.omnesbands.international\\\/?s={search_term_string}\"},\"query-input\":{\"@type\":\"PropertyValueSpecification\",\"valueRequired\":true,\"valueName\":\"search_term_string\"}}],\"inLanguage\":\"en-US\"},{\"@type\":\"Organization\",\"@id\":\"https:\\\/\\\/www.omnesbands.international\\\/#organization\",\"name\":\"Indra Consultores Internacionales\",\"alternateName\":\"Omnesbands\",\"url\":\"https:\\\/\\\/www.omnesbands.international\\\/\",\"logo\":{\"@type\":\"ImageObject\",\"inLanguage\":\"en-US\",\"@id\":\"https:\\\/\\\/www.omnesbands.international\\\/#\\\/schema\\\/logo\\\/image\\\/\",\"url\":\"https:\\\/\\\/omnesbands.international\\\/wp-content\\\/uploads\\\/2023\\\/06\\\/Logo-Nuevo-.png\",\"contentUrl\":\"https:\\\/\\\/omnesbands.international\\\/wp-content\\\/uploads\\\/2023\\\/06\\\/Logo-Nuevo-.png\",\"width\":394,\"height\":212,\"caption\":\"Indra Consultores Internacionales\"},\"image\":{\"@id\":\"https:\\\/\\\/www.omnesbands.international\\\/#\\\/schema\\\/logo\\\/image\\\/\"}}]}<\/script>\n<!-- \/ Yoast SEO Premium plugin. -->","yoast_head_json":{"title":"JOS\u00c9 URE\u00d1A EIRAS -","robots":{"index":"index","follow":"follow","max-snippet":"max-snippet:-1","max-image-preview":"max-image-preview:large","max-video-preview":"max-video-preview:-1"},"canonical":"https:\/\/www.omnesbands.international\/en\/jose-urena-eiras-2\/","og_locale":"en_US","og_type":"article","og_title":"JOS\u00c9 URE\u00d1A EIRAS","og_description":"JOS\u00c9 URE\u00d1A EIRAS Nace en Ontinyent (Valencia) en 1984. Inicia sus estudios musicales en el Conservatorio \u201cJos\u00e9 Melchor Gomis\u201d de Ontinyent donde cursa el Grado elemental. Continua sus estudios en el Conservatorio Profesional \u201cMestre Vert\u201d de Carcaixent, donde cursa el Grado Medio de trompeta, bajo la tutela del profesor de trompeta Salvador Albert, destacando, entre [&hellip;]","og_url":"https:\/\/www.omnesbands.international\/en\/jose-urena-eiras-2\/","article_modified_time":"2023-01-29T04:23:16+00:00","og_image":[{"width":1280,"height":742,"url":"https:\/\/www.omnesbands.international\/wp-content\/uploads\/2023\/01\/music-sheet-music-snowdrop-7107045.jpg","type":"image\/jpeg"}],"twitter_card":"summary_large_image","twitter_misc":{"Est. reading time":"3 minutes"},"schema":{"@context":"https:\/\/schema.org","@graph":[{"@type":"WebPage","@id":"https:\/\/www.omnesbands.international\/jose-urena-eiras-2\/","url":"https:\/\/www.omnesbands.international\/jose-urena-eiras-2\/","name":"JOS\u00c9 URE\u00d1A EIRAS -","isPartOf":{"@id":"https:\/\/www.omnesbands.international\/#website"},"datePublished":"2023-01-29T04:22:39+00:00","dateModified":"2023-01-29T04:23:16+00:00","breadcrumb":{"@id":"https:\/\/www.omnesbands.international\/jose-urena-eiras-2\/#breadcrumb"},"inLanguage":"en-US","potentialAction":[{"@type":"ReadAction","target":["https:\/\/www.omnesbands.international\/jose-urena-eiras-2\/"]}]},{"@type":"BreadcrumbList","@id":"https:\/\/www.omnesbands.international\/jose-urena-eiras-2\/#breadcrumb","itemListElement":[{"@type":"ListItem","position":1,"name":"Portada","item":"https:\/\/www.omnesbands.international\/"},{"@type":"ListItem","position":2,"name":"JOS\u00c9 URE\u00d1A EIRAS"}]},{"@type":"WebSite","@id":"https:\/\/www.omnesbands.international\/#website","url":"https:\/\/www.omnesbands.international\/","name":"OMNESBANDS International","description":"Original Sheet Music by independent authors and composers","publisher":{"@id":"https:\/\/www.omnesbands.international\/#organization"},"potentialAction":[{"@type":"SearchAction","target":{"@type":"EntryPoint","urlTemplate":"https:\/\/www.omnesbands.international\/?s={search_term_string}"},"query-input":{"@type":"PropertyValueSpecification","valueRequired":true,"valueName":"search_term_string"}}],"inLanguage":"en-US"},{"@type":"Organization","@id":"https:\/\/www.omnesbands.international\/#organization","name":"Indra International Consultants","alternateName":"Omnesbands","url":"https:\/\/www.omnesbands.international\/","logo":{"@type":"ImageObject","inLanguage":"en-US","@id":"https:\/\/www.omnesbands.international\/#\/schema\/logo\/image\/","url":"https:\/\/omnesbands.international\/wp-content\/uploads\/2023\/06\/Logo-Nuevo-.png","contentUrl":"https:\/\/omnesbands.international\/wp-content\/uploads\/2023\/06\/Logo-Nuevo-.png","width":394,"height":212,"caption":"Indra Consultores Internacionales"},"image":{"@id":"https:\/\/www.omnesbands.international\/#\/schema\/logo\/image\/"}}]}},"uagb_featured_image_src":{"full":false,"thumbnail":false,"medium":false,"medium_large":false,"large":false,"1536x1536":false,"2048x2048":false,"trp-custom-language-flag":false,"gg_gallery_thumbnail":false,"woocommerce_thumbnail":false,"woocommerce_single":false,"woocommerce_gallery_thumbnail":false},"uagb_author_info":{"display_name":"Melvin R. Portillo A:","author_link":"https:\/\/www.omnesbands.international\/en\/author\/portand\/"},"uagb_comment_info":0,"uagb_excerpt":"JOS\u00c9 URE\u00d1A EIRAS Nace en Ontinyent (Valencia) en 1984. Inicia sus estudios musicales en el Conservatorio \u201cJos\u00e9 Melchor Gomis\u201d de Ontinyent donde cursa el Grado elemental. Continua sus estudios en el Conservatorio Profesional \u201cMestre Vert\u201d de Carcaixent, donde cursa el Grado Medio de trompeta, bajo la tutela del profesor de trompeta Salvador Albert, destacando, entre&hellip;","_links":{"self":[{"href":"https:\/\/www.omnesbands.international\/en\/wp-json\/wp\/v2\/pages\/1711","targetHints":{"allow":["GET"]}}],"collection":[{"href":"https:\/\/www.omnesbands.international\/en\/wp-json\/wp\/v2\/pages"}],"about":[{"href":"https:\/\/www.omnesbands.international\/en\/wp-json\/wp\/v2\/types\/page"}],"author":[{"embeddable":true,"href":"https:\/\/www.omnesbands.international\/en\/wp-json\/wp\/v2\/users\/4"}],"replies":[{"embeddable":true,"href":"https:\/\/www.omnesbands.international\/en\/wp-json\/wp\/v2\/comments?post=1711"}],"version-history":[{"count":2,"href":"https:\/\/www.omnesbands.international\/en\/wp-json\/wp\/v2\/pages\/1711\/revisions"}],"predecessor-version":[{"id":1713,"href":"https:\/\/www.omnesbands.international\/en\/wp-json\/wp\/v2\/pages\/1711\/revisions\/1713"}],"wp:attachment":[{"href":"https:\/\/www.omnesbands.international\/en\/wp-json\/wp\/v2\/media?parent=1711"}],"curies":[{"name":"wp","href":"https:\/\/api.w.org\/{rel}","templated":true}]}}