{"id":1718,"date":"2023-01-29T07:58:24","date_gmt":"2023-01-29T13:58:24","guid":{"rendered":"https:\/\/omnesbands.international\/?page_id=1718"},"modified":"2023-01-29T08:00:02","modified_gmt":"2023-01-29T14:00:02","slug":"josep-robert-selles-i-camps-2","status":"publish","type":"page","link":"https:\/\/www.omnesbands.international\/en\/josep-robert-selles-i-camps-2\/","title":{"rendered":"JOSEP ROBERT SELL\u00c9S I CAMPS"},"content":{"rendered":"<div class=\"wp-block-uagb-container uagb-block-8d79697d alignfull uagb-is-root-container\"><div class=\"uagb-container-inner-blocks-wrap\">\n<div class=\"wp-block-uagb-advanced-heading uagb-block-3e74cd28\"><h1 class=\"uagb-heading-text\"><strong>JOSEP ROBERT SELL\u00c9S I CAMPS<\/strong><\/h1><\/div>\n<\/div><\/div>\n\n\n\n<div class=\"wp-block-uagb-container uagb-block-5a4c5c69 alignfull uagb-is-root-container\"><div class=\"uagb-container-inner-blocks-wrap\">\n<div class=\"wp-block-uagb-container uagb-block-bdd43233\">\n<p>He was born in Cocentaina on December 25, 1962. Graduated in choir conducting at the Conservatorio Superior de M\u00fasica de Valencia, obtaining the extraordinary end of career award.<\/p>\n<p>He is a Superior Professor of Guitar at the \"Oscar Espl\u00e1\" Conservatory in Alicante, being awarded the extraordinary prize in this specialty. He studies composition with Javier Dar\u00edas and Amando Blanquer, attending various contemporary composition courses directed by personalities such as Albert Sarda, Luis de Pablo, Ramon Rarce. Tom\u00e1s Marco, Alfredo Aracil, Jos\u00e9 Luis Turina, Crist\u00f3bal Halfter and Trist\u00e1n Murail. He further studies Choral Conducting in Cuenca, with the teachers Samuel Rubio, Elvira Pad\u00edn and Sabas Calvillo, and in Lleida with the teachers Erwin List, Helmut Lips and Josep Prats.<\/p>\n<p>He has a degree in Business Studies from the University of Alicante, and a Master in Aesthetics and Musical Creativity from the University of Valencia. He has been director of the \"Agrupaci\u00f3n Vocal Eduardo Torres de Albaida\", as well as co-director of the Orquesta de Pulso y P\u00faa \"La Paloma\" of Cocentaina.<\/p>\n<p>He has directed the Sociedad Ateneo Musical de Cocentaina, an entity with which he obtained an Honorable Mention in the International Band Contest \u201cCiutat de Valencia 1997\u201d.<\/p>\n<p>In 1996 he was awarded the \"Jos\u00e9 H\u00f3dar\" prize for the best Choral Conducting in the \"XIII Certamen Internacional de Habaneras y Polifon\u00eda\" of Torrevieja (Alicante), being awarded the first prize to the \"Cor de Cambra Discantus\" under his conduction.<\/p>\n<p>He has won the first prize of the \"I Concurs de Composici\u00f3 Coral de la Federaci\u00f3 de Cors de la Comunitat Valenciana 1999\".<\/p>\n<p>He is currently Technical Director of the \u201cFira de Tots Sants Choral Contest\u201d of Cocentaina and of the \u201cCor de Cambra Discantus\u201d, an entity with which he has received numerous awards.<\/p>\n<\/div>\n<\/div><\/div>\n\n\n<div class=\"woocommerce columns-4\"><ul class=\"products columns-4\">\n<li class=\"desktop-align-left tablet-align-left mobile-align-left ast-product-gallery-layout-horizontal-slider product type-product post-949 status-publish first instock product_cat-musica-de-calle product_tag-josep-robert-selles-i-camps has-post-thumbnail downloadable virtual taxable purchasable product-type-simple\">\n\t<a href=\"https:\/\/www.omnesbands.international\/en\/product\/al-meu-prim\/\" class=\"woocommerce-LoopProduct-link woocommerce-loop-product__link\"><img loading=\"lazy\" decoding=\"async\" width=\"300\" height=\"300\" src=\"https:\/\/www.omnesbands.international\/wp-content\/uploads\/2023\/01\/Al-meu-prim-300x300.jpg\" class=\"attachment-woocommerce_thumbnail size-woocommerce_thumbnail\" alt=\"Al meu prim\" srcset=\"https:\/\/www.omnesbands.international\/wp-content\/uploads\/2023\/01\/Al-meu-prim-300x300.jpg 300w, https:\/\/www.omnesbands.international\/wp-content\/uploads\/2023\/01\/Al-meu-prim-150x150.jpg 150w, https:\/\/www.omnesbands.international\/wp-content\/uploads\/2023\/01\/Al-meu-prim-100x100.jpg 100w\" sizes=\"auto, (max-width: 300px) 100vw, 300px\" \/><h2 class=\"woocommerce-loop-product__title\">to my first<\/h2>\n\t<span class=\"price\"><span class=\"woocommerce-Price-amount amount\"><bdi><span class=\"woocommerce-Price-currencySymbol\">&#36;<\/span>15.00<\/bdi><\/span><\/span>\n<\/a><a href=\"\/en\/wp-json\/wp\/v2\/pages\/1718?add-to-cart=949\" aria-describedby=\"woocommerce_loop_add_to_cart_link_describedby_949\" data-quantity=\"1\" class=\"button product_type_simple add_to_cart_button ajax_add_to_cart\" data-product_id=\"949\" data-product_sku=\"AL-REL-ESP-22\" aria-label=\"Add to cart: \u201cAl meu prim\u201d\" rel=\"nofollow\" data-success_message=\"\u201cAl meu prim\u201d has been added to your cart\" role=\"button\" data-no-translation=\"\" data-trp-gettext=\"\" data-no-translation-aria-label=\"\" data-no-translation-data-success_message=\"\">Add to cart<\/a>\t<span id=\"woocommerce_loop_add_to_cart_link_describedby_949\" class=\"screen-reader-text\">\n\t\t\t<\/span>\n<\/li>\n<\/ul>\n<\/div>","protected":false},"excerpt":{"rendered":"<p>JOSEP ROBERT SELL\u00c9S I CAMPS Naci\u00f3 en Cocentaina el 25 de diciembre de 1962. Titulado en direcci\u00f3n de coros por el Conservatorio Superior de M\u00fasica de Valencia, obteniendo el premio extraordinario fin de carrera. Es Profesor Superior de Guitarra por el Conservatorio &#8220;Oscar Espl\u00e1&#8221; de Alicante, siendo galardonado con el premio extraordinario de esta especialidad. [&hellip;]<\/p>\n","protected":false},"author":4,"featured_media":0,"parent":0,"menu_order":0,"comment_status":"closed","ping_status":"closed","template":"","meta":{"_acf_changed":false,"_uag_custom_page_level_css":"","site-sidebar-layout":"default","site-content-layout":"","ast-site-content-layout":"default","site-content-style":"default","site-sidebar-style":"default","ast-global-header-display":"","ast-banner-title-visibility":"","ast-main-header-display":"","ast-hfb-above-header-display":"","ast-hfb-below-header-display":"","ast-hfb-mobile-header-display":"","site-post-title":"disabled","ast-breadcrumbs-content":"","ast-featured-img":"","footer-sml-layout":"","ast-disable-related-posts":"","theme-transparent-header-meta":"","adv-header-id-meta":"","stick-header-meta":"","header-above-stick-meta":"","header-main-stick-meta":"","header-below-stick-meta":"","astra-migrate-meta-layouts":"default","ast-page-background-enabled":"default","ast-page-background-meta":{"desktop":{"background-color":"","background-image":"","background-repeat":"repeat","background-position":"center center","background-size":"auto","background-attachment":"scroll","background-type":"","background-media":"","overlay-type":"","overlay-color":"","overlay-opacity":"","overlay-gradient":""},"tablet":{"background-color":"","background-image":"","background-repeat":"repeat","background-position":"center center","background-size":"auto","background-attachment":"scroll","background-type":"","background-media":"","overlay-type":"","overlay-color":"","overlay-opacity":"","overlay-gradient":""},"mobile":{"background-color":"","background-image":"","background-repeat":"repeat","background-position":"center center","background-size":"auto","background-attachment":"scroll","background-type":"","background-media":"","overlay-type":"","overlay-color":"","overlay-opacity":"","overlay-gradient":""}},"ast-content-background-meta":{"desktop":{"background-color":"var(--ast-global-color-5)","background-image":"","background-repeat":"repeat","background-position":"center center","background-size":"auto","background-attachment":"scroll","background-type":"","background-media":"","overlay-type":"","overlay-color":"","overlay-opacity":"","overlay-gradient":""},"tablet":{"background-color":"var(--ast-global-color-5)","background-image":"","background-repeat":"repeat","background-position":"center center","background-size":"auto","background-attachment":"scroll","background-type":"","background-media":"","overlay-type":"","overlay-color":"","overlay-opacity":"","overlay-gradient":""},"mobile":{"background-color":"var(--ast-global-color-5)","background-image":"","background-repeat":"repeat","background-position":"center center","background-size":"auto","background-attachment":"scroll","background-type":"","background-media":"","overlay-type":"","overlay-color":"","overlay-opacity":"","overlay-gradient":""}},"footnotes":""},"class_list":["post-1718","page","type-page","status-publish","hentry"],"acf":[],"yoast_head":"<!-- This site is optimized with the Yoast SEO Premium plugin v22.4 (Yoast SEO v27.4) - https:\/\/yoast.com\/product\/yoast-seo-premium-wordpress\/ -->\n<title>JOSEP ROBERT SELL\u00c9S I CAMPS -<\/title>\n<meta name=\"robots\" content=\"index, follow, max-snippet:-1, max-image-preview:large, max-video-preview:-1\" \/>\n<link rel=\"canonical\" href=\"https:\/\/www.omnesbands.international\/en\/josep-robert-selles-i-camps-2\/\" \/>\n<meta property=\"og:locale\" content=\"en_US\" \/>\n<meta property=\"og:type\" content=\"article\" \/>\n<meta property=\"og:title\" content=\"JOSEP ROBERT SELL\u00c9S I CAMPS\" \/>\n<meta property=\"og:description\" content=\"JOSEP ROBERT SELL\u00c9S I CAMPS Naci\u00f3 en Cocentaina el 25 de diciembre de 1962. Titulado en direcci\u00f3n de coros por el Conservatorio Superior de M\u00fasica de Valencia, obteniendo el premio extraordinario fin de carrera. Es Profesor Superior de Guitarra por el Conservatorio &#8220;Oscar Espl\u00e1&#8221; de Alicante, siendo galardonado con el premio extraordinario de esta especialidad. [&hellip;]\" \/>\n<meta property=\"og:url\" content=\"https:\/\/www.omnesbands.international\/en\/josep-robert-selles-i-camps-2\/\" \/>\n<meta property=\"article:modified_time\" content=\"2023-01-29T14:00:02+00:00\" \/>\n<meta property=\"og:image\" content=\"https:\/\/www.omnesbands.international\/wp-content\/uploads\/2023\/01\/music-sheet-music-snowdrop-7107045.jpg\" \/>\n\t<meta property=\"og:image:width\" content=\"1280\" \/>\n\t<meta property=\"og:image:height\" content=\"742\" \/>\n\t<meta property=\"og:image:type\" content=\"image\/jpeg\" \/>\n<meta name=\"twitter:card\" content=\"summary_large_image\" \/>\n<meta name=\"twitter:label1\" content=\"Est. reading time\" \/>\n\t<meta name=\"twitter:data1\" content=\"2 minutes\" \/>\n<script type=\"application\/ld+json\" class=\"yoast-schema-graph\">{\"@context\":\"https:\\\/\\\/schema.org\",\"@graph\":[{\"@type\":\"WebPage\",\"@id\":\"https:\\\/\\\/www.omnesbands.international\\\/fr\\\/josep-robert-selles-i-camps-2\\\/\",\"url\":\"https:\\\/\\\/www.omnesbands.international\\\/fr\\\/josep-robert-selles-i-camps-2\\\/\",\"name\":\"JOSEP ROBERT SELL\u00c9S I CAMPS -\",\"isPartOf\":{\"@id\":\"https:\\\/\\\/www.omnesbands.international\\\/#website\"},\"datePublished\":\"2023-01-29T13:58:24+00:00\",\"dateModified\":\"2023-01-29T14:00:02+00:00\",\"breadcrumb\":{\"@id\":\"https:\\\/\\\/www.omnesbands.international\\\/fr\\\/josep-robert-selles-i-camps-2\\\/#breadcrumb\"},\"inLanguage\":\"en-US\",\"potentialAction\":[{\"@type\":\"ReadAction\",\"target\":[\"https:\\\/\\\/www.omnesbands.international\\\/fr\\\/josep-robert-selles-i-camps-2\\\/\"]}]},{\"@type\":\"BreadcrumbList\",\"@id\":\"https:\\\/\\\/www.omnesbands.international\\\/fr\\\/josep-robert-selles-i-camps-2\\\/#breadcrumb\",\"itemListElement\":[{\"@type\":\"ListItem\",\"position\":1,\"name\":\"Portada\",\"item\":\"https:\\\/\\\/www.omnesbands.international\\\/\"},{\"@type\":\"ListItem\",\"position\":2,\"name\":\"JOSEP ROBERT SELL\u00c9S I CAMPS\"}]},{\"@type\":\"WebSite\",\"@id\":\"https:\\\/\\\/www.omnesbands.international\\\/#website\",\"url\":\"https:\\\/\\\/www.omnesbands.international\\\/\",\"name\":\"OMNESBANDS International\",\"description\":\"Partituras Originales de autores y compositores independientes\",\"publisher\":{\"@id\":\"https:\\\/\\\/www.omnesbands.international\\\/#organization\"},\"potentialAction\":[{\"@type\":\"SearchAction\",\"target\":{\"@type\":\"EntryPoint\",\"urlTemplate\":\"https:\\\/\\\/www.omnesbands.international\\\/?s={search_term_string}\"},\"query-input\":{\"@type\":\"PropertyValueSpecification\",\"valueRequired\":true,\"valueName\":\"search_term_string\"}}],\"inLanguage\":\"en-US\"},{\"@type\":\"Organization\",\"@id\":\"https:\\\/\\\/www.omnesbands.international\\\/#organization\",\"name\":\"Indra Consultores Internacionales\",\"alternateName\":\"Omnesbands\",\"url\":\"https:\\\/\\\/www.omnesbands.international\\\/\",\"logo\":{\"@type\":\"ImageObject\",\"inLanguage\":\"en-US\",\"@id\":\"https:\\\/\\\/www.omnesbands.international\\\/#\\\/schema\\\/logo\\\/image\\\/\",\"url\":\"https:\\\/\\\/omnesbands.international\\\/wp-content\\\/uploads\\\/2023\\\/06\\\/Logo-Nuevo-.png\",\"contentUrl\":\"https:\\\/\\\/omnesbands.international\\\/wp-content\\\/uploads\\\/2023\\\/06\\\/Logo-Nuevo-.png\",\"width\":394,\"height\":212,\"caption\":\"Indra Consultores Internacionales\"},\"image\":{\"@id\":\"https:\\\/\\\/www.omnesbands.international\\\/#\\\/schema\\\/logo\\\/image\\\/\"}}]}<\/script>\n<!-- \/ Yoast SEO Premium plugin. -->","yoast_head_json":{"title":"JOSEP ROBERT SELL\u00c9S I CAMPS -","robots":{"index":"index","follow":"follow","max-snippet":"max-snippet:-1","max-image-preview":"max-image-preview:large","max-video-preview":"max-video-preview:-1"},"canonical":"https:\/\/www.omnesbands.international\/en\/josep-robert-selles-i-camps-2\/","og_locale":"en_US","og_type":"article","og_title":"JOSEP ROBERT SELL\u00c9S I CAMPS","og_description":"JOSEP ROBERT SELL\u00c9S I CAMPS Naci\u00f3 en Cocentaina el 25 de diciembre de 1962. Titulado en direcci\u00f3n de coros por el Conservatorio Superior de M\u00fasica de Valencia, obteniendo el premio extraordinario fin de carrera. Es Profesor Superior de Guitarra por el Conservatorio &#8220;Oscar Espl\u00e1&#8221; de Alicante, siendo galardonado con el premio extraordinario de esta especialidad. [&hellip;]","og_url":"https:\/\/www.omnesbands.international\/en\/josep-robert-selles-i-camps-2\/","article_modified_time":"2023-01-29T14:00:02+00:00","og_image":[{"width":1280,"height":742,"url":"https:\/\/www.omnesbands.international\/wp-content\/uploads\/2023\/01\/music-sheet-music-snowdrop-7107045.jpg","type":"image\/jpeg"}],"twitter_card":"summary_large_image","twitter_misc":{"Est. reading time":"2 minutes"},"schema":{"@context":"https:\/\/schema.org","@graph":[{"@type":"WebPage","@id":"https:\/\/www.omnesbands.international\/fr\/josep-robert-selles-i-camps-2\/","url":"https:\/\/www.omnesbands.international\/fr\/josep-robert-selles-i-camps-2\/","name":"JOSEP ROBERT SELL\u00c9S I CAMPS -","isPartOf":{"@id":"https:\/\/www.omnesbands.international\/#website"},"datePublished":"2023-01-29T13:58:24+00:00","dateModified":"2023-01-29T14:00:02+00:00","breadcrumb":{"@id":"https:\/\/www.omnesbands.international\/fr\/josep-robert-selles-i-camps-2\/#breadcrumb"},"inLanguage":"en-US","potentialAction":[{"@type":"ReadAction","target":["https:\/\/www.omnesbands.international\/fr\/josep-robert-selles-i-camps-2\/"]}]},{"@type":"BreadcrumbList","@id":"https:\/\/www.omnesbands.international\/fr\/josep-robert-selles-i-camps-2\/#breadcrumb","itemListElement":[{"@type":"ListItem","position":1,"name":"Portada","item":"https:\/\/www.omnesbands.international\/"},{"@type":"ListItem","position":2,"name":"JOSEP ROBERT SELL\u00c9S I CAMPS"}]},{"@type":"WebSite","@id":"https:\/\/www.omnesbands.international\/#website","url":"https:\/\/www.omnesbands.international\/","name":"OMNESBANDS International","description":"Original Sheet Music by independent authors and composers","publisher":{"@id":"https:\/\/www.omnesbands.international\/#organization"},"potentialAction":[{"@type":"SearchAction","target":{"@type":"EntryPoint","urlTemplate":"https:\/\/www.omnesbands.international\/?s={search_term_string}"},"query-input":{"@type":"PropertyValueSpecification","valueRequired":true,"valueName":"search_term_string"}}],"inLanguage":"en-US"},{"@type":"Organization","@id":"https:\/\/www.omnesbands.international\/#organization","name":"Indra International Consultants","alternateName":"Omnesbands","url":"https:\/\/www.omnesbands.international\/","logo":{"@type":"ImageObject","inLanguage":"en-US","@id":"https:\/\/www.omnesbands.international\/#\/schema\/logo\/image\/","url":"https:\/\/omnesbands.international\/wp-content\/uploads\/2023\/06\/Logo-Nuevo-.png","contentUrl":"https:\/\/omnesbands.international\/wp-content\/uploads\/2023\/06\/Logo-Nuevo-.png","width":394,"height":212,"caption":"Indra Consultores Internacionales"},"image":{"@id":"https:\/\/www.omnesbands.international\/#\/schema\/logo\/image\/"}}]}},"uagb_featured_image_src":{"full":false,"thumbnail":false,"medium":false,"medium_large":false,"large":false,"1536x1536":false,"2048x2048":false,"trp-custom-language-flag":false,"gg_gallery_thumbnail":false,"woocommerce_thumbnail":false,"woocommerce_single":false,"woocommerce_gallery_thumbnail":false},"uagb_author_info":{"display_name":"Melvin R. Portillo A:","author_link":"https:\/\/www.omnesbands.international\/en\/author\/portand\/"},"uagb_comment_info":0,"uagb_excerpt":"JOSEP ROBERT SELL\u00c9S I CAMPS Naci\u00f3 en Cocentaina el 25 de diciembre de 1962. Titulado en direcci\u00f3n de coros por el Conservatorio Superior de M\u00fasica de Valencia, obteniendo el premio extraordinario fin de carrera. Es Profesor Superior de Guitarra por el Conservatorio &#8220;Oscar Espl\u00e1&#8221; de Alicante, siendo galardonado con el premio extraordinario de esta especialidad.&hellip;","_links":{"self":[{"href":"https:\/\/www.omnesbands.international\/en\/wp-json\/wp\/v2\/pages\/1718","targetHints":{"allow":["GET"]}}],"collection":[{"href":"https:\/\/www.omnesbands.international\/en\/wp-json\/wp\/v2\/pages"}],"about":[{"href":"https:\/\/www.omnesbands.international\/en\/wp-json\/wp\/v2\/types\/page"}],"author":[{"embeddable":true,"href":"https:\/\/www.omnesbands.international\/en\/wp-json\/wp\/v2\/users\/4"}],"replies":[{"embeddable":true,"href":"https:\/\/www.omnesbands.international\/en\/wp-json\/wp\/v2\/comments?post=1718"}],"version-history":[{"count":2,"href":"https:\/\/www.omnesbands.international\/en\/wp-json\/wp\/v2\/pages\/1718\/revisions"}],"predecessor-version":[{"id":1720,"href":"https:\/\/www.omnesbands.international\/en\/wp-json\/wp\/v2\/pages\/1718\/revisions\/1720"}],"wp:attachment":[{"href":"https:\/\/www.omnesbands.international\/en\/wp-json\/wp\/v2\/media?parent=1718"}],"curies":[{"name":"wp","href":"https:\/\/api.w.org\/{rel}","templated":true}]}}