{"id":1721,"date":"2023-01-29T08:06:10","date_gmt":"2023-01-29T14:06:10","guid":{"rendered":"https:\/\/omnesbands.international\/?page_id=1721"},"modified":"2023-01-29T08:10:37","modified_gmt":"2023-01-29T14:10:37","slug":"josep-miquel-martinez-2","status":"publish","type":"page","link":"https:\/\/www.omnesbands.international\/en\/josep-miquel-martinez-2\/","title":{"rendered":"JOSEP MIQUEL MARTINEZ"},"content":{"rendered":"<div class=\"wp-block-uagb-container uagb-block-a83e5e1c alignfull uagb-is-root-container\"><div class=\"uagb-container-inner-blocks-wrap\">\n<div class=\"wp-block-uagb-advanced-heading uagb-block-5edd56cb\"><h1 class=\"uagb-heading-text\"><strong>JOSEP MIQUEL MARTINEZ<\/strong><\/h1><\/div>\n<\/div><\/div>\n\n\n\n<div class=\"wp-block-uagb-container uagb-block-ed8462b7 alignfull uagb-is-root-container\"><div class=\"uagb-container-inner-blocks-wrap\">\n<div class=\"wp-block-uagb-container uagb-block-140309a1\">\n<p>Born in Quart de les Valls in 1972 (Camp de Morvedre) where he began his studies in the specialty of horn, finishing his higher studies at the Conservatory of Music of Valencia with Professor Jos\u00e9 Rosell.<\/p>\n<p>He obtained the title of Band Conducting and Music Theory from the Royal School Music, studying with professors Jose R. Pascual Vilaplana and Miquel Rodrigo Tamarit.<\/p>\n<p>He studied Counterpoint and Harmony with Miguel Angel Mateu and continued his composition studies at the Conservatorio Superior de Castell\u00f3n with professors Ferrer Ferran, Claudia Montero, Miguel Angel Berbis or Cesar Cano among others.<\/p>\n<p>As a composer, he has a catalog with more than 60 works, most of them written for band, but also works for different chamber ensembles, works for soloists and other minor works.<\/p>\n<p>He has been awarded in numerous composition competitions, including the \"City of Torrevieja\" Composition Prize and the \"Euterpe Prize\" in the \"Symphonic Work\" section awarded by the Federation of Musical Societies of the Valencian Community (FSMCV), which he won with his work \"Vents del Garb\u00ed\".<\/p>\n<p>His last prize has been in the I Concurso de pasodobles de la Uni\u00f3n Musical de Gata de Gorgos with his pasodoble titled \"Als amics\".<br>Currently, he is the titular conductor of the Uni\u00f3n Musical Cultural of Estivella, where he began conducting in 1998.<\/p>\n<p>He has been the conductor of the \"Uni\u00f3n Musical\" of Aldaia, the \"Lira Saguntina\" of Sagunto, the \"Lira Borriolenca\" of Borriol, the \"Santa Cecilia\" of Almenara, the Musical Society of Sogorbe and the Musical Union of Massamagrell.<\/p>\n<p>He has directed the Neo-Producciones Orchestra and Ensemble in musical shows such as the \u201cGRAN PARTITA\u201d by W.A. Mozart or the \u201cNUTCRACKER\u201d ballet by P. Tchaikovsky in collaboration with the \u201cAESCENA\u201d dance school and its director Magdalena Fuertes.<\/p>\n<p>At the international level he has conducted as guest conductor at the Academia Musicale \"Euterpe\" of Siracusa (Sicily-Italy), the Scuola Banda Musicale \"P. Mascagni\" of Milazzo (Sicily-Italy) as well as in the Banda Comunale \"Giuseppe Verdi\" of Sinnai (Sicily-Italy).<\/p>\n<p>As a conductor and teacher he has conducted countless bands in concerts and conducting courses where it is worth mentioning Banda Municipal de Castell\u00f3n, Banda de Nar\u00f3n (La Coru\u00f1a), Uni\u00f3 Musical de Gata de Gorgos (Alicante), Uni\u00f3 Musical de Serra (Valencia), Uni\u00f3 Musical de Vilafam\u00e9s and Uni\u00f3 Musical de Calig (Castell\u00f3n), Banda Municiapal de Marmolejo (Jaen) among others.<\/p>\n<\/div>\n<\/div><\/div>\n\n\n<div class=\"woocommerce columns-4\"><\/div>","protected":false},"excerpt":{"rendered":"<p>JOSEP MIQUEL MART\u00cdNEZ Nace en Quart de les Valls en 1972 (Camp de Morvedre) donde comienza en la especialidad de trompa, terminando sus estudios superiores al Conservatorio Superior de M\u00fasica de Valencia con el catedr\u00e1tico Jos\u00e9 Rosell. Obtiene el t\u00edtulo de la Royal School Music de Direcci\u00f3n de Banda y Teor\u00eda de la M\u00fasica, estudiando [&hellip;]<\/p>\n","protected":false},"author":4,"featured_media":0,"parent":0,"menu_order":0,"comment_status":"closed","ping_status":"closed","template":"","meta":{"_acf_changed":false,"_uag_custom_page_level_css":"","site-sidebar-layout":"default","site-content-layout":"","ast-site-content-layout":"default","site-content-style":"default","site-sidebar-style":"default","ast-global-header-display":"","ast-banner-title-visibility":"","ast-main-header-display":"","ast-hfb-above-header-display":"","ast-hfb-below-header-display":"","ast-hfb-mobile-header-display":"","site-post-title":"disabled","ast-breadcrumbs-content":"","ast-featured-img":"","footer-sml-layout":"","ast-disable-related-posts":"","theme-transparent-header-meta":"","adv-header-id-meta":"","stick-header-meta":"","header-above-stick-meta":"","header-main-stick-meta":"","header-below-stick-meta":"","astra-migrate-meta-layouts":"default","ast-page-background-enabled":"default","ast-page-background-meta":{"desktop":{"background-color":"","background-image":"","background-repeat":"repeat","background-position":"center center","background-size":"auto","background-attachment":"scroll","background-type":"","background-media":"","overlay-type":"","overlay-color":"","overlay-opacity":"","overlay-gradient":""},"tablet":{"background-color":"","background-image":"","background-repeat":"repeat","background-position":"center center","background-size":"auto","background-attachment":"scroll","background-type":"","background-media":"","overlay-type":"","overlay-color":"","overlay-opacity":"","overlay-gradient":""},"mobile":{"background-color":"","background-image":"","background-repeat":"repeat","background-position":"center center","background-size":"auto","background-attachment":"scroll","background-type":"","background-media":"","overlay-type":"","overlay-color":"","overlay-opacity":"","overlay-gradient":""}},"ast-content-background-meta":{"desktop":{"background-color":"var(--ast-global-color-5)","background-image":"","background-repeat":"repeat","background-position":"center center","background-size":"auto","background-attachment":"scroll","background-type":"","background-media":"","overlay-type":"","overlay-color":"","overlay-opacity":"","overlay-gradient":""},"tablet":{"background-color":"var(--ast-global-color-5)","background-image":"","background-repeat":"repeat","background-position":"center center","background-size":"auto","background-attachment":"scroll","background-type":"","background-media":"","overlay-type":"","overlay-color":"","overlay-opacity":"","overlay-gradient":""},"mobile":{"background-color":"var(--ast-global-color-5)","background-image":"","background-repeat":"repeat","background-position":"center center","background-size":"auto","background-attachment":"scroll","background-type":"","background-media":"","overlay-type":"","overlay-color":"","overlay-opacity":"","overlay-gradient":""}},"footnotes":""},"class_list":["post-1721","page","type-page","status-publish","hentry"],"acf":[],"yoast_head":"<!-- This site is optimized with the Yoast SEO Premium plugin v22.4 (Yoast SEO v27.4) - https:\/\/yoast.com\/product\/yoast-seo-premium-wordpress\/ -->\n<title>JOSEP MIQUEL MART\u00cdNEZ -<\/title>\n<meta name=\"robots\" content=\"index, follow, max-snippet:-1, max-image-preview:large, max-video-preview:-1\" \/>\n<link rel=\"canonical\" href=\"https:\/\/www.omnesbands.international\/en\/josep-miquel-martinez-2\/\" \/>\n<meta property=\"og:locale\" content=\"en_US\" \/>\n<meta property=\"og:type\" content=\"article\" \/>\n<meta property=\"og:title\" content=\"JOSEP MIQUEL MART\u00cdNEZ\" \/>\n<meta property=\"og:description\" content=\"JOSEP MIQUEL MART\u00cdNEZ Nace en Quart de les Valls en 1972 (Camp de Morvedre) donde comienza en la especialidad de trompa, terminando sus estudios superiores al Conservatorio Superior de M\u00fasica de Valencia con el catedr\u00e1tico Jos\u00e9 Rosell. Obtiene el t\u00edtulo de la Royal School Music de Direcci\u00f3n de Banda y Teor\u00eda de la M\u00fasica, estudiando [&hellip;]\" \/>\n<meta property=\"og:url\" content=\"https:\/\/www.omnesbands.international\/en\/josep-miquel-martinez-2\/\" \/>\n<meta property=\"article:modified_time\" content=\"2023-01-29T14:10:37+00:00\" \/>\n<meta property=\"og:image\" content=\"https:\/\/www.omnesbands.international\/wp-content\/uploads\/2023\/01\/music-sheet-music-snowdrop-7107045.jpg\" \/>\n\t<meta property=\"og:image:width\" content=\"1280\" \/>\n\t<meta property=\"og:image:height\" content=\"742\" \/>\n\t<meta property=\"og:image:type\" content=\"image\/jpeg\" \/>\n<meta name=\"twitter:card\" content=\"summary_large_image\" \/>\n<meta name=\"twitter:label1\" content=\"Est. reading time\" \/>\n\t<meta name=\"twitter:data1\" content=\"2 minutes\" \/>\n<script type=\"application\/ld+json\" class=\"yoast-schema-graph\">{\"@context\":\"https:\\\/\\\/schema.org\",\"@graph\":[{\"@type\":\"WebPage\",\"@id\":\"https:\\\/\\\/www.omnesbands.international\\\/josep-miquel-martinez-2\\\/\",\"url\":\"https:\\\/\\\/www.omnesbands.international\\\/josep-miquel-martinez-2\\\/\",\"name\":\"JOSEP MIQUEL MART\u00cdNEZ -\",\"isPartOf\":{\"@id\":\"https:\\\/\\\/www.omnesbands.international\\\/#website\"},\"datePublished\":\"2023-01-29T14:06:10+00:00\",\"dateModified\":\"2023-01-29T14:10:37+00:00\",\"breadcrumb\":{\"@id\":\"https:\\\/\\\/www.omnesbands.international\\\/josep-miquel-martinez-2\\\/#breadcrumb\"},\"inLanguage\":\"en-US\",\"potentialAction\":[{\"@type\":\"ReadAction\",\"target\":[\"https:\\\/\\\/www.omnesbands.international\\\/josep-miquel-martinez-2\\\/\"]}]},{\"@type\":\"BreadcrumbList\",\"@id\":\"https:\\\/\\\/www.omnesbands.international\\\/josep-miquel-martinez-2\\\/#breadcrumb\",\"itemListElement\":[{\"@type\":\"ListItem\",\"position\":1,\"name\":\"Portada\",\"item\":\"https:\\\/\\\/www.omnesbands.international\\\/\"},{\"@type\":\"ListItem\",\"position\":2,\"name\":\"JOSEP MIQUEL MART\u00cdNEZ\"}]},{\"@type\":\"WebSite\",\"@id\":\"https:\\\/\\\/www.omnesbands.international\\\/#website\",\"url\":\"https:\\\/\\\/www.omnesbands.international\\\/\",\"name\":\"OMNESBANDS International\",\"description\":\"Partituras Originales de autores y compositores independientes\",\"publisher\":{\"@id\":\"https:\\\/\\\/www.omnesbands.international\\\/#organization\"},\"potentialAction\":[{\"@type\":\"SearchAction\",\"target\":{\"@type\":\"EntryPoint\",\"urlTemplate\":\"https:\\\/\\\/www.omnesbands.international\\\/?s={search_term_string}\"},\"query-input\":{\"@type\":\"PropertyValueSpecification\",\"valueRequired\":true,\"valueName\":\"search_term_string\"}}],\"inLanguage\":\"en-US\"},{\"@type\":\"Organization\",\"@id\":\"https:\\\/\\\/www.omnesbands.international\\\/#organization\",\"name\":\"Indra Consultores Internacionales\",\"alternateName\":\"Omnesbands\",\"url\":\"https:\\\/\\\/www.omnesbands.international\\\/\",\"logo\":{\"@type\":\"ImageObject\",\"inLanguage\":\"en-US\",\"@id\":\"https:\\\/\\\/www.omnesbands.international\\\/#\\\/schema\\\/logo\\\/image\\\/\",\"url\":\"https:\\\/\\\/omnesbands.international\\\/wp-content\\\/uploads\\\/2023\\\/06\\\/Logo-Nuevo-.png\",\"contentUrl\":\"https:\\\/\\\/omnesbands.international\\\/wp-content\\\/uploads\\\/2023\\\/06\\\/Logo-Nuevo-.png\",\"width\":394,\"height\":212,\"caption\":\"Indra Consultores Internacionales\"},\"image\":{\"@id\":\"https:\\\/\\\/www.omnesbands.international\\\/#\\\/schema\\\/logo\\\/image\\\/\"}}]}<\/script>\n<!-- \/ Yoast SEO Premium plugin. -->","yoast_head_json":{"title":"JOSEP MIQUEL MART\u00cdNEZ -","robots":{"index":"index","follow":"follow","max-snippet":"max-snippet:-1","max-image-preview":"max-image-preview:large","max-video-preview":"max-video-preview:-1"},"canonical":"https:\/\/www.omnesbands.international\/en\/josep-miquel-martinez-2\/","og_locale":"en_US","og_type":"article","og_title":"JOSEP MIQUEL MART\u00cdNEZ","og_description":"JOSEP MIQUEL MART\u00cdNEZ Nace en Quart de les Valls en 1972 (Camp de Morvedre) donde comienza en la especialidad de trompa, terminando sus estudios superiores al Conservatorio Superior de M\u00fasica de Valencia con el catedr\u00e1tico Jos\u00e9 Rosell. Obtiene el t\u00edtulo de la Royal School Music de Direcci\u00f3n de Banda y Teor\u00eda de la M\u00fasica, estudiando [&hellip;]","og_url":"https:\/\/www.omnesbands.international\/en\/josep-miquel-martinez-2\/","article_modified_time":"2023-01-29T14:10:37+00:00","og_image":[{"width":1280,"height":742,"url":"https:\/\/www.omnesbands.international\/wp-content\/uploads\/2023\/01\/music-sheet-music-snowdrop-7107045.jpg","type":"image\/jpeg"}],"twitter_card":"summary_large_image","twitter_misc":{"Est. reading time":"2 minutes"},"schema":{"@context":"https:\/\/schema.org","@graph":[{"@type":"WebPage","@id":"https:\/\/www.omnesbands.international\/josep-miquel-martinez-2\/","url":"https:\/\/www.omnesbands.international\/josep-miquel-martinez-2\/","name":"JOSEP MIQUEL MART\u00cdNEZ -","isPartOf":{"@id":"https:\/\/www.omnesbands.international\/#website"},"datePublished":"2023-01-29T14:06:10+00:00","dateModified":"2023-01-29T14:10:37+00:00","breadcrumb":{"@id":"https:\/\/www.omnesbands.international\/josep-miquel-martinez-2\/#breadcrumb"},"inLanguage":"en-US","potentialAction":[{"@type":"ReadAction","target":["https:\/\/www.omnesbands.international\/josep-miquel-martinez-2\/"]}]},{"@type":"BreadcrumbList","@id":"https:\/\/www.omnesbands.international\/josep-miquel-martinez-2\/#breadcrumb","itemListElement":[{"@type":"ListItem","position":1,"name":"Portada","item":"https:\/\/www.omnesbands.international\/"},{"@type":"ListItem","position":2,"name":"JOSEP MIQUEL MART\u00cdNEZ"}]},{"@type":"WebSite","@id":"https:\/\/www.omnesbands.international\/#website","url":"https:\/\/www.omnesbands.international\/","name":"OMNESBANDS International","description":"Original Sheet Music by independent authors and composers","publisher":{"@id":"https:\/\/www.omnesbands.international\/#organization"},"potentialAction":[{"@type":"SearchAction","target":{"@type":"EntryPoint","urlTemplate":"https:\/\/www.omnesbands.international\/?s={search_term_string}"},"query-input":{"@type":"PropertyValueSpecification","valueRequired":true,"valueName":"search_term_string"}}],"inLanguage":"en-US"},{"@type":"Organization","@id":"https:\/\/www.omnesbands.international\/#organization","name":"Indra International Consultants","alternateName":"Omnesbands","url":"https:\/\/www.omnesbands.international\/","logo":{"@type":"ImageObject","inLanguage":"en-US","@id":"https:\/\/www.omnesbands.international\/#\/schema\/logo\/image\/","url":"https:\/\/omnesbands.international\/wp-content\/uploads\/2023\/06\/Logo-Nuevo-.png","contentUrl":"https:\/\/omnesbands.international\/wp-content\/uploads\/2023\/06\/Logo-Nuevo-.png","width":394,"height":212,"caption":"Indra Consultores Internacionales"},"image":{"@id":"https:\/\/www.omnesbands.international\/#\/schema\/logo\/image\/"}}]}},"uagb_featured_image_src":{"full":false,"thumbnail":false,"medium":false,"medium_large":false,"large":false,"1536x1536":false,"2048x2048":false,"trp-custom-language-flag":false,"gg_gallery_thumbnail":false,"woocommerce_thumbnail":false,"woocommerce_single":false,"woocommerce_gallery_thumbnail":false},"uagb_author_info":{"display_name":"Melvin R. Portillo A:","author_link":"https:\/\/www.omnesbands.international\/en\/author\/portand\/"},"uagb_comment_info":0,"uagb_excerpt":"JOSEP MIQUEL MART\u00cdNEZ Nace en Quart de les Valls en 1972 (Camp de Morvedre) donde comienza en la especialidad de trompa, terminando sus estudios superiores al Conservatorio Superior de M\u00fasica de Valencia con el catedr\u00e1tico Jos\u00e9 Rosell. Obtiene el t\u00edtulo de la Royal School Music de Direcci\u00f3n de Banda y Teor\u00eda de la M\u00fasica, estudiando&hellip;","_links":{"self":[{"href":"https:\/\/www.omnesbands.international\/en\/wp-json\/wp\/v2\/pages\/1721","targetHints":{"allow":["GET"]}}],"collection":[{"href":"https:\/\/www.omnesbands.international\/en\/wp-json\/wp\/v2\/pages"}],"about":[{"href":"https:\/\/www.omnesbands.international\/en\/wp-json\/wp\/v2\/types\/page"}],"author":[{"embeddable":true,"href":"https:\/\/www.omnesbands.international\/en\/wp-json\/wp\/v2\/users\/4"}],"replies":[{"embeddable":true,"href":"https:\/\/www.omnesbands.international\/en\/wp-json\/wp\/v2\/comments?post=1721"}],"version-history":[{"count":2,"href":"https:\/\/www.omnesbands.international\/en\/wp-json\/wp\/v2\/pages\/1721\/revisions"}],"predecessor-version":[{"id":1723,"href":"https:\/\/www.omnesbands.international\/en\/wp-json\/wp\/v2\/pages\/1721\/revisions\/1723"}],"wp:attachment":[{"href":"https:\/\/www.omnesbands.international\/en\/wp-json\/wp\/v2\/media?parent=1721"}],"curies":[{"name":"wp","href":"https:\/\/api.w.org\/{rel}","templated":true}]}}