{"id":1724,"date":"2023-01-29T08:11:48","date_gmt":"2023-01-29T14:11:48","guid":{"rendered":"https:\/\/omnesbands.international\/?page_id=1724"},"modified":"2023-01-29T08:12:27","modified_gmt":"2023-01-29T14:12:27","slug":"josep-vicent-asensi-seva-2","status":"publish","type":"page","link":"https:\/\/www.omnesbands.international\/en\/josep-vicent-asensi-seva-2\/","title":{"rendered":"JOSEP VICENT ASENSI SEVA"},"content":{"rendered":"<div class=\"wp-block-uagb-container uagb-block-c285e150 alignfull uagb-is-root-container\"><div class=\"uagb-container-inner-blocks-wrap\">\n<div class=\"wp-block-uagb-advanced-heading uagb-block-32e4cdec\"><h1 class=\"uagb-heading-text\"><strong>JOSEP VICENT ASENSI SEVA<\/strong><\/h1><\/div>\n<\/div><\/div>\n\n\n\n<div class=\"wp-block-uagb-container uagb-block-3d83def0 alignfull uagb-is-root-container\"><div class=\"uagb-container-inner-blocks-wrap\">\n<div class=\"wp-block-uagb-container uagb-block-eca2ff85\">\n<p>Jos\u00e9 Vicente Asensi Seva is a native of Sella (Alicante), where he began his musical training in the Sociedad Uni\u00f3n Musical La Aurora and later completed in the conservatories of Alicante and Valencia. He is currently Professor of Composition at the Conservatorio Superior de M\u00fasica \u00d3scar Espl\u00e1 de Alicante where he holds, since July 2012, the position of director.<\/p>\n<p>He also conducts the Polyphonic Choir 'Juan y Gin\u00e9s P\u00e9rez' and the Chamber Orchestra of the Associaci\u00f2 d'Amics de la M\u00fasica de Callosa d'En Sarri\u00e0. Previously he has been professor-conductor of the music bands of the Uni\u00f3n Musical La Aurora de Sella, Alcoletja, Conservatorio Superior de M\u00fasica de Murcia, La Primitiva de Callosa d'En Sarri\u00e0 and the Federaci\u00f3 de Societats Musicals de la Comunitat Valenciana, among others.<\/p>\n<p>His catalog of compositions includes choral music, chamber music, music for the Moors and Christians festivals and symphonic music for band. Jos\u00e9 Vicente Asensi won the first prize for composition and runner-up with the Christian march 'Az-Bo' in the XI National Contest of Festera Music organized by the City Council and the Society of Festeros de Ontinyent in 1994. In 2006 he received a special mention in the competition of the Federaci\u00f3 Coral de Catalunya for his work 'Vella Sepharad'.<\/p>\n<p>In addition, he has been a member of numerous composition competitions and music band contests. He also has a large number of recordings and is co-author of the edition of the book 'Recuerdos de juventud' by Tom\u00e1s de Cotes published in 1999 by the City Council of Callosa d'En Sarri\u00e0 and the Instituto Alicantino de Cultura Juan Gil-Albert.<\/p>\n<p>Jos\u00e9 Vicente Asensi is founder and director of l'Escola de M\u00fasica 'Jos\u00e9 Segu\u00ed' of Callosa d'En Sarri\u00e0 until the 2002-03 academic year and since 2005 he is assistant director of the Festival L\u00edric Internacional and the Curs d'Alt Perfeccionamente per a Cantants de Callosa d'En Sarri\u00e0. He has also taught monographic courses and given conferences and lectures on different subjects.<\/p>\n<\/div>\n<\/div><\/div>\n\n\n<div class=\"woocommerce columns-4\"><ul class=\"products columns-4\">\n<li class=\"desktop-align-left tablet-align-left mobile-align-left ast-product-gallery-layout-horizontal-slider product type-product post-1333 status-publish first instock product_cat-pasodobles product_tag-ignacio-sanchez-navarro product_tag-josep-vicent-asensi-seva has-post-thumbnail downloadable virtual taxable purchasable product-type-simple\">\n\t<a href=\"https:\/\/www.omnesbands.international\/en\/product\/juanito-segui\/\" class=\"woocommerce-LoopProduct-link woocommerce-loop-product__link\"><img loading=\"lazy\" decoding=\"async\" width=\"300\" height=\"300\" src=\"https:\/\/www.omnesbands.international\/wp-content\/uploads\/2023\/01\/Juanito-Segui-1-300x300.jpg\" class=\"attachment-woocommerce_thumbnail size-woocommerce_thumbnail\" alt=\"Juanito Segui\" srcset=\"https:\/\/www.omnesbands.international\/wp-content\/uploads\/2023\/01\/Juanito-Segui-1-300x300.jpg 300w, https:\/\/www.omnesbands.international\/wp-content\/uploads\/2023\/01\/Juanito-Segui-1-150x150.jpg 150w, https:\/\/www.omnesbands.international\/wp-content\/uploads\/2023\/01\/Juanito-Segui-1-100x100.jpg 100w\" sizes=\"auto, (max-width: 300px) 100vw, 300px\" \/><h2 class=\"woocommerce-loop-product__title\">Juanito followed<\/h2>\n\t<span class=\"price\"><span class=\"woocommerce-Price-amount amount\"><bdi><span class=\"woocommerce-Price-currencySymbol\">&#36;<\/span>25.00<\/bdi><\/span><\/span>\n<\/a><a href=\"\/en\/wp-json\/wp\/v2\/pages\/1724?add-to-cart=1333\" aria-describedby=\"woocommerce_loop_add_to_cart_link_describedby_1333\" data-quantity=\"1\" class=\"button product_type_simple add_to_cart_button ajax_add_to_cart\" data-product_id=\"1333\" data-product_sku=\"SEG-PAS-ESP-22\" aria-label=\"Add to cart: \u201cJuanito Segu\u00ed\u201d\" rel=\"nofollow\" data-success_message=\"\u201cJuanito Segu\u00ed\u201d has been added to your cart\" role=\"button\" data-no-translation=\"\" data-trp-gettext=\"\" data-no-translation-aria-label=\"\" data-no-translation-data-success_message=\"\">Add to cart<\/a>\t<span id=\"woocommerce_loop_add_to_cart_link_describedby_1333\" class=\"screen-reader-text\">\n\t\t\t<\/span>\n<\/li>\n<\/ul>\n<\/div>","protected":false},"excerpt":{"rendered":"<p>JOSEP VICENT ASENSI SEVA Jos\u00e9 Vicente Asensi Seva es natural de Sella (Alicante), donde inicia su aprendizaje musical en la Sociedad Uni\u00f3n Musical La Aurora y que completa posteriormente en los conservatorios de Alicante y Valencia. Actualmente es profesor de Composici\u00f3n en el Conservatorio Superior de M\u00fasica \u00d3scar Espl\u00e1 de Alicante donde desempe\u00f1a, desde julio [&hellip;]<\/p>\n","protected":false},"author":4,"featured_media":0,"parent":0,"menu_order":0,"comment_status":"closed","ping_status":"closed","template":"","meta":{"_acf_changed":false,"_uag_custom_page_level_css":"","site-sidebar-layout":"default","site-content-layout":"","ast-site-content-layout":"default","site-content-style":"default","site-sidebar-style":"default","ast-global-header-display":"","ast-banner-title-visibility":"","ast-main-header-display":"","ast-hfb-above-header-display":"","ast-hfb-below-header-display":"","ast-hfb-mobile-header-display":"","site-post-title":"disabled","ast-breadcrumbs-content":"","ast-featured-img":"","footer-sml-layout":"","ast-disable-related-posts":"","theme-transparent-header-meta":"","adv-header-id-meta":"","stick-header-meta":"","header-above-stick-meta":"","header-main-stick-meta":"","header-below-stick-meta":"","astra-migrate-meta-layouts":"default","ast-page-background-enabled":"default","ast-page-background-meta":{"desktop":{"background-color":"","background-image":"","background-repeat":"repeat","background-position":"center center","background-size":"auto","background-attachment":"scroll","background-type":"","background-media":"","overlay-type":"","overlay-color":"","overlay-opacity":"","overlay-gradient":""},"tablet":{"background-color":"","background-image":"","background-repeat":"repeat","background-position":"center center","background-size":"auto","background-attachment":"scroll","background-type":"","background-media":"","overlay-type":"","overlay-color":"","overlay-opacity":"","overlay-gradient":""},"mobile":{"background-color":"","background-image":"","background-repeat":"repeat","background-position":"center center","background-size":"auto","background-attachment":"scroll","background-type":"","background-media":"","overlay-type":"","overlay-color":"","overlay-opacity":"","overlay-gradient":""}},"ast-content-background-meta":{"desktop":{"background-color":"var(--ast-global-color-5)","background-image":"","background-repeat":"repeat","background-position":"center center","background-size":"auto","background-attachment":"scroll","background-type":"","background-media":"","overlay-type":"","overlay-color":"","overlay-opacity":"","overlay-gradient":""},"tablet":{"background-color":"var(--ast-global-color-5)","background-image":"","background-repeat":"repeat","background-position":"center center","background-size":"auto","background-attachment":"scroll","background-type":"","background-media":"","overlay-type":"","overlay-color":"","overlay-opacity":"","overlay-gradient":""},"mobile":{"background-color":"var(--ast-global-color-5)","background-image":"","background-repeat":"repeat","background-position":"center center","background-size":"auto","background-attachment":"scroll","background-type":"","background-media":"","overlay-type":"","overlay-color":"","overlay-opacity":"","overlay-gradient":""}},"footnotes":""},"class_list":["post-1724","page","type-page","status-publish","hentry"],"acf":[],"yoast_head":"<!-- This site is optimized with the Yoast SEO Premium plugin v22.4 (Yoast SEO v27.4) - https:\/\/yoast.com\/product\/yoast-seo-premium-wordpress\/ -->\n<title>JOSEP VICENT ASENSI SEVA -<\/title>\n<meta name=\"robots\" content=\"index, follow, max-snippet:-1, max-image-preview:large, max-video-preview:-1\" \/>\n<link rel=\"canonical\" href=\"https:\/\/www.omnesbands.international\/en\/josep-vicent-asensi-seva-2\/\" \/>\n<meta property=\"og:locale\" content=\"en_US\" \/>\n<meta property=\"og:type\" content=\"article\" \/>\n<meta property=\"og:title\" content=\"JOSEP VICENT ASENSI SEVA\" \/>\n<meta property=\"og:description\" content=\"JOSEP VICENT ASENSI SEVA Jos\u00e9 Vicente Asensi Seva es natural de Sella (Alicante), donde inicia su aprendizaje musical en la Sociedad Uni\u00f3n Musical La Aurora y que completa posteriormente en los conservatorios de Alicante y Valencia. Actualmente es profesor de Composici\u00f3n en el Conservatorio Superior de M\u00fasica \u00d3scar Espl\u00e1 de Alicante donde desempe\u00f1a, desde julio [&hellip;]\" \/>\n<meta property=\"og:url\" content=\"https:\/\/www.omnesbands.international\/en\/josep-vicent-asensi-seva-2\/\" \/>\n<meta property=\"article:modified_time\" content=\"2023-01-29T14:12:27+00:00\" \/>\n<meta property=\"og:image\" content=\"https:\/\/www.omnesbands.international\/wp-content\/uploads\/2023\/01\/music-sheet-music-snowdrop-7107045.jpg\" \/>\n\t<meta property=\"og:image:width\" content=\"1280\" \/>\n\t<meta property=\"og:image:height\" content=\"742\" \/>\n\t<meta property=\"og:image:type\" content=\"image\/jpeg\" \/>\n<meta name=\"twitter:card\" content=\"summary_large_image\" \/>\n<meta name=\"twitter:label1\" content=\"Est. reading time\" \/>\n\t<meta name=\"twitter:data1\" content=\"2 minutes\" \/>\n<script type=\"application\/ld+json\" class=\"yoast-schema-graph\">{\"@context\":\"https:\\\/\\\/schema.org\",\"@graph\":[{\"@type\":\"WebPage\",\"@id\":\"https:\\\/\\\/www.omnesbands.international\\\/josep-vicent-asensi-seva-2\\\/\",\"url\":\"https:\\\/\\\/www.omnesbands.international\\\/josep-vicent-asensi-seva-2\\\/\",\"name\":\"JOSEP VICENT ASENSI SEVA -\",\"isPartOf\":{\"@id\":\"https:\\\/\\\/www.omnesbands.international\\\/#website\"},\"datePublished\":\"2023-01-29T14:11:48+00:00\",\"dateModified\":\"2023-01-29T14:12:27+00:00\",\"breadcrumb\":{\"@id\":\"https:\\\/\\\/www.omnesbands.international\\\/josep-vicent-asensi-seva-2\\\/#breadcrumb\"},\"inLanguage\":\"en-US\",\"potentialAction\":[{\"@type\":\"ReadAction\",\"target\":[\"https:\\\/\\\/www.omnesbands.international\\\/josep-vicent-asensi-seva-2\\\/\"]}]},{\"@type\":\"BreadcrumbList\",\"@id\":\"https:\\\/\\\/www.omnesbands.international\\\/josep-vicent-asensi-seva-2\\\/#breadcrumb\",\"itemListElement\":[{\"@type\":\"ListItem\",\"position\":1,\"name\":\"Portada\",\"item\":\"https:\\\/\\\/www.omnesbands.international\\\/\"},{\"@type\":\"ListItem\",\"position\":2,\"name\":\"JOSEP VICENT ASENSI SEVA\"}]},{\"@type\":\"WebSite\",\"@id\":\"https:\\\/\\\/www.omnesbands.international\\\/#website\",\"url\":\"https:\\\/\\\/www.omnesbands.international\\\/\",\"name\":\"OMNESBANDS International\",\"description\":\"Partituras Originales de autores y compositores independientes\",\"publisher\":{\"@id\":\"https:\\\/\\\/www.omnesbands.international\\\/#organization\"},\"potentialAction\":[{\"@type\":\"SearchAction\",\"target\":{\"@type\":\"EntryPoint\",\"urlTemplate\":\"https:\\\/\\\/www.omnesbands.international\\\/?s={search_term_string}\"},\"query-input\":{\"@type\":\"PropertyValueSpecification\",\"valueRequired\":true,\"valueName\":\"search_term_string\"}}],\"inLanguage\":\"en-US\"},{\"@type\":\"Organization\",\"@id\":\"https:\\\/\\\/www.omnesbands.international\\\/#organization\",\"name\":\"Indra Consultores Internacionales\",\"alternateName\":\"Omnesbands\",\"url\":\"https:\\\/\\\/www.omnesbands.international\\\/\",\"logo\":{\"@type\":\"ImageObject\",\"inLanguage\":\"en-US\",\"@id\":\"https:\\\/\\\/www.omnesbands.international\\\/#\\\/schema\\\/logo\\\/image\\\/\",\"url\":\"https:\\\/\\\/omnesbands.international\\\/wp-content\\\/uploads\\\/2023\\\/06\\\/Logo-Nuevo-.png\",\"contentUrl\":\"https:\\\/\\\/omnesbands.international\\\/wp-content\\\/uploads\\\/2023\\\/06\\\/Logo-Nuevo-.png\",\"width\":394,\"height\":212,\"caption\":\"Indra Consultores Internacionales\"},\"image\":{\"@id\":\"https:\\\/\\\/www.omnesbands.international\\\/#\\\/schema\\\/logo\\\/image\\\/\"}}]}<\/script>\n<!-- \/ Yoast SEO Premium plugin. -->","yoast_head_json":{"title":"JOSEP VICENT ASENSI SEVA -","robots":{"index":"index","follow":"follow","max-snippet":"max-snippet:-1","max-image-preview":"max-image-preview:large","max-video-preview":"max-video-preview:-1"},"canonical":"https:\/\/www.omnesbands.international\/en\/josep-vicent-asensi-seva-2\/","og_locale":"en_US","og_type":"article","og_title":"JOSEP VICENT ASENSI SEVA","og_description":"JOSEP VICENT ASENSI SEVA Jos\u00e9 Vicente Asensi Seva es natural de Sella (Alicante), donde inicia su aprendizaje musical en la Sociedad Uni\u00f3n Musical La Aurora y que completa posteriormente en los conservatorios de Alicante y Valencia. Actualmente es profesor de Composici\u00f3n en el Conservatorio Superior de M\u00fasica \u00d3scar Espl\u00e1 de Alicante donde desempe\u00f1a, desde julio [&hellip;]","og_url":"https:\/\/www.omnesbands.international\/en\/josep-vicent-asensi-seva-2\/","article_modified_time":"2023-01-29T14:12:27+00:00","og_image":[{"width":1280,"height":742,"url":"https:\/\/www.omnesbands.international\/wp-content\/uploads\/2023\/01\/music-sheet-music-snowdrop-7107045.jpg","type":"image\/jpeg"}],"twitter_card":"summary_large_image","twitter_misc":{"Est. reading time":"2 minutes"},"schema":{"@context":"https:\/\/schema.org","@graph":[{"@type":"WebPage","@id":"https:\/\/www.omnesbands.international\/josep-vicent-asensi-seva-2\/","url":"https:\/\/www.omnesbands.international\/josep-vicent-asensi-seva-2\/","name":"JOSEP VICENT ASENSI SEVA -","isPartOf":{"@id":"https:\/\/www.omnesbands.international\/#website"},"datePublished":"2023-01-29T14:11:48+00:00","dateModified":"2023-01-29T14:12:27+00:00","breadcrumb":{"@id":"https:\/\/www.omnesbands.international\/josep-vicent-asensi-seva-2\/#breadcrumb"},"inLanguage":"en-US","potentialAction":[{"@type":"ReadAction","target":["https:\/\/www.omnesbands.international\/josep-vicent-asensi-seva-2\/"]}]},{"@type":"BreadcrumbList","@id":"https:\/\/www.omnesbands.international\/josep-vicent-asensi-seva-2\/#breadcrumb","itemListElement":[{"@type":"ListItem","position":1,"name":"Portada","item":"https:\/\/www.omnesbands.international\/"},{"@type":"ListItem","position":2,"name":"JOSEP VICENT ASENSI SEVA"}]},{"@type":"WebSite","@id":"https:\/\/www.omnesbands.international\/#website","url":"https:\/\/www.omnesbands.international\/","name":"OMNESBANDS International","description":"Original Sheet Music by independent authors and composers","publisher":{"@id":"https:\/\/www.omnesbands.international\/#organization"},"potentialAction":[{"@type":"SearchAction","target":{"@type":"EntryPoint","urlTemplate":"https:\/\/www.omnesbands.international\/?s={search_term_string}"},"query-input":{"@type":"PropertyValueSpecification","valueRequired":true,"valueName":"search_term_string"}}],"inLanguage":"en-US"},{"@type":"Organization","@id":"https:\/\/www.omnesbands.international\/#organization","name":"Indra International Consultants","alternateName":"Omnesbands","url":"https:\/\/www.omnesbands.international\/","logo":{"@type":"ImageObject","inLanguage":"en-US","@id":"https:\/\/www.omnesbands.international\/#\/schema\/logo\/image\/","url":"https:\/\/omnesbands.international\/wp-content\/uploads\/2023\/06\/Logo-Nuevo-.png","contentUrl":"https:\/\/omnesbands.international\/wp-content\/uploads\/2023\/06\/Logo-Nuevo-.png","width":394,"height":212,"caption":"Indra Consultores Internacionales"},"image":{"@id":"https:\/\/www.omnesbands.international\/#\/schema\/logo\/image\/"}}]}},"uagb_featured_image_src":{"full":false,"thumbnail":false,"medium":false,"medium_large":false,"large":false,"1536x1536":false,"2048x2048":false,"trp-custom-language-flag":false,"gg_gallery_thumbnail":false,"woocommerce_thumbnail":false,"woocommerce_single":false,"woocommerce_gallery_thumbnail":false},"uagb_author_info":{"display_name":"Melvin R. Portillo A:","author_link":"https:\/\/www.omnesbands.international\/en\/author\/portand\/"},"uagb_comment_info":0,"uagb_excerpt":"JOSEP VICENT ASENSI SEVA Jos\u00e9 Vicente Asensi Seva es natural de Sella (Alicante), donde inicia su aprendizaje musical en la Sociedad Uni\u00f3n Musical La Aurora y que completa posteriormente en los conservatorios de Alicante y Valencia. Actualmente es profesor de Composici\u00f3n en el Conservatorio Superior de M\u00fasica \u00d3scar Espl\u00e1 de Alicante donde desempe\u00f1a, desde julio&hellip;","_links":{"self":[{"href":"https:\/\/www.omnesbands.international\/en\/wp-json\/wp\/v2\/pages\/1724","targetHints":{"allow":["GET"]}}],"collection":[{"href":"https:\/\/www.omnesbands.international\/en\/wp-json\/wp\/v2\/pages"}],"about":[{"href":"https:\/\/www.omnesbands.international\/en\/wp-json\/wp\/v2\/types\/page"}],"author":[{"embeddable":true,"href":"https:\/\/www.omnesbands.international\/en\/wp-json\/wp\/v2\/users\/4"}],"replies":[{"embeddable":true,"href":"https:\/\/www.omnesbands.international\/en\/wp-json\/wp\/v2\/comments?post=1724"}],"version-history":[{"count":2,"href":"https:\/\/www.omnesbands.international\/en\/wp-json\/wp\/v2\/pages\/1724\/revisions"}],"predecessor-version":[{"id":1726,"href":"https:\/\/www.omnesbands.international\/en\/wp-json\/wp\/v2\/pages\/1724\/revisions\/1726"}],"wp:attachment":[{"href":"https:\/\/www.omnesbands.international\/en\/wp-json\/wp\/v2\/media?parent=1724"}],"curies":[{"name":"wp","href":"https:\/\/api.w.org\/{rel}","templated":true}]}}