{"id":1738,"date":"2023-01-29T08:41:54","date_gmt":"2023-01-29T14:41:54","guid":{"rendered":"https:\/\/omnesbands.international\/?page_id=1738"},"modified":"2023-02-03T16:54:27","modified_gmt":"2023-02-03T22:54:27","slug":"juan-fco-sanjuan-rodrigo-2","status":"publish","type":"page","link":"https:\/\/www.omnesbands.international\/en\/juan-fco-sanjuan-rodrigo-2\/","title":{"rendered":"JOHN FCO. SANJUAN RODRIGO"},"content":{"rendered":"<div class=\"wp-block-uagb-container uagb-block-3769f489 alignfull uagb-is-root-container\"><div class=\"uagb-container-inner-blocks-wrap\">\n<div class=\"wp-block-uagb-advanced-heading uagb-block-561b8bdf\"><h1 class=\"uagb-heading-text\"><strong>JOHN FCO. SANJUAN RODRIGO<\/strong><\/h1><\/div>\n<\/div><\/div>\n\n\n\n<div class=\"wp-block-uagb-container uagb-block-160fd0ff alignfull uagb-is-root-container\"><div class=\"uagb-container-inner-blocks-wrap\">\n<div class=\"wp-block-uagb-container uagb-block-40050322\">\n<p>Juan Fco. Sanju\u00e1n Rodrigo, began his studies in his native town, Muro de Alcoi (Alicante), continued at the Alcoi, San Vicente del Raspeig (Alicante) and Ontinyent (Valencia) Conservatories in both with excellent grades, and finally achieved the Extraordinary End of Higher Degree Prize unanimously by the Tribunal in the specialty of trumpet from the Superior Conservatory of Castell\u00f3 de la Plana, he also obtained the First Prize in the European Competition by Regions Ravel - Granados and the Euterpe Prize granted by the Federation of Musical Societies of the Valencian Community.<\/p>\n<p>At the same time, he broadened his trumpet studies in numerous improvement courses with internationally renowned professors such as Malcom McNab, Ole Antonsen, Alfonso Faus Segarra, Philiph Smith, Enrique Rioja, Juan C. Alandete, Urban Agnas, Benjam\u00edn Moreno, Vicente Oliver, Vincent Campos. Participates in the orchestras \"Pablo Sarasate de Pamplona\", \"Atrium de Ontinyent\", \"Orquesta Castell\u00f3n XXI\", Orquestra de Vents Filharmonia\", \"Municipal Band of Alicante\", \"Band of the FSMCV\", Alcoyana Symphony Orchestra \"and numerous groups Amateur band music in Concerts, CD Recordings and Contests.<\/p>\n<p>COMPOSITION<\/p>\n<p>In the field of composition, he studied in various courses and seminars on harmony, analysis, early music, contemporary music with professors Enrico Fubini, Jaime Linares, Joan Cerver\u00f3, Manuel Tom\u00e1s, Salvador Segu\u00ed, Jos\u00e9 Chafino, Tom\u00e1s Gilabert and Francisco Zacar\u00e9s. He took his first steps with maestro Jos\u00e9 R. Pascual Vilaplana and with maestro Juan C. Sempere Bombo\u00ed, obtaining First Prize in the IV Vila de Pego Composition Contest with the Moorish march \u201cAl Bagi\u201d, and in two editions of the Contest Composition for dulzaina Vila de Muro won a Second Prize with the composition for dulzainas and percussion \u201cEstraxa\u201d dedicated to the Escola Tradicional de la Xafig\u00e0, and an Honorable Mention with the marxa mora \u201cEncant\u201d.<\/p>\n<p>In 2011 \u2013 2012, he studied composition with \u00d3scar Navarro Gonz\u00e1lez, at the Baix Maestrat School (www.ecdbaixmaestrat.com), leading him to win the Composition Contest Prize in June 2012 on the occasion of the 25th anniversary of the loss of Jos\u00e9 M\u00aa Ferrero Pastor organized by the UNDEF and the FSMCV, with the Moorish march \u201cMestre Ferrero\u201d, just as the rules of the contest established.<\/p>\n<p>Also in December of the same year, he obtained the Second Prize of the Jury of the II Composition Contest for the Three Kings Parade organized by the Association of Three Kings of Ibi, with the \"Rab Magh\" march.<\/p>\n<p>In September 2013 he wins the Prize of the I Contest of pasodobles fernando tormo ib\u00e1\u00f1ez with the pasodoble \"Herminia\". In December of the same year he wins the Prize of the III Composition Contest for Three Kings Parades organized by the Association of Three Kings of Ibi, with the march \"Temps de Llum\". He has also been finalist in several composition contests in Zamora, Zaragoza, Benidorm, and Callosa d'En Sarri\u00e0.<\/p>\n<p>He has received commissions for this last composition, also from the association of Moors and Christians of Gaibiel with the march \"Moros de Gaibiel\", from the captaincy of the fil\u00e0 Verds de Muro with the Moorish march \"Sajo\", from the band of the CAM of J\u00e1vea for the celebration of the 50th anniversary of \"Bartolom\u00e9 Catal\u00e0\" as musician of the entity with a pasodoble with his name, for the Christian captain of the festivities of Callosa d'En Sarri\u00e0 called \"Capitania Mestre\", of a piece for bagpipes, brass and percussion called \"Guerrers del Nord\" for the entrance of Cristianos de Pego, also in 2013 performs a Moorish march dedicated to the town of Benamaurel called \"Avenmoriel - Huella del Milenio del Reino de Granada\".<\/p>\n<p>Later he participates as active in the course of the I Jornadas de Composici\u00f3n para banda with the maestro Johan de Meij organized by the Conservatorio de J\u00e1vea. In 2013 he attended a Master Class organized by the school of Music Ad Libitum of Ontinyent with the maestro Andr\u00e9s Valero.<\/p>\n<p>ADDRESS<\/p>\n<p>At the same time, he studied band conducting with Jos\u00e9 Rafael Pascual Vilaplana at the Vall de Albaida Regional School, obtaining the end-of-study diploma and taking numerous improvement courses with teachers Jan Cober, Henry Adams, Eugene Corporon, Miguel Rodrigo Tamarit, Jes\u00fas L\u00f3pez Cobos, Salvador Sebasti\u00e0, Georg Sargashyan, Paco Melero, Rafael Sanz Espert and Maurizio Colasanti.<\/p>\n<p>In July 2013 he received a scholarship from the Department of the Interior of the Valencian Community to carry out the summer course on Band Management organized by the Berklee University in Valencia in the Active Modality with Professor Rafael Sanz Espert.<\/p>\n<p>He has directed uninterruptedly since 1999, being deputy director of the band of the Uni\u00f3n Musical de Muro de Alcoi (2000\/2001) and of his youth band (1999\/2001), the school band of the Agrupaci\u00f3n Musical de Ontinyent (2002\/2003), the band Uni\u00f3n Musical de l&#039;Orxa (1999 \u2013 2006) and the Alcoyana Youth Orchestra (2009\/2010).<\/p>\n<p>He has also been invited to conduct his own compositions in bands from the provinces of Alicante, Valencia and Granada such as those of Campello, Callosa d&#039;En Sarri\u00e0, Muro de Alcoi, Ontinyent, Planes de la Baron\u00eda, Cocentaina, Adzeneta d&#039;Albaida , Beniarr\u00e9s, L&#039;Orxa, Pego, Bocairent, Biar, Benamaurel and the Colla de Dol\u00e7ainers \u201cEl Mal Passet\u201d from Cocentaina.<\/p>\n<p>He has been a member of the Jury of the Choral Contest of L&#039;Orxa and three times of the Parade Contest of the Moors and Christians Festival of Albaida.<\/p>\n<p>CURRENT<\/p>\n<p>He is currently a teacher at the schools of L&#039;Orxa, Uni\u00f3n Musical de Alcoi, Gorga, at the Da Capo School and the Albaida Municipal Professional Conservatory, and in the Trumpet Improvement courses of the Grau de Gandia and Albaida, in addition to being the Director of the Musical Art Center of J\u00e1vea since December 2006.<\/p>\n<p>This academic year 2013 \u2013 2014 improves his knowledge of composition with Ram\u00f3n Garcia i Soler.\u00a0<br \/>He is a member of the ACMMIC (Association of Moors and Christians Music Composers) and the ANDB (National Association of Band Directors).\u00a0<br \/>He is in possession of the CAP (Certificate of Pedagogical Aptitude) issued by the Polytechnic University of Barcelona.<\/p>\n<\/div>\n<\/div><\/div>\n\n\n<div class=\"woocommerce columns-4\"><\/div>","protected":false},"excerpt":{"rendered":"<p>JUAN FCO. SANJU\u00c1N RODRIGO Juan Fco. Sanju\u00e1n Rodrigo, empieza sus estudios en su pueblo natural, Muro de Alcoi (Alicante), los prosigue en los Conservatorios de Alcoi, San Vicente del Raspeig (Alicante) y Ontinyent (Valencia) en ambos con excelentes calificaciones, y finalmente consigue el Premio Extraordinario Fin de Grado Superior por Unanimidad del Tribunal en la [&hellip;]<\/p>\n","protected":false},"author":4,"featured_media":0,"parent":0,"menu_order":0,"comment_status":"closed","ping_status":"closed","template":"","meta":{"_acf_changed":false,"_uag_custom_page_level_css":"","site-sidebar-layout":"default","site-content-layout":"","ast-site-content-layout":"default","site-content-style":"default","site-sidebar-style":"default","ast-global-header-display":"","ast-banner-title-visibility":"","ast-main-header-display":"","ast-hfb-above-header-display":"","ast-hfb-below-header-display":"","ast-hfb-mobile-header-display":"","site-post-title":"disabled","ast-breadcrumbs-content":"","ast-featured-img":"","footer-sml-layout":"","ast-disable-related-posts":"","theme-transparent-header-meta":"","adv-header-id-meta":"","stick-header-meta":"","header-above-stick-meta":"","header-main-stick-meta":"","header-below-stick-meta":"","astra-migrate-meta-layouts":"default","ast-page-background-enabled":"default","ast-page-background-meta":{"desktop":{"background-color":"","background-image":"","background-repeat":"repeat","background-position":"center center","background-size":"auto","background-attachment":"scroll","background-type":"","background-media":"","overlay-type":"","overlay-color":"","overlay-opacity":"","overlay-gradient":""},"tablet":{"background-color":"","background-image":"","background-repeat":"repeat","background-position":"center center","background-size":"auto","background-attachment":"scroll","background-type":"","background-media":"","overlay-type":"","overlay-color":"","overlay-opacity":"","overlay-gradient":""},"mobile":{"background-color":"","background-image":"","background-repeat":"repeat","background-position":"center center","background-size":"auto","background-attachment":"scroll","background-type":"","background-media":"","overlay-type":"","overlay-color":"","overlay-opacity":"","overlay-gradient":""}},"ast-content-background-meta":{"desktop":{"background-color":"var(--ast-global-color-5)","background-image":"","background-repeat":"repeat","background-position":"center center","background-size":"auto","background-attachment":"scroll","background-type":"","background-media":"","overlay-type":"","overlay-color":"","overlay-opacity":"","overlay-gradient":""},"tablet":{"background-color":"var(--ast-global-color-5)","background-image":"","background-repeat":"repeat","background-position":"center center","background-size":"auto","background-attachment":"scroll","background-type":"","background-media":"","overlay-type":"","overlay-color":"","overlay-opacity":"","overlay-gradient":""},"mobile":{"background-color":"var(--ast-global-color-5)","background-image":"","background-repeat":"repeat","background-position":"center center","background-size":"auto","background-attachment":"scroll","background-type":"","background-media":"","overlay-type":"","overlay-color":"","overlay-opacity":"","overlay-gradient":""}},"footnotes":""},"class_list":["post-1738","page","type-page","status-publish","hentry"],"acf":[],"yoast_head":"<!-- This site is optimized with the Yoast SEO Premium plugin v22.4 (Yoast SEO v27.4) - https:\/\/yoast.com\/product\/yoast-seo-premium-wordpress\/ -->\n<title>JUAN FCO. SANJU\u00c1N RODRIGO -<\/title>\n<meta name=\"robots\" content=\"index, follow, max-snippet:-1, max-image-preview:large, max-video-preview:-1\" \/>\n<link rel=\"canonical\" href=\"https:\/\/www.omnesbands.international\/en\/juan-fco-sanjuan-rodrigo-2\/\" \/>\n<meta property=\"og:locale\" content=\"en_US\" \/>\n<meta property=\"og:type\" content=\"article\" \/>\n<meta property=\"og:title\" content=\"JUAN FCO. SANJU\u00c1N RODRIGO\" \/>\n<meta property=\"og:description\" content=\"JUAN FCO. SANJU\u00c1N RODRIGO Juan Fco. Sanju\u00e1n Rodrigo, empieza sus estudios en su pueblo natural, Muro de Alcoi (Alicante), los prosigue en los Conservatorios de Alcoi, San Vicente del Raspeig (Alicante) y Ontinyent (Valencia) en ambos con excelentes calificaciones, y finalmente consigue el Premio Extraordinario Fin de Grado Superior por Unanimidad del Tribunal en la [&hellip;]\" \/>\n<meta property=\"og:url\" content=\"https:\/\/www.omnesbands.international\/en\/juan-fco-sanjuan-rodrigo-2\/\" \/>\n<meta property=\"article:modified_time\" content=\"2023-02-03T22:54:27+00:00\" \/>\n<meta property=\"og:image\" content=\"https:\/\/www.omnesbands.international\/wp-content\/uploads\/2023\/01\/music-sheet-music-snowdrop-7107045.jpg\" \/>\n\t<meta property=\"og:image:width\" content=\"1280\" \/>\n\t<meta property=\"og:image:height\" content=\"742\" \/>\n\t<meta property=\"og:image:type\" content=\"image\/jpeg\" \/>\n<meta name=\"twitter:card\" content=\"summary_large_image\" \/>\n<meta name=\"twitter:label1\" content=\"Est. reading time\" \/>\n\t<meta name=\"twitter:data1\" content=\"5 minutes\" \/>\n<script type=\"application\/ld+json\" class=\"yoast-schema-graph\">{\"@context\":\"https:\\\/\\\/schema.org\",\"@graph\":[{\"@type\":\"WebPage\",\"@id\":\"https:\\\/\\\/www.omnesbands.international\\\/de\\\/juan-fco-sanjuan-rodrigo-2\\\/\",\"url\":\"https:\\\/\\\/www.omnesbands.international\\\/de\\\/juan-fco-sanjuan-rodrigo-2\\\/\",\"name\":\"JUAN FCO. SANJU\u00c1N RODRIGO -\",\"isPartOf\":{\"@id\":\"https:\\\/\\\/www.omnesbands.international\\\/#website\"},\"datePublished\":\"2023-01-29T14:41:54+00:00\",\"dateModified\":\"2023-02-03T22:54:27+00:00\",\"breadcrumb\":{\"@id\":\"https:\\\/\\\/www.omnesbands.international\\\/de\\\/juan-fco-sanjuan-rodrigo-2\\\/#breadcrumb\"},\"inLanguage\":\"en-US\",\"potentialAction\":[{\"@type\":\"ReadAction\",\"target\":[\"https:\\\/\\\/www.omnesbands.international\\\/de\\\/juan-fco-sanjuan-rodrigo-2\\\/\"]}]},{\"@type\":\"BreadcrumbList\",\"@id\":\"https:\\\/\\\/www.omnesbands.international\\\/de\\\/juan-fco-sanjuan-rodrigo-2\\\/#breadcrumb\",\"itemListElement\":[{\"@type\":\"ListItem\",\"position\":1,\"name\":\"Portada\",\"item\":\"https:\\\/\\\/www.omnesbands.international\\\/\"},{\"@type\":\"ListItem\",\"position\":2,\"name\":\"JUAN FCO. SANJU\u00c1N RODRIGO\"}]},{\"@type\":\"WebSite\",\"@id\":\"https:\\\/\\\/www.omnesbands.international\\\/#website\",\"url\":\"https:\\\/\\\/www.omnesbands.international\\\/\",\"name\":\"OMNESBANDS International\",\"description\":\"Partituras Originales de autores y compositores independientes\",\"publisher\":{\"@id\":\"https:\\\/\\\/www.omnesbands.international\\\/#organization\"},\"potentialAction\":[{\"@type\":\"SearchAction\",\"target\":{\"@type\":\"EntryPoint\",\"urlTemplate\":\"https:\\\/\\\/www.omnesbands.international\\\/?s={search_term_string}\"},\"query-input\":{\"@type\":\"PropertyValueSpecification\",\"valueRequired\":true,\"valueName\":\"search_term_string\"}}],\"inLanguage\":\"en-US\"},{\"@type\":\"Organization\",\"@id\":\"https:\\\/\\\/www.omnesbands.international\\\/#organization\",\"name\":\"Indra Consultores Internacionales\",\"alternateName\":\"Omnesbands\",\"url\":\"https:\\\/\\\/www.omnesbands.international\\\/\",\"logo\":{\"@type\":\"ImageObject\",\"inLanguage\":\"en-US\",\"@id\":\"https:\\\/\\\/www.omnesbands.international\\\/#\\\/schema\\\/logo\\\/image\\\/\",\"url\":\"https:\\\/\\\/omnesbands.international\\\/wp-content\\\/uploads\\\/2023\\\/06\\\/Logo-Nuevo-.png\",\"contentUrl\":\"https:\\\/\\\/omnesbands.international\\\/wp-content\\\/uploads\\\/2023\\\/06\\\/Logo-Nuevo-.png\",\"width\":394,\"height\":212,\"caption\":\"Indra Consultores Internacionales\"},\"image\":{\"@id\":\"https:\\\/\\\/www.omnesbands.international\\\/#\\\/schema\\\/logo\\\/image\\\/\"}}]}<\/script>\n<!-- \/ Yoast SEO Premium plugin. -->","yoast_head_json":{"title":"JUAN FCO. SANJU\u00c1N RODRIGO -","robots":{"index":"index","follow":"follow","max-snippet":"max-snippet:-1","max-image-preview":"max-image-preview:large","max-video-preview":"max-video-preview:-1"},"canonical":"https:\/\/www.omnesbands.international\/en\/juan-fco-sanjuan-rodrigo-2\/","og_locale":"en_US","og_type":"article","og_title":"JUAN FCO. SANJU\u00c1N RODRIGO","og_description":"JUAN FCO. SANJU\u00c1N RODRIGO Juan Fco. Sanju\u00e1n Rodrigo, empieza sus estudios en su pueblo natural, Muro de Alcoi (Alicante), los prosigue en los Conservatorios de Alcoi, San Vicente del Raspeig (Alicante) y Ontinyent (Valencia) en ambos con excelentes calificaciones, y finalmente consigue el Premio Extraordinario Fin de Grado Superior por Unanimidad del Tribunal en la [&hellip;]","og_url":"https:\/\/www.omnesbands.international\/en\/juan-fco-sanjuan-rodrigo-2\/","article_modified_time":"2023-02-03T22:54:27+00:00","og_image":[{"width":1280,"height":742,"url":"https:\/\/www.omnesbands.international\/wp-content\/uploads\/2023\/01\/music-sheet-music-snowdrop-7107045.jpg","type":"image\/jpeg"}],"twitter_card":"summary_large_image","twitter_misc":{"Est. reading time":"5 minutes"},"schema":{"@context":"https:\/\/schema.org","@graph":[{"@type":"WebPage","@id":"https:\/\/www.omnesbands.international\/de\/juan-fco-sanjuan-rodrigo-2\/","url":"https:\/\/www.omnesbands.international\/de\/juan-fco-sanjuan-rodrigo-2\/","name":"JUAN FCO. SANJU\u00c1N RODRIGO -","isPartOf":{"@id":"https:\/\/www.omnesbands.international\/#website"},"datePublished":"2023-01-29T14:41:54+00:00","dateModified":"2023-02-03T22:54:27+00:00","breadcrumb":{"@id":"https:\/\/www.omnesbands.international\/de\/juan-fco-sanjuan-rodrigo-2\/#breadcrumb"},"inLanguage":"en-US","potentialAction":[{"@type":"ReadAction","target":["https:\/\/www.omnesbands.international\/de\/juan-fco-sanjuan-rodrigo-2\/"]}]},{"@type":"BreadcrumbList","@id":"https:\/\/www.omnesbands.international\/de\/juan-fco-sanjuan-rodrigo-2\/#breadcrumb","itemListElement":[{"@type":"ListItem","position":1,"name":"Portada","item":"https:\/\/www.omnesbands.international\/"},{"@type":"ListItem","position":2,"name":"JUAN FCO. SANJU\u00c1N RODRIGO"}]},{"@type":"WebSite","@id":"https:\/\/www.omnesbands.international\/#website","url":"https:\/\/www.omnesbands.international\/","name":"OMNESBANDS International","description":"Original Sheet Music by independent authors and composers","publisher":{"@id":"https:\/\/www.omnesbands.international\/#organization"},"potentialAction":[{"@type":"SearchAction","target":{"@type":"EntryPoint","urlTemplate":"https:\/\/www.omnesbands.international\/?s={search_term_string}"},"query-input":{"@type":"PropertyValueSpecification","valueRequired":true,"valueName":"search_term_string"}}],"inLanguage":"en-US"},{"@type":"Organization","@id":"https:\/\/www.omnesbands.international\/#organization","name":"Indra International Consultants","alternateName":"Omnesbands","url":"https:\/\/www.omnesbands.international\/","logo":{"@type":"ImageObject","inLanguage":"en-US","@id":"https:\/\/www.omnesbands.international\/#\/schema\/logo\/image\/","url":"https:\/\/omnesbands.international\/wp-content\/uploads\/2023\/06\/Logo-Nuevo-.png","contentUrl":"https:\/\/omnesbands.international\/wp-content\/uploads\/2023\/06\/Logo-Nuevo-.png","width":394,"height":212,"caption":"Indra Consultores Internacionales"},"image":{"@id":"https:\/\/www.omnesbands.international\/#\/schema\/logo\/image\/"}}]}},"uagb_featured_image_src":{"full":false,"thumbnail":false,"medium":false,"medium_large":false,"large":false,"1536x1536":false,"2048x2048":false,"trp-custom-language-flag":false,"gg_gallery_thumbnail":false,"woocommerce_thumbnail":false,"woocommerce_single":false,"woocommerce_gallery_thumbnail":false},"uagb_author_info":{"display_name":"Melvin R. Portillo A:","author_link":"https:\/\/www.omnesbands.international\/en\/author\/portand\/"},"uagb_comment_info":0,"uagb_excerpt":"JUAN FCO. SANJU\u00c1N RODRIGO Juan Fco. Sanju\u00e1n Rodrigo, empieza sus estudios en su pueblo natural, Muro de Alcoi (Alicante), los prosigue en los Conservatorios de Alcoi, San Vicente del Raspeig (Alicante) y Ontinyent (Valencia) en ambos con excelentes calificaciones, y finalmente consigue el Premio Extraordinario Fin de Grado Superior por Unanimidad del Tribunal en la&hellip;","_links":{"self":[{"href":"https:\/\/www.omnesbands.international\/en\/wp-json\/wp\/v2\/pages\/1738","targetHints":{"allow":["GET"]}}],"collection":[{"href":"https:\/\/www.omnesbands.international\/en\/wp-json\/wp\/v2\/pages"}],"about":[{"href":"https:\/\/www.omnesbands.international\/en\/wp-json\/wp\/v2\/types\/page"}],"author":[{"embeddable":true,"href":"https:\/\/www.omnesbands.international\/en\/wp-json\/wp\/v2\/users\/4"}],"replies":[{"embeddable":true,"href":"https:\/\/www.omnesbands.international\/en\/wp-json\/wp\/v2\/comments?post=1738"}],"version-history":[{"count":4,"href":"https:\/\/www.omnesbands.international\/en\/wp-json\/wp\/v2\/pages\/1738\/revisions"}],"predecessor-version":[{"id":1849,"href":"https:\/\/www.omnesbands.international\/en\/wp-json\/wp\/v2\/pages\/1738\/revisions\/1849"}],"wp:attachment":[{"href":"https:\/\/www.omnesbands.international\/en\/wp-json\/wp\/v2\/media?parent=1738"}],"curies":[{"name":"wp","href":"https:\/\/api.w.org\/{rel}","templated":true}]}}