{"id":1742,"date":"2023-01-29T08:59:05","date_gmt":"2023-01-29T14:59:05","guid":{"rendered":"https:\/\/omnesbands.international\/?page_id=1742"},"modified":"2023-01-29T08:59:08","modified_gmt":"2023-01-29T14:59:08","slug":"juan-jesus-lopez-sandoval-2","status":"publish","type":"page","link":"https:\/\/www.omnesbands.international\/en\/juan-jesus-lopez-sandoval-2\/","title":{"rendered":"JUAN JESUS LOPEZ SANDOVAL"},"content":{"rendered":"<div class=\"wp-block-uagb-container uagb-block-c6e8045b alignfull uagb-is-root-container\"><div class=\"uagb-container-inner-blocks-wrap\">\n<div class=\"wp-block-uagb-advanced-heading uagb-block-07f016e0\"><h1 class=\"uagb-heading-text\"><strong>JUAN JESUS LOPEZ SANDOVAL<\/strong><\/h1><\/div>\n<\/div><\/div>\n\n\n\n<div class=\"wp-block-uagb-container uagb-block-f8703371 alignfull uagb-is-root-container\"><div class=\"uagb-container-inner-blocks-wrap\">\n<div class=\"wp-block-uagb-container uagb-block-aab03224\">\n<p>2,657 \/ 5,000\nResultados de traducci\u00f3n\nTraducci\u00f3n\nHe began his musical vocation within the Musical Association of Calasparra. He began his studies at the \u201cManuel Massotti Littel\u201d Conservatory of Murcia, later continuing his training at the Victoria Eugenia Conservatory of Granada, the Conservatory of C\u00f3rdoba and the Conservatory of M\u00e1laga, obtaining Higher Degrees in Tuba, Composition and Conducting. orchestral. As a composer, he is the author of various works for orchestra and band.<br \/>He has been director of the Municipal Band of Ja\u00e9n between 1994 and 2004 and of the Agrupaci\u00f3n Musical Villa de Mancha Real between 2002 and 2006. Since September 2019 he has directed the Banda de M\u00fasica de la Esperanza de M\u00e1laga.<br \/>Juan Jes\u00fas L\u00f3pez Sandoval was born in Calasparra (Murcia), his musical vocation began within the Banda de M\u00fasica Association of this town. He is a Higher Graduate in the specialties of Tuba, Composition and Orchestra Direction, and has completed two master's degrees; in Innovation and Educational Research from the University of Malaga and in Musical Heritage from the International University of Andalusia.<\/p>\n<p>He has perfected his studies with the main Masters of the international artistic scene in Romania, Malaga, the University of Alcal\u00e1 de Henares, the University of Catania and at the Accademia Chigiana in Siena. <br \/>He has been the winner of the First Andalusian Competition for Young Performers in Chamber Music with the brass quintet \"Eolo Brass\", awarded in the Bullfighting Competition \"Espiga de Oro\" mention \"\u00c1ngel Rodr\u00edguez\" for the composition of the pasodoble \"Espiga de Oro\", first prize in the II Vila de Muro International Composition Contest and decorated by the Hon. Calasparra City Council in the Villa Donation Act, for his professional career and his work in favor of musical culture.<\/p>\n<p>In his professional career he has conducted prestigious ensembles, highlighting among others the Symphony Orchestra of the Region of Murcia, Malaga Philharmonic, Malaga Symphony, European Symphony Orchestra, Jaen Symphony Orchestra, Melilla Symphony Orchestra, Moldova National Orchestra, Symphony Orchestra of the Sofia Festival, Municipal Band of Ja\u00e9n, Municipal Band of Granada, Municipal Band of M\u00e1laga, etc. <br \/>During his career he has always received praise from critics and the public for displaying an expressive direction, a refined and virtuoso technique, and above all for his gestural and persuasive transmission of musical content.<\/p>\n<p>The Archconfraternity of El Paso y la Esperanza appreciates the work carried out by Rub\u00e9n Vera during these years and welcomes Juan Jes\u00fas L\u00f3pez Sandoval, with the hope that the Nazarene and the Virgin accompany him on this path.<\/p>\n<\/div>\n<\/div><\/div>\n\n\n<div class=\"woocommerce columns-4\"><ul class=\"products columns-4\">\n<li class=\"desktop-align-left tablet-align-left mobile-align-left ast-product-gallery-layout-horizontal-slider product type-product post-1315 status-publish first instock product_cat-pasodobles product_tag-juan-jesus-lopez-sandoval has-post-thumbnail downloadable virtual taxable purchasable product-type-simple\">\n\t<a href=\"https:\/\/www.omnesbands.international\/en\/product\/espiga-de-oro\/\" class=\"woocommerce-LoopProduct-link woocommerce-loop-product__link\"><img loading=\"lazy\" decoding=\"async\" width=\"300\" height=\"300\" src=\"https:\/\/www.omnesbands.international\/wp-content\/uploads\/2023\/01\/Espiga-de-Oro-1-300x300.jpg\" class=\"attachment-woocommerce_thumbnail size-woocommerce_thumbnail\" alt=\"Espiga de Oro\" srcset=\"https:\/\/www.omnesbands.international\/wp-content\/uploads\/2023\/01\/Espiga-de-Oro-1-300x300.jpg 300w, https:\/\/www.omnesbands.international\/wp-content\/uploads\/2023\/01\/Espiga-de-Oro-1-150x150.jpg 150w, https:\/\/www.omnesbands.international\/wp-content\/uploads\/2023\/01\/Espiga-de-Oro-1-100x100.jpg 100w\" sizes=\"auto, (max-width: 300px) 100vw, 300px\" \/><h2 class=\"woocommerce-loop-product__title\">golden spike<\/h2>\n\t<span class=\"price\"><span class=\"woocommerce-Price-amount amount\"><bdi><span class=\"woocommerce-Price-currencySymbol\">&#36;<\/span>25.00<\/bdi><\/span><\/span>\n<\/a><a href=\"\/en\/wp-json\/wp\/v2\/pages\/1742?add-to-cart=1315\" aria-describedby=\"woocommerce_loop_add_to_cart_link_describedby_1315\" data-quantity=\"1\" class=\"button product_type_simple add_to_cart_button ajax_add_to_cart\" data-product_id=\"1315\" data-product_sku=\"ESP-PAS-ESP-22\" aria-label=\"Add to cart: \u201cEspiga de Oro\u201d\" rel=\"nofollow\" data-success_message=\"\u201cEspiga de Oro\u201d has been added to your cart\" role=\"button\" data-no-translation=\"\" data-trp-gettext=\"\" data-no-translation-aria-label=\"\" data-no-translation-data-success_message=\"\">Add to cart<\/a>\t<span id=\"woocommerce_loop_add_to_cart_link_describedby_1315\" class=\"screen-reader-text\">\n\t\t\t<\/span>\n<\/li>\n<li class=\"desktop-align-left tablet-align-left mobile-align-left ast-product-gallery-layout-horizontal-slider product type-product post-1129 status-publish instock product_cat-sinfonicas product_tag-juan-jesus-lopez-sandoval has-post-thumbnail featured downloadable virtual taxable purchasable product-type-simple\">\n\t<a href=\"https:\/\/www.omnesbands.international\/en\/product\/fantasia-y-variacion-para-tuba-y-banda\/\" class=\"woocommerce-LoopProduct-link woocommerce-loop-product__link\"><img loading=\"lazy\" decoding=\"async\" width=\"300\" height=\"300\" src=\"https:\/\/www.omnesbands.international\/wp-content\/uploads\/2023\/01\/Fantasia-y-Variacion-450x450.jpg\" class=\"attachment-woocommerce_thumbnail size-woocommerce_thumbnail\" alt=\"Fantas\u00eda y Variaci\u00f3n para Tuba y Banda\" srcset=\"https:\/\/www.omnesbands.international\/wp-content\/uploads\/2023\/01\/Fantasia-y-Variacion-450x450.jpg 450w, https:\/\/www.omnesbands.international\/wp-content\/uploads\/2023\/01\/Fantasia-y-Variacion-150x150.jpg 150w, https:\/\/www.omnesbands.international\/wp-content\/uploads\/2023\/01\/Fantasia-y-Variacion-100x100.jpg 100w\" sizes=\"auto, (max-width: 300px) 100vw, 300px\" \/><h2 class=\"woocommerce-loop-product__title\">Fantasy and Variation for Tuba and Band<\/h2>\n\t<span class=\"price\"><span class=\"woocommerce-Price-amount amount\"><bdi><span class=\"woocommerce-Price-currencySymbol\">&#36;<\/span>35.00<\/bdi><\/span><\/span>\n<\/a><a href=\"\/en\/wp-json\/wp\/v2\/pages\/1742?add-to-cart=1129\" aria-describedby=\"woocommerce_loop_add_to_cart_link_describedby_1129\" data-quantity=\"1\" class=\"button product_type_simple add_to_cart_button ajax_add_to_cart\" data-product_id=\"1129\" data-product_sku=\"FAN-SIN-ESP-22\" aria-label=\"Add to cart: \u201cFantas\u00eda y Variaci\u00f3n para Tuba y Banda\u201d\" rel=\"nofollow\" data-success_message=\"\u201cFantas\u00eda y Variaci\u00f3n para Tuba y Banda\u201d has been added to your cart\" role=\"button\" data-no-translation=\"\" data-trp-gettext=\"\" data-no-translation-aria-label=\"\" data-no-translation-data-success_message=\"\">Add to cart<\/a>\t<span id=\"woocommerce_loop_add_to_cart_link_describedby_1129\" class=\"screen-reader-text\">\n\t\t\t<\/span>\n<\/li>\n<li class=\"desktop-align-left tablet-align-left mobile-align-left ast-product-gallery-layout-horizontal-slider product type-product post-1151 status-publish instock product_cat-sinfonicas product_tag-juan-jesus-lopez-sandoval has-post-thumbnail downloadable virtual taxable purchasable product-type-simple\">\n\t<a href=\"https:\/\/www.omnesbands.international\/en\/product\/rapsodia-mediterranea\/\" class=\"woocommerce-LoopProduct-link woocommerce-loop-product__link\"><img loading=\"lazy\" decoding=\"async\" width=\"300\" height=\"300\" src=\"https:\/\/www.omnesbands.international\/wp-content\/uploads\/2023\/01\/Rapsodia-Mediterranea-300x300.jpg\" class=\"attachment-woocommerce_thumbnail size-woocommerce_thumbnail\" alt=\"Rapsodia Mediterranea\" srcset=\"https:\/\/www.omnesbands.international\/wp-content\/uploads\/2023\/01\/Rapsodia-Mediterranea-300x300.jpg 300w, https:\/\/www.omnesbands.international\/wp-content\/uploads\/2023\/01\/Rapsodia-Mediterranea-150x150.jpg 150w, https:\/\/www.omnesbands.international\/wp-content\/uploads\/2023\/01\/Rapsodia-Mediterranea-11x12.jpg 11w, https:\/\/www.omnesbands.international\/wp-content\/uploads\/2023\/01\/Rapsodia-Mediterranea-100x100.jpg 100w\" sizes=\"auto, (max-width: 300px) 100vw, 300px\" \/><h2 class=\"woocommerce-loop-product__title\">Mediterranean Rhapsody<\/h2>\n\t<span class=\"price\"><span class=\"woocommerce-Price-amount amount\"><bdi><span class=\"woocommerce-Price-currencySymbol\">&#36;<\/span>40.00<\/bdi><\/span><\/span>\n<\/a><a href=\"\/en\/wp-json\/wp\/v2\/pages\/1742?add-to-cart=1151\" aria-describedby=\"woocommerce_loop_add_to_cart_link_describedby_1151\" data-quantity=\"1\" class=\"button product_type_simple add_to_cart_button ajax_add_to_cart\" data-product_id=\"1151\" data-product_sku=\"MED-SIN-ESP-22\" aria-label=\"Add to cart: \u201cRapsodia Mediterr\u00e1nea\u201d\" rel=\"nofollow\" data-success_message=\"\u201cRapsodia Mediterr\u00e1nea\u201d has been added to your cart\" role=\"button\" data-no-translation=\"\" data-trp-gettext=\"\" data-no-translation-aria-label=\"\" data-no-translation-data-success_message=\"\">Add to cart<\/a>\t<span id=\"woocommerce_loop_add_to_cart_link_describedby_1151\" class=\"screen-reader-text\">\n\t\t\t<\/span>\n<\/li>\n<li class=\"desktop-align-left tablet-align-left mobile-align-left ast-product-gallery-layout-horizontal-slider product type-product post-978 status-publish last instock product_cat-musica-religiosa product_tag-juan-jesus-lopez-sandoval has-post-thumbnail downloadable virtual taxable purchasable product-type-simple\">\n\t<a href=\"https:\/\/www.omnesbands.international\/en\/product\/sentimiento-cofrade\/\" class=\"woocommerce-LoopProduct-link woocommerce-loop-product__link\"><img loading=\"lazy\" decoding=\"async\" width=\"300\" height=\"300\" src=\"https:\/\/www.omnesbands.international\/wp-content\/uploads\/2023\/01\/Sentimiento-Cofrade-300x300.jpg\" class=\"attachment-woocommerce_thumbnail size-woocommerce_thumbnail\" alt=\"Sentimiento C\u00f3frade\" srcset=\"https:\/\/www.omnesbands.international\/wp-content\/uploads\/2023\/01\/Sentimiento-Cofrade-300x300.jpg 300w, https:\/\/www.omnesbands.international\/wp-content\/uploads\/2023\/01\/Sentimiento-Cofrade-150x150.jpg 150w, https:\/\/www.omnesbands.international\/wp-content\/uploads\/2023\/01\/Sentimiento-Cofrade-100x100.jpg 100w\" sizes=\"auto, (max-width: 300px) 100vw, 300px\" \/><h2 class=\"woocommerce-loop-product__title\">Brotherhood feeling<\/h2>\n\t<span class=\"price\"><span class=\"woocommerce-Price-amount amount\"><bdi><span class=\"woocommerce-Price-currencySymbol\">&#36;<\/span>25.00<\/bdi><\/span><\/span>\n<\/a><a href=\"\/en\/wp-json\/wp\/v2\/pages\/1742?add-to-cart=978\" aria-describedby=\"woocommerce_loop_add_to_cart_link_describedby_978\" data-quantity=\"1\" class=\"button product_type_simple add_to_cart_button ajax_add_to_cart\" data-product_id=\"978\" data-product_sku=\"SEN-REL-ESP-22\" aria-label=\"Add to cart: \u201cSentimiento C\u00f3frade\u201d\" rel=\"nofollow\" data-success_message=\"\u201cSentimiento C\u00f3frade\u201d has been added to your cart\" role=\"button\" data-no-translation=\"\" data-trp-gettext=\"\" data-no-translation-aria-label=\"\" data-no-translation-data-success_message=\"\">Add to cart<\/a>\t<span id=\"woocommerce_loop_add_to_cart_link_describedby_978\" class=\"screen-reader-text\">\n\t\t\t<\/span>\n<\/li>\n<\/ul>\n<\/div>","protected":false},"excerpt":{"rendered":"<p>JUAN JES\u00daS L\u00d3PEZ SANDOVAL Inici\u00f3 su vocaci\u00f3n musical en el seno de la Asociaci\u00f3n Musical de Calasparra. Comenz\u00f3 sus estudios en el Conservatorio Superior \u00abManuel Massotti Littel\u00bb de Murcia, siguiendo despu\u00e9s su formaci\u00f3n en el Conservatorio Superior Victoria Eugenia de Granada, el Conservatorio Superior de C\u00f3rdoba y el Conservatorio Superior de M\u00e1laga, obteniendo los T\u00edtulos [&hellip;]<\/p>\n","protected":false},"author":4,"featured_media":0,"parent":0,"menu_order":0,"comment_status":"closed","ping_status":"closed","template":"","meta":{"_acf_changed":false,"_uag_custom_page_level_css":"","site-sidebar-layout":"default","site-content-layout":"","ast-site-content-layout":"default","site-content-style":"default","site-sidebar-style":"default","ast-global-header-display":"","ast-banner-title-visibility":"","ast-main-header-display":"","ast-hfb-above-header-display":"","ast-hfb-below-header-display":"","ast-hfb-mobile-header-display":"","site-post-title":"disabled","ast-breadcrumbs-content":"","ast-featured-img":"","footer-sml-layout":"","ast-disable-related-posts":"","theme-transparent-header-meta":"","adv-header-id-meta":"","stick-header-meta":"","header-above-stick-meta":"","header-main-stick-meta":"","header-below-stick-meta":"","astra-migrate-meta-layouts":"default","ast-page-background-enabled":"default","ast-page-background-meta":{"desktop":{"background-color":"","background-image":"","background-repeat":"repeat","background-position":"center center","background-size":"auto","background-attachment":"scroll","background-type":"","background-media":"","overlay-type":"","overlay-color":"","overlay-opacity":"","overlay-gradient":""},"tablet":{"background-color":"","background-image":"","background-repeat":"repeat","background-position":"center center","background-size":"auto","background-attachment":"scroll","background-type":"","background-media":"","overlay-type":"","overlay-color":"","overlay-opacity":"","overlay-gradient":""},"mobile":{"background-color":"","background-image":"","background-repeat":"repeat","background-position":"center center","background-size":"auto","background-attachment":"scroll","background-type":"","background-media":"","overlay-type":"","overlay-color":"","overlay-opacity":"","overlay-gradient":""}},"ast-content-background-meta":{"desktop":{"background-color":"var(--ast-global-color-5)","background-image":"","background-repeat":"repeat","background-position":"center center","background-size":"auto","background-attachment":"scroll","background-type":"","background-media":"","overlay-type":"","overlay-color":"","overlay-opacity":"","overlay-gradient":""},"tablet":{"background-color":"var(--ast-global-color-5)","background-image":"","background-repeat":"repeat","background-position":"center center","background-size":"auto","background-attachment":"scroll","background-type":"","background-media":"","overlay-type":"","overlay-color":"","overlay-opacity":"","overlay-gradient":""},"mobile":{"background-color":"var(--ast-global-color-5)","background-image":"","background-repeat":"repeat","background-position":"center center","background-size":"auto","background-attachment":"scroll","background-type":"","background-media":"","overlay-type":"","overlay-color":"","overlay-opacity":"","overlay-gradient":""}},"footnotes":""},"class_list":["post-1742","page","type-page","status-publish","hentry"],"acf":[],"yoast_head":"<!-- This site is optimized with the Yoast SEO Premium plugin v22.4 (Yoast SEO v27.4) - https:\/\/yoast.com\/product\/yoast-seo-premium-wordpress\/ -->\n<title>JUAN JES\u00daS L\u00d3PEZ SANDOVAL -<\/title>\n<meta name=\"robots\" content=\"index, follow, max-snippet:-1, max-image-preview:large, max-video-preview:-1\" \/>\n<link rel=\"canonical\" href=\"https:\/\/www.omnesbands.international\/en\/juan-jesus-lopez-sandoval-2\/\" \/>\n<meta property=\"og:locale\" content=\"en_US\" \/>\n<meta property=\"og:type\" content=\"article\" \/>\n<meta property=\"og:title\" content=\"JUAN JES\u00daS L\u00d3PEZ SANDOVAL\" \/>\n<meta property=\"og:description\" content=\"JUAN JES\u00daS L\u00d3PEZ SANDOVAL Inici\u00f3 su vocaci\u00f3n musical en el seno de la Asociaci\u00f3n Musical de Calasparra. Comenz\u00f3 sus estudios en el Conservatorio Superior \u00abManuel Massotti Littel\u00bb de Murcia, siguiendo despu\u00e9s su formaci\u00f3n en el Conservatorio Superior Victoria Eugenia de Granada, el Conservatorio Superior de C\u00f3rdoba y el Conservatorio Superior de M\u00e1laga, obteniendo los T\u00edtulos [&hellip;]\" \/>\n<meta property=\"og:url\" content=\"https:\/\/www.omnesbands.international\/en\/juan-jesus-lopez-sandoval-2\/\" \/>\n<meta property=\"article:modified_time\" content=\"2023-01-29T14:59:08+00:00\" \/>\n<meta property=\"og:image\" content=\"https:\/\/www.omnesbands.international\/wp-content\/uploads\/2023\/01\/music-sheet-music-snowdrop-7107045.jpg\" \/>\n\t<meta property=\"og:image:width\" content=\"1280\" \/>\n\t<meta property=\"og:image:height\" content=\"742\" \/>\n\t<meta property=\"og:image:type\" content=\"image\/jpeg\" \/>\n<meta name=\"twitter:card\" content=\"summary_large_image\" \/>\n<meta name=\"twitter:label1\" content=\"Est. reading time\" \/>\n\t<meta name=\"twitter:data1\" content=\"2 minutes\" \/>\n<script type=\"application\/ld+json\" class=\"yoast-schema-graph\">{\"@context\":\"https:\\\/\\\/schema.org\",\"@graph\":[{\"@type\":\"WebPage\",\"@id\":\"https:\\\/\\\/www.omnesbands.international\\\/en\\\/juan-jesus-lopez-sandoval-2\\\/\",\"url\":\"https:\\\/\\\/www.omnesbands.international\\\/en\\\/juan-jesus-lopez-sandoval-2\\\/\",\"name\":\"JUAN JES\u00daS L\u00d3PEZ SANDOVAL -\",\"isPartOf\":{\"@id\":\"https:\\\/\\\/www.omnesbands.international\\\/#website\"},\"datePublished\":\"2023-01-29T14:59:05+00:00\",\"dateModified\":\"2023-01-29T14:59:08+00:00\",\"breadcrumb\":{\"@id\":\"https:\\\/\\\/www.omnesbands.international\\\/en\\\/juan-jesus-lopez-sandoval-2\\\/#breadcrumb\"},\"inLanguage\":\"en-US\",\"potentialAction\":[{\"@type\":\"ReadAction\",\"target\":[\"https:\\\/\\\/www.omnesbands.international\\\/en\\\/juan-jesus-lopez-sandoval-2\\\/\"]}]},{\"@type\":\"BreadcrumbList\",\"@id\":\"https:\\\/\\\/www.omnesbands.international\\\/en\\\/juan-jesus-lopez-sandoval-2\\\/#breadcrumb\",\"itemListElement\":[{\"@type\":\"ListItem\",\"position\":1,\"name\":\"Portada\",\"item\":\"https:\\\/\\\/www.omnesbands.international\\\/\"},{\"@type\":\"ListItem\",\"position\":2,\"name\":\"JUAN JES\u00daS L\u00d3PEZ SANDOVAL\"}]},{\"@type\":\"WebSite\",\"@id\":\"https:\\\/\\\/www.omnesbands.international\\\/#website\",\"url\":\"https:\\\/\\\/www.omnesbands.international\\\/\",\"name\":\"OMNESBANDS International\",\"description\":\"Partituras Originales de autores y compositores independientes\",\"publisher\":{\"@id\":\"https:\\\/\\\/www.omnesbands.international\\\/#organization\"},\"potentialAction\":[{\"@type\":\"SearchAction\",\"target\":{\"@type\":\"EntryPoint\",\"urlTemplate\":\"https:\\\/\\\/www.omnesbands.international\\\/?s={search_term_string}\"},\"query-input\":{\"@type\":\"PropertyValueSpecification\",\"valueRequired\":true,\"valueName\":\"search_term_string\"}}],\"inLanguage\":\"en-US\"},{\"@type\":\"Organization\",\"@id\":\"https:\\\/\\\/www.omnesbands.international\\\/#organization\",\"name\":\"Indra Consultores Internacionales\",\"alternateName\":\"Omnesbands\",\"url\":\"https:\\\/\\\/www.omnesbands.international\\\/\",\"logo\":{\"@type\":\"ImageObject\",\"inLanguage\":\"en-US\",\"@id\":\"https:\\\/\\\/www.omnesbands.international\\\/#\\\/schema\\\/logo\\\/image\\\/\",\"url\":\"https:\\\/\\\/omnesbands.international\\\/wp-content\\\/uploads\\\/2023\\\/06\\\/Logo-Nuevo-.png\",\"contentUrl\":\"https:\\\/\\\/omnesbands.international\\\/wp-content\\\/uploads\\\/2023\\\/06\\\/Logo-Nuevo-.png\",\"width\":394,\"height\":212,\"caption\":\"Indra Consultores Internacionales\"},\"image\":{\"@id\":\"https:\\\/\\\/www.omnesbands.international\\\/#\\\/schema\\\/logo\\\/image\\\/\"}}]}<\/script>\n<!-- \/ Yoast SEO Premium plugin. -->","yoast_head_json":{"title":"JUAN JES\u00daS L\u00d3PEZ SANDOVAL -","robots":{"index":"index","follow":"follow","max-snippet":"max-snippet:-1","max-image-preview":"max-image-preview:large","max-video-preview":"max-video-preview:-1"},"canonical":"https:\/\/www.omnesbands.international\/en\/juan-jesus-lopez-sandoval-2\/","og_locale":"en_US","og_type":"article","og_title":"JUAN JES\u00daS L\u00d3PEZ SANDOVAL","og_description":"JUAN JES\u00daS L\u00d3PEZ SANDOVAL Inici\u00f3 su vocaci\u00f3n musical en el seno de la Asociaci\u00f3n Musical de Calasparra. Comenz\u00f3 sus estudios en el Conservatorio Superior \u00abManuel Massotti Littel\u00bb de Murcia, siguiendo despu\u00e9s su formaci\u00f3n en el Conservatorio Superior Victoria Eugenia de Granada, el Conservatorio Superior de C\u00f3rdoba y el Conservatorio Superior de M\u00e1laga, obteniendo los T\u00edtulos [&hellip;]","og_url":"https:\/\/www.omnesbands.international\/en\/juan-jesus-lopez-sandoval-2\/","article_modified_time":"2023-01-29T14:59:08+00:00","og_image":[{"width":1280,"height":742,"url":"https:\/\/www.omnesbands.international\/wp-content\/uploads\/2023\/01\/music-sheet-music-snowdrop-7107045.jpg","type":"image\/jpeg"}],"twitter_card":"summary_large_image","twitter_misc":{"Est. reading time":"2 minutes"},"schema":{"@context":"https:\/\/schema.org","@graph":[{"@type":"WebPage","@id":"https:\/\/www.omnesbands.international\/en\/juan-jesus-lopez-sandoval-2\/","url":"https:\/\/www.omnesbands.international\/en\/juan-jesus-lopez-sandoval-2\/","name":"JUAN JES\u00daS L\u00d3PEZ SANDOVAL -","isPartOf":{"@id":"https:\/\/www.omnesbands.international\/#website"},"datePublished":"2023-01-29T14:59:05+00:00","dateModified":"2023-01-29T14:59:08+00:00","breadcrumb":{"@id":"https:\/\/www.omnesbands.international\/en\/juan-jesus-lopez-sandoval-2\/#breadcrumb"},"inLanguage":"en-US","potentialAction":[{"@type":"ReadAction","target":["https:\/\/www.omnesbands.international\/en\/juan-jesus-lopez-sandoval-2\/"]}]},{"@type":"BreadcrumbList","@id":"https:\/\/www.omnesbands.international\/en\/juan-jesus-lopez-sandoval-2\/#breadcrumb","itemListElement":[{"@type":"ListItem","position":1,"name":"Portada","item":"https:\/\/www.omnesbands.international\/"},{"@type":"ListItem","position":2,"name":"JUAN JES\u00daS L\u00d3PEZ SANDOVAL"}]},{"@type":"WebSite","@id":"https:\/\/www.omnesbands.international\/#website","url":"https:\/\/www.omnesbands.international\/","name":"OMNESBANDS International","description":"Original Sheet Music by independent authors and composers","publisher":{"@id":"https:\/\/www.omnesbands.international\/#organization"},"potentialAction":[{"@type":"SearchAction","target":{"@type":"EntryPoint","urlTemplate":"https:\/\/www.omnesbands.international\/?s={search_term_string}"},"query-input":{"@type":"PropertyValueSpecification","valueRequired":true,"valueName":"search_term_string"}}],"inLanguage":"en-US"},{"@type":"Organization","@id":"https:\/\/www.omnesbands.international\/#organization","name":"Indra International Consultants","alternateName":"Omnesbands","url":"https:\/\/www.omnesbands.international\/","logo":{"@type":"ImageObject","inLanguage":"en-US","@id":"https:\/\/www.omnesbands.international\/#\/schema\/logo\/image\/","url":"https:\/\/omnesbands.international\/wp-content\/uploads\/2023\/06\/Logo-Nuevo-.png","contentUrl":"https:\/\/omnesbands.international\/wp-content\/uploads\/2023\/06\/Logo-Nuevo-.png","width":394,"height":212,"caption":"Indra Consultores Internacionales"},"image":{"@id":"https:\/\/www.omnesbands.international\/#\/schema\/logo\/image\/"}}]}},"uagb_featured_image_src":{"full":false,"thumbnail":false,"medium":false,"medium_large":false,"large":false,"1536x1536":false,"2048x2048":false,"trp-custom-language-flag":false,"gg_gallery_thumbnail":false,"woocommerce_thumbnail":false,"woocommerce_single":false,"woocommerce_gallery_thumbnail":false},"uagb_author_info":{"display_name":"Melvin R. Portillo A:","author_link":"https:\/\/www.omnesbands.international\/en\/author\/portand\/"},"uagb_comment_info":0,"uagb_excerpt":"JUAN JES\u00daS L\u00d3PEZ SANDOVAL Inici\u00f3 su vocaci\u00f3n musical en el seno de la Asociaci\u00f3n Musical de Calasparra. Comenz\u00f3 sus estudios en el Conservatorio Superior \u00abManuel Massotti Littel\u00bb de Murcia, siguiendo despu\u00e9s su formaci\u00f3n en el Conservatorio Superior Victoria Eugenia de Granada, el Conservatorio Superior de C\u00f3rdoba y el Conservatorio Superior de M\u00e1laga, obteniendo los T\u00edtulos&hellip;","_links":{"self":[{"href":"https:\/\/www.omnesbands.international\/en\/wp-json\/wp\/v2\/pages\/1742","targetHints":{"allow":["GET"]}}],"collection":[{"href":"https:\/\/www.omnesbands.international\/en\/wp-json\/wp\/v2\/pages"}],"about":[{"href":"https:\/\/www.omnesbands.international\/en\/wp-json\/wp\/v2\/types\/page"}],"author":[{"embeddable":true,"href":"https:\/\/www.omnesbands.international\/en\/wp-json\/wp\/v2\/users\/4"}],"replies":[{"embeddable":true,"href":"https:\/\/www.omnesbands.international\/en\/wp-json\/wp\/v2\/comments?post=1742"}],"version-history":[{"count":2,"href":"https:\/\/www.omnesbands.international\/en\/wp-json\/wp\/v2\/pages\/1742\/revisions"}],"predecessor-version":[{"id":1744,"href":"https:\/\/www.omnesbands.international\/en\/wp-json\/wp\/v2\/pages\/1742\/revisions\/1744"}],"wp:attachment":[{"href":"https:\/\/www.omnesbands.international\/en\/wp-json\/wp\/v2\/media?parent=1742"}],"curies":[{"name":"wp","href":"https:\/\/api.w.org\/{rel}","templated":true}]}}