{"id":1749,"date":"2023-01-29T09:21:07","date_gmt":"2023-01-29T15:21:07","guid":{"rendered":"https:\/\/omnesbands.international\/?page_id=1749"},"modified":"2023-01-29T09:21:47","modified_gmt":"2023-01-29T15:21:47","slug":"mario-roig-vila-2","status":"publish","type":"page","link":"https:\/\/www.omnesbands.international\/en\/mario-roig-vila-2\/","title":{"rendered":"MARIO ROIG VILA"},"content":{"rendered":"<div class=\"wp-block-uagb-container uagb-block-b895b26b alignfull uagb-is-root-container\"><div class=\"uagb-container-inner-blocks-wrap\">\n<div class=\"wp-block-uagb-advanced-heading uagb-block-0e2f56e9\"><h1 class=\"uagb-heading-text\"><strong>MARIO ROIG VILA<\/strong><\/h1><\/div>\n<\/div><\/div>\n\n\n\n<div class=\"wp-block-uagb-container uagb-block-18725e14 alignfull uagb-is-root-container\"><div class=\"uagb-container-inner-blocks-wrap\">\n<div class=\"wp-block-uagb-container uagb-block-49e4caaf\">\n<p>Born in Albaida (Valencia) on June 26, 1972, he is a professor specializing in trombone and composition, he has a diploma in band conducting from The Associated Board Of The Royal School Of Music.<\/p>\n<p>He began his musical studies at the Uni\u00f3n Musical de Albaida \"LAranya\" with percussion and began with the trombone at the hands of Alexandre Cerd\u00e0 Belda. At the age of 19, he began his elementary trombone studies at the Ontinyent Professional Conservatory with Francisco N\u00e1jera Perona, with whom he obtained the end-of-degree award. From there he moved to the Manuel Massotti Littel Conservatory of Music in Murcia. He combines all these studies with work as a furniture assembler in the company \"CURVASA MUEBLES\", it is in Murcia where he graduated as a superior trombone teacher from Mario Calvo Ponce and went on to dedicate himself professionally to music.<br>His learning process has been continuous for more than thirty years, having taken conducting courses with Franco Cesarini, Ferrer Ferran, Jos\u00e9 R. Pacual Vilaplana and instrumentation with Ramon Garcia i Soler and Oscar Navarro. He has participated in arrangement courses at Berklee \u2013 Valencia. He has been part of countless training courses with Enrique Ferrando, J. Bautista Abad, Mario Calvo, Ricardo Casero, Carlos Gil.<\/p>\n<p>In the field of teaching, he has worked as a Salesian Juan XXIII de Alcoy secondary school teacher, trombone teacher at Aielo de Malferit, Albaida, Alfarras\u00ed, B\u00e9lgida, Bocairent, Montaverner, Cocentaina and has been director of the Municipal School of Albaida from 2002 to 2011.<br>In the world of composition, there are more than fifty works that make up its catalogue, being performed both in concerts and parades in the Moors and Christians festivities: Tabal y Sarag\u00fcells, Teresa Silvestre, Cerd\u00e0 Franc\u00e9s, Bandolera, Adri\u00e0 and a great etc He has composed a concerto for solo trombone and orchestra, premiered by the Orquesta Joven de Sodre in Uruguay, as well as chamber pieces, a group of dulzainas for which he has received numerous awards. He has been in charge of composing the obligatory work in the XXIX Elda Moors and Christians Music Contest in 2014 with the Mora March \u201cMORO DE PLATA\u201d.<\/p>\n<p>He has been invited to conduct his works for numerous bands as well as to take part in competitions and composition contests. As a director, he has recorded a dozen compact dams: A year of Bandera-(2009), Del Morero al Frang\u00ed -(2010), CD 1 \u201cLOS BUERTOS: MUCH HISTORY, MUCH MUSIC\u201d -(2011), Fil\u00e0 Cids -(2012 ), \u201cLeyenda\u201d by Fco. Valor Llorens -(2014), BENJAMA AT PARTIES -(2018).<br>He has been principal conductor of the Uni\u00f3n Musical de Atzeneta (2004-2008), Banda Instructiva Musical de Alfarras\u00ed (2005-2008), of the dulzainas and percussion group \"La Aleaci\u00f3n de Ontinyent\" (2004-2008), in which they obtained the 1st prize in the Altea contest (2006) and 2nd prize in the Manises contest (2007), in the group of dulzaineros and percussion from Muro \"La Xafig\u00e0\", of the Uni\u00f3n Musical Contestana de Cocentaina (2008-2015). , with which he won the First Prize in the \"X CERTAMEN DE M\u00daSICA FESTERA DE ALTEA LA VELLA\" 2013 and the prize for the best parade in the LXVIII National Music Band Contest \"Ciudad de Cullera\" 2015 and the Musical Society la Alianza de Mutxamel (2016-2020) He is a trombone teacher as well as Head of Studies at the Municipal Professional Music Conservatory of Albaida. He is the principal conductor of the La Paz de Beneixama Musical Society.<\/p>\n<\/div>\n<\/div><\/div>\n\n\n<div class=\"woocommerce columns-4\"><ul class=\"products columns-4\">\n<li class=\"desktop-align-left tablet-align-left mobile-align-left ast-product-gallery-layout-horizontal-slider product type-product post-1059 status-publish first instock product_cat-musica-de-calle product_tag-mario-roig-vila has-post-thumbnail downloadable virtual taxable purchasable product-type-simple\">\n\t<a href=\"https:\/\/www.omnesbands.international\/en\/product\/arali\/\" class=\"woocommerce-LoopProduct-link woocommerce-loop-product__link\"><img loading=\"lazy\" decoding=\"async\" width=\"300\" height=\"300\" src=\"https:\/\/www.omnesbands.international\/wp-content\/uploads\/2023\/01\/Arali-300x300.jpg\" class=\"attachment-woocommerce_thumbnail size-woocommerce_thumbnail\" alt=\"Aral\u00ed\" srcset=\"https:\/\/www.omnesbands.international\/wp-content\/uploads\/2023\/01\/Arali-300x300.jpg 300w, https:\/\/www.omnesbands.international\/wp-content\/uploads\/2023\/01\/Arali-150x150.jpg 150w, https:\/\/www.omnesbands.international\/wp-content\/uploads\/2023\/01\/Arali-100x100.jpg 100w\" sizes=\"auto, (max-width: 300px) 100vw, 300px\" \/><h2 class=\"woocommerce-loop-product__title\">Arali<\/h2>\n\t<span class=\"price\"><span class=\"woocommerce-Price-amount amount\"><bdi><span class=\"woocommerce-Price-currencySymbol\">&#36;<\/span>30.00<\/bdi><\/span><\/span>\n<\/a><a href=\"\/en\/wp-json\/wp\/v2\/pages\/1749?add-to-cart=1059\" aria-describedby=\"woocommerce_loop_add_to_cart_link_describedby_1059\" data-quantity=\"1\" class=\"button product_type_simple add_to_cart_button ajax_add_to_cart\" data-product_id=\"1059\" data-product_sku=\"ARL-CAL-ESP-22\" aria-label=\"Add to cart: \u201cAral\u00ed\u201d\" rel=\"nofollow\" data-success_message=\"\u201cAral\u00ed\u201d has been added to your cart\" role=\"button\" data-no-translation=\"\" data-trp-gettext=\"\" data-no-translation-aria-label=\"\" data-no-translation-data-success_message=\"\">Add to cart<\/a>\t<span id=\"woocommerce_loop_add_to_cart_link_describedby_1059\" class=\"screen-reader-text\">\n\t\t\t<\/span>\n<\/li>\n<\/ul>\n<\/div>","protected":false},"excerpt":{"rendered":"<p>MARIO ROIG VILA Nace en Albaida (Valencia) el 26 de junio de 1972, es profesor superior en la especialidad de tromb\u00f3n y de composici\u00f3n, es diplomado en direcci\u00f3n de banda por The Associeated Board Of The Royal School Of Music. Inicia sus estudios musicales en la Uni\u00f3n Musical de Albaida \u201cLAranya\u201d con la percusi\u00f3n y [&hellip;]<\/p>\n","protected":false},"author":4,"featured_media":0,"parent":0,"menu_order":0,"comment_status":"closed","ping_status":"closed","template":"","meta":{"_acf_changed":false,"_uag_custom_page_level_css":"","site-sidebar-layout":"default","site-content-layout":"","ast-site-content-layout":"default","site-content-style":"default","site-sidebar-style":"default","ast-global-header-display":"","ast-banner-title-visibility":"","ast-main-header-display":"","ast-hfb-above-header-display":"","ast-hfb-below-header-display":"","ast-hfb-mobile-header-display":"","site-post-title":"disabled","ast-breadcrumbs-content":"","ast-featured-img":"","footer-sml-layout":"","ast-disable-related-posts":"","theme-transparent-header-meta":"","adv-header-id-meta":"","stick-header-meta":"","header-above-stick-meta":"","header-main-stick-meta":"","header-below-stick-meta":"","astra-migrate-meta-layouts":"default","ast-page-background-enabled":"default","ast-page-background-meta":{"desktop":{"background-color":"","background-image":"","background-repeat":"repeat","background-position":"center center","background-size":"auto","background-attachment":"scroll","background-type":"","background-media":"","overlay-type":"","overlay-color":"","overlay-opacity":"","overlay-gradient":""},"tablet":{"background-color":"","background-image":"","background-repeat":"repeat","background-position":"center center","background-size":"auto","background-attachment":"scroll","background-type":"","background-media":"","overlay-type":"","overlay-color":"","overlay-opacity":"","overlay-gradient":""},"mobile":{"background-color":"","background-image":"","background-repeat":"repeat","background-position":"center center","background-size":"auto","background-attachment":"scroll","background-type":"","background-media":"","overlay-type":"","overlay-color":"","overlay-opacity":"","overlay-gradient":""}},"ast-content-background-meta":{"desktop":{"background-color":"var(--ast-global-color-5)","background-image":"","background-repeat":"repeat","background-position":"center center","background-size":"auto","background-attachment":"scroll","background-type":"","background-media":"","overlay-type":"","overlay-color":"","overlay-opacity":"","overlay-gradient":""},"tablet":{"background-color":"var(--ast-global-color-5)","background-image":"","background-repeat":"repeat","background-position":"center center","background-size":"auto","background-attachment":"scroll","background-type":"","background-media":"","overlay-type":"","overlay-color":"","overlay-opacity":"","overlay-gradient":""},"mobile":{"background-color":"var(--ast-global-color-5)","background-image":"","background-repeat":"repeat","background-position":"center center","background-size":"auto","background-attachment":"scroll","background-type":"","background-media":"","overlay-type":"","overlay-color":"","overlay-opacity":"","overlay-gradient":""}},"footnotes":""},"class_list":["post-1749","page","type-page","status-publish","hentry"],"acf":[],"yoast_head":"<!-- This site is optimized with the Yoast SEO Premium plugin v22.4 (Yoast SEO v27.4) - https:\/\/yoast.com\/product\/yoast-seo-premium-wordpress\/ -->\n<title>MARIO ROIG VILA -<\/title>\n<meta name=\"robots\" content=\"index, follow, max-snippet:-1, max-image-preview:large, max-video-preview:-1\" \/>\n<link rel=\"canonical\" href=\"https:\/\/www.omnesbands.international\/en\/mario-roig-vila-2\/\" \/>\n<meta property=\"og:locale\" content=\"en_US\" \/>\n<meta property=\"og:type\" content=\"article\" \/>\n<meta property=\"og:title\" content=\"MARIO ROIG VILA\" \/>\n<meta property=\"og:description\" content=\"MARIO ROIG VILA Nace en Albaida (Valencia) el 26 de junio de 1972, es profesor superior en la especialidad de tromb\u00f3n y de composici\u00f3n, es diplomado en direcci\u00f3n de banda por The Associeated Board Of The Royal School Of Music. Inicia sus estudios musicales en la Uni\u00f3n Musical de Albaida \u201cLAranya\u201d con la percusi\u00f3n y [&hellip;]\" \/>\n<meta property=\"og:url\" content=\"https:\/\/www.omnesbands.international\/en\/mario-roig-vila-2\/\" \/>\n<meta property=\"article:modified_time\" content=\"2023-01-29T15:21:47+00:00\" \/>\n<meta property=\"og:image\" content=\"https:\/\/www.omnesbands.international\/wp-content\/uploads\/2023\/01\/music-sheet-music-snowdrop-7107045.jpg\" \/>\n\t<meta property=\"og:image:width\" content=\"1280\" \/>\n\t<meta property=\"og:image:height\" content=\"742\" \/>\n\t<meta property=\"og:image:type\" content=\"image\/jpeg\" \/>\n<meta name=\"twitter:card\" content=\"summary_large_image\" \/>\n<meta name=\"twitter:label1\" content=\"Est. reading time\" \/>\n\t<meta name=\"twitter:data1\" content=\"3 minutes\" \/>\n<script type=\"application\/ld+json\" class=\"yoast-schema-graph\">{\"@context\":\"https:\\\/\\\/schema.org\",\"@graph\":[{\"@type\":\"WebPage\",\"@id\":\"https:\\\/\\\/www.omnesbands.international\\\/mario-roig-vila-2\\\/\",\"url\":\"https:\\\/\\\/www.omnesbands.international\\\/mario-roig-vila-2\\\/\",\"name\":\"MARIO ROIG VILA -\",\"isPartOf\":{\"@id\":\"https:\\\/\\\/www.omnesbands.international\\\/#website\"},\"datePublished\":\"2023-01-29T15:21:07+00:00\",\"dateModified\":\"2023-01-29T15:21:47+00:00\",\"breadcrumb\":{\"@id\":\"https:\\\/\\\/www.omnesbands.international\\\/mario-roig-vila-2\\\/#breadcrumb\"},\"inLanguage\":\"en-US\",\"potentialAction\":[{\"@type\":\"ReadAction\",\"target\":[\"https:\\\/\\\/www.omnesbands.international\\\/mario-roig-vila-2\\\/\"]}]},{\"@type\":\"BreadcrumbList\",\"@id\":\"https:\\\/\\\/www.omnesbands.international\\\/mario-roig-vila-2\\\/#breadcrumb\",\"itemListElement\":[{\"@type\":\"ListItem\",\"position\":1,\"name\":\"Portada\",\"item\":\"https:\\\/\\\/www.omnesbands.international\\\/\"},{\"@type\":\"ListItem\",\"position\":2,\"name\":\"MARIO ROIG VILA\"}]},{\"@type\":\"WebSite\",\"@id\":\"https:\\\/\\\/www.omnesbands.international\\\/#website\",\"url\":\"https:\\\/\\\/www.omnesbands.international\\\/\",\"name\":\"OMNESBANDS International\",\"description\":\"Partituras Originales de autores y compositores independientes\",\"publisher\":{\"@id\":\"https:\\\/\\\/www.omnesbands.international\\\/#organization\"},\"potentialAction\":[{\"@type\":\"SearchAction\",\"target\":{\"@type\":\"EntryPoint\",\"urlTemplate\":\"https:\\\/\\\/www.omnesbands.international\\\/?s={search_term_string}\"},\"query-input\":{\"@type\":\"PropertyValueSpecification\",\"valueRequired\":true,\"valueName\":\"search_term_string\"}}],\"inLanguage\":\"en-US\"},{\"@type\":\"Organization\",\"@id\":\"https:\\\/\\\/www.omnesbands.international\\\/#organization\",\"name\":\"Indra Consultores Internacionales\",\"alternateName\":\"Omnesbands\",\"url\":\"https:\\\/\\\/www.omnesbands.international\\\/\",\"logo\":{\"@type\":\"ImageObject\",\"inLanguage\":\"en-US\",\"@id\":\"https:\\\/\\\/www.omnesbands.international\\\/#\\\/schema\\\/logo\\\/image\\\/\",\"url\":\"https:\\\/\\\/omnesbands.international\\\/wp-content\\\/uploads\\\/2023\\\/06\\\/Logo-Nuevo-.png\",\"contentUrl\":\"https:\\\/\\\/omnesbands.international\\\/wp-content\\\/uploads\\\/2023\\\/06\\\/Logo-Nuevo-.png\",\"width\":394,\"height\":212,\"caption\":\"Indra Consultores Internacionales\"},\"image\":{\"@id\":\"https:\\\/\\\/www.omnesbands.international\\\/#\\\/schema\\\/logo\\\/image\\\/\"}}]}<\/script>\n<!-- \/ Yoast SEO Premium plugin. -->","yoast_head_json":{"title":"MARIO ROIG VILA -","robots":{"index":"index","follow":"follow","max-snippet":"max-snippet:-1","max-image-preview":"max-image-preview:large","max-video-preview":"max-video-preview:-1"},"canonical":"https:\/\/www.omnesbands.international\/en\/mario-roig-vila-2\/","og_locale":"en_US","og_type":"article","og_title":"MARIO ROIG VILA","og_description":"MARIO ROIG VILA Nace en Albaida (Valencia) el 26 de junio de 1972, es profesor superior en la especialidad de tromb\u00f3n y de composici\u00f3n, es diplomado en direcci\u00f3n de banda por The Associeated Board Of The Royal School Of Music. Inicia sus estudios musicales en la Uni\u00f3n Musical de Albaida \u201cLAranya\u201d con la percusi\u00f3n y [&hellip;]","og_url":"https:\/\/www.omnesbands.international\/en\/mario-roig-vila-2\/","article_modified_time":"2023-01-29T15:21:47+00:00","og_image":[{"width":1280,"height":742,"url":"https:\/\/www.omnesbands.international\/wp-content\/uploads\/2023\/01\/music-sheet-music-snowdrop-7107045.jpg","type":"image\/jpeg"}],"twitter_card":"summary_large_image","twitter_misc":{"Est. reading time":"3 minutes"},"schema":{"@context":"https:\/\/schema.org","@graph":[{"@type":"WebPage","@id":"https:\/\/www.omnesbands.international\/mario-roig-vila-2\/","url":"https:\/\/www.omnesbands.international\/mario-roig-vila-2\/","name":"MARIO ROIG VILA -","isPartOf":{"@id":"https:\/\/www.omnesbands.international\/#website"},"datePublished":"2023-01-29T15:21:07+00:00","dateModified":"2023-01-29T15:21:47+00:00","breadcrumb":{"@id":"https:\/\/www.omnesbands.international\/mario-roig-vila-2\/#breadcrumb"},"inLanguage":"en-US","potentialAction":[{"@type":"ReadAction","target":["https:\/\/www.omnesbands.international\/mario-roig-vila-2\/"]}]},{"@type":"BreadcrumbList","@id":"https:\/\/www.omnesbands.international\/mario-roig-vila-2\/#breadcrumb","itemListElement":[{"@type":"ListItem","position":1,"name":"Portada","item":"https:\/\/www.omnesbands.international\/"},{"@type":"ListItem","position":2,"name":"MARIO ROIG VILA"}]},{"@type":"WebSite","@id":"https:\/\/www.omnesbands.international\/#website","url":"https:\/\/www.omnesbands.international\/","name":"OMNESBANDS International","description":"Original Sheet Music by independent authors and composers","publisher":{"@id":"https:\/\/www.omnesbands.international\/#organization"},"potentialAction":[{"@type":"SearchAction","target":{"@type":"EntryPoint","urlTemplate":"https:\/\/www.omnesbands.international\/?s={search_term_string}"},"query-input":{"@type":"PropertyValueSpecification","valueRequired":true,"valueName":"search_term_string"}}],"inLanguage":"en-US"},{"@type":"Organization","@id":"https:\/\/www.omnesbands.international\/#organization","name":"Indra International Consultants","alternateName":"Omnesbands","url":"https:\/\/www.omnesbands.international\/","logo":{"@type":"ImageObject","inLanguage":"en-US","@id":"https:\/\/www.omnesbands.international\/#\/schema\/logo\/image\/","url":"https:\/\/omnesbands.international\/wp-content\/uploads\/2023\/06\/Logo-Nuevo-.png","contentUrl":"https:\/\/omnesbands.international\/wp-content\/uploads\/2023\/06\/Logo-Nuevo-.png","width":394,"height":212,"caption":"Indra Consultores Internacionales"},"image":{"@id":"https:\/\/www.omnesbands.international\/#\/schema\/logo\/image\/"}}]}},"uagb_featured_image_src":{"full":false,"thumbnail":false,"medium":false,"medium_large":false,"large":false,"1536x1536":false,"2048x2048":false,"trp-custom-language-flag":false,"gg_gallery_thumbnail":false,"woocommerce_thumbnail":false,"woocommerce_single":false,"woocommerce_gallery_thumbnail":false},"uagb_author_info":{"display_name":"Melvin R. Portillo A:","author_link":"https:\/\/www.omnesbands.international\/en\/author\/portand\/"},"uagb_comment_info":0,"uagb_excerpt":"MARIO ROIG VILA Nace en Albaida (Valencia) el 26 de junio de 1972, es profesor superior en la especialidad de tromb\u00f3n y de composici\u00f3n, es diplomado en direcci\u00f3n de banda por The Associeated Board Of The Royal School Of Music. Inicia sus estudios musicales en la Uni\u00f3n Musical de Albaida \u201cLAranya\u201d con la percusi\u00f3n y&hellip;","_links":{"self":[{"href":"https:\/\/www.omnesbands.international\/en\/wp-json\/wp\/v2\/pages\/1749","targetHints":{"allow":["GET"]}}],"collection":[{"href":"https:\/\/www.omnesbands.international\/en\/wp-json\/wp\/v2\/pages"}],"about":[{"href":"https:\/\/www.omnesbands.international\/en\/wp-json\/wp\/v2\/types\/page"}],"author":[{"embeddable":true,"href":"https:\/\/www.omnesbands.international\/en\/wp-json\/wp\/v2\/users\/4"}],"replies":[{"embeddable":true,"href":"https:\/\/www.omnesbands.international\/en\/wp-json\/wp\/v2\/comments?post=1749"}],"version-history":[{"count":2,"href":"https:\/\/www.omnesbands.international\/en\/wp-json\/wp\/v2\/pages\/1749\/revisions"}],"predecessor-version":[{"id":1751,"href":"https:\/\/www.omnesbands.international\/en\/wp-json\/wp\/v2\/pages\/1749\/revisions\/1751"}],"wp:attachment":[{"href":"https:\/\/www.omnesbands.international\/en\/wp-json\/wp\/v2\/media?parent=1749"}],"curies":[{"name":"wp","href":"https:\/\/api.w.org\/{rel}","templated":true}]}}