{"id":1752,"date":"2023-01-29T09:26:30","date_gmt":"2023-01-29T15:26:30","guid":{"rendered":"https:\/\/omnesbands.international\/?page_id=1752"},"modified":"2023-01-29T09:26:32","modified_gmt":"2023-01-29T15:26:32","slug":"martinez-gallego-2","status":"publish","type":"page","link":"https:\/\/www.omnesbands.international\/en\/martinez-gallego-2\/","title":{"rendered":"MARTINEZ GALLEGO"},"content":{"rendered":"<div class=\"wp-block-uagb-container uagb-block-472dd3a6 alignfull uagb-is-root-container\"><div class=\"uagb-container-inner-blocks-wrap\">\n<div class=\"wp-block-uagb-advanced-heading uagb-block-698155a7\"><h1 class=\"uagb-heading-text\"><strong>MARTINEZ GALLEGO<\/strong><\/h1><\/div>\n<\/div><\/div>\n\n\n\n<div class=\"wp-block-uagb-container uagb-block-6cef1197 alignfull uagb-is-root-container\"><div class=\"uagb-container-inner-blocks-wrap\">\n<div class=\"wp-block-uagb-container uagb-block-eb72df11\">\n<p>Francisco Jos\u00e9 Mart\u00ednez Gallego (1969-) was born in San Antonio de Requena, in the province of Valencia. He began his musical studies at the Conservatory of the Sociedad Musical La Arm\u00f3nica de San Antonio de Requena. Then he entered the Conservatories of Murcia, Torrente and Valencia where in 1994 he obtained the superior title of clarinet.<\/p>\n<p>He works as a clarinet teacher, band conductor and composer. In 1998 he furthered his musical studies with Jan Cober and Jos\u00e9 Rafael Pascual Vilaplana. Conductor of the ensembles Sociedad Musical El Arte de Sinarcas, the youth band of the Sociedad Musical La Arm\u00f3nica de San Antonio and the group Arm\u00f3nic Brass.<br \/>He studied composition with Daniel Flors, Ferrer Ferr\u00e1n, Teodoro Aparicio Barber\u00e1n and Miguel \u00c1ngel Mat\u00e9u. Among his own works are \"Akhenaton\", a symphonic poem about classical Egypt composed in 2004, the suite \"La Concepci\u00f3n en 1910\" from 2005, the suite for band \"Monumentos\" also from 2005 with which he won the First Prize for Symphonic Music Composition for Band of Finestrat and \"Theatrum\", music for the Scene of the year 2007, a suite for various theatrical genres.<\/p>\n<p>In the month of June 2010 he finishes the Superior Degree of Composition at the Conservatorio Superior de M\u00fasica Salvador Segu\u00ed in Castell\u00f3n de la Plana, studying with Ferrer Ferr\u00e1n, C\u00e9sar Cano Forrat, Miguel \u00c1ngel Berbis L\u00f3pez, Claudia Montero, Jes\u00fas Vizca\u00edno and Emilio Caland\u00edn Hern\u00e1ndez.<br \/>He also composes music of festive genre, popular in the Valencian Country in their Moors and Christians Festivities. In the year 2000 he obtained the First Prize in the I National Contest of Festera Music of Altea with the Marcha Mora Ziryab and in 2002 he also obtained the First Prize in the II Contest of Composition of Festera Music of Calpe with the Marcha Mora Benifat.<\/p>\n<p>The \"Sinfon\u00eda N\u00ba 1\u2033 (Kaprekar) was composed in 2011 for symphonic band. First Prize in the Symphonic Section of the XL Certamen Internacional de Bandas Villa de Altea, held on December 4, 2011 at the Palau Altea Centre d'Arts. It was performed by the Uni\u00f3n Musical de L\u00edria under the direction of Enrique Artiga.<br \/>Dattatreya Ramachandra Kaprekar (1905-1986) was an eminent Indian mathematician, who developed several concepts within the theory of numbers. The number 6174 is known as Kaprekar's Constant or Kaprekar's Operation, named after its discoverer.<\/p>\n<p>This number has an interesting property that is demonstrated as follows. First choose any four-digit number. Arrange the four digits in ascending order, to obtain the minuend of a subtraction. Sort the same four digits in descending order, to obtain the subtrahend of the same subtraction. Calculate the remainder by performing the operation. If the remainder is not equal to 6174, repeat the previous four steps, adding zeros to the right to the minuend and to the left to the subtrahend, whenever necessary to complete the four digits. This operation, repeated if necessary several times, but never more than seven times, ends up giving the result 6174. The process ends here because, if the sequence of steps continues to be repeated, the above result is obtained since 7641 minus 1467 is equal to 6174.<\/p>\n<\/div>\n<\/div><\/div>\n\n\n<div class=\"woocommerce columns-4\"><\/div>","protected":false},"excerpt":{"rendered":"<p>MART\u00cdNEZ GALLEGO Francisco Jos\u00e9 Mart\u00ednez Gallego (1969-) naci\u00f3 en San Antonio de Requena, en la provincia de Valencia. Empez\u00f3 sus estudios musicales en el Conservatorio de la Sociedad Musical La Arm\u00f3nica de San Antonio de Requena. Luego ingres\u00f3 en los Conservatorios de Murcia, Torrente y Valencia donde en 1994 obtuvo el t\u00edtulo superior de clarinete. [&hellip;]<\/p>\n","protected":false},"author":4,"featured_media":0,"parent":0,"menu_order":0,"comment_status":"closed","ping_status":"closed","template":"","meta":{"_acf_changed":false,"_uag_custom_page_level_css":"","site-sidebar-layout":"default","site-content-layout":"","ast-site-content-layout":"default","site-content-style":"default","site-sidebar-style":"default","ast-global-header-display":"","ast-banner-title-visibility":"","ast-main-header-display":"","ast-hfb-above-header-display":"","ast-hfb-below-header-display":"","ast-hfb-mobile-header-display":"","site-post-title":"disabled","ast-breadcrumbs-content":"","ast-featured-img":"","footer-sml-layout":"","ast-disable-related-posts":"","theme-transparent-header-meta":"","adv-header-id-meta":"","stick-header-meta":"","header-above-stick-meta":"","header-main-stick-meta":"","header-below-stick-meta":"","astra-migrate-meta-layouts":"default","ast-page-background-enabled":"default","ast-page-background-meta":{"desktop":{"background-color":"","background-image":"","background-repeat":"repeat","background-position":"center center","background-size":"auto","background-attachment":"scroll","background-type":"","background-media":"","overlay-type":"","overlay-color":"","overlay-opacity":"","overlay-gradient":""},"tablet":{"background-color":"","background-image":"","background-repeat":"repeat","background-position":"center center","background-size":"auto","background-attachment":"scroll","background-type":"","background-media":"","overlay-type":"","overlay-color":"","overlay-opacity":"","overlay-gradient":""},"mobile":{"background-color":"","background-image":"","background-repeat":"repeat","background-position":"center center","background-size":"auto","background-attachment":"scroll","background-type":"","background-media":"","overlay-type":"","overlay-color":"","overlay-opacity":"","overlay-gradient":""}},"ast-content-background-meta":{"desktop":{"background-color":"var(--ast-global-color-5)","background-image":"","background-repeat":"repeat","background-position":"center center","background-size":"auto","background-attachment":"scroll","background-type":"","background-media":"","overlay-type":"","overlay-color":"","overlay-opacity":"","overlay-gradient":""},"tablet":{"background-color":"var(--ast-global-color-5)","background-image":"","background-repeat":"repeat","background-position":"center center","background-size":"auto","background-attachment":"scroll","background-type":"","background-media":"","overlay-type":"","overlay-color":"","overlay-opacity":"","overlay-gradient":""},"mobile":{"background-color":"var(--ast-global-color-5)","background-image":"","background-repeat":"repeat","background-position":"center center","background-size":"auto","background-attachment":"scroll","background-type":"","background-media":"","overlay-type":"","overlay-color":"","overlay-opacity":"","overlay-gradient":""}},"footnotes":""},"class_list":["post-1752","page","type-page","status-publish","hentry"],"acf":[],"yoast_head":"<!-- This site is optimized with the Yoast SEO Premium plugin v22.4 (Yoast SEO v27.4) - https:\/\/yoast.com\/product\/yoast-seo-premium-wordpress\/ -->\n<title>MART\u00cdNEZ GALLEGO -<\/title>\n<meta name=\"robots\" content=\"index, follow, max-snippet:-1, max-image-preview:large, max-video-preview:-1\" \/>\n<link rel=\"canonical\" href=\"https:\/\/www.omnesbands.international\/en\/martinez-gallego-2\/\" \/>\n<meta property=\"og:locale\" content=\"en_US\" \/>\n<meta property=\"og:type\" content=\"article\" \/>\n<meta property=\"og:title\" content=\"MART\u00cdNEZ GALLEGO\" \/>\n<meta property=\"og:description\" content=\"MART\u00cdNEZ GALLEGO Francisco Jos\u00e9 Mart\u00ednez Gallego (1969-) naci\u00f3 en San Antonio de Requena, en la provincia de Valencia. Empez\u00f3 sus estudios musicales en el Conservatorio de la Sociedad Musical La Arm\u00f3nica de San Antonio de Requena. Luego ingres\u00f3 en los Conservatorios de Murcia, Torrente y Valencia donde en 1994 obtuvo el t\u00edtulo superior de clarinete. [&hellip;]\" \/>\n<meta property=\"og:url\" content=\"https:\/\/www.omnesbands.international\/en\/martinez-gallego-2\/\" \/>\n<meta property=\"article:modified_time\" content=\"2023-01-29T15:26:32+00:00\" \/>\n<meta property=\"og:image\" content=\"https:\/\/www.omnesbands.international\/wp-content\/uploads\/2023\/01\/music-sheet-music-snowdrop-7107045.jpg\" \/>\n\t<meta property=\"og:image:width\" content=\"1280\" \/>\n\t<meta property=\"og:image:height\" content=\"742\" \/>\n\t<meta property=\"og:image:type\" content=\"image\/jpeg\" \/>\n<meta name=\"twitter:card\" content=\"summary_large_image\" \/>\n<meta name=\"twitter:label1\" content=\"Est. reading time\" \/>\n\t<meta name=\"twitter:data1\" content=\"3 minutes\" \/>\n<script type=\"application\/ld+json\" class=\"yoast-schema-graph\">{\"@context\":\"https:\\\/\\\/schema.org\",\"@graph\":[{\"@type\":\"WebPage\",\"@id\":\"https:\\\/\\\/www.omnesbands.international\\\/martinez-gallego-2\\\/\",\"url\":\"https:\\\/\\\/www.omnesbands.international\\\/martinez-gallego-2\\\/\",\"name\":\"MART\u00cdNEZ GALLEGO -\",\"isPartOf\":{\"@id\":\"https:\\\/\\\/www.omnesbands.international\\\/#website\"},\"datePublished\":\"2023-01-29T15:26:30+00:00\",\"dateModified\":\"2023-01-29T15:26:32+00:00\",\"breadcrumb\":{\"@id\":\"https:\\\/\\\/www.omnesbands.international\\\/martinez-gallego-2\\\/#breadcrumb\"},\"inLanguage\":\"en-US\",\"potentialAction\":[{\"@type\":\"ReadAction\",\"target\":[\"https:\\\/\\\/www.omnesbands.international\\\/martinez-gallego-2\\\/\"]}]},{\"@type\":\"BreadcrumbList\",\"@id\":\"https:\\\/\\\/www.omnesbands.international\\\/martinez-gallego-2\\\/#breadcrumb\",\"itemListElement\":[{\"@type\":\"ListItem\",\"position\":1,\"name\":\"Portada\",\"item\":\"https:\\\/\\\/www.omnesbands.international\\\/\"},{\"@type\":\"ListItem\",\"position\":2,\"name\":\"MART\u00cdNEZ GALLEGO\"}]},{\"@type\":\"WebSite\",\"@id\":\"https:\\\/\\\/www.omnesbands.international\\\/#website\",\"url\":\"https:\\\/\\\/www.omnesbands.international\\\/\",\"name\":\"OMNESBANDS International\",\"description\":\"Partituras Originales de autores y compositores independientes\",\"publisher\":{\"@id\":\"https:\\\/\\\/www.omnesbands.international\\\/#organization\"},\"potentialAction\":[{\"@type\":\"SearchAction\",\"target\":{\"@type\":\"EntryPoint\",\"urlTemplate\":\"https:\\\/\\\/www.omnesbands.international\\\/?s={search_term_string}\"},\"query-input\":{\"@type\":\"PropertyValueSpecification\",\"valueRequired\":true,\"valueName\":\"search_term_string\"}}],\"inLanguage\":\"en-US\"},{\"@type\":\"Organization\",\"@id\":\"https:\\\/\\\/www.omnesbands.international\\\/#organization\",\"name\":\"Indra Consultores Internacionales\",\"alternateName\":\"Omnesbands\",\"url\":\"https:\\\/\\\/www.omnesbands.international\\\/\",\"logo\":{\"@type\":\"ImageObject\",\"inLanguage\":\"en-US\",\"@id\":\"https:\\\/\\\/www.omnesbands.international\\\/#\\\/schema\\\/logo\\\/image\\\/\",\"url\":\"https:\\\/\\\/omnesbands.international\\\/wp-content\\\/uploads\\\/2023\\\/06\\\/Logo-Nuevo-.png\",\"contentUrl\":\"https:\\\/\\\/omnesbands.international\\\/wp-content\\\/uploads\\\/2023\\\/06\\\/Logo-Nuevo-.png\",\"width\":394,\"height\":212,\"caption\":\"Indra Consultores Internacionales\"},\"image\":{\"@id\":\"https:\\\/\\\/www.omnesbands.international\\\/#\\\/schema\\\/logo\\\/image\\\/\"}}]}<\/script>\n<!-- \/ Yoast SEO Premium plugin. -->","yoast_head_json":{"title":"MART\u00cdNEZ GALLEGO -","robots":{"index":"index","follow":"follow","max-snippet":"max-snippet:-1","max-image-preview":"max-image-preview:large","max-video-preview":"max-video-preview:-1"},"canonical":"https:\/\/www.omnesbands.international\/en\/martinez-gallego-2\/","og_locale":"en_US","og_type":"article","og_title":"MART\u00cdNEZ GALLEGO","og_description":"MART\u00cdNEZ GALLEGO Francisco Jos\u00e9 Mart\u00ednez Gallego (1969-) naci\u00f3 en San Antonio de Requena, en la provincia de Valencia. Empez\u00f3 sus estudios musicales en el Conservatorio de la Sociedad Musical La Arm\u00f3nica de San Antonio de Requena. Luego ingres\u00f3 en los Conservatorios de Murcia, Torrente y Valencia donde en 1994 obtuvo el t\u00edtulo superior de clarinete. [&hellip;]","og_url":"https:\/\/www.omnesbands.international\/en\/martinez-gallego-2\/","article_modified_time":"2023-01-29T15:26:32+00:00","og_image":[{"width":1280,"height":742,"url":"https:\/\/www.omnesbands.international\/wp-content\/uploads\/2023\/01\/music-sheet-music-snowdrop-7107045.jpg","type":"image\/jpeg"}],"twitter_card":"summary_large_image","twitter_misc":{"Est. reading time":"3 minutes"},"schema":{"@context":"https:\/\/schema.org","@graph":[{"@type":"WebPage","@id":"https:\/\/www.omnesbands.international\/martinez-gallego-2\/","url":"https:\/\/www.omnesbands.international\/martinez-gallego-2\/","name":"MART\u00cdNEZ GALLEGO -","isPartOf":{"@id":"https:\/\/www.omnesbands.international\/#website"},"datePublished":"2023-01-29T15:26:30+00:00","dateModified":"2023-01-29T15:26:32+00:00","breadcrumb":{"@id":"https:\/\/www.omnesbands.international\/martinez-gallego-2\/#breadcrumb"},"inLanguage":"en-US","potentialAction":[{"@type":"ReadAction","target":["https:\/\/www.omnesbands.international\/martinez-gallego-2\/"]}]},{"@type":"BreadcrumbList","@id":"https:\/\/www.omnesbands.international\/martinez-gallego-2\/#breadcrumb","itemListElement":[{"@type":"ListItem","position":1,"name":"Portada","item":"https:\/\/www.omnesbands.international\/"},{"@type":"ListItem","position":2,"name":"MART\u00cdNEZ GALLEGO"}]},{"@type":"WebSite","@id":"https:\/\/www.omnesbands.international\/#website","url":"https:\/\/www.omnesbands.international\/","name":"OMNESBANDS International","description":"Original Sheet Music by independent authors and composers","publisher":{"@id":"https:\/\/www.omnesbands.international\/#organization"},"potentialAction":[{"@type":"SearchAction","target":{"@type":"EntryPoint","urlTemplate":"https:\/\/www.omnesbands.international\/?s={search_term_string}"},"query-input":{"@type":"PropertyValueSpecification","valueRequired":true,"valueName":"search_term_string"}}],"inLanguage":"en-US"},{"@type":"Organization","@id":"https:\/\/www.omnesbands.international\/#organization","name":"Indra International Consultants","alternateName":"Omnesbands","url":"https:\/\/www.omnesbands.international\/","logo":{"@type":"ImageObject","inLanguage":"en-US","@id":"https:\/\/www.omnesbands.international\/#\/schema\/logo\/image\/","url":"https:\/\/omnesbands.international\/wp-content\/uploads\/2023\/06\/Logo-Nuevo-.png","contentUrl":"https:\/\/omnesbands.international\/wp-content\/uploads\/2023\/06\/Logo-Nuevo-.png","width":394,"height":212,"caption":"Indra Consultores Internacionales"},"image":{"@id":"https:\/\/www.omnesbands.international\/#\/schema\/logo\/image\/"}}]}},"uagb_featured_image_src":{"full":false,"thumbnail":false,"medium":false,"medium_large":false,"large":false,"1536x1536":false,"2048x2048":false,"trp-custom-language-flag":false,"gg_gallery_thumbnail":false,"woocommerce_thumbnail":false,"woocommerce_single":false,"woocommerce_gallery_thumbnail":false},"uagb_author_info":{"display_name":"Melvin R. Portillo A:","author_link":"https:\/\/www.omnesbands.international\/en\/author\/portand\/"},"uagb_comment_info":0,"uagb_excerpt":"MART\u00cdNEZ GALLEGO Francisco Jos\u00e9 Mart\u00ednez Gallego (1969-) naci\u00f3 en San Antonio de Requena, en la provincia de Valencia. Empez\u00f3 sus estudios musicales en el Conservatorio de la Sociedad Musical La Arm\u00f3nica de San Antonio de Requena. Luego ingres\u00f3 en los Conservatorios de Murcia, Torrente y Valencia donde en 1994 obtuvo el t\u00edtulo superior de clarinete.&hellip;","_links":{"self":[{"href":"https:\/\/www.omnesbands.international\/en\/wp-json\/wp\/v2\/pages\/1752","targetHints":{"allow":["GET"]}}],"collection":[{"href":"https:\/\/www.omnesbands.international\/en\/wp-json\/wp\/v2\/pages"}],"about":[{"href":"https:\/\/www.omnesbands.international\/en\/wp-json\/wp\/v2\/types\/page"}],"author":[{"embeddable":true,"href":"https:\/\/www.omnesbands.international\/en\/wp-json\/wp\/v2\/users\/4"}],"replies":[{"embeddable":true,"href":"https:\/\/www.omnesbands.international\/en\/wp-json\/wp\/v2\/comments?post=1752"}],"version-history":[{"count":1,"href":"https:\/\/www.omnesbands.international\/en\/wp-json\/wp\/v2\/pages\/1752\/revisions"}],"predecessor-version":[{"id":1753,"href":"https:\/\/www.omnesbands.international\/en\/wp-json\/wp\/v2\/pages\/1752\/revisions\/1753"}],"wp:attachment":[{"href":"https:\/\/www.omnesbands.international\/en\/wp-json\/wp\/v2\/media?parent=1752"}],"curies":[{"name":"wp","href":"https:\/\/api.w.org\/{rel}","templated":true}]}}