{"id":1754,"date":"2023-01-29T09:30:39","date_gmt":"2023-01-29T15:30:39","guid":{"rendered":"https:\/\/omnesbands.international\/?page_id=1754"},"modified":"2023-01-29T09:30:41","modified_gmt":"2023-01-29T15:30:41","slug":"miguel-angel-garcia-bosca-2","status":"publish","type":"page","link":"https:\/\/www.omnesbands.international\/en\/miguel-angel-garcia-bosca-2\/","title":{"rendered":"MIGUEL ANGEL GARCIA BOSC\u00c1"},"content":{"rendered":"<div class=\"wp-block-uagb-container uagb-block-ca577abd alignfull uagb-is-root-container\"><div class=\"uagb-container-inner-blocks-wrap\">\n<div class=\"wp-block-uagb-advanced-heading uagb-block-87794a51\"><h1 class=\"uagb-heading-text\"><strong>MIGUEL ANGEL GARCIA BOSC\u00c1<\/strong><\/h1><\/div>\n<\/div><\/div>\n\n\n\n<div class=\"wp-block-uagb-container uagb-block-187bd8ae alignfull uagb-is-root-container\"><div class=\"uagb-container-inner-blocks-wrap\">\n<div class=\"wp-block-uagb-container uagb-block-e98ddd17\">\n<p>Born in La Pobla del Duc in 1968, he began his musical studies in the \"Uni\u00f3n Musical de la Pobla del Duc\" with maestro Francisco Fayos.<br \/>He graduated from the \"Joaqu\u00edn Rodrigo\" Superior Conservatory of Music in Valencia specializing in trumpet.<br \/>To complete his training, he obtained the title of conducting a music band at Joventuts Musicals de la Vall d'Albaida. Master's in Musical Research from the International University of La Rioja. Title of professor of the IEM Methodology.<\/p>\n<p>He has published different books for elementary trumpet teachings:<br \/>Me and my trumpet 1 and 2 Ed. Piles. Trumpet 1 Ed. Creative Enclave.<\/p>\n<p>He has also participated as a collaborator in the collection \"Fasolet\" Ed. JJMMVA.<br \/>Founding member of the \u201cBig Band Vall\u201d, member of the JOVEN JAZZ BAND, founding member of the VALENCIA BRASS BAND BY INEL.<\/p>\n<\/div>\n<\/div><\/div>\n\n\n<div class=\"woocommerce columns-4\"><\/div>","protected":false},"excerpt":{"rendered":"<p>MIGUEL \u00c1NGEL GARC\u00cdA BOSC\u00c1 Nace en la Pobla del Duc en 1968, inicia sus estudios musicales en la \u201cUni\u00f3n Musical de la Pobla del Duc\u201d con el maestro Francisco Fayos.Licenciado por el Conservatorio Superior de M\u00fasica \u201cJoaqu\u00edn Rodrigo\u201d de Valencia en la especialidad de trompeta.Para completar su formaci\u00f3n, obtiene el t\u00edtulo de direcci\u00f3n de banda [&hellip;]<\/p>\n","protected":false},"author":4,"featured_media":0,"parent":0,"menu_order":0,"comment_status":"closed","ping_status":"closed","template":"","meta":{"_acf_changed":false,"_uag_custom_page_level_css":"","site-sidebar-layout":"default","site-content-layout":"","ast-site-content-layout":"default","site-content-style":"default","site-sidebar-style":"default","ast-global-header-display":"","ast-banner-title-visibility":"","ast-main-header-display":"","ast-hfb-above-header-display":"","ast-hfb-below-header-display":"","ast-hfb-mobile-header-display":"","site-post-title":"disabled","ast-breadcrumbs-content":"","ast-featured-img":"","footer-sml-layout":"","ast-disable-related-posts":"","theme-transparent-header-meta":"","adv-header-id-meta":"","stick-header-meta":"","header-above-stick-meta":"","header-main-stick-meta":"","header-below-stick-meta":"","astra-migrate-meta-layouts":"default","ast-page-background-enabled":"default","ast-page-background-meta":{"desktop":{"background-color":"","background-image":"","background-repeat":"repeat","background-position":"center center","background-size":"auto","background-attachment":"scroll","background-type":"","background-media":"","overlay-type":"","overlay-color":"","overlay-opacity":"","overlay-gradient":""},"tablet":{"background-color":"","background-image":"","background-repeat":"repeat","background-position":"center center","background-size":"auto","background-attachment":"scroll","background-type":"","background-media":"","overlay-type":"","overlay-color":"","overlay-opacity":"","overlay-gradient":""},"mobile":{"background-color":"","background-image":"","background-repeat":"repeat","background-position":"center center","background-size":"auto","background-attachment":"scroll","background-type":"","background-media":"","overlay-type":"","overlay-color":"","overlay-opacity":"","overlay-gradient":""}},"ast-content-background-meta":{"desktop":{"background-color":"var(--ast-global-color-5)","background-image":"","background-repeat":"repeat","background-position":"center center","background-size":"auto","background-attachment":"scroll","background-type":"","background-media":"","overlay-type":"","overlay-color":"","overlay-opacity":"","overlay-gradient":""},"tablet":{"background-color":"var(--ast-global-color-5)","background-image":"","background-repeat":"repeat","background-position":"center center","background-size":"auto","background-attachment":"scroll","background-type":"","background-media":"","overlay-type":"","overlay-color":"","overlay-opacity":"","overlay-gradient":""},"mobile":{"background-color":"var(--ast-global-color-5)","background-image":"","background-repeat":"repeat","background-position":"center center","background-size":"auto","background-attachment":"scroll","background-type":"","background-media":"","overlay-type":"","overlay-color":"","overlay-opacity":"","overlay-gradient":""}},"footnotes":""},"class_list":["post-1754","page","type-page","status-publish","hentry"],"acf":[],"yoast_head":"<!-- This site is optimized with the Yoast SEO Premium plugin v22.4 (Yoast SEO v27.4) - https:\/\/yoast.com\/product\/yoast-seo-premium-wordpress\/ -->\n<title>MIGUEL \u00c1NGEL GARC\u00cdA BOSC\u00c1 -<\/title>\n<meta name=\"robots\" content=\"index, follow, max-snippet:-1, max-image-preview:large, max-video-preview:-1\" \/>\n<link rel=\"canonical\" href=\"https:\/\/www.omnesbands.international\/en\/miguel-angel-garcia-bosca-2\/\" \/>\n<meta property=\"og:locale\" content=\"en_US\" \/>\n<meta property=\"og:type\" content=\"article\" \/>\n<meta property=\"og:title\" content=\"MIGUEL \u00c1NGEL GARC\u00cdA BOSC\u00c1\" \/>\n<meta property=\"og:description\" content=\"MIGUEL \u00c1NGEL GARC\u00cdA BOSC\u00c1 Nace en la Pobla del Duc en 1968, inicia sus estudios musicales en la \u201cUni\u00f3n Musical de la Pobla del Duc\u201d con el maestro Francisco Fayos.Licenciado por el Conservatorio Superior de M\u00fasica \u201cJoaqu\u00edn Rodrigo\u201d de Valencia en la especialidad de trompeta.Para completar su formaci\u00f3n, obtiene el t\u00edtulo de direcci\u00f3n de banda [&hellip;]\" \/>\n<meta property=\"og:url\" content=\"https:\/\/www.omnesbands.international\/en\/miguel-angel-garcia-bosca-2\/\" \/>\n<meta property=\"article:modified_time\" content=\"2023-01-29T15:30:41+00:00\" \/>\n<meta property=\"og:image\" content=\"https:\/\/www.omnesbands.international\/wp-content\/uploads\/2023\/01\/music-sheet-music-snowdrop-7107045.jpg\" \/>\n\t<meta property=\"og:image:width\" content=\"1280\" \/>\n\t<meta property=\"og:image:height\" content=\"742\" \/>\n\t<meta property=\"og:image:type\" content=\"image\/jpeg\" \/>\n<meta name=\"twitter:card\" content=\"summary_large_image\" \/>\n<meta name=\"twitter:label1\" content=\"Est. reading time\" \/>\n\t<meta name=\"twitter:data1\" content=\"1 minute\" \/>\n<script type=\"application\/ld+json\" class=\"yoast-schema-graph\">{\"@context\":\"https:\\\/\\\/schema.org\",\"@graph\":[{\"@type\":\"WebPage\",\"@id\":\"https:\\\/\\\/www.omnesbands.international\\\/miguel-angel-garcia-bosca-2\\\/\",\"url\":\"https:\\\/\\\/www.omnesbands.international\\\/miguel-angel-garcia-bosca-2\\\/\",\"name\":\"MIGUEL \u00c1NGEL GARC\u00cdA BOSC\u00c1 -\",\"isPartOf\":{\"@id\":\"https:\\\/\\\/www.omnesbands.international\\\/#website\"},\"datePublished\":\"2023-01-29T15:30:39+00:00\",\"dateModified\":\"2023-01-29T15:30:41+00:00\",\"breadcrumb\":{\"@id\":\"https:\\\/\\\/www.omnesbands.international\\\/miguel-angel-garcia-bosca-2\\\/#breadcrumb\"},\"inLanguage\":\"en-US\",\"potentialAction\":[{\"@type\":\"ReadAction\",\"target\":[\"https:\\\/\\\/www.omnesbands.international\\\/miguel-angel-garcia-bosca-2\\\/\"]}]},{\"@type\":\"BreadcrumbList\",\"@id\":\"https:\\\/\\\/www.omnesbands.international\\\/miguel-angel-garcia-bosca-2\\\/#breadcrumb\",\"itemListElement\":[{\"@type\":\"ListItem\",\"position\":1,\"name\":\"Portada\",\"item\":\"https:\\\/\\\/www.omnesbands.international\\\/\"},{\"@type\":\"ListItem\",\"position\":2,\"name\":\"MIGUEL \u00c1NGEL GARC\u00cdA BOSC\u00c1\"}]},{\"@type\":\"WebSite\",\"@id\":\"https:\\\/\\\/www.omnesbands.international\\\/#website\",\"url\":\"https:\\\/\\\/www.omnesbands.international\\\/\",\"name\":\"OMNESBANDS International\",\"description\":\"Partituras Originales de autores y compositores independientes\",\"publisher\":{\"@id\":\"https:\\\/\\\/www.omnesbands.international\\\/#organization\"},\"potentialAction\":[{\"@type\":\"SearchAction\",\"target\":{\"@type\":\"EntryPoint\",\"urlTemplate\":\"https:\\\/\\\/www.omnesbands.international\\\/?s={search_term_string}\"},\"query-input\":{\"@type\":\"PropertyValueSpecification\",\"valueRequired\":true,\"valueName\":\"search_term_string\"}}],\"inLanguage\":\"en-US\"},{\"@type\":\"Organization\",\"@id\":\"https:\\\/\\\/www.omnesbands.international\\\/#organization\",\"name\":\"Indra Consultores Internacionales\",\"alternateName\":\"Omnesbands\",\"url\":\"https:\\\/\\\/www.omnesbands.international\\\/\",\"logo\":{\"@type\":\"ImageObject\",\"inLanguage\":\"en-US\",\"@id\":\"https:\\\/\\\/www.omnesbands.international\\\/#\\\/schema\\\/logo\\\/image\\\/\",\"url\":\"https:\\\/\\\/omnesbands.international\\\/wp-content\\\/uploads\\\/2023\\\/06\\\/Logo-Nuevo-.png\",\"contentUrl\":\"https:\\\/\\\/omnesbands.international\\\/wp-content\\\/uploads\\\/2023\\\/06\\\/Logo-Nuevo-.png\",\"width\":394,\"height\":212,\"caption\":\"Indra Consultores Internacionales\"},\"image\":{\"@id\":\"https:\\\/\\\/www.omnesbands.international\\\/#\\\/schema\\\/logo\\\/image\\\/\"}}]}<\/script>\n<!-- \/ Yoast SEO Premium plugin. -->","yoast_head_json":{"title":"MIGUEL \u00c1NGEL GARC\u00cdA BOSC\u00c1 -","robots":{"index":"index","follow":"follow","max-snippet":"max-snippet:-1","max-image-preview":"max-image-preview:large","max-video-preview":"max-video-preview:-1"},"canonical":"https:\/\/www.omnesbands.international\/en\/miguel-angel-garcia-bosca-2\/","og_locale":"en_US","og_type":"article","og_title":"MIGUEL \u00c1NGEL GARC\u00cdA BOSC\u00c1","og_description":"MIGUEL \u00c1NGEL GARC\u00cdA BOSC\u00c1 Nace en la Pobla del Duc en 1968, inicia sus estudios musicales en la \u201cUni\u00f3n Musical de la Pobla del Duc\u201d con el maestro Francisco Fayos.Licenciado por el Conservatorio Superior de M\u00fasica \u201cJoaqu\u00edn Rodrigo\u201d de Valencia en la especialidad de trompeta.Para completar su formaci\u00f3n, obtiene el t\u00edtulo de direcci\u00f3n de banda [&hellip;]","og_url":"https:\/\/www.omnesbands.international\/en\/miguel-angel-garcia-bosca-2\/","article_modified_time":"2023-01-29T15:30:41+00:00","og_image":[{"width":1280,"height":742,"url":"https:\/\/www.omnesbands.international\/wp-content\/uploads\/2023\/01\/music-sheet-music-snowdrop-7107045.jpg","type":"image\/jpeg"}],"twitter_card":"summary_large_image","twitter_misc":{"Est. reading time":"1 minute"},"schema":{"@context":"https:\/\/schema.org","@graph":[{"@type":"WebPage","@id":"https:\/\/www.omnesbands.international\/miguel-angel-garcia-bosca-2\/","url":"https:\/\/www.omnesbands.international\/miguel-angel-garcia-bosca-2\/","name":"MIGUEL \u00c1NGEL GARC\u00cdA BOSC\u00c1 -","isPartOf":{"@id":"https:\/\/www.omnesbands.international\/#website"},"datePublished":"2023-01-29T15:30:39+00:00","dateModified":"2023-01-29T15:30:41+00:00","breadcrumb":{"@id":"https:\/\/www.omnesbands.international\/miguel-angel-garcia-bosca-2\/#breadcrumb"},"inLanguage":"en-US","potentialAction":[{"@type":"ReadAction","target":["https:\/\/www.omnesbands.international\/miguel-angel-garcia-bosca-2\/"]}]},{"@type":"BreadcrumbList","@id":"https:\/\/www.omnesbands.international\/miguel-angel-garcia-bosca-2\/#breadcrumb","itemListElement":[{"@type":"ListItem","position":1,"name":"Portada","item":"https:\/\/www.omnesbands.international\/"},{"@type":"ListItem","position":2,"name":"MIGUEL \u00c1NGEL GARC\u00cdA BOSC\u00c1"}]},{"@type":"WebSite","@id":"https:\/\/www.omnesbands.international\/#website","url":"https:\/\/www.omnesbands.international\/","name":"OMNESBANDS International","description":"Original Sheet Music by independent authors and composers","publisher":{"@id":"https:\/\/www.omnesbands.international\/#organization"},"potentialAction":[{"@type":"SearchAction","target":{"@type":"EntryPoint","urlTemplate":"https:\/\/www.omnesbands.international\/?s={search_term_string}"},"query-input":{"@type":"PropertyValueSpecification","valueRequired":true,"valueName":"search_term_string"}}],"inLanguage":"en-US"},{"@type":"Organization","@id":"https:\/\/www.omnesbands.international\/#organization","name":"Indra International Consultants","alternateName":"Omnesbands","url":"https:\/\/www.omnesbands.international\/","logo":{"@type":"ImageObject","inLanguage":"en-US","@id":"https:\/\/www.omnesbands.international\/#\/schema\/logo\/image\/","url":"https:\/\/omnesbands.international\/wp-content\/uploads\/2023\/06\/Logo-Nuevo-.png","contentUrl":"https:\/\/omnesbands.international\/wp-content\/uploads\/2023\/06\/Logo-Nuevo-.png","width":394,"height":212,"caption":"Indra Consultores Internacionales"},"image":{"@id":"https:\/\/www.omnesbands.international\/#\/schema\/logo\/image\/"}}]}},"uagb_featured_image_src":{"full":false,"thumbnail":false,"medium":false,"medium_large":false,"large":false,"1536x1536":false,"2048x2048":false,"trp-custom-language-flag":false,"gg_gallery_thumbnail":false,"woocommerce_thumbnail":false,"woocommerce_single":false,"woocommerce_gallery_thumbnail":false},"uagb_author_info":{"display_name":"Melvin R. Portillo A:","author_link":"https:\/\/www.omnesbands.international\/en\/author\/portand\/"},"uagb_comment_info":0,"uagb_excerpt":"MIGUEL \u00c1NGEL GARC\u00cdA BOSC\u00c1 Nace en la Pobla del Duc en 1968, inicia sus estudios musicales en la \u201cUni\u00f3n Musical de la Pobla del Duc\u201d con el maestro Francisco Fayos.Licenciado por el Conservatorio Superior de M\u00fasica \u201cJoaqu\u00edn Rodrigo\u201d de Valencia en la especialidad de trompeta.Para completar su formaci\u00f3n, obtiene el t\u00edtulo de direcci\u00f3n de banda&hellip;","_links":{"self":[{"href":"https:\/\/www.omnesbands.international\/en\/wp-json\/wp\/v2\/pages\/1754","targetHints":{"allow":["GET"]}}],"collection":[{"href":"https:\/\/www.omnesbands.international\/en\/wp-json\/wp\/v2\/pages"}],"about":[{"href":"https:\/\/www.omnesbands.international\/en\/wp-json\/wp\/v2\/types\/page"}],"author":[{"embeddable":true,"href":"https:\/\/www.omnesbands.international\/en\/wp-json\/wp\/v2\/users\/4"}],"replies":[{"embeddable":true,"href":"https:\/\/www.omnesbands.international\/en\/wp-json\/wp\/v2\/comments?post=1754"}],"version-history":[{"count":1,"href":"https:\/\/www.omnesbands.international\/en\/wp-json\/wp\/v2\/pages\/1754\/revisions"}],"predecessor-version":[{"id":1755,"href":"https:\/\/www.omnesbands.international\/en\/wp-json\/wp\/v2\/pages\/1754\/revisions\/1755"}],"wp:attachment":[{"href":"https:\/\/www.omnesbands.international\/en\/wp-json\/wp\/v2\/media?parent=1754"}],"curies":[{"name":"wp","href":"https:\/\/api.w.org\/{rel}","templated":true}]}}