{"id":1758,"date":"2023-01-29T09:38:45","date_gmt":"2023-01-29T15:38:45","guid":{"rendered":"https:\/\/omnesbands.international\/?page_id=1758"},"modified":"2023-01-29T09:38:50","modified_gmt":"2023-01-29T15:38:50","slug":"miguel-angel-mas-2","status":"publish","type":"page","link":"https:\/\/www.omnesbands.international\/en\/miguel-angel-mas-2\/","title":{"rendered":"MIGUEL ANGEL MORE"},"content":{"rendered":"<div class=\"wp-block-uagb-container uagb-block-a8f88a09 alignfull uagb-is-root-container\"><div class=\"uagb-container-inner-blocks-wrap\">\n<div class=\"wp-block-uagb-advanced-heading uagb-block-3f536972\"><h1 class=\"uagb-heading-text\"><strong>MIGUEL ANGEL MORE<\/strong><\/h1><\/div>\n<\/div><\/div>\n\n\n\n<div class=\"wp-block-uagb-container uagb-block-c288a89b alignfull uagb-is-root-container\"><div class=\"uagb-container-inner-blocks-wrap\">\n<div class=\"wp-block-uagb-container uagb-block-fc7f58a9\">\n<p>Born in Ca\u00f1ada (Alicante), he began his studies at the local Music School and at the Oscar Espl\u00e1 conservatory in Alicante. Shortly after he moved to the Villena Professional Conservatory of Music, where he would finish the Middle Grade of saxophone with the teacher: D. Jos\u00e9 Luna Mart\u00ednez. He also completes the Elementary Degree in the specialty of Guitar. Later he obtained a place to take advanced saxophone courses at the Conservatory of Music of Murcia: \"Manuel Massotti Littel\", with Professor D. Antonio Salas P\u00e9rez, where he would finish the advanced degree in the specialty of saxophone with the qualification of Outstanding.<\/p>\n<p>He has attended and organized various musical improvement courses with various prestigious teachers, both in saxophone and in Band direction, pedagogy and other specialties.<\/p>\n<p>In 2003, he obtained the Pedagogical Aptitude Certificate at the University of Alicante. His musical restlessness and his great passion for the Moors and Christians festival have made him contribute his modest grain of sand in the world of Festive Music, composing several pieces for this musical genre that he admires so much. In 2004 he made a compact disc with his own pieces from M\u00fasica Festera.<\/p>\n<p>There are currently six CDs of this musical genre that contain some composition by this musician from Alicante. The result of his enthusiasm and work are the recognitions he has obtained in different competitions: Finalist in the VII \u201cVilla de Benidorm\u201d Competition in 2001. Second prize and 1st prize from the public, in the VIII Callosa d'en Sarri\u00e0 composition competition 2002. 1st prize in the composition contest of the comparsa de Moros Nuevos de Villena 2003. Second prize by popular vote in the XIX Ontinyent Festival Music Competition in 2004 and second prize in the XX Ontinyent Festival Music Competition in 2005.<\/p>\n<p>He has been part of several chamber groups, he also participates in Ensembles and \"Big Bands\", as well as in various band groups in concerts and recordings as a musician or musical advisor.<\/p>\n<p>He was selected to form part of the jury in the III Altea la Vella Festival Music Contest in January 2005. He has been a member of the Municipal Band of Villena and the Uni\u00f3n Musical de Ca\u00f1ada, his hometown.<\/p>\n<p>At present he performs the tasks as a Secondary School teacher. At the same time, he is a saxophone teacher at the Vall d'Albaida Regional School of Music, which includes 11 Valencian towns, and at the L'Alacant\u00ed-Alcoi\u00e0 Regional School, as well as directing the Ibi and Xixona Youth Band.<\/p>\n<\/div>\n<\/div><\/div>\n\n\n<div class=\"woocommerce columns-4\"><\/div>","protected":false},"excerpt":{"rendered":"<p>MIGUEL ANGEL MAS Natural de Ca\u00f1ada (Alicante), comienza sus estudios en la Escuela de M\u00fasica local y en el conservatorio Oscar Espl\u00e1 de Alicante. Poco despu\u00e9s se traslada al Conservatorio Profesional de M\u00fasica de Villena, donde finalizar\u00eda el Grado Medio de saxof\u00f3n con el profesor: D. Jos\u00e9 Luna Mart\u00ednez. Adem\u00e1s completa el Grado Elemental en [&hellip;]<\/p>\n","protected":false},"author":4,"featured_media":0,"parent":0,"menu_order":0,"comment_status":"closed","ping_status":"closed","template":"","meta":{"_acf_changed":false,"_uag_custom_page_level_css":"","site-sidebar-layout":"default","site-content-layout":"","ast-site-content-layout":"default","site-content-style":"default","site-sidebar-style":"default","ast-global-header-display":"","ast-banner-title-visibility":"","ast-main-header-display":"","ast-hfb-above-header-display":"","ast-hfb-below-header-display":"","ast-hfb-mobile-header-display":"","site-post-title":"disabled","ast-breadcrumbs-content":"","ast-featured-img":"","footer-sml-layout":"","ast-disable-related-posts":"","theme-transparent-header-meta":"","adv-header-id-meta":"","stick-header-meta":"","header-above-stick-meta":"","header-main-stick-meta":"","header-below-stick-meta":"","astra-migrate-meta-layouts":"default","ast-page-background-enabled":"default","ast-page-background-meta":{"desktop":{"background-color":"","background-image":"","background-repeat":"repeat","background-position":"center center","background-size":"auto","background-attachment":"scroll","background-type":"","background-media":"","overlay-type":"","overlay-color":"","overlay-opacity":"","overlay-gradient":""},"tablet":{"background-color":"","background-image":"","background-repeat":"repeat","background-position":"center center","background-size":"auto","background-attachment":"scroll","background-type":"","background-media":"","overlay-type":"","overlay-color":"","overlay-opacity":"","overlay-gradient":""},"mobile":{"background-color":"","background-image":"","background-repeat":"repeat","background-position":"center center","background-size":"auto","background-attachment":"scroll","background-type":"","background-media":"","overlay-type":"","overlay-color":"","overlay-opacity":"","overlay-gradient":""}},"ast-content-background-meta":{"desktop":{"background-color":"var(--ast-global-color-5)","background-image":"","background-repeat":"repeat","background-position":"center center","background-size":"auto","background-attachment":"scroll","background-type":"","background-media":"","overlay-type":"","overlay-color":"","overlay-opacity":"","overlay-gradient":""},"tablet":{"background-color":"var(--ast-global-color-5)","background-image":"","background-repeat":"repeat","background-position":"center center","background-size":"auto","background-attachment":"scroll","background-type":"","background-media":"","overlay-type":"","overlay-color":"","overlay-opacity":"","overlay-gradient":""},"mobile":{"background-color":"var(--ast-global-color-5)","background-image":"","background-repeat":"repeat","background-position":"center center","background-size":"auto","background-attachment":"scroll","background-type":"","background-media":"","overlay-type":"","overlay-color":"","overlay-opacity":"","overlay-gradient":""}},"footnotes":""},"class_list":["post-1758","page","type-page","status-publish","hentry"],"acf":[],"yoast_head":"<!-- This site is optimized with the Yoast SEO Premium plugin v22.4 (Yoast SEO v27.4) - https:\/\/yoast.com\/product\/yoast-seo-premium-wordpress\/ -->\n<title>MIGUEL ANGEL MAS -<\/title>\n<meta name=\"robots\" content=\"index, follow, max-snippet:-1, max-image-preview:large, max-video-preview:-1\" \/>\n<link rel=\"canonical\" href=\"https:\/\/www.omnesbands.international\/en\/miguel-angel-mas-2\/\" \/>\n<meta property=\"og:locale\" content=\"en_US\" \/>\n<meta property=\"og:type\" content=\"article\" \/>\n<meta property=\"og:title\" content=\"MIGUEL ANGEL MAS\" \/>\n<meta property=\"og:description\" content=\"MIGUEL ANGEL MAS Natural de Ca\u00f1ada (Alicante), comienza sus estudios en la Escuela de M\u00fasica local y en el conservatorio Oscar Espl\u00e1 de Alicante. Poco despu\u00e9s se traslada al Conservatorio Profesional de M\u00fasica de Villena, donde finalizar\u00eda el Grado Medio de saxof\u00f3n con el profesor: D. Jos\u00e9 Luna Mart\u00ednez. Adem\u00e1s completa el Grado Elemental en [&hellip;]\" \/>\n<meta property=\"og:url\" content=\"https:\/\/www.omnesbands.international\/en\/miguel-angel-mas-2\/\" \/>\n<meta property=\"article:modified_time\" content=\"2023-01-29T15:38:50+00:00\" \/>\n<meta property=\"og:image\" content=\"https:\/\/www.omnesbands.international\/wp-content\/uploads\/2023\/01\/music-sheet-music-snowdrop-7107045.jpg\" \/>\n\t<meta property=\"og:image:width\" content=\"1280\" \/>\n\t<meta property=\"og:image:height\" content=\"742\" \/>\n\t<meta property=\"og:image:type\" content=\"image\/jpeg\" \/>\n<meta name=\"twitter:card\" content=\"summary_large_image\" \/>\n<meta name=\"twitter:label1\" content=\"Est. reading time\" \/>\n\t<meta name=\"twitter:data1\" content=\"2 minutes\" \/>\n<script type=\"application\/ld+json\" class=\"yoast-schema-graph\">{\"@context\":\"https:\\\/\\\/schema.org\",\"@graph\":[{\"@type\":\"WebPage\",\"@id\":\"https:\\\/\\\/www.omnesbands.international\\\/miguel-angel-mas-2\\\/\",\"url\":\"https:\\\/\\\/www.omnesbands.international\\\/miguel-angel-mas-2\\\/\",\"name\":\"MIGUEL ANGEL MAS -\",\"isPartOf\":{\"@id\":\"https:\\\/\\\/www.omnesbands.international\\\/#website\"},\"datePublished\":\"2023-01-29T15:38:45+00:00\",\"dateModified\":\"2023-01-29T15:38:50+00:00\",\"breadcrumb\":{\"@id\":\"https:\\\/\\\/www.omnesbands.international\\\/miguel-angel-mas-2\\\/#breadcrumb\"},\"inLanguage\":\"en-US\",\"potentialAction\":[{\"@type\":\"ReadAction\",\"target\":[\"https:\\\/\\\/www.omnesbands.international\\\/miguel-angel-mas-2\\\/\"]}]},{\"@type\":\"BreadcrumbList\",\"@id\":\"https:\\\/\\\/www.omnesbands.international\\\/miguel-angel-mas-2\\\/#breadcrumb\",\"itemListElement\":[{\"@type\":\"ListItem\",\"position\":1,\"name\":\"Portada\",\"item\":\"https:\\\/\\\/www.omnesbands.international\\\/\"},{\"@type\":\"ListItem\",\"position\":2,\"name\":\"MIGUEL ANGEL MAS\"}]},{\"@type\":\"WebSite\",\"@id\":\"https:\\\/\\\/www.omnesbands.international\\\/#website\",\"url\":\"https:\\\/\\\/www.omnesbands.international\\\/\",\"name\":\"OMNESBANDS International\",\"description\":\"Partituras Originales de autores y compositores independientes\",\"publisher\":{\"@id\":\"https:\\\/\\\/www.omnesbands.international\\\/#organization\"},\"potentialAction\":[{\"@type\":\"SearchAction\",\"target\":{\"@type\":\"EntryPoint\",\"urlTemplate\":\"https:\\\/\\\/www.omnesbands.international\\\/?s={search_term_string}\"},\"query-input\":{\"@type\":\"PropertyValueSpecification\",\"valueRequired\":true,\"valueName\":\"search_term_string\"}}],\"inLanguage\":\"en-US\"},{\"@type\":\"Organization\",\"@id\":\"https:\\\/\\\/www.omnesbands.international\\\/#organization\",\"name\":\"Indra Consultores Internacionales\",\"alternateName\":\"Omnesbands\",\"url\":\"https:\\\/\\\/www.omnesbands.international\\\/\",\"logo\":{\"@type\":\"ImageObject\",\"inLanguage\":\"en-US\",\"@id\":\"https:\\\/\\\/www.omnesbands.international\\\/#\\\/schema\\\/logo\\\/image\\\/\",\"url\":\"https:\\\/\\\/omnesbands.international\\\/wp-content\\\/uploads\\\/2023\\\/06\\\/Logo-Nuevo-.png\",\"contentUrl\":\"https:\\\/\\\/omnesbands.international\\\/wp-content\\\/uploads\\\/2023\\\/06\\\/Logo-Nuevo-.png\",\"width\":394,\"height\":212,\"caption\":\"Indra Consultores Internacionales\"},\"image\":{\"@id\":\"https:\\\/\\\/www.omnesbands.international\\\/#\\\/schema\\\/logo\\\/image\\\/\"}}]}<\/script>\n<!-- \/ Yoast SEO Premium plugin. -->","yoast_head_json":{"title":"MIGUEL ANGEL MAS -","robots":{"index":"index","follow":"follow","max-snippet":"max-snippet:-1","max-image-preview":"max-image-preview:large","max-video-preview":"max-video-preview:-1"},"canonical":"https:\/\/www.omnesbands.international\/en\/miguel-angel-mas-2\/","og_locale":"en_US","og_type":"article","og_title":"MIGUEL ANGEL MAS","og_description":"MIGUEL ANGEL MAS Natural de Ca\u00f1ada (Alicante), comienza sus estudios en la Escuela de M\u00fasica local y en el conservatorio Oscar Espl\u00e1 de Alicante. Poco despu\u00e9s se traslada al Conservatorio Profesional de M\u00fasica de Villena, donde finalizar\u00eda el Grado Medio de saxof\u00f3n con el profesor: D. Jos\u00e9 Luna Mart\u00ednez. Adem\u00e1s completa el Grado Elemental en [&hellip;]","og_url":"https:\/\/www.omnesbands.international\/en\/miguel-angel-mas-2\/","article_modified_time":"2023-01-29T15:38:50+00:00","og_image":[{"width":1280,"height":742,"url":"https:\/\/www.omnesbands.international\/wp-content\/uploads\/2023\/01\/music-sheet-music-snowdrop-7107045.jpg","type":"image\/jpeg"}],"twitter_card":"summary_large_image","twitter_misc":{"Est. reading time":"2 minutes"},"schema":{"@context":"https:\/\/schema.org","@graph":[{"@type":"WebPage","@id":"https:\/\/www.omnesbands.international\/miguel-angel-mas-2\/","url":"https:\/\/www.omnesbands.international\/miguel-angel-mas-2\/","name":"MIGUEL ANGEL MAS -","isPartOf":{"@id":"https:\/\/www.omnesbands.international\/#website"},"datePublished":"2023-01-29T15:38:45+00:00","dateModified":"2023-01-29T15:38:50+00:00","breadcrumb":{"@id":"https:\/\/www.omnesbands.international\/miguel-angel-mas-2\/#breadcrumb"},"inLanguage":"en-US","potentialAction":[{"@type":"ReadAction","target":["https:\/\/www.omnesbands.international\/miguel-angel-mas-2\/"]}]},{"@type":"BreadcrumbList","@id":"https:\/\/www.omnesbands.international\/miguel-angel-mas-2\/#breadcrumb","itemListElement":[{"@type":"ListItem","position":1,"name":"Portada","item":"https:\/\/www.omnesbands.international\/"},{"@type":"ListItem","position":2,"name":"MIGUEL ANGEL MAS"}]},{"@type":"WebSite","@id":"https:\/\/www.omnesbands.international\/#website","url":"https:\/\/www.omnesbands.international\/","name":"OMNESBANDS International","description":"Original Sheet Music by independent authors and composers","publisher":{"@id":"https:\/\/www.omnesbands.international\/#organization"},"potentialAction":[{"@type":"SearchAction","target":{"@type":"EntryPoint","urlTemplate":"https:\/\/www.omnesbands.international\/?s={search_term_string}"},"query-input":{"@type":"PropertyValueSpecification","valueRequired":true,"valueName":"search_term_string"}}],"inLanguage":"en-US"},{"@type":"Organization","@id":"https:\/\/www.omnesbands.international\/#organization","name":"Indra International Consultants","alternateName":"Omnesbands","url":"https:\/\/www.omnesbands.international\/","logo":{"@type":"ImageObject","inLanguage":"en-US","@id":"https:\/\/www.omnesbands.international\/#\/schema\/logo\/image\/","url":"https:\/\/omnesbands.international\/wp-content\/uploads\/2023\/06\/Logo-Nuevo-.png","contentUrl":"https:\/\/omnesbands.international\/wp-content\/uploads\/2023\/06\/Logo-Nuevo-.png","width":394,"height":212,"caption":"Indra Consultores Internacionales"},"image":{"@id":"https:\/\/www.omnesbands.international\/#\/schema\/logo\/image\/"}}]}},"uagb_featured_image_src":{"full":false,"thumbnail":false,"medium":false,"medium_large":false,"large":false,"1536x1536":false,"2048x2048":false,"trp-custom-language-flag":false,"gg_gallery_thumbnail":false,"woocommerce_thumbnail":false,"woocommerce_single":false,"woocommerce_gallery_thumbnail":false},"uagb_author_info":{"display_name":"Melvin R. Portillo A:","author_link":"https:\/\/www.omnesbands.international\/en\/author\/portand\/"},"uagb_comment_info":0,"uagb_excerpt":"MIGUEL ANGEL MAS Natural de Ca\u00f1ada (Alicante), comienza sus estudios en la Escuela de M\u00fasica local y en el conservatorio Oscar Espl\u00e1 de Alicante. Poco despu\u00e9s se traslada al Conservatorio Profesional de M\u00fasica de Villena, donde finalizar\u00eda el Grado Medio de saxof\u00f3n con el profesor: D. Jos\u00e9 Luna Mart\u00ednez. Adem\u00e1s completa el Grado Elemental en&hellip;","_links":{"self":[{"href":"https:\/\/www.omnesbands.international\/en\/wp-json\/wp\/v2\/pages\/1758","targetHints":{"allow":["GET"]}}],"collection":[{"href":"https:\/\/www.omnesbands.international\/en\/wp-json\/wp\/v2\/pages"}],"about":[{"href":"https:\/\/www.omnesbands.international\/en\/wp-json\/wp\/v2\/types\/page"}],"author":[{"embeddable":true,"href":"https:\/\/www.omnesbands.international\/en\/wp-json\/wp\/v2\/users\/4"}],"replies":[{"embeddable":true,"href":"https:\/\/www.omnesbands.international\/en\/wp-json\/wp\/v2\/comments?post=1758"}],"version-history":[{"count":1,"href":"https:\/\/www.omnesbands.international\/en\/wp-json\/wp\/v2\/pages\/1758\/revisions"}],"predecessor-version":[{"id":1759,"href":"https:\/\/www.omnesbands.international\/en\/wp-json\/wp\/v2\/pages\/1758\/revisions\/1759"}],"wp:attachment":[{"href":"https:\/\/www.omnesbands.international\/en\/wp-json\/wp\/v2\/media?parent=1758"}],"curies":[{"name":"wp","href":"https:\/\/api.w.org\/{rel}","templated":true}]}}